











{"id":118330,"date":"2026-02-12T10:09:25","date_gmt":"2026-02-12T10:09:25","guid":{"rendered":"https:\/\/ses-creative.com\/?post_type=product&#038;p=118330"},"modified":"2026-02-12T10:22:58","modified_gmt":"2026-02-12T10:22:58","slug":"my-first-ou-est-ce-que-jhabite-collage-danimaux","status":"publish","type":"product","link":"https:\/\/ses-creative.com\/fr\/produit\/my-first-ou-est-ce-que-jhabite-collage-danimaux\/","title":{"rendered":"My first &#8211; O\u00f9 est-ce que j&rsquo;habite? Collage d&rsquo;animaux"},"content":{"rendered":"<p>D\u00e9couvrez o\u00f9 vivent les animaux et apprenez en jouant !<br \/>\nO\u00f9 vit un ours ? Ou une vache ? Avec le set My First &#8211; O\u00f9 est-ce que je vis ? Coller des animaux de SES Creative, les jeunes enfants d\u00e9couvrent de mani\u00e8re ludique o\u00f9 vivent diff\u00e9rents animaux. Chaque carte montre un habitat diff\u00e9rent des animaux. Trouvez les animaux qui correspondent au bon environnement et collez-les sur la carte. Ce set est sp\u00e9cialement con\u00e7u pour les enfants \u00e0 partir de 1 an et offre une mani\u00e8re amusante et \u00e9ducative d&rsquo;apprendre \u00e0 conna\u00eetre les animaux et leur habitat.<br \/>\nCe qui rend ce kit g\u00e9nial<br \/>\n&#8211;    Une activit\u00e9 amusante pour les jeunes enfants qui leur permet de d\u00e9couvrir les animaux et leur habitat<br \/>\n&#8211;    Stimule la curiosit\u00e9 pour la d\u00e9couverte des animaux<br \/>\n&#8211;    Stimule la motricit\u00e9 en collant les animaux au bon endroit<br \/>\n&#8211;    Parfait pour des moments de jeu \u00e9ducatifs avec votre enfant<br \/>\n&#8211;    Convient aux enfants \u00e0 partir de 1 an, ne contient pas de petites pi\u00e8ces<br \/>\nApprendre et jouer avec les animaux et leur habitat<br \/>\nAvec ce set, les enfants peuvent apprendre de mani\u00e8re ludique o\u00f9 vivent diff\u00e9rents animaux. Le set comporte des illustrations joyeuses et color\u00e9es qui aident les enfants \u00e0 reconna\u00eetre les animaux et \u00e0 trouver leur habitat. Les animaux peuvent \u00eatre coll\u00e9s au bon endroit \u00e0 l&rsquo;aide de la colle fournie. Le collage stimule \u00e9galement le d\u00e9veloppement de la motricit\u00e9. La colle est adapt\u00e9e aux enfants et s\u00fbre \u00e0 utiliser.<br \/>\nContenu du kit<br \/>\n&#8211;    6 cartes avec des animaux et leurs habitats<br \/>\n&#8211;    18 figurines d&rsquo;animaux<br \/>\n&#8211;    Colle pour les doigts<br \/>\nPourquoi choisir SES Creative ?<br \/>\nChez SES Creative, nous accordons une grande importance \u00e0 la s\u00e9curit\u00e9. C&rsquo;est pourquoi nos produits sont fabriqu\u00e9s et test\u00e9s dans notre usine aux Pays-Bas, conform\u00e9ment aux normes de s\u00e9curit\u00e9 europ\u00e9ennes les plus strictes. Les jouets SES Creative sont source de plaisir et permettent aux enfants d&rsquo;\u00eatre fiers de leur travail, ce qui stimule leur cr\u00e9ativit\u00e9 et leur d\u00e9veloppement.<br \/>\nPartez d\u00e8s aujourd&rsquo;hui \u00e0 l&rsquo;aventure avec les animaux !<br \/>\nAvec le kit My First &#8211; O\u00f9 est-ce que j&rsquo;habite ? Animaux \u00e0 coller, les enfants peuvent d\u00e9couvrir de mani\u00e8re ludique et instructive o\u00f9 vivent diff\u00e9rents animaux. Que l&rsquo;aventure commence !<\/p>\n","protected":false},"excerpt":{"rendered":"<p>D\u00e9couvrez o\u00f9 vivent les animaux et apprenez en jouant ! O\u00f9 vit un ours ? Ou une vache ? Avec le set My First &#8211; O\u00f9 est-ce que je vis ? Coller des animaux de SES Creative, les jeunes enfants d\u00e9couvrent de mani\u00e8re ludique o\u00f9 vivent diff\u00e9rents animaux. Chaque carte montre un habitat diff\u00e9rent des [&hellip;]<\/p>\n","protected":false},"featured_media":102776,"comment_status":"closed","ping_status":"closed","template":"","meta":{"_acf_changed":false},"product_brand":[],"product_cat":[123],"product_tag":[],"class_list":{"0":"post-118330","1":"product","2":"type-product","3":"status-publish","4":"has-post-thumbnail","6":"product_cat-bebe-tout-petit","7":"pa_leeftijd-filter-0-2-ans","8":"pa_meest-populair-bij-garcons-filles","10":"first","11":"instock","12":"shipping-taxable","13":"product-type-simple"},"acf":[],"yoast_head":"<!-- This site is optimized with the Yoast SEO plugin v27.2 - https:\/\/yoast.com\/product\/yoast-seo-wordpress\/ -->\n<title>My first - O\u00f9 est-ce que j&#039;habite? Collage d&#039;animaux - SES Creative<\/title>\n<meta name=\"robots\" content=\"index, follow, max-snippet:-1, max-image-preview:large, max-video-preview:-1\" \/>\n<link rel=\"canonical\" href=\"https:\/\/ses-creative.com\/fr\/produit\/my-first-ou-est-ce-que-jhabite-collage-danimaux\/\" \/>\n<meta property=\"og:locale\" content=\"fr_FR\" \/>\n<meta property=\"og:type\" content=\"article\" \/>\n<meta property=\"og:title\" content=\"My first - O\u00f9 est-ce que j&#039;habite? Collage d&#039;animaux - SES Creative\" \/>\n<meta property=\"og:description\" content=\"D\u00e9couvrez o\u00f9 vivent les animaux et apprenez en jouant ! O\u00f9 vit un ours ? Ou une vache ? Avec le set My First &#8211; O\u00f9 est-ce que je vis ? Coller des animaux de SES Creative, les jeunes enfants d\u00e9couvrent de mani\u00e8re ludique o\u00f9 vivent diff\u00e9rents animaux. Chaque carte montre un habitat diff\u00e9rent des [&hellip;]\" \/>\n<meta property=\"og:url\" content=\"https:\/\/ses-creative.com\/fr\/produit\/my-first-ou-est-ce-que-jhabite-collage-danimaux\/\" \/>\n<meta property=\"og:site_name\" content=\"SES Creative\" \/>\n<meta property=\"article:modified_time\" content=\"2026-02-12T10:22:58+00:00\" \/>\n<meta name=\"twitter:card\" content=\"summary_large_image\" \/>\n<meta name=\"twitter:label1\" content=\"Dur\u00e9e de lecture estim\u00e9e\" \/>\n\t<meta name=\"twitter:data1\" content=\"2 minutes\" \/>\n<script type=\"application\/ld+json\" class=\"yoast-schema-graph\">{\"@context\":\"https:\/\/schema.org\",\"@graph\":[{\"@type\":\"WebPage\",\"@id\":\"https:\/\/ses-creative.com\/fr\/produit\/my-first-ou-est-ce-que-jhabite-collage-danimaux\/\",\"url\":\"https:\/\/ses-creative.com\/fr\/produit\/my-first-ou-est-ce-que-jhabite-collage-danimaux\/\",\"name\":\"My first - O\u00f9 est-ce que j'habite? Collage d'animaux - SES Creative\",\"isPartOf\":{\"@id\":\"https:\/\/ses-creative.com\/#website\"},\"primaryImageOfPage\":{\"@id\":\"https:\/\/ses-creative.com\/fr\/produit\/my-first-ou-est-ce-que-jhabite-collage-danimaux\/#primaryimage\"},\"image\":{\"@id\":\"https:\/\/ses-creative.com\/fr\/produit\/my-first-ou-est-ce-que-jhabite-collage-danimaux\/#primaryimage\"},\"thumbnailUrl\":\"https:\/\/ses-creative.com\/wp-content\/uploads\/2026\/01\/144011.jpg\",\"datePublished\":\"2026-02-12T10:09:25+00:00\",\"dateModified\":\"2026-02-12T10:22:58+00:00\",\"breadcrumb\":{\"@id\":\"https:\/\/ses-creative.com\/fr\/produit\/my-first-ou-est-ce-que-jhabite-collage-danimaux\/#breadcrumb\"},\"inLanguage\":\"fr-FR\",\"potentialAction\":[{\"@type\":\"ReadAction\",\"target\":[\"https:\/\/ses-creative.com\/fr\/produit\/my-first-ou-est-ce-que-jhabite-collage-danimaux\/\"]}]},{\"@type\":\"ImageObject\",\"inLanguage\":\"fr-FR\",\"@id\":\"https:\/\/ses-creative.com\/fr\/produit\/my-first-ou-est-ce-que-jhabite-collage-danimaux\/#primaryimage\",\"url\":\"https:\/\/ses-creative.com\/wp-content\/uploads\/2026\/01\/144011.jpg\",\"contentUrl\":\"https:\/\/ses-creative.com\/wp-content\/uploads\/2026\/01\/144011.jpg\",\"width\":1000,\"height\":1000},{\"@type\":\"BreadcrumbList\",\"@id\":\"https:\/\/ses-creative.com\/fr\/produit\/my-first-ou-est-ce-que-jhabite-collage-danimaux\/#breadcrumb\",\"itemListElement\":[{\"@type\":\"ListItem\",\"position\":1,\"name\":\"Boutique\",\"item\":\"https:\/\/ses-creative.com\/fr\/boutique\/\"},{\"@type\":\"ListItem\",\"position\":2,\"name\":\"B\u00e9b\u00e9 &amp; Tout-petit\",\"item\":\"https:\/\/ses-creative.com\/fr\/product-categorie\/bebe-tout-petit\/\"},{\"@type\":\"ListItem\",\"position\":3,\"name\":\"My first &#8211; O\u00f9 est-ce que j&#8217;habite? Collage d&#8217;animaux\"}]},{\"@type\":\"WebSite\",\"@id\":\"https:\/\/ses-creative.com\/#website\",\"url\":\"https:\/\/ses-creative.com\/\",\"name\":\"SES Creative\",\"description\":\"\",\"publisher\":{\"@id\":\"https:\/\/ses-creative.com\/#organization\"},\"potentialAction\":[{\"@type\":\"SearchAction\",\"target\":{\"@type\":\"EntryPoint\",\"urlTemplate\":\"https:\/\/ses-creative.com\/?s={search_term_string}\"},\"query-input\":{\"@type\":\"PropertyValueSpecification\",\"valueRequired\":true,\"valueName\":\"search_term_string\"}}],\"inLanguage\":\"fr-FR\"},{\"@type\":\"Organization\",\"@id\":\"https:\/\/ses-creative.com\/#organization\",\"name\":\"SES Creative\",\"url\":\"https:\/\/ses-creative.com\/\",\"logo\":{\"@type\":\"ImageObject\",\"inLanguage\":\"fr-FR\",\"@id\":\"https:\/\/ses-creative.com\/#\/schema\/logo\/image\/\",\"url\":\"https:\/\/ses-creative.com\/wp-content\/uploads\/2025\/10\/ses-creative-logo.jpg\",\"contentUrl\":\"https:\/\/ses-creative.com\/wp-content\/uploads\/2025\/10\/ses-creative-logo.jpg\",\"width\":2037,\"height\":2037,\"caption\":\"SES Creative\"},\"image\":{\"@id\":\"https:\/\/ses-creative.com\/#\/schema\/logo\/image\/\"}}]}<\/script>\n<!-- \/ Yoast SEO plugin. -->","yoast_head_json":{"title":"My first - O\u00f9 est-ce que j'habite? Collage d'animaux - SES Creative","robots":{"index":"index","follow":"follow","max-snippet":"max-snippet:-1","max-image-preview":"max-image-preview:large","max-video-preview":"max-video-preview:-1"},"canonical":"https:\/\/ses-creative.com\/fr\/produit\/my-first-ou-est-ce-que-jhabite-collage-danimaux\/","og_locale":"fr_FR","og_type":"article","og_title":"My first - O\u00f9 est-ce que j'habite? Collage d'animaux - SES Creative","og_description":"D\u00e9couvrez o\u00f9 vivent les animaux et apprenez en jouant ! O\u00f9 vit un ours ? Ou une vache ? Avec le set My First &#8211; O\u00f9 est-ce que je vis ? Coller des animaux de SES Creative, les jeunes enfants d\u00e9couvrent de mani\u00e8re ludique o\u00f9 vivent diff\u00e9rents animaux. Chaque carte montre un habitat diff\u00e9rent des [&hellip;]","og_url":"https:\/\/ses-creative.com\/fr\/produit\/my-first-ou-est-ce-que-jhabite-collage-danimaux\/","og_site_name":"SES Creative","article_modified_time":"2026-02-12T10:22:58+00:00","twitter_card":"summary_large_image","twitter_misc":{"Dur\u00e9e de lecture estim\u00e9e":"2 minutes"},"schema":{"@context":"https:\/\/schema.org","@graph":[{"@type":"WebPage","@id":"https:\/\/ses-creative.com\/fr\/produit\/my-first-ou-est-ce-que-jhabite-collage-danimaux\/","url":"https:\/\/ses-creative.com\/fr\/produit\/my-first-ou-est-ce-que-jhabite-collage-danimaux\/","name":"My first - O\u00f9 est-ce que j'habite? Collage d'animaux - SES Creative","isPartOf":{"@id":"https:\/\/ses-creative.com\/#website"},"primaryImageOfPage":{"@id":"https:\/\/ses-creative.com\/fr\/produit\/my-first-ou-est-ce-que-jhabite-collage-danimaux\/#primaryimage"},"image":{"@id":"https:\/\/ses-creative.com\/fr\/produit\/my-first-ou-est-ce-que-jhabite-collage-danimaux\/#primaryimage"},"thumbnailUrl":"https:\/\/ses-creative.com\/wp-content\/uploads\/2026\/01\/144011.jpg","datePublished":"2026-02-12T10:09:25+00:00","dateModified":"2026-02-12T10:22:58+00:00","breadcrumb":{"@id":"https:\/\/ses-creative.com\/fr\/produit\/my-first-ou-est-ce-que-jhabite-collage-danimaux\/#breadcrumb"},"inLanguage":"fr-FR","potentialAction":[{"@type":"ReadAction","target":["https:\/\/ses-creative.com\/fr\/produit\/my-first-ou-est-ce-que-jhabite-collage-danimaux\/"]}]},{"@type":"ImageObject","inLanguage":"fr-FR","@id":"https:\/\/ses-creative.com\/fr\/produit\/my-first-ou-est-ce-que-jhabite-collage-danimaux\/#primaryimage","url":"https:\/\/ses-creative.com\/wp-content\/uploads\/2026\/01\/144011.jpg","contentUrl":"https:\/\/ses-creative.com\/wp-content\/uploads\/2026\/01\/144011.jpg","width":1000,"height":1000},{"@type":"BreadcrumbList","@id":"https:\/\/ses-creative.com\/fr\/produit\/my-first-ou-est-ce-que-jhabite-collage-danimaux\/#breadcrumb","itemListElement":[{"@type":"ListItem","position":1,"name":"Boutique","item":"https:\/\/ses-creative.com\/fr\/boutique\/"},{"@type":"ListItem","position":2,"name":"B\u00e9b\u00e9 &amp; Tout-petit","item":"https:\/\/ses-creative.com\/fr\/product-categorie\/bebe-tout-petit\/"},{"@type":"ListItem","position":3,"name":"My first &#8211; O\u00f9 est-ce que j&#8217;habite? Collage d&#8217;animaux"}]},{"@type":"WebSite","@id":"https:\/\/ses-creative.com\/#website","url":"https:\/\/ses-creative.com\/","name":"SES Creative","description":"","publisher":{"@id":"https:\/\/ses-creative.com\/#organization"},"potentialAction":[{"@type":"SearchAction","target":{"@type":"EntryPoint","urlTemplate":"https:\/\/ses-creative.com\/?s={search_term_string}"},"query-input":{"@type":"PropertyValueSpecification","valueRequired":true,"valueName":"search_term_string"}}],"inLanguage":"fr-FR"},{"@type":"Organization","@id":"https:\/\/ses-creative.com\/#organization","name":"SES Creative","url":"https:\/\/ses-creative.com\/","logo":{"@type":"ImageObject","inLanguage":"fr-FR","@id":"https:\/\/ses-creative.com\/#\/schema\/logo\/image\/","url":"https:\/\/ses-creative.com\/wp-content\/uploads\/2025\/10\/ses-creative-logo.jpg","contentUrl":"https:\/\/ses-creative.com\/wp-content\/uploads\/2025\/10\/ses-creative-logo.jpg","width":2037,"height":2037,"caption":"SES Creative"},"image":{"@id":"https:\/\/ses-creative.com\/#\/schema\/logo\/image\/"}}]}},"_links":{"self":[{"href":"https:\/\/ses-creative.com\/fr\/wp-json\/wp\/v2\/product\/118330","targetHints":{"allow":["GET"]}}],"collection":[{"href":"https:\/\/ses-creative.com\/fr\/wp-json\/wp\/v2\/product"}],"about":[{"href":"https:\/\/ses-creative.com\/fr\/wp-json\/wp\/v2\/types\/product"}],"replies":[{"embeddable":true,"href":"https:\/\/ses-creative.com\/fr\/wp-json\/wp\/v2\/comments?post=118330"}],"wp:featuredmedia":[{"embeddable":true,"href":"https:\/\/ses-creative.com\/fr\/wp-json\/wp\/v2\/media\/102776"}],"wp:attachment":[{"href":"https:\/\/ses-creative.com\/fr\/wp-json\/wp\/v2\/media?parent=118330"}],"wp:term":[{"taxonomy":"product_brand","embeddable":true,"href":"https:\/\/ses-creative.com\/fr\/wp-json\/wp\/v2\/product_brand?post=118330"},{"taxonomy":"product_cat","embeddable":true,"href":"https:\/\/ses-creative.com\/fr\/wp-json\/wp\/v2\/product_cat?post=118330"},{"taxonomy":"product_tag","embeddable":true,"href":"https:\/\/ses-creative.com\/fr\/wp-json\/wp\/v2\/product_tag?post=118330"}],"curies":[{"name":"wp","href":"https:\/\/api.w.org\/{rel}","templated":true}]}}