











{"id":118329,"date":"2026-02-12T10:09:25","date_gmt":"2026-02-12T10:09:25","guid":{"rendered":"https:\/\/ses-creative.com\/?post_type=product&#038;p=118329"},"modified":"2026-02-12T10:22:58","modified_gmt":"2026-02-12T10:22:58","slug":"blow-airbrush-pens-animaux-de-safari-6x","status":"publish","type":"product","link":"https:\/\/ses-creative.com\/fr\/produit\/blow-airbrush-pens-animaux-de-safari-6x\/","title":{"rendered":"Blow airbrush pens &#8211; Animaux de safari 6x"},"content":{"rendered":"<p>Blow Airbrush Pens \u2013 Animaux de la savane : donnez vie \u00e0 votre imagination d\u00e9brid\u00e9e !<\/p>\n<p>Partez \u00e0 l&rsquo;aventure avec les stylos a\u00e9rographe Blow &#8211; Animaux de safari de SES Creative ! Avec ce kit joyeux, vous pouvez donner un relooking unique \u00e0 six animaux de safari. Utilisez les stylos feutres a\u00e9rographe sp\u00e9ciaux pour souffler et cr\u00e9er des motifs color\u00e9s sur des z\u00e8bres, des tigres, des singes et bien d&rsquo;autres animaux. Parfait pour les enfants \u00e0 partir de 5 ans qui aiment les animaux et les activit\u00e9s cr\u00e9atives.<\/p>\n<p>Ce qui rend ce set g\u00e9nial<\/p>\n<p>6 figurines safari r\u00e9utilisables : z\u00e8bre, girafe, panth\u00e8re, singe, tigre et cerf<br \/>\n6 feutres a\u00e9rographes \u00e0 souffler aux couleurs vives<br \/>\nUtilisez le marqueur noir pour dessiner les d\u00e9tails tels que les yeux et les motifs<br \/>\nFigurines lavables : rincez-les et recommencez<br \/>\nStimule le sens des couleurs, la motricit\u00e9 fine et le jeu imaginatif<\/p>\n<p>Soufflez et coloriez vos propres animaux de safari<\/p>\n<p>Que vous choisissiez une girafe \u00e0 pois violets ou une panth\u00e8re aux taches arc-en-ciel, tout est permis ! En soufflant sur les feutres, vous obtenez un effet a\u00e9rographe qui permet aux enfants de laisser libre cours \u00e0 leur imagination. Le r\u00e9sultat ne vous satisfait pas ? Rincez et recommencez !<\/p>\n<p>Contenu du set<\/p>\n<p>6 animaux de safari r\u00e9utilisables : z\u00e8bre, girafe, panth\u00e8re, singe, tigre et cerf<br \/>\n6 marqueurs a\u00e9rographes \u00e0 souffler de diff\u00e9rentes couleurs<br \/>\n1 marqueur noir pour les d\u00e9tails suppl\u00e9mentaires<\/p>\n<p>Pourquoi choisir SES Creative ?<\/p>\n<p>Chez SES Creative, nous accordons une grande importance \u00e0 la s\u00e9curit\u00e9. C&rsquo;est pourquoi nos produits sont fabriqu\u00e9s et test\u00e9s dans notre usine aux Pays-Bas, conform\u00e9ment aux normes de s\u00e9curit\u00e9 europ\u00e9ennes les plus strictes. Les jouets SES Creative sont source de plaisir et permettent aux enfants d&rsquo;\u00eatre fiers de leur travail, ce qui stimule leur cr\u00e9ativit\u00e9 et leur d\u00e9veloppement.<\/p>\n<p>Commencez d\u00e8s aujourd&rsquo;hui votre aventure safari<\/p>\n<p>Enclenchez le marqueur dans son support, soufflez et regardez votre animal de safari se transformer en une \u0153uvre d&rsquo;art color\u00e9e. Avec les stylos a\u00e9rographes Blow \u2013 Animaux de safari, le bricolage devient une aventure sauvage qui ne lasse jamais !<\/p>\n","protected":false},"excerpt":{"rendered":"<p>Blow Airbrush Pens \u2013 Animaux de la savane : donnez vie \u00e0 votre imagination d\u00e9brid\u00e9e ! Partez \u00e0 l&rsquo;aventure avec les stylos a\u00e9rographe Blow &#8211; Animaux de safari de SES Creative ! Avec ce kit joyeux, vous pouvez donner un relooking unique \u00e0 six animaux de safari. Utilisez les stylos feutres a\u00e9rographe sp\u00e9ciaux pour souffler [&hellip;]<\/p>\n","protected":false},"featured_media":102756,"comment_status":"closed","ping_status":"closed","template":"","meta":{"_acf_changed":false},"product_brand":[],"product_cat":[122],"product_tag":[],"class_list":{"0":"post-118329","1":"product","2":"type-product","3":"status-publish","4":"has-post-thumbnail","6":"product_cat-loisirs-creatifs","7":"pa_collecties-blow-airbrush-pens","8":"pa_leeftijd-filter-4-6-ans","9":"pa_meest-populair-bij-filles","11":"first","12":"instock","13":"shipping-taxable","14":"product-type-simple"},"acf":[],"yoast_head":"<!-- This site is optimized with the Yoast SEO plugin v27.2 - https:\/\/yoast.com\/product\/yoast-seo-wordpress\/ -->\n<title>Blow airbrush pens - Animaux de safari 6x - SES Creative<\/title>\n<meta name=\"robots\" content=\"index, follow, max-snippet:-1, max-image-preview:large, max-video-preview:-1\" \/>\n<link rel=\"canonical\" href=\"https:\/\/ses-creative.com\/fr\/produit\/blow-airbrush-pens-animaux-de-safari-6x\/\" \/>\n<meta property=\"og:locale\" content=\"fr_FR\" \/>\n<meta property=\"og:type\" content=\"article\" \/>\n<meta property=\"og:title\" content=\"Blow airbrush pens - Animaux de safari 6x - SES Creative\" \/>\n<meta property=\"og:description\" content=\"Blow Airbrush Pens \u2013 Animaux de la savane : donnez vie \u00e0 votre imagination d\u00e9brid\u00e9e ! Partez \u00e0 l&rsquo;aventure avec les stylos a\u00e9rographe Blow &#8211; Animaux de safari de SES Creative ! Avec ce kit joyeux, vous pouvez donner un relooking unique \u00e0 six animaux de safari. Utilisez les stylos feutres a\u00e9rographe sp\u00e9ciaux pour souffler [&hellip;]\" \/>\n<meta property=\"og:url\" content=\"https:\/\/ses-creative.com\/fr\/produit\/blow-airbrush-pens-animaux-de-safari-6x\/\" \/>\n<meta property=\"og:site_name\" content=\"SES Creative\" \/>\n<meta property=\"article:modified_time\" content=\"2026-02-12T10:22:58+00:00\" \/>\n<meta name=\"twitter:card\" content=\"summary_large_image\" \/>\n<meta name=\"twitter:label1\" content=\"Dur\u00e9e de lecture estim\u00e9e\" \/>\n\t<meta name=\"twitter:data1\" content=\"2 minutes\" \/>\n<script type=\"application\/ld+json\" class=\"yoast-schema-graph\">{\"@context\":\"https:\/\/schema.org\",\"@graph\":[{\"@type\":\"WebPage\",\"@id\":\"https:\/\/ses-creative.com\/fr\/produit\/blow-airbrush-pens-animaux-de-safari-6x\/\",\"url\":\"https:\/\/ses-creative.com\/fr\/produit\/blow-airbrush-pens-animaux-de-safari-6x\/\",\"name\":\"Blow airbrush pens - Animaux de safari 6x - SES Creative\",\"isPartOf\":{\"@id\":\"https:\/\/ses-creative.com\/#website\"},\"primaryImageOfPage\":{\"@id\":\"https:\/\/ses-creative.com\/fr\/produit\/blow-airbrush-pens-animaux-de-safari-6x\/#primaryimage\"},\"image\":{\"@id\":\"https:\/\/ses-creative.com\/fr\/produit\/blow-airbrush-pens-animaux-de-safari-6x\/#primaryimage\"},\"thumbnailUrl\":\"https:\/\/ses-creative.com\/wp-content\/uploads\/2026\/01\/143351.jpg\",\"datePublished\":\"2026-02-12T10:09:25+00:00\",\"dateModified\":\"2026-02-12T10:22:58+00:00\",\"breadcrumb\":{\"@id\":\"https:\/\/ses-creative.com\/fr\/produit\/blow-airbrush-pens-animaux-de-safari-6x\/#breadcrumb\"},\"inLanguage\":\"fr-FR\",\"potentialAction\":[{\"@type\":\"ReadAction\",\"target\":[\"https:\/\/ses-creative.com\/fr\/produit\/blow-airbrush-pens-animaux-de-safari-6x\/\"]}]},{\"@type\":\"ImageObject\",\"inLanguage\":\"fr-FR\",\"@id\":\"https:\/\/ses-creative.com\/fr\/produit\/blow-airbrush-pens-animaux-de-safari-6x\/#primaryimage\",\"url\":\"https:\/\/ses-creative.com\/wp-content\/uploads\/2026\/01\/143351.jpg\",\"contentUrl\":\"https:\/\/ses-creative.com\/wp-content\/uploads\/2026\/01\/143351.jpg\",\"width\":1000,\"height\":1000},{\"@type\":\"BreadcrumbList\",\"@id\":\"https:\/\/ses-creative.com\/fr\/produit\/blow-airbrush-pens-animaux-de-safari-6x\/#breadcrumb\",\"itemListElement\":[{\"@type\":\"ListItem\",\"position\":1,\"name\":\"Boutique\",\"item\":\"https:\/\/ses-creative.com\/fr\/boutique\/\"},{\"@type\":\"ListItem\",\"position\":2,\"name\":\"Loisirs cr\u00e9atifs\",\"item\":\"https:\/\/ses-creative.com\/fr\/product-categorie\/loisirs-creatifs\/\"},{\"@type\":\"ListItem\",\"position\":3,\"name\":\"Blow airbrush pens &#8211; Animaux de safari 6x\"}]},{\"@type\":\"WebSite\",\"@id\":\"https:\/\/ses-creative.com\/#website\",\"url\":\"https:\/\/ses-creative.com\/\",\"name\":\"SES Creative\",\"description\":\"\",\"publisher\":{\"@id\":\"https:\/\/ses-creative.com\/#organization\"},\"potentialAction\":[{\"@type\":\"SearchAction\",\"target\":{\"@type\":\"EntryPoint\",\"urlTemplate\":\"https:\/\/ses-creative.com\/?s={search_term_string}\"},\"query-input\":{\"@type\":\"PropertyValueSpecification\",\"valueRequired\":true,\"valueName\":\"search_term_string\"}}],\"inLanguage\":\"fr-FR\"},{\"@type\":\"Organization\",\"@id\":\"https:\/\/ses-creative.com\/#organization\",\"name\":\"SES Creative\",\"url\":\"https:\/\/ses-creative.com\/\",\"logo\":{\"@type\":\"ImageObject\",\"inLanguage\":\"fr-FR\",\"@id\":\"https:\/\/ses-creative.com\/#\/schema\/logo\/image\/\",\"url\":\"https:\/\/ses-creative.com\/wp-content\/uploads\/2025\/10\/ses-creative-logo.jpg\",\"contentUrl\":\"https:\/\/ses-creative.com\/wp-content\/uploads\/2025\/10\/ses-creative-logo.jpg\",\"width\":2037,\"height\":2037,\"caption\":\"SES Creative\"},\"image\":{\"@id\":\"https:\/\/ses-creative.com\/#\/schema\/logo\/image\/\"}}]}<\/script>\n<!-- \/ Yoast SEO plugin. -->","yoast_head_json":{"title":"Blow airbrush pens - Animaux de safari 6x - SES Creative","robots":{"index":"index","follow":"follow","max-snippet":"max-snippet:-1","max-image-preview":"max-image-preview:large","max-video-preview":"max-video-preview:-1"},"canonical":"https:\/\/ses-creative.com\/fr\/produit\/blow-airbrush-pens-animaux-de-safari-6x\/","og_locale":"fr_FR","og_type":"article","og_title":"Blow airbrush pens - Animaux de safari 6x - SES Creative","og_description":"Blow Airbrush Pens \u2013 Animaux de la savane : donnez vie \u00e0 votre imagination d\u00e9brid\u00e9e ! Partez \u00e0 l&rsquo;aventure avec les stylos a\u00e9rographe Blow &#8211; Animaux de safari de SES Creative ! Avec ce kit joyeux, vous pouvez donner un relooking unique \u00e0 six animaux de safari. Utilisez les stylos feutres a\u00e9rographe sp\u00e9ciaux pour souffler [&hellip;]","og_url":"https:\/\/ses-creative.com\/fr\/produit\/blow-airbrush-pens-animaux-de-safari-6x\/","og_site_name":"SES Creative","article_modified_time":"2026-02-12T10:22:58+00:00","twitter_card":"summary_large_image","twitter_misc":{"Dur\u00e9e de lecture estim\u00e9e":"2 minutes"},"schema":{"@context":"https:\/\/schema.org","@graph":[{"@type":"WebPage","@id":"https:\/\/ses-creative.com\/fr\/produit\/blow-airbrush-pens-animaux-de-safari-6x\/","url":"https:\/\/ses-creative.com\/fr\/produit\/blow-airbrush-pens-animaux-de-safari-6x\/","name":"Blow airbrush pens - Animaux de safari 6x - SES Creative","isPartOf":{"@id":"https:\/\/ses-creative.com\/#website"},"primaryImageOfPage":{"@id":"https:\/\/ses-creative.com\/fr\/produit\/blow-airbrush-pens-animaux-de-safari-6x\/#primaryimage"},"image":{"@id":"https:\/\/ses-creative.com\/fr\/produit\/blow-airbrush-pens-animaux-de-safari-6x\/#primaryimage"},"thumbnailUrl":"https:\/\/ses-creative.com\/wp-content\/uploads\/2026\/01\/143351.jpg","datePublished":"2026-02-12T10:09:25+00:00","dateModified":"2026-02-12T10:22:58+00:00","breadcrumb":{"@id":"https:\/\/ses-creative.com\/fr\/produit\/blow-airbrush-pens-animaux-de-safari-6x\/#breadcrumb"},"inLanguage":"fr-FR","potentialAction":[{"@type":"ReadAction","target":["https:\/\/ses-creative.com\/fr\/produit\/blow-airbrush-pens-animaux-de-safari-6x\/"]}]},{"@type":"ImageObject","inLanguage":"fr-FR","@id":"https:\/\/ses-creative.com\/fr\/produit\/blow-airbrush-pens-animaux-de-safari-6x\/#primaryimage","url":"https:\/\/ses-creative.com\/wp-content\/uploads\/2026\/01\/143351.jpg","contentUrl":"https:\/\/ses-creative.com\/wp-content\/uploads\/2026\/01\/143351.jpg","width":1000,"height":1000},{"@type":"BreadcrumbList","@id":"https:\/\/ses-creative.com\/fr\/produit\/blow-airbrush-pens-animaux-de-safari-6x\/#breadcrumb","itemListElement":[{"@type":"ListItem","position":1,"name":"Boutique","item":"https:\/\/ses-creative.com\/fr\/boutique\/"},{"@type":"ListItem","position":2,"name":"Loisirs cr\u00e9atifs","item":"https:\/\/ses-creative.com\/fr\/product-categorie\/loisirs-creatifs\/"},{"@type":"ListItem","position":3,"name":"Blow airbrush pens &#8211; Animaux de safari 6x"}]},{"@type":"WebSite","@id":"https:\/\/ses-creative.com\/#website","url":"https:\/\/ses-creative.com\/","name":"SES Creative","description":"","publisher":{"@id":"https:\/\/ses-creative.com\/#organization"},"potentialAction":[{"@type":"SearchAction","target":{"@type":"EntryPoint","urlTemplate":"https:\/\/ses-creative.com\/?s={search_term_string}"},"query-input":{"@type":"PropertyValueSpecification","valueRequired":true,"valueName":"search_term_string"}}],"inLanguage":"fr-FR"},{"@type":"Organization","@id":"https:\/\/ses-creative.com\/#organization","name":"SES Creative","url":"https:\/\/ses-creative.com\/","logo":{"@type":"ImageObject","inLanguage":"fr-FR","@id":"https:\/\/ses-creative.com\/#\/schema\/logo\/image\/","url":"https:\/\/ses-creative.com\/wp-content\/uploads\/2025\/10\/ses-creative-logo.jpg","contentUrl":"https:\/\/ses-creative.com\/wp-content\/uploads\/2025\/10\/ses-creative-logo.jpg","width":2037,"height":2037,"caption":"SES Creative"},"image":{"@id":"https:\/\/ses-creative.com\/#\/schema\/logo\/image\/"}}]}},"_links":{"self":[{"href":"https:\/\/ses-creative.com\/fr\/wp-json\/wp\/v2\/product\/118329","targetHints":{"allow":["GET"]}}],"collection":[{"href":"https:\/\/ses-creative.com\/fr\/wp-json\/wp\/v2\/product"}],"about":[{"href":"https:\/\/ses-creative.com\/fr\/wp-json\/wp\/v2\/types\/product"}],"replies":[{"embeddable":true,"href":"https:\/\/ses-creative.com\/fr\/wp-json\/wp\/v2\/comments?post=118329"}],"wp:featuredmedia":[{"embeddable":true,"href":"https:\/\/ses-creative.com\/fr\/wp-json\/wp\/v2\/media\/102756"}],"wp:attachment":[{"href":"https:\/\/ses-creative.com\/fr\/wp-json\/wp\/v2\/media?parent=118329"}],"wp:term":[{"taxonomy":"product_brand","embeddable":true,"href":"https:\/\/ses-creative.com\/fr\/wp-json\/wp\/v2\/product_brand?post=118329"},{"taxonomy":"product_cat","embeddable":true,"href":"https:\/\/ses-creative.com\/fr\/wp-json\/wp\/v2\/product_cat?post=118329"},{"taxonomy":"product_tag","embeddable":true,"href":"https:\/\/ses-creative.com\/fr\/wp-json\/wp\/v2\/product_tag?post=118329"}],"curies":[{"name":"wp","href":"https:\/\/api.w.org\/{rel}","templated":true}]}}