











{"id":118327,"date":"2026-02-12T10:09:25","date_gmt":"2026-02-12T10:09:25","guid":{"rendered":"https:\/\/ses-creative.com\/?post_type=product&#038;p=118327"},"modified":"2026-02-12T10:22:57","modified_gmt":"2026-02-12T10:22:57","slug":"blow-airbrush-pens-chiots-surprise-3x","status":"publish","type":"product","link":"https:\/\/ses-creative.com\/fr\/produit\/blow-airbrush-pens-chiots-surprise-3x\/","title":{"rendered":"Blow airbrush pens &#8211; Chiots surprise 3x"},"content":{"rendered":"<p>Avec le coffret Blow Airbrush Puppies Surprise de SES Creative, les enfants d\u00e9couvrent trois chiots blancs surprise \u00e0 d\u00e9corer eux-m\u00eames. Gr\u00e2ce aux quatre feutres \u00e0 souffler color\u00e9s (rose, bleu, orange, jaune), chaque figurine devient une toile vivante pour exprimer la cr\u00e9ativit\u00e9. Les enfants utilisent leur souffle pour cr\u00e9er des effets airbrush ludiques, sans contact direct avec l\u2019encre. Les chiots sont doux au toucher, lavables et con\u00e7us pour \u00eatre d\u00e9cor\u00e9s \u00e0 l\u2019infini : un simple rin\u00e7age \u00e0 l\u2019eau permet de recommencer encore et encore. Ce jeu stimule la coordination \u0153il-main, la gestion du souffle, et d\u00e9veloppe la motricit\u00e9 fine tout en favorisant l\u2019autonomie. L\u2019exp\u00e9rience sensorielle et cr\u00e9ative est id\u00e9ale pour les enfants d\u00e8s 5 ans. Fabriqu\u00e9 dans l\u2019usine SES Creative \u00e0 Enschede, ce jouet respecte les normes les plus strictes : s\u00fbr, lavable, hypoallerg\u00e9nique et 100 % neutre en CO\u2082. Une activit\u00e9 manuelle originale, r\u00e9utilisable et propre, parfaite pour les jeunes fans d\u2019animaux et d\u2019activit\u00e9s cr\u00e9atives.<\/p>\n","protected":false},"excerpt":{"rendered":"<p>Avec le coffret Blow Airbrush Puppies Surprise de SES Creative, les enfants d\u00e9couvrent trois chiots blancs surprise \u00e0 d\u00e9corer eux-m\u00eames. Gr\u00e2ce aux quatre feutres \u00e0 souffler color\u00e9s (rose, bleu, orange, jaune), chaque figurine devient une toile vivante pour exprimer la cr\u00e9ativit\u00e9. Les enfants utilisent leur souffle pour cr\u00e9er des effets airbrush ludiques, sans contact direct [&hellip;]<\/p>\n","protected":false},"featured_media":102716,"comment_status":"closed","ping_status":"closed","template":"","meta":{"_acf_changed":false},"product_brand":[],"product_cat":[122],"product_tag":[],"class_list":{"0":"post-118327","1":"product","2":"type-product","3":"status-publish","4":"has-post-thumbnail","6":"product_cat-loisirs-creatifs","7":"pa_collecties-blow-airbrush-pens","8":"pa_leeftijd-filter-4-6-ans","9":"pa_meest-populair-bij-filles","11":"first","12":"instock","13":"shipping-taxable","14":"product-type-simple"},"acf":[],"yoast_head":"<!-- This site is optimized with the Yoast SEO plugin v27.2 - https:\/\/yoast.com\/product\/yoast-seo-wordpress\/ -->\n<title>Blow airbrush pens - Chiots surprise 3x - SES Creative<\/title>\n<meta name=\"robots\" content=\"index, follow, max-snippet:-1, max-image-preview:large, max-video-preview:-1\" \/>\n<link rel=\"canonical\" href=\"https:\/\/ses-creative.com\/fr\/produit\/blow-airbrush-pens-chiots-surprise-3x\/\" \/>\n<meta property=\"og:locale\" content=\"fr_FR\" \/>\n<meta property=\"og:type\" content=\"article\" \/>\n<meta property=\"og:title\" content=\"Blow airbrush pens - Chiots surprise 3x - SES Creative\" \/>\n<meta property=\"og:description\" content=\"Avec le coffret Blow Airbrush Puppies Surprise de SES Creative, les enfants d\u00e9couvrent trois chiots blancs surprise \u00e0 d\u00e9corer eux-m\u00eames. Gr\u00e2ce aux quatre feutres \u00e0 souffler color\u00e9s (rose, bleu, orange, jaune), chaque figurine devient une toile vivante pour exprimer la cr\u00e9ativit\u00e9. Les enfants utilisent leur souffle pour cr\u00e9er des effets airbrush ludiques, sans contact direct [&hellip;]\" \/>\n<meta property=\"og:url\" content=\"https:\/\/ses-creative.com\/fr\/produit\/blow-airbrush-pens-chiots-surprise-3x\/\" \/>\n<meta property=\"og:site_name\" content=\"SES Creative\" \/>\n<meta property=\"article:modified_time\" content=\"2026-02-12T10:22:57+00:00\" \/>\n<meta name=\"twitter:card\" content=\"summary_large_image\" \/>\n<meta name=\"twitter:label1\" content=\"Dur\u00e9e de lecture estim\u00e9e\" \/>\n\t<meta name=\"twitter:data1\" content=\"1 minute\" \/>\n<script type=\"application\/ld+json\" class=\"yoast-schema-graph\">{\"@context\":\"https:\/\/schema.org\",\"@graph\":[{\"@type\":\"WebPage\",\"@id\":\"https:\/\/ses-creative.com\/fr\/produit\/blow-airbrush-pens-chiots-surprise-3x\/\",\"url\":\"https:\/\/ses-creative.com\/fr\/produit\/blow-airbrush-pens-chiots-surprise-3x\/\",\"name\":\"Blow airbrush pens - Chiots surprise 3x - SES Creative\",\"isPartOf\":{\"@id\":\"https:\/\/ses-creative.com\/#website\"},\"primaryImageOfPage\":{\"@id\":\"https:\/\/ses-creative.com\/fr\/produit\/blow-airbrush-pens-chiots-surprise-3x\/#primaryimage\"},\"image\":{\"@id\":\"https:\/\/ses-creative.com\/fr\/produit\/blow-airbrush-pens-chiots-surprise-3x\/#primaryimage\"},\"thumbnailUrl\":\"https:\/\/ses-creative.com\/wp-content\/uploads\/2026\/01\/143331.jpg\",\"datePublished\":\"2026-02-12T10:09:25+00:00\",\"dateModified\":\"2026-02-12T10:22:57+00:00\",\"breadcrumb\":{\"@id\":\"https:\/\/ses-creative.com\/fr\/produit\/blow-airbrush-pens-chiots-surprise-3x\/#breadcrumb\"},\"inLanguage\":\"fr-FR\",\"potentialAction\":[{\"@type\":\"ReadAction\",\"target\":[\"https:\/\/ses-creative.com\/fr\/produit\/blow-airbrush-pens-chiots-surprise-3x\/\"]}]},{\"@type\":\"ImageObject\",\"inLanguage\":\"fr-FR\",\"@id\":\"https:\/\/ses-creative.com\/fr\/produit\/blow-airbrush-pens-chiots-surprise-3x\/#primaryimage\",\"url\":\"https:\/\/ses-creative.com\/wp-content\/uploads\/2026\/01\/143331.jpg\",\"contentUrl\":\"https:\/\/ses-creative.com\/wp-content\/uploads\/2026\/01\/143331.jpg\",\"width\":1000,\"height\":1000},{\"@type\":\"BreadcrumbList\",\"@id\":\"https:\/\/ses-creative.com\/fr\/produit\/blow-airbrush-pens-chiots-surprise-3x\/#breadcrumb\",\"itemListElement\":[{\"@type\":\"ListItem\",\"position\":1,\"name\":\"Boutique\",\"item\":\"https:\/\/ses-creative.com\/fr\/boutique\/\"},{\"@type\":\"ListItem\",\"position\":2,\"name\":\"Loisirs cr\u00e9atifs\",\"item\":\"https:\/\/ses-creative.com\/fr\/product-categorie\/loisirs-creatifs\/\"},{\"@type\":\"ListItem\",\"position\":3,\"name\":\"Blow airbrush pens &#8211; Chiots surprise 3x\"}]},{\"@type\":\"WebSite\",\"@id\":\"https:\/\/ses-creative.com\/#website\",\"url\":\"https:\/\/ses-creative.com\/\",\"name\":\"SES Creative\",\"description\":\"\",\"publisher\":{\"@id\":\"https:\/\/ses-creative.com\/#organization\"},\"potentialAction\":[{\"@type\":\"SearchAction\",\"target\":{\"@type\":\"EntryPoint\",\"urlTemplate\":\"https:\/\/ses-creative.com\/?s={search_term_string}\"},\"query-input\":{\"@type\":\"PropertyValueSpecification\",\"valueRequired\":true,\"valueName\":\"search_term_string\"}}],\"inLanguage\":\"fr-FR\"},{\"@type\":\"Organization\",\"@id\":\"https:\/\/ses-creative.com\/#organization\",\"name\":\"SES Creative\",\"url\":\"https:\/\/ses-creative.com\/\",\"logo\":{\"@type\":\"ImageObject\",\"inLanguage\":\"fr-FR\",\"@id\":\"https:\/\/ses-creative.com\/#\/schema\/logo\/image\/\",\"url\":\"https:\/\/ses-creative.com\/wp-content\/uploads\/2025\/10\/ses-creative-logo.jpg\",\"contentUrl\":\"https:\/\/ses-creative.com\/wp-content\/uploads\/2025\/10\/ses-creative-logo.jpg\",\"width\":2037,\"height\":2037,\"caption\":\"SES Creative\"},\"image\":{\"@id\":\"https:\/\/ses-creative.com\/#\/schema\/logo\/image\/\"}}]}<\/script>\n<!-- \/ Yoast SEO plugin. -->","yoast_head_json":{"title":"Blow airbrush pens - Chiots surprise 3x - SES Creative","robots":{"index":"index","follow":"follow","max-snippet":"max-snippet:-1","max-image-preview":"max-image-preview:large","max-video-preview":"max-video-preview:-1"},"canonical":"https:\/\/ses-creative.com\/fr\/produit\/blow-airbrush-pens-chiots-surprise-3x\/","og_locale":"fr_FR","og_type":"article","og_title":"Blow airbrush pens - Chiots surprise 3x - SES Creative","og_description":"Avec le coffret Blow Airbrush Puppies Surprise de SES Creative, les enfants d\u00e9couvrent trois chiots blancs surprise \u00e0 d\u00e9corer eux-m\u00eames. Gr\u00e2ce aux quatre feutres \u00e0 souffler color\u00e9s (rose, bleu, orange, jaune), chaque figurine devient une toile vivante pour exprimer la cr\u00e9ativit\u00e9. Les enfants utilisent leur souffle pour cr\u00e9er des effets airbrush ludiques, sans contact direct [&hellip;]","og_url":"https:\/\/ses-creative.com\/fr\/produit\/blow-airbrush-pens-chiots-surprise-3x\/","og_site_name":"SES Creative","article_modified_time":"2026-02-12T10:22:57+00:00","twitter_card":"summary_large_image","twitter_misc":{"Dur\u00e9e de lecture estim\u00e9e":"1 minute"},"schema":{"@context":"https:\/\/schema.org","@graph":[{"@type":"WebPage","@id":"https:\/\/ses-creative.com\/fr\/produit\/blow-airbrush-pens-chiots-surprise-3x\/","url":"https:\/\/ses-creative.com\/fr\/produit\/blow-airbrush-pens-chiots-surprise-3x\/","name":"Blow airbrush pens - Chiots surprise 3x - SES Creative","isPartOf":{"@id":"https:\/\/ses-creative.com\/#website"},"primaryImageOfPage":{"@id":"https:\/\/ses-creative.com\/fr\/produit\/blow-airbrush-pens-chiots-surprise-3x\/#primaryimage"},"image":{"@id":"https:\/\/ses-creative.com\/fr\/produit\/blow-airbrush-pens-chiots-surprise-3x\/#primaryimage"},"thumbnailUrl":"https:\/\/ses-creative.com\/wp-content\/uploads\/2026\/01\/143331.jpg","datePublished":"2026-02-12T10:09:25+00:00","dateModified":"2026-02-12T10:22:57+00:00","breadcrumb":{"@id":"https:\/\/ses-creative.com\/fr\/produit\/blow-airbrush-pens-chiots-surprise-3x\/#breadcrumb"},"inLanguage":"fr-FR","potentialAction":[{"@type":"ReadAction","target":["https:\/\/ses-creative.com\/fr\/produit\/blow-airbrush-pens-chiots-surprise-3x\/"]}]},{"@type":"ImageObject","inLanguage":"fr-FR","@id":"https:\/\/ses-creative.com\/fr\/produit\/blow-airbrush-pens-chiots-surprise-3x\/#primaryimage","url":"https:\/\/ses-creative.com\/wp-content\/uploads\/2026\/01\/143331.jpg","contentUrl":"https:\/\/ses-creative.com\/wp-content\/uploads\/2026\/01\/143331.jpg","width":1000,"height":1000},{"@type":"BreadcrumbList","@id":"https:\/\/ses-creative.com\/fr\/produit\/blow-airbrush-pens-chiots-surprise-3x\/#breadcrumb","itemListElement":[{"@type":"ListItem","position":1,"name":"Boutique","item":"https:\/\/ses-creative.com\/fr\/boutique\/"},{"@type":"ListItem","position":2,"name":"Loisirs cr\u00e9atifs","item":"https:\/\/ses-creative.com\/fr\/product-categorie\/loisirs-creatifs\/"},{"@type":"ListItem","position":3,"name":"Blow airbrush pens &#8211; Chiots surprise 3x"}]},{"@type":"WebSite","@id":"https:\/\/ses-creative.com\/#website","url":"https:\/\/ses-creative.com\/","name":"SES Creative","description":"","publisher":{"@id":"https:\/\/ses-creative.com\/#organization"},"potentialAction":[{"@type":"SearchAction","target":{"@type":"EntryPoint","urlTemplate":"https:\/\/ses-creative.com\/?s={search_term_string}"},"query-input":{"@type":"PropertyValueSpecification","valueRequired":true,"valueName":"search_term_string"}}],"inLanguage":"fr-FR"},{"@type":"Organization","@id":"https:\/\/ses-creative.com\/#organization","name":"SES Creative","url":"https:\/\/ses-creative.com\/","logo":{"@type":"ImageObject","inLanguage":"fr-FR","@id":"https:\/\/ses-creative.com\/#\/schema\/logo\/image\/","url":"https:\/\/ses-creative.com\/wp-content\/uploads\/2025\/10\/ses-creative-logo.jpg","contentUrl":"https:\/\/ses-creative.com\/wp-content\/uploads\/2025\/10\/ses-creative-logo.jpg","width":2037,"height":2037,"caption":"SES Creative"},"image":{"@id":"https:\/\/ses-creative.com\/#\/schema\/logo\/image\/"}}]}},"_links":{"self":[{"href":"https:\/\/ses-creative.com\/fr\/wp-json\/wp\/v2\/product\/118327","targetHints":{"allow":["GET"]}}],"collection":[{"href":"https:\/\/ses-creative.com\/fr\/wp-json\/wp\/v2\/product"}],"about":[{"href":"https:\/\/ses-creative.com\/fr\/wp-json\/wp\/v2\/types\/product"}],"replies":[{"embeddable":true,"href":"https:\/\/ses-creative.com\/fr\/wp-json\/wp\/v2\/comments?post=118327"}],"wp:featuredmedia":[{"embeddable":true,"href":"https:\/\/ses-creative.com\/fr\/wp-json\/wp\/v2\/media\/102716"}],"wp:attachment":[{"href":"https:\/\/ses-creative.com\/fr\/wp-json\/wp\/v2\/media?parent=118327"}],"wp:term":[{"taxonomy":"product_brand","embeddable":true,"href":"https:\/\/ses-creative.com\/fr\/wp-json\/wp\/v2\/product_brand?post=118327"},{"taxonomy":"product_cat","embeddable":true,"href":"https:\/\/ses-creative.com\/fr\/wp-json\/wp\/v2\/product_cat?post=118327"},{"taxonomy":"product_tag","embeddable":true,"href":"https:\/\/ses-creative.com\/fr\/wp-json\/wp\/v2\/product_tag?post=118327"}],"curies":[{"name":"wp","href":"https:\/\/api.w.org\/{rel}","templated":true}]}}