











{"id":118326,"date":"2026-02-12T10:09:25","date_gmt":"2026-02-12T10:09:25","guid":{"rendered":"https:\/\/ses-creative.com\/?post_type=product&#038;p=118326"},"modified":"2026-02-12T10:22:57","modified_gmt":"2026-02-12T10:22:57","slug":"mouler-des-savonnettes-personnages-effrayants","status":"publish","type":"product","link":"https:\/\/ses-creative.com\/fr\/produit\/mouler-des-savonnettes-personnages-effrayants\/","title":{"rendered":"Mouler des savonnettes &#8211; Personnages effrayants"},"content":{"rendered":"<p>Fabriquez vos propres savons effrayants !<\/p>\n<p>Avec ce kit, vous pouvez cr\u00e9er des savons color\u00e9s de diff\u00e9rentes formes. M\u00e9langez les couleurs, versez-les dans des moules et d\u00e9couvrez votre propre art du savon.<\/p>\n<p>Contenu de l&#8217;emballage<\/p>\n<p>Savon fondable<\/p>\n<p>Colorants (rouge, bleu, jaune)<\/p>\n<p>Moule avec diff\u00e9rents mod\u00e8les<\/p>\n<p>Pipette<\/p>\n<p>Instructions<\/p>\n<p>Caract\u00e9ristiques uniques<\/p>\n<p>Jouets cr\u00e9atifs STEM<\/p>\n<p>S\u00fbrs sur le plan cosm\u00e9tique<\/p>\n<p>Stimule la compr\u00e9hension des couleurs et la cr\u00e9ativit\u00e9<\/p>\n<p>Convient aux enfants \u00e0 partir de 5 ans<\/p>\n<p>Exprimez votre cr\u00e9ativit\u00e9<br \/>\nCr\u00e9ez des savons uniques et effrayants pour le plaisir du bain ou pour offrir en cadeau.<\/p>\n<p>Commencez d\u00e8s aujourd&rsquo;hui !<br \/>\nD\u00e9couvrez le plaisir de fabriquer du savon et de m\u00e9langer des couleurs cr\u00e9atives.<\/p>\n","protected":false},"excerpt":{"rendered":"<p>Fabriquez vos propres savons effrayants ! Avec ce kit, vous pouvez cr\u00e9er des savons color\u00e9s de diff\u00e9rentes formes. M\u00e9langez les couleurs, versez-les dans des moules et d\u00e9couvrez votre propre art du savon. Contenu de l&#8217;emballage Savon fondable Colorants (rouge, bleu, jaune) Moule avec diff\u00e9rents mod\u00e8les Pipette Instructions Caract\u00e9ristiques uniques Jouets cr\u00e9atifs STEM S\u00fbrs sur le [&hellip;]<\/p>\n","protected":false},"featured_media":102696,"comment_status":"closed","ping_status":"closed","template":"","meta":{"_acf_changed":false},"product_brand":[],"product_cat":[122],"product_tag":[],"class_list":{"0":"post-118326","1":"product","2":"type-product","3":"status-publish","4":"has-post-thumbnail","6":"product_cat-loisirs-creatifs","7":"pa_leeftijd-filter-6-ans","8":"pa_meest-populair-bij-garcons","10":"first","11":"instock","12":"shipping-taxable","13":"product-type-simple"},"acf":[],"yoast_head":"<!-- This site is optimized with the Yoast SEO plugin v27.2 - https:\/\/yoast.com\/product\/yoast-seo-wordpress\/ -->\n<title>Mouler des savonnettes - Personnages effrayants - SES Creative<\/title>\n<meta name=\"robots\" content=\"index, follow, max-snippet:-1, max-image-preview:large, max-video-preview:-1\" \/>\n<link rel=\"canonical\" href=\"https:\/\/ses-creative.com\/fr\/produit\/mouler-des-savonnettes-personnages-effrayants\/\" \/>\n<meta property=\"og:locale\" content=\"fr_FR\" \/>\n<meta property=\"og:type\" content=\"article\" \/>\n<meta property=\"og:title\" content=\"Mouler des savonnettes - Personnages effrayants - SES Creative\" \/>\n<meta property=\"og:description\" content=\"Fabriquez vos propres savons effrayants ! Avec ce kit, vous pouvez cr\u00e9er des savons color\u00e9s de diff\u00e9rentes formes. M\u00e9langez les couleurs, versez-les dans des moules et d\u00e9couvrez votre propre art du savon. Contenu de l&#8217;emballage Savon fondable Colorants (rouge, bleu, jaune) Moule avec diff\u00e9rents mod\u00e8les Pipette Instructions Caract\u00e9ristiques uniques Jouets cr\u00e9atifs STEM S\u00fbrs sur le [&hellip;]\" \/>\n<meta property=\"og:url\" content=\"https:\/\/ses-creative.com\/fr\/produit\/mouler-des-savonnettes-personnages-effrayants\/\" \/>\n<meta property=\"og:site_name\" content=\"SES Creative\" \/>\n<meta property=\"article:modified_time\" content=\"2026-02-12T10:22:57+00:00\" \/>\n<meta name=\"twitter:card\" content=\"summary_large_image\" \/>\n<meta name=\"twitter:label1\" content=\"Dur\u00e9e de lecture estim\u00e9e\" \/>\n\t<meta name=\"twitter:data1\" content=\"1 minute\" \/>\n<script type=\"application\/ld+json\" class=\"yoast-schema-graph\">{\"@context\":\"https:\/\/schema.org\",\"@graph\":[{\"@type\":\"WebPage\",\"@id\":\"https:\/\/ses-creative.com\/fr\/produit\/mouler-des-savonnettes-personnages-effrayants\/\",\"url\":\"https:\/\/ses-creative.com\/fr\/produit\/mouler-des-savonnettes-personnages-effrayants\/\",\"name\":\"Mouler des savonnettes - Personnages effrayants - SES Creative\",\"isPartOf\":{\"@id\":\"https:\/\/ses-creative.com\/#website\"},\"primaryImageOfPage\":{\"@id\":\"https:\/\/ses-creative.com\/fr\/produit\/mouler-des-savonnettes-personnages-effrayants\/#primaryimage\"},\"image\":{\"@id\":\"https:\/\/ses-creative.com\/fr\/produit\/mouler-des-savonnettes-personnages-effrayants\/#primaryimage\"},\"thumbnailUrl\":\"https:\/\/ses-creative.com\/wp-content\/uploads\/2026\/01\/143111.jpg\",\"datePublished\":\"2026-02-12T10:09:25+00:00\",\"dateModified\":\"2026-02-12T10:22:57+00:00\",\"breadcrumb\":{\"@id\":\"https:\/\/ses-creative.com\/fr\/produit\/mouler-des-savonnettes-personnages-effrayants\/#breadcrumb\"},\"inLanguage\":\"fr-FR\",\"potentialAction\":[{\"@type\":\"ReadAction\",\"target\":[\"https:\/\/ses-creative.com\/fr\/produit\/mouler-des-savonnettes-personnages-effrayants\/\"]}]},{\"@type\":\"ImageObject\",\"inLanguage\":\"fr-FR\",\"@id\":\"https:\/\/ses-creative.com\/fr\/produit\/mouler-des-savonnettes-personnages-effrayants\/#primaryimage\",\"url\":\"https:\/\/ses-creative.com\/wp-content\/uploads\/2026\/01\/143111.jpg\",\"contentUrl\":\"https:\/\/ses-creative.com\/wp-content\/uploads\/2026\/01\/143111.jpg\",\"width\":1000,\"height\":1000},{\"@type\":\"BreadcrumbList\",\"@id\":\"https:\/\/ses-creative.com\/fr\/produit\/mouler-des-savonnettes-personnages-effrayants\/#breadcrumb\",\"itemListElement\":[{\"@type\":\"ListItem\",\"position\":1,\"name\":\"Boutique\",\"item\":\"https:\/\/ses-creative.com\/fr\/boutique\/\"},{\"@type\":\"ListItem\",\"position\":2,\"name\":\"Loisirs cr\u00e9atifs\",\"item\":\"https:\/\/ses-creative.com\/fr\/product-categorie\/loisirs-creatifs\/\"},{\"@type\":\"ListItem\",\"position\":3,\"name\":\"Mouler des savonnettes &#8211; Personnages effrayants\"}]},{\"@type\":\"WebSite\",\"@id\":\"https:\/\/ses-creative.com\/#website\",\"url\":\"https:\/\/ses-creative.com\/\",\"name\":\"SES Creative\",\"description\":\"\",\"publisher\":{\"@id\":\"https:\/\/ses-creative.com\/#organization\"},\"potentialAction\":[{\"@type\":\"SearchAction\",\"target\":{\"@type\":\"EntryPoint\",\"urlTemplate\":\"https:\/\/ses-creative.com\/?s={search_term_string}\"},\"query-input\":{\"@type\":\"PropertyValueSpecification\",\"valueRequired\":true,\"valueName\":\"search_term_string\"}}],\"inLanguage\":\"fr-FR\"},{\"@type\":\"Organization\",\"@id\":\"https:\/\/ses-creative.com\/#organization\",\"name\":\"SES Creative\",\"url\":\"https:\/\/ses-creative.com\/\",\"logo\":{\"@type\":\"ImageObject\",\"inLanguage\":\"fr-FR\",\"@id\":\"https:\/\/ses-creative.com\/#\/schema\/logo\/image\/\",\"url\":\"https:\/\/ses-creative.com\/wp-content\/uploads\/2025\/10\/ses-creative-logo.jpg\",\"contentUrl\":\"https:\/\/ses-creative.com\/wp-content\/uploads\/2025\/10\/ses-creative-logo.jpg\",\"width\":2037,\"height\":2037,\"caption\":\"SES Creative\"},\"image\":{\"@id\":\"https:\/\/ses-creative.com\/#\/schema\/logo\/image\/\"}}]}<\/script>\n<!-- \/ Yoast SEO plugin. -->","yoast_head_json":{"title":"Mouler des savonnettes - Personnages effrayants - SES Creative","robots":{"index":"index","follow":"follow","max-snippet":"max-snippet:-1","max-image-preview":"max-image-preview:large","max-video-preview":"max-video-preview:-1"},"canonical":"https:\/\/ses-creative.com\/fr\/produit\/mouler-des-savonnettes-personnages-effrayants\/","og_locale":"fr_FR","og_type":"article","og_title":"Mouler des savonnettes - Personnages effrayants - SES Creative","og_description":"Fabriquez vos propres savons effrayants ! Avec ce kit, vous pouvez cr\u00e9er des savons color\u00e9s de diff\u00e9rentes formes. M\u00e9langez les couleurs, versez-les dans des moules et d\u00e9couvrez votre propre art du savon. Contenu de l&#8217;emballage Savon fondable Colorants (rouge, bleu, jaune) Moule avec diff\u00e9rents mod\u00e8les Pipette Instructions Caract\u00e9ristiques uniques Jouets cr\u00e9atifs STEM S\u00fbrs sur le [&hellip;]","og_url":"https:\/\/ses-creative.com\/fr\/produit\/mouler-des-savonnettes-personnages-effrayants\/","og_site_name":"SES Creative","article_modified_time":"2026-02-12T10:22:57+00:00","twitter_card":"summary_large_image","twitter_misc":{"Dur\u00e9e de lecture estim\u00e9e":"1 minute"},"schema":{"@context":"https:\/\/schema.org","@graph":[{"@type":"WebPage","@id":"https:\/\/ses-creative.com\/fr\/produit\/mouler-des-savonnettes-personnages-effrayants\/","url":"https:\/\/ses-creative.com\/fr\/produit\/mouler-des-savonnettes-personnages-effrayants\/","name":"Mouler des savonnettes - Personnages effrayants - SES Creative","isPartOf":{"@id":"https:\/\/ses-creative.com\/#website"},"primaryImageOfPage":{"@id":"https:\/\/ses-creative.com\/fr\/produit\/mouler-des-savonnettes-personnages-effrayants\/#primaryimage"},"image":{"@id":"https:\/\/ses-creative.com\/fr\/produit\/mouler-des-savonnettes-personnages-effrayants\/#primaryimage"},"thumbnailUrl":"https:\/\/ses-creative.com\/wp-content\/uploads\/2026\/01\/143111.jpg","datePublished":"2026-02-12T10:09:25+00:00","dateModified":"2026-02-12T10:22:57+00:00","breadcrumb":{"@id":"https:\/\/ses-creative.com\/fr\/produit\/mouler-des-savonnettes-personnages-effrayants\/#breadcrumb"},"inLanguage":"fr-FR","potentialAction":[{"@type":"ReadAction","target":["https:\/\/ses-creative.com\/fr\/produit\/mouler-des-savonnettes-personnages-effrayants\/"]}]},{"@type":"ImageObject","inLanguage":"fr-FR","@id":"https:\/\/ses-creative.com\/fr\/produit\/mouler-des-savonnettes-personnages-effrayants\/#primaryimage","url":"https:\/\/ses-creative.com\/wp-content\/uploads\/2026\/01\/143111.jpg","contentUrl":"https:\/\/ses-creative.com\/wp-content\/uploads\/2026\/01\/143111.jpg","width":1000,"height":1000},{"@type":"BreadcrumbList","@id":"https:\/\/ses-creative.com\/fr\/produit\/mouler-des-savonnettes-personnages-effrayants\/#breadcrumb","itemListElement":[{"@type":"ListItem","position":1,"name":"Boutique","item":"https:\/\/ses-creative.com\/fr\/boutique\/"},{"@type":"ListItem","position":2,"name":"Loisirs cr\u00e9atifs","item":"https:\/\/ses-creative.com\/fr\/product-categorie\/loisirs-creatifs\/"},{"@type":"ListItem","position":3,"name":"Mouler des savonnettes &#8211; Personnages effrayants"}]},{"@type":"WebSite","@id":"https:\/\/ses-creative.com\/#website","url":"https:\/\/ses-creative.com\/","name":"SES Creative","description":"","publisher":{"@id":"https:\/\/ses-creative.com\/#organization"},"potentialAction":[{"@type":"SearchAction","target":{"@type":"EntryPoint","urlTemplate":"https:\/\/ses-creative.com\/?s={search_term_string}"},"query-input":{"@type":"PropertyValueSpecification","valueRequired":true,"valueName":"search_term_string"}}],"inLanguage":"fr-FR"},{"@type":"Organization","@id":"https:\/\/ses-creative.com\/#organization","name":"SES Creative","url":"https:\/\/ses-creative.com\/","logo":{"@type":"ImageObject","inLanguage":"fr-FR","@id":"https:\/\/ses-creative.com\/#\/schema\/logo\/image\/","url":"https:\/\/ses-creative.com\/wp-content\/uploads\/2025\/10\/ses-creative-logo.jpg","contentUrl":"https:\/\/ses-creative.com\/wp-content\/uploads\/2025\/10\/ses-creative-logo.jpg","width":2037,"height":2037,"caption":"SES Creative"},"image":{"@id":"https:\/\/ses-creative.com\/#\/schema\/logo\/image\/"}}]}},"_links":{"self":[{"href":"https:\/\/ses-creative.com\/fr\/wp-json\/wp\/v2\/product\/118326","targetHints":{"allow":["GET"]}}],"collection":[{"href":"https:\/\/ses-creative.com\/fr\/wp-json\/wp\/v2\/product"}],"about":[{"href":"https:\/\/ses-creative.com\/fr\/wp-json\/wp\/v2\/types\/product"}],"replies":[{"embeddable":true,"href":"https:\/\/ses-creative.com\/fr\/wp-json\/wp\/v2\/comments?post=118326"}],"wp:featuredmedia":[{"embeddable":true,"href":"https:\/\/ses-creative.com\/fr\/wp-json\/wp\/v2\/media\/102696"}],"wp:attachment":[{"href":"https:\/\/ses-creative.com\/fr\/wp-json\/wp\/v2\/media?parent=118326"}],"wp:term":[{"taxonomy":"product_brand","embeddable":true,"href":"https:\/\/ses-creative.com\/fr\/wp-json\/wp\/v2\/product_brand?post=118326"},{"taxonomy":"product_cat","embeddable":true,"href":"https:\/\/ses-creative.com\/fr\/wp-json\/wp\/v2\/product_cat?post=118326"},{"taxonomy":"product_tag","embeddable":true,"href":"https:\/\/ses-creative.com\/fr\/wp-json\/wp\/v2\/product_tag?post=118326"}],"curies":[{"name":"wp","href":"https:\/\/api.w.org\/{rel}","templated":true}]}}