











{"id":118324,"date":"2026-02-12T10:09:24","date_gmt":"2026-02-12T10:09:24","guid":{"rendered":"https:\/\/ses-creative.com\/?post_type=product&#038;p=118324"},"modified":"2026-02-12T10:22:57","modified_gmt":"2026-02-12T10:22:57","slug":"foil-art-contes-du-crepuscule","status":"publish","type":"product","link":"https:\/\/ses-creative.com\/fr\/produit\/foil-art-contes-du-crepuscule\/","title":{"rendered":"Foil art &#8211; Contes du cr\u00e9puscule"},"content":{"rendered":"<p>Foil Art \u2013 D\u00e4mmernde M\u00e4rchen<\/p>\n<p>Mit diesem funkelnden Bastelset k\u00f6nnen Kinder ab 5 Jahren ihre eigenen M\u00e4rchenfiguren zum Leben erwecken. Durch das Abziehen von Teilen der Stickerkarten, das Auflegen der Folie und das Reiben mit dem Finger entstehen glanzvolle Kunstwerke mit magischer Ausstrahlung.<\/p>\n<p>Warum dieses Set gro\u00dfartig ist<\/p>\n<p>Schimmernde Kunstwerke mit M\u00e4rchenfiguren und Folie gestalten.<\/p>\n<p>Vier verschiedene Foliensorten f\u00fcr einen zauberhaften Effekt.<\/p>\n<p>Kein Chaos: peel off, rub on.<\/p>\n<p>Dank vorgedruckter Fl\u00e4chen immer ein tolles Ergebnis.<\/p>\n<p>Keine zus\u00e4tzlichen Werkzeuge n\u00f6tig \u2013 nur die Finger.<\/p>\n<p>Magie in jeder Bewegung<br \/>\nFoil Art \u2013 D\u00e4mmernde M\u00e4rchen macht jeden Bastelmoment besonders. Das Abziehen, Auflegen und Reiben ist einfach und macht gro\u00dfen Spa\u00df, w\u00e4hrend die Folie jedes Bild zum Strahlen bringt. Perfekt f\u00fcr ruhige Nachmittage, kreative Spieltreffen oder als bezauberndes Geschenk f\u00fcr kleine K\u00fcnstler.<\/p>\n<p>Inhalt des Sets<\/p>\n<p>6 bedruckte Stickerkarten<\/p>\n<p>Rub on Folie Blau Glitter<\/p>\n<p>Rub on Folie Metallic Pink<\/p>\n<p>Rub on Folie Metallic Lila<\/p>\n<p>Rub on Folie Metallic Orange<\/p>\n<p>Warum SES Creative w\u00e4hlen<br \/>\nBei SES Creative ist Sicherheit sehr wichtig. Deshalb werden die Produkte in unserer Fabrik in den Niederlanden hergestellt und nach den strengsten europ\u00e4ischen Sicherheitsnormen gepr\u00fcft. SES Creative Spielzeug macht Spa\u00df und ist so gestaltet, dass Kinder stolz auf ihre Arbeiten sein k\u00f6nnen, was Kreativit\u00e4t und Entwicklung f\u00f6rdert.<\/p>\n<p>Lassen Sie M\u00e4rchen mit diesen funkelnden Folienkreationen erstrahlen!<\/p>\n","protected":false},"excerpt":{"rendered":"<p>Foil Art \u2013 D\u00e4mmernde M\u00e4rchen Mit diesem funkelnden Bastelset k\u00f6nnen Kinder ab 5 Jahren ihre eigenen M\u00e4rchenfiguren zum Leben erwecken. Durch das Abziehen von Teilen der Stickerkarten, das Auflegen der Folie und das Reiben mit dem Finger entstehen glanzvolle Kunstwerke mit magischer Ausstrahlung. Warum dieses Set gro\u00dfartig ist Schimmernde Kunstwerke mit M\u00e4rchenfiguren und Folie gestalten. [&hellip;]<\/p>\n","protected":false},"featured_media":107518,"comment_status":"closed","ping_status":"closed","template":"","meta":{"_acf_changed":false},"product_brand":[],"product_cat":[122],"product_tag":[],"class_list":{"0":"post-118324","1":"product","2":"type-product","3":"status-publish","4":"has-post-thumbnail","6":"product_cat-loisirs-creatifs","7":"pa_collecties-foil-art","8":"pa_leeftijd-filter-4-6-ans","9":"pa_meest-populair-bij-garcons-filles","11":"first","12":"instock","13":"shipping-taxable","14":"product-type-simple"},"acf":[],"yoast_head":"<!-- This site is optimized with the Yoast SEO plugin v27.2 - https:\/\/yoast.com\/product\/yoast-seo-wordpress\/ -->\n<title>Foil art - Contes du cr\u00e9puscule - SES Creative<\/title>\n<meta name=\"robots\" content=\"index, follow, max-snippet:-1, max-image-preview:large, max-video-preview:-1\" \/>\n<link rel=\"canonical\" href=\"https:\/\/ses-creative.com\/fr\/produit\/foil-art-contes-du-crepuscule\/\" \/>\n<meta property=\"og:locale\" content=\"fr_FR\" \/>\n<meta property=\"og:type\" content=\"article\" \/>\n<meta property=\"og:title\" content=\"Foil art - Contes du cr\u00e9puscule - SES Creative\" \/>\n<meta property=\"og:description\" content=\"Foil Art \u2013 D\u00e4mmernde M\u00e4rchen Mit diesem funkelnden Bastelset k\u00f6nnen Kinder ab 5 Jahren ihre eigenen M\u00e4rchenfiguren zum Leben erwecken. Durch das Abziehen von Teilen der Stickerkarten, das Auflegen der Folie und das Reiben mit dem Finger entstehen glanzvolle Kunstwerke mit magischer Ausstrahlung. Warum dieses Set gro\u00dfartig ist Schimmernde Kunstwerke mit M\u00e4rchenfiguren und Folie gestalten. [&hellip;]\" \/>\n<meta property=\"og:url\" content=\"https:\/\/ses-creative.com\/fr\/produit\/foil-art-contes-du-crepuscule\/\" \/>\n<meta property=\"og:site_name\" content=\"SES Creative\" \/>\n<meta property=\"article:modified_time\" content=\"2026-02-12T10:22:57+00:00\" \/>\n<meta name=\"twitter:card\" content=\"summary_large_image\" \/>\n<meta name=\"twitter:label1\" content=\"Dur\u00e9e de lecture estim\u00e9e\" \/>\n\t<meta name=\"twitter:data1\" content=\"1 minute\" \/>\n<script type=\"application\/ld+json\" class=\"yoast-schema-graph\">{\"@context\":\"https:\/\/schema.org\",\"@graph\":[{\"@type\":\"WebPage\",\"@id\":\"https:\/\/ses-creative.com\/fr\/produit\/foil-art-contes-du-crepuscule\/\",\"url\":\"https:\/\/ses-creative.com\/fr\/produit\/foil-art-contes-du-crepuscule\/\",\"name\":\"Foil art - Contes du cr\u00e9puscule - SES Creative\",\"isPartOf\":{\"@id\":\"https:\/\/ses-creative.com\/#website\"},\"primaryImageOfPage\":{\"@id\":\"https:\/\/ses-creative.com\/fr\/produit\/foil-art-contes-du-crepuscule\/#primaryimage\"},\"image\":{\"@id\":\"https:\/\/ses-creative.com\/fr\/produit\/foil-art-contes-du-crepuscule\/#primaryimage\"},\"thumbnailUrl\":\"https:\/\/ses-creative.com\/wp-content\/uploads\/2026\/01\/143021-1.jpg\",\"datePublished\":\"2026-02-12T10:09:24+00:00\",\"dateModified\":\"2026-02-12T10:22:57+00:00\",\"breadcrumb\":{\"@id\":\"https:\/\/ses-creative.com\/fr\/produit\/foil-art-contes-du-crepuscule\/#breadcrumb\"},\"inLanguage\":\"fr-FR\",\"potentialAction\":[{\"@type\":\"ReadAction\",\"target\":[\"https:\/\/ses-creative.com\/fr\/produit\/foil-art-contes-du-crepuscule\/\"]}]},{\"@type\":\"ImageObject\",\"inLanguage\":\"fr-FR\",\"@id\":\"https:\/\/ses-creative.com\/fr\/produit\/foil-art-contes-du-crepuscule\/#primaryimage\",\"url\":\"https:\/\/ses-creative.com\/wp-content\/uploads\/2026\/01\/143021-1.jpg\",\"contentUrl\":\"https:\/\/ses-creative.com\/wp-content\/uploads\/2026\/01\/143021-1.jpg\",\"width\":1000,\"height\":1000},{\"@type\":\"BreadcrumbList\",\"@id\":\"https:\/\/ses-creative.com\/fr\/produit\/foil-art-contes-du-crepuscule\/#breadcrumb\",\"itemListElement\":[{\"@type\":\"ListItem\",\"position\":1,\"name\":\"Boutique\",\"item\":\"https:\/\/ses-creative.com\/fr\/boutique\/\"},{\"@type\":\"ListItem\",\"position\":2,\"name\":\"Loisirs cr\u00e9atifs\",\"item\":\"https:\/\/ses-creative.com\/fr\/product-categorie\/loisirs-creatifs\/\"},{\"@type\":\"ListItem\",\"position\":3,\"name\":\"Foil art &#8211; Contes du cr\u00e9puscule\"}]},{\"@type\":\"WebSite\",\"@id\":\"https:\/\/ses-creative.com\/#website\",\"url\":\"https:\/\/ses-creative.com\/\",\"name\":\"SES Creative\",\"description\":\"\",\"publisher\":{\"@id\":\"https:\/\/ses-creative.com\/#organization\"},\"potentialAction\":[{\"@type\":\"SearchAction\",\"target\":{\"@type\":\"EntryPoint\",\"urlTemplate\":\"https:\/\/ses-creative.com\/?s={search_term_string}\"},\"query-input\":{\"@type\":\"PropertyValueSpecification\",\"valueRequired\":true,\"valueName\":\"search_term_string\"}}],\"inLanguage\":\"fr-FR\"},{\"@type\":\"Organization\",\"@id\":\"https:\/\/ses-creative.com\/#organization\",\"name\":\"SES Creative\",\"url\":\"https:\/\/ses-creative.com\/\",\"logo\":{\"@type\":\"ImageObject\",\"inLanguage\":\"fr-FR\",\"@id\":\"https:\/\/ses-creative.com\/#\/schema\/logo\/image\/\",\"url\":\"https:\/\/ses-creative.com\/wp-content\/uploads\/2025\/10\/ses-creative-logo.jpg\",\"contentUrl\":\"https:\/\/ses-creative.com\/wp-content\/uploads\/2025\/10\/ses-creative-logo.jpg\",\"width\":2037,\"height\":2037,\"caption\":\"SES Creative\"},\"image\":{\"@id\":\"https:\/\/ses-creative.com\/#\/schema\/logo\/image\/\"}}]}<\/script>\n<!-- \/ Yoast SEO plugin. -->","yoast_head_json":{"title":"Foil art - Contes du cr\u00e9puscule - SES Creative","robots":{"index":"index","follow":"follow","max-snippet":"max-snippet:-1","max-image-preview":"max-image-preview:large","max-video-preview":"max-video-preview:-1"},"canonical":"https:\/\/ses-creative.com\/fr\/produit\/foil-art-contes-du-crepuscule\/","og_locale":"fr_FR","og_type":"article","og_title":"Foil art - Contes du cr\u00e9puscule - SES Creative","og_description":"Foil Art \u2013 D\u00e4mmernde M\u00e4rchen Mit diesem funkelnden Bastelset k\u00f6nnen Kinder ab 5 Jahren ihre eigenen M\u00e4rchenfiguren zum Leben erwecken. Durch das Abziehen von Teilen der Stickerkarten, das Auflegen der Folie und das Reiben mit dem Finger entstehen glanzvolle Kunstwerke mit magischer Ausstrahlung. Warum dieses Set gro\u00dfartig ist Schimmernde Kunstwerke mit M\u00e4rchenfiguren und Folie gestalten. [&hellip;]","og_url":"https:\/\/ses-creative.com\/fr\/produit\/foil-art-contes-du-crepuscule\/","og_site_name":"SES Creative","article_modified_time":"2026-02-12T10:22:57+00:00","twitter_card":"summary_large_image","twitter_misc":{"Dur\u00e9e de lecture estim\u00e9e":"1 minute"},"schema":{"@context":"https:\/\/schema.org","@graph":[{"@type":"WebPage","@id":"https:\/\/ses-creative.com\/fr\/produit\/foil-art-contes-du-crepuscule\/","url":"https:\/\/ses-creative.com\/fr\/produit\/foil-art-contes-du-crepuscule\/","name":"Foil art - Contes du cr\u00e9puscule - SES Creative","isPartOf":{"@id":"https:\/\/ses-creative.com\/#website"},"primaryImageOfPage":{"@id":"https:\/\/ses-creative.com\/fr\/produit\/foil-art-contes-du-crepuscule\/#primaryimage"},"image":{"@id":"https:\/\/ses-creative.com\/fr\/produit\/foil-art-contes-du-crepuscule\/#primaryimage"},"thumbnailUrl":"https:\/\/ses-creative.com\/wp-content\/uploads\/2026\/01\/143021-1.jpg","datePublished":"2026-02-12T10:09:24+00:00","dateModified":"2026-02-12T10:22:57+00:00","breadcrumb":{"@id":"https:\/\/ses-creative.com\/fr\/produit\/foil-art-contes-du-crepuscule\/#breadcrumb"},"inLanguage":"fr-FR","potentialAction":[{"@type":"ReadAction","target":["https:\/\/ses-creative.com\/fr\/produit\/foil-art-contes-du-crepuscule\/"]}]},{"@type":"ImageObject","inLanguage":"fr-FR","@id":"https:\/\/ses-creative.com\/fr\/produit\/foil-art-contes-du-crepuscule\/#primaryimage","url":"https:\/\/ses-creative.com\/wp-content\/uploads\/2026\/01\/143021-1.jpg","contentUrl":"https:\/\/ses-creative.com\/wp-content\/uploads\/2026\/01\/143021-1.jpg","width":1000,"height":1000},{"@type":"BreadcrumbList","@id":"https:\/\/ses-creative.com\/fr\/produit\/foil-art-contes-du-crepuscule\/#breadcrumb","itemListElement":[{"@type":"ListItem","position":1,"name":"Boutique","item":"https:\/\/ses-creative.com\/fr\/boutique\/"},{"@type":"ListItem","position":2,"name":"Loisirs cr\u00e9atifs","item":"https:\/\/ses-creative.com\/fr\/product-categorie\/loisirs-creatifs\/"},{"@type":"ListItem","position":3,"name":"Foil art &#8211; Contes du cr\u00e9puscule"}]},{"@type":"WebSite","@id":"https:\/\/ses-creative.com\/#website","url":"https:\/\/ses-creative.com\/","name":"SES Creative","description":"","publisher":{"@id":"https:\/\/ses-creative.com\/#organization"},"potentialAction":[{"@type":"SearchAction","target":{"@type":"EntryPoint","urlTemplate":"https:\/\/ses-creative.com\/?s={search_term_string}"},"query-input":{"@type":"PropertyValueSpecification","valueRequired":true,"valueName":"search_term_string"}}],"inLanguage":"fr-FR"},{"@type":"Organization","@id":"https:\/\/ses-creative.com\/#organization","name":"SES Creative","url":"https:\/\/ses-creative.com\/","logo":{"@type":"ImageObject","inLanguage":"fr-FR","@id":"https:\/\/ses-creative.com\/#\/schema\/logo\/image\/","url":"https:\/\/ses-creative.com\/wp-content\/uploads\/2025\/10\/ses-creative-logo.jpg","contentUrl":"https:\/\/ses-creative.com\/wp-content\/uploads\/2025\/10\/ses-creative-logo.jpg","width":2037,"height":2037,"caption":"SES Creative"},"image":{"@id":"https:\/\/ses-creative.com\/#\/schema\/logo\/image\/"}}]}},"_links":{"self":[{"href":"https:\/\/ses-creative.com\/fr\/wp-json\/wp\/v2\/product\/118324","targetHints":{"allow":["GET"]}}],"collection":[{"href":"https:\/\/ses-creative.com\/fr\/wp-json\/wp\/v2\/product"}],"about":[{"href":"https:\/\/ses-creative.com\/fr\/wp-json\/wp\/v2\/types\/product"}],"replies":[{"embeddable":true,"href":"https:\/\/ses-creative.com\/fr\/wp-json\/wp\/v2\/comments?post=118324"}],"wp:featuredmedia":[{"embeddable":true,"href":"https:\/\/ses-creative.com\/fr\/wp-json\/wp\/v2\/media\/107518"}],"wp:attachment":[{"href":"https:\/\/ses-creative.com\/fr\/wp-json\/wp\/v2\/media?parent=118324"}],"wp:term":[{"taxonomy":"product_brand","embeddable":true,"href":"https:\/\/ses-creative.com\/fr\/wp-json\/wp\/v2\/product_brand?post=118324"},{"taxonomy":"product_cat","embeddable":true,"href":"https:\/\/ses-creative.com\/fr\/wp-json\/wp\/v2\/product_cat?post=118324"},{"taxonomy":"product_tag","embeddable":true,"href":"https:\/\/ses-creative.com\/fr\/wp-json\/wp\/v2\/product_tag?post=118324"}],"curies":[{"name":"wp","href":"https:\/\/api.w.org\/{rel}","templated":true}]}}