











{"id":118322,"date":"2026-02-12T10:09:24","date_gmt":"2026-02-12T10:09:24","guid":{"rendered":"https:\/\/ses-creative.com\/?post_type=product&#038;p=118322"},"modified":"2026-02-12T10:22:57","modified_gmt":"2026-02-12T10:22:57","slug":"dragons-metalliques","status":"publish","type":"product","link":"https:\/\/ses-creative.com\/fr\/produit\/dragons-metalliques\/","title":{"rendered":"Dragons m\u00e9talliques"},"content":{"rendered":"<p>Construisez et d\u00e9corez des dragons magiques !<\/p>\n<p>Avec le kit de bricolage Dragons m\u00e9talliques de SES Creative, les enfants peuvent cr\u00e9er deux impressionnants dragons \u00e0 partir de pi\u00e8ces en papier et les d\u00e9corer avec des autocollants m\u00e9talliques.<\/p>\n<p>Contenu de l&#8217;emballage<\/p>\n<p>Structures en papier pour dragons<\/p>\n<p>414 autocollants brillants<\/p>\n<p>54 morceaux de mousse m\u00e9tallique orange<\/p>\n<p>54 autocollants diamant<\/p>\n<p>Caract\u00e9ristiques uniques<\/p>\n<p>Facile \u00e0 monter et \u00e0 d\u00e9corer<\/p>\n<p>Stimule la cr\u00e9ativit\u00e9, la motricit\u00e9 fine et la r\u00e9solution de probl\u00e8mes<\/p>\n<p>Convient aux enfants \u00e0 partir de 5 ans<\/p>\n<p>Exprimez votre cr\u00e9ativit\u00e9<br \/>\nCr\u00e9ez des dragons vraiment uniques en combinant des autocollants et des morceaux de mousse.<\/p>\n<p>Commencez d\u00e8s aujourd&rsquo;hui !<br \/>\nLaissez l&rsquo;imagination de votre enfant s&rsquo;envoler avec ces dragons magiques.<\/p>\n","protected":false},"excerpt":{"rendered":"<p>Construisez et d\u00e9corez des dragons magiques ! Avec le kit de bricolage Dragons m\u00e9talliques de SES Creative, les enfants peuvent cr\u00e9er deux impressionnants dragons \u00e0 partir de pi\u00e8ces en papier et les d\u00e9corer avec des autocollants m\u00e9talliques. Contenu de l&#8217;emballage Structures en papier pour dragons 414 autocollants brillants 54 morceaux de mousse m\u00e9tallique orange 54 [&hellip;]<\/p>\n","protected":false},"featured_media":95376,"comment_status":"closed","ping_status":"closed","template":"","meta":{"_acf_changed":false},"product_brand":[],"product_cat":[122],"product_tag":[],"class_list":{"0":"post-118322","1":"product","2":"type-product","3":"status-publish","4":"has-post-thumbnail","6":"product_cat-loisirs-creatifs","7":"pa_leeftijd-filter-4-6-ans","8":"pa_meest-populair-bij-garcons","10":"first","11":"instock","12":"shipping-taxable","13":"product-type-simple"},"acf":[],"yoast_head":"<!-- This site is optimized with the Yoast SEO plugin v27.2 - https:\/\/yoast.com\/product\/yoast-seo-wordpress\/ -->\n<title>Dragons m\u00e9talliques - SES Creative<\/title>\n<meta name=\"robots\" content=\"index, follow, max-snippet:-1, max-image-preview:large, max-video-preview:-1\" \/>\n<link rel=\"canonical\" href=\"https:\/\/ses-creative.com\/fr\/produit\/dragons-metalliques\/\" \/>\n<meta property=\"og:locale\" content=\"fr_FR\" \/>\n<meta property=\"og:type\" content=\"article\" \/>\n<meta property=\"og:title\" content=\"Dragons m\u00e9talliques - SES Creative\" \/>\n<meta property=\"og:description\" content=\"Construisez et d\u00e9corez des dragons magiques ! Avec le kit de bricolage Dragons m\u00e9talliques de SES Creative, les enfants peuvent cr\u00e9er deux impressionnants dragons \u00e0 partir de pi\u00e8ces en papier et les d\u00e9corer avec des autocollants m\u00e9talliques. Contenu de l&#8217;emballage Structures en papier pour dragons 414 autocollants brillants 54 morceaux de mousse m\u00e9tallique orange 54 [&hellip;]\" \/>\n<meta property=\"og:url\" content=\"https:\/\/ses-creative.com\/fr\/produit\/dragons-metalliques\/\" \/>\n<meta property=\"og:site_name\" content=\"SES Creative\" \/>\n<meta property=\"article:modified_time\" content=\"2026-02-12T10:22:57+00:00\" \/>\n<meta name=\"twitter:card\" content=\"summary_large_image\" \/>\n<meta name=\"twitter:label1\" content=\"Dur\u00e9e de lecture estim\u00e9e\" \/>\n\t<meta name=\"twitter:data1\" content=\"1 minute\" \/>\n<script type=\"application\/ld+json\" class=\"yoast-schema-graph\">{\"@context\":\"https:\/\/schema.org\",\"@graph\":[{\"@type\":\"WebPage\",\"@id\":\"https:\/\/ses-creative.com\/fr\/produit\/dragons-metalliques\/\",\"url\":\"https:\/\/ses-creative.com\/fr\/produit\/dragons-metalliques\/\",\"name\":\"Dragons m\u00e9talliques - SES Creative\",\"isPartOf\":{\"@id\":\"https:\/\/ses-creative.com\/#website\"},\"primaryImageOfPage\":{\"@id\":\"https:\/\/ses-creative.com\/fr\/produit\/dragons-metalliques\/#primaryimage\"},\"image\":{\"@id\":\"https:\/\/ses-creative.com\/fr\/produit\/dragons-metalliques\/#primaryimage\"},\"thumbnailUrl\":\"https:\/\/ses-creative.com\/wp-content\/uploads\/2026\/01\/142961.jpg\",\"datePublished\":\"2026-02-12T10:09:24+00:00\",\"dateModified\":\"2026-02-12T10:22:57+00:00\",\"breadcrumb\":{\"@id\":\"https:\/\/ses-creative.com\/fr\/produit\/dragons-metalliques\/#breadcrumb\"},\"inLanguage\":\"fr-FR\",\"potentialAction\":[{\"@type\":\"ReadAction\",\"target\":[\"https:\/\/ses-creative.com\/fr\/produit\/dragons-metalliques\/\"]}]},{\"@type\":\"ImageObject\",\"inLanguage\":\"fr-FR\",\"@id\":\"https:\/\/ses-creative.com\/fr\/produit\/dragons-metalliques\/#primaryimage\",\"url\":\"https:\/\/ses-creative.com\/wp-content\/uploads\/2026\/01\/142961.jpg\",\"contentUrl\":\"https:\/\/ses-creative.com\/wp-content\/uploads\/2026\/01\/142961.jpg\",\"width\":1000,\"height\":1000},{\"@type\":\"BreadcrumbList\",\"@id\":\"https:\/\/ses-creative.com\/fr\/produit\/dragons-metalliques\/#breadcrumb\",\"itemListElement\":[{\"@type\":\"ListItem\",\"position\":1,\"name\":\"Boutique\",\"item\":\"https:\/\/ses-creative.com\/fr\/boutique\/\"},{\"@type\":\"ListItem\",\"position\":2,\"name\":\"Loisirs cr\u00e9atifs\",\"item\":\"https:\/\/ses-creative.com\/fr\/product-categorie\/loisirs-creatifs\/\"},{\"@type\":\"ListItem\",\"position\":3,\"name\":\"Dragons m\u00e9talliques\"}]},{\"@type\":\"WebSite\",\"@id\":\"https:\/\/ses-creative.com\/#website\",\"url\":\"https:\/\/ses-creative.com\/\",\"name\":\"SES Creative\",\"description\":\"\",\"publisher\":{\"@id\":\"https:\/\/ses-creative.com\/#organization\"},\"potentialAction\":[{\"@type\":\"SearchAction\",\"target\":{\"@type\":\"EntryPoint\",\"urlTemplate\":\"https:\/\/ses-creative.com\/?s={search_term_string}\"},\"query-input\":{\"@type\":\"PropertyValueSpecification\",\"valueRequired\":true,\"valueName\":\"search_term_string\"}}],\"inLanguage\":\"fr-FR\"},{\"@type\":\"Organization\",\"@id\":\"https:\/\/ses-creative.com\/#organization\",\"name\":\"SES Creative\",\"url\":\"https:\/\/ses-creative.com\/\",\"logo\":{\"@type\":\"ImageObject\",\"inLanguage\":\"fr-FR\",\"@id\":\"https:\/\/ses-creative.com\/#\/schema\/logo\/image\/\",\"url\":\"https:\/\/ses-creative.com\/wp-content\/uploads\/2025\/10\/ses-creative-logo.jpg\",\"contentUrl\":\"https:\/\/ses-creative.com\/wp-content\/uploads\/2025\/10\/ses-creative-logo.jpg\",\"width\":2037,\"height\":2037,\"caption\":\"SES Creative\"},\"image\":{\"@id\":\"https:\/\/ses-creative.com\/#\/schema\/logo\/image\/\"}}]}<\/script>\n<!-- \/ Yoast SEO plugin. -->","yoast_head_json":{"title":"Dragons m\u00e9talliques - SES Creative","robots":{"index":"index","follow":"follow","max-snippet":"max-snippet:-1","max-image-preview":"max-image-preview:large","max-video-preview":"max-video-preview:-1"},"canonical":"https:\/\/ses-creative.com\/fr\/produit\/dragons-metalliques\/","og_locale":"fr_FR","og_type":"article","og_title":"Dragons m\u00e9talliques - SES Creative","og_description":"Construisez et d\u00e9corez des dragons magiques ! Avec le kit de bricolage Dragons m\u00e9talliques de SES Creative, les enfants peuvent cr\u00e9er deux impressionnants dragons \u00e0 partir de pi\u00e8ces en papier et les d\u00e9corer avec des autocollants m\u00e9talliques. Contenu de l&#8217;emballage Structures en papier pour dragons 414 autocollants brillants 54 morceaux de mousse m\u00e9tallique orange 54 [&hellip;]","og_url":"https:\/\/ses-creative.com\/fr\/produit\/dragons-metalliques\/","og_site_name":"SES Creative","article_modified_time":"2026-02-12T10:22:57+00:00","twitter_card":"summary_large_image","twitter_misc":{"Dur\u00e9e de lecture estim\u00e9e":"1 minute"},"schema":{"@context":"https:\/\/schema.org","@graph":[{"@type":"WebPage","@id":"https:\/\/ses-creative.com\/fr\/produit\/dragons-metalliques\/","url":"https:\/\/ses-creative.com\/fr\/produit\/dragons-metalliques\/","name":"Dragons m\u00e9talliques - SES Creative","isPartOf":{"@id":"https:\/\/ses-creative.com\/#website"},"primaryImageOfPage":{"@id":"https:\/\/ses-creative.com\/fr\/produit\/dragons-metalliques\/#primaryimage"},"image":{"@id":"https:\/\/ses-creative.com\/fr\/produit\/dragons-metalliques\/#primaryimage"},"thumbnailUrl":"https:\/\/ses-creative.com\/wp-content\/uploads\/2026\/01\/142961.jpg","datePublished":"2026-02-12T10:09:24+00:00","dateModified":"2026-02-12T10:22:57+00:00","breadcrumb":{"@id":"https:\/\/ses-creative.com\/fr\/produit\/dragons-metalliques\/#breadcrumb"},"inLanguage":"fr-FR","potentialAction":[{"@type":"ReadAction","target":["https:\/\/ses-creative.com\/fr\/produit\/dragons-metalliques\/"]}]},{"@type":"ImageObject","inLanguage":"fr-FR","@id":"https:\/\/ses-creative.com\/fr\/produit\/dragons-metalliques\/#primaryimage","url":"https:\/\/ses-creative.com\/wp-content\/uploads\/2026\/01\/142961.jpg","contentUrl":"https:\/\/ses-creative.com\/wp-content\/uploads\/2026\/01\/142961.jpg","width":1000,"height":1000},{"@type":"BreadcrumbList","@id":"https:\/\/ses-creative.com\/fr\/produit\/dragons-metalliques\/#breadcrumb","itemListElement":[{"@type":"ListItem","position":1,"name":"Boutique","item":"https:\/\/ses-creative.com\/fr\/boutique\/"},{"@type":"ListItem","position":2,"name":"Loisirs cr\u00e9atifs","item":"https:\/\/ses-creative.com\/fr\/product-categorie\/loisirs-creatifs\/"},{"@type":"ListItem","position":3,"name":"Dragons m\u00e9talliques"}]},{"@type":"WebSite","@id":"https:\/\/ses-creative.com\/#website","url":"https:\/\/ses-creative.com\/","name":"SES Creative","description":"","publisher":{"@id":"https:\/\/ses-creative.com\/#organization"},"potentialAction":[{"@type":"SearchAction","target":{"@type":"EntryPoint","urlTemplate":"https:\/\/ses-creative.com\/?s={search_term_string}"},"query-input":{"@type":"PropertyValueSpecification","valueRequired":true,"valueName":"search_term_string"}}],"inLanguage":"fr-FR"},{"@type":"Organization","@id":"https:\/\/ses-creative.com\/#organization","name":"SES Creative","url":"https:\/\/ses-creative.com\/","logo":{"@type":"ImageObject","inLanguage":"fr-FR","@id":"https:\/\/ses-creative.com\/#\/schema\/logo\/image\/","url":"https:\/\/ses-creative.com\/wp-content\/uploads\/2025\/10\/ses-creative-logo.jpg","contentUrl":"https:\/\/ses-creative.com\/wp-content\/uploads\/2025\/10\/ses-creative-logo.jpg","width":2037,"height":2037,"caption":"SES Creative"},"image":{"@id":"https:\/\/ses-creative.com\/#\/schema\/logo\/image\/"}}]}},"_links":{"self":[{"href":"https:\/\/ses-creative.com\/fr\/wp-json\/wp\/v2\/product\/118322","targetHints":{"allow":["GET"]}}],"collection":[{"href":"https:\/\/ses-creative.com\/fr\/wp-json\/wp\/v2\/product"}],"about":[{"href":"https:\/\/ses-creative.com\/fr\/wp-json\/wp\/v2\/types\/product"}],"replies":[{"embeddable":true,"href":"https:\/\/ses-creative.com\/fr\/wp-json\/wp\/v2\/comments?post=118322"}],"wp:featuredmedia":[{"embeddable":true,"href":"https:\/\/ses-creative.com\/fr\/wp-json\/wp\/v2\/media\/95376"}],"wp:attachment":[{"href":"https:\/\/ses-creative.com\/fr\/wp-json\/wp\/v2\/media?parent=118322"}],"wp:term":[{"taxonomy":"product_brand","embeddable":true,"href":"https:\/\/ses-creative.com\/fr\/wp-json\/wp\/v2\/product_brand?post=118322"},{"taxonomy":"product_cat","embeddable":true,"href":"https:\/\/ses-creative.com\/fr\/wp-json\/wp\/v2\/product_cat?post=118322"},{"taxonomy":"product_tag","embeddable":true,"href":"https:\/\/ses-creative.com\/fr\/wp-json\/wp\/v2\/product_tag?post=118322"}],"curies":[{"name":"wp","href":"https:\/\/api.w.org\/{rel}","templated":true}]}}