











{"id":118320,"date":"2026-02-12T10:09:24","date_gmt":"2026-02-12T10:09:24","guid":{"rendered":"https:\/\/ses-creative.com\/?post_type=product&#038;p=118320"},"modified":"2026-02-12T10:22:56","modified_gmt":"2026-02-12T10:22:56","slug":"film-retractable-porte-cles-dinosaures","status":"publish","type":"product","link":"https:\/\/ses-creative.com\/fr\/produit\/film-retractable-porte-cles-dinosaures\/","title":{"rendered":"Film r\u00e9tractable &#8211; Porte-cl\u00e9s dinosaures"},"content":{"rendered":"<p>Cr\u00e9ez des porte-cl\u00e9s dinosaures magiques !<\/p>\n<p>Avec le kit de porte-cl\u00e9s dinosaures en plastique thermor\u00e9tractable de SES Creative, vous pouvez cr\u00e9er vos propres porte-cl\u00e9s dinosaures. Coloriez-les, faites-les cuire et laissez-les r\u00e9tr\u00e9cir pour obtenir des porte-cl\u00e9s solides.<\/p>\n<p>Contenu de l&#8217;emballage<\/p>\n<p>3 feuilles de film r\u00e9tractable<\/p>\n<p>8 crayons de couleur<\/p>\n<p>6 clips porte-cl\u00e9s<\/p>\n<p>Ruban bleu<\/p>\n<p>Gabarits<\/p>\n<p>Caract\u00e9ristiques uniques<\/p>\n<p>Film r\u00e9tractable pour une transformation cr\u00e9ative<\/p>\n<p>Stimule la motricit\u00e9 fine et le jeu imaginatif<\/p>\n<p>Convient aux enfants \u00e0 partir de 5 ans<\/p>\n<p>Parfait pour bricoler seul ou \u00e0 plusieurs<\/p>\n<p>Laissez libre cours \u00e0 votre cr\u00e9ativit\u00e9<br \/>\nCr\u00e9ez des porte-cl\u00e9s dinosaures uniques et personnalisez-les \u00e0 votre guise.<\/p>\n<p>Commencez d\u00e8s aujourd&rsquo;hui !<br \/>\nLaissez libre cours \u00e0 votre imagination et d\u00e9couvrez le plaisir du jeu cr\u00e9atif.<\/p>\n","protected":false},"excerpt":{"rendered":"<p>Cr\u00e9ez des porte-cl\u00e9s dinosaures magiques ! Avec le kit de porte-cl\u00e9s dinosaures en plastique thermor\u00e9tractable de SES Creative, vous pouvez cr\u00e9er vos propres porte-cl\u00e9s dinosaures. Coloriez-les, faites-les cuire et laissez-les r\u00e9tr\u00e9cir pour obtenir des porte-cl\u00e9s solides. Contenu de l&#8217;emballage 3 feuilles de film r\u00e9tractable 8 crayons de couleur 6 clips porte-cl\u00e9s Ruban bleu Gabarits Caract\u00e9ristiques [&hellip;]<\/p>\n","protected":false},"featured_media":102596,"comment_status":"closed","ping_status":"closed","template":"","meta":{"_acf_changed":false},"product_brand":[],"product_cat":[122],"product_tag":[],"class_list":{"0":"post-118320","1":"product","2":"type-product","3":"status-publish","4":"has-post-thumbnail","6":"product_cat-loisirs-creatifs","7":"pa_leeftijd-filter-4-6-ans","8":"pa_meest-populair-bij-garcons","10":"first","11":"instock","12":"shipping-taxable","13":"product-type-simple"},"acf":[],"yoast_head":"<!-- This site is optimized with the Yoast SEO plugin v27.2 - https:\/\/yoast.com\/product\/yoast-seo-wordpress\/ -->\n<title>Film r\u00e9tractable - Porte-cl\u00e9s dinosaures - SES Creative<\/title>\n<meta name=\"robots\" content=\"index, follow, max-snippet:-1, max-image-preview:large, max-video-preview:-1\" \/>\n<link rel=\"canonical\" href=\"https:\/\/ses-creative.com\/fr\/produit\/film-retractable-porte-cles-dinosaures\/\" \/>\n<meta property=\"og:locale\" content=\"fr_FR\" \/>\n<meta property=\"og:type\" content=\"article\" \/>\n<meta property=\"og:title\" content=\"Film r\u00e9tractable - Porte-cl\u00e9s dinosaures - SES Creative\" \/>\n<meta property=\"og:description\" content=\"Cr\u00e9ez des porte-cl\u00e9s dinosaures magiques ! Avec le kit de porte-cl\u00e9s dinosaures en plastique thermor\u00e9tractable de SES Creative, vous pouvez cr\u00e9er vos propres porte-cl\u00e9s dinosaures. Coloriez-les, faites-les cuire et laissez-les r\u00e9tr\u00e9cir pour obtenir des porte-cl\u00e9s solides. Contenu de l&#8217;emballage 3 feuilles de film r\u00e9tractable 8 crayons de couleur 6 clips porte-cl\u00e9s Ruban bleu Gabarits Caract\u00e9ristiques [&hellip;]\" \/>\n<meta property=\"og:url\" content=\"https:\/\/ses-creative.com\/fr\/produit\/film-retractable-porte-cles-dinosaures\/\" \/>\n<meta property=\"og:site_name\" content=\"SES Creative\" \/>\n<meta property=\"article:modified_time\" content=\"2026-02-12T10:22:56+00:00\" \/>\n<meta name=\"twitter:card\" content=\"summary_large_image\" \/>\n<meta name=\"twitter:label1\" content=\"Dur\u00e9e de lecture estim\u00e9e\" \/>\n\t<meta name=\"twitter:data1\" content=\"1 minute\" \/>\n<script type=\"application\/ld+json\" class=\"yoast-schema-graph\">{\"@context\":\"https:\/\/schema.org\",\"@graph\":[{\"@type\":\"WebPage\",\"@id\":\"https:\/\/ses-creative.com\/fr\/produit\/film-retractable-porte-cles-dinosaures\/\",\"url\":\"https:\/\/ses-creative.com\/fr\/produit\/film-retractable-porte-cles-dinosaures\/\",\"name\":\"Film r\u00e9tractable - Porte-cl\u00e9s dinosaures - SES Creative\",\"isPartOf\":{\"@id\":\"https:\/\/ses-creative.com\/#website\"},\"primaryImageOfPage\":{\"@id\":\"https:\/\/ses-creative.com\/fr\/produit\/film-retractable-porte-cles-dinosaures\/#primaryimage\"},\"image\":{\"@id\":\"https:\/\/ses-creative.com\/fr\/produit\/film-retractable-porte-cles-dinosaures\/#primaryimage\"},\"thumbnailUrl\":\"https:\/\/ses-creative.com\/wp-content\/uploads\/2026\/01\/142941.jpg\",\"datePublished\":\"2026-02-12T10:09:24+00:00\",\"dateModified\":\"2026-02-12T10:22:56+00:00\",\"breadcrumb\":{\"@id\":\"https:\/\/ses-creative.com\/fr\/produit\/film-retractable-porte-cles-dinosaures\/#breadcrumb\"},\"inLanguage\":\"fr-FR\",\"potentialAction\":[{\"@type\":\"ReadAction\",\"target\":[\"https:\/\/ses-creative.com\/fr\/produit\/film-retractable-porte-cles-dinosaures\/\"]}]},{\"@type\":\"ImageObject\",\"inLanguage\":\"fr-FR\",\"@id\":\"https:\/\/ses-creative.com\/fr\/produit\/film-retractable-porte-cles-dinosaures\/#primaryimage\",\"url\":\"https:\/\/ses-creative.com\/wp-content\/uploads\/2026\/01\/142941.jpg\",\"contentUrl\":\"https:\/\/ses-creative.com\/wp-content\/uploads\/2026\/01\/142941.jpg\",\"width\":1000,\"height\":1000},{\"@type\":\"BreadcrumbList\",\"@id\":\"https:\/\/ses-creative.com\/fr\/produit\/film-retractable-porte-cles-dinosaures\/#breadcrumb\",\"itemListElement\":[{\"@type\":\"ListItem\",\"position\":1,\"name\":\"Boutique\",\"item\":\"https:\/\/ses-creative.com\/fr\/boutique\/\"},{\"@type\":\"ListItem\",\"position\":2,\"name\":\"Loisirs cr\u00e9atifs\",\"item\":\"https:\/\/ses-creative.com\/fr\/product-categorie\/loisirs-creatifs\/\"},{\"@type\":\"ListItem\",\"position\":3,\"name\":\"Film r\u00e9tractable &#8211; Porte-cl\u00e9s dinosaures\"}]},{\"@type\":\"WebSite\",\"@id\":\"https:\/\/ses-creative.com\/#website\",\"url\":\"https:\/\/ses-creative.com\/\",\"name\":\"SES Creative\",\"description\":\"\",\"publisher\":{\"@id\":\"https:\/\/ses-creative.com\/#organization\"},\"potentialAction\":[{\"@type\":\"SearchAction\",\"target\":{\"@type\":\"EntryPoint\",\"urlTemplate\":\"https:\/\/ses-creative.com\/?s={search_term_string}\"},\"query-input\":{\"@type\":\"PropertyValueSpecification\",\"valueRequired\":true,\"valueName\":\"search_term_string\"}}],\"inLanguage\":\"fr-FR\"},{\"@type\":\"Organization\",\"@id\":\"https:\/\/ses-creative.com\/#organization\",\"name\":\"SES Creative\",\"url\":\"https:\/\/ses-creative.com\/\",\"logo\":{\"@type\":\"ImageObject\",\"inLanguage\":\"fr-FR\",\"@id\":\"https:\/\/ses-creative.com\/#\/schema\/logo\/image\/\",\"url\":\"https:\/\/ses-creative.com\/wp-content\/uploads\/2025\/10\/ses-creative-logo.jpg\",\"contentUrl\":\"https:\/\/ses-creative.com\/wp-content\/uploads\/2025\/10\/ses-creative-logo.jpg\",\"width\":2037,\"height\":2037,\"caption\":\"SES Creative\"},\"image\":{\"@id\":\"https:\/\/ses-creative.com\/#\/schema\/logo\/image\/\"}}]}<\/script>\n<!-- \/ Yoast SEO plugin. -->","yoast_head_json":{"title":"Film r\u00e9tractable - Porte-cl\u00e9s dinosaures - SES Creative","robots":{"index":"index","follow":"follow","max-snippet":"max-snippet:-1","max-image-preview":"max-image-preview:large","max-video-preview":"max-video-preview:-1"},"canonical":"https:\/\/ses-creative.com\/fr\/produit\/film-retractable-porte-cles-dinosaures\/","og_locale":"fr_FR","og_type":"article","og_title":"Film r\u00e9tractable - Porte-cl\u00e9s dinosaures - SES Creative","og_description":"Cr\u00e9ez des porte-cl\u00e9s dinosaures magiques ! Avec le kit de porte-cl\u00e9s dinosaures en plastique thermor\u00e9tractable de SES Creative, vous pouvez cr\u00e9er vos propres porte-cl\u00e9s dinosaures. Coloriez-les, faites-les cuire et laissez-les r\u00e9tr\u00e9cir pour obtenir des porte-cl\u00e9s solides. Contenu de l&#8217;emballage 3 feuilles de film r\u00e9tractable 8 crayons de couleur 6 clips porte-cl\u00e9s Ruban bleu Gabarits Caract\u00e9ristiques [&hellip;]","og_url":"https:\/\/ses-creative.com\/fr\/produit\/film-retractable-porte-cles-dinosaures\/","og_site_name":"SES Creative","article_modified_time":"2026-02-12T10:22:56+00:00","twitter_card":"summary_large_image","twitter_misc":{"Dur\u00e9e de lecture estim\u00e9e":"1 minute"},"schema":{"@context":"https:\/\/schema.org","@graph":[{"@type":"WebPage","@id":"https:\/\/ses-creative.com\/fr\/produit\/film-retractable-porte-cles-dinosaures\/","url":"https:\/\/ses-creative.com\/fr\/produit\/film-retractable-porte-cles-dinosaures\/","name":"Film r\u00e9tractable - Porte-cl\u00e9s dinosaures - SES Creative","isPartOf":{"@id":"https:\/\/ses-creative.com\/#website"},"primaryImageOfPage":{"@id":"https:\/\/ses-creative.com\/fr\/produit\/film-retractable-porte-cles-dinosaures\/#primaryimage"},"image":{"@id":"https:\/\/ses-creative.com\/fr\/produit\/film-retractable-porte-cles-dinosaures\/#primaryimage"},"thumbnailUrl":"https:\/\/ses-creative.com\/wp-content\/uploads\/2026\/01\/142941.jpg","datePublished":"2026-02-12T10:09:24+00:00","dateModified":"2026-02-12T10:22:56+00:00","breadcrumb":{"@id":"https:\/\/ses-creative.com\/fr\/produit\/film-retractable-porte-cles-dinosaures\/#breadcrumb"},"inLanguage":"fr-FR","potentialAction":[{"@type":"ReadAction","target":["https:\/\/ses-creative.com\/fr\/produit\/film-retractable-porte-cles-dinosaures\/"]}]},{"@type":"ImageObject","inLanguage":"fr-FR","@id":"https:\/\/ses-creative.com\/fr\/produit\/film-retractable-porte-cles-dinosaures\/#primaryimage","url":"https:\/\/ses-creative.com\/wp-content\/uploads\/2026\/01\/142941.jpg","contentUrl":"https:\/\/ses-creative.com\/wp-content\/uploads\/2026\/01\/142941.jpg","width":1000,"height":1000},{"@type":"BreadcrumbList","@id":"https:\/\/ses-creative.com\/fr\/produit\/film-retractable-porte-cles-dinosaures\/#breadcrumb","itemListElement":[{"@type":"ListItem","position":1,"name":"Boutique","item":"https:\/\/ses-creative.com\/fr\/boutique\/"},{"@type":"ListItem","position":2,"name":"Loisirs cr\u00e9atifs","item":"https:\/\/ses-creative.com\/fr\/product-categorie\/loisirs-creatifs\/"},{"@type":"ListItem","position":3,"name":"Film r\u00e9tractable &#8211; Porte-cl\u00e9s dinosaures"}]},{"@type":"WebSite","@id":"https:\/\/ses-creative.com\/#website","url":"https:\/\/ses-creative.com\/","name":"SES Creative","description":"","publisher":{"@id":"https:\/\/ses-creative.com\/#organization"},"potentialAction":[{"@type":"SearchAction","target":{"@type":"EntryPoint","urlTemplate":"https:\/\/ses-creative.com\/?s={search_term_string}"},"query-input":{"@type":"PropertyValueSpecification","valueRequired":true,"valueName":"search_term_string"}}],"inLanguage":"fr-FR"},{"@type":"Organization","@id":"https:\/\/ses-creative.com\/#organization","name":"SES Creative","url":"https:\/\/ses-creative.com\/","logo":{"@type":"ImageObject","inLanguage":"fr-FR","@id":"https:\/\/ses-creative.com\/#\/schema\/logo\/image\/","url":"https:\/\/ses-creative.com\/wp-content\/uploads\/2025\/10\/ses-creative-logo.jpg","contentUrl":"https:\/\/ses-creative.com\/wp-content\/uploads\/2025\/10\/ses-creative-logo.jpg","width":2037,"height":2037,"caption":"SES Creative"},"image":{"@id":"https:\/\/ses-creative.com\/#\/schema\/logo\/image\/"}}]}},"_links":{"self":[{"href":"https:\/\/ses-creative.com\/fr\/wp-json\/wp\/v2\/product\/118320","targetHints":{"allow":["GET"]}}],"collection":[{"href":"https:\/\/ses-creative.com\/fr\/wp-json\/wp\/v2\/product"}],"about":[{"href":"https:\/\/ses-creative.com\/fr\/wp-json\/wp\/v2\/types\/product"}],"replies":[{"embeddable":true,"href":"https:\/\/ses-creative.com\/fr\/wp-json\/wp\/v2\/comments?post=118320"}],"wp:featuredmedia":[{"embeddable":true,"href":"https:\/\/ses-creative.com\/fr\/wp-json\/wp\/v2\/media\/102596"}],"wp:attachment":[{"href":"https:\/\/ses-creative.com\/fr\/wp-json\/wp\/v2\/media?parent=118320"}],"wp:term":[{"taxonomy":"product_brand","embeddable":true,"href":"https:\/\/ses-creative.com\/fr\/wp-json\/wp\/v2\/product_brand?post=118320"},{"taxonomy":"product_cat","embeddable":true,"href":"https:\/\/ses-creative.com\/fr\/wp-json\/wp\/v2\/product_cat?post=118320"},{"taxonomy":"product_tag","embeddable":true,"href":"https:\/\/ses-creative.com\/fr\/wp-json\/wp\/v2\/product_tag?post=118320"}],"curies":[{"name":"wp","href":"https:\/\/api.w.org\/{rel}","templated":true}]}}