











{"id":118318,"date":"2026-02-12T10:09:23","date_gmt":"2026-02-12T10:09:23","guid":{"rendered":"https:\/\/ses-creative.com\/?post_type=product&#038;p=118318"},"modified":"2026-02-12T10:22:56","modified_gmt":"2026-02-12T10:22:56","slug":"constructions-a-vis-de-dinosaures","status":"publish","type":"product","link":"https:\/\/ses-creative.com\/fr\/produit\/constructions-a-vis-de-dinosaures\/","title":{"rendered":"Constructions \u00e0 vis de dinosaures"},"content":{"rendered":"<p>Construisez votre propre T-Rex et Triceratops !<\/p>\n<p>Avec le kit Constructions \u00e0 visser Dino de SES Creative, vous combinez la construction et les dinosaures. Vissez les pi\u00e8ces ensemble et cr\u00e9ez sans cesse de nouveaux mod\u00e8les.<\/p>\n<p>Contenu de l&#8217;emballage<\/p>\n<p>35 pi\u00e8ces dinosaures color\u00e9es<\/p>\n<p>20 vis<\/p>\n<p>Tournevis adapt\u00e9 aux enfants<\/p>\n<p>Caract\u00e9ristiques uniques<\/p>\n<p>Construisez et reconstruisez pour un plaisir de jeu sans fin<\/p>\n<p>Stimule la r\u00e9flexion pour r\u00e9soudre des probl\u00e8mes et la motricit\u00e9 fine<\/p>\n<p>Pi\u00e8ces durables et r\u00e9utilisables<\/p>\n<p>Convient aux enfants \u00e0 partir de 5 ans<\/p>\n<p>Laissez libre cours \u00e0 votre cr\u00e9ativit\u00e9<br \/>\nConcevez et construisez vos propres dinosaures encore et encore, et d\u00e9veloppez vos comp\u00e9tences techniques.<\/p>\n<p>Commence d\u00e8s aujourd&rsquo;hui !<br \/>\nDevenez un petit ing\u00e9nieur et vivez une aventure rugissante avec vos dinosaures.<\/p>\n","protected":false},"excerpt":{"rendered":"<p>Construisez votre propre T-Rex et Triceratops ! Avec le kit Constructions \u00e0 visser Dino de SES Creative, vous combinez la construction et les dinosaures. Vissez les pi\u00e8ces ensemble et cr\u00e9ez sans cesse de nouveaux mod\u00e8les. Contenu de l&#8217;emballage 35 pi\u00e8ces dinosaures color\u00e9es 20 vis Tournevis adapt\u00e9 aux enfants Caract\u00e9ristiques uniques Construisez et reconstruisez pour un [&hellip;]<\/p>\n","protected":false},"featured_media":102556,"comment_status":"closed","ping_status":"closed","template":"","meta":{"_acf_changed":false},"product_brand":[],"product_cat":[122],"product_tag":[],"class_list":{"0":"post-118318","1":"product","2":"type-product","3":"status-publish","4":"has-post-thumbnail","6":"product_cat-loisirs-creatifs","7":"pa_leeftijd-filter-4-6-ans","8":"pa_meest-populair-bij-garcons","10":"first","11":"instock","12":"shipping-taxable","13":"product-type-simple"},"acf":[],"yoast_head":"<!-- This site is optimized with the Yoast SEO plugin v27.2 - https:\/\/yoast.com\/product\/yoast-seo-wordpress\/ -->\n<title>Constructions \u00e0 vis de dinosaures - SES Creative<\/title>\n<meta name=\"robots\" content=\"index, follow, max-snippet:-1, max-image-preview:large, max-video-preview:-1\" \/>\n<link rel=\"canonical\" href=\"https:\/\/ses-creative.com\/fr\/produit\/constructions-a-vis-de-dinosaures\/\" \/>\n<meta property=\"og:locale\" content=\"fr_FR\" \/>\n<meta property=\"og:type\" content=\"article\" \/>\n<meta property=\"og:title\" content=\"Constructions \u00e0 vis de dinosaures - SES Creative\" \/>\n<meta property=\"og:description\" content=\"Construisez votre propre T-Rex et Triceratops ! Avec le kit Constructions \u00e0 visser Dino de SES Creative, vous combinez la construction et les dinosaures. Vissez les pi\u00e8ces ensemble et cr\u00e9ez sans cesse de nouveaux mod\u00e8les. Contenu de l&#8217;emballage 35 pi\u00e8ces dinosaures color\u00e9es 20 vis Tournevis adapt\u00e9 aux enfants Caract\u00e9ristiques uniques Construisez et reconstruisez pour un [&hellip;]\" \/>\n<meta property=\"og:url\" content=\"https:\/\/ses-creative.com\/fr\/produit\/constructions-a-vis-de-dinosaures\/\" \/>\n<meta property=\"og:site_name\" content=\"SES Creative\" \/>\n<meta property=\"article:modified_time\" content=\"2026-02-12T10:22:56+00:00\" \/>\n<meta name=\"twitter:card\" content=\"summary_large_image\" \/>\n<meta name=\"twitter:label1\" content=\"Dur\u00e9e de lecture estim\u00e9e\" \/>\n\t<meta name=\"twitter:data1\" content=\"1 minute\" \/>\n<script type=\"application\/ld+json\" class=\"yoast-schema-graph\">{\"@context\":\"https:\/\/schema.org\",\"@graph\":[{\"@type\":\"WebPage\",\"@id\":\"https:\/\/ses-creative.com\/fr\/produit\/constructions-a-vis-de-dinosaures\/\",\"url\":\"https:\/\/ses-creative.com\/fr\/produit\/constructions-a-vis-de-dinosaures\/\",\"name\":\"Constructions \u00e0 vis de dinosaures - SES Creative\",\"isPartOf\":{\"@id\":\"https:\/\/ses-creative.com\/#website\"},\"primaryImageOfPage\":{\"@id\":\"https:\/\/ses-creative.com\/fr\/produit\/constructions-a-vis-de-dinosaures\/#primaryimage\"},\"image\":{\"@id\":\"https:\/\/ses-creative.com\/fr\/produit\/constructions-a-vis-de-dinosaures\/#primaryimage\"},\"thumbnailUrl\":\"https:\/\/ses-creative.com\/wp-content\/uploads\/2026\/01\/142911.jpg\",\"datePublished\":\"2026-02-12T10:09:23+00:00\",\"dateModified\":\"2026-02-12T10:22:56+00:00\",\"breadcrumb\":{\"@id\":\"https:\/\/ses-creative.com\/fr\/produit\/constructions-a-vis-de-dinosaures\/#breadcrumb\"},\"inLanguage\":\"fr-FR\",\"potentialAction\":[{\"@type\":\"ReadAction\",\"target\":[\"https:\/\/ses-creative.com\/fr\/produit\/constructions-a-vis-de-dinosaures\/\"]}]},{\"@type\":\"ImageObject\",\"inLanguage\":\"fr-FR\",\"@id\":\"https:\/\/ses-creative.com\/fr\/produit\/constructions-a-vis-de-dinosaures\/#primaryimage\",\"url\":\"https:\/\/ses-creative.com\/wp-content\/uploads\/2026\/01\/142911.jpg\",\"contentUrl\":\"https:\/\/ses-creative.com\/wp-content\/uploads\/2026\/01\/142911.jpg\",\"width\":1000,\"height\":1000},{\"@type\":\"BreadcrumbList\",\"@id\":\"https:\/\/ses-creative.com\/fr\/produit\/constructions-a-vis-de-dinosaures\/#breadcrumb\",\"itemListElement\":[{\"@type\":\"ListItem\",\"position\":1,\"name\":\"Boutique\",\"item\":\"https:\/\/ses-creative.com\/fr\/boutique\/\"},{\"@type\":\"ListItem\",\"position\":2,\"name\":\"Loisirs cr\u00e9atifs\",\"item\":\"https:\/\/ses-creative.com\/fr\/product-categorie\/loisirs-creatifs\/\"},{\"@type\":\"ListItem\",\"position\":3,\"name\":\"Constructions \u00e0 vis de dinosaures\"}]},{\"@type\":\"WebSite\",\"@id\":\"https:\/\/ses-creative.com\/#website\",\"url\":\"https:\/\/ses-creative.com\/\",\"name\":\"SES Creative\",\"description\":\"\",\"publisher\":{\"@id\":\"https:\/\/ses-creative.com\/#organization\"},\"potentialAction\":[{\"@type\":\"SearchAction\",\"target\":{\"@type\":\"EntryPoint\",\"urlTemplate\":\"https:\/\/ses-creative.com\/?s={search_term_string}\"},\"query-input\":{\"@type\":\"PropertyValueSpecification\",\"valueRequired\":true,\"valueName\":\"search_term_string\"}}],\"inLanguage\":\"fr-FR\"},{\"@type\":\"Organization\",\"@id\":\"https:\/\/ses-creative.com\/#organization\",\"name\":\"SES Creative\",\"url\":\"https:\/\/ses-creative.com\/\",\"logo\":{\"@type\":\"ImageObject\",\"inLanguage\":\"fr-FR\",\"@id\":\"https:\/\/ses-creative.com\/#\/schema\/logo\/image\/\",\"url\":\"https:\/\/ses-creative.com\/wp-content\/uploads\/2025\/10\/ses-creative-logo.jpg\",\"contentUrl\":\"https:\/\/ses-creative.com\/wp-content\/uploads\/2025\/10\/ses-creative-logo.jpg\",\"width\":2037,\"height\":2037,\"caption\":\"SES Creative\"},\"image\":{\"@id\":\"https:\/\/ses-creative.com\/#\/schema\/logo\/image\/\"}}]}<\/script>\n<!-- \/ Yoast SEO plugin. -->","yoast_head_json":{"title":"Constructions \u00e0 vis de dinosaures - SES Creative","robots":{"index":"index","follow":"follow","max-snippet":"max-snippet:-1","max-image-preview":"max-image-preview:large","max-video-preview":"max-video-preview:-1"},"canonical":"https:\/\/ses-creative.com\/fr\/produit\/constructions-a-vis-de-dinosaures\/","og_locale":"fr_FR","og_type":"article","og_title":"Constructions \u00e0 vis de dinosaures - SES Creative","og_description":"Construisez votre propre T-Rex et Triceratops ! Avec le kit Constructions \u00e0 visser Dino de SES Creative, vous combinez la construction et les dinosaures. Vissez les pi\u00e8ces ensemble et cr\u00e9ez sans cesse de nouveaux mod\u00e8les. Contenu de l&#8217;emballage 35 pi\u00e8ces dinosaures color\u00e9es 20 vis Tournevis adapt\u00e9 aux enfants Caract\u00e9ristiques uniques Construisez et reconstruisez pour un [&hellip;]","og_url":"https:\/\/ses-creative.com\/fr\/produit\/constructions-a-vis-de-dinosaures\/","og_site_name":"SES Creative","article_modified_time":"2026-02-12T10:22:56+00:00","twitter_card":"summary_large_image","twitter_misc":{"Dur\u00e9e de lecture estim\u00e9e":"1 minute"},"schema":{"@context":"https:\/\/schema.org","@graph":[{"@type":"WebPage","@id":"https:\/\/ses-creative.com\/fr\/produit\/constructions-a-vis-de-dinosaures\/","url":"https:\/\/ses-creative.com\/fr\/produit\/constructions-a-vis-de-dinosaures\/","name":"Constructions \u00e0 vis de dinosaures - SES Creative","isPartOf":{"@id":"https:\/\/ses-creative.com\/#website"},"primaryImageOfPage":{"@id":"https:\/\/ses-creative.com\/fr\/produit\/constructions-a-vis-de-dinosaures\/#primaryimage"},"image":{"@id":"https:\/\/ses-creative.com\/fr\/produit\/constructions-a-vis-de-dinosaures\/#primaryimage"},"thumbnailUrl":"https:\/\/ses-creative.com\/wp-content\/uploads\/2026\/01\/142911.jpg","datePublished":"2026-02-12T10:09:23+00:00","dateModified":"2026-02-12T10:22:56+00:00","breadcrumb":{"@id":"https:\/\/ses-creative.com\/fr\/produit\/constructions-a-vis-de-dinosaures\/#breadcrumb"},"inLanguage":"fr-FR","potentialAction":[{"@type":"ReadAction","target":["https:\/\/ses-creative.com\/fr\/produit\/constructions-a-vis-de-dinosaures\/"]}]},{"@type":"ImageObject","inLanguage":"fr-FR","@id":"https:\/\/ses-creative.com\/fr\/produit\/constructions-a-vis-de-dinosaures\/#primaryimage","url":"https:\/\/ses-creative.com\/wp-content\/uploads\/2026\/01\/142911.jpg","contentUrl":"https:\/\/ses-creative.com\/wp-content\/uploads\/2026\/01\/142911.jpg","width":1000,"height":1000},{"@type":"BreadcrumbList","@id":"https:\/\/ses-creative.com\/fr\/produit\/constructions-a-vis-de-dinosaures\/#breadcrumb","itemListElement":[{"@type":"ListItem","position":1,"name":"Boutique","item":"https:\/\/ses-creative.com\/fr\/boutique\/"},{"@type":"ListItem","position":2,"name":"Loisirs cr\u00e9atifs","item":"https:\/\/ses-creative.com\/fr\/product-categorie\/loisirs-creatifs\/"},{"@type":"ListItem","position":3,"name":"Constructions \u00e0 vis de dinosaures"}]},{"@type":"WebSite","@id":"https:\/\/ses-creative.com\/#website","url":"https:\/\/ses-creative.com\/","name":"SES Creative","description":"","publisher":{"@id":"https:\/\/ses-creative.com\/#organization"},"potentialAction":[{"@type":"SearchAction","target":{"@type":"EntryPoint","urlTemplate":"https:\/\/ses-creative.com\/?s={search_term_string}"},"query-input":{"@type":"PropertyValueSpecification","valueRequired":true,"valueName":"search_term_string"}}],"inLanguage":"fr-FR"},{"@type":"Organization","@id":"https:\/\/ses-creative.com\/#organization","name":"SES Creative","url":"https:\/\/ses-creative.com\/","logo":{"@type":"ImageObject","inLanguage":"fr-FR","@id":"https:\/\/ses-creative.com\/#\/schema\/logo\/image\/","url":"https:\/\/ses-creative.com\/wp-content\/uploads\/2025\/10\/ses-creative-logo.jpg","contentUrl":"https:\/\/ses-creative.com\/wp-content\/uploads\/2025\/10\/ses-creative-logo.jpg","width":2037,"height":2037,"caption":"SES Creative"},"image":{"@id":"https:\/\/ses-creative.com\/#\/schema\/logo\/image\/"}}]}},"_links":{"self":[{"href":"https:\/\/ses-creative.com\/fr\/wp-json\/wp\/v2\/product\/118318","targetHints":{"allow":["GET"]}}],"collection":[{"href":"https:\/\/ses-creative.com\/fr\/wp-json\/wp\/v2\/product"}],"about":[{"href":"https:\/\/ses-creative.com\/fr\/wp-json\/wp\/v2\/types\/product"}],"replies":[{"embeddable":true,"href":"https:\/\/ses-creative.com\/fr\/wp-json\/wp\/v2\/comments?post=118318"}],"wp:featuredmedia":[{"embeddable":true,"href":"https:\/\/ses-creative.com\/fr\/wp-json\/wp\/v2\/media\/102556"}],"wp:attachment":[{"href":"https:\/\/ses-creative.com\/fr\/wp-json\/wp\/v2\/media?parent=118318"}],"wp:term":[{"taxonomy":"product_brand","embeddable":true,"href":"https:\/\/ses-creative.com\/fr\/wp-json\/wp\/v2\/product_brand?post=118318"},{"taxonomy":"product_cat","embeddable":true,"href":"https:\/\/ses-creative.com\/fr\/wp-json\/wp\/v2\/product_cat?post=118318"},{"taxonomy":"product_tag","embeddable":true,"href":"https:\/\/ses-creative.com\/fr\/wp-json\/wp\/v2\/product_tag?post=118318"}],"curies":[{"name":"wp","href":"https:\/\/api.w.org\/{rel}","templated":true}]}}