











{"id":118316,"date":"2026-02-12T10:09:23","date_gmt":"2026-02-12T10:09:23","guid":{"rendered":"https:\/\/ses-creative.com\/?post_type=product&#038;p=118316"},"modified":"2026-02-12T10:22:56","modified_gmt":"2026-02-12T10:22:56","slug":"lanceur-davion-en-papier","status":"publish","type":"product","link":"https:\/\/ses-creative.com\/fr\/produit\/lanceur-davion-en-papier\/","title":{"rendered":"Lanceur d&rsquo;avion en papier"},"content":{"rendered":"<p>Pliez, lancez et volez !<\/p>\n<p>Avec le set Lancer des avions en papier de SES Creative, vous pliez vous-m\u00eame des avions et les lancez \u00e0 l&rsquo;aide d&rsquo;une rampe de lancement. D\u00e9couvrez jusqu&rsquo;o\u00f9 vos cr\u00e9ations peuvent voler !<\/p>\n<p>Contenu de l&#8217;emballage<\/p>\n<p>8 feuilles pour plier diff\u00e9rents avions<\/p>\n<p>1 rampe de lancement<\/p>\n<p>2 \u00e9lastiques<\/p>\n<p>Caract\u00e9ristiques uniques<\/p>\n<p>Combine le bricolage et le jeu actif<\/p>\n<p>M\u00e9canisme de lancement pour voler plus loin<\/p>\n<p>Stimule la cr\u00e9ativit\u00e9 et la motricit\u00e9 fine<\/p>\n<p>Convient aux enfants \u00e0 partir de 5 ans<\/p>\n<p>Laissez libre cours \u00e0 votre cr\u00e9ativit\u00e9<br \/>\nConstruisez vos propres avions, lancez-les et d\u00e9fiez vos amis pour voir lequel volera le plus loin !<\/p>\n<p>Commencez d\u00e8s aujourd&rsquo;hui !<br \/>\nD\u00e9couvrez le plaisir et l&rsquo;aventure avec vos propres avions en papier.<\/p>\n","protected":false},"excerpt":{"rendered":"<p>Pliez, lancez et volez ! Avec le set Lancer des avions en papier de SES Creative, vous pliez vous-m\u00eame des avions et les lancez \u00e0 l&rsquo;aide d&rsquo;une rampe de lancement. D\u00e9couvrez jusqu&rsquo;o\u00f9 vos cr\u00e9ations peuvent voler ! Contenu de l&#8217;emballage 8 feuilles pour plier diff\u00e9rents avions 1 rampe de lancement 2 \u00e9lastiques Caract\u00e9ristiques uniques Combine [&hellip;]<\/p>\n","protected":false},"featured_media":102516,"comment_status":"closed","ping_status":"closed","template":"","meta":{"_acf_changed":false},"product_brand":[],"product_cat":[122],"product_tag":[],"class_list":{"0":"post-118316","1":"product","2":"type-product","3":"status-publish","4":"has-post-thumbnail","6":"product_cat-loisirs-creatifs","7":"pa_leeftijd-filter-4-6-ans","8":"pa_meest-populair-bij-garcons","10":"first","11":"instock","12":"shipping-taxable","13":"product-type-simple"},"acf":[],"yoast_head":"<!-- This site is optimized with the Yoast SEO plugin v27.2 - https:\/\/yoast.com\/product\/yoast-seo-wordpress\/ -->\n<title>Lanceur d&#039;avion en papier - SES Creative<\/title>\n<meta name=\"robots\" content=\"index, follow, max-snippet:-1, max-image-preview:large, max-video-preview:-1\" \/>\n<link rel=\"canonical\" href=\"https:\/\/ses-creative.com\/fr\/produit\/lanceur-davion-en-papier\/\" \/>\n<meta property=\"og:locale\" content=\"fr_FR\" \/>\n<meta property=\"og:type\" content=\"article\" \/>\n<meta property=\"og:title\" content=\"Lanceur d&#039;avion en papier - SES Creative\" \/>\n<meta property=\"og:description\" content=\"Pliez, lancez et volez ! Avec le set Lancer des avions en papier de SES Creative, vous pliez vous-m\u00eame des avions et les lancez \u00e0 l&rsquo;aide d&rsquo;une rampe de lancement. D\u00e9couvrez jusqu&rsquo;o\u00f9 vos cr\u00e9ations peuvent voler ! Contenu de l&#8217;emballage 8 feuilles pour plier diff\u00e9rents avions 1 rampe de lancement 2 \u00e9lastiques Caract\u00e9ristiques uniques Combine [&hellip;]\" \/>\n<meta property=\"og:url\" content=\"https:\/\/ses-creative.com\/fr\/produit\/lanceur-davion-en-papier\/\" \/>\n<meta property=\"og:site_name\" content=\"SES Creative\" \/>\n<meta property=\"article:modified_time\" content=\"2026-02-12T10:22:56+00:00\" \/>\n<meta name=\"twitter:card\" content=\"summary_large_image\" \/>\n<meta name=\"twitter:label1\" content=\"Dur\u00e9e de lecture estim\u00e9e\" \/>\n\t<meta name=\"twitter:data1\" content=\"1 minute\" \/>\n<script type=\"application\/ld+json\" class=\"yoast-schema-graph\">{\"@context\":\"https:\/\/schema.org\",\"@graph\":[{\"@type\":\"WebPage\",\"@id\":\"https:\/\/ses-creative.com\/fr\/produit\/lanceur-davion-en-papier\/\",\"url\":\"https:\/\/ses-creative.com\/fr\/produit\/lanceur-davion-en-papier\/\",\"name\":\"Lanceur d'avion en papier - SES Creative\",\"isPartOf\":{\"@id\":\"https:\/\/ses-creative.com\/#website\"},\"primaryImageOfPage\":{\"@id\":\"https:\/\/ses-creative.com\/fr\/produit\/lanceur-davion-en-papier\/#primaryimage\"},\"image\":{\"@id\":\"https:\/\/ses-creative.com\/fr\/produit\/lanceur-davion-en-papier\/#primaryimage\"},\"thumbnailUrl\":\"https:\/\/ses-creative.com\/wp-content\/uploads\/2026\/01\/142881.jpg\",\"datePublished\":\"2026-02-12T10:09:23+00:00\",\"dateModified\":\"2026-02-12T10:22:56+00:00\",\"breadcrumb\":{\"@id\":\"https:\/\/ses-creative.com\/fr\/produit\/lanceur-davion-en-papier\/#breadcrumb\"},\"inLanguage\":\"fr-FR\",\"potentialAction\":[{\"@type\":\"ReadAction\",\"target\":[\"https:\/\/ses-creative.com\/fr\/produit\/lanceur-davion-en-papier\/\"]}]},{\"@type\":\"ImageObject\",\"inLanguage\":\"fr-FR\",\"@id\":\"https:\/\/ses-creative.com\/fr\/produit\/lanceur-davion-en-papier\/#primaryimage\",\"url\":\"https:\/\/ses-creative.com\/wp-content\/uploads\/2026\/01\/142881.jpg\",\"contentUrl\":\"https:\/\/ses-creative.com\/wp-content\/uploads\/2026\/01\/142881.jpg\",\"width\":1000,\"height\":1000},{\"@type\":\"BreadcrumbList\",\"@id\":\"https:\/\/ses-creative.com\/fr\/produit\/lanceur-davion-en-papier\/#breadcrumb\",\"itemListElement\":[{\"@type\":\"ListItem\",\"position\":1,\"name\":\"Boutique\",\"item\":\"https:\/\/ses-creative.com\/fr\/boutique\/\"},{\"@type\":\"ListItem\",\"position\":2,\"name\":\"Loisirs cr\u00e9atifs\",\"item\":\"https:\/\/ses-creative.com\/fr\/product-categorie\/loisirs-creatifs\/\"},{\"@type\":\"ListItem\",\"position\":3,\"name\":\"Lanceur d&#8217;avion en papier\"}]},{\"@type\":\"WebSite\",\"@id\":\"https:\/\/ses-creative.com\/#website\",\"url\":\"https:\/\/ses-creative.com\/\",\"name\":\"SES Creative\",\"description\":\"\",\"publisher\":{\"@id\":\"https:\/\/ses-creative.com\/#organization\"},\"potentialAction\":[{\"@type\":\"SearchAction\",\"target\":{\"@type\":\"EntryPoint\",\"urlTemplate\":\"https:\/\/ses-creative.com\/?s={search_term_string}\"},\"query-input\":{\"@type\":\"PropertyValueSpecification\",\"valueRequired\":true,\"valueName\":\"search_term_string\"}}],\"inLanguage\":\"fr-FR\"},{\"@type\":\"Organization\",\"@id\":\"https:\/\/ses-creative.com\/#organization\",\"name\":\"SES Creative\",\"url\":\"https:\/\/ses-creative.com\/\",\"logo\":{\"@type\":\"ImageObject\",\"inLanguage\":\"fr-FR\",\"@id\":\"https:\/\/ses-creative.com\/#\/schema\/logo\/image\/\",\"url\":\"https:\/\/ses-creative.com\/wp-content\/uploads\/2025\/10\/ses-creative-logo.jpg\",\"contentUrl\":\"https:\/\/ses-creative.com\/wp-content\/uploads\/2025\/10\/ses-creative-logo.jpg\",\"width\":2037,\"height\":2037,\"caption\":\"SES Creative\"},\"image\":{\"@id\":\"https:\/\/ses-creative.com\/#\/schema\/logo\/image\/\"}}]}<\/script>\n<!-- \/ Yoast SEO plugin. -->","yoast_head_json":{"title":"Lanceur d'avion en papier - SES Creative","robots":{"index":"index","follow":"follow","max-snippet":"max-snippet:-1","max-image-preview":"max-image-preview:large","max-video-preview":"max-video-preview:-1"},"canonical":"https:\/\/ses-creative.com\/fr\/produit\/lanceur-davion-en-papier\/","og_locale":"fr_FR","og_type":"article","og_title":"Lanceur d'avion en papier - SES Creative","og_description":"Pliez, lancez et volez ! Avec le set Lancer des avions en papier de SES Creative, vous pliez vous-m\u00eame des avions et les lancez \u00e0 l&rsquo;aide d&rsquo;une rampe de lancement. D\u00e9couvrez jusqu&rsquo;o\u00f9 vos cr\u00e9ations peuvent voler ! Contenu de l&#8217;emballage 8 feuilles pour plier diff\u00e9rents avions 1 rampe de lancement 2 \u00e9lastiques Caract\u00e9ristiques uniques Combine [&hellip;]","og_url":"https:\/\/ses-creative.com\/fr\/produit\/lanceur-davion-en-papier\/","og_site_name":"SES Creative","article_modified_time":"2026-02-12T10:22:56+00:00","twitter_card":"summary_large_image","twitter_misc":{"Dur\u00e9e de lecture estim\u00e9e":"1 minute"},"schema":{"@context":"https:\/\/schema.org","@graph":[{"@type":"WebPage","@id":"https:\/\/ses-creative.com\/fr\/produit\/lanceur-davion-en-papier\/","url":"https:\/\/ses-creative.com\/fr\/produit\/lanceur-davion-en-papier\/","name":"Lanceur d'avion en papier - SES Creative","isPartOf":{"@id":"https:\/\/ses-creative.com\/#website"},"primaryImageOfPage":{"@id":"https:\/\/ses-creative.com\/fr\/produit\/lanceur-davion-en-papier\/#primaryimage"},"image":{"@id":"https:\/\/ses-creative.com\/fr\/produit\/lanceur-davion-en-papier\/#primaryimage"},"thumbnailUrl":"https:\/\/ses-creative.com\/wp-content\/uploads\/2026\/01\/142881.jpg","datePublished":"2026-02-12T10:09:23+00:00","dateModified":"2026-02-12T10:22:56+00:00","breadcrumb":{"@id":"https:\/\/ses-creative.com\/fr\/produit\/lanceur-davion-en-papier\/#breadcrumb"},"inLanguage":"fr-FR","potentialAction":[{"@type":"ReadAction","target":["https:\/\/ses-creative.com\/fr\/produit\/lanceur-davion-en-papier\/"]}]},{"@type":"ImageObject","inLanguage":"fr-FR","@id":"https:\/\/ses-creative.com\/fr\/produit\/lanceur-davion-en-papier\/#primaryimage","url":"https:\/\/ses-creative.com\/wp-content\/uploads\/2026\/01\/142881.jpg","contentUrl":"https:\/\/ses-creative.com\/wp-content\/uploads\/2026\/01\/142881.jpg","width":1000,"height":1000},{"@type":"BreadcrumbList","@id":"https:\/\/ses-creative.com\/fr\/produit\/lanceur-davion-en-papier\/#breadcrumb","itemListElement":[{"@type":"ListItem","position":1,"name":"Boutique","item":"https:\/\/ses-creative.com\/fr\/boutique\/"},{"@type":"ListItem","position":2,"name":"Loisirs cr\u00e9atifs","item":"https:\/\/ses-creative.com\/fr\/product-categorie\/loisirs-creatifs\/"},{"@type":"ListItem","position":3,"name":"Lanceur d&#8217;avion en papier"}]},{"@type":"WebSite","@id":"https:\/\/ses-creative.com\/#website","url":"https:\/\/ses-creative.com\/","name":"SES Creative","description":"","publisher":{"@id":"https:\/\/ses-creative.com\/#organization"},"potentialAction":[{"@type":"SearchAction","target":{"@type":"EntryPoint","urlTemplate":"https:\/\/ses-creative.com\/?s={search_term_string}"},"query-input":{"@type":"PropertyValueSpecification","valueRequired":true,"valueName":"search_term_string"}}],"inLanguage":"fr-FR"},{"@type":"Organization","@id":"https:\/\/ses-creative.com\/#organization","name":"SES Creative","url":"https:\/\/ses-creative.com\/","logo":{"@type":"ImageObject","inLanguage":"fr-FR","@id":"https:\/\/ses-creative.com\/#\/schema\/logo\/image\/","url":"https:\/\/ses-creative.com\/wp-content\/uploads\/2025\/10\/ses-creative-logo.jpg","contentUrl":"https:\/\/ses-creative.com\/wp-content\/uploads\/2025\/10\/ses-creative-logo.jpg","width":2037,"height":2037,"caption":"SES Creative"},"image":{"@id":"https:\/\/ses-creative.com\/#\/schema\/logo\/image\/"}}]}},"_links":{"self":[{"href":"https:\/\/ses-creative.com\/fr\/wp-json\/wp\/v2\/product\/118316","targetHints":{"allow":["GET"]}}],"collection":[{"href":"https:\/\/ses-creative.com\/fr\/wp-json\/wp\/v2\/product"}],"about":[{"href":"https:\/\/ses-creative.com\/fr\/wp-json\/wp\/v2\/types\/product"}],"replies":[{"embeddable":true,"href":"https:\/\/ses-creative.com\/fr\/wp-json\/wp\/v2\/comments?post=118316"}],"wp:featuredmedia":[{"embeddable":true,"href":"https:\/\/ses-creative.com\/fr\/wp-json\/wp\/v2\/media\/102516"}],"wp:attachment":[{"href":"https:\/\/ses-creative.com\/fr\/wp-json\/wp\/v2\/media?parent=118316"}],"wp:term":[{"taxonomy":"product_brand","embeddable":true,"href":"https:\/\/ses-creative.com\/fr\/wp-json\/wp\/v2\/product_brand?post=118316"},{"taxonomy":"product_cat","embeddable":true,"href":"https:\/\/ses-creative.com\/fr\/wp-json\/wp\/v2\/product_cat?post=118316"},{"taxonomy":"product_tag","embeddable":true,"href":"https:\/\/ses-creative.com\/fr\/wp-json\/wp\/v2\/product_tag?post=118316"}],"curies":[{"name":"wp","href":"https:\/\/api.w.org\/{rel}","templated":true}]}}