











{"id":118314,"date":"2026-02-12T10:09:22","date_gmt":"2026-02-12T10:09:22","guid":{"rendered":"https:\/\/ses-creative.com\/?post_type=product&#038;p=118314"},"modified":"2026-02-12T10:22:56","modified_gmt":"2026-02-12T10:22:56","slug":"cartes-a-gratter-phosphorescentes-dinosaures","status":"publish","type":"product","link":"https:\/\/ses-creative.com\/fr\/produit\/cartes-a-gratter-phosphorescentes-dinosaures\/","title":{"rendered":"Cartes \u00e0 gratter phosphorescentes &#8211; Dinosaures"},"content":{"rendered":"<p>Des dinosaures magiques qui brillent dans le noir !<\/p>\n<p>Les cartes \u00e0 gratter Glow in the Dark de SES Creative rendent le grattage encore plus passionnant. D\u00e9couvrez des dinosaures cach\u00e9s qui brillent dans le noir et donnez vie \u00e0 vos \u0153uvres d&rsquo;art.<\/p>\n<p>Contenu de l&#8217;emballage<\/p>\n<p>6 cartes \u00e0 gratter avec effet phosphorescent<\/p>\n<p>Crayon \u00e0 gratter<\/p>\n<p>Caract\u00e9ristiques uniques<\/p>\n<p>Effet phosphorescent pour des r\u00e9sultats magiques<\/p>\n<p>Stimule la cr\u00e9ativit\u00e9 et la motricit\u00e9 fine<\/p>\n<p>Facile et amusant \u00e0 r\u00e9aliser<\/p>\n<p>Convient aux enfants \u00e0 partir de 3 ans<\/p>\n<p>Laissez libre cours \u00e0 votre cr\u00e9ativit\u00e9<br \/>\nGrattez la couche noire et d\u00e9couvrez de surprenantes illustrations de dinosaures. Parfait pour cr\u00e9er seul ou avec des amis.<\/p>\n<p>Commencez d\u00e8s aujourd&rsquo;hui !<br \/>\nCr\u00e9ez votre propre monde de dinosaures phosphorescents et profitez d&rsquo;heures de plaisir cr\u00e9atif.<\/p>\n","protected":false},"excerpt":{"rendered":"<p>Des dinosaures magiques qui brillent dans le noir ! Les cartes \u00e0 gratter Glow in the Dark de SES Creative rendent le grattage encore plus passionnant. D\u00e9couvrez des dinosaures cach\u00e9s qui brillent dans le noir et donnez vie \u00e0 vos \u0153uvres d&rsquo;art. Contenu de l&#8217;emballage 6 cartes \u00e0 gratter avec effet phosphorescent Crayon \u00e0 gratter [&hellip;]<\/p>\n","protected":false},"featured_media":102496,"comment_status":"closed","ping_status":"closed","template":"","meta":{"_acf_changed":false},"product_brand":[],"product_cat":[122],"product_tag":[],"class_list":{"0":"post-118314","1":"product","2":"type-product","3":"status-publish","4":"has-post-thumbnail","6":"product_cat-loisirs-creatifs","7":"pa_leeftijd-filter-3-4-ans","8":"pa_meest-populair-bij-garcons","10":"first","11":"instock","12":"shipping-taxable","13":"product-type-simple"},"acf":[],"yoast_head":"<!-- This site is optimized with the Yoast SEO plugin v27.2 - https:\/\/yoast.com\/product\/yoast-seo-wordpress\/ -->\n<title>Cartes \u00e0 gratter phosphorescentes - Dinosaures - SES Creative<\/title>\n<meta name=\"robots\" content=\"index, follow, max-snippet:-1, max-image-preview:large, max-video-preview:-1\" \/>\n<link rel=\"canonical\" href=\"https:\/\/ses-creative.com\/fr\/produit\/cartes-a-gratter-phosphorescentes-dinosaures\/\" \/>\n<meta property=\"og:locale\" content=\"fr_FR\" \/>\n<meta property=\"og:type\" content=\"article\" \/>\n<meta property=\"og:title\" content=\"Cartes \u00e0 gratter phosphorescentes - Dinosaures - SES Creative\" \/>\n<meta property=\"og:description\" content=\"Des dinosaures magiques qui brillent dans le noir ! Les cartes \u00e0 gratter Glow in the Dark de SES Creative rendent le grattage encore plus passionnant. D\u00e9couvrez des dinosaures cach\u00e9s qui brillent dans le noir et donnez vie \u00e0 vos \u0153uvres d&rsquo;art. Contenu de l&#8217;emballage 6 cartes \u00e0 gratter avec effet phosphorescent Crayon \u00e0 gratter [&hellip;]\" \/>\n<meta property=\"og:url\" content=\"https:\/\/ses-creative.com\/fr\/produit\/cartes-a-gratter-phosphorescentes-dinosaures\/\" \/>\n<meta property=\"og:site_name\" content=\"SES Creative\" \/>\n<meta property=\"article:modified_time\" content=\"2026-02-12T10:22:56+00:00\" \/>\n<meta name=\"twitter:card\" content=\"summary_large_image\" \/>\n<meta name=\"twitter:label1\" content=\"Dur\u00e9e de lecture estim\u00e9e\" \/>\n\t<meta name=\"twitter:data1\" content=\"1 minute\" \/>\n<script type=\"application\/ld+json\" class=\"yoast-schema-graph\">{\"@context\":\"https:\/\/schema.org\",\"@graph\":[{\"@type\":\"WebPage\",\"@id\":\"https:\/\/ses-creative.com\/fr\/produit\/cartes-a-gratter-phosphorescentes-dinosaures\/\",\"url\":\"https:\/\/ses-creative.com\/fr\/produit\/cartes-a-gratter-phosphorescentes-dinosaures\/\",\"name\":\"Cartes \u00e0 gratter phosphorescentes - Dinosaures - SES Creative\",\"isPartOf\":{\"@id\":\"https:\/\/ses-creative.com\/#website\"},\"primaryImageOfPage\":{\"@id\":\"https:\/\/ses-creative.com\/fr\/produit\/cartes-a-gratter-phosphorescentes-dinosaures\/#primaryimage\"},\"image\":{\"@id\":\"https:\/\/ses-creative.com\/fr\/produit\/cartes-a-gratter-phosphorescentes-dinosaures\/#primaryimage\"},\"thumbnailUrl\":\"https:\/\/ses-creative.com\/wp-content\/uploads\/2026\/01\/142851.jpg\",\"datePublished\":\"2026-02-12T10:09:22+00:00\",\"dateModified\":\"2026-02-12T10:22:56+00:00\",\"breadcrumb\":{\"@id\":\"https:\/\/ses-creative.com\/fr\/produit\/cartes-a-gratter-phosphorescentes-dinosaures\/#breadcrumb\"},\"inLanguage\":\"fr-FR\",\"potentialAction\":[{\"@type\":\"ReadAction\",\"target\":[\"https:\/\/ses-creative.com\/fr\/produit\/cartes-a-gratter-phosphorescentes-dinosaures\/\"]}]},{\"@type\":\"ImageObject\",\"inLanguage\":\"fr-FR\",\"@id\":\"https:\/\/ses-creative.com\/fr\/produit\/cartes-a-gratter-phosphorescentes-dinosaures\/#primaryimage\",\"url\":\"https:\/\/ses-creative.com\/wp-content\/uploads\/2026\/01\/142851.jpg\",\"contentUrl\":\"https:\/\/ses-creative.com\/wp-content\/uploads\/2026\/01\/142851.jpg\",\"width\":1000,\"height\":1000},{\"@type\":\"BreadcrumbList\",\"@id\":\"https:\/\/ses-creative.com\/fr\/produit\/cartes-a-gratter-phosphorescentes-dinosaures\/#breadcrumb\",\"itemListElement\":[{\"@type\":\"ListItem\",\"position\":1,\"name\":\"Boutique\",\"item\":\"https:\/\/ses-creative.com\/fr\/boutique\/\"},{\"@type\":\"ListItem\",\"position\":2,\"name\":\"Loisirs cr\u00e9atifs\",\"item\":\"https:\/\/ses-creative.com\/fr\/product-categorie\/loisirs-creatifs\/\"},{\"@type\":\"ListItem\",\"position\":3,\"name\":\"Cartes \u00e0 gratter phosphorescentes &#8211; Dinosaures\"}]},{\"@type\":\"WebSite\",\"@id\":\"https:\/\/ses-creative.com\/#website\",\"url\":\"https:\/\/ses-creative.com\/\",\"name\":\"SES Creative\",\"description\":\"\",\"publisher\":{\"@id\":\"https:\/\/ses-creative.com\/#organization\"},\"potentialAction\":[{\"@type\":\"SearchAction\",\"target\":{\"@type\":\"EntryPoint\",\"urlTemplate\":\"https:\/\/ses-creative.com\/?s={search_term_string}\"},\"query-input\":{\"@type\":\"PropertyValueSpecification\",\"valueRequired\":true,\"valueName\":\"search_term_string\"}}],\"inLanguage\":\"fr-FR\"},{\"@type\":\"Organization\",\"@id\":\"https:\/\/ses-creative.com\/#organization\",\"name\":\"SES Creative\",\"url\":\"https:\/\/ses-creative.com\/\",\"logo\":{\"@type\":\"ImageObject\",\"inLanguage\":\"fr-FR\",\"@id\":\"https:\/\/ses-creative.com\/#\/schema\/logo\/image\/\",\"url\":\"https:\/\/ses-creative.com\/wp-content\/uploads\/2025\/10\/ses-creative-logo.jpg\",\"contentUrl\":\"https:\/\/ses-creative.com\/wp-content\/uploads\/2025\/10\/ses-creative-logo.jpg\",\"width\":2037,\"height\":2037,\"caption\":\"SES Creative\"},\"image\":{\"@id\":\"https:\/\/ses-creative.com\/#\/schema\/logo\/image\/\"}}]}<\/script>\n<!-- \/ Yoast SEO plugin. -->","yoast_head_json":{"title":"Cartes \u00e0 gratter phosphorescentes - Dinosaures - SES Creative","robots":{"index":"index","follow":"follow","max-snippet":"max-snippet:-1","max-image-preview":"max-image-preview:large","max-video-preview":"max-video-preview:-1"},"canonical":"https:\/\/ses-creative.com\/fr\/produit\/cartes-a-gratter-phosphorescentes-dinosaures\/","og_locale":"fr_FR","og_type":"article","og_title":"Cartes \u00e0 gratter phosphorescentes - Dinosaures - SES Creative","og_description":"Des dinosaures magiques qui brillent dans le noir ! Les cartes \u00e0 gratter Glow in the Dark de SES Creative rendent le grattage encore plus passionnant. D\u00e9couvrez des dinosaures cach\u00e9s qui brillent dans le noir et donnez vie \u00e0 vos \u0153uvres d&rsquo;art. Contenu de l&#8217;emballage 6 cartes \u00e0 gratter avec effet phosphorescent Crayon \u00e0 gratter [&hellip;]","og_url":"https:\/\/ses-creative.com\/fr\/produit\/cartes-a-gratter-phosphorescentes-dinosaures\/","og_site_name":"SES Creative","article_modified_time":"2026-02-12T10:22:56+00:00","twitter_card":"summary_large_image","twitter_misc":{"Dur\u00e9e de lecture estim\u00e9e":"1 minute"},"schema":{"@context":"https:\/\/schema.org","@graph":[{"@type":"WebPage","@id":"https:\/\/ses-creative.com\/fr\/produit\/cartes-a-gratter-phosphorescentes-dinosaures\/","url":"https:\/\/ses-creative.com\/fr\/produit\/cartes-a-gratter-phosphorescentes-dinosaures\/","name":"Cartes \u00e0 gratter phosphorescentes - Dinosaures - SES Creative","isPartOf":{"@id":"https:\/\/ses-creative.com\/#website"},"primaryImageOfPage":{"@id":"https:\/\/ses-creative.com\/fr\/produit\/cartes-a-gratter-phosphorescentes-dinosaures\/#primaryimage"},"image":{"@id":"https:\/\/ses-creative.com\/fr\/produit\/cartes-a-gratter-phosphorescentes-dinosaures\/#primaryimage"},"thumbnailUrl":"https:\/\/ses-creative.com\/wp-content\/uploads\/2026\/01\/142851.jpg","datePublished":"2026-02-12T10:09:22+00:00","dateModified":"2026-02-12T10:22:56+00:00","breadcrumb":{"@id":"https:\/\/ses-creative.com\/fr\/produit\/cartes-a-gratter-phosphorescentes-dinosaures\/#breadcrumb"},"inLanguage":"fr-FR","potentialAction":[{"@type":"ReadAction","target":["https:\/\/ses-creative.com\/fr\/produit\/cartes-a-gratter-phosphorescentes-dinosaures\/"]}]},{"@type":"ImageObject","inLanguage":"fr-FR","@id":"https:\/\/ses-creative.com\/fr\/produit\/cartes-a-gratter-phosphorescentes-dinosaures\/#primaryimage","url":"https:\/\/ses-creative.com\/wp-content\/uploads\/2026\/01\/142851.jpg","contentUrl":"https:\/\/ses-creative.com\/wp-content\/uploads\/2026\/01\/142851.jpg","width":1000,"height":1000},{"@type":"BreadcrumbList","@id":"https:\/\/ses-creative.com\/fr\/produit\/cartes-a-gratter-phosphorescentes-dinosaures\/#breadcrumb","itemListElement":[{"@type":"ListItem","position":1,"name":"Boutique","item":"https:\/\/ses-creative.com\/fr\/boutique\/"},{"@type":"ListItem","position":2,"name":"Loisirs cr\u00e9atifs","item":"https:\/\/ses-creative.com\/fr\/product-categorie\/loisirs-creatifs\/"},{"@type":"ListItem","position":3,"name":"Cartes \u00e0 gratter phosphorescentes &#8211; Dinosaures"}]},{"@type":"WebSite","@id":"https:\/\/ses-creative.com\/#website","url":"https:\/\/ses-creative.com\/","name":"SES Creative","description":"","publisher":{"@id":"https:\/\/ses-creative.com\/#organization"},"potentialAction":[{"@type":"SearchAction","target":{"@type":"EntryPoint","urlTemplate":"https:\/\/ses-creative.com\/?s={search_term_string}"},"query-input":{"@type":"PropertyValueSpecification","valueRequired":true,"valueName":"search_term_string"}}],"inLanguage":"fr-FR"},{"@type":"Organization","@id":"https:\/\/ses-creative.com\/#organization","name":"SES Creative","url":"https:\/\/ses-creative.com\/","logo":{"@type":"ImageObject","inLanguage":"fr-FR","@id":"https:\/\/ses-creative.com\/#\/schema\/logo\/image\/","url":"https:\/\/ses-creative.com\/wp-content\/uploads\/2025\/10\/ses-creative-logo.jpg","contentUrl":"https:\/\/ses-creative.com\/wp-content\/uploads\/2025\/10\/ses-creative-logo.jpg","width":2037,"height":2037,"caption":"SES Creative"},"image":{"@id":"https:\/\/ses-creative.com\/#\/schema\/logo\/image\/"}}]}},"_links":{"self":[{"href":"https:\/\/ses-creative.com\/fr\/wp-json\/wp\/v2\/product\/118314","targetHints":{"allow":["GET"]}}],"collection":[{"href":"https:\/\/ses-creative.com\/fr\/wp-json\/wp\/v2\/product"}],"about":[{"href":"https:\/\/ses-creative.com\/fr\/wp-json\/wp\/v2\/types\/product"}],"replies":[{"embeddable":true,"href":"https:\/\/ses-creative.com\/fr\/wp-json\/wp\/v2\/comments?post=118314"}],"wp:featuredmedia":[{"embeddable":true,"href":"https:\/\/ses-creative.com\/fr\/wp-json\/wp\/v2\/media\/102496"}],"wp:attachment":[{"href":"https:\/\/ses-creative.com\/fr\/wp-json\/wp\/v2\/media?parent=118314"}],"wp:term":[{"taxonomy":"product_brand","embeddable":true,"href":"https:\/\/ses-creative.com\/fr\/wp-json\/wp\/v2\/product_brand?post=118314"},{"taxonomy":"product_cat","embeddable":true,"href":"https:\/\/ses-creative.com\/fr\/wp-json\/wp\/v2\/product_cat?post=118314"},{"taxonomy":"product_tag","embeddable":true,"href":"https:\/\/ses-creative.com\/fr\/wp-json\/wp\/v2\/product_tag?post=118314"}],"curies":[{"name":"wp","href":"https:\/\/api.w.org\/{rel}","templated":true}]}}