











{"id":118312,"date":"2026-02-12T10:09:22","date_gmt":"2026-02-12T10:09:22","guid":{"rendered":"https:\/\/ses-creative.com\/?post_type=product&#038;p=118312"},"modified":"2026-02-12T10:22:56","modified_gmt":"2026-02-12T10:22:56","slug":"tattoos-pour-enfants","status":"publish","type":"product","link":"https:\/\/ses-creative.com\/fr\/produit\/tattoos-pour-enfants\/","title":{"rendered":"Tattoos pour enfants"},"content":{"rendered":"<p>Devenez le plus cool avec ces tatouages g\u00e9niaux !<\/p>\n<p>Avec le kit SES Creative Tatouages pour enfants, tu peux te d\u00e9corer avec pas moins de 50 tatouages m\u00e9talliques super cool. Que ce soit pour une f\u00eate, un d\u00e9guisement ou juste pour le plaisir, avec ces tatouages, tu seras s\u00fbr de voler la vedette ! Les tatouages sont sans danger pour la peau, faciles \u00e0 appliquer avec de l&rsquo;eau et tout aussi faciles \u00e0 enlever.<\/p>\n<p>Contenu de l&#8217;emballage<\/p>\n<p>50 tatouages m\u00e9talliques<\/p>\n<p>Caract\u00e9ristiques uniques<\/p>\n<p>Contient 50 motifs sympas et vari\u00e9s<\/p>\n<p>Superbe finition m\u00e9tallique pour un look robuste<\/p>\n<p>Facile \u00e0 appliquer et \u00e0 retirer<\/p>\n<p>Sans danger pour la peau, convient aux enfants \u00e0 partir de 3 ans<\/p>\n<p>Id\u00e9al pour les f\u00eates, les rendez-vous ludiques et les d\u00e9guisements<\/p>\n<p>D\u00e9corez-vous avec les tatouages les plus cool<br \/>\nLes enfants peuvent s&rsquo;amuser et d\u00e9couvrir leur propre style avec ces tatouages m\u00e9talliques temporaires. Ils tiennent bien et permettent de changer de look \u00e0 chaque fois.<\/p>\n<p>Commencez d\u00e8s aujourd&rsquo;hui !<br \/>\nAvec le kit SES Creative Tattoos pour enfants, vous avez toujours un accessoire cool et cr\u00e9atif \u00e0 port\u00e9e de main. Essayez-les tous et montrez quel tatouage vous convient le mieux !<\/p>\n","protected":false},"excerpt":{"rendered":"<p>Devenez le plus cool avec ces tatouages g\u00e9niaux ! Avec le kit SES Creative Tatouages pour enfants, tu peux te d\u00e9corer avec pas moins de 50 tatouages m\u00e9talliques super cool. Que ce soit pour une f\u00eate, un d\u00e9guisement ou juste pour le plaisir, avec ces tatouages, tu seras s\u00fbr de voler la vedette ! Les [&hellip;]<\/p>\n","protected":false},"featured_media":102456,"comment_status":"closed","ping_status":"closed","template":"","meta":{"_acf_changed":false},"product_brand":[],"product_cat":[122],"product_tag":[],"class_list":{"0":"post-118312","1":"product","2":"type-product","3":"status-publish","4":"has-post-thumbnail","6":"product_cat-loisirs-creatifs","7":"pa_leeftijd-filter-3-4-ans","8":"pa_meest-populair-bij-garcons","10":"first","11":"instock","12":"shipping-taxable","13":"product-type-simple"},"acf":[],"yoast_head":"<!-- This site is optimized with the Yoast SEO plugin v27.4 - https:\/\/yoast.com\/product\/yoast-seo-wordpress\/ -->\n<title>Tattoos pour enfants - SES Creative<\/title>\n<meta name=\"robots\" content=\"index, follow, max-snippet:-1, max-image-preview:large, max-video-preview:-1\" \/>\n<link rel=\"canonical\" href=\"https:\/\/ses-creative.com\/fr\/produit\/tattoos-pour-enfants\/\" \/>\n<meta property=\"og:locale\" content=\"fr_FR\" \/>\n<meta property=\"og:type\" content=\"article\" \/>\n<meta property=\"og:title\" content=\"Tattoos pour enfants - SES Creative\" \/>\n<meta property=\"og:description\" content=\"Devenez le plus cool avec ces tatouages g\u00e9niaux ! Avec le kit SES Creative Tatouages pour enfants, tu peux te d\u00e9corer avec pas moins de 50 tatouages m\u00e9talliques super cool. Que ce soit pour une f\u00eate, un d\u00e9guisement ou juste pour le plaisir, avec ces tatouages, tu seras s\u00fbr de voler la vedette ! Les [&hellip;]\" \/>\n<meta property=\"og:url\" content=\"https:\/\/ses-creative.com\/fr\/produit\/tattoos-pour-enfants\/\" \/>\n<meta property=\"og:site_name\" content=\"SES Creative\" \/>\n<meta property=\"article:modified_time\" content=\"2026-02-12T10:22:56+00:00\" \/>\n<meta name=\"twitter:card\" content=\"summary_large_image\" \/>\n<meta name=\"twitter:label1\" content=\"Dur\u00e9e de lecture estim\u00e9e\" \/>\n\t<meta name=\"twitter:data1\" content=\"1 minute\" \/>\n<script type=\"application\/ld+json\" class=\"yoast-schema-graph\">{\"@context\":\"https:\\\/\\\/schema.org\",\"@graph\":[{\"@type\":\"WebPage\",\"@id\":\"https:\\\/\\\/ses-creative.com\\\/fr\\\/produit\\\/tattoos-pour-enfants\\\/\",\"url\":\"https:\\\/\\\/ses-creative.com\\\/fr\\\/produit\\\/tattoos-pour-enfants\\\/\",\"name\":\"Tattoos pour enfants - SES Creative\",\"isPartOf\":{\"@id\":\"https:\\\/\\\/ses-creative.com\\\/#website\"},\"primaryImageOfPage\":{\"@id\":\"https:\\\/\\\/ses-creative.com\\\/fr\\\/produit\\\/tattoos-pour-enfants\\\/#primaryimage\"},\"image\":{\"@id\":\"https:\\\/\\\/ses-creative.com\\\/fr\\\/produit\\\/tattoos-pour-enfants\\\/#primaryimage\"},\"thumbnailUrl\":\"https:\\\/\\\/ses-creative.com\\\/wp-content\\\/uploads\\\/2026\\\/01\\\/142811.jpg\",\"datePublished\":\"2026-02-12T10:09:22+00:00\",\"dateModified\":\"2026-02-12T10:22:56+00:00\",\"breadcrumb\":{\"@id\":\"https:\\\/\\\/ses-creative.com\\\/fr\\\/produit\\\/tattoos-pour-enfants\\\/#breadcrumb\"},\"inLanguage\":\"fr-FR\",\"potentialAction\":[{\"@type\":\"ReadAction\",\"target\":[\"https:\\\/\\\/ses-creative.com\\\/fr\\\/produit\\\/tattoos-pour-enfants\\\/\"]}]},{\"@type\":\"ImageObject\",\"inLanguage\":\"fr-FR\",\"@id\":\"https:\\\/\\\/ses-creative.com\\\/fr\\\/produit\\\/tattoos-pour-enfants\\\/#primaryimage\",\"url\":\"https:\\\/\\\/ses-creative.com\\\/wp-content\\\/uploads\\\/2026\\\/01\\\/142811.jpg\",\"contentUrl\":\"https:\\\/\\\/ses-creative.com\\\/wp-content\\\/uploads\\\/2026\\\/01\\\/142811.jpg\",\"width\":1000,\"height\":1000},{\"@type\":\"BreadcrumbList\",\"@id\":\"https:\\\/\\\/ses-creative.com\\\/fr\\\/produit\\\/tattoos-pour-enfants\\\/#breadcrumb\",\"itemListElement\":[{\"@type\":\"ListItem\",\"position\":1,\"name\":\"Boutique\",\"item\":\"https:\\\/\\\/ses-creative.com\\\/fr\\\/boutique\\\/\"},{\"@type\":\"ListItem\",\"position\":2,\"name\":\"Loisirs cr\u00e9atifs\",\"item\":\"https:\\\/\\\/ses-creative.com\\\/fr\\\/product-categorie\\\/loisirs-creatifs\\\/\"},{\"@type\":\"ListItem\",\"position\":3,\"name\":\"Tattoos pour enfants\"}]},{\"@type\":\"WebSite\",\"@id\":\"https:\\\/\\\/ses-creative.com\\\/#website\",\"url\":\"https:\\\/\\\/ses-creative.com\\\/\",\"name\":\"SES Creative\",\"description\":\"\",\"publisher\":{\"@id\":\"https:\\\/\\\/ses-creative.com\\\/#organization\"},\"potentialAction\":[{\"@type\":\"SearchAction\",\"target\":{\"@type\":\"EntryPoint\",\"urlTemplate\":\"https:\\\/\\\/ses-creative.com\\\/?s={search_term_string}\"},\"query-input\":{\"@type\":\"PropertyValueSpecification\",\"valueRequired\":true,\"valueName\":\"search_term_string\"}}],\"inLanguage\":\"fr-FR\"},{\"@type\":\"Organization\",\"@id\":\"https:\\\/\\\/ses-creative.com\\\/#organization\",\"name\":\"SES Creative\",\"url\":\"https:\\\/\\\/ses-creative.com\\\/\",\"logo\":{\"@type\":\"ImageObject\",\"inLanguage\":\"fr-FR\",\"@id\":\"https:\\\/\\\/ses-creative.com\\\/#\\\/schema\\\/logo\\\/image\\\/\",\"url\":\"https:\\\/\\\/ses-creative.com\\\/wp-content\\\/uploads\\\/2025\\\/10\\\/ses-creative-logo.jpg\",\"contentUrl\":\"https:\\\/\\\/ses-creative.com\\\/wp-content\\\/uploads\\\/2025\\\/10\\\/ses-creative-logo.jpg\",\"width\":2037,\"height\":2037,\"caption\":\"SES Creative\"},\"image\":{\"@id\":\"https:\\\/\\\/ses-creative.com\\\/#\\\/schema\\\/logo\\\/image\\\/\"}}]}<\/script>\n<!-- \/ Yoast SEO plugin. -->","yoast_head_json":{"title":"Tattoos pour enfants - SES Creative","robots":{"index":"index","follow":"follow","max-snippet":"max-snippet:-1","max-image-preview":"max-image-preview:large","max-video-preview":"max-video-preview:-1"},"canonical":"https:\/\/ses-creative.com\/fr\/produit\/tattoos-pour-enfants\/","og_locale":"fr_FR","og_type":"article","og_title":"Tattoos pour enfants - SES Creative","og_description":"Devenez le plus cool avec ces tatouages g\u00e9niaux ! Avec le kit SES Creative Tatouages pour enfants, tu peux te d\u00e9corer avec pas moins de 50 tatouages m\u00e9talliques super cool. Que ce soit pour une f\u00eate, un d\u00e9guisement ou juste pour le plaisir, avec ces tatouages, tu seras s\u00fbr de voler la vedette ! Les [&hellip;]","og_url":"https:\/\/ses-creative.com\/fr\/produit\/tattoos-pour-enfants\/","og_site_name":"SES Creative","article_modified_time":"2026-02-12T10:22:56+00:00","twitter_card":"summary_large_image","twitter_misc":{"Dur\u00e9e de lecture estim\u00e9e":"1 minute"},"schema":{"@context":"https:\/\/schema.org","@graph":[{"@type":"WebPage","@id":"https:\/\/ses-creative.com\/fr\/produit\/tattoos-pour-enfants\/","url":"https:\/\/ses-creative.com\/fr\/produit\/tattoos-pour-enfants\/","name":"Tattoos pour enfants - SES Creative","isPartOf":{"@id":"https:\/\/ses-creative.com\/#website"},"primaryImageOfPage":{"@id":"https:\/\/ses-creative.com\/fr\/produit\/tattoos-pour-enfants\/#primaryimage"},"image":{"@id":"https:\/\/ses-creative.com\/fr\/produit\/tattoos-pour-enfants\/#primaryimage"},"thumbnailUrl":"https:\/\/ses-creative.com\/wp-content\/uploads\/2026\/01\/142811.jpg","datePublished":"2026-02-12T10:09:22+00:00","dateModified":"2026-02-12T10:22:56+00:00","breadcrumb":{"@id":"https:\/\/ses-creative.com\/fr\/produit\/tattoos-pour-enfants\/#breadcrumb"},"inLanguage":"fr-FR","potentialAction":[{"@type":"ReadAction","target":["https:\/\/ses-creative.com\/fr\/produit\/tattoos-pour-enfants\/"]}]},{"@type":"ImageObject","inLanguage":"fr-FR","@id":"https:\/\/ses-creative.com\/fr\/produit\/tattoos-pour-enfants\/#primaryimage","url":"https:\/\/ses-creative.com\/wp-content\/uploads\/2026\/01\/142811.jpg","contentUrl":"https:\/\/ses-creative.com\/wp-content\/uploads\/2026\/01\/142811.jpg","width":1000,"height":1000},{"@type":"BreadcrumbList","@id":"https:\/\/ses-creative.com\/fr\/produit\/tattoos-pour-enfants\/#breadcrumb","itemListElement":[{"@type":"ListItem","position":1,"name":"Boutique","item":"https:\/\/ses-creative.com\/fr\/boutique\/"},{"@type":"ListItem","position":2,"name":"Loisirs cr\u00e9atifs","item":"https:\/\/ses-creative.com\/fr\/product-categorie\/loisirs-creatifs\/"},{"@type":"ListItem","position":3,"name":"Tattoos pour enfants"}]},{"@type":"WebSite","@id":"https:\/\/ses-creative.com\/#website","url":"https:\/\/ses-creative.com\/","name":"SES Creative","description":"","publisher":{"@id":"https:\/\/ses-creative.com\/#organization"},"potentialAction":[{"@type":"SearchAction","target":{"@type":"EntryPoint","urlTemplate":"https:\/\/ses-creative.com\/?s={search_term_string}"},"query-input":{"@type":"PropertyValueSpecification","valueRequired":true,"valueName":"search_term_string"}}],"inLanguage":"fr-FR"},{"@type":"Organization","@id":"https:\/\/ses-creative.com\/#organization","name":"SES Creative","url":"https:\/\/ses-creative.com\/","logo":{"@type":"ImageObject","inLanguage":"fr-FR","@id":"https:\/\/ses-creative.com\/#\/schema\/logo\/image\/","url":"https:\/\/ses-creative.com\/wp-content\/uploads\/2025\/10\/ses-creative-logo.jpg","contentUrl":"https:\/\/ses-creative.com\/wp-content\/uploads\/2025\/10\/ses-creative-logo.jpg","width":2037,"height":2037,"caption":"SES Creative"},"image":{"@id":"https:\/\/ses-creative.com\/#\/schema\/logo\/image\/"}}]}},"_links":{"self":[{"href":"https:\/\/ses-creative.com\/fr\/wp-json\/wp\/v2\/product\/118312","targetHints":{"allow":["GET"]}}],"collection":[{"href":"https:\/\/ses-creative.com\/fr\/wp-json\/wp\/v2\/product"}],"about":[{"href":"https:\/\/ses-creative.com\/fr\/wp-json\/wp\/v2\/types\/product"}],"replies":[{"embeddable":true,"href":"https:\/\/ses-creative.com\/fr\/wp-json\/wp\/v2\/comments?post=118312"}],"wp:featuredmedia":[{"embeddable":true,"href":"https:\/\/ses-creative.com\/fr\/wp-json\/wp\/v2\/media\/102456"}],"wp:attachment":[{"href":"https:\/\/ses-creative.com\/fr\/wp-json\/wp\/v2\/media?parent=118312"}],"wp:term":[{"taxonomy":"product_brand","embeddable":true,"href":"https:\/\/ses-creative.com\/fr\/wp-json\/wp\/v2\/product_brand?post=118312"},{"taxonomy":"product_cat","embeddable":true,"href":"https:\/\/ses-creative.com\/fr\/wp-json\/wp\/v2\/product_cat?post=118312"},{"taxonomy":"product_tag","embeddable":true,"href":"https:\/\/ses-creative.com\/fr\/wp-json\/wp\/v2\/product_tag?post=118312"}],"curies":[{"name":"wp","href":"https:\/\/api.w.org\/{rel}","templated":true}]}}