











{"id":118309,"date":"2026-02-12T10:09:21","date_gmt":"2026-02-12T10:09:21","guid":{"rendered":"https:\/\/ses-creative.com\/?post_type=product&#038;p=118309"},"modified":"2026-02-12T10:22:55","modified_gmt":"2026-02-12T10:22:55","slug":"dinosaure-en-bois-qui-brille-dans-le-noir","status":"publish","type":"product","link":"https:\/\/ses-creative.com\/fr\/produit\/dinosaure-en-bois-qui-brille-dans-le-noir\/","title":{"rendered":"Dinosaure en bois qui brille dans le noir"},"content":{"rendered":"<p>Construis ton propre dinosaure phosphorescent !<\/p>\n<p>Avec le kit SES Creative Dino en bois phosphorescent, tu peux construire un dinosaure robuste qui brille vraiment dans le noir. Les pi\u00e8ces en bois s&#8217;embo\u00eetent facilement, sans avoir besoin de colle. D\u00e9core ton dinosaure avec la peinture, le pinceau et les autocollants phosphorescents fournis et regarde-le prendre vie le soir venu. Un superbe kit de bricolage pour les petits fans de dinosaures !<\/p>\n<p>Contenu de l&#8217;emballage<\/p>\n<p>Pi\u00e8ces en bois pour dinosaure<\/p>\n<p>Autocollants phosphorescents<\/p>\n<p>Peinture, pinceau et \u00e9ponge<\/p>\n<p>Instructions<\/p>\n<p>Caract\u00e9ristiques uniques<\/p>\n<p>Construction simple avec des instructions claires<\/p>\n<p>Aucune colle n\u00e9cessaire, les pi\u00e8ces s&#8217;embo\u00eetent les unes dans les autres<\/p>\n<p>Autocollants phosphorescents pour un effet magique<\/p>\n<p>Stimule la cr\u00e9ativit\u00e9 et la motricit\u00e9 fine<\/p>\n<p>Convient aux enfants \u00e0 partir de 5 ans<\/p>\n<p>Cr\u00e9ez et faites briller votre dinosaure<br \/>\nAvec ce kit, les enfants peuvent construire, peindre et d\u00e9corer leur propre dinosaure. Gr\u00e2ce \u00e0 sa conception simple, la construction est amusante et accessible, et les autocollants lumineux cr\u00e9ent un effet spectaculaire d\u00e8s que la nuit tombe.<\/p>\n<p>Commencez d\u00e8s aujourd&rsquo;hui !<br \/>\nAvec le kit Dino Glow in the Dark en bois, vous pouvez construire et d\u00e9corer un dinosaure qui brille m\u00eame dans le noir. Parfait pour des heures de jeu cr\u00e9atif.<\/p>\n","protected":false},"excerpt":{"rendered":"<p>Construis ton propre dinosaure phosphorescent ! Avec le kit SES Creative Dino en bois phosphorescent, tu peux construire un dinosaure robuste qui brille vraiment dans le noir. Les pi\u00e8ces en bois s&#8217;embo\u00eetent facilement, sans avoir besoin de colle. D\u00e9core ton dinosaure avec la peinture, le pinceau et les autocollants phosphorescents fournis et regarde-le prendre vie [&hellip;]<\/p>\n","protected":false},"featured_media":102396,"comment_status":"closed","ping_status":"closed","template":"","meta":{"_acf_changed":false},"product_brand":[],"product_cat":[122],"product_tag":[],"class_list":{"0":"post-118309","1":"product","2":"type-product","3":"status-publish","4":"has-post-thumbnail","6":"product_cat-loisirs-creatifs","7":"pa_leeftijd-filter-4-6-ans","8":"pa_meest-populair-bij-garcons","10":"first","11":"instock","12":"shipping-taxable","13":"product-type-simple"},"acf":[],"yoast_head":"<!-- This site is optimized with the Yoast SEO plugin v27.2 - https:\/\/yoast.com\/product\/yoast-seo-wordpress\/ -->\n<title>Dinosaure en bois qui brille dans le noir - SES Creative<\/title>\n<meta name=\"robots\" content=\"index, follow, max-snippet:-1, max-image-preview:large, max-video-preview:-1\" \/>\n<link rel=\"canonical\" href=\"https:\/\/ses-creative.com\/fr\/produit\/dinosaure-en-bois-qui-brille-dans-le-noir\/\" \/>\n<meta property=\"og:locale\" content=\"fr_FR\" \/>\n<meta property=\"og:type\" content=\"article\" \/>\n<meta property=\"og:title\" content=\"Dinosaure en bois qui brille dans le noir - SES Creative\" \/>\n<meta property=\"og:description\" content=\"Construis ton propre dinosaure phosphorescent ! Avec le kit SES Creative Dino en bois phosphorescent, tu peux construire un dinosaure robuste qui brille vraiment dans le noir. Les pi\u00e8ces en bois s&#8217;embo\u00eetent facilement, sans avoir besoin de colle. D\u00e9core ton dinosaure avec la peinture, le pinceau et les autocollants phosphorescents fournis et regarde-le prendre vie [&hellip;]\" \/>\n<meta property=\"og:url\" content=\"https:\/\/ses-creative.com\/fr\/produit\/dinosaure-en-bois-qui-brille-dans-le-noir\/\" \/>\n<meta property=\"og:site_name\" content=\"SES Creative\" \/>\n<meta property=\"article:modified_time\" content=\"2026-02-12T10:22:55+00:00\" \/>\n<meta name=\"twitter:card\" content=\"summary_large_image\" \/>\n<meta name=\"twitter:label1\" content=\"Dur\u00e9e de lecture estim\u00e9e\" \/>\n\t<meta name=\"twitter:data1\" content=\"1 minute\" \/>\n<script type=\"application\/ld+json\" class=\"yoast-schema-graph\">{\"@context\":\"https:\/\/schema.org\",\"@graph\":[{\"@type\":\"WebPage\",\"@id\":\"https:\/\/ses-creative.com\/fr\/produit\/dinosaure-en-bois-qui-brille-dans-le-noir\/\",\"url\":\"https:\/\/ses-creative.com\/fr\/produit\/dinosaure-en-bois-qui-brille-dans-le-noir\/\",\"name\":\"Dinosaure en bois qui brille dans le noir - SES Creative\",\"isPartOf\":{\"@id\":\"https:\/\/ses-creative.com\/#website\"},\"primaryImageOfPage\":{\"@id\":\"https:\/\/ses-creative.com\/fr\/produit\/dinosaure-en-bois-qui-brille-dans-le-noir\/#primaryimage\"},\"image\":{\"@id\":\"https:\/\/ses-creative.com\/fr\/produit\/dinosaure-en-bois-qui-brille-dans-le-noir\/#primaryimage\"},\"thumbnailUrl\":\"https:\/\/ses-creative.com\/wp-content\/uploads\/2026\/01\/142091.jpg\",\"datePublished\":\"2026-02-12T10:09:21+00:00\",\"dateModified\":\"2026-02-12T10:22:55+00:00\",\"breadcrumb\":{\"@id\":\"https:\/\/ses-creative.com\/fr\/produit\/dinosaure-en-bois-qui-brille-dans-le-noir\/#breadcrumb\"},\"inLanguage\":\"fr-FR\",\"potentialAction\":[{\"@type\":\"ReadAction\",\"target\":[\"https:\/\/ses-creative.com\/fr\/produit\/dinosaure-en-bois-qui-brille-dans-le-noir\/\"]}]},{\"@type\":\"ImageObject\",\"inLanguage\":\"fr-FR\",\"@id\":\"https:\/\/ses-creative.com\/fr\/produit\/dinosaure-en-bois-qui-brille-dans-le-noir\/#primaryimage\",\"url\":\"https:\/\/ses-creative.com\/wp-content\/uploads\/2026\/01\/142091.jpg\",\"contentUrl\":\"https:\/\/ses-creative.com\/wp-content\/uploads\/2026\/01\/142091.jpg\",\"width\":1000,\"height\":1000},{\"@type\":\"BreadcrumbList\",\"@id\":\"https:\/\/ses-creative.com\/fr\/produit\/dinosaure-en-bois-qui-brille-dans-le-noir\/#breadcrumb\",\"itemListElement\":[{\"@type\":\"ListItem\",\"position\":1,\"name\":\"Boutique\",\"item\":\"https:\/\/ses-creative.com\/fr\/boutique\/\"},{\"@type\":\"ListItem\",\"position\":2,\"name\":\"Loisirs cr\u00e9atifs\",\"item\":\"https:\/\/ses-creative.com\/fr\/product-categorie\/loisirs-creatifs\/\"},{\"@type\":\"ListItem\",\"position\":3,\"name\":\"Dinosaure en bois qui brille dans le noir\"}]},{\"@type\":\"WebSite\",\"@id\":\"https:\/\/ses-creative.com\/#website\",\"url\":\"https:\/\/ses-creative.com\/\",\"name\":\"SES Creative\",\"description\":\"\",\"publisher\":{\"@id\":\"https:\/\/ses-creative.com\/#organization\"},\"potentialAction\":[{\"@type\":\"SearchAction\",\"target\":{\"@type\":\"EntryPoint\",\"urlTemplate\":\"https:\/\/ses-creative.com\/?s={search_term_string}\"},\"query-input\":{\"@type\":\"PropertyValueSpecification\",\"valueRequired\":true,\"valueName\":\"search_term_string\"}}],\"inLanguage\":\"fr-FR\"},{\"@type\":\"Organization\",\"@id\":\"https:\/\/ses-creative.com\/#organization\",\"name\":\"SES Creative\",\"url\":\"https:\/\/ses-creative.com\/\",\"logo\":{\"@type\":\"ImageObject\",\"inLanguage\":\"fr-FR\",\"@id\":\"https:\/\/ses-creative.com\/#\/schema\/logo\/image\/\",\"url\":\"https:\/\/ses-creative.com\/wp-content\/uploads\/2025\/10\/ses-creative-logo.jpg\",\"contentUrl\":\"https:\/\/ses-creative.com\/wp-content\/uploads\/2025\/10\/ses-creative-logo.jpg\",\"width\":2037,\"height\":2037,\"caption\":\"SES Creative\"},\"image\":{\"@id\":\"https:\/\/ses-creative.com\/#\/schema\/logo\/image\/\"}}]}<\/script>\n<!-- \/ Yoast SEO plugin. -->","yoast_head_json":{"title":"Dinosaure en bois qui brille dans le noir - SES Creative","robots":{"index":"index","follow":"follow","max-snippet":"max-snippet:-1","max-image-preview":"max-image-preview:large","max-video-preview":"max-video-preview:-1"},"canonical":"https:\/\/ses-creative.com\/fr\/produit\/dinosaure-en-bois-qui-brille-dans-le-noir\/","og_locale":"fr_FR","og_type":"article","og_title":"Dinosaure en bois qui brille dans le noir - SES Creative","og_description":"Construis ton propre dinosaure phosphorescent ! Avec le kit SES Creative Dino en bois phosphorescent, tu peux construire un dinosaure robuste qui brille vraiment dans le noir. Les pi\u00e8ces en bois s&#8217;embo\u00eetent facilement, sans avoir besoin de colle. D\u00e9core ton dinosaure avec la peinture, le pinceau et les autocollants phosphorescents fournis et regarde-le prendre vie [&hellip;]","og_url":"https:\/\/ses-creative.com\/fr\/produit\/dinosaure-en-bois-qui-brille-dans-le-noir\/","og_site_name":"SES Creative","article_modified_time":"2026-02-12T10:22:55+00:00","twitter_card":"summary_large_image","twitter_misc":{"Dur\u00e9e de lecture estim\u00e9e":"1 minute"},"schema":{"@context":"https:\/\/schema.org","@graph":[{"@type":"WebPage","@id":"https:\/\/ses-creative.com\/fr\/produit\/dinosaure-en-bois-qui-brille-dans-le-noir\/","url":"https:\/\/ses-creative.com\/fr\/produit\/dinosaure-en-bois-qui-brille-dans-le-noir\/","name":"Dinosaure en bois qui brille dans le noir - SES Creative","isPartOf":{"@id":"https:\/\/ses-creative.com\/#website"},"primaryImageOfPage":{"@id":"https:\/\/ses-creative.com\/fr\/produit\/dinosaure-en-bois-qui-brille-dans-le-noir\/#primaryimage"},"image":{"@id":"https:\/\/ses-creative.com\/fr\/produit\/dinosaure-en-bois-qui-brille-dans-le-noir\/#primaryimage"},"thumbnailUrl":"https:\/\/ses-creative.com\/wp-content\/uploads\/2026\/01\/142091.jpg","datePublished":"2026-02-12T10:09:21+00:00","dateModified":"2026-02-12T10:22:55+00:00","breadcrumb":{"@id":"https:\/\/ses-creative.com\/fr\/produit\/dinosaure-en-bois-qui-brille-dans-le-noir\/#breadcrumb"},"inLanguage":"fr-FR","potentialAction":[{"@type":"ReadAction","target":["https:\/\/ses-creative.com\/fr\/produit\/dinosaure-en-bois-qui-brille-dans-le-noir\/"]}]},{"@type":"ImageObject","inLanguage":"fr-FR","@id":"https:\/\/ses-creative.com\/fr\/produit\/dinosaure-en-bois-qui-brille-dans-le-noir\/#primaryimage","url":"https:\/\/ses-creative.com\/wp-content\/uploads\/2026\/01\/142091.jpg","contentUrl":"https:\/\/ses-creative.com\/wp-content\/uploads\/2026\/01\/142091.jpg","width":1000,"height":1000},{"@type":"BreadcrumbList","@id":"https:\/\/ses-creative.com\/fr\/produit\/dinosaure-en-bois-qui-brille-dans-le-noir\/#breadcrumb","itemListElement":[{"@type":"ListItem","position":1,"name":"Boutique","item":"https:\/\/ses-creative.com\/fr\/boutique\/"},{"@type":"ListItem","position":2,"name":"Loisirs cr\u00e9atifs","item":"https:\/\/ses-creative.com\/fr\/product-categorie\/loisirs-creatifs\/"},{"@type":"ListItem","position":3,"name":"Dinosaure en bois qui brille dans le noir"}]},{"@type":"WebSite","@id":"https:\/\/ses-creative.com\/#website","url":"https:\/\/ses-creative.com\/","name":"SES Creative","description":"","publisher":{"@id":"https:\/\/ses-creative.com\/#organization"},"potentialAction":[{"@type":"SearchAction","target":{"@type":"EntryPoint","urlTemplate":"https:\/\/ses-creative.com\/?s={search_term_string}"},"query-input":{"@type":"PropertyValueSpecification","valueRequired":true,"valueName":"search_term_string"}}],"inLanguage":"fr-FR"},{"@type":"Organization","@id":"https:\/\/ses-creative.com\/#organization","name":"SES Creative","url":"https:\/\/ses-creative.com\/","logo":{"@type":"ImageObject","inLanguage":"fr-FR","@id":"https:\/\/ses-creative.com\/#\/schema\/logo\/image\/","url":"https:\/\/ses-creative.com\/wp-content\/uploads\/2025\/10\/ses-creative-logo.jpg","contentUrl":"https:\/\/ses-creative.com\/wp-content\/uploads\/2025\/10\/ses-creative-logo.jpg","width":2037,"height":2037,"caption":"SES Creative"},"image":{"@id":"https:\/\/ses-creative.com\/#\/schema\/logo\/image\/"}}]}},"_links":{"self":[{"href":"https:\/\/ses-creative.com\/fr\/wp-json\/wp\/v2\/product\/118309","targetHints":{"allow":["GET"]}}],"collection":[{"href":"https:\/\/ses-creative.com\/fr\/wp-json\/wp\/v2\/product"}],"about":[{"href":"https:\/\/ses-creative.com\/fr\/wp-json\/wp\/v2\/types\/product"}],"replies":[{"embeddable":true,"href":"https:\/\/ses-creative.com\/fr\/wp-json\/wp\/v2\/comments?post=118309"}],"wp:featuredmedia":[{"embeddable":true,"href":"https:\/\/ses-creative.com\/fr\/wp-json\/wp\/v2\/media\/102396"}],"wp:attachment":[{"href":"https:\/\/ses-creative.com\/fr\/wp-json\/wp\/v2\/media?parent=118309"}],"wp:term":[{"taxonomy":"product_brand","embeddable":true,"href":"https:\/\/ses-creative.com\/fr\/wp-json\/wp\/v2\/product_brand?post=118309"},{"taxonomy":"product_cat","embeddable":true,"href":"https:\/\/ses-creative.com\/fr\/wp-json\/wp\/v2\/product_cat?post=118309"},{"taxonomy":"product_tag","embeddable":true,"href":"https:\/\/ses-creative.com\/fr\/wp-json\/wp\/v2\/product_tag?post=118309"}],"curies":[{"name":"wp","href":"https:\/\/api.w.org\/{rel}","templated":true}]}}