











{"id":118308,"date":"2026-02-12T10:09:21","date_gmt":"2026-02-12T10:09:21","guid":{"rendered":"https:\/\/ses-creative.com\/?post_type=product&#038;p=118308"},"modified":"2026-02-12T10:22:55","modified_gmt":"2026-02-12T10:22:55","slug":"l-o-l-bracelets-a-charms","status":"publish","type":"product","link":"https:\/\/ses-creative.com\/fr\/produit\/l-o-l-bracelets-a-charms\/","title":{"rendered":"L.O.L. &#8211; Bracelets \u00e0 charms"},"content":{"rendered":"<p>Aucune vraie fan de L.O.L. Surprise ne peut r\u00e9sister \u00e0 ce kit Bracelets \u00e0 Charms de SES Creative ! Ce coffret permet aux enfants de cr\u00e9er des bracelets uniques en assemblant des charms et perles color\u00e9es pour un bijou personnalis\u00e9 et tendance. Facile \u00e0 utiliser, il suffit de glisser les perles et charms sur le fil \u00e9lastique inclus pour obtenir un bracelet ajustable et unique \u00e0 porter fi\u00e8rement. Ce kit contient tout le n\u00e9cessaire pour cr\u00e9er plusieurs bracelets : charms L.O.L. Surprise, perles color\u00e9es, fil \u00e9lastique et un mode d\u2019emploi pour guider l\u2019enfant dans la cr\u00e9ation. C\u2019est une activit\u00e9 manuelle id\u00e9ale qui d\u00e9veloppe la motricit\u00e9 fine et stimule l\u2019imagination des plus jeunes. Gr\u00e2ce \u00e0 ce coffret DIY, les enfants peuvent exp\u00e9rimenter, m\u00e9langer les couleurs et personnaliser leur bijou selon leurs envies. Un cadeau parfait pour les fans de L.O.L. Surprise, id\u00e9al pour les anniversaires, No\u00ebl ou une activit\u00e9 cr\u00e9ative entre amis !<\/p>\n","protected":false},"excerpt":{"rendered":"<p>Aucune vraie fan de L.O.L. Surprise ne peut r\u00e9sister \u00e0 ce kit Bracelets \u00e0 Charms de SES Creative ! Ce coffret permet aux enfants de cr\u00e9er des bracelets uniques en assemblant des charms et perles color\u00e9es pour un bijou personnalis\u00e9 et tendance. Facile \u00e0 utiliser, il suffit de glisser les perles et charms sur le [&hellip;]<\/p>\n","protected":false},"featured_media":95336,"comment_status":"closed","ping_status":"closed","template":"","meta":{"_acf_changed":false},"product_brand":[],"product_cat":[122],"product_tag":[],"class_list":{"0":"post-118308","1":"product","2":"type-product","3":"status-publish","4":"has-post-thumbnail","6":"product_cat-loisirs-creatifs","7":"pa_collecties-l-o-l","8":"pa_leeftijd-filter-4-6-ans","9":"pa_meest-populair-bij-filles","11":"first","12":"instock","13":"shipping-taxable","14":"product-type-simple"},"acf":[],"yoast_head":"<!-- This site is optimized with the Yoast SEO plugin v27.2 - https:\/\/yoast.com\/product\/yoast-seo-wordpress\/ -->\n<title>L.O.L. - Bracelets \u00e0 charms - SES Creative<\/title>\n<meta name=\"robots\" content=\"index, follow, max-snippet:-1, max-image-preview:large, max-video-preview:-1\" \/>\n<link rel=\"canonical\" href=\"https:\/\/ses-creative.com\/fr\/produit\/l-o-l-bracelets-a-charms\/\" \/>\n<meta property=\"og:locale\" content=\"fr_FR\" \/>\n<meta property=\"og:type\" content=\"article\" \/>\n<meta property=\"og:title\" content=\"L.O.L. - Bracelets \u00e0 charms - SES Creative\" \/>\n<meta property=\"og:description\" content=\"Aucune vraie fan de L.O.L. Surprise ne peut r\u00e9sister \u00e0 ce kit Bracelets \u00e0 Charms de SES Creative ! Ce coffret permet aux enfants de cr\u00e9er des bracelets uniques en assemblant des charms et perles color\u00e9es pour un bijou personnalis\u00e9 et tendance. Facile \u00e0 utiliser, il suffit de glisser les perles et charms sur le [&hellip;]\" \/>\n<meta property=\"og:url\" content=\"https:\/\/ses-creative.com\/fr\/produit\/l-o-l-bracelets-a-charms\/\" \/>\n<meta property=\"og:site_name\" content=\"SES Creative\" \/>\n<meta property=\"article:modified_time\" content=\"2026-02-12T10:22:55+00:00\" \/>\n<meta name=\"twitter:card\" content=\"summary_large_image\" \/>\n<meta name=\"twitter:label1\" content=\"Dur\u00e9e de lecture estim\u00e9e\" \/>\n\t<meta name=\"twitter:data1\" content=\"1 minute\" \/>\n<script type=\"application\/ld+json\" class=\"yoast-schema-graph\">{\"@context\":\"https:\/\/schema.org\",\"@graph\":[{\"@type\":\"WebPage\",\"@id\":\"https:\/\/ses-creative.com\/fr\/produit\/l-o-l-bracelets-a-charms\/\",\"url\":\"https:\/\/ses-creative.com\/fr\/produit\/l-o-l-bracelets-a-charms\/\",\"name\":\"L.O.L. - Bracelets \u00e0 charms - SES Creative\",\"isPartOf\":{\"@id\":\"https:\/\/ses-creative.com\/#website\"},\"primaryImageOfPage\":{\"@id\":\"https:\/\/ses-creative.com\/fr\/produit\/l-o-l-bracelets-a-charms\/#primaryimage\"},\"image\":{\"@id\":\"https:\/\/ses-creative.com\/fr\/produit\/l-o-l-bracelets-a-charms\/#primaryimage\"},\"thumbnailUrl\":\"https:\/\/ses-creative.com\/wp-content\/uploads\/2026\/01\/141961.jpg\",\"datePublished\":\"2026-02-12T10:09:21+00:00\",\"dateModified\":\"2026-02-12T10:22:55+00:00\",\"breadcrumb\":{\"@id\":\"https:\/\/ses-creative.com\/fr\/produit\/l-o-l-bracelets-a-charms\/#breadcrumb\"},\"inLanguage\":\"fr-FR\",\"potentialAction\":[{\"@type\":\"ReadAction\",\"target\":[\"https:\/\/ses-creative.com\/fr\/produit\/l-o-l-bracelets-a-charms\/\"]}]},{\"@type\":\"ImageObject\",\"inLanguage\":\"fr-FR\",\"@id\":\"https:\/\/ses-creative.com\/fr\/produit\/l-o-l-bracelets-a-charms\/#primaryimage\",\"url\":\"https:\/\/ses-creative.com\/wp-content\/uploads\/2026\/01\/141961.jpg\",\"contentUrl\":\"https:\/\/ses-creative.com\/wp-content\/uploads\/2026\/01\/141961.jpg\",\"width\":1000,\"height\":1000},{\"@type\":\"BreadcrumbList\",\"@id\":\"https:\/\/ses-creative.com\/fr\/produit\/l-o-l-bracelets-a-charms\/#breadcrumb\",\"itemListElement\":[{\"@type\":\"ListItem\",\"position\":1,\"name\":\"Boutique\",\"item\":\"https:\/\/ses-creative.com\/fr\/boutique\/\"},{\"@type\":\"ListItem\",\"position\":2,\"name\":\"Loisirs cr\u00e9atifs\",\"item\":\"https:\/\/ses-creative.com\/fr\/product-categorie\/loisirs-creatifs\/\"},{\"@type\":\"ListItem\",\"position\":3,\"name\":\"L.O.L. &#8211; Bracelets \u00e0 charms\"}]},{\"@type\":\"WebSite\",\"@id\":\"https:\/\/ses-creative.com\/#website\",\"url\":\"https:\/\/ses-creative.com\/\",\"name\":\"SES Creative\",\"description\":\"\",\"publisher\":{\"@id\":\"https:\/\/ses-creative.com\/#organization\"},\"potentialAction\":[{\"@type\":\"SearchAction\",\"target\":{\"@type\":\"EntryPoint\",\"urlTemplate\":\"https:\/\/ses-creative.com\/?s={search_term_string}\"},\"query-input\":{\"@type\":\"PropertyValueSpecification\",\"valueRequired\":true,\"valueName\":\"search_term_string\"}}],\"inLanguage\":\"fr-FR\"},{\"@type\":\"Organization\",\"@id\":\"https:\/\/ses-creative.com\/#organization\",\"name\":\"SES Creative\",\"url\":\"https:\/\/ses-creative.com\/\",\"logo\":{\"@type\":\"ImageObject\",\"inLanguage\":\"fr-FR\",\"@id\":\"https:\/\/ses-creative.com\/#\/schema\/logo\/image\/\",\"url\":\"https:\/\/ses-creative.com\/wp-content\/uploads\/2025\/10\/ses-creative-logo.jpg\",\"contentUrl\":\"https:\/\/ses-creative.com\/wp-content\/uploads\/2025\/10\/ses-creative-logo.jpg\",\"width\":2037,\"height\":2037,\"caption\":\"SES Creative\"},\"image\":{\"@id\":\"https:\/\/ses-creative.com\/#\/schema\/logo\/image\/\"}}]}<\/script>\n<!-- \/ Yoast SEO plugin. -->","yoast_head_json":{"title":"L.O.L. - Bracelets \u00e0 charms - SES Creative","robots":{"index":"index","follow":"follow","max-snippet":"max-snippet:-1","max-image-preview":"max-image-preview:large","max-video-preview":"max-video-preview:-1"},"canonical":"https:\/\/ses-creative.com\/fr\/produit\/l-o-l-bracelets-a-charms\/","og_locale":"fr_FR","og_type":"article","og_title":"L.O.L. - Bracelets \u00e0 charms - SES Creative","og_description":"Aucune vraie fan de L.O.L. Surprise ne peut r\u00e9sister \u00e0 ce kit Bracelets \u00e0 Charms de SES Creative ! Ce coffret permet aux enfants de cr\u00e9er des bracelets uniques en assemblant des charms et perles color\u00e9es pour un bijou personnalis\u00e9 et tendance. Facile \u00e0 utiliser, il suffit de glisser les perles et charms sur le [&hellip;]","og_url":"https:\/\/ses-creative.com\/fr\/produit\/l-o-l-bracelets-a-charms\/","og_site_name":"SES Creative","article_modified_time":"2026-02-12T10:22:55+00:00","twitter_card":"summary_large_image","twitter_misc":{"Dur\u00e9e de lecture estim\u00e9e":"1 minute"},"schema":{"@context":"https:\/\/schema.org","@graph":[{"@type":"WebPage","@id":"https:\/\/ses-creative.com\/fr\/produit\/l-o-l-bracelets-a-charms\/","url":"https:\/\/ses-creative.com\/fr\/produit\/l-o-l-bracelets-a-charms\/","name":"L.O.L. - Bracelets \u00e0 charms - SES Creative","isPartOf":{"@id":"https:\/\/ses-creative.com\/#website"},"primaryImageOfPage":{"@id":"https:\/\/ses-creative.com\/fr\/produit\/l-o-l-bracelets-a-charms\/#primaryimage"},"image":{"@id":"https:\/\/ses-creative.com\/fr\/produit\/l-o-l-bracelets-a-charms\/#primaryimage"},"thumbnailUrl":"https:\/\/ses-creative.com\/wp-content\/uploads\/2026\/01\/141961.jpg","datePublished":"2026-02-12T10:09:21+00:00","dateModified":"2026-02-12T10:22:55+00:00","breadcrumb":{"@id":"https:\/\/ses-creative.com\/fr\/produit\/l-o-l-bracelets-a-charms\/#breadcrumb"},"inLanguage":"fr-FR","potentialAction":[{"@type":"ReadAction","target":["https:\/\/ses-creative.com\/fr\/produit\/l-o-l-bracelets-a-charms\/"]}]},{"@type":"ImageObject","inLanguage":"fr-FR","@id":"https:\/\/ses-creative.com\/fr\/produit\/l-o-l-bracelets-a-charms\/#primaryimage","url":"https:\/\/ses-creative.com\/wp-content\/uploads\/2026\/01\/141961.jpg","contentUrl":"https:\/\/ses-creative.com\/wp-content\/uploads\/2026\/01\/141961.jpg","width":1000,"height":1000},{"@type":"BreadcrumbList","@id":"https:\/\/ses-creative.com\/fr\/produit\/l-o-l-bracelets-a-charms\/#breadcrumb","itemListElement":[{"@type":"ListItem","position":1,"name":"Boutique","item":"https:\/\/ses-creative.com\/fr\/boutique\/"},{"@type":"ListItem","position":2,"name":"Loisirs cr\u00e9atifs","item":"https:\/\/ses-creative.com\/fr\/product-categorie\/loisirs-creatifs\/"},{"@type":"ListItem","position":3,"name":"L.O.L. &#8211; Bracelets \u00e0 charms"}]},{"@type":"WebSite","@id":"https:\/\/ses-creative.com\/#website","url":"https:\/\/ses-creative.com\/","name":"SES Creative","description":"","publisher":{"@id":"https:\/\/ses-creative.com\/#organization"},"potentialAction":[{"@type":"SearchAction","target":{"@type":"EntryPoint","urlTemplate":"https:\/\/ses-creative.com\/?s={search_term_string}"},"query-input":{"@type":"PropertyValueSpecification","valueRequired":true,"valueName":"search_term_string"}}],"inLanguage":"fr-FR"},{"@type":"Organization","@id":"https:\/\/ses-creative.com\/#organization","name":"SES Creative","url":"https:\/\/ses-creative.com\/","logo":{"@type":"ImageObject","inLanguage":"fr-FR","@id":"https:\/\/ses-creative.com\/#\/schema\/logo\/image\/","url":"https:\/\/ses-creative.com\/wp-content\/uploads\/2025\/10\/ses-creative-logo.jpg","contentUrl":"https:\/\/ses-creative.com\/wp-content\/uploads\/2025\/10\/ses-creative-logo.jpg","width":2037,"height":2037,"caption":"SES Creative"},"image":{"@id":"https:\/\/ses-creative.com\/#\/schema\/logo\/image\/"}}]}},"_links":{"self":[{"href":"https:\/\/ses-creative.com\/fr\/wp-json\/wp\/v2\/product\/118308","targetHints":{"allow":["GET"]}}],"collection":[{"href":"https:\/\/ses-creative.com\/fr\/wp-json\/wp\/v2\/product"}],"about":[{"href":"https:\/\/ses-creative.com\/fr\/wp-json\/wp\/v2\/types\/product"}],"replies":[{"embeddable":true,"href":"https:\/\/ses-creative.com\/fr\/wp-json\/wp\/v2\/comments?post=118308"}],"wp:featuredmedia":[{"embeddable":true,"href":"https:\/\/ses-creative.com\/fr\/wp-json\/wp\/v2\/media\/95336"}],"wp:attachment":[{"href":"https:\/\/ses-creative.com\/fr\/wp-json\/wp\/v2\/media?parent=118308"}],"wp:term":[{"taxonomy":"product_brand","embeddable":true,"href":"https:\/\/ses-creative.com\/fr\/wp-json\/wp\/v2\/product_brand?post=118308"},{"taxonomy":"product_cat","embeddable":true,"href":"https:\/\/ses-creative.com\/fr\/wp-json\/wp\/v2\/product_cat?post=118308"},{"taxonomy":"product_tag","embeddable":true,"href":"https:\/\/ses-creative.com\/fr\/wp-json\/wp\/v2\/product_tag?post=118308"}],"curies":[{"name":"wp","href":"https:\/\/api.w.org\/{rel}","templated":true}]}}