











{"id":118307,"date":"2026-02-12T10:09:21","date_gmt":"2026-02-12T10:09:21","guid":{"rendered":"https:\/\/ses-creative.com\/?post_type=product&#038;p=118307"},"modified":"2026-02-12T10:22:55","modified_gmt":"2026-02-12T10:22:55","slug":"l-o-l-mosaique-de-diamants","status":"publish","type":"product","link":"https:\/\/ses-creative.com\/fr\/produit\/l-o-l-mosaique-de-diamants\/","title":{"rendered":"L.O.L. &#8211; Mosa\u00efque de diamants"},"content":{"rendered":"<p>L.O.L. \u2013 Mosa\u00efque Diamond Painting : laissez libre cours \u00e0 votre cr\u00e9ativit\u00e9 !<\/p>\n<p>Paillettes, glamour et vos personnages L.O.L. Surprise pr\u00e9f\u00e9r\u00e9s : voil\u00e0 ce que vous offre le kit Mosa\u00efque Diamond Painting de SES Creative ! D\u00e9corez les cartes mosa\u00efques color\u00e9es avec des autocollants diamants scintillants et donnez vie \u00e0 votre univers L.O.L. Parfait pour les enfants \u00e0 partir de 6 ans qui aiment le bricolage et les cr\u00e9ations brillantes.<\/p>\n<p>Ce qui rend ce kit g\u00e9nial<\/p>\n<p>5 cartes mosa\u00efques color\u00e9es sur le th\u00e8me L.O.L. Surprise<br \/>\n4 couleurs d&rsquo;autocollants diamants pour un r\u00e9sultat \u00e9tincelant<br \/>\nFacile et sans colle \u2013 il suffit de coller les autocollants aux endroits indiqu\u00e9s<br \/>\nStimule la motricit\u00e9 fine, la concentration et la confiance en soi cr\u00e9ative<br \/>\nId\u00e9al pour les jeunes fans de L.O.L. et de paillettes<\/p>\n<p>Un plaisir cr\u00e9atif \u00e9tincelant \u00e0 tout moment<\/p>\n<p>Avec ce kit, les enfants peuvent cr\u00e9er leurs propres \u0153uvres d&rsquo;art scintillantes. Chaque carte mosa\u00efque est une toile pleine de couleurs et de caract\u00e8re, pr\u00eate \u00e0 \u00eatre transform\u00e9e en un chef-d&rsquo;\u0153uvre brillant. Parfait pour partager, accrocher ou offrir \u00e0 un(e) ami(e).<\/p>\n<p>Contenu du kit<\/p>\n<p>5 cartes mosa\u00efques<br \/>\n4 autocollants diamants color\u00e9s<\/p>\n<p>Pourquoi choisir SES Creative ?<\/p>\n<p>Chez SES Creative, nous accordons une grande importance \u00e0 la s\u00e9curit\u00e9. C&rsquo;est pourquoi nos produits sont fabriqu\u00e9s et test\u00e9s dans notre usine aux Pays-Bas, conform\u00e9ment aux normes de s\u00e9curit\u00e9 europ\u00e9ennes les plus strictes. Les jouets SES Creative sont source de plaisir et permettent aux enfants d&rsquo;\u00eatre fiers de leur travail, ce qui stimule leur cr\u00e9ativit\u00e9 et leur d\u00e9veloppement.<\/p>\n<p>Commencez d\u00e8s aujourd&rsquo;hui votre mosa\u00efque L.O.L. \u00e9tincelante<\/p>\n<p>Prenez vos diamants, choisissez une carte et laissez libre cours \u00e0 votre cr\u00e9ativit\u00e9 ! Avec ce set, vous pouvez cr\u00e9er un monde L.O.L. scintillant o\u00f9 votre imagination joue le r\u00f4le principal.<\/p>\n","protected":false},"excerpt":{"rendered":"<p>L.O.L. \u2013 Mosa\u00efque Diamond Painting : laissez libre cours \u00e0 votre cr\u00e9ativit\u00e9 ! Paillettes, glamour et vos personnages L.O.L. Surprise pr\u00e9f\u00e9r\u00e9s : voil\u00e0 ce que vous offre le kit Mosa\u00efque Diamond Painting de SES Creative ! D\u00e9corez les cartes mosa\u00efques color\u00e9es avec des autocollants diamants scintillants et donnez vie \u00e0 votre univers L.O.L. Parfait pour [&hellip;]<\/p>\n","protected":false},"featured_media":95316,"comment_status":"closed","ping_status":"closed","template":"","meta":{"_acf_changed":false},"product_brand":[],"product_cat":[122],"product_tag":[],"class_list":{"0":"post-118307","1":"product","2":"type-product","3":"status-publish","4":"has-post-thumbnail","6":"product_cat-loisirs-creatifs","7":"pa_collecties-l-o-l","8":"pa_leeftijd-filter-4-6-ans","9":"pa_meest-populair-bij-filles","11":"first","12":"instock","13":"shipping-taxable","14":"product-type-simple"},"acf":[],"yoast_head":"<!-- This site is optimized with the Yoast SEO plugin v27.2 - https:\/\/yoast.com\/product\/yoast-seo-wordpress\/ -->\n<title>L.O.L. - Mosa\u00efque de diamants - SES Creative<\/title>\n<meta name=\"robots\" content=\"index, follow, max-snippet:-1, max-image-preview:large, max-video-preview:-1\" \/>\n<link rel=\"canonical\" href=\"https:\/\/ses-creative.com\/fr\/produit\/l-o-l-mosaique-de-diamants\/\" \/>\n<meta property=\"og:locale\" content=\"fr_FR\" \/>\n<meta property=\"og:type\" content=\"article\" \/>\n<meta property=\"og:title\" content=\"L.O.L. - Mosa\u00efque de diamants - SES Creative\" \/>\n<meta property=\"og:description\" content=\"L.O.L. \u2013 Mosa\u00efque Diamond Painting : laissez libre cours \u00e0 votre cr\u00e9ativit\u00e9 ! Paillettes, glamour et vos personnages L.O.L. Surprise pr\u00e9f\u00e9r\u00e9s : voil\u00e0 ce que vous offre le kit Mosa\u00efque Diamond Painting de SES Creative ! D\u00e9corez les cartes mosa\u00efques color\u00e9es avec des autocollants diamants scintillants et donnez vie \u00e0 votre univers L.O.L. Parfait pour [&hellip;]\" \/>\n<meta property=\"og:url\" content=\"https:\/\/ses-creative.com\/fr\/produit\/l-o-l-mosaique-de-diamants\/\" \/>\n<meta property=\"og:site_name\" content=\"SES Creative\" \/>\n<meta property=\"article:modified_time\" content=\"2026-02-12T10:22:55+00:00\" \/>\n<meta name=\"twitter:card\" content=\"summary_large_image\" \/>\n<meta name=\"twitter:label1\" content=\"Dur\u00e9e de lecture estim\u00e9e\" \/>\n\t<meta name=\"twitter:data1\" content=\"2 minutes\" \/>\n<script type=\"application\/ld+json\" class=\"yoast-schema-graph\">{\"@context\":\"https:\/\/schema.org\",\"@graph\":[{\"@type\":\"WebPage\",\"@id\":\"https:\/\/ses-creative.com\/fr\/produit\/l-o-l-mosaique-de-diamants\/\",\"url\":\"https:\/\/ses-creative.com\/fr\/produit\/l-o-l-mosaique-de-diamants\/\",\"name\":\"L.O.L. - Mosa\u00efque de diamants - SES Creative\",\"isPartOf\":{\"@id\":\"https:\/\/ses-creative.com\/#website\"},\"primaryImageOfPage\":{\"@id\":\"https:\/\/ses-creative.com\/fr\/produit\/l-o-l-mosaique-de-diamants\/#primaryimage\"},\"image\":{\"@id\":\"https:\/\/ses-creative.com\/fr\/produit\/l-o-l-mosaique-de-diamants\/#primaryimage\"},\"thumbnailUrl\":\"https:\/\/ses-creative.com\/wp-content\/uploads\/2026\/01\/141951.jpg\",\"datePublished\":\"2026-02-12T10:09:21+00:00\",\"dateModified\":\"2026-02-12T10:22:55+00:00\",\"breadcrumb\":{\"@id\":\"https:\/\/ses-creative.com\/fr\/produit\/l-o-l-mosaique-de-diamants\/#breadcrumb\"},\"inLanguage\":\"fr-FR\",\"potentialAction\":[{\"@type\":\"ReadAction\",\"target\":[\"https:\/\/ses-creative.com\/fr\/produit\/l-o-l-mosaique-de-diamants\/\"]}]},{\"@type\":\"ImageObject\",\"inLanguage\":\"fr-FR\",\"@id\":\"https:\/\/ses-creative.com\/fr\/produit\/l-o-l-mosaique-de-diamants\/#primaryimage\",\"url\":\"https:\/\/ses-creative.com\/wp-content\/uploads\/2026\/01\/141951.jpg\",\"contentUrl\":\"https:\/\/ses-creative.com\/wp-content\/uploads\/2026\/01\/141951.jpg\",\"width\":1000,\"height\":1000},{\"@type\":\"BreadcrumbList\",\"@id\":\"https:\/\/ses-creative.com\/fr\/produit\/l-o-l-mosaique-de-diamants\/#breadcrumb\",\"itemListElement\":[{\"@type\":\"ListItem\",\"position\":1,\"name\":\"Boutique\",\"item\":\"https:\/\/ses-creative.com\/fr\/boutique\/\"},{\"@type\":\"ListItem\",\"position\":2,\"name\":\"Loisirs cr\u00e9atifs\",\"item\":\"https:\/\/ses-creative.com\/fr\/product-categorie\/loisirs-creatifs\/\"},{\"@type\":\"ListItem\",\"position\":3,\"name\":\"L.O.L. &#8211; Mosa\u00efque de diamants\"}]},{\"@type\":\"WebSite\",\"@id\":\"https:\/\/ses-creative.com\/#website\",\"url\":\"https:\/\/ses-creative.com\/\",\"name\":\"SES Creative\",\"description\":\"\",\"publisher\":{\"@id\":\"https:\/\/ses-creative.com\/#organization\"},\"potentialAction\":[{\"@type\":\"SearchAction\",\"target\":{\"@type\":\"EntryPoint\",\"urlTemplate\":\"https:\/\/ses-creative.com\/?s={search_term_string}\"},\"query-input\":{\"@type\":\"PropertyValueSpecification\",\"valueRequired\":true,\"valueName\":\"search_term_string\"}}],\"inLanguage\":\"fr-FR\"},{\"@type\":\"Organization\",\"@id\":\"https:\/\/ses-creative.com\/#organization\",\"name\":\"SES Creative\",\"url\":\"https:\/\/ses-creative.com\/\",\"logo\":{\"@type\":\"ImageObject\",\"inLanguage\":\"fr-FR\",\"@id\":\"https:\/\/ses-creative.com\/#\/schema\/logo\/image\/\",\"url\":\"https:\/\/ses-creative.com\/wp-content\/uploads\/2025\/10\/ses-creative-logo.jpg\",\"contentUrl\":\"https:\/\/ses-creative.com\/wp-content\/uploads\/2025\/10\/ses-creative-logo.jpg\",\"width\":2037,\"height\":2037,\"caption\":\"SES Creative\"},\"image\":{\"@id\":\"https:\/\/ses-creative.com\/#\/schema\/logo\/image\/\"}}]}<\/script>\n<!-- \/ Yoast SEO plugin. -->","yoast_head_json":{"title":"L.O.L. - Mosa\u00efque de diamants - SES Creative","robots":{"index":"index","follow":"follow","max-snippet":"max-snippet:-1","max-image-preview":"max-image-preview:large","max-video-preview":"max-video-preview:-1"},"canonical":"https:\/\/ses-creative.com\/fr\/produit\/l-o-l-mosaique-de-diamants\/","og_locale":"fr_FR","og_type":"article","og_title":"L.O.L. - Mosa\u00efque de diamants - SES Creative","og_description":"L.O.L. \u2013 Mosa\u00efque Diamond Painting : laissez libre cours \u00e0 votre cr\u00e9ativit\u00e9 ! Paillettes, glamour et vos personnages L.O.L. Surprise pr\u00e9f\u00e9r\u00e9s : voil\u00e0 ce que vous offre le kit Mosa\u00efque Diamond Painting de SES Creative ! D\u00e9corez les cartes mosa\u00efques color\u00e9es avec des autocollants diamants scintillants et donnez vie \u00e0 votre univers L.O.L. Parfait pour [&hellip;]","og_url":"https:\/\/ses-creative.com\/fr\/produit\/l-o-l-mosaique-de-diamants\/","og_site_name":"SES Creative","article_modified_time":"2026-02-12T10:22:55+00:00","twitter_card":"summary_large_image","twitter_misc":{"Dur\u00e9e de lecture estim\u00e9e":"2 minutes"},"schema":{"@context":"https:\/\/schema.org","@graph":[{"@type":"WebPage","@id":"https:\/\/ses-creative.com\/fr\/produit\/l-o-l-mosaique-de-diamants\/","url":"https:\/\/ses-creative.com\/fr\/produit\/l-o-l-mosaique-de-diamants\/","name":"L.O.L. - Mosa\u00efque de diamants - SES Creative","isPartOf":{"@id":"https:\/\/ses-creative.com\/#website"},"primaryImageOfPage":{"@id":"https:\/\/ses-creative.com\/fr\/produit\/l-o-l-mosaique-de-diamants\/#primaryimage"},"image":{"@id":"https:\/\/ses-creative.com\/fr\/produit\/l-o-l-mosaique-de-diamants\/#primaryimage"},"thumbnailUrl":"https:\/\/ses-creative.com\/wp-content\/uploads\/2026\/01\/141951.jpg","datePublished":"2026-02-12T10:09:21+00:00","dateModified":"2026-02-12T10:22:55+00:00","breadcrumb":{"@id":"https:\/\/ses-creative.com\/fr\/produit\/l-o-l-mosaique-de-diamants\/#breadcrumb"},"inLanguage":"fr-FR","potentialAction":[{"@type":"ReadAction","target":["https:\/\/ses-creative.com\/fr\/produit\/l-o-l-mosaique-de-diamants\/"]}]},{"@type":"ImageObject","inLanguage":"fr-FR","@id":"https:\/\/ses-creative.com\/fr\/produit\/l-o-l-mosaique-de-diamants\/#primaryimage","url":"https:\/\/ses-creative.com\/wp-content\/uploads\/2026\/01\/141951.jpg","contentUrl":"https:\/\/ses-creative.com\/wp-content\/uploads\/2026\/01\/141951.jpg","width":1000,"height":1000},{"@type":"BreadcrumbList","@id":"https:\/\/ses-creative.com\/fr\/produit\/l-o-l-mosaique-de-diamants\/#breadcrumb","itemListElement":[{"@type":"ListItem","position":1,"name":"Boutique","item":"https:\/\/ses-creative.com\/fr\/boutique\/"},{"@type":"ListItem","position":2,"name":"Loisirs cr\u00e9atifs","item":"https:\/\/ses-creative.com\/fr\/product-categorie\/loisirs-creatifs\/"},{"@type":"ListItem","position":3,"name":"L.O.L. &#8211; Mosa\u00efque de diamants"}]},{"@type":"WebSite","@id":"https:\/\/ses-creative.com\/#website","url":"https:\/\/ses-creative.com\/","name":"SES Creative","description":"","publisher":{"@id":"https:\/\/ses-creative.com\/#organization"},"potentialAction":[{"@type":"SearchAction","target":{"@type":"EntryPoint","urlTemplate":"https:\/\/ses-creative.com\/?s={search_term_string}"},"query-input":{"@type":"PropertyValueSpecification","valueRequired":true,"valueName":"search_term_string"}}],"inLanguage":"fr-FR"},{"@type":"Organization","@id":"https:\/\/ses-creative.com\/#organization","name":"SES Creative","url":"https:\/\/ses-creative.com\/","logo":{"@type":"ImageObject","inLanguage":"fr-FR","@id":"https:\/\/ses-creative.com\/#\/schema\/logo\/image\/","url":"https:\/\/ses-creative.com\/wp-content\/uploads\/2025\/10\/ses-creative-logo.jpg","contentUrl":"https:\/\/ses-creative.com\/wp-content\/uploads\/2025\/10\/ses-creative-logo.jpg","width":2037,"height":2037,"caption":"SES Creative"},"image":{"@id":"https:\/\/ses-creative.com\/#\/schema\/logo\/image\/"}}]}},"_links":{"self":[{"href":"https:\/\/ses-creative.com\/fr\/wp-json\/wp\/v2\/product\/118307","targetHints":{"allow":["GET"]}}],"collection":[{"href":"https:\/\/ses-creative.com\/fr\/wp-json\/wp\/v2\/product"}],"about":[{"href":"https:\/\/ses-creative.com\/fr\/wp-json\/wp\/v2\/types\/product"}],"replies":[{"embeddable":true,"href":"https:\/\/ses-creative.com\/fr\/wp-json\/wp\/v2\/comments?post=118307"}],"wp:featuredmedia":[{"embeddable":true,"href":"https:\/\/ses-creative.com\/fr\/wp-json\/wp\/v2\/media\/95316"}],"wp:attachment":[{"href":"https:\/\/ses-creative.com\/fr\/wp-json\/wp\/v2\/media?parent=118307"}],"wp:term":[{"taxonomy":"product_brand","embeddable":true,"href":"https:\/\/ses-creative.com\/fr\/wp-json\/wp\/v2\/product_brand?post=118307"},{"taxonomy":"product_cat","embeddable":true,"href":"https:\/\/ses-creative.com\/fr\/wp-json\/wp\/v2\/product_cat?post=118307"},{"taxonomy":"product_tag","embeddable":true,"href":"https:\/\/ses-creative.com\/fr\/wp-json\/wp\/v2\/product_tag?post=118307"}],"curies":[{"name":"wp","href":"https:\/\/api.w.org\/{rel}","templated":true}]}}