











{"id":118306,"date":"2026-02-12T10:09:21","date_gmt":"2026-02-12T10:09:21","guid":{"rendered":"https:\/\/ses-creative.com\/?post_type=product&#038;p=118306"},"modified":"2026-02-12T10:22:55","modified_gmt":"2026-02-12T10:22:55","slug":"l-o-l-stickers-transfert-ongles","status":"publish","type":"product","link":"https:\/\/ses-creative.com\/fr\/produit\/l-o-l-stickers-transfert-ongles\/","title":{"rendered":"L.O.L. &#8211; Stickers transfert ongles"},"content":{"rendered":"<p>L.O.L. \u2013 Autocollants pour ongles : donnez \u00e0 vos ongles un relooking L.O.L. !<\/p>\n<p>Avec les autocollants pour ongles L.O.L. de SES Creative, d\u00e9core tes ongles avec des transferts color\u00e9s et joyeux de tes personnages L.O.L. Surprise! pr\u00e9f\u00e9r\u00e9s. Avec pas moins de 198 autocollants sur deux feuilles, tu peux cr\u00e9er des combinaisons infinies et un nouveau look chaque jour. Parfait pour les enfants \u00e0 partir de 6 ans qui aiment la mode, les paillettes et la cr\u00e9ativit\u00e9.<\/p>\n<p>Ce qui rend ce set g\u00e9nial<\/p>\n<p>Pas moins de 198 autocollants pour ongles joyeux avec des motifs L.O.L.<br \/>\nFaciles \u00e0 appliquer et \u00e0 retirer<br \/>\nId\u00e9al pour les f\u00eates, les rendez-vous ludiques ou un apr\u00e8s-midi cr\u00e9atif \u00e0 la maison<br \/>\nStimule la cr\u00e9ativit\u00e9 et l&rsquo;expression personnelle<br \/>\nConvient aux jeunes fashionistas \u00e0 partir de 6 ans<\/p>\n<p>Faites briller vos ongles<\/p>\n<p>Ce kit permet de cr\u00e9er facilement et de mani\u00e8re ludique vos propres nail arts. Les enfants choisissent leurs autocollants pr\u00e9f\u00e9r\u00e9s, les collent sur leurs ongles et obtiennent ainsi un look unique et amusant. Parfait pour partager avec des copines ou pour utiliser lors d&rsquo;une f\u00eate \u00e0 th\u00e8me L.O.L. !<\/p>\n<p>Contenu du kit<\/p>\n<p>198 autocollants pour ongles r\u00e9partis sur 2 feuilles<\/p>\n<p>Pourquoi choisir SES Creative ?<\/p>\n<p>Chez SES Creative, nous accordons une grande importance \u00e0 la s\u00e9curit\u00e9. C&rsquo;est pourquoi nos produits sont fabriqu\u00e9s et test\u00e9s dans notre usine aux Pays-Bas, conform\u00e9ment aux normes de s\u00e9curit\u00e9 europ\u00e9ennes les plus strictes. Les jouets SES Creative sont source de plaisir et permettent aux enfants d&rsquo;\u00eatre fiers de leur travail, ce qui stimule leur cr\u00e9ativit\u00e9 et leur d\u00e9veloppement.<\/p>\n<p>Commencez d\u00e8s aujourd&rsquo;hui \u00e0 d\u00e9corer vos ongles<\/p>\n<p>Laissez libre cours \u00e0 votre cr\u00e9ativit\u00e9 et donnez \u00e0 vos ongles un look L.O.L. Surprise ! \u00e9tincelant. Avec ce set de stickers pour ongles, vous pouvez cr\u00e9er votre propre nail art, encore et encore !<\/p>\n","protected":false},"excerpt":{"rendered":"<p>L.O.L. \u2013 Autocollants pour ongles : donnez \u00e0 vos ongles un relooking L.O.L. ! Avec les autocollants pour ongles L.O.L. de SES Creative, d\u00e9core tes ongles avec des transferts color\u00e9s et joyeux de tes personnages L.O.L. Surprise! pr\u00e9f\u00e9r\u00e9s. Avec pas moins de 198 autocollants sur deux feuilles, tu peux cr\u00e9er des combinaisons infinies et un [&hellip;]<\/p>\n","protected":false},"featured_media":95296,"comment_status":"closed","ping_status":"closed","template":"","meta":{"_acf_changed":false},"product_brand":[],"product_cat":[122],"product_tag":[],"class_list":{"0":"post-118306","1":"product","2":"type-product","3":"status-publish","4":"has-post-thumbnail","6":"product_cat-loisirs-creatifs","7":"pa_collecties-l-o-l","8":"pa_leeftijd-filter-4-6-ans","9":"pa_meest-populair-bij-filles","11":"first","12":"instock","13":"shipping-taxable","14":"product-type-simple"},"acf":[],"yoast_head":"<!-- This site is optimized with the Yoast SEO plugin v27.2 - https:\/\/yoast.com\/product\/yoast-seo-wordpress\/ -->\n<title>L.O.L. - Stickers transfert ongles - SES Creative<\/title>\n<meta name=\"robots\" content=\"index, follow, max-snippet:-1, max-image-preview:large, max-video-preview:-1\" \/>\n<link rel=\"canonical\" href=\"https:\/\/ses-creative.com\/fr\/produit\/l-o-l-stickers-transfert-ongles\/\" \/>\n<meta property=\"og:locale\" content=\"fr_FR\" \/>\n<meta property=\"og:type\" content=\"article\" \/>\n<meta property=\"og:title\" content=\"L.O.L. - Stickers transfert ongles - SES Creative\" \/>\n<meta property=\"og:description\" content=\"L.O.L. \u2013 Autocollants pour ongles : donnez \u00e0 vos ongles un relooking L.O.L. ! Avec les autocollants pour ongles L.O.L. de SES Creative, d\u00e9core tes ongles avec des transferts color\u00e9s et joyeux de tes personnages L.O.L. Surprise! pr\u00e9f\u00e9r\u00e9s. Avec pas moins de 198 autocollants sur deux feuilles, tu peux cr\u00e9er des combinaisons infinies et un [&hellip;]\" \/>\n<meta property=\"og:url\" content=\"https:\/\/ses-creative.com\/fr\/produit\/l-o-l-stickers-transfert-ongles\/\" \/>\n<meta property=\"og:site_name\" content=\"SES Creative\" \/>\n<meta property=\"article:modified_time\" content=\"2026-02-12T10:22:55+00:00\" \/>\n<meta name=\"twitter:card\" content=\"summary_large_image\" \/>\n<meta name=\"twitter:label1\" content=\"Dur\u00e9e de lecture estim\u00e9e\" \/>\n\t<meta name=\"twitter:data1\" content=\"2 minutes\" \/>\n<script type=\"application\/ld+json\" class=\"yoast-schema-graph\">{\"@context\":\"https:\/\/schema.org\",\"@graph\":[{\"@type\":\"WebPage\",\"@id\":\"https:\/\/ses-creative.com\/fr\/produit\/l-o-l-stickers-transfert-ongles\/\",\"url\":\"https:\/\/ses-creative.com\/fr\/produit\/l-o-l-stickers-transfert-ongles\/\",\"name\":\"L.O.L. - Stickers transfert ongles - SES Creative\",\"isPartOf\":{\"@id\":\"https:\/\/ses-creative.com\/#website\"},\"primaryImageOfPage\":{\"@id\":\"https:\/\/ses-creative.com\/fr\/produit\/l-o-l-stickers-transfert-ongles\/#primaryimage\"},\"image\":{\"@id\":\"https:\/\/ses-creative.com\/fr\/produit\/l-o-l-stickers-transfert-ongles\/#primaryimage\"},\"thumbnailUrl\":\"https:\/\/ses-creative.com\/wp-content\/uploads\/2026\/01\/141931.jpg\",\"datePublished\":\"2026-02-12T10:09:21+00:00\",\"dateModified\":\"2026-02-12T10:22:55+00:00\",\"breadcrumb\":{\"@id\":\"https:\/\/ses-creative.com\/fr\/produit\/l-o-l-stickers-transfert-ongles\/#breadcrumb\"},\"inLanguage\":\"fr-FR\",\"potentialAction\":[{\"@type\":\"ReadAction\",\"target\":[\"https:\/\/ses-creative.com\/fr\/produit\/l-o-l-stickers-transfert-ongles\/\"]}]},{\"@type\":\"ImageObject\",\"inLanguage\":\"fr-FR\",\"@id\":\"https:\/\/ses-creative.com\/fr\/produit\/l-o-l-stickers-transfert-ongles\/#primaryimage\",\"url\":\"https:\/\/ses-creative.com\/wp-content\/uploads\/2026\/01\/141931.jpg\",\"contentUrl\":\"https:\/\/ses-creative.com\/wp-content\/uploads\/2026\/01\/141931.jpg\",\"width\":1000,\"height\":1000},{\"@type\":\"BreadcrumbList\",\"@id\":\"https:\/\/ses-creative.com\/fr\/produit\/l-o-l-stickers-transfert-ongles\/#breadcrumb\",\"itemListElement\":[{\"@type\":\"ListItem\",\"position\":1,\"name\":\"Boutique\",\"item\":\"https:\/\/ses-creative.com\/fr\/boutique\/\"},{\"@type\":\"ListItem\",\"position\":2,\"name\":\"Loisirs cr\u00e9atifs\",\"item\":\"https:\/\/ses-creative.com\/fr\/product-categorie\/loisirs-creatifs\/\"},{\"@type\":\"ListItem\",\"position\":3,\"name\":\"L.O.L. &#8211; Stickers transfert ongles\"}]},{\"@type\":\"WebSite\",\"@id\":\"https:\/\/ses-creative.com\/#website\",\"url\":\"https:\/\/ses-creative.com\/\",\"name\":\"SES Creative\",\"description\":\"\",\"publisher\":{\"@id\":\"https:\/\/ses-creative.com\/#organization\"},\"potentialAction\":[{\"@type\":\"SearchAction\",\"target\":{\"@type\":\"EntryPoint\",\"urlTemplate\":\"https:\/\/ses-creative.com\/?s={search_term_string}\"},\"query-input\":{\"@type\":\"PropertyValueSpecification\",\"valueRequired\":true,\"valueName\":\"search_term_string\"}}],\"inLanguage\":\"fr-FR\"},{\"@type\":\"Organization\",\"@id\":\"https:\/\/ses-creative.com\/#organization\",\"name\":\"SES Creative\",\"url\":\"https:\/\/ses-creative.com\/\",\"logo\":{\"@type\":\"ImageObject\",\"inLanguage\":\"fr-FR\",\"@id\":\"https:\/\/ses-creative.com\/#\/schema\/logo\/image\/\",\"url\":\"https:\/\/ses-creative.com\/wp-content\/uploads\/2025\/10\/ses-creative-logo.jpg\",\"contentUrl\":\"https:\/\/ses-creative.com\/wp-content\/uploads\/2025\/10\/ses-creative-logo.jpg\",\"width\":2037,\"height\":2037,\"caption\":\"SES Creative\"},\"image\":{\"@id\":\"https:\/\/ses-creative.com\/#\/schema\/logo\/image\/\"}}]}<\/script>\n<!-- \/ Yoast SEO plugin. -->","yoast_head_json":{"title":"L.O.L. - Stickers transfert ongles - SES Creative","robots":{"index":"index","follow":"follow","max-snippet":"max-snippet:-1","max-image-preview":"max-image-preview:large","max-video-preview":"max-video-preview:-1"},"canonical":"https:\/\/ses-creative.com\/fr\/produit\/l-o-l-stickers-transfert-ongles\/","og_locale":"fr_FR","og_type":"article","og_title":"L.O.L. - Stickers transfert ongles - SES Creative","og_description":"L.O.L. \u2013 Autocollants pour ongles : donnez \u00e0 vos ongles un relooking L.O.L. ! Avec les autocollants pour ongles L.O.L. de SES Creative, d\u00e9core tes ongles avec des transferts color\u00e9s et joyeux de tes personnages L.O.L. Surprise! pr\u00e9f\u00e9r\u00e9s. Avec pas moins de 198 autocollants sur deux feuilles, tu peux cr\u00e9er des combinaisons infinies et un [&hellip;]","og_url":"https:\/\/ses-creative.com\/fr\/produit\/l-o-l-stickers-transfert-ongles\/","og_site_name":"SES Creative","article_modified_time":"2026-02-12T10:22:55+00:00","twitter_card":"summary_large_image","twitter_misc":{"Dur\u00e9e de lecture estim\u00e9e":"2 minutes"},"schema":{"@context":"https:\/\/schema.org","@graph":[{"@type":"WebPage","@id":"https:\/\/ses-creative.com\/fr\/produit\/l-o-l-stickers-transfert-ongles\/","url":"https:\/\/ses-creative.com\/fr\/produit\/l-o-l-stickers-transfert-ongles\/","name":"L.O.L. - Stickers transfert ongles - SES Creative","isPartOf":{"@id":"https:\/\/ses-creative.com\/#website"},"primaryImageOfPage":{"@id":"https:\/\/ses-creative.com\/fr\/produit\/l-o-l-stickers-transfert-ongles\/#primaryimage"},"image":{"@id":"https:\/\/ses-creative.com\/fr\/produit\/l-o-l-stickers-transfert-ongles\/#primaryimage"},"thumbnailUrl":"https:\/\/ses-creative.com\/wp-content\/uploads\/2026\/01\/141931.jpg","datePublished":"2026-02-12T10:09:21+00:00","dateModified":"2026-02-12T10:22:55+00:00","breadcrumb":{"@id":"https:\/\/ses-creative.com\/fr\/produit\/l-o-l-stickers-transfert-ongles\/#breadcrumb"},"inLanguage":"fr-FR","potentialAction":[{"@type":"ReadAction","target":["https:\/\/ses-creative.com\/fr\/produit\/l-o-l-stickers-transfert-ongles\/"]}]},{"@type":"ImageObject","inLanguage":"fr-FR","@id":"https:\/\/ses-creative.com\/fr\/produit\/l-o-l-stickers-transfert-ongles\/#primaryimage","url":"https:\/\/ses-creative.com\/wp-content\/uploads\/2026\/01\/141931.jpg","contentUrl":"https:\/\/ses-creative.com\/wp-content\/uploads\/2026\/01\/141931.jpg","width":1000,"height":1000},{"@type":"BreadcrumbList","@id":"https:\/\/ses-creative.com\/fr\/produit\/l-o-l-stickers-transfert-ongles\/#breadcrumb","itemListElement":[{"@type":"ListItem","position":1,"name":"Boutique","item":"https:\/\/ses-creative.com\/fr\/boutique\/"},{"@type":"ListItem","position":2,"name":"Loisirs cr\u00e9atifs","item":"https:\/\/ses-creative.com\/fr\/product-categorie\/loisirs-creatifs\/"},{"@type":"ListItem","position":3,"name":"L.O.L. &#8211; Stickers transfert ongles"}]},{"@type":"WebSite","@id":"https:\/\/ses-creative.com\/#website","url":"https:\/\/ses-creative.com\/","name":"SES Creative","description":"","publisher":{"@id":"https:\/\/ses-creative.com\/#organization"},"potentialAction":[{"@type":"SearchAction","target":{"@type":"EntryPoint","urlTemplate":"https:\/\/ses-creative.com\/?s={search_term_string}"},"query-input":{"@type":"PropertyValueSpecification","valueRequired":true,"valueName":"search_term_string"}}],"inLanguage":"fr-FR"},{"@type":"Organization","@id":"https:\/\/ses-creative.com\/#organization","name":"SES Creative","url":"https:\/\/ses-creative.com\/","logo":{"@type":"ImageObject","inLanguage":"fr-FR","@id":"https:\/\/ses-creative.com\/#\/schema\/logo\/image\/","url":"https:\/\/ses-creative.com\/wp-content\/uploads\/2025\/10\/ses-creative-logo.jpg","contentUrl":"https:\/\/ses-creative.com\/wp-content\/uploads\/2025\/10\/ses-creative-logo.jpg","width":2037,"height":2037,"caption":"SES Creative"},"image":{"@id":"https:\/\/ses-creative.com\/#\/schema\/logo\/image\/"}}]}},"_links":{"self":[{"href":"https:\/\/ses-creative.com\/fr\/wp-json\/wp\/v2\/product\/118306","targetHints":{"allow":["GET"]}}],"collection":[{"href":"https:\/\/ses-creative.com\/fr\/wp-json\/wp\/v2\/product"}],"about":[{"href":"https:\/\/ses-creative.com\/fr\/wp-json\/wp\/v2\/types\/product"}],"replies":[{"embeddable":true,"href":"https:\/\/ses-creative.com\/fr\/wp-json\/wp\/v2\/comments?post=118306"}],"wp:featuredmedia":[{"embeddable":true,"href":"https:\/\/ses-creative.com\/fr\/wp-json\/wp\/v2\/media\/95296"}],"wp:attachment":[{"href":"https:\/\/ses-creative.com\/fr\/wp-json\/wp\/v2\/media?parent=118306"}],"wp:term":[{"taxonomy":"product_brand","embeddable":true,"href":"https:\/\/ses-creative.com\/fr\/wp-json\/wp\/v2\/product_brand?post=118306"},{"taxonomy":"product_cat","embeddable":true,"href":"https:\/\/ses-creative.com\/fr\/wp-json\/wp\/v2\/product_cat?post=118306"},{"taxonomy":"product_tag","embeddable":true,"href":"https:\/\/ses-creative.com\/fr\/wp-json\/wp\/v2\/product_tag?post=118306"}],"curies":[{"name":"wp","href":"https:\/\/api.w.org\/{rel}","templated":true}]}}