











{"id":118305,"date":"2026-02-12T10:09:21","date_gmt":"2026-02-12T10:09:21","guid":{"rendered":"https:\/\/ses-creative.com\/?post_type=product&#038;p=118305"},"modified":"2026-02-12T10:22:55","modified_gmt":"2026-02-12T10:22:55","slug":"l-o-l-tatouages-metallises","status":"publish","type":"product","link":"https:\/\/ses-creative.com\/fr\/produit\/l-o-l-tatouages-metallises\/","title":{"rendered":"L.O.L. &#8211; Tatouages m\u00e9tallis\u00e9s"},"content":{"rendered":"<p>L.O.L. \u2013 Tatouages m\u00e9talliques : faites briller votre style !<\/p>\n<p>Avec les tatouages m\u00e9talliques L.O.L. de SES Creative, ajoutez une touche de glamour suppl\u00e9mentaire \u00e0 votre look ! Ces tatouages temporaires repr\u00e9sentent les personnages cool de L.O.L. Surprise et ont une finition m\u00e9tallique brillante. Parfaits pour les enfants \u00e0 partir de 6 ans qui aiment la mode, les paillettes et afficher leur propre style.<\/p>\n<p>Ce qui rend ce set g\u00e9nial<\/p>\n<p>2 feuilles de tatouages avec des motifs m\u00e9talliques L.O.L. Surprise<br \/>\nFinition m\u00e9tallique pour un look luxueux et scintillant<br \/>\nFacile \u00e0 appliquer et \u00e0 retirer<br \/>\nSans danger pour la peau \u2013 id\u00e9al pour les jeunes fans de mode<br \/>\nParfait pour les f\u00eates, les d\u00e9guisements ou simplement pour s&rsquo;amuser<\/p>\n<p>Brillez avec vos personnages L.O.L. pr\u00e9f\u00e9r\u00e9s<\/p>\n<p>Choisissez vos tatouages L.O.L. pr\u00e9f\u00e9r\u00e9s, appliquez-les et rayonnez ! Les enfants peuvent exprimer leur style avec des tatouages color\u00e9s et brillants qui s&rsquo;accordent avec toutes les tenues. Une fa\u00e7on super sympa de briller lors d&rsquo;une f\u00eate ou simplement \u00e0 la maison pendant un moment de bricolage.<\/p>\n<p>Contenu du set<\/p>\n<p>2 feuilles de tatouages m\u00e9talliques L.O.L. Surprise<\/p>\n<p>Pourquoi choisir SES Creative ?<\/p>\n<p>Chez SES Creative, nous accordons une grande importance \u00e0 la s\u00e9curit\u00e9. C&rsquo;est pourquoi nos produits sont fabriqu\u00e9s et test\u00e9s dans notre usine aux Pays-Bas, conform\u00e9ment aux normes de s\u00e9curit\u00e9 europ\u00e9ennes les plus strictes. Les jouets SES Creative sont source de plaisir et permettent aux enfants d&rsquo;\u00eatre fiers de leur travail, ce qui stimule leur cr\u00e9ativit\u00e9 et leur d\u00e9veloppement.<\/p>\n<p>Commencez d\u00e8s aujourd&rsquo;hui avec vos tatouages m\u00e9talliques<\/p>\n<p>Prenez le kit L.O.L. \u2013 Tatouages m\u00e9talliques, choisissez vos motifs pr\u00e9f\u00e9r\u00e9s et faites briller votre peau ! Une activit\u00e9 scintillante pleine de plaisir, de style et d&rsquo;expression personnelle, exactement comme vous le souhaitez.<\/p>\n","protected":false},"excerpt":{"rendered":"<p>L.O.L. \u2013 Tatouages m\u00e9talliques : faites briller votre style ! Avec les tatouages m\u00e9talliques L.O.L. de SES Creative, ajoutez une touche de glamour suppl\u00e9mentaire \u00e0 votre look ! Ces tatouages temporaires repr\u00e9sentent les personnages cool de L.O.L. Surprise et ont une finition m\u00e9tallique brillante. Parfaits pour les enfants \u00e0 partir de 6 ans qui aiment [&hellip;]<\/p>\n","protected":false},"featured_media":95276,"comment_status":"closed","ping_status":"closed","template":"","meta":{"_acf_changed":false},"product_brand":[],"product_cat":[122],"product_tag":[],"class_list":{"0":"post-118305","1":"product","2":"type-product","3":"status-publish","4":"has-post-thumbnail","6":"product_cat-loisirs-creatifs","7":"pa_collecties-l-o-l","8":"pa_leeftijd-filter-4-6-ans","9":"pa_meest-populair-bij-filles","11":"first","12":"instock","13":"shipping-taxable","14":"product-type-simple"},"acf":[],"yoast_head":"<!-- This site is optimized with the Yoast SEO plugin v27.2 - https:\/\/yoast.com\/product\/yoast-seo-wordpress\/ -->\n<title>L.O.L. - Tatouages m\u00e9tallis\u00e9s - SES Creative<\/title>\n<meta name=\"robots\" content=\"index, follow, max-snippet:-1, max-image-preview:large, max-video-preview:-1\" \/>\n<link rel=\"canonical\" href=\"https:\/\/ses-creative.com\/fr\/produit\/l-o-l-tatouages-metallises\/\" \/>\n<meta property=\"og:locale\" content=\"fr_FR\" \/>\n<meta property=\"og:type\" content=\"article\" \/>\n<meta property=\"og:title\" content=\"L.O.L. - Tatouages m\u00e9tallis\u00e9s - SES Creative\" \/>\n<meta property=\"og:description\" content=\"L.O.L. \u2013 Tatouages m\u00e9talliques : faites briller votre style ! Avec les tatouages m\u00e9talliques L.O.L. de SES Creative, ajoutez une touche de glamour suppl\u00e9mentaire \u00e0 votre look ! Ces tatouages temporaires repr\u00e9sentent les personnages cool de L.O.L. Surprise et ont une finition m\u00e9tallique brillante. Parfaits pour les enfants \u00e0 partir de 6 ans qui aiment [&hellip;]\" \/>\n<meta property=\"og:url\" content=\"https:\/\/ses-creative.com\/fr\/produit\/l-o-l-tatouages-metallises\/\" \/>\n<meta property=\"og:site_name\" content=\"SES Creative\" \/>\n<meta property=\"article:modified_time\" content=\"2026-02-12T10:22:55+00:00\" \/>\n<meta name=\"twitter:card\" content=\"summary_large_image\" \/>\n<meta name=\"twitter:label1\" content=\"Dur\u00e9e de lecture estim\u00e9e\" \/>\n\t<meta name=\"twitter:data1\" content=\"2 minutes\" \/>\n<script type=\"application\/ld+json\" class=\"yoast-schema-graph\">{\"@context\":\"https:\/\/schema.org\",\"@graph\":[{\"@type\":\"WebPage\",\"@id\":\"https:\/\/ses-creative.com\/fr\/produit\/l-o-l-tatouages-metallises\/\",\"url\":\"https:\/\/ses-creative.com\/fr\/produit\/l-o-l-tatouages-metallises\/\",\"name\":\"L.O.L. - Tatouages m\u00e9tallis\u00e9s - SES Creative\",\"isPartOf\":{\"@id\":\"https:\/\/ses-creative.com\/#website\"},\"primaryImageOfPage\":{\"@id\":\"https:\/\/ses-creative.com\/fr\/produit\/l-o-l-tatouages-metallises\/#primaryimage\"},\"image\":{\"@id\":\"https:\/\/ses-creative.com\/fr\/produit\/l-o-l-tatouages-metallises\/#primaryimage\"},\"thumbnailUrl\":\"https:\/\/ses-creative.com\/wp-content\/uploads\/2026\/01\/141921.jpg\",\"datePublished\":\"2026-02-12T10:09:21+00:00\",\"dateModified\":\"2026-02-12T10:22:55+00:00\",\"breadcrumb\":{\"@id\":\"https:\/\/ses-creative.com\/fr\/produit\/l-o-l-tatouages-metallises\/#breadcrumb\"},\"inLanguage\":\"fr-FR\",\"potentialAction\":[{\"@type\":\"ReadAction\",\"target\":[\"https:\/\/ses-creative.com\/fr\/produit\/l-o-l-tatouages-metallises\/\"]}]},{\"@type\":\"ImageObject\",\"inLanguage\":\"fr-FR\",\"@id\":\"https:\/\/ses-creative.com\/fr\/produit\/l-o-l-tatouages-metallises\/#primaryimage\",\"url\":\"https:\/\/ses-creative.com\/wp-content\/uploads\/2026\/01\/141921.jpg\",\"contentUrl\":\"https:\/\/ses-creative.com\/wp-content\/uploads\/2026\/01\/141921.jpg\",\"width\":1000,\"height\":1000},{\"@type\":\"BreadcrumbList\",\"@id\":\"https:\/\/ses-creative.com\/fr\/produit\/l-o-l-tatouages-metallises\/#breadcrumb\",\"itemListElement\":[{\"@type\":\"ListItem\",\"position\":1,\"name\":\"Boutique\",\"item\":\"https:\/\/ses-creative.com\/fr\/boutique\/\"},{\"@type\":\"ListItem\",\"position\":2,\"name\":\"Loisirs cr\u00e9atifs\",\"item\":\"https:\/\/ses-creative.com\/fr\/product-categorie\/loisirs-creatifs\/\"},{\"@type\":\"ListItem\",\"position\":3,\"name\":\"L.O.L. &#8211; Tatouages m\u00e9tallis\u00e9s\"}]},{\"@type\":\"WebSite\",\"@id\":\"https:\/\/ses-creative.com\/#website\",\"url\":\"https:\/\/ses-creative.com\/\",\"name\":\"SES Creative\",\"description\":\"\",\"publisher\":{\"@id\":\"https:\/\/ses-creative.com\/#organization\"},\"potentialAction\":[{\"@type\":\"SearchAction\",\"target\":{\"@type\":\"EntryPoint\",\"urlTemplate\":\"https:\/\/ses-creative.com\/?s={search_term_string}\"},\"query-input\":{\"@type\":\"PropertyValueSpecification\",\"valueRequired\":true,\"valueName\":\"search_term_string\"}}],\"inLanguage\":\"fr-FR\"},{\"@type\":\"Organization\",\"@id\":\"https:\/\/ses-creative.com\/#organization\",\"name\":\"SES Creative\",\"url\":\"https:\/\/ses-creative.com\/\",\"logo\":{\"@type\":\"ImageObject\",\"inLanguage\":\"fr-FR\",\"@id\":\"https:\/\/ses-creative.com\/#\/schema\/logo\/image\/\",\"url\":\"https:\/\/ses-creative.com\/wp-content\/uploads\/2025\/10\/ses-creative-logo.jpg\",\"contentUrl\":\"https:\/\/ses-creative.com\/wp-content\/uploads\/2025\/10\/ses-creative-logo.jpg\",\"width\":2037,\"height\":2037,\"caption\":\"SES Creative\"},\"image\":{\"@id\":\"https:\/\/ses-creative.com\/#\/schema\/logo\/image\/\"}}]}<\/script>\n<!-- \/ Yoast SEO plugin. -->","yoast_head_json":{"title":"L.O.L. - Tatouages m\u00e9tallis\u00e9s - SES Creative","robots":{"index":"index","follow":"follow","max-snippet":"max-snippet:-1","max-image-preview":"max-image-preview:large","max-video-preview":"max-video-preview:-1"},"canonical":"https:\/\/ses-creative.com\/fr\/produit\/l-o-l-tatouages-metallises\/","og_locale":"fr_FR","og_type":"article","og_title":"L.O.L. - Tatouages m\u00e9tallis\u00e9s - SES Creative","og_description":"L.O.L. \u2013 Tatouages m\u00e9talliques : faites briller votre style ! Avec les tatouages m\u00e9talliques L.O.L. de SES Creative, ajoutez une touche de glamour suppl\u00e9mentaire \u00e0 votre look ! Ces tatouages temporaires repr\u00e9sentent les personnages cool de L.O.L. Surprise et ont une finition m\u00e9tallique brillante. Parfaits pour les enfants \u00e0 partir de 6 ans qui aiment [&hellip;]","og_url":"https:\/\/ses-creative.com\/fr\/produit\/l-o-l-tatouages-metallises\/","og_site_name":"SES Creative","article_modified_time":"2026-02-12T10:22:55+00:00","twitter_card":"summary_large_image","twitter_misc":{"Dur\u00e9e de lecture estim\u00e9e":"2 minutes"},"schema":{"@context":"https:\/\/schema.org","@graph":[{"@type":"WebPage","@id":"https:\/\/ses-creative.com\/fr\/produit\/l-o-l-tatouages-metallises\/","url":"https:\/\/ses-creative.com\/fr\/produit\/l-o-l-tatouages-metallises\/","name":"L.O.L. - Tatouages m\u00e9tallis\u00e9s - SES Creative","isPartOf":{"@id":"https:\/\/ses-creative.com\/#website"},"primaryImageOfPage":{"@id":"https:\/\/ses-creative.com\/fr\/produit\/l-o-l-tatouages-metallises\/#primaryimage"},"image":{"@id":"https:\/\/ses-creative.com\/fr\/produit\/l-o-l-tatouages-metallises\/#primaryimage"},"thumbnailUrl":"https:\/\/ses-creative.com\/wp-content\/uploads\/2026\/01\/141921.jpg","datePublished":"2026-02-12T10:09:21+00:00","dateModified":"2026-02-12T10:22:55+00:00","breadcrumb":{"@id":"https:\/\/ses-creative.com\/fr\/produit\/l-o-l-tatouages-metallises\/#breadcrumb"},"inLanguage":"fr-FR","potentialAction":[{"@type":"ReadAction","target":["https:\/\/ses-creative.com\/fr\/produit\/l-o-l-tatouages-metallises\/"]}]},{"@type":"ImageObject","inLanguage":"fr-FR","@id":"https:\/\/ses-creative.com\/fr\/produit\/l-o-l-tatouages-metallises\/#primaryimage","url":"https:\/\/ses-creative.com\/wp-content\/uploads\/2026\/01\/141921.jpg","contentUrl":"https:\/\/ses-creative.com\/wp-content\/uploads\/2026\/01\/141921.jpg","width":1000,"height":1000},{"@type":"BreadcrumbList","@id":"https:\/\/ses-creative.com\/fr\/produit\/l-o-l-tatouages-metallises\/#breadcrumb","itemListElement":[{"@type":"ListItem","position":1,"name":"Boutique","item":"https:\/\/ses-creative.com\/fr\/boutique\/"},{"@type":"ListItem","position":2,"name":"Loisirs cr\u00e9atifs","item":"https:\/\/ses-creative.com\/fr\/product-categorie\/loisirs-creatifs\/"},{"@type":"ListItem","position":3,"name":"L.O.L. &#8211; Tatouages m\u00e9tallis\u00e9s"}]},{"@type":"WebSite","@id":"https:\/\/ses-creative.com\/#website","url":"https:\/\/ses-creative.com\/","name":"SES Creative","description":"","publisher":{"@id":"https:\/\/ses-creative.com\/#organization"},"potentialAction":[{"@type":"SearchAction","target":{"@type":"EntryPoint","urlTemplate":"https:\/\/ses-creative.com\/?s={search_term_string}"},"query-input":{"@type":"PropertyValueSpecification","valueRequired":true,"valueName":"search_term_string"}}],"inLanguage":"fr-FR"},{"@type":"Organization","@id":"https:\/\/ses-creative.com\/#organization","name":"SES Creative","url":"https:\/\/ses-creative.com\/","logo":{"@type":"ImageObject","inLanguage":"fr-FR","@id":"https:\/\/ses-creative.com\/#\/schema\/logo\/image\/","url":"https:\/\/ses-creative.com\/wp-content\/uploads\/2025\/10\/ses-creative-logo.jpg","contentUrl":"https:\/\/ses-creative.com\/wp-content\/uploads\/2025\/10\/ses-creative-logo.jpg","width":2037,"height":2037,"caption":"SES Creative"},"image":{"@id":"https:\/\/ses-creative.com\/#\/schema\/logo\/image\/"}}]}},"_links":{"self":[{"href":"https:\/\/ses-creative.com\/fr\/wp-json\/wp\/v2\/product\/118305","targetHints":{"allow":["GET"]}}],"collection":[{"href":"https:\/\/ses-creative.com\/fr\/wp-json\/wp\/v2\/product"}],"about":[{"href":"https:\/\/ses-creative.com\/fr\/wp-json\/wp\/v2\/types\/product"}],"replies":[{"embeddable":true,"href":"https:\/\/ses-creative.com\/fr\/wp-json\/wp\/v2\/comments?post=118305"}],"wp:featuredmedia":[{"embeddable":true,"href":"https:\/\/ses-creative.com\/fr\/wp-json\/wp\/v2\/media\/95276"}],"wp:attachment":[{"href":"https:\/\/ses-creative.com\/fr\/wp-json\/wp\/v2\/media?parent=118305"}],"wp:term":[{"taxonomy":"product_brand","embeddable":true,"href":"https:\/\/ses-creative.com\/fr\/wp-json\/wp\/v2\/product_brand?post=118305"},{"taxonomy":"product_cat","embeddable":true,"href":"https:\/\/ses-creative.com\/fr\/wp-json\/wp\/v2\/product_cat?post=118305"},{"taxonomy":"product_tag","embeddable":true,"href":"https:\/\/ses-creative.com\/fr\/wp-json\/wp\/v2\/product_tag?post=118305"}],"curies":[{"name":"wp","href":"https:\/\/api.w.org\/{rel}","templated":true}]}}