











{"id":118304,"date":"2026-02-12T10:09:20","date_gmt":"2026-02-12T10:09:20","guid":{"rendered":"https:\/\/ses-creative.com\/?post_type=product&#038;p=118304"},"modified":"2026-02-12T10:22:55","modified_gmt":"2026-02-12T10:22:55","slug":"l-o-l-bracelets-a-breloques-gonfles","status":"publish","type":"product","link":"https:\/\/ses-creative.com\/fr\/produit\/l-o-l-bracelets-a-breloques-gonfles\/","title":{"rendered":"L.O.L. &#8211; Bracelets \u00e0 breloques gonfl\u00e9s"},"content":{"rendered":"<p>L.O.L. \u2013 Bracelets autocollants gonfl\u00e9s : cr\u00e9ez et portez votre propre style paillet\u00e9 !<\/p>\n<p>Tu adores L.O.L. Surprise ! et la mode ? Avec le set de bracelets autocollants gonfl\u00e9s de SES Creative, tu peux cr\u00e9er toi-m\u00eame les bracelets les plus sympas, pleins de paillettes et de style. D\u00e9core les bracelets avec des autocollants gonfl\u00e9s et des breloques L.O.L. et porte fi\u00e8rement ta cr\u00e9ation. Parfait pour les enfants \u00e0 partir de 6 ans qui aiment le bricolage et la mode.<\/p>\n<p>Ce qui rend ce kit g\u00e9nial<\/p>\n<p>Comprend des breloques L.O.L. Surprise! pour encore plus de style<\/p>\n<p>Des autocollants paillet\u00e9s Puffy pour un effet saisissant<\/p>\n<p>2 bracelets solides \u00e0 d\u00e9corer soi-m\u00eame<\/p>\n<p>Facile \u00e0 utiliser gr\u00e2ce aux autocollants de fixation<\/p>\n<p>Stimule la motricit\u00e9 fine et le sens de la mode<\/p>\n<p>Laissez libre cours \u00e0 votre cr\u00e9ativit\u00e9<\/p>\n<p>Bricoler et cr\u00e9er vos propres bijoux, que demander de plus ? Avec ce kit, vous transformerez chaque bracelet en un accessoire de mode unique. Id\u00e9al pour un apr\u00e8s-midi bricolage entre copines ou comme cadeau personnalis\u00e9. Votre style, votre bracelet !<\/p>\n<p>Contenu du kit<\/p>\n<p>Autocollants paillet\u00e9s Puffy<\/p>\n<p>2 bracelets<\/p>\n<p>12 autocollants de fixation<\/p>\n<p>Pourquoi choisir SES Creative ?<\/p>\n<p>Chez SES Creative, nous accordons une grande importance \u00e0 la s\u00e9curit\u00e9. C&rsquo;est pourquoi nos produits sont fabriqu\u00e9s et test\u00e9s dans notre usine aux Pays-Bas, conform\u00e9ment aux normes de s\u00e9curit\u00e9 europ\u00e9ennes les plus strictes. Les jouets SES Creative sont source de plaisir et permettent aux enfants d&rsquo;\u00eatre fiers de leur travail, ce qui stimule leur cr\u00e9ativit\u00e9 et leur d\u00e9veloppement.<\/p>\n<p>Commencez d\u00e8s aujourd&rsquo;hui \u00e0 cr\u00e9er votre propre style de bracelet L.O.L.<\/p>\n<p>Prenez vos autocollants puffy, choisissez vos breloques L.O.L. pr\u00e9f\u00e9r\u00e9es et cr\u00e9ez le bracelet de vos r\u00eaves. Avec ce kit, vous rayonnerez comme jamais auparavant : lib\u00e9rez la reine de la mode qui sommeille en vous !<\/p>\n","protected":false},"excerpt":{"rendered":"<p>L.O.L. \u2013 Bracelets autocollants gonfl\u00e9s : cr\u00e9ez et portez votre propre style paillet\u00e9 ! Tu adores L.O.L. Surprise ! et la mode ? Avec le set de bracelets autocollants gonfl\u00e9s de SES Creative, tu peux cr\u00e9er toi-m\u00eame les bracelets les plus sympas, pleins de paillettes et de style. D\u00e9core les bracelets avec des autocollants gonfl\u00e9s [&hellip;]<\/p>\n","protected":false},"featured_media":95256,"comment_status":"closed","ping_status":"closed","template":"","meta":{"_acf_changed":false},"product_brand":[],"product_cat":[122],"product_tag":[],"class_list":{"0":"post-118304","1":"product","2":"type-product","3":"status-publish","4":"has-post-thumbnail","6":"product_cat-loisirs-creatifs","7":"pa_collecties-l-o-l","8":"pa_leeftijd-filter-4-6-ans","9":"pa_meest-populair-bij-filles","11":"first","12":"instock","13":"shipping-taxable","14":"product-type-simple"},"acf":[],"yoast_head":"<!-- This site is optimized with the Yoast SEO plugin v27.2 - https:\/\/yoast.com\/product\/yoast-seo-wordpress\/ -->\n<title>L.O.L. - Bracelets \u00e0 breloques gonfl\u00e9s - SES Creative<\/title>\n<meta name=\"robots\" content=\"index, follow, max-snippet:-1, max-image-preview:large, max-video-preview:-1\" \/>\n<link rel=\"canonical\" href=\"https:\/\/ses-creative.com\/fr\/produit\/l-o-l-bracelets-a-breloques-gonfles\/\" \/>\n<meta property=\"og:locale\" content=\"fr_FR\" \/>\n<meta property=\"og:type\" content=\"article\" \/>\n<meta property=\"og:title\" content=\"L.O.L. - Bracelets \u00e0 breloques gonfl\u00e9s - SES Creative\" \/>\n<meta property=\"og:description\" content=\"L.O.L. \u2013 Bracelets autocollants gonfl\u00e9s : cr\u00e9ez et portez votre propre style paillet\u00e9 ! Tu adores L.O.L. Surprise ! et la mode ? Avec le set de bracelets autocollants gonfl\u00e9s de SES Creative, tu peux cr\u00e9er toi-m\u00eame les bracelets les plus sympas, pleins de paillettes et de style. D\u00e9core les bracelets avec des autocollants gonfl\u00e9s [&hellip;]\" \/>\n<meta property=\"og:url\" content=\"https:\/\/ses-creative.com\/fr\/produit\/l-o-l-bracelets-a-breloques-gonfles\/\" \/>\n<meta property=\"og:site_name\" content=\"SES Creative\" \/>\n<meta property=\"article:modified_time\" content=\"2026-02-12T10:22:55+00:00\" \/>\n<meta name=\"twitter:card\" content=\"summary_large_image\" \/>\n<meta name=\"twitter:label1\" content=\"Dur\u00e9e de lecture estim\u00e9e\" \/>\n\t<meta name=\"twitter:data1\" content=\"2 minutes\" \/>\n<script type=\"application\/ld+json\" class=\"yoast-schema-graph\">{\"@context\":\"https:\/\/schema.org\",\"@graph\":[{\"@type\":\"WebPage\",\"@id\":\"https:\/\/ses-creative.com\/fr\/produit\/l-o-l-bracelets-a-breloques-gonfles\/\",\"url\":\"https:\/\/ses-creative.com\/fr\/produit\/l-o-l-bracelets-a-breloques-gonfles\/\",\"name\":\"L.O.L. - Bracelets \u00e0 breloques gonfl\u00e9s - SES Creative\",\"isPartOf\":{\"@id\":\"https:\/\/ses-creative.com\/#website\"},\"primaryImageOfPage\":{\"@id\":\"https:\/\/ses-creative.com\/fr\/produit\/l-o-l-bracelets-a-breloques-gonfles\/#primaryimage\"},\"image\":{\"@id\":\"https:\/\/ses-creative.com\/fr\/produit\/l-o-l-bracelets-a-breloques-gonfles\/#primaryimage\"},\"thumbnailUrl\":\"https:\/\/ses-creative.com\/wp-content\/uploads\/2026\/01\/141901.jpg\",\"datePublished\":\"2026-02-12T10:09:20+00:00\",\"dateModified\":\"2026-02-12T10:22:55+00:00\",\"breadcrumb\":{\"@id\":\"https:\/\/ses-creative.com\/fr\/produit\/l-o-l-bracelets-a-breloques-gonfles\/#breadcrumb\"},\"inLanguage\":\"fr-FR\",\"potentialAction\":[{\"@type\":\"ReadAction\",\"target\":[\"https:\/\/ses-creative.com\/fr\/produit\/l-o-l-bracelets-a-breloques-gonfles\/\"]}]},{\"@type\":\"ImageObject\",\"inLanguage\":\"fr-FR\",\"@id\":\"https:\/\/ses-creative.com\/fr\/produit\/l-o-l-bracelets-a-breloques-gonfles\/#primaryimage\",\"url\":\"https:\/\/ses-creative.com\/wp-content\/uploads\/2026\/01\/141901.jpg\",\"contentUrl\":\"https:\/\/ses-creative.com\/wp-content\/uploads\/2026\/01\/141901.jpg\",\"width\":1000,\"height\":1000},{\"@type\":\"BreadcrumbList\",\"@id\":\"https:\/\/ses-creative.com\/fr\/produit\/l-o-l-bracelets-a-breloques-gonfles\/#breadcrumb\",\"itemListElement\":[{\"@type\":\"ListItem\",\"position\":1,\"name\":\"Boutique\",\"item\":\"https:\/\/ses-creative.com\/fr\/boutique\/\"},{\"@type\":\"ListItem\",\"position\":2,\"name\":\"Loisirs cr\u00e9atifs\",\"item\":\"https:\/\/ses-creative.com\/fr\/product-categorie\/loisirs-creatifs\/\"},{\"@type\":\"ListItem\",\"position\":3,\"name\":\"L.O.L. &#8211; Bracelets \u00e0 breloques gonfl\u00e9s\"}]},{\"@type\":\"WebSite\",\"@id\":\"https:\/\/ses-creative.com\/#website\",\"url\":\"https:\/\/ses-creative.com\/\",\"name\":\"SES Creative\",\"description\":\"\",\"publisher\":{\"@id\":\"https:\/\/ses-creative.com\/#organization\"},\"potentialAction\":[{\"@type\":\"SearchAction\",\"target\":{\"@type\":\"EntryPoint\",\"urlTemplate\":\"https:\/\/ses-creative.com\/?s={search_term_string}\"},\"query-input\":{\"@type\":\"PropertyValueSpecification\",\"valueRequired\":true,\"valueName\":\"search_term_string\"}}],\"inLanguage\":\"fr-FR\"},{\"@type\":\"Organization\",\"@id\":\"https:\/\/ses-creative.com\/#organization\",\"name\":\"SES Creative\",\"url\":\"https:\/\/ses-creative.com\/\",\"logo\":{\"@type\":\"ImageObject\",\"inLanguage\":\"fr-FR\",\"@id\":\"https:\/\/ses-creative.com\/#\/schema\/logo\/image\/\",\"url\":\"https:\/\/ses-creative.com\/wp-content\/uploads\/2025\/10\/ses-creative-logo.jpg\",\"contentUrl\":\"https:\/\/ses-creative.com\/wp-content\/uploads\/2025\/10\/ses-creative-logo.jpg\",\"width\":2037,\"height\":2037,\"caption\":\"SES Creative\"},\"image\":{\"@id\":\"https:\/\/ses-creative.com\/#\/schema\/logo\/image\/\"}}]}<\/script>\n<!-- \/ Yoast SEO plugin. -->","yoast_head_json":{"title":"L.O.L. - Bracelets \u00e0 breloques gonfl\u00e9s - SES Creative","robots":{"index":"index","follow":"follow","max-snippet":"max-snippet:-1","max-image-preview":"max-image-preview:large","max-video-preview":"max-video-preview:-1"},"canonical":"https:\/\/ses-creative.com\/fr\/produit\/l-o-l-bracelets-a-breloques-gonfles\/","og_locale":"fr_FR","og_type":"article","og_title":"L.O.L. - Bracelets \u00e0 breloques gonfl\u00e9s - SES Creative","og_description":"L.O.L. \u2013 Bracelets autocollants gonfl\u00e9s : cr\u00e9ez et portez votre propre style paillet\u00e9 ! Tu adores L.O.L. Surprise ! et la mode ? Avec le set de bracelets autocollants gonfl\u00e9s de SES Creative, tu peux cr\u00e9er toi-m\u00eame les bracelets les plus sympas, pleins de paillettes et de style. D\u00e9core les bracelets avec des autocollants gonfl\u00e9s [&hellip;]","og_url":"https:\/\/ses-creative.com\/fr\/produit\/l-o-l-bracelets-a-breloques-gonfles\/","og_site_name":"SES Creative","article_modified_time":"2026-02-12T10:22:55+00:00","twitter_card":"summary_large_image","twitter_misc":{"Dur\u00e9e de lecture estim\u00e9e":"2 minutes"},"schema":{"@context":"https:\/\/schema.org","@graph":[{"@type":"WebPage","@id":"https:\/\/ses-creative.com\/fr\/produit\/l-o-l-bracelets-a-breloques-gonfles\/","url":"https:\/\/ses-creative.com\/fr\/produit\/l-o-l-bracelets-a-breloques-gonfles\/","name":"L.O.L. - Bracelets \u00e0 breloques gonfl\u00e9s - SES Creative","isPartOf":{"@id":"https:\/\/ses-creative.com\/#website"},"primaryImageOfPage":{"@id":"https:\/\/ses-creative.com\/fr\/produit\/l-o-l-bracelets-a-breloques-gonfles\/#primaryimage"},"image":{"@id":"https:\/\/ses-creative.com\/fr\/produit\/l-o-l-bracelets-a-breloques-gonfles\/#primaryimage"},"thumbnailUrl":"https:\/\/ses-creative.com\/wp-content\/uploads\/2026\/01\/141901.jpg","datePublished":"2026-02-12T10:09:20+00:00","dateModified":"2026-02-12T10:22:55+00:00","breadcrumb":{"@id":"https:\/\/ses-creative.com\/fr\/produit\/l-o-l-bracelets-a-breloques-gonfles\/#breadcrumb"},"inLanguage":"fr-FR","potentialAction":[{"@type":"ReadAction","target":["https:\/\/ses-creative.com\/fr\/produit\/l-o-l-bracelets-a-breloques-gonfles\/"]}]},{"@type":"ImageObject","inLanguage":"fr-FR","@id":"https:\/\/ses-creative.com\/fr\/produit\/l-o-l-bracelets-a-breloques-gonfles\/#primaryimage","url":"https:\/\/ses-creative.com\/wp-content\/uploads\/2026\/01\/141901.jpg","contentUrl":"https:\/\/ses-creative.com\/wp-content\/uploads\/2026\/01\/141901.jpg","width":1000,"height":1000},{"@type":"BreadcrumbList","@id":"https:\/\/ses-creative.com\/fr\/produit\/l-o-l-bracelets-a-breloques-gonfles\/#breadcrumb","itemListElement":[{"@type":"ListItem","position":1,"name":"Boutique","item":"https:\/\/ses-creative.com\/fr\/boutique\/"},{"@type":"ListItem","position":2,"name":"Loisirs cr\u00e9atifs","item":"https:\/\/ses-creative.com\/fr\/product-categorie\/loisirs-creatifs\/"},{"@type":"ListItem","position":3,"name":"L.O.L. &#8211; Bracelets \u00e0 breloques gonfl\u00e9s"}]},{"@type":"WebSite","@id":"https:\/\/ses-creative.com\/#website","url":"https:\/\/ses-creative.com\/","name":"SES Creative","description":"","publisher":{"@id":"https:\/\/ses-creative.com\/#organization"},"potentialAction":[{"@type":"SearchAction","target":{"@type":"EntryPoint","urlTemplate":"https:\/\/ses-creative.com\/?s={search_term_string}"},"query-input":{"@type":"PropertyValueSpecification","valueRequired":true,"valueName":"search_term_string"}}],"inLanguage":"fr-FR"},{"@type":"Organization","@id":"https:\/\/ses-creative.com\/#organization","name":"SES Creative","url":"https:\/\/ses-creative.com\/","logo":{"@type":"ImageObject","inLanguage":"fr-FR","@id":"https:\/\/ses-creative.com\/#\/schema\/logo\/image\/","url":"https:\/\/ses-creative.com\/wp-content\/uploads\/2025\/10\/ses-creative-logo.jpg","contentUrl":"https:\/\/ses-creative.com\/wp-content\/uploads\/2025\/10\/ses-creative-logo.jpg","width":2037,"height":2037,"caption":"SES Creative"},"image":{"@id":"https:\/\/ses-creative.com\/#\/schema\/logo\/image\/"}}]}},"_links":{"self":[{"href":"https:\/\/ses-creative.com\/fr\/wp-json\/wp\/v2\/product\/118304","targetHints":{"allow":["GET"]}}],"collection":[{"href":"https:\/\/ses-creative.com\/fr\/wp-json\/wp\/v2\/product"}],"about":[{"href":"https:\/\/ses-creative.com\/fr\/wp-json\/wp\/v2\/types\/product"}],"replies":[{"embeddable":true,"href":"https:\/\/ses-creative.com\/fr\/wp-json\/wp\/v2\/comments?post=118304"}],"wp:featuredmedia":[{"embeddable":true,"href":"https:\/\/ses-creative.com\/fr\/wp-json\/wp\/v2\/media\/95256"}],"wp:attachment":[{"href":"https:\/\/ses-creative.com\/fr\/wp-json\/wp\/v2\/media?parent=118304"}],"wp:term":[{"taxonomy":"product_brand","embeddable":true,"href":"https:\/\/ses-creative.com\/fr\/wp-json\/wp\/v2\/product_brand?post=118304"},{"taxonomy":"product_cat","embeddable":true,"href":"https:\/\/ses-creative.com\/fr\/wp-json\/wp\/v2\/product_cat?post=118304"},{"taxonomy":"product_tag","embeddable":true,"href":"https:\/\/ses-creative.com\/fr\/wp-json\/wp\/v2\/product_tag?post=118304"}],"curies":[{"name":"wp","href":"https:\/\/api.w.org\/{rel}","templated":true}]}}