











{"id":118296,"date":"2026-02-12T10:09:18","date_gmt":"2026-02-12T10:09:18","guid":{"rendered":"https:\/\/ses-creative.com\/?post_type=product&#038;p=118296"},"modified":"2026-02-12T10:22:53","modified_gmt":"2026-02-12T10:22:53","slug":"tatouages-glamour-3-en-1","status":"publish","type":"product","link":"https:\/\/ses-creative.com\/fr\/produit\/tatouages-glamour-3-en-1\/","title":{"rendered":"Tatouages glamour 3 en 1"},"content":{"rendered":"<p>Avec le coffret Tatouages Glamour 3 en 1 de SES Creative, les enfants d\u00e8s 5 ans explorent une activit\u00e9 artistique vari\u00e9e et amusante. Ils peuvent choisir entre tatouages m\u00e9talliques, stickers transparents \u00e0 paillettes ou ornements en diamants. Gr\u00e2ce \u00e0 la colle pour la peau incluse et aux 4 pots de paillettes, chaque enfant peut cr\u00e9er un style unique. Le pinceau facilite l\u2019application et permet de d\u00e9corer avec pr\u00e9cision. Cette activit\u00e9 manuelle d\u00e9veloppe la cr\u00e9ativit\u00e9, la motricit\u00e9 fine, et la reconnaissance des formes et couleurs. Pr\u00e9sent\u00e9 dans une bo\u00eete m\u00e9tallique robuste, ce kit est facile \u00e0 ranger et id\u00e9al comme cadeau. Tous les \u00e9l\u00e9ments sont test\u00e9s dermatologiquement, lavables et sans danger pour la peau. Fabriqu\u00e9 aux Pays-Bas, ce produit est neutre en CO\u2082, conforme aux engagements de SES Creative depuis 1972 en mati\u00e8re de qualit\u00e9 et de s\u00e9curit\u00e9 pour les enfants.<\/p>\n","protected":false},"excerpt":{"rendered":"<p>Avec le coffret Tatouages Glamour 3 en 1 de SES Creative, les enfants d\u00e8s 5 ans explorent une activit\u00e9 artistique vari\u00e9e et amusante. Ils peuvent choisir entre tatouages m\u00e9talliques, stickers transparents \u00e0 paillettes ou ornements en diamants. Gr\u00e2ce \u00e0 la colle pour la peau incluse et aux 4 pots de paillettes, chaque enfant peut cr\u00e9er [&hellip;]<\/p>\n","protected":false},"featured_media":102236,"comment_status":"closed","ping_status":"closed","template":"","meta":{"_acf_changed":false},"product_brand":[],"product_cat":[122],"product_tag":[],"class_list":{"0":"post-118296","1":"product","2":"type-product","3":"status-publish","4":"has-post-thumbnail","6":"product_cat-loisirs-creatifs","7":"pa_leeftijd-filter-4-6-ans","8":"pa_meest-populair-bij-filles","10":"first","11":"instock","12":"shipping-taxable","13":"product-type-simple"},"acf":[],"yoast_head":"<!-- This site is optimized with the Yoast SEO plugin v27.4 - https:\/\/yoast.com\/product\/yoast-seo-wordpress\/ -->\n<title>Tatouages glamour 3 en 1 - SES Creative<\/title>\n<meta name=\"robots\" content=\"index, follow, max-snippet:-1, max-image-preview:large, max-video-preview:-1\" \/>\n<link rel=\"canonical\" href=\"https:\/\/ses-creative.com\/fr\/produit\/tatouages-glamour-3-en-1\/\" \/>\n<meta property=\"og:locale\" content=\"fr_FR\" \/>\n<meta property=\"og:type\" content=\"article\" \/>\n<meta property=\"og:title\" content=\"Tatouages glamour 3 en 1 - SES Creative\" \/>\n<meta property=\"og:description\" content=\"Avec le coffret Tatouages Glamour 3 en 1 de SES Creative, les enfants d\u00e8s 5 ans explorent une activit\u00e9 artistique vari\u00e9e et amusante. Ils peuvent choisir entre tatouages m\u00e9talliques, stickers transparents \u00e0 paillettes ou ornements en diamants. Gr\u00e2ce \u00e0 la colle pour la peau incluse et aux 4 pots de paillettes, chaque enfant peut cr\u00e9er [&hellip;]\" \/>\n<meta property=\"og:url\" content=\"https:\/\/ses-creative.com\/fr\/produit\/tatouages-glamour-3-en-1\/\" \/>\n<meta property=\"og:site_name\" content=\"SES Creative\" \/>\n<meta property=\"article:modified_time\" content=\"2026-02-12T10:22:53+00:00\" \/>\n<meta name=\"twitter:card\" content=\"summary_large_image\" \/>\n<meta name=\"twitter:label1\" content=\"Dur\u00e9e de lecture estim\u00e9e\" \/>\n\t<meta name=\"twitter:data1\" content=\"1 minute\" \/>\n<script type=\"application\/ld+json\" class=\"yoast-schema-graph\">{\"@context\":\"https:\\\/\\\/schema.org\",\"@graph\":[{\"@type\":\"WebPage\",\"@id\":\"https:\\\/\\\/ses-creative.com\\\/fr\\\/produit\\\/tatouages-glamour-3-en-1\\\/\",\"url\":\"https:\\\/\\\/ses-creative.com\\\/fr\\\/produit\\\/tatouages-glamour-3-en-1\\\/\",\"name\":\"Tatouages glamour 3 en 1 - SES Creative\",\"isPartOf\":{\"@id\":\"https:\\\/\\\/ses-creative.com\\\/#website\"},\"primaryImageOfPage\":{\"@id\":\"https:\\\/\\\/ses-creative.com\\\/fr\\\/produit\\\/tatouages-glamour-3-en-1\\\/#primaryimage\"},\"image\":{\"@id\":\"https:\\\/\\\/ses-creative.com\\\/fr\\\/produit\\\/tatouages-glamour-3-en-1\\\/#primaryimage\"},\"thumbnailUrl\":\"https:\\\/\\\/ses-creative.com\\\/wp-content\\\/uploads\\\/2026\\\/01\\\/141551.jpg\",\"datePublished\":\"2026-02-12T10:09:18+00:00\",\"dateModified\":\"2026-02-12T10:22:53+00:00\",\"breadcrumb\":{\"@id\":\"https:\\\/\\\/ses-creative.com\\\/fr\\\/produit\\\/tatouages-glamour-3-en-1\\\/#breadcrumb\"},\"inLanguage\":\"fr-FR\",\"potentialAction\":[{\"@type\":\"ReadAction\",\"target\":[\"https:\\\/\\\/ses-creative.com\\\/fr\\\/produit\\\/tatouages-glamour-3-en-1\\\/\"]}]},{\"@type\":\"ImageObject\",\"inLanguage\":\"fr-FR\",\"@id\":\"https:\\\/\\\/ses-creative.com\\\/fr\\\/produit\\\/tatouages-glamour-3-en-1\\\/#primaryimage\",\"url\":\"https:\\\/\\\/ses-creative.com\\\/wp-content\\\/uploads\\\/2026\\\/01\\\/141551.jpg\",\"contentUrl\":\"https:\\\/\\\/ses-creative.com\\\/wp-content\\\/uploads\\\/2026\\\/01\\\/141551.jpg\",\"width\":1000,\"height\":1000},{\"@type\":\"BreadcrumbList\",\"@id\":\"https:\\\/\\\/ses-creative.com\\\/fr\\\/produit\\\/tatouages-glamour-3-en-1\\\/#breadcrumb\",\"itemListElement\":[{\"@type\":\"ListItem\",\"position\":1,\"name\":\"Boutique\",\"item\":\"https:\\\/\\\/ses-creative.com\\\/fr\\\/boutique\\\/\"},{\"@type\":\"ListItem\",\"position\":2,\"name\":\"Loisirs cr\u00e9atifs\",\"item\":\"https:\\\/\\\/ses-creative.com\\\/fr\\\/product-categorie\\\/loisirs-creatifs\\\/\"},{\"@type\":\"ListItem\",\"position\":3,\"name\":\"Tatouages glamour 3 en 1\"}]},{\"@type\":\"WebSite\",\"@id\":\"https:\\\/\\\/ses-creative.com\\\/#website\",\"url\":\"https:\\\/\\\/ses-creative.com\\\/\",\"name\":\"SES Creative\",\"description\":\"\",\"publisher\":{\"@id\":\"https:\\\/\\\/ses-creative.com\\\/#organization\"},\"potentialAction\":[{\"@type\":\"SearchAction\",\"target\":{\"@type\":\"EntryPoint\",\"urlTemplate\":\"https:\\\/\\\/ses-creative.com\\\/?s={search_term_string}\"},\"query-input\":{\"@type\":\"PropertyValueSpecification\",\"valueRequired\":true,\"valueName\":\"search_term_string\"}}],\"inLanguage\":\"fr-FR\"},{\"@type\":\"Organization\",\"@id\":\"https:\\\/\\\/ses-creative.com\\\/#organization\",\"name\":\"SES Creative\",\"url\":\"https:\\\/\\\/ses-creative.com\\\/\",\"logo\":{\"@type\":\"ImageObject\",\"inLanguage\":\"fr-FR\",\"@id\":\"https:\\\/\\\/ses-creative.com\\\/#\\\/schema\\\/logo\\\/image\\\/\",\"url\":\"https:\\\/\\\/ses-creative.com\\\/wp-content\\\/uploads\\\/2025\\\/10\\\/ses-creative-logo.jpg\",\"contentUrl\":\"https:\\\/\\\/ses-creative.com\\\/wp-content\\\/uploads\\\/2025\\\/10\\\/ses-creative-logo.jpg\",\"width\":2037,\"height\":2037,\"caption\":\"SES Creative\"},\"image\":{\"@id\":\"https:\\\/\\\/ses-creative.com\\\/#\\\/schema\\\/logo\\\/image\\\/\"}}]}<\/script>\n<!-- \/ Yoast SEO plugin. -->","yoast_head_json":{"title":"Tatouages glamour 3 en 1 - SES Creative","robots":{"index":"index","follow":"follow","max-snippet":"max-snippet:-1","max-image-preview":"max-image-preview:large","max-video-preview":"max-video-preview:-1"},"canonical":"https:\/\/ses-creative.com\/fr\/produit\/tatouages-glamour-3-en-1\/","og_locale":"fr_FR","og_type":"article","og_title":"Tatouages glamour 3 en 1 - SES Creative","og_description":"Avec le coffret Tatouages Glamour 3 en 1 de SES Creative, les enfants d\u00e8s 5 ans explorent une activit\u00e9 artistique vari\u00e9e et amusante. Ils peuvent choisir entre tatouages m\u00e9talliques, stickers transparents \u00e0 paillettes ou ornements en diamants. Gr\u00e2ce \u00e0 la colle pour la peau incluse et aux 4 pots de paillettes, chaque enfant peut cr\u00e9er [&hellip;]","og_url":"https:\/\/ses-creative.com\/fr\/produit\/tatouages-glamour-3-en-1\/","og_site_name":"SES Creative","article_modified_time":"2026-02-12T10:22:53+00:00","twitter_card":"summary_large_image","twitter_misc":{"Dur\u00e9e de lecture estim\u00e9e":"1 minute"},"schema":{"@context":"https:\/\/schema.org","@graph":[{"@type":"WebPage","@id":"https:\/\/ses-creative.com\/fr\/produit\/tatouages-glamour-3-en-1\/","url":"https:\/\/ses-creative.com\/fr\/produit\/tatouages-glamour-3-en-1\/","name":"Tatouages glamour 3 en 1 - SES Creative","isPartOf":{"@id":"https:\/\/ses-creative.com\/#website"},"primaryImageOfPage":{"@id":"https:\/\/ses-creative.com\/fr\/produit\/tatouages-glamour-3-en-1\/#primaryimage"},"image":{"@id":"https:\/\/ses-creative.com\/fr\/produit\/tatouages-glamour-3-en-1\/#primaryimage"},"thumbnailUrl":"https:\/\/ses-creative.com\/wp-content\/uploads\/2026\/01\/141551.jpg","datePublished":"2026-02-12T10:09:18+00:00","dateModified":"2026-02-12T10:22:53+00:00","breadcrumb":{"@id":"https:\/\/ses-creative.com\/fr\/produit\/tatouages-glamour-3-en-1\/#breadcrumb"},"inLanguage":"fr-FR","potentialAction":[{"@type":"ReadAction","target":["https:\/\/ses-creative.com\/fr\/produit\/tatouages-glamour-3-en-1\/"]}]},{"@type":"ImageObject","inLanguage":"fr-FR","@id":"https:\/\/ses-creative.com\/fr\/produit\/tatouages-glamour-3-en-1\/#primaryimage","url":"https:\/\/ses-creative.com\/wp-content\/uploads\/2026\/01\/141551.jpg","contentUrl":"https:\/\/ses-creative.com\/wp-content\/uploads\/2026\/01\/141551.jpg","width":1000,"height":1000},{"@type":"BreadcrumbList","@id":"https:\/\/ses-creative.com\/fr\/produit\/tatouages-glamour-3-en-1\/#breadcrumb","itemListElement":[{"@type":"ListItem","position":1,"name":"Boutique","item":"https:\/\/ses-creative.com\/fr\/boutique\/"},{"@type":"ListItem","position":2,"name":"Loisirs cr\u00e9atifs","item":"https:\/\/ses-creative.com\/fr\/product-categorie\/loisirs-creatifs\/"},{"@type":"ListItem","position":3,"name":"Tatouages glamour 3 en 1"}]},{"@type":"WebSite","@id":"https:\/\/ses-creative.com\/#website","url":"https:\/\/ses-creative.com\/","name":"SES Creative","description":"","publisher":{"@id":"https:\/\/ses-creative.com\/#organization"},"potentialAction":[{"@type":"SearchAction","target":{"@type":"EntryPoint","urlTemplate":"https:\/\/ses-creative.com\/?s={search_term_string}"},"query-input":{"@type":"PropertyValueSpecification","valueRequired":true,"valueName":"search_term_string"}}],"inLanguage":"fr-FR"},{"@type":"Organization","@id":"https:\/\/ses-creative.com\/#organization","name":"SES Creative","url":"https:\/\/ses-creative.com\/","logo":{"@type":"ImageObject","inLanguage":"fr-FR","@id":"https:\/\/ses-creative.com\/#\/schema\/logo\/image\/","url":"https:\/\/ses-creative.com\/wp-content\/uploads\/2025\/10\/ses-creative-logo.jpg","contentUrl":"https:\/\/ses-creative.com\/wp-content\/uploads\/2025\/10\/ses-creative-logo.jpg","width":2037,"height":2037,"caption":"SES Creative"},"image":{"@id":"https:\/\/ses-creative.com\/#\/schema\/logo\/image\/"}}]}},"_links":{"self":[{"href":"https:\/\/ses-creative.com\/fr\/wp-json\/wp\/v2\/product\/118296","targetHints":{"allow":["GET"]}}],"collection":[{"href":"https:\/\/ses-creative.com\/fr\/wp-json\/wp\/v2\/product"}],"about":[{"href":"https:\/\/ses-creative.com\/fr\/wp-json\/wp\/v2\/types\/product"}],"replies":[{"embeddable":true,"href":"https:\/\/ses-creative.com\/fr\/wp-json\/wp\/v2\/comments?post=118296"}],"wp:featuredmedia":[{"embeddable":true,"href":"https:\/\/ses-creative.com\/fr\/wp-json\/wp\/v2\/media\/102236"}],"wp:attachment":[{"href":"https:\/\/ses-creative.com\/fr\/wp-json\/wp\/v2\/media?parent=118296"}],"wp:term":[{"taxonomy":"product_brand","embeddable":true,"href":"https:\/\/ses-creative.com\/fr\/wp-json\/wp\/v2\/product_brand?post=118296"},{"taxonomy":"product_cat","embeddable":true,"href":"https:\/\/ses-creative.com\/fr\/wp-json\/wp\/v2\/product_cat?post=118296"},{"taxonomy":"product_tag","embeddable":true,"href":"https:\/\/ses-creative.com\/fr\/wp-json\/wp\/v2\/product_tag?post=118296"}],"curies":[{"name":"wp","href":"https:\/\/api.w.org\/{rel}","templated":true}]}}