











{"id":118294,"date":"2026-02-12T10:09:18","date_gmt":"2026-02-12T10:09:18","guid":{"rendered":"https:\/\/ses-creative.com\/?post_type=product&#038;p=118294"},"modified":"2026-02-12T10:22:53","modified_gmt":"2026-02-12T10:22:53","slug":"mega-boite-de-bricolage-a-paillettes","status":"publish","type":"product","link":"https:\/\/ses-creative.com\/fr\/produit\/mega-boite-de-bricolage-a-paillettes\/","title":{"rendered":"M\u00e9ga bo\u00eete de bricolage \u00e0 paillettes"},"content":{"rendered":"<p>Hobby Pink \u2013 Bo\u00eete de bricolage Glitter Mega : laissez libre cours \u00e0 votre cr\u00e9ativit\u00e9 !<\/p>\n<p>La bo\u00eete de bricolage Glitter Mega de SES Creative est le r\u00eave de tous les jeunes amateurs de bricolage. Cette bo\u00eete bien remplie regorge de mat\u00e9riaux scintillants qui permettent aux enfants \u00e0 partir de 5 ans de laisser libre cours \u00e0 leur cr\u00e9ativit\u00e9. Du ruban adh\u00e9sif scintillant aux autocollants diamant XL, chaque id\u00e9e de bricolage prend vie avec une touche magique de paillettes.<\/p>\n<p>Ce qui rend ce kit g\u00e9nial<\/p>\n<p>Des autocollants diamant XL et des formes scintillantes en mousse pour des cr\u00e9ations qui se remarquent<br \/>\nDes tiges en chenille scintillantes et des rubans adh\u00e9sifs paillet\u00e9s color\u00e9s<br \/>\nComprend de la colle paillet\u00e9e et des autocollants ronds en forme de diamant pour encore plus de plaisir \u00e0 d\u00e9corer<br \/>\nStimule la motricit\u00e9 fine, l&rsquo;expression personnelle et la pens\u00e9e cr\u00e9ative<br \/>\nTout dans une seule bo\u00eete pour un plaisir cr\u00e9atif sans fin<\/p>\n<p>D\u00e9couper, coller, faire scintiller<\/p>\n<p>Avec la bo\u00eete de bricolage Glitter Mega, les enfants r\u00e9alisent des dessins, des cartes, des cahiers d\u00e9cor\u00e9s et m\u00eame des bricolages en 3D qui rayonnent de fiert\u00e9. Ils combinent diff\u00e9rents mat\u00e9riaux, apprennent de nouvelles techniques de mani\u00e8re ludique et d\u00e9couvrent \u00e0 quel point il est amusant de donner forme \u00e0 leurs propres id\u00e9es, le tout avec une bonne dose de paillettes !<\/p>\n<p>Contenu du kit<\/p>\n<p>Autocollants diamants XL<br \/>\nFormes paillet\u00e9es en mousse<br \/>\nRubans paillet\u00e9s de diff\u00e9rentes couleurs<br \/>\nTiges en chenille scintillantes<br \/>\nColle paillet\u00e9e<br \/>\nAutocollants ronds en forme de diamant<\/p>\n<p>Pourquoi choisir SES Creative ?<\/p>\n<p>Chez SES Creative, nous accordons une grande importance \u00e0 la s\u00e9curit\u00e9. C&rsquo;est pourquoi nos produits sont fabriqu\u00e9s et test\u00e9s dans notre usine aux Pays-Bas, conform\u00e9ment aux normes de s\u00e9curit\u00e9 europ\u00e9ennes les plus strictes. Les jouets SES Creative sont source de plaisir et permettent aux enfants d&rsquo;\u00eatre fiers de leur travail, ce qui stimule leur cr\u00e9ativit\u00e9 et leur d\u00e9veloppement.<\/p>\n<p>Laissez leur cr\u00e9ativit\u00e9 s&rsquo;\u00e9panouir !<\/p>\n<p>Donnez aux enfants la libert\u00e9 de d\u00e9corer tout ce qu&rsquo;ils veulent. Avec la bo\u00eete de bricolage Glitter Mega, chaque id\u00e9e se transforme en un chef-d&rsquo;\u0153uvre scintillant. Parfait pour les jours de pluie, les anniversaires ou tout simplement pour le plaisir, car les paillettes rendent tout plus amusant !<\/p>\n","protected":false},"excerpt":{"rendered":"<p>Hobby Pink \u2013 Bo\u00eete de bricolage Glitter Mega : laissez libre cours \u00e0 votre cr\u00e9ativit\u00e9 ! La bo\u00eete de bricolage Glitter Mega de SES Creative est le r\u00eave de tous les jeunes amateurs de bricolage. Cette bo\u00eete bien remplie regorge de mat\u00e9riaux scintillants qui permettent aux enfants \u00e0 partir de 5 ans de laisser libre [&hellip;]<\/p>\n","protected":false},"featured_media":102196,"comment_status":"closed","ping_status":"closed","template":"","meta":{"_acf_changed":false},"product_brand":[],"product_cat":[122],"product_tag":[],"class_list":{"0":"post-118294","1":"product","2":"type-product","3":"status-publish","4":"has-post-thumbnail","6":"product_cat-loisirs-creatifs","7":"pa_leeftijd-filter-4-6-ans","8":"pa_meest-populair-bij-filles","10":"first","11":"instock","12":"shipping-taxable","13":"product-type-simple"},"acf":[],"yoast_head":"<!-- This site is optimized with the Yoast SEO plugin v27.2 - https:\/\/yoast.com\/product\/yoast-seo-wordpress\/ -->\n<title>M\u00e9ga bo\u00eete de bricolage \u00e0 paillettes - SES Creative<\/title>\n<meta name=\"robots\" content=\"index, follow, max-snippet:-1, max-image-preview:large, max-video-preview:-1\" \/>\n<link rel=\"canonical\" href=\"https:\/\/ses-creative.com\/fr\/produit\/mega-boite-de-bricolage-a-paillettes\/\" \/>\n<meta property=\"og:locale\" content=\"fr_FR\" \/>\n<meta property=\"og:type\" content=\"article\" \/>\n<meta property=\"og:title\" content=\"M\u00e9ga bo\u00eete de bricolage \u00e0 paillettes - SES Creative\" \/>\n<meta property=\"og:description\" content=\"Hobby Pink \u2013 Bo\u00eete de bricolage Glitter Mega : laissez libre cours \u00e0 votre cr\u00e9ativit\u00e9 ! La bo\u00eete de bricolage Glitter Mega de SES Creative est le r\u00eave de tous les jeunes amateurs de bricolage. Cette bo\u00eete bien remplie regorge de mat\u00e9riaux scintillants qui permettent aux enfants \u00e0 partir de 5 ans de laisser libre [&hellip;]\" \/>\n<meta property=\"og:url\" content=\"https:\/\/ses-creative.com\/fr\/produit\/mega-boite-de-bricolage-a-paillettes\/\" \/>\n<meta property=\"og:site_name\" content=\"SES Creative\" \/>\n<meta property=\"article:modified_time\" content=\"2026-02-12T10:22:53+00:00\" \/>\n<meta name=\"twitter:card\" content=\"summary_large_image\" \/>\n<meta name=\"twitter:label1\" content=\"Dur\u00e9e de lecture estim\u00e9e\" \/>\n\t<meta name=\"twitter:data1\" content=\"2 minutes\" \/>\n<script type=\"application\/ld+json\" class=\"yoast-schema-graph\">{\"@context\":\"https:\/\/schema.org\",\"@graph\":[{\"@type\":\"WebPage\",\"@id\":\"https:\/\/ses-creative.com\/fr\/produit\/mega-boite-de-bricolage-a-paillettes\/\",\"url\":\"https:\/\/ses-creative.com\/fr\/produit\/mega-boite-de-bricolage-a-paillettes\/\",\"name\":\"M\u00e9ga bo\u00eete de bricolage \u00e0 paillettes - SES Creative\",\"isPartOf\":{\"@id\":\"https:\/\/ses-creative.com\/#website\"},\"primaryImageOfPage\":{\"@id\":\"https:\/\/ses-creative.com\/fr\/produit\/mega-boite-de-bricolage-a-paillettes\/#primaryimage\"},\"image\":{\"@id\":\"https:\/\/ses-creative.com\/fr\/produit\/mega-boite-de-bricolage-a-paillettes\/#primaryimage\"},\"thumbnailUrl\":\"https:\/\/ses-creative.com\/wp-content\/uploads\/2026\/01\/141391.jpg\",\"datePublished\":\"2026-02-12T10:09:18+00:00\",\"dateModified\":\"2026-02-12T10:22:53+00:00\",\"breadcrumb\":{\"@id\":\"https:\/\/ses-creative.com\/fr\/produit\/mega-boite-de-bricolage-a-paillettes\/#breadcrumb\"},\"inLanguage\":\"fr-FR\",\"potentialAction\":[{\"@type\":\"ReadAction\",\"target\":[\"https:\/\/ses-creative.com\/fr\/produit\/mega-boite-de-bricolage-a-paillettes\/\"]}]},{\"@type\":\"ImageObject\",\"inLanguage\":\"fr-FR\",\"@id\":\"https:\/\/ses-creative.com\/fr\/produit\/mega-boite-de-bricolage-a-paillettes\/#primaryimage\",\"url\":\"https:\/\/ses-creative.com\/wp-content\/uploads\/2026\/01\/141391.jpg\",\"contentUrl\":\"https:\/\/ses-creative.com\/wp-content\/uploads\/2026\/01\/141391.jpg\",\"width\":1000,\"height\":1000},{\"@type\":\"BreadcrumbList\",\"@id\":\"https:\/\/ses-creative.com\/fr\/produit\/mega-boite-de-bricolage-a-paillettes\/#breadcrumb\",\"itemListElement\":[{\"@type\":\"ListItem\",\"position\":1,\"name\":\"Boutique\",\"item\":\"https:\/\/ses-creative.com\/fr\/boutique\/\"},{\"@type\":\"ListItem\",\"position\":2,\"name\":\"Loisirs cr\u00e9atifs\",\"item\":\"https:\/\/ses-creative.com\/fr\/product-categorie\/loisirs-creatifs\/\"},{\"@type\":\"ListItem\",\"position\":3,\"name\":\"M\u00e9ga bo\u00eete de bricolage \u00e0 paillettes\"}]},{\"@type\":\"WebSite\",\"@id\":\"https:\/\/ses-creative.com\/#website\",\"url\":\"https:\/\/ses-creative.com\/\",\"name\":\"SES Creative\",\"description\":\"\",\"publisher\":{\"@id\":\"https:\/\/ses-creative.com\/#organization\"},\"potentialAction\":[{\"@type\":\"SearchAction\",\"target\":{\"@type\":\"EntryPoint\",\"urlTemplate\":\"https:\/\/ses-creative.com\/?s={search_term_string}\"},\"query-input\":{\"@type\":\"PropertyValueSpecification\",\"valueRequired\":true,\"valueName\":\"search_term_string\"}}],\"inLanguage\":\"fr-FR\"},{\"@type\":\"Organization\",\"@id\":\"https:\/\/ses-creative.com\/#organization\",\"name\":\"SES Creative\",\"url\":\"https:\/\/ses-creative.com\/\",\"logo\":{\"@type\":\"ImageObject\",\"inLanguage\":\"fr-FR\",\"@id\":\"https:\/\/ses-creative.com\/#\/schema\/logo\/image\/\",\"url\":\"https:\/\/ses-creative.com\/wp-content\/uploads\/2025\/10\/ses-creative-logo.jpg\",\"contentUrl\":\"https:\/\/ses-creative.com\/wp-content\/uploads\/2025\/10\/ses-creative-logo.jpg\",\"width\":2037,\"height\":2037,\"caption\":\"SES Creative\"},\"image\":{\"@id\":\"https:\/\/ses-creative.com\/#\/schema\/logo\/image\/\"}}]}<\/script>\n<!-- \/ Yoast SEO plugin. -->","yoast_head_json":{"title":"M\u00e9ga bo\u00eete de bricolage \u00e0 paillettes - SES Creative","robots":{"index":"index","follow":"follow","max-snippet":"max-snippet:-1","max-image-preview":"max-image-preview:large","max-video-preview":"max-video-preview:-1"},"canonical":"https:\/\/ses-creative.com\/fr\/produit\/mega-boite-de-bricolage-a-paillettes\/","og_locale":"fr_FR","og_type":"article","og_title":"M\u00e9ga bo\u00eete de bricolage \u00e0 paillettes - SES Creative","og_description":"Hobby Pink \u2013 Bo\u00eete de bricolage Glitter Mega : laissez libre cours \u00e0 votre cr\u00e9ativit\u00e9 ! La bo\u00eete de bricolage Glitter Mega de SES Creative est le r\u00eave de tous les jeunes amateurs de bricolage. Cette bo\u00eete bien remplie regorge de mat\u00e9riaux scintillants qui permettent aux enfants \u00e0 partir de 5 ans de laisser libre [&hellip;]","og_url":"https:\/\/ses-creative.com\/fr\/produit\/mega-boite-de-bricolage-a-paillettes\/","og_site_name":"SES Creative","article_modified_time":"2026-02-12T10:22:53+00:00","twitter_card":"summary_large_image","twitter_misc":{"Dur\u00e9e de lecture estim\u00e9e":"2 minutes"},"schema":{"@context":"https:\/\/schema.org","@graph":[{"@type":"WebPage","@id":"https:\/\/ses-creative.com\/fr\/produit\/mega-boite-de-bricolage-a-paillettes\/","url":"https:\/\/ses-creative.com\/fr\/produit\/mega-boite-de-bricolage-a-paillettes\/","name":"M\u00e9ga bo\u00eete de bricolage \u00e0 paillettes - SES Creative","isPartOf":{"@id":"https:\/\/ses-creative.com\/#website"},"primaryImageOfPage":{"@id":"https:\/\/ses-creative.com\/fr\/produit\/mega-boite-de-bricolage-a-paillettes\/#primaryimage"},"image":{"@id":"https:\/\/ses-creative.com\/fr\/produit\/mega-boite-de-bricolage-a-paillettes\/#primaryimage"},"thumbnailUrl":"https:\/\/ses-creative.com\/wp-content\/uploads\/2026\/01\/141391.jpg","datePublished":"2026-02-12T10:09:18+00:00","dateModified":"2026-02-12T10:22:53+00:00","breadcrumb":{"@id":"https:\/\/ses-creative.com\/fr\/produit\/mega-boite-de-bricolage-a-paillettes\/#breadcrumb"},"inLanguage":"fr-FR","potentialAction":[{"@type":"ReadAction","target":["https:\/\/ses-creative.com\/fr\/produit\/mega-boite-de-bricolage-a-paillettes\/"]}]},{"@type":"ImageObject","inLanguage":"fr-FR","@id":"https:\/\/ses-creative.com\/fr\/produit\/mega-boite-de-bricolage-a-paillettes\/#primaryimage","url":"https:\/\/ses-creative.com\/wp-content\/uploads\/2026\/01\/141391.jpg","contentUrl":"https:\/\/ses-creative.com\/wp-content\/uploads\/2026\/01\/141391.jpg","width":1000,"height":1000},{"@type":"BreadcrumbList","@id":"https:\/\/ses-creative.com\/fr\/produit\/mega-boite-de-bricolage-a-paillettes\/#breadcrumb","itemListElement":[{"@type":"ListItem","position":1,"name":"Boutique","item":"https:\/\/ses-creative.com\/fr\/boutique\/"},{"@type":"ListItem","position":2,"name":"Loisirs cr\u00e9atifs","item":"https:\/\/ses-creative.com\/fr\/product-categorie\/loisirs-creatifs\/"},{"@type":"ListItem","position":3,"name":"M\u00e9ga bo\u00eete de bricolage \u00e0 paillettes"}]},{"@type":"WebSite","@id":"https:\/\/ses-creative.com\/#website","url":"https:\/\/ses-creative.com\/","name":"SES Creative","description":"","publisher":{"@id":"https:\/\/ses-creative.com\/#organization"},"potentialAction":[{"@type":"SearchAction","target":{"@type":"EntryPoint","urlTemplate":"https:\/\/ses-creative.com\/?s={search_term_string}"},"query-input":{"@type":"PropertyValueSpecification","valueRequired":true,"valueName":"search_term_string"}}],"inLanguage":"fr-FR"},{"@type":"Organization","@id":"https:\/\/ses-creative.com\/#organization","name":"SES Creative","url":"https:\/\/ses-creative.com\/","logo":{"@type":"ImageObject","inLanguage":"fr-FR","@id":"https:\/\/ses-creative.com\/#\/schema\/logo\/image\/","url":"https:\/\/ses-creative.com\/wp-content\/uploads\/2025\/10\/ses-creative-logo.jpg","contentUrl":"https:\/\/ses-creative.com\/wp-content\/uploads\/2025\/10\/ses-creative-logo.jpg","width":2037,"height":2037,"caption":"SES Creative"},"image":{"@id":"https:\/\/ses-creative.com\/#\/schema\/logo\/image\/"}}]}},"_links":{"self":[{"href":"https:\/\/ses-creative.com\/fr\/wp-json\/wp\/v2\/product\/118294","targetHints":{"allow":["GET"]}}],"collection":[{"href":"https:\/\/ses-creative.com\/fr\/wp-json\/wp\/v2\/product"}],"about":[{"href":"https:\/\/ses-creative.com\/fr\/wp-json\/wp\/v2\/types\/product"}],"replies":[{"embeddable":true,"href":"https:\/\/ses-creative.com\/fr\/wp-json\/wp\/v2\/comments?post=118294"}],"wp:featuredmedia":[{"embeddable":true,"href":"https:\/\/ses-creative.com\/fr\/wp-json\/wp\/v2\/media\/102196"}],"wp:attachment":[{"href":"https:\/\/ses-creative.com\/fr\/wp-json\/wp\/v2\/media?parent=118294"}],"wp:term":[{"taxonomy":"product_brand","embeddable":true,"href":"https:\/\/ses-creative.com\/fr\/wp-json\/wp\/v2\/product_brand?post=118294"},{"taxonomy":"product_cat","embeddable":true,"href":"https:\/\/ses-creative.com\/fr\/wp-json\/wp\/v2\/product_cat?post=118294"},{"taxonomy":"product_tag","embeddable":true,"href":"https:\/\/ses-creative.com\/fr\/wp-json\/wp\/v2\/product_tag?post=118294"}],"curies":[{"name":"wp","href":"https:\/\/api.w.org\/{rel}","templated":true}]}}