











{"id":118293,"date":"2026-02-12T10:09:17","date_gmt":"2026-02-12T10:09:17","guid":{"rendered":"https:\/\/ses-creative.com\/?post_type=product&#038;p=118293"},"modified":"2026-02-12T10:22:53","modified_gmt":"2026-02-12T10:22:53","slug":"unicorn-boites-a-bijoux-en-bois-et-mosaique-de-diamants","status":"publish","type":"product","link":"https:\/\/ses-creative.com\/fr\/produit\/unicorn-boites-a-bijoux-en-bois-et-mosaique-de-diamants\/","title":{"rendered":"Unicorn &#8211; Bo\u00eetes \u00e0 bijoux en bois et mosaique de diamants"},"content":{"rendered":"<p>Avec le coffret Diamond Painting Licorne de SES Creative, les enfants peuvent cr\u00e9er et personnaliser trois bo\u00eetes \u00e0 bijoux en bois aux formes vari\u00e9es : c\u0153ur, rond et carr\u00e9. Ils peignent les bo\u00eetes \u00e0 l\u2019aide de 6 couleurs opaques puis les d\u00e9corent avec un pinceau, des stickers licorne, 180 diamants autocollants et 84 perles pour un r\u00e9sultat scintillant. Ce kit permet d\u2019exprimer sa cr\u00e9ativit\u00e9 tout en d\u00e9veloppant la pr\u00e9cision manuelle, la coordination \u0153il-main et l\u2019autonomie. Chaque bo\u00eete devient un espace unique pour ranger ses petits tr\u00e9sors ou offrir un cadeau personnalis\u00e9. Con\u00e7u pour les enfants d\u00e8s 5 ans, ce kit d\u2019activit\u00e9s manuelles stimule leur imagination tout en leur apprenant les bases de la d\u00e9coration DIY. Fabriqu\u00e9 dans l\u2019usine SES Creative aux Pays-Bas, il respecte les normes de s\u00e9curit\u00e9 les plus strictes : jouets s\u00fbrs, lavables, hypoallerg\u00e9niques, et 100 % neutres en CO\u2082. Une id\u00e9e cadeau compl\u00e8te et ludique pour les enfants qui aiment les licornes, les paillettes et les activit\u00e9s manuelles.<\/p>\n","protected":false},"excerpt":{"rendered":"<p>Avec le coffret Diamond Painting Licorne de SES Creative, les enfants peuvent cr\u00e9er et personnaliser trois bo\u00eetes \u00e0 bijoux en bois aux formes vari\u00e9es : c\u0153ur, rond et carr\u00e9. Ils peignent les bo\u00eetes \u00e0 l\u2019aide de 6 couleurs opaques puis les d\u00e9corent avec un pinceau, des stickers licorne, 180 diamants autocollants et 84 perles pour [&hellip;]<\/p>\n","protected":false},"featured_media":102176,"comment_status":"closed","ping_status":"closed","template":"","meta":{"_acf_changed":false},"product_brand":[],"product_cat":[122],"product_tag":[],"class_list":{"0":"post-118293","1":"product","2":"type-product","3":"status-publish","4":"has-post-thumbnail","6":"product_cat-loisirs-creatifs","7":"pa_collecties-unicorn","8":"pa_leeftijd-filter-4-6-ans","9":"pa_meest-populair-bij-filles","11":"first","12":"instock","13":"shipping-taxable","14":"product-type-simple"},"acf":[],"yoast_head":"<!-- This site is optimized with the Yoast SEO plugin v27.4 - https:\/\/yoast.com\/product\/yoast-seo-wordpress\/ -->\n<title>Unicorn - Bo\u00eetes \u00e0 bijoux en bois et mosaique de diamants - SES Creative<\/title>\n<meta name=\"robots\" content=\"index, follow, max-snippet:-1, max-image-preview:large, max-video-preview:-1\" \/>\n<link rel=\"canonical\" href=\"https:\/\/ses-creative.com\/fr\/produit\/unicorn-boites-a-bijoux-en-bois-et-mosaique-de-diamants\/\" \/>\n<meta property=\"og:locale\" content=\"fr_FR\" \/>\n<meta property=\"og:type\" content=\"article\" \/>\n<meta property=\"og:title\" content=\"Unicorn - Bo\u00eetes \u00e0 bijoux en bois et mosaique de diamants - SES Creative\" \/>\n<meta property=\"og:description\" content=\"Avec le coffret Diamond Painting Licorne de SES Creative, les enfants peuvent cr\u00e9er et personnaliser trois bo\u00eetes \u00e0 bijoux en bois aux formes vari\u00e9es : c\u0153ur, rond et carr\u00e9. Ils peignent les bo\u00eetes \u00e0 l\u2019aide de 6 couleurs opaques puis les d\u00e9corent avec un pinceau, des stickers licorne, 180 diamants autocollants et 84 perles pour [&hellip;]\" \/>\n<meta property=\"og:url\" content=\"https:\/\/ses-creative.com\/fr\/produit\/unicorn-boites-a-bijoux-en-bois-et-mosaique-de-diamants\/\" \/>\n<meta property=\"og:site_name\" content=\"SES Creative\" \/>\n<meta property=\"article:modified_time\" content=\"2026-02-12T10:22:53+00:00\" \/>\n<meta name=\"twitter:card\" content=\"summary_large_image\" \/>\n<meta name=\"twitter:label1\" content=\"Dur\u00e9e de lecture estim\u00e9e\" \/>\n\t<meta name=\"twitter:data1\" content=\"1 minute\" \/>\n<script type=\"application\/ld+json\" class=\"yoast-schema-graph\">{\"@context\":\"https:\\\/\\\/schema.org\",\"@graph\":[{\"@type\":\"WebPage\",\"@id\":\"https:\\\/\\\/ses-creative.com\\\/fr\\\/produit\\\/unicorn-boites-a-bijoux-en-bois-et-mosaique-de-diamants\\\/\",\"url\":\"https:\\\/\\\/ses-creative.com\\\/fr\\\/produit\\\/unicorn-boites-a-bijoux-en-bois-et-mosaique-de-diamants\\\/\",\"name\":\"Unicorn - Bo\u00eetes \u00e0 bijoux en bois et mosaique de diamants - SES Creative\",\"isPartOf\":{\"@id\":\"https:\\\/\\\/ses-creative.com\\\/#website\"},\"primaryImageOfPage\":{\"@id\":\"https:\\\/\\\/ses-creative.com\\\/fr\\\/produit\\\/unicorn-boites-a-bijoux-en-bois-et-mosaique-de-diamants\\\/#primaryimage\"},\"image\":{\"@id\":\"https:\\\/\\\/ses-creative.com\\\/fr\\\/produit\\\/unicorn-boites-a-bijoux-en-bois-et-mosaique-de-diamants\\\/#primaryimage\"},\"thumbnailUrl\":\"https:\\\/\\\/ses-creative.com\\\/wp-content\\\/uploads\\\/2026\\\/01\\\/141381.jpg\",\"datePublished\":\"2026-02-12T10:09:17+00:00\",\"dateModified\":\"2026-02-12T10:22:53+00:00\",\"breadcrumb\":{\"@id\":\"https:\\\/\\\/ses-creative.com\\\/fr\\\/produit\\\/unicorn-boites-a-bijoux-en-bois-et-mosaique-de-diamants\\\/#breadcrumb\"},\"inLanguage\":\"fr-FR\",\"potentialAction\":[{\"@type\":\"ReadAction\",\"target\":[\"https:\\\/\\\/ses-creative.com\\\/fr\\\/produit\\\/unicorn-boites-a-bijoux-en-bois-et-mosaique-de-diamants\\\/\"]}]},{\"@type\":\"ImageObject\",\"inLanguage\":\"fr-FR\",\"@id\":\"https:\\\/\\\/ses-creative.com\\\/fr\\\/produit\\\/unicorn-boites-a-bijoux-en-bois-et-mosaique-de-diamants\\\/#primaryimage\",\"url\":\"https:\\\/\\\/ses-creative.com\\\/wp-content\\\/uploads\\\/2026\\\/01\\\/141381.jpg\",\"contentUrl\":\"https:\\\/\\\/ses-creative.com\\\/wp-content\\\/uploads\\\/2026\\\/01\\\/141381.jpg\",\"width\":1000,\"height\":1000},{\"@type\":\"BreadcrumbList\",\"@id\":\"https:\\\/\\\/ses-creative.com\\\/fr\\\/produit\\\/unicorn-boites-a-bijoux-en-bois-et-mosaique-de-diamants\\\/#breadcrumb\",\"itemListElement\":[{\"@type\":\"ListItem\",\"position\":1,\"name\":\"Boutique\",\"item\":\"https:\\\/\\\/ses-creative.com\\\/fr\\\/boutique\\\/\"},{\"@type\":\"ListItem\",\"position\":2,\"name\":\"Loisirs cr\u00e9atifs\",\"item\":\"https:\\\/\\\/ses-creative.com\\\/fr\\\/product-categorie\\\/loisirs-creatifs\\\/\"},{\"@type\":\"ListItem\",\"position\":3,\"name\":\"Unicorn &#8211; Bo\u00eetes \u00e0 bijoux en bois et mosaique de diamants\"}]},{\"@type\":\"WebSite\",\"@id\":\"https:\\\/\\\/ses-creative.com\\\/#website\",\"url\":\"https:\\\/\\\/ses-creative.com\\\/\",\"name\":\"SES Creative\",\"description\":\"\",\"publisher\":{\"@id\":\"https:\\\/\\\/ses-creative.com\\\/#organization\"},\"potentialAction\":[{\"@type\":\"SearchAction\",\"target\":{\"@type\":\"EntryPoint\",\"urlTemplate\":\"https:\\\/\\\/ses-creative.com\\\/?s={search_term_string}\"},\"query-input\":{\"@type\":\"PropertyValueSpecification\",\"valueRequired\":true,\"valueName\":\"search_term_string\"}}],\"inLanguage\":\"fr-FR\"},{\"@type\":\"Organization\",\"@id\":\"https:\\\/\\\/ses-creative.com\\\/#organization\",\"name\":\"SES Creative\",\"url\":\"https:\\\/\\\/ses-creative.com\\\/\",\"logo\":{\"@type\":\"ImageObject\",\"inLanguage\":\"fr-FR\",\"@id\":\"https:\\\/\\\/ses-creative.com\\\/#\\\/schema\\\/logo\\\/image\\\/\",\"url\":\"https:\\\/\\\/ses-creative.com\\\/wp-content\\\/uploads\\\/2025\\\/10\\\/ses-creative-logo.jpg\",\"contentUrl\":\"https:\\\/\\\/ses-creative.com\\\/wp-content\\\/uploads\\\/2025\\\/10\\\/ses-creative-logo.jpg\",\"width\":2037,\"height\":2037,\"caption\":\"SES Creative\"},\"image\":{\"@id\":\"https:\\\/\\\/ses-creative.com\\\/#\\\/schema\\\/logo\\\/image\\\/\"}}]}<\/script>\n<!-- \/ Yoast SEO plugin. -->","yoast_head_json":{"title":"Unicorn - Bo\u00eetes \u00e0 bijoux en bois et mosaique de diamants - SES Creative","robots":{"index":"index","follow":"follow","max-snippet":"max-snippet:-1","max-image-preview":"max-image-preview:large","max-video-preview":"max-video-preview:-1"},"canonical":"https:\/\/ses-creative.com\/fr\/produit\/unicorn-boites-a-bijoux-en-bois-et-mosaique-de-diamants\/","og_locale":"fr_FR","og_type":"article","og_title":"Unicorn - Bo\u00eetes \u00e0 bijoux en bois et mosaique de diamants - SES Creative","og_description":"Avec le coffret Diamond Painting Licorne de SES Creative, les enfants peuvent cr\u00e9er et personnaliser trois bo\u00eetes \u00e0 bijoux en bois aux formes vari\u00e9es : c\u0153ur, rond et carr\u00e9. Ils peignent les bo\u00eetes \u00e0 l\u2019aide de 6 couleurs opaques puis les d\u00e9corent avec un pinceau, des stickers licorne, 180 diamants autocollants et 84 perles pour [&hellip;]","og_url":"https:\/\/ses-creative.com\/fr\/produit\/unicorn-boites-a-bijoux-en-bois-et-mosaique-de-diamants\/","og_site_name":"SES Creative","article_modified_time":"2026-02-12T10:22:53+00:00","twitter_card":"summary_large_image","twitter_misc":{"Dur\u00e9e de lecture estim\u00e9e":"1 minute"},"schema":{"@context":"https:\/\/schema.org","@graph":[{"@type":"WebPage","@id":"https:\/\/ses-creative.com\/fr\/produit\/unicorn-boites-a-bijoux-en-bois-et-mosaique-de-diamants\/","url":"https:\/\/ses-creative.com\/fr\/produit\/unicorn-boites-a-bijoux-en-bois-et-mosaique-de-diamants\/","name":"Unicorn - Bo\u00eetes \u00e0 bijoux en bois et mosaique de diamants - SES Creative","isPartOf":{"@id":"https:\/\/ses-creative.com\/#website"},"primaryImageOfPage":{"@id":"https:\/\/ses-creative.com\/fr\/produit\/unicorn-boites-a-bijoux-en-bois-et-mosaique-de-diamants\/#primaryimage"},"image":{"@id":"https:\/\/ses-creative.com\/fr\/produit\/unicorn-boites-a-bijoux-en-bois-et-mosaique-de-diamants\/#primaryimage"},"thumbnailUrl":"https:\/\/ses-creative.com\/wp-content\/uploads\/2026\/01\/141381.jpg","datePublished":"2026-02-12T10:09:17+00:00","dateModified":"2026-02-12T10:22:53+00:00","breadcrumb":{"@id":"https:\/\/ses-creative.com\/fr\/produit\/unicorn-boites-a-bijoux-en-bois-et-mosaique-de-diamants\/#breadcrumb"},"inLanguage":"fr-FR","potentialAction":[{"@type":"ReadAction","target":["https:\/\/ses-creative.com\/fr\/produit\/unicorn-boites-a-bijoux-en-bois-et-mosaique-de-diamants\/"]}]},{"@type":"ImageObject","inLanguage":"fr-FR","@id":"https:\/\/ses-creative.com\/fr\/produit\/unicorn-boites-a-bijoux-en-bois-et-mosaique-de-diamants\/#primaryimage","url":"https:\/\/ses-creative.com\/wp-content\/uploads\/2026\/01\/141381.jpg","contentUrl":"https:\/\/ses-creative.com\/wp-content\/uploads\/2026\/01\/141381.jpg","width":1000,"height":1000},{"@type":"BreadcrumbList","@id":"https:\/\/ses-creative.com\/fr\/produit\/unicorn-boites-a-bijoux-en-bois-et-mosaique-de-diamants\/#breadcrumb","itemListElement":[{"@type":"ListItem","position":1,"name":"Boutique","item":"https:\/\/ses-creative.com\/fr\/boutique\/"},{"@type":"ListItem","position":2,"name":"Loisirs cr\u00e9atifs","item":"https:\/\/ses-creative.com\/fr\/product-categorie\/loisirs-creatifs\/"},{"@type":"ListItem","position":3,"name":"Unicorn &#8211; Bo\u00eetes \u00e0 bijoux en bois et mosaique de diamants"}]},{"@type":"WebSite","@id":"https:\/\/ses-creative.com\/#website","url":"https:\/\/ses-creative.com\/","name":"SES Creative","description":"","publisher":{"@id":"https:\/\/ses-creative.com\/#organization"},"potentialAction":[{"@type":"SearchAction","target":{"@type":"EntryPoint","urlTemplate":"https:\/\/ses-creative.com\/?s={search_term_string}"},"query-input":{"@type":"PropertyValueSpecification","valueRequired":true,"valueName":"search_term_string"}}],"inLanguage":"fr-FR"},{"@type":"Organization","@id":"https:\/\/ses-creative.com\/#organization","name":"SES Creative","url":"https:\/\/ses-creative.com\/","logo":{"@type":"ImageObject","inLanguage":"fr-FR","@id":"https:\/\/ses-creative.com\/#\/schema\/logo\/image\/","url":"https:\/\/ses-creative.com\/wp-content\/uploads\/2025\/10\/ses-creative-logo.jpg","contentUrl":"https:\/\/ses-creative.com\/wp-content\/uploads\/2025\/10\/ses-creative-logo.jpg","width":2037,"height":2037,"caption":"SES Creative"},"image":{"@id":"https:\/\/ses-creative.com\/#\/schema\/logo\/image\/"}}]}},"_links":{"self":[{"href":"https:\/\/ses-creative.com\/fr\/wp-json\/wp\/v2\/product\/118293","targetHints":{"allow":["GET"]}}],"collection":[{"href":"https:\/\/ses-creative.com\/fr\/wp-json\/wp\/v2\/product"}],"about":[{"href":"https:\/\/ses-creative.com\/fr\/wp-json\/wp\/v2\/types\/product"}],"replies":[{"embeddable":true,"href":"https:\/\/ses-creative.com\/fr\/wp-json\/wp\/v2\/comments?post=118293"}],"wp:featuredmedia":[{"embeddable":true,"href":"https:\/\/ses-creative.com\/fr\/wp-json\/wp\/v2\/media\/102176"}],"wp:attachment":[{"href":"https:\/\/ses-creative.com\/fr\/wp-json\/wp\/v2\/media?parent=118293"}],"wp:term":[{"taxonomy":"product_brand","embeddable":true,"href":"https:\/\/ses-creative.com\/fr\/wp-json\/wp\/v2\/product_brand?post=118293"},{"taxonomy":"product_cat","embeddable":true,"href":"https:\/\/ses-creative.com\/fr\/wp-json\/wp\/v2\/product_cat?post=118293"},{"taxonomy":"product_tag","embeddable":true,"href":"https:\/\/ses-creative.com\/fr\/wp-json\/wp\/v2\/product_tag?post=118293"}],"curies":[{"name":"wp","href":"https:\/\/api.w.org\/{rel}","templated":true}]}}