











{"id":118292,"date":"2025-12-18T10:15:36","date_gmt":"2025-12-18T10:15:36","guid":{"rendered":"https:\/\/ses-creative.com\/?post_type=product&#038;p=118292"},"modified":"2026-02-12T10:22:53","modified_gmt":"2026-02-12T10:22:53","slug":"sand-art-colore-et-facile-animaux-de-la-foret","status":"publish","type":"product","link":"https:\/\/ses-creative.com\/fr\/produit\/sand-art-colore-et-facile-animaux-de-la-foret\/","title":{"rendered":"Sand art color\u00e9 et facile &#8211; Animaux de la for\u00eat"},"content":{"rendered":"<p>Le kit Sand Art de SES Creative est un kit sable sans colle adapt\u00e9 aux enfants d\u00e8s 3 ans. Il propose une activit\u00e9 manuelle propre et stimulante avec quatre cartes illustrant des animaux de la for\u00eat et cinq tubes de sable color\u00e9 (jaune, orange, bleu, turquoise, violet). Chaque carte est recouverte de zones autocollantes qu\u2019il suffit de d\u00e9couvrir pour y appliquer le sable color\u00e9 enfant. Gr\u00e2ce aux embouts fins des tubes, le dosage est pr\u00e9cis et sans bavure. Ce jeu fait partie des activit\u00e9s sable 3 ans id\u00e9ales pour stimuler la motricit\u00e9 fine, la concentration et la reconnaissance des couleurs. Utilisable seul ou en atelier, il est livr\u00e9 avec des instructions claires et ne n\u00e9cessite ni colle liquide ni pinceaux.<\/p>\n","protected":false},"excerpt":{"rendered":"<p>Le kit Sand Art de SES Creative est un kit sable sans colle adapt\u00e9 aux enfants d\u00e8s 3 ans. Il propose une activit\u00e9 manuelle propre et stimulante avec quatre cartes illustrant des animaux de la for\u00eat et cinq tubes de sable color\u00e9 (jaune, orange, bleu, turquoise, violet). Chaque carte est recouverte de zones autocollantes qu\u2019il [&hellip;]<\/p>\n","protected":false},"featured_media":102158,"comment_status":"open","ping_status":"closed","template":"","meta":{"_acf_changed":false},"product_brand":[],"product_cat":[122],"product_tag":[],"class_list":{"0":"post-118292","1":"product","2":"type-product","3":"status-publish","4":"has-post-thumbnail","6":"product_cat-loisirs-creatifs","7":"pa_leeftijd-filter-3-4-ans","8":"pa_meest-populair-bij-filles","10":"first","11":"instock","12":"shipping-taxable","13":"product-type-simple"},"acf":[],"yoast_head":"<!-- This site is optimized with the Yoast SEO plugin v27.2 - https:\/\/yoast.com\/product\/yoast-seo-wordpress\/ -->\n<title>Sand art color\u00e9 et facile - Animaux de la for\u00eat - SES Creative<\/title>\n<meta name=\"robots\" content=\"index, follow, max-snippet:-1, max-image-preview:large, max-video-preview:-1\" \/>\n<link rel=\"canonical\" href=\"https:\/\/ses-creative.com\/fr\/produit\/sand-art-colore-et-facile-animaux-de-la-foret\/\" \/>\n<meta property=\"og:locale\" content=\"fr_FR\" \/>\n<meta property=\"og:type\" content=\"article\" \/>\n<meta property=\"og:title\" content=\"Sand art color\u00e9 et facile - Animaux de la for\u00eat - SES Creative\" \/>\n<meta property=\"og:description\" content=\"Le kit Sand Art de SES Creative est un kit sable sans colle adapt\u00e9 aux enfants d\u00e8s 3 ans. Il propose une activit\u00e9 manuelle propre et stimulante avec quatre cartes illustrant des animaux de la for\u00eat et cinq tubes de sable color\u00e9 (jaune, orange, bleu, turquoise, violet). Chaque carte est recouverte de zones autocollantes qu\u2019il [&hellip;]\" \/>\n<meta property=\"og:url\" content=\"https:\/\/ses-creative.com\/fr\/produit\/sand-art-colore-et-facile-animaux-de-la-foret\/\" \/>\n<meta property=\"og:site_name\" content=\"SES Creative\" \/>\n<meta property=\"article:modified_time\" content=\"2026-02-12T10:22:53+00:00\" \/>\n<meta name=\"twitter:card\" content=\"summary_large_image\" \/>\n<meta name=\"twitter:label1\" content=\"Dur\u00e9e de lecture estim\u00e9e\" \/>\n\t<meta name=\"twitter:data1\" content=\"1 minute\" \/>\n<script type=\"application\/ld+json\" class=\"yoast-schema-graph\">{\"@context\":\"https:\/\/schema.org\",\"@graph\":[{\"@type\":\"WebPage\",\"@id\":\"https:\/\/ses-creative.com\/fr\/produit\/sand-art-colore-et-facile-animaux-de-la-foret\/\",\"url\":\"https:\/\/ses-creative.com\/fr\/produit\/sand-art-colore-et-facile-animaux-de-la-foret\/\",\"name\":\"Sand art color\u00e9 et facile - Animaux de la for\u00eat - SES Creative\",\"isPartOf\":{\"@id\":\"https:\/\/ses-creative.com\/#website\"},\"primaryImageOfPage\":{\"@id\":\"https:\/\/ses-creative.com\/fr\/produit\/sand-art-colore-et-facile-animaux-de-la-foret\/#primaryimage\"},\"image\":{\"@id\":\"https:\/\/ses-creative.com\/fr\/produit\/sand-art-colore-et-facile-animaux-de-la-foret\/#primaryimage\"},\"thumbnailUrl\":\"https:\/\/ses-creative.com\/wp-content\/uploads\/2026\/01\/141361.jpg\",\"datePublished\":\"2025-12-18T10:15:36+00:00\",\"dateModified\":\"2026-02-12T10:22:53+00:00\",\"breadcrumb\":{\"@id\":\"https:\/\/ses-creative.com\/fr\/produit\/sand-art-colore-et-facile-animaux-de-la-foret\/#breadcrumb\"},\"inLanguage\":\"fr-FR\",\"potentialAction\":[{\"@type\":\"ReadAction\",\"target\":[\"https:\/\/ses-creative.com\/fr\/produit\/sand-art-colore-et-facile-animaux-de-la-foret\/\"]}]},{\"@type\":\"ImageObject\",\"inLanguage\":\"fr-FR\",\"@id\":\"https:\/\/ses-creative.com\/fr\/produit\/sand-art-colore-et-facile-animaux-de-la-foret\/#primaryimage\",\"url\":\"https:\/\/ses-creative.com\/wp-content\/uploads\/2026\/01\/141361.jpg\",\"contentUrl\":\"https:\/\/ses-creative.com\/wp-content\/uploads\/2026\/01\/141361.jpg\",\"width\":1000,\"height\":1000},{\"@type\":\"BreadcrumbList\",\"@id\":\"https:\/\/ses-creative.com\/fr\/produit\/sand-art-colore-et-facile-animaux-de-la-foret\/#breadcrumb\",\"itemListElement\":[{\"@type\":\"ListItem\",\"position\":1,\"name\":\"Boutique\",\"item\":\"https:\/\/ses-creative.com\/fr\/boutique\/\"},{\"@type\":\"ListItem\",\"position\":2,\"name\":\"Loisirs cr\u00e9atifs\",\"item\":\"https:\/\/ses-creative.com\/fr\/product-categorie\/loisirs-creatifs\/\"},{\"@type\":\"ListItem\",\"position\":3,\"name\":\"Sand art color\u00e9 et facile &#8211; Animaux de la for\u00eat\"}]},{\"@type\":\"WebSite\",\"@id\":\"https:\/\/ses-creative.com\/#website\",\"url\":\"https:\/\/ses-creative.com\/\",\"name\":\"SES Creative\",\"description\":\"\",\"publisher\":{\"@id\":\"https:\/\/ses-creative.com\/#organization\"},\"potentialAction\":[{\"@type\":\"SearchAction\",\"target\":{\"@type\":\"EntryPoint\",\"urlTemplate\":\"https:\/\/ses-creative.com\/?s={search_term_string}\"},\"query-input\":{\"@type\":\"PropertyValueSpecification\",\"valueRequired\":true,\"valueName\":\"search_term_string\"}}],\"inLanguage\":\"fr-FR\"},{\"@type\":\"Organization\",\"@id\":\"https:\/\/ses-creative.com\/#organization\",\"name\":\"SES Creative\",\"url\":\"https:\/\/ses-creative.com\/\",\"logo\":{\"@type\":\"ImageObject\",\"inLanguage\":\"fr-FR\",\"@id\":\"https:\/\/ses-creative.com\/#\/schema\/logo\/image\/\",\"url\":\"https:\/\/ses-creative.com\/wp-content\/uploads\/2025\/10\/ses-creative-logo.jpg\",\"contentUrl\":\"https:\/\/ses-creative.com\/wp-content\/uploads\/2025\/10\/ses-creative-logo.jpg\",\"width\":2037,\"height\":2037,\"caption\":\"SES Creative\"},\"image\":{\"@id\":\"https:\/\/ses-creative.com\/#\/schema\/logo\/image\/\"}}]}<\/script>\n<!-- \/ Yoast SEO plugin. -->","yoast_head_json":{"title":"Sand art color\u00e9 et facile - Animaux de la for\u00eat - SES Creative","robots":{"index":"index","follow":"follow","max-snippet":"max-snippet:-1","max-image-preview":"max-image-preview:large","max-video-preview":"max-video-preview:-1"},"canonical":"https:\/\/ses-creative.com\/fr\/produit\/sand-art-colore-et-facile-animaux-de-la-foret\/","og_locale":"fr_FR","og_type":"article","og_title":"Sand art color\u00e9 et facile - Animaux de la for\u00eat - SES Creative","og_description":"Le kit Sand Art de SES Creative est un kit sable sans colle adapt\u00e9 aux enfants d\u00e8s 3 ans. Il propose une activit\u00e9 manuelle propre et stimulante avec quatre cartes illustrant des animaux de la for\u00eat et cinq tubes de sable color\u00e9 (jaune, orange, bleu, turquoise, violet). Chaque carte est recouverte de zones autocollantes qu\u2019il [&hellip;]","og_url":"https:\/\/ses-creative.com\/fr\/produit\/sand-art-colore-et-facile-animaux-de-la-foret\/","og_site_name":"SES Creative","article_modified_time":"2026-02-12T10:22:53+00:00","twitter_card":"summary_large_image","twitter_misc":{"Dur\u00e9e de lecture estim\u00e9e":"1 minute"},"schema":{"@context":"https:\/\/schema.org","@graph":[{"@type":"WebPage","@id":"https:\/\/ses-creative.com\/fr\/produit\/sand-art-colore-et-facile-animaux-de-la-foret\/","url":"https:\/\/ses-creative.com\/fr\/produit\/sand-art-colore-et-facile-animaux-de-la-foret\/","name":"Sand art color\u00e9 et facile - Animaux de la for\u00eat - SES Creative","isPartOf":{"@id":"https:\/\/ses-creative.com\/#website"},"primaryImageOfPage":{"@id":"https:\/\/ses-creative.com\/fr\/produit\/sand-art-colore-et-facile-animaux-de-la-foret\/#primaryimage"},"image":{"@id":"https:\/\/ses-creative.com\/fr\/produit\/sand-art-colore-et-facile-animaux-de-la-foret\/#primaryimage"},"thumbnailUrl":"https:\/\/ses-creative.com\/wp-content\/uploads\/2026\/01\/141361.jpg","datePublished":"2025-12-18T10:15:36+00:00","dateModified":"2026-02-12T10:22:53+00:00","breadcrumb":{"@id":"https:\/\/ses-creative.com\/fr\/produit\/sand-art-colore-et-facile-animaux-de-la-foret\/#breadcrumb"},"inLanguage":"fr-FR","potentialAction":[{"@type":"ReadAction","target":["https:\/\/ses-creative.com\/fr\/produit\/sand-art-colore-et-facile-animaux-de-la-foret\/"]}]},{"@type":"ImageObject","inLanguage":"fr-FR","@id":"https:\/\/ses-creative.com\/fr\/produit\/sand-art-colore-et-facile-animaux-de-la-foret\/#primaryimage","url":"https:\/\/ses-creative.com\/wp-content\/uploads\/2026\/01\/141361.jpg","contentUrl":"https:\/\/ses-creative.com\/wp-content\/uploads\/2026\/01\/141361.jpg","width":1000,"height":1000},{"@type":"BreadcrumbList","@id":"https:\/\/ses-creative.com\/fr\/produit\/sand-art-colore-et-facile-animaux-de-la-foret\/#breadcrumb","itemListElement":[{"@type":"ListItem","position":1,"name":"Boutique","item":"https:\/\/ses-creative.com\/fr\/boutique\/"},{"@type":"ListItem","position":2,"name":"Loisirs cr\u00e9atifs","item":"https:\/\/ses-creative.com\/fr\/product-categorie\/loisirs-creatifs\/"},{"@type":"ListItem","position":3,"name":"Sand art color\u00e9 et facile &#8211; Animaux de la for\u00eat"}]},{"@type":"WebSite","@id":"https:\/\/ses-creative.com\/#website","url":"https:\/\/ses-creative.com\/","name":"SES Creative","description":"","publisher":{"@id":"https:\/\/ses-creative.com\/#organization"},"potentialAction":[{"@type":"SearchAction","target":{"@type":"EntryPoint","urlTemplate":"https:\/\/ses-creative.com\/?s={search_term_string}"},"query-input":{"@type":"PropertyValueSpecification","valueRequired":true,"valueName":"search_term_string"}}],"inLanguage":"fr-FR"},{"@type":"Organization","@id":"https:\/\/ses-creative.com\/#organization","name":"SES Creative","url":"https:\/\/ses-creative.com\/","logo":{"@type":"ImageObject","inLanguage":"fr-FR","@id":"https:\/\/ses-creative.com\/#\/schema\/logo\/image\/","url":"https:\/\/ses-creative.com\/wp-content\/uploads\/2025\/10\/ses-creative-logo.jpg","contentUrl":"https:\/\/ses-creative.com\/wp-content\/uploads\/2025\/10\/ses-creative-logo.jpg","width":2037,"height":2037,"caption":"SES Creative"},"image":{"@id":"https:\/\/ses-creative.com\/#\/schema\/logo\/image\/"}}]}},"_links":{"self":[{"href":"https:\/\/ses-creative.com\/fr\/wp-json\/wp\/v2\/product\/118292","targetHints":{"allow":["GET"]}}],"collection":[{"href":"https:\/\/ses-creative.com\/fr\/wp-json\/wp\/v2\/product"}],"about":[{"href":"https:\/\/ses-creative.com\/fr\/wp-json\/wp\/v2\/types\/product"}],"replies":[{"embeddable":true,"href":"https:\/\/ses-creative.com\/fr\/wp-json\/wp\/v2\/comments?post=118292"}],"wp:featuredmedia":[{"embeddable":true,"href":"https:\/\/ses-creative.com\/fr\/wp-json\/wp\/v2\/media\/102158"}],"wp:attachment":[{"href":"https:\/\/ses-creative.com\/fr\/wp-json\/wp\/v2\/media?parent=118292"}],"wp:term":[{"taxonomy":"product_brand","embeddable":true,"href":"https:\/\/ses-creative.com\/fr\/wp-json\/wp\/v2\/product_brand?post=118292"},{"taxonomy":"product_cat","embeddable":true,"href":"https:\/\/ses-creative.com\/fr\/wp-json\/wp\/v2\/product_cat?post=118292"},{"taxonomy":"product_tag","embeddable":true,"href":"https:\/\/ses-creative.com\/fr\/wp-json\/wp\/v2\/product_tag?post=118292"}],"curies":[{"name":"wp","href":"https:\/\/api.w.org\/{rel}","templated":true}]}}