











{"id":118291,"date":"2026-02-12T10:09:17","date_gmt":"2026-02-12T10:09:17","guid":{"rendered":"https:\/\/ses-creative.com\/?post_type=product&#038;p=118291"},"modified":"2026-02-12T10:22:53","modified_gmt":"2026-02-12T10:22:53","slug":"broderie-sur-tulle","status":"publish","type":"product","link":"https:\/\/ses-creative.com\/fr\/produit\/broderie-sur-tulle\/","title":{"rendered":"Broderie sur tulle"},"content":{"rendered":"<p>Hobby Pink \u2013 Broderie Chats : des cr\u00e9ations uniques sur tulle transparent !<\/p>\n<p>D\u00e9couvrez la derni\u00e8re tendance cr\u00e9ative : la broderie sur tulle ! Avec le kit Broderie Chats de SES Creative, vous brodez de magnifiques motifs sur de la gaze rose transparente, dans un joli cercle \u00e0 broder en forme de chat. Id\u00e9al pour les jeunes cr\u00e9atifs qui aiment les travaux manuels avec une touche de modernit\u00e9.<\/p>\n<p>Ce qui rend ce kit g\u00e9nial<\/p>\n<p>2 cercles \u00e0 broder en bois en forme de chat pour un effet ludique<br \/>\nTulle rose inclus pour un look moderne et transparent<br \/>\n4 couleurs de fil \u00e0 broder pour des combinaisons infinies<br \/>\nStimule la motricit\u00e9 fine, la patience et la cr\u00e9ativit\u00e9<br \/>\nConvient aux enfants \u00e0 partir de 6 ans<\/p>\n<p>Broderie \u00e9l\u00e9gante et cr\u00e9ative<\/p>\n<p>Avec ce kit, les enfants cr\u00e9ent leurs propres \u0153uvres d&rsquo;art qui s&rsquo;int\u00e8grent parfaitement dans un int\u00e9rieur tendance. Le tulle transparent donne un r\u00e9sultat a\u00e9rien et original, id\u00e9al \u00e0 accrocher dans la chambre ou \u00e0 offrir en cadeau. La broderie devient ainsi non seulement un plaisir, mais aussi une source de fiert\u00e9.<\/p>\n<p>Contenu du kit<\/p>\n<p>2 cercles \u00e0 broder en bois en forme de chat<br \/>\nTulle rose<br \/>\n4 couleurs de fil \u00e0 broder<br \/>\nAiguille et fil<br \/>\nInstructions<\/p>\n<p>Pourquoi choisir SES Creative ?<\/p>\n<p>Chez SES Creative, nous accordons une grande importance \u00e0 la s\u00e9curit\u00e9. C&rsquo;est pourquoi nos produits sont fabriqu\u00e9s et test\u00e9s dans notre usine aux Pays-Bas, conform\u00e9ment aux normes de s\u00e9curit\u00e9 europ\u00e9ennes les plus strictes. Les jouets SES Creative sont source de plaisir et permettent aux enfants d&rsquo;\u00eatre fiers de leur travail, ce qui stimule leur cr\u00e9ativit\u00e9 et leur d\u00e9veloppement.<\/p>\n<p>Commencez d\u00e8s aujourd&rsquo;hui \u00e0 broder sur du tulle<\/p>\n<p>D\u00e9couvrez \u00e0 quel point la broderie peut \u00eatre amusante et relaxante. Avec ce kit de broderie unique, vous cr\u00e9erez en un clin d&rsquo;\u0153il des \u0153uvres d&rsquo;art \u00e9l\u00e9gantes repr\u00e9sentant des chats qui ne passeront pas inaper\u00e7ues. Il est temps de se mettre au travail !<\/p>\n","protected":false},"excerpt":{"rendered":"<p>Hobby Pink \u2013 Broderie Chats : des cr\u00e9ations uniques sur tulle transparent ! D\u00e9couvrez la derni\u00e8re tendance cr\u00e9ative : la broderie sur tulle ! Avec le kit Broderie Chats de SES Creative, vous brodez de magnifiques motifs sur de la gaze rose transparente, dans un joli cercle \u00e0 broder en forme de chat. Id\u00e9al pour [&hellip;]<\/p>\n","protected":false},"featured_media":95236,"comment_status":"closed","ping_status":"closed","template":"","meta":{"_acf_changed":false},"product_brand":[],"product_cat":[122],"product_tag":[],"class_list":{"0":"post-118291","1":"product","2":"type-product","3":"status-publish","4":"has-post-thumbnail","6":"product_cat-loisirs-creatifs","7":"pa_leeftijd-filter-4-6-ans","8":"pa_meest-populair-bij-filles","10":"first","11":"instock","12":"shipping-taxable","13":"product-type-simple"},"acf":[],"yoast_head":"<!-- This site is optimized with the Yoast SEO plugin v27.4 - https:\/\/yoast.com\/product\/yoast-seo-wordpress\/ -->\n<title>Broderie sur tulle - SES Creative<\/title>\n<meta name=\"robots\" content=\"index, follow, max-snippet:-1, max-image-preview:large, max-video-preview:-1\" \/>\n<link rel=\"canonical\" href=\"https:\/\/ses-creative.com\/fr\/produit\/broderie-sur-tulle\/\" \/>\n<meta property=\"og:locale\" content=\"fr_FR\" \/>\n<meta property=\"og:type\" content=\"article\" \/>\n<meta property=\"og:title\" content=\"Broderie sur tulle - SES Creative\" \/>\n<meta property=\"og:description\" content=\"Hobby Pink \u2013 Broderie Chats : des cr\u00e9ations uniques sur tulle transparent ! D\u00e9couvrez la derni\u00e8re tendance cr\u00e9ative : la broderie sur tulle ! Avec le kit Broderie Chats de SES Creative, vous brodez de magnifiques motifs sur de la gaze rose transparente, dans un joli cercle \u00e0 broder en forme de chat. Id\u00e9al pour [&hellip;]\" \/>\n<meta property=\"og:url\" content=\"https:\/\/ses-creative.com\/fr\/produit\/broderie-sur-tulle\/\" \/>\n<meta property=\"og:site_name\" content=\"SES Creative\" \/>\n<meta property=\"article:modified_time\" content=\"2026-02-12T10:22:53+00:00\" \/>\n<meta name=\"twitter:card\" content=\"summary_large_image\" \/>\n<meta name=\"twitter:label1\" content=\"Dur\u00e9e de lecture estim\u00e9e\" \/>\n\t<meta name=\"twitter:data1\" content=\"2 minutes\" \/>\n<script type=\"application\/ld+json\" class=\"yoast-schema-graph\">{\"@context\":\"https:\\\/\\\/schema.org\",\"@graph\":[{\"@type\":\"WebPage\",\"@id\":\"https:\\\/\\\/ses-creative.com\\\/fr\\\/produit\\\/broderie-sur-tulle\\\/\",\"url\":\"https:\\\/\\\/ses-creative.com\\\/fr\\\/produit\\\/broderie-sur-tulle\\\/\",\"name\":\"Broderie sur tulle - SES Creative\",\"isPartOf\":{\"@id\":\"https:\\\/\\\/ses-creative.com\\\/#website\"},\"primaryImageOfPage\":{\"@id\":\"https:\\\/\\\/ses-creative.com\\\/fr\\\/produit\\\/broderie-sur-tulle\\\/#primaryimage\"},\"image\":{\"@id\":\"https:\\\/\\\/ses-creative.com\\\/fr\\\/produit\\\/broderie-sur-tulle\\\/#primaryimage\"},\"thumbnailUrl\":\"https:\\\/\\\/ses-creative.com\\\/wp-content\\\/uploads\\\/2026\\\/01\\\/141351.jpg\",\"datePublished\":\"2026-02-12T10:09:17+00:00\",\"dateModified\":\"2026-02-12T10:22:53+00:00\",\"breadcrumb\":{\"@id\":\"https:\\\/\\\/ses-creative.com\\\/fr\\\/produit\\\/broderie-sur-tulle\\\/#breadcrumb\"},\"inLanguage\":\"fr-FR\",\"potentialAction\":[{\"@type\":\"ReadAction\",\"target\":[\"https:\\\/\\\/ses-creative.com\\\/fr\\\/produit\\\/broderie-sur-tulle\\\/\"]}]},{\"@type\":\"ImageObject\",\"inLanguage\":\"fr-FR\",\"@id\":\"https:\\\/\\\/ses-creative.com\\\/fr\\\/produit\\\/broderie-sur-tulle\\\/#primaryimage\",\"url\":\"https:\\\/\\\/ses-creative.com\\\/wp-content\\\/uploads\\\/2026\\\/01\\\/141351.jpg\",\"contentUrl\":\"https:\\\/\\\/ses-creative.com\\\/wp-content\\\/uploads\\\/2026\\\/01\\\/141351.jpg\",\"width\":1000,\"height\":1000},{\"@type\":\"BreadcrumbList\",\"@id\":\"https:\\\/\\\/ses-creative.com\\\/fr\\\/produit\\\/broderie-sur-tulle\\\/#breadcrumb\",\"itemListElement\":[{\"@type\":\"ListItem\",\"position\":1,\"name\":\"Boutique\",\"item\":\"https:\\\/\\\/ses-creative.com\\\/fr\\\/boutique\\\/\"},{\"@type\":\"ListItem\",\"position\":2,\"name\":\"Loisirs cr\u00e9atifs\",\"item\":\"https:\\\/\\\/ses-creative.com\\\/fr\\\/product-categorie\\\/loisirs-creatifs\\\/\"},{\"@type\":\"ListItem\",\"position\":3,\"name\":\"Broderie sur tulle\"}]},{\"@type\":\"WebSite\",\"@id\":\"https:\\\/\\\/ses-creative.com\\\/#website\",\"url\":\"https:\\\/\\\/ses-creative.com\\\/\",\"name\":\"SES Creative\",\"description\":\"\",\"publisher\":{\"@id\":\"https:\\\/\\\/ses-creative.com\\\/#organization\"},\"potentialAction\":[{\"@type\":\"SearchAction\",\"target\":{\"@type\":\"EntryPoint\",\"urlTemplate\":\"https:\\\/\\\/ses-creative.com\\\/?s={search_term_string}\"},\"query-input\":{\"@type\":\"PropertyValueSpecification\",\"valueRequired\":true,\"valueName\":\"search_term_string\"}}],\"inLanguage\":\"fr-FR\"},{\"@type\":\"Organization\",\"@id\":\"https:\\\/\\\/ses-creative.com\\\/#organization\",\"name\":\"SES Creative\",\"url\":\"https:\\\/\\\/ses-creative.com\\\/\",\"logo\":{\"@type\":\"ImageObject\",\"inLanguage\":\"fr-FR\",\"@id\":\"https:\\\/\\\/ses-creative.com\\\/#\\\/schema\\\/logo\\\/image\\\/\",\"url\":\"https:\\\/\\\/ses-creative.com\\\/wp-content\\\/uploads\\\/2025\\\/10\\\/ses-creative-logo.jpg\",\"contentUrl\":\"https:\\\/\\\/ses-creative.com\\\/wp-content\\\/uploads\\\/2025\\\/10\\\/ses-creative-logo.jpg\",\"width\":2037,\"height\":2037,\"caption\":\"SES Creative\"},\"image\":{\"@id\":\"https:\\\/\\\/ses-creative.com\\\/#\\\/schema\\\/logo\\\/image\\\/\"}}]}<\/script>\n<!-- \/ Yoast SEO plugin. -->","yoast_head_json":{"title":"Broderie sur tulle - SES Creative","robots":{"index":"index","follow":"follow","max-snippet":"max-snippet:-1","max-image-preview":"max-image-preview:large","max-video-preview":"max-video-preview:-1"},"canonical":"https:\/\/ses-creative.com\/fr\/produit\/broderie-sur-tulle\/","og_locale":"fr_FR","og_type":"article","og_title":"Broderie sur tulle - SES Creative","og_description":"Hobby Pink \u2013 Broderie Chats : des cr\u00e9ations uniques sur tulle transparent ! D\u00e9couvrez la derni\u00e8re tendance cr\u00e9ative : la broderie sur tulle ! Avec le kit Broderie Chats de SES Creative, vous brodez de magnifiques motifs sur de la gaze rose transparente, dans un joli cercle \u00e0 broder en forme de chat. Id\u00e9al pour [&hellip;]","og_url":"https:\/\/ses-creative.com\/fr\/produit\/broderie-sur-tulle\/","og_site_name":"SES Creative","article_modified_time":"2026-02-12T10:22:53+00:00","twitter_card":"summary_large_image","twitter_misc":{"Dur\u00e9e de lecture estim\u00e9e":"2 minutes"},"schema":{"@context":"https:\/\/schema.org","@graph":[{"@type":"WebPage","@id":"https:\/\/ses-creative.com\/fr\/produit\/broderie-sur-tulle\/","url":"https:\/\/ses-creative.com\/fr\/produit\/broderie-sur-tulle\/","name":"Broderie sur tulle - SES Creative","isPartOf":{"@id":"https:\/\/ses-creative.com\/#website"},"primaryImageOfPage":{"@id":"https:\/\/ses-creative.com\/fr\/produit\/broderie-sur-tulle\/#primaryimage"},"image":{"@id":"https:\/\/ses-creative.com\/fr\/produit\/broderie-sur-tulle\/#primaryimage"},"thumbnailUrl":"https:\/\/ses-creative.com\/wp-content\/uploads\/2026\/01\/141351.jpg","datePublished":"2026-02-12T10:09:17+00:00","dateModified":"2026-02-12T10:22:53+00:00","breadcrumb":{"@id":"https:\/\/ses-creative.com\/fr\/produit\/broderie-sur-tulle\/#breadcrumb"},"inLanguage":"fr-FR","potentialAction":[{"@type":"ReadAction","target":["https:\/\/ses-creative.com\/fr\/produit\/broderie-sur-tulle\/"]}]},{"@type":"ImageObject","inLanguage":"fr-FR","@id":"https:\/\/ses-creative.com\/fr\/produit\/broderie-sur-tulle\/#primaryimage","url":"https:\/\/ses-creative.com\/wp-content\/uploads\/2026\/01\/141351.jpg","contentUrl":"https:\/\/ses-creative.com\/wp-content\/uploads\/2026\/01\/141351.jpg","width":1000,"height":1000},{"@type":"BreadcrumbList","@id":"https:\/\/ses-creative.com\/fr\/produit\/broderie-sur-tulle\/#breadcrumb","itemListElement":[{"@type":"ListItem","position":1,"name":"Boutique","item":"https:\/\/ses-creative.com\/fr\/boutique\/"},{"@type":"ListItem","position":2,"name":"Loisirs cr\u00e9atifs","item":"https:\/\/ses-creative.com\/fr\/product-categorie\/loisirs-creatifs\/"},{"@type":"ListItem","position":3,"name":"Broderie sur tulle"}]},{"@type":"WebSite","@id":"https:\/\/ses-creative.com\/#website","url":"https:\/\/ses-creative.com\/","name":"SES Creative","description":"","publisher":{"@id":"https:\/\/ses-creative.com\/#organization"},"potentialAction":[{"@type":"SearchAction","target":{"@type":"EntryPoint","urlTemplate":"https:\/\/ses-creative.com\/?s={search_term_string}"},"query-input":{"@type":"PropertyValueSpecification","valueRequired":true,"valueName":"search_term_string"}}],"inLanguage":"fr-FR"},{"@type":"Organization","@id":"https:\/\/ses-creative.com\/#organization","name":"SES Creative","url":"https:\/\/ses-creative.com\/","logo":{"@type":"ImageObject","inLanguage":"fr-FR","@id":"https:\/\/ses-creative.com\/#\/schema\/logo\/image\/","url":"https:\/\/ses-creative.com\/wp-content\/uploads\/2025\/10\/ses-creative-logo.jpg","contentUrl":"https:\/\/ses-creative.com\/wp-content\/uploads\/2025\/10\/ses-creative-logo.jpg","width":2037,"height":2037,"caption":"SES Creative"},"image":{"@id":"https:\/\/ses-creative.com\/#\/schema\/logo\/image\/"}}]}},"_links":{"self":[{"href":"https:\/\/ses-creative.com\/fr\/wp-json\/wp\/v2\/product\/118291","targetHints":{"allow":["GET"]}}],"collection":[{"href":"https:\/\/ses-creative.com\/fr\/wp-json\/wp\/v2\/product"}],"about":[{"href":"https:\/\/ses-creative.com\/fr\/wp-json\/wp\/v2\/types\/product"}],"replies":[{"embeddable":true,"href":"https:\/\/ses-creative.com\/fr\/wp-json\/wp\/v2\/comments?post=118291"}],"wp:featuredmedia":[{"embeddable":true,"href":"https:\/\/ses-creative.com\/fr\/wp-json\/wp\/v2\/media\/95236"}],"wp:attachment":[{"href":"https:\/\/ses-creative.com\/fr\/wp-json\/wp\/v2\/media?parent=118291"}],"wp:term":[{"taxonomy":"product_brand","embeddable":true,"href":"https:\/\/ses-creative.com\/fr\/wp-json\/wp\/v2\/product_brand?post=118291"},{"taxonomy":"product_cat","embeddable":true,"href":"https:\/\/ses-creative.com\/fr\/wp-json\/wp\/v2\/product_cat?post=118291"},{"taxonomy":"product_tag","embeddable":true,"href":"https:\/\/ses-creative.com\/fr\/wp-json\/wp\/v2\/product_tag?post=118291"}],"curies":[{"name":"wp","href":"https:\/\/api.w.org\/{rel}","templated":true}]}}