











{"id":118290,"date":"2026-02-12T10:09:17","date_gmt":"2026-02-12T10:09:17","guid":{"rendered":"https:\/\/ses-creative.com\/?post_type=product&#038;p=118290"},"modified":"2026-02-12T10:22:52","modified_gmt":"2026-02-12T10:22:52","slug":"mosaique-de-diamants-licorne-3d","status":"publish","type":"product","link":"https:\/\/ses-creative.com\/fr\/produit\/mosaique-de-diamants-licorne-3d\/","title":{"rendered":"Mosa\u00efque de Diamants &#8211; Licorne 3D"},"content":{"rendered":"<p>Ce coffret Diamond Painting Licorne 3D en Bois de SES Creative offre une activit\u00e9 cr\u00e9ative compl\u00e8te et ludique pour les enfants d\u00e8s 5 ans. Ils commencent par assembler deux licornes en bois \u00e0 l\u2019aide des pi\u00e8ces pr\u00e9d\u00e9coup\u00e9es et de la colle fournie. Ensuite, ils expriment leur cr\u00e9ativit\u00e9 en peignant les figurines avec 6 couleurs de gouache couvrante, hypoallerg\u00e9nique, et lavable. Cette peinture gouache enfant permet une application facile et propre. La derni\u00e8re \u00e9tape est la plus magique : appliquer les 540 stickers diamant de diff\u00e9rentes couleurs et les autocollants paillet\u00e9s pour obtenir une d\u00e9coration brillante et unique. Ce loisir cr\u00e9atif licorne favorise la motricit\u00e9 fine, la concentration et la confiance en soi des enfants tout en les amusant. Le coffret comprend : 2 licornes en bois \u00e0 assembler, 6 pots de peinture (5 ml), 1 pinceau, colle, 540 diamants, stickers paillet\u00e9s et instructions claires. Fabriqu\u00e9 par SES Creative, sp\u00e9cialiste des loisirs cr\u00e9atifs depuis plus de 40 ans, ce jouet CO2 neutre est conforme aux normes de s\u00e9curit\u00e9 europ\u00e9ennes. Ce kit diamond painting 3D est une excellente id\u00e9e cadeau pour toute activit\u00e9 cr\u00e9ative enfant \u00e0 la maison.<\/p>\n","protected":false},"excerpt":{"rendered":"<p>Ce coffret Diamond Painting Licorne 3D en Bois de SES Creative offre une activit\u00e9 cr\u00e9ative compl\u00e8te et ludique pour les enfants d\u00e8s 5 ans. Ils commencent par assembler deux licornes en bois \u00e0 l\u2019aide des pi\u00e8ces pr\u00e9d\u00e9coup\u00e9es et de la colle fournie. Ensuite, ils expriment leur cr\u00e9ativit\u00e9 en peignant les figurines avec 6 couleurs de [&hellip;]<\/p>\n","protected":false},"featured_media":102136,"comment_status":"closed","ping_status":"closed","template":"","meta":{"_acf_changed":false},"product_brand":[],"product_cat":[122],"product_tag":[],"class_list":{"0":"post-118290","1":"product","2":"type-product","3":"status-publish","4":"has-post-thumbnail","6":"product_cat-loisirs-creatifs","7":"pa_leeftijd-filter-4-6-ans","8":"pa_meest-populair-bij-filles","10":"first","11":"instock","12":"shipping-taxable","13":"product-type-simple"},"acf":[],"yoast_head":"<!-- This site is optimized with the Yoast SEO plugin v27.2 - https:\/\/yoast.com\/product\/yoast-seo-wordpress\/ -->\n<title>Mosa\u00efque de Diamants - Licorne 3D - SES Creative<\/title>\n<meta name=\"robots\" content=\"index, follow, max-snippet:-1, max-image-preview:large, max-video-preview:-1\" \/>\n<link rel=\"canonical\" href=\"https:\/\/ses-creative.com\/fr\/produit\/mosaique-de-diamants-licorne-3d\/\" \/>\n<meta property=\"og:locale\" content=\"fr_FR\" \/>\n<meta property=\"og:type\" content=\"article\" \/>\n<meta property=\"og:title\" content=\"Mosa\u00efque de Diamants - Licorne 3D - SES Creative\" \/>\n<meta property=\"og:description\" content=\"Ce coffret Diamond Painting Licorne 3D en Bois de SES Creative offre une activit\u00e9 cr\u00e9ative compl\u00e8te et ludique pour les enfants d\u00e8s 5 ans. Ils commencent par assembler deux licornes en bois \u00e0 l\u2019aide des pi\u00e8ces pr\u00e9d\u00e9coup\u00e9es et de la colle fournie. Ensuite, ils expriment leur cr\u00e9ativit\u00e9 en peignant les figurines avec 6 couleurs de [&hellip;]\" \/>\n<meta property=\"og:url\" content=\"https:\/\/ses-creative.com\/fr\/produit\/mosaique-de-diamants-licorne-3d\/\" \/>\n<meta property=\"og:site_name\" content=\"SES Creative\" \/>\n<meta property=\"article:modified_time\" content=\"2026-02-12T10:22:52+00:00\" \/>\n<meta name=\"twitter:card\" content=\"summary_large_image\" \/>\n<meta name=\"twitter:label1\" content=\"Dur\u00e9e de lecture estim\u00e9e\" \/>\n\t<meta name=\"twitter:data1\" content=\"1 minute\" \/>\n<script type=\"application\/ld+json\" class=\"yoast-schema-graph\">{\"@context\":\"https:\/\/schema.org\",\"@graph\":[{\"@type\":\"WebPage\",\"@id\":\"https:\/\/ses-creative.com\/fr\/produit\/mosaique-de-diamants-licorne-3d\/\",\"url\":\"https:\/\/ses-creative.com\/fr\/produit\/mosaique-de-diamants-licorne-3d\/\",\"name\":\"Mosa\u00efque de Diamants - Licorne 3D - SES Creative\",\"isPartOf\":{\"@id\":\"https:\/\/ses-creative.com\/#website\"},\"primaryImageOfPage\":{\"@id\":\"https:\/\/ses-creative.com\/fr\/produit\/mosaique-de-diamants-licorne-3d\/#primaryimage\"},\"image\":{\"@id\":\"https:\/\/ses-creative.com\/fr\/produit\/mosaique-de-diamants-licorne-3d\/#primaryimage\"},\"thumbnailUrl\":\"https:\/\/ses-creative.com\/wp-content\/uploads\/2026\/01\/141341.jpg\",\"datePublished\":\"2026-02-12T10:09:17+00:00\",\"dateModified\":\"2026-02-12T10:22:52+00:00\",\"breadcrumb\":{\"@id\":\"https:\/\/ses-creative.com\/fr\/produit\/mosaique-de-diamants-licorne-3d\/#breadcrumb\"},\"inLanguage\":\"fr-FR\",\"potentialAction\":[{\"@type\":\"ReadAction\",\"target\":[\"https:\/\/ses-creative.com\/fr\/produit\/mosaique-de-diamants-licorne-3d\/\"]}]},{\"@type\":\"ImageObject\",\"inLanguage\":\"fr-FR\",\"@id\":\"https:\/\/ses-creative.com\/fr\/produit\/mosaique-de-diamants-licorne-3d\/#primaryimage\",\"url\":\"https:\/\/ses-creative.com\/wp-content\/uploads\/2026\/01\/141341.jpg\",\"contentUrl\":\"https:\/\/ses-creative.com\/wp-content\/uploads\/2026\/01\/141341.jpg\",\"width\":1000,\"height\":1000},{\"@type\":\"BreadcrumbList\",\"@id\":\"https:\/\/ses-creative.com\/fr\/produit\/mosaique-de-diamants-licorne-3d\/#breadcrumb\",\"itemListElement\":[{\"@type\":\"ListItem\",\"position\":1,\"name\":\"Boutique\",\"item\":\"https:\/\/ses-creative.com\/fr\/boutique\/\"},{\"@type\":\"ListItem\",\"position\":2,\"name\":\"Loisirs cr\u00e9atifs\",\"item\":\"https:\/\/ses-creative.com\/fr\/product-categorie\/loisirs-creatifs\/\"},{\"@type\":\"ListItem\",\"position\":3,\"name\":\"Mosa\u00efque de Diamants &#8211; Licorne 3D\"}]},{\"@type\":\"WebSite\",\"@id\":\"https:\/\/ses-creative.com\/#website\",\"url\":\"https:\/\/ses-creative.com\/\",\"name\":\"SES Creative\",\"description\":\"\",\"publisher\":{\"@id\":\"https:\/\/ses-creative.com\/#organization\"},\"potentialAction\":[{\"@type\":\"SearchAction\",\"target\":{\"@type\":\"EntryPoint\",\"urlTemplate\":\"https:\/\/ses-creative.com\/?s={search_term_string}\"},\"query-input\":{\"@type\":\"PropertyValueSpecification\",\"valueRequired\":true,\"valueName\":\"search_term_string\"}}],\"inLanguage\":\"fr-FR\"},{\"@type\":\"Organization\",\"@id\":\"https:\/\/ses-creative.com\/#organization\",\"name\":\"SES Creative\",\"url\":\"https:\/\/ses-creative.com\/\",\"logo\":{\"@type\":\"ImageObject\",\"inLanguage\":\"fr-FR\",\"@id\":\"https:\/\/ses-creative.com\/#\/schema\/logo\/image\/\",\"url\":\"https:\/\/ses-creative.com\/wp-content\/uploads\/2025\/10\/ses-creative-logo.jpg\",\"contentUrl\":\"https:\/\/ses-creative.com\/wp-content\/uploads\/2025\/10\/ses-creative-logo.jpg\",\"width\":2037,\"height\":2037,\"caption\":\"SES Creative\"},\"image\":{\"@id\":\"https:\/\/ses-creative.com\/#\/schema\/logo\/image\/\"}}]}<\/script>\n<!-- \/ Yoast SEO plugin. -->","yoast_head_json":{"title":"Mosa\u00efque de Diamants - Licorne 3D - SES Creative","robots":{"index":"index","follow":"follow","max-snippet":"max-snippet:-1","max-image-preview":"max-image-preview:large","max-video-preview":"max-video-preview:-1"},"canonical":"https:\/\/ses-creative.com\/fr\/produit\/mosaique-de-diamants-licorne-3d\/","og_locale":"fr_FR","og_type":"article","og_title":"Mosa\u00efque de Diamants - Licorne 3D - SES Creative","og_description":"Ce coffret Diamond Painting Licorne 3D en Bois de SES Creative offre une activit\u00e9 cr\u00e9ative compl\u00e8te et ludique pour les enfants d\u00e8s 5 ans. Ils commencent par assembler deux licornes en bois \u00e0 l\u2019aide des pi\u00e8ces pr\u00e9d\u00e9coup\u00e9es et de la colle fournie. Ensuite, ils expriment leur cr\u00e9ativit\u00e9 en peignant les figurines avec 6 couleurs de [&hellip;]","og_url":"https:\/\/ses-creative.com\/fr\/produit\/mosaique-de-diamants-licorne-3d\/","og_site_name":"SES Creative","article_modified_time":"2026-02-12T10:22:52+00:00","twitter_card":"summary_large_image","twitter_misc":{"Dur\u00e9e de lecture estim\u00e9e":"1 minute"},"schema":{"@context":"https:\/\/schema.org","@graph":[{"@type":"WebPage","@id":"https:\/\/ses-creative.com\/fr\/produit\/mosaique-de-diamants-licorne-3d\/","url":"https:\/\/ses-creative.com\/fr\/produit\/mosaique-de-diamants-licorne-3d\/","name":"Mosa\u00efque de Diamants - Licorne 3D - SES Creative","isPartOf":{"@id":"https:\/\/ses-creative.com\/#website"},"primaryImageOfPage":{"@id":"https:\/\/ses-creative.com\/fr\/produit\/mosaique-de-diamants-licorne-3d\/#primaryimage"},"image":{"@id":"https:\/\/ses-creative.com\/fr\/produit\/mosaique-de-diamants-licorne-3d\/#primaryimage"},"thumbnailUrl":"https:\/\/ses-creative.com\/wp-content\/uploads\/2026\/01\/141341.jpg","datePublished":"2026-02-12T10:09:17+00:00","dateModified":"2026-02-12T10:22:52+00:00","breadcrumb":{"@id":"https:\/\/ses-creative.com\/fr\/produit\/mosaique-de-diamants-licorne-3d\/#breadcrumb"},"inLanguage":"fr-FR","potentialAction":[{"@type":"ReadAction","target":["https:\/\/ses-creative.com\/fr\/produit\/mosaique-de-diamants-licorne-3d\/"]}]},{"@type":"ImageObject","inLanguage":"fr-FR","@id":"https:\/\/ses-creative.com\/fr\/produit\/mosaique-de-diamants-licorne-3d\/#primaryimage","url":"https:\/\/ses-creative.com\/wp-content\/uploads\/2026\/01\/141341.jpg","contentUrl":"https:\/\/ses-creative.com\/wp-content\/uploads\/2026\/01\/141341.jpg","width":1000,"height":1000},{"@type":"BreadcrumbList","@id":"https:\/\/ses-creative.com\/fr\/produit\/mosaique-de-diamants-licorne-3d\/#breadcrumb","itemListElement":[{"@type":"ListItem","position":1,"name":"Boutique","item":"https:\/\/ses-creative.com\/fr\/boutique\/"},{"@type":"ListItem","position":2,"name":"Loisirs cr\u00e9atifs","item":"https:\/\/ses-creative.com\/fr\/product-categorie\/loisirs-creatifs\/"},{"@type":"ListItem","position":3,"name":"Mosa\u00efque de Diamants &#8211; Licorne 3D"}]},{"@type":"WebSite","@id":"https:\/\/ses-creative.com\/#website","url":"https:\/\/ses-creative.com\/","name":"SES Creative","description":"","publisher":{"@id":"https:\/\/ses-creative.com\/#organization"},"potentialAction":[{"@type":"SearchAction","target":{"@type":"EntryPoint","urlTemplate":"https:\/\/ses-creative.com\/?s={search_term_string}"},"query-input":{"@type":"PropertyValueSpecification","valueRequired":true,"valueName":"search_term_string"}}],"inLanguage":"fr-FR"},{"@type":"Organization","@id":"https:\/\/ses-creative.com\/#organization","name":"SES Creative","url":"https:\/\/ses-creative.com\/","logo":{"@type":"ImageObject","inLanguage":"fr-FR","@id":"https:\/\/ses-creative.com\/#\/schema\/logo\/image\/","url":"https:\/\/ses-creative.com\/wp-content\/uploads\/2025\/10\/ses-creative-logo.jpg","contentUrl":"https:\/\/ses-creative.com\/wp-content\/uploads\/2025\/10\/ses-creative-logo.jpg","width":2037,"height":2037,"caption":"SES Creative"},"image":{"@id":"https:\/\/ses-creative.com\/#\/schema\/logo\/image\/"}}]}},"_links":{"self":[{"href":"https:\/\/ses-creative.com\/fr\/wp-json\/wp\/v2\/product\/118290","targetHints":{"allow":["GET"]}}],"collection":[{"href":"https:\/\/ses-creative.com\/fr\/wp-json\/wp\/v2\/product"}],"about":[{"href":"https:\/\/ses-creative.com\/fr\/wp-json\/wp\/v2\/types\/product"}],"replies":[{"embeddable":true,"href":"https:\/\/ses-creative.com\/fr\/wp-json\/wp\/v2\/comments?post=118290"}],"wp:featuredmedia":[{"embeddable":true,"href":"https:\/\/ses-creative.com\/fr\/wp-json\/wp\/v2\/media\/102136"}],"wp:attachment":[{"href":"https:\/\/ses-creative.com\/fr\/wp-json\/wp\/v2\/media?parent=118290"}],"wp:term":[{"taxonomy":"product_brand","embeddable":true,"href":"https:\/\/ses-creative.com\/fr\/wp-json\/wp\/v2\/product_brand?post=118290"},{"taxonomy":"product_cat","embeddable":true,"href":"https:\/\/ses-creative.com\/fr\/wp-json\/wp\/v2\/product_cat?post=118290"},{"taxonomy":"product_tag","embeddable":true,"href":"https:\/\/ses-creative.com\/fr\/wp-json\/wp\/v2\/product_tag?post=118290"}],"curies":[{"name":"wp","href":"https:\/\/api.w.org\/{rel}","templated":true}]}}