











{"id":118289,"date":"2026-02-12T10:09:17","date_gmt":"2026-02-12T10:09:17","guid":{"rendered":"https:\/\/ses-creative.com\/?post_type=product&#038;p=118289"},"modified":"2026-02-12T10:22:52","modified_gmt":"2026-02-12T10:22:52","slug":"images-avec-perles-en-verre","status":"publish","type":"product","link":"https:\/\/ses-creative.com\/fr\/produit\/images-avec-perles-en-verre\/","title":{"rendered":"Images avec perles en verre"},"content":{"rendered":"<p>Hobby Pink \u2013 Cartes en perles de verre : cr\u00e9ez des \u0153uvres d&rsquo;art scintillantes !<\/p>\n<p>Avec les cartes \u00e0 perles de verre de SES Creative, vous pouvez r\u00e9aliser les plus belles cr\u00e9ations avec des perles de verre color\u00e9es. Gr\u00e2ce aux cartes pratiques avec couche adh\u00e9sive, cette activit\u00e9 manuelle est simple et magique. Id\u00e9al pour les enfants qui aiment les d\u00e9tails scintillants et aiment cr\u00e9er leurs propres \u0153uvres d&rsquo;art.<\/p>\n<p>Ce qui rend ce set g\u00e9nial<\/p>\n<p>Comprend des perles de verre brillantes de diff\u00e9rentes couleurs<br \/>\n3 cartes de bricolage solides avec des surfaces adh\u00e9sives pr\u00e9imprim\u00e9es<br \/>\nFacile \u00e0 utiliser \u2013 pas besoin de colle<br \/>\nStimule la cr\u00e9ativit\u00e9, la motricit\u00e9 fine et la concentration<br \/>\nConvient aux enfants qui aiment les activit\u00e9s manuelles d\u00e9taill\u00e9es<\/p>\n<p>Laissez libre cours \u00e0 votre cr\u00e9ativit\u00e9<\/p>\n<p>Le bricolage avec des perles de verre n&rsquo;est pas seulement amusant, il est \u00e9galement relaxant et favorise la concentration. Les enfants peuvent cr\u00e9er leur propre chef-d&rsquo;\u0153uvre scintillant \u00e9tape par \u00e9tape et profiter du processus et du r\u00e9sultat. Chaque \u0153uvre d&rsquo;art est unique et constitue une v\u00e9ritable source de fiert\u00e9.<\/p>\n<p>Contenu du kit<\/p>\n<p>3 cartes de bricolage avec couche adh\u00e9sive<br \/>\nM\u00e9lange de perles de verre color\u00e9es<\/p>\n<p>Pourquoi choisir SES Creative ?<\/p>\n<p>Chez SES Creative, nous accordons une grande importance \u00e0 la s\u00e9curit\u00e9. C&rsquo;est pourquoi nos produits sont fabriqu\u00e9s et test\u00e9s dans notre usine aux Pays-Bas, conform\u00e9ment aux normes de s\u00e9curit\u00e9 europ\u00e9ennes les plus strictes. Les jouets SES Creative sont source de plaisir et permettent aux enfants d&rsquo;\u00eatre fiers de leur travail, ce qui stimule leur cr\u00e9ativit\u00e9 et leur d\u00e9veloppement.<\/p>\n<p>R\u00e9alisez d\u00e8s aujourd&rsquo;hui votre premi\u00e8re \u0153uvre d&rsquo;art en perles de verre<\/p>\n<p>Procurez-vous les cartes \u00e0 perles de verre et d\u00e9couvrez \u00e0 quel point il est amusant de bricoler avec des perles. Une activit\u00e9 merveilleuse pour tous les enfants qui aiment \u00eatre cr\u00e9atifs et qui adorent tout ce qui brille !<\/p>\n","protected":false},"excerpt":{"rendered":"<p>Hobby Pink \u2013 Cartes en perles de verre : cr\u00e9ez des \u0153uvres d&rsquo;art scintillantes ! Avec les cartes \u00e0 perles de verre de SES Creative, vous pouvez r\u00e9aliser les plus belles cr\u00e9ations avec des perles de verre color\u00e9es. Gr\u00e2ce aux cartes pratiques avec couche adh\u00e9sive, cette activit\u00e9 manuelle est simple et magique. Id\u00e9al pour les [&hellip;]<\/p>\n","protected":false},"featured_media":95216,"comment_status":"closed","ping_status":"closed","template":"","meta":{"_acf_changed":false},"product_brand":[],"product_cat":[122],"product_tag":[],"class_list":{"0":"post-118289","1":"product","2":"type-product","3":"status-publish","4":"has-post-thumbnail","6":"product_cat-loisirs-creatifs","7":"pa_leeftijd-filter-3-4-ans","8":"pa_meest-populair-bij-filles","10":"first","11":"instock","12":"shipping-taxable","13":"product-type-simple"},"acf":[],"yoast_head":"<!-- This site is optimized with the Yoast SEO plugin v27.2 - https:\/\/yoast.com\/product\/yoast-seo-wordpress\/ -->\n<title>Images avec perles en verre - SES Creative<\/title>\n<meta name=\"robots\" content=\"index, follow, max-snippet:-1, max-image-preview:large, max-video-preview:-1\" \/>\n<link rel=\"canonical\" href=\"https:\/\/ses-creative.com\/fr\/produit\/images-avec-perles-en-verre\/\" \/>\n<meta property=\"og:locale\" content=\"fr_FR\" \/>\n<meta property=\"og:type\" content=\"article\" \/>\n<meta property=\"og:title\" content=\"Images avec perles en verre - SES Creative\" \/>\n<meta property=\"og:description\" content=\"Hobby Pink \u2013 Cartes en perles de verre : cr\u00e9ez des \u0153uvres d&rsquo;art scintillantes ! Avec les cartes \u00e0 perles de verre de SES Creative, vous pouvez r\u00e9aliser les plus belles cr\u00e9ations avec des perles de verre color\u00e9es. Gr\u00e2ce aux cartes pratiques avec couche adh\u00e9sive, cette activit\u00e9 manuelle est simple et magique. Id\u00e9al pour les [&hellip;]\" \/>\n<meta property=\"og:url\" content=\"https:\/\/ses-creative.com\/fr\/produit\/images-avec-perles-en-verre\/\" \/>\n<meta property=\"og:site_name\" content=\"SES Creative\" \/>\n<meta property=\"article:modified_time\" content=\"2026-02-12T10:22:52+00:00\" \/>\n<meta name=\"twitter:card\" content=\"summary_large_image\" \/>\n<meta name=\"twitter:label1\" content=\"Dur\u00e9e de lecture estim\u00e9e\" \/>\n\t<meta name=\"twitter:data1\" content=\"2 minutes\" \/>\n<script type=\"application\/ld+json\" class=\"yoast-schema-graph\">{\"@context\":\"https:\/\/schema.org\",\"@graph\":[{\"@type\":\"WebPage\",\"@id\":\"https:\/\/ses-creative.com\/fr\/produit\/images-avec-perles-en-verre\/\",\"url\":\"https:\/\/ses-creative.com\/fr\/produit\/images-avec-perles-en-verre\/\",\"name\":\"Images avec perles en verre - SES Creative\",\"isPartOf\":{\"@id\":\"https:\/\/ses-creative.com\/#website\"},\"primaryImageOfPage\":{\"@id\":\"https:\/\/ses-creative.com\/fr\/produit\/images-avec-perles-en-verre\/#primaryimage\"},\"image\":{\"@id\":\"https:\/\/ses-creative.com\/fr\/produit\/images-avec-perles-en-verre\/#primaryimage\"},\"thumbnailUrl\":\"https:\/\/ses-creative.com\/wp-content\/uploads\/2026\/01\/141321.jpg\",\"datePublished\":\"2026-02-12T10:09:17+00:00\",\"dateModified\":\"2026-02-12T10:22:52+00:00\",\"breadcrumb\":{\"@id\":\"https:\/\/ses-creative.com\/fr\/produit\/images-avec-perles-en-verre\/#breadcrumb\"},\"inLanguage\":\"fr-FR\",\"potentialAction\":[{\"@type\":\"ReadAction\",\"target\":[\"https:\/\/ses-creative.com\/fr\/produit\/images-avec-perles-en-verre\/\"]}]},{\"@type\":\"ImageObject\",\"inLanguage\":\"fr-FR\",\"@id\":\"https:\/\/ses-creative.com\/fr\/produit\/images-avec-perles-en-verre\/#primaryimage\",\"url\":\"https:\/\/ses-creative.com\/wp-content\/uploads\/2026\/01\/141321.jpg\",\"contentUrl\":\"https:\/\/ses-creative.com\/wp-content\/uploads\/2026\/01\/141321.jpg\",\"width\":1000,\"height\":1000},{\"@type\":\"BreadcrumbList\",\"@id\":\"https:\/\/ses-creative.com\/fr\/produit\/images-avec-perles-en-verre\/#breadcrumb\",\"itemListElement\":[{\"@type\":\"ListItem\",\"position\":1,\"name\":\"Boutique\",\"item\":\"https:\/\/ses-creative.com\/fr\/boutique\/\"},{\"@type\":\"ListItem\",\"position\":2,\"name\":\"Loisirs cr\u00e9atifs\",\"item\":\"https:\/\/ses-creative.com\/fr\/product-categorie\/loisirs-creatifs\/\"},{\"@type\":\"ListItem\",\"position\":3,\"name\":\"Images avec perles en verre\"}]},{\"@type\":\"WebSite\",\"@id\":\"https:\/\/ses-creative.com\/#website\",\"url\":\"https:\/\/ses-creative.com\/\",\"name\":\"SES Creative\",\"description\":\"\",\"publisher\":{\"@id\":\"https:\/\/ses-creative.com\/#organization\"},\"potentialAction\":[{\"@type\":\"SearchAction\",\"target\":{\"@type\":\"EntryPoint\",\"urlTemplate\":\"https:\/\/ses-creative.com\/?s={search_term_string}\"},\"query-input\":{\"@type\":\"PropertyValueSpecification\",\"valueRequired\":true,\"valueName\":\"search_term_string\"}}],\"inLanguage\":\"fr-FR\"},{\"@type\":\"Organization\",\"@id\":\"https:\/\/ses-creative.com\/#organization\",\"name\":\"SES Creative\",\"url\":\"https:\/\/ses-creative.com\/\",\"logo\":{\"@type\":\"ImageObject\",\"inLanguage\":\"fr-FR\",\"@id\":\"https:\/\/ses-creative.com\/#\/schema\/logo\/image\/\",\"url\":\"https:\/\/ses-creative.com\/wp-content\/uploads\/2025\/10\/ses-creative-logo.jpg\",\"contentUrl\":\"https:\/\/ses-creative.com\/wp-content\/uploads\/2025\/10\/ses-creative-logo.jpg\",\"width\":2037,\"height\":2037,\"caption\":\"SES Creative\"},\"image\":{\"@id\":\"https:\/\/ses-creative.com\/#\/schema\/logo\/image\/\"}}]}<\/script>\n<!-- \/ Yoast SEO plugin. -->","yoast_head_json":{"title":"Images avec perles en verre - SES Creative","robots":{"index":"index","follow":"follow","max-snippet":"max-snippet:-1","max-image-preview":"max-image-preview:large","max-video-preview":"max-video-preview:-1"},"canonical":"https:\/\/ses-creative.com\/fr\/produit\/images-avec-perles-en-verre\/","og_locale":"fr_FR","og_type":"article","og_title":"Images avec perles en verre - SES Creative","og_description":"Hobby Pink \u2013 Cartes en perles de verre : cr\u00e9ez des \u0153uvres d&rsquo;art scintillantes ! Avec les cartes \u00e0 perles de verre de SES Creative, vous pouvez r\u00e9aliser les plus belles cr\u00e9ations avec des perles de verre color\u00e9es. Gr\u00e2ce aux cartes pratiques avec couche adh\u00e9sive, cette activit\u00e9 manuelle est simple et magique. Id\u00e9al pour les [&hellip;]","og_url":"https:\/\/ses-creative.com\/fr\/produit\/images-avec-perles-en-verre\/","og_site_name":"SES Creative","article_modified_time":"2026-02-12T10:22:52+00:00","twitter_card":"summary_large_image","twitter_misc":{"Dur\u00e9e de lecture estim\u00e9e":"2 minutes"},"schema":{"@context":"https:\/\/schema.org","@graph":[{"@type":"WebPage","@id":"https:\/\/ses-creative.com\/fr\/produit\/images-avec-perles-en-verre\/","url":"https:\/\/ses-creative.com\/fr\/produit\/images-avec-perles-en-verre\/","name":"Images avec perles en verre - SES Creative","isPartOf":{"@id":"https:\/\/ses-creative.com\/#website"},"primaryImageOfPage":{"@id":"https:\/\/ses-creative.com\/fr\/produit\/images-avec-perles-en-verre\/#primaryimage"},"image":{"@id":"https:\/\/ses-creative.com\/fr\/produit\/images-avec-perles-en-verre\/#primaryimage"},"thumbnailUrl":"https:\/\/ses-creative.com\/wp-content\/uploads\/2026\/01\/141321.jpg","datePublished":"2026-02-12T10:09:17+00:00","dateModified":"2026-02-12T10:22:52+00:00","breadcrumb":{"@id":"https:\/\/ses-creative.com\/fr\/produit\/images-avec-perles-en-verre\/#breadcrumb"},"inLanguage":"fr-FR","potentialAction":[{"@type":"ReadAction","target":["https:\/\/ses-creative.com\/fr\/produit\/images-avec-perles-en-verre\/"]}]},{"@type":"ImageObject","inLanguage":"fr-FR","@id":"https:\/\/ses-creative.com\/fr\/produit\/images-avec-perles-en-verre\/#primaryimage","url":"https:\/\/ses-creative.com\/wp-content\/uploads\/2026\/01\/141321.jpg","contentUrl":"https:\/\/ses-creative.com\/wp-content\/uploads\/2026\/01\/141321.jpg","width":1000,"height":1000},{"@type":"BreadcrumbList","@id":"https:\/\/ses-creative.com\/fr\/produit\/images-avec-perles-en-verre\/#breadcrumb","itemListElement":[{"@type":"ListItem","position":1,"name":"Boutique","item":"https:\/\/ses-creative.com\/fr\/boutique\/"},{"@type":"ListItem","position":2,"name":"Loisirs cr\u00e9atifs","item":"https:\/\/ses-creative.com\/fr\/product-categorie\/loisirs-creatifs\/"},{"@type":"ListItem","position":3,"name":"Images avec perles en verre"}]},{"@type":"WebSite","@id":"https:\/\/ses-creative.com\/#website","url":"https:\/\/ses-creative.com\/","name":"SES Creative","description":"","publisher":{"@id":"https:\/\/ses-creative.com\/#organization"},"potentialAction":[{"@type":"SearchAction","target":{"@type":"EntryPoint","urlTemplate":"https:\/\/ses-creative.com\/?s={search_term_string}"},"query-input":{"@type":"PropertyValueSpecification","valueRequired":true,"valueName":"search_term_string"}}],"inLanguage":"fr-FR"},{"@type":"Organization","@id":"https:\/\/ses-creative.com\/#organization","name":"SES Creative","url":"https:\/\/ses-creative.com\/","logo":{"@type":"ImageObject","inLanguage":"fr-FR","@id":"https:\/\/ses-creative.com\/#\/schema\/logo\/image\/","url":"https:\/\/ses-creative.com\/wp-content\/uploads\/2025\/10\/ses-creative-logo.jpg","contentUrl":"https:\/\/ses-creative.com\/wp-content\/uploads\/2025\/10\/ses-creative-logo.jpg","width":2037,"height":2037,"caption":"SES Creative"},"image":{"@id":"https:\/\/ses-creative.com\/#\/schema\/logo\/image\/"}}]}},"_links":{"self":[{"href":"https:\/\/ses-creative.com\/fr\/wp-json\/wp\/v2\/product\/118289","targetHints":{"allow":["GET"]}}],"collection":[{"href":"https:\/\/ses-creative.com\/fr\/wp-json\/wp\/v2\/product"}],"about":[{"href":"https:\/\/ses-creative.com\/fr\/wp-json\/wp\/v2\/types\/product"}],"replies":[{"embeddable":true,"href":"https:\/\/ses-creative.com\/fr\/wp-json\/wp\/v2\/comments?post=118289"}],"wp:featuredmedia":[{"embeddable":true,"href":"https:\/\/ses-creative.com\/fr\/wp-json\/wp\/v2\/media\/95216"}],"wp:attachment":[{"href":"https:\/\/ses-creative.com\/fr\/wp-json\/wp\/v2\/media?parent=118289"}],"wp:term":[{"taxonomy":"product_brand","embeddable":true,"href":"https:\/\/ses-creative.com\/fr\/wp-json\/wp\/v2\/product_brand?post=118289"},{"taxonomy":"product_cat","embeddable":true,"href":"https:\/\/ses-creative.com\/fr\/wp-json\/wp\/v2\/product_cat?post=118289"},{"taxonomy":"product_tag","embeddable":true,"href":"https:\/\/ses-creative.com\/fr\/wp-json\/wp\/v2\/product_tag?post=118289"}],"curies":[{"name":"wp","href":"https:\/\/api.w.org\/{rel}","templated":true}]}}