











{"id":118288,"date":"2026-02-12T10:09:17","date_gmt":"2026-02-12T10:09:17","guid":{"rendered":"https:\/\/ses-creative.com\/?post_type=product&#038;p=118288"},"modified":"2026-02-12T10:22:52","modified_gmt":"2026-02-12T10:22:52","slug":"bracelets-a-paillettes","status":"publish","type":"product","link":"https:\/\/ses-creative.com\/fr\/produit\/bracelets-a-paillettes\/","title":{"rendered":"Bracelets \u00e0 paillettes"},"content":{"rendered":"<p>Hobby Pink \u2013 Cr\u00e9ez vos propres bracelets \u00e0 paillettes scintillants !<\/p>\n<p>Laissez libre cours \u00e0 votre cr\u00e9ativit\u00e9 et \u00e0 votre sens de la mode avec le kit Bracelets \u00e0 paillettes de SES Creative ! Gr\u00e2ce au fil m\u00e9tallique sp\u00e9cial \u00e0 paillettes et aux fils chenill\u00e9s color\u00e9s, vous cr\u00e9erez en un clin d&rsquo;\u0153il vos propres bijoux uniques. Id\u00e9al pour les petites stylistes \u00e0 partir de 4 ans qui adorent les paillettes et les couleurs.<\/p>\n<p>Ce qui rend ce kit g\u00e9nial<\/p>\n<p>Comprend un fil m\u00e9tallique sp\u00e9cial paillet\u00e9 pour un effet scintillant<br \/>\n4 fils chenille color\u00e9s pour des combinaisons infinies<br \/>\nAucun mat\u00e9riel suppl\u00e9mentaire n\u00e9cessaire \u2013 tout est inclus dans le kit<br \/>\nStimule la cr\u00e9ativit\u00e9 et la motricit\u00e9 fine<br \/>\nParfait pour les enfants \u00e0 partir de 4 ans qui aiment la mode<\/p>\n<p>Laissez libre cours \u00e0 votre imagination<\/p>\n<p>Que ce soit pour une f\u00eate, un cadeau ou simplement pour bricoler un jour de pluie, ce kit offre aux enfants la possibilit\u00e9 de d\u00e9couvrir leur propre style. Chaque bracelet qu&rsquo;ils cr\u00e9ent est une cr\u00e9ation dont ils peuvent \u00eatre fiers. Cr\u00e9er ses propres bijoux n&rsquo;a jamais \u00e9t\u00e9 aussi amusant et \u00e9tincelant !<\/p>\n<p>Contenu du kit<\/p>\n<p>3 couleurs de fil m\u00e9tallique paillet\u00e9<br \/>\n4 couleurs de fil chenille<\/p>\n<p>Pourquoi choisir SES Creative ?<\/p>\n<p>Chez SES Creative, nous accordons une grande importance \u00e0 la s\u00e9curit\u00e9. C&rsquo;est pourquoi nos produits sont fabriqu\u00e9s et test\u00e9s dans notre usine aux Pays-Bas, conform\u00e9ment aux normes de s\u00e9curit\u00e9 europ\u00e9ennes les plus strictes. Les jouets SES Creative sont source de plaisir et permettent aux enfants d&rsquo;\u00eatre fiers de leur travail, ce qui stimule leur cr\u00e9ativit\u00e9 et leur d\u00e9veloppement.<\/p>\n<p>Commencez d\u00e8s aujourd&rsquo;hui \u00e0 cr\u00e9er des bracelets \u00e9tincelants<\/p>\n<p>Saisissez votre chance de briller ! Cr\u00e9ez et fabriquez vos propres bracelets scintillants avec le kit de bricolage complet de SES Creative. Des heures de plaisir cr\u00e9atif garanties !<\/p>\n","protected":false},"excerpt":{"rendered":"<p>Hobby Pink \u2013 Cr\u00e9ez vos propres bracelets \u00e0 paillettes scintillants ! Laissez libre cours \u00e0 votre cr\u00e9ativit\u00e9 et \u00e0 votre sens de la mode avec le kit Bracelets \u00e0 paillettes de SES Creative ! Gr\u00e2ce au fil m\u00e9tallique sp\u00e9cial \u00e0 paillettes et aux fils chenill\u00e9s color\u00e9s, vous cr\u00e9erez en un clin d&rsquo;\u0153il vos propres bijoux [&hellip;]<\/p>\n","protected":false},"featured_media":102116,"comment_status":"closed","ping_status":"closed","template":"","meta":{"_acf_changed":false},"product_brand":[],"product_cat":[122],"product_tag":[],"class_list":{"0":"post-118288","1":"product","2":"type-product","3":"status-publish","4":"has-post-thumbnail","6":"product_cat-loisirs-creatifs","7":"pa_leeftijd-filter-4-6-ans","8":"pa_meest-populair-bij-filles","10":"first","11":"instock","12":"shipping-taxable","13":"product-type-simple"},"acf":[],"yoast_head":"<!-- This site is optimized with the Yoast SEO plugin v27.2 - https:\/\/yoast.com\/product\/yoast-seo-wordpress\/ -->\n<title>Bracelets \u00e0 paillettes - SES Creative<\/title>\n<meta name=\"robots\" content=\"index, follow, max-snippet:-1, max-image-preview:large, max-video-preview:-1\" \/>\n<link rel=\"canonical\" href=\"https:\/\/ses-creative.com\/fr\/produit\/bracelets-a-paillettes\/\" \/>\n<meta property=\"og:locale\" content=\"fr_FR\" \/>\n<meta property=\"og:type\" content=\"article\" \/>\n<meta property=\"og:title\" content=\"Bracelets \u00e0 paillettes - SES Creative\" \/>\n<meta property=\"og:description\" content=\"Hobby Pink \u2013 Cr\u00e9ez vos propres bracelets \u00e0 paillettes scintillants ! Laissez libre cours \u00e0 votre cr\u00e9ativit\u00e9 et \u00e0 votre sens de la mode avec le kit Bracelets \u00e0 paillettes de SES Creative ! Gr\u00e2ce au fil m\u00e9tallique sp\u00e9cial \u00e0 paillettes et aux fils chenill\u00e9s color\u00e9s, vous cr\u00e9erez en un clin d&rsquo;\u0153il vos propres bijoux [&hellip;]\" \/>\n<meta property=\"og:url\" content=\"https:\/\/ses-creative.com\/fr\/produit\/bracelets-a-paillettes\/\" \/>\n<meta property=\"og:site_name\" content=\"SES Creative\" \/>\n<meta property=\"article:modified_time\" content=\"2026-02-12T10:22:52+00:00\" \/>\n<meta name=\"twitter:card\" content=\"summary_large_image\" \/>\n<meta name=\"twitter:label1\" content=\"Dur\u00e9e de lecture estim\u00e9e\" \/>\n\t<meta name=\"twitter:data1\" content=\"2 minutes\" \/>\n<script type=\"application\/ld+json\" class=\"yoast-schema-graph\">{\"@context\":\"https:\/\/schema.org\",\"@graph\":[{\"@type\":\"WebPage\",\"@id\":\"https:\/\/ses-creative.com\/fr\/produit\/bracelets-a-paillettes\/\",\"url\":\"https:\/\/ses-creative.com\/fr\/produit\/bracelets-a-paillettes\/\",\"name\":\"Bracelets \u00e0 paillettes - SES Creative\",\"isPartOf\":{\"@id\":\"https:\/\/ses-creative.com\/#website\"},\"primaryImageOfPage\":{\"@id\":\"https:\/\/ses-creative.com\/fr\/produit\/bracelets-a-paillettes\/#primaryimage\"},\"image\":{\"@id\":\"https:\/\/ses-creative.com\/fr\/produit\/bracelets-a-paillettes\/#primaryimage\"},\"thumbnailUrl\":\"https:\/\/ses-creative.com\/wp-content\/uploads\/2026\/01\/141281.jpg\",\"datePublished\":\"2026-02-12T10:09:17+00:00\",\"dateModified\":\"2026-02-12T10:22:52+00:00\",\"breadcrumb\":{\"@id\":\"https:\/\/ses-creative.com\/fr\/produit\/bracelets-a-paillettes\/#breadcrumb\"},\"inLanguage\":\"fr-FR\",\"potentialAction\":[{\"@type\":\"ReadAction\",\"target\":[\"https:\/\/ses-creative.com\/fr\/produit\/bracelets-a-paillettes\/\"]}]},{\"@type\":\"ImageObject\",\"inLanguage\":\"fr-FR\",\"@id\":\"https:\/\/ses-creative.com\/fr\/produit\/bracelets-a-paillettes\/#primaryimage\",\"url\":\"https:\/\/ses-creative.com\/wp-content\/uploads\/2026\/01\/141281.jpg\",\"contentUrl\":\"https:\/\/ses-creative.com\/wp-content\/uploads\/2026\/01\/141281.jpg\",\"width\":1000,\"height\":1000},{\"@type\":\"BreadcrumbList\",\"@id\":\"https:\/\/ses-creative.com\/fr\/produit\/bracelets-a-paillettes\/#breadcrumb\",\"itemListElement\":[{\"@type\":\"ListItem\",\"position\":1,\"name\":\"Boutique\",\"item\":\"https:\/\/ses-creative.com\/fr\/boutique\/\"},{\"@type\":\"ListItem\",\"position\":2,\"name\":\"Loisirs cr\u00e9atifs\",\"item\":\"https:\/\/ses-creative.com\/fr\/product-categorie\/loisirs-creatifs\/\"},{\"@type\":\"ListItem\",\"position\":3,\"name\":\"Bracelets \u00e0 paillettes\"}]},{\"@type\":\"WebSite\",\"@id\":\"https:\/\/ses-creative.com\/#website\",\"url\":\"https:\/\/ses-creative.com\/\",\"name\":\"SES Creative\",\"description\":\"\",\"publisher\":{\"@id\":\"https:\/\/ses-creative.com\/#organization\"},\"potentialAction\":[{\"@type\":\"SearchAction\",\"target\":{\"@type\":\"EntryPoint\",\"urlTemplate\":\"https:\/\/ses-creative.com\/?s={search_term_string}\"},\"query-input\":{\"@type\":\"PropertyValueSpecification\",\"valueRequired\":true,\"valueName\":\"search_term_string\"}}],\"inLanguage\":\"fr-FR\"},{\"@type\":\"Organization\",\"@id\":\"https:\/\/ses-creative.com\/#organization\",\"name\":\"SES Creative\",\"url\":\"https:\/\/ses-creative.com\/\",\"logo\":{\"@type\":\"ImageObject\",\"inLanguage\":\"fr-FR\",\"@id\":\"https:\/\/ses-creative.com\/#\/schema\/logo\/image\/\",\"url\":\"https:\/\/ses-creative.com\/wp-content\/uploads\/2025\/10\/ses-creative-logo.jpg\",\"contentUrl\":\"https:\/\/ses-creative.com\/wp-content\/uploads\/2025\/10\/ses-creative-logo.jpg\",\"width\":2037,\"height\":2037,\"caption\":\"SES Creative\"},\"image\":{\"@id\":\"https:\/\/ses-creative.com\/#\/schema\/logo\/image\/\"}}]}<\/script>\n<!-- \/ Yoast SEO plugin. -->","yoast_head_json":{"title":"Bracelets \u00e0 paillettes - SES Creative","robots":{"index":"index","follow":"follow","max-snippet":"max-snippet:-1","max-image-preview":"max-image-preview:large","max-video-preview":"max-video-preview:-1"},"canonical":"https:\/\/ses-creative.com\/fr\/produit\/bracelets-a-paillettes\/","og_locale":"fr_FR","og_type":"article","og_title":"Bracelets \u00e0 paillettes - SES Creative","og_description":"Hobby Pink \u2013 Cr\u00e9ez vos propres bracelets \u00e0 paillettes scintillants ! Laissez libre cours \u00e0 votre cr\u00e9ativit\u00e9 et \u00e0 votre sens de la mode avec le kit Bracelets \u00e0 paillettes de SES Creative ! Gr\u00e2ce au fil m\u00e9tallique sp\u00e9cial \u00e0 paillettes et aux fils chenill\u00e9s color\u00e9s, vous cr\u00e9erez en un clin d&rsquo;\u0153il vos propres bijoux [&hellip;]","og_url":"https:\/\/ses-creative.com\/fr\/produit\/bracelets-a-paillettes\/","og_site_name":"SES Creative","article_modified_time":"2026-02-12T10:22:52+00:00","twitter_card":"summary_large_image","twitter_misc":{"Dur\u00e9e de lecture estim\u00e9e":"2 minutes"},"schema":{"@context":"https:\/\/schema.org","@graph":[{"@type":"WebPage","@id":"https:\/\/ses-creative.com\/fr\/produit\/bracelets-a-paillettes\/","url":"https:\/\/ses-creative.com\/fr\/produit\/bracelets-a-paillettes\/","name":"Bracelets \u00e0 paillettes - SES Creative","isPartOf":{"@id":"https:\/\/ses-creative.com\/#website"},"primaryImageOfPage":{"@id":"https:\/\/ses-creative.com\/fr\/produit\/bracelets-a-paillettes\/#primaryimage"},"image":{"@id":"https:\/\/ses-creative.com\/fr\/produit\/bracelets-a-paillettes\/#primaryimage"},"thumbnailUrl":"https:\/\/ses-creative.com\/wp-content\/uploads\/2026\/01\/141281.jpg","datePublished":"2026-02-12T10:09:17+00:00","dateModified":"2026-02-12T10:22:52+00:00","breadcrumb":{"@id":"https:\/\/ses-creative.com\/fr\/produit\/bracelets-a-paillettes\/#breadcrumb"},"inLanguage":"fr-FR","potentialAction":[{"@type":"ReadAction","target":["https:\/\/ses-creative.com\/fr\/produit\/bracelets-a-paillettes\/"]}]},{"@type":"ImageObject","inLanguage":"fr-FR","@id":"https:\/\/ses-creative.com\/fr\/produit\/bracelets-a-paillettes\/#primaryimage","url":"https:\/\/ses-creative.com\/wp-content\/uploads\/2026\/01\/141281.jpg","contentUrl":"https:\/\/ses-creative.com\/wp-content\/uploads\/2026\/01\/141281.jpg","width":1000,"height":1000},{"@type":"BreadcrumbList","@id":"https:\/\/ses-creative.com\/fr\/produit\/bracelets-a-paillettes\/#breadcrumb","itemListElement":[{"@type":"ListItem","position":1,"name":"Boutique","item":"https:\/\/ses-creative.com\/fr\/boutique\/"},{"@type":"ListItem","position":2,"name":"Loisirs cr\u00e9atifs","item":"https:\/\/ses-creative.com\/fr\/product-categorie\/loisirs-creatifs\/"},{"@type":"ListItem","position":3,"name":"Bracelets \u00e0 paillettes"}]},{"@type":"WebSite","@id":"https:\/\/ses-creative.com\/#website","url":"https:\/\/ses-creative.com\/","name":"SES Creative","description":"","publisher":{"@id":"https:\/\/ses-creative.com\/#organization"},"potentialAction":[{"@type":"SearchAction","target":{"@type":"EntryPoint","urlTemplate":"https:\/\/ses-creative.com\/?s={search_term_string}"},"query-input":{"@type":"PropertyValueSpecification","valueRequired":true,"valueName":"search_term_string"}}],"inLanguage":"fr-FR"},{"@type":"Organization","@id":"https:\/\/ses-creative.com\/#organization","name":"SES Creative","url":"https:\/\/ses-creative.com\/","logo":{"@type":"ImageObject","inLanguage":"fr-FR","@id":"https:\/\/ses-creative.com\/#\/schema\/logo\/image\/","url":"https:\/\/ses-creative.com\/wp-content\/uploads\/2025\/10\/ses-creative-logo.jpg","contentUrl":"https:\/\/ses-creative.com\/wp-content\/uploads\/2025\/10\/ses-creative-logo.jpg","width":2037,"height":2037,"caption":"SES Creative"},"image":{"@id":"https:\/\/ses-creative.com\/#\/schema\/logo\/image\/"}}]}},"_links":{"self":[{"href":"https:\/\/ses-creative.com\/fr\/wp-json\/wp\/v2\/product\/118288","targetHints":{"allow":["GET"]}}],"collection":[{"href":"https:\/\/ses-creative.com\/fr\/wp-json\/wp\/v2\/product"}],"about":[{"href":"https:\/\/ses-creative.com\/fr\/wp-json\/wp\/v2\/types\/product"}],"replies":[{"embeddable":true,"href":"https:\/\/ses-creative.com\/fr\/wp-json\/wp\/v2\/comments?post=118288"}],"wp:featuredmedia":[{"embeddable":true,"href":"https:\/\/ses-creative.com\/fr\/wp-json\/wp\/v2\/media\/102116"}],"wp:attachment":[{"href":"https:\/\/ses-creative.com\/fr\/wp-json\/wp\/v2\/media?parent=118288"}],"wp:term":[{"taxonomy":"product_brand","embeddable":true,"href":"https:\/\/ses-creative.com\/fr\/wp-json\/wp\/v2\/product_brand?post=118288"},{"taxonomy":"product_cat","embeddable":true,"href":"https:\/\/ses-creative.com\/fr\/wp-json\/wp\/v2\/product_cat?post=118288"},{"taxonomy":"product_tag","embeddable":true,"href":"https:\/\/ses-creative.com\/fr\/wp-json\/wp\/v2\/product_tag?post=118288"}],"curies":[{"name":"wp","href":"https:\/\/api.w.org\/{rel}","templated":true}]}}