











{"id":118287,"date":"2026-02-12T10:09:16","date_gmt":"2026-02-12T10:09:16","guid":{"rendered":"https:\/\/ses-creative.com\/?post_type=product&#038;p=118287"},"modified":"2026-02-12T10:22:52","modified_gmt":"2026-02-12T10:22:52","slug":"mosaique-de-diamants","status":"publish","type":"product","link":"https:\/\/ses-creative.com\/fr\/produit\/mosaique-de-diamants\/","title":{"rendered":"Mosa\u00efque de Diamants"},"content":{"rendered":"<p>Le kit Mosa\u00efque de Diamants de SES Creative permet aux enfants d\u00e8s 3 ans de r\u00e9aliser des cr\u00e9ations brillantes et color\u00e9es. Avec 1080 strass autocollants r\u00e9partis en 6 couleurs et 8 cartes illustr\u00e9es, les enfants d\u00e9corent facilement chaque carte en suivant des motifs ludiques. Ce loisir cr\u00e9atif d\u00e9veloppe la coordination \u0153il-main, la motricit\u00e9 fine, la reconnaissance des formes et des couleurs, ainsi que la concentration. Simple d\u2019utilisation, cette activit\u00e9 permet aux enfants de cr\u00e9er de mani\u00e8re autonome, tout en renfor\u00e7ant leur confiance en eux. Les cartes sont illustr\u00e9es avec des animaux, personnages et objets amusants, encourageant la narration et l\u2019imaginaire. Chaque \u00e9l\u00e9ment a \u00e9t\u00e9 con\u00e7u pour s\u2019adapter aux capacit\u00e9s motrices des jeunes enfants, assurant une manipulation facile et sans frustration. Fabriqu\u00e9 aux Pays-Bas depuis 1972, ce jouet est hypoallerg\u00e9nique, lavable. Engag\u00e9e pour la plan\u00e8te, SES Creative garantit une production 100 % neutre en CO\u2082, avec plus de 350 r\u00e9f\u00e9rences vendues dans 75 pays.<\/p>\n","protected":false},"excerpt":{"rendered":"<p>Le kit Mosa\u00efque de Diamants de SES Creative permet aux enfants d\u00e8s 3 ans de r\u00e9aliser des cr\u00e9ations brillantes et color\u00e9es. Avec 1080 strass autocollants r\u00e9partis en 6 couleurs et 8 cartes illustr\u00e9es, les enfants d\u00e9corent facilement chaque carte en suivant des motifs ludiques. Ce loisir cr\u00e9atif d\u00e9veloppe la coordination \u0153il-main, la motricit\u00e9 fine, la [&hellip;]<\/p>\n","protected":false},"featured_media":102096,"comment_status":"closed","ping_status":"closed","template":"","meta":{"_acf_changed":false},"product_brand":[],"product_cat":[122],"product_tag":[],"class_list":{"0":"post-118287","1":"product","2":"type-product","3":"status-publish","4":"has-post-thumbnail","6":"product_cat-loisirs-creatifs","7":"pa_leeftijd-filter-3-4-ans","8":"pa_meest-populair-bij-filles","10":"first","11":"instock","12":"shipping-taxable","13":"product-type-simple"},"acf":[],"yoast_head":"<!-- This site is optimized with the Yoast SEO plugin v27.2 - https:\/\/yoast.com\/product\/yoast-seo-wordpress\/ -->\n<title>Mosa\u00efque de Diamants - SES Creative<\/title>\n<meta name=\"robots\" content=\"index, follow, max-snippet:-1, max-image-preview:large, max-video-preview:-1\" \/>\n<link rel=\"canonical\" href=\"https:\/\/ses-creative.com\/fr\/produit\/mosaique-de-diamants\/\" \/>\n<meta property=\"og:locale\" content=\"fr_FR\" \/>\n<meta property=\"og:type\" content=\"article\" \/>\n<meta property=\"og:title\" content=\"Mosa\u00efque de Diamants - SES Creative\" \/>\n<meta property=\"og:description\" content=\"Le kit Mosa\u00efque de Diamants de SES Creative permet aux enfants d\u00e8s 3 ans de r\u00e9aliser des cr\u00e9ations brillantes et color\u00e9es. Avec 1080 strass autocollants r\u00e9partis en 6 couleurs et 8 cartes illustr\u00e9es, les enfants d\u00e9corent facilement chaque carte en suivant des motifs ludiques. Ce loisir cr\u00e9atif d\u00e9veloppe la coordination \u0153il-main, la motricit\u00e9 fine, la [&hellip;]\" \/>\n<meta property=\"og:url\" content=\"https:\/\/ses-creative.com\/fr\/produit\/mosaique-de-diamants\/\" \/>\n<meta property=\"og:site_name\" content=\"SES Creative\" \/>\n<meta property=\"article:modified_time\" content=\"2026-02-12T10:22:52+00:00\" \/>\n<meta name=\"twitter:card\" content=\"summary_large_image\" \/>\n<meta name=\"twitter:label1\" content=\"Dur\u00e9e de lecture estim\u00e9e\" \/>\n\t<meta name=\"twitter:data1\" content=\"1 minute\" \/>\n<script type=\"application\/ld+json\" class=\"yoast-schema-graph\">{\"@context\":\"https:\/\/schema.org\",\"@graph\":[{\"@type\":\"WebPage\",\"@id\":\"https:\/\/ses-creative.com\/fr\/produit\/mosaique-de-diamants\/\",\"url\":\"https:\/\/ses-creative.com\/fr\/produit\/mosaique-de-diamants\/\",\"name\":\"Mosa\u00efque de Diamants - SES Creative\",\"isPartOf\":{\"@id\":\"https:\/\/ses-creative.com\/#website\"},\"primaryImageOfPage\":{\"@id\":\"https:\/\/ses-creative.com\/fr\/produit\/mosaique-de-diamants\/#primaryimage\"},\"image\":{\"@id\":\"https:\/\/ses-creative.com\/fr\/produit\/mosaique-de-diamants\/#primaryimage\"},\"thumbnailUrl\":\"https:\/\/ses-creative.com\/wp-content\/uploads\/2026\/01\/141191.jpg\",\"datePublished\":\"2026-02-12T10:09:16+00:00\",\"dateModified\":\"2026-02-12T10:22:52+00:00\",\"breadcrumb\":{\"@id\":\"https:\/\/ses-creative.com\/fr\/produit\/mosaique-de-diamants\/#breadcrumb\"},\"inLanguage\":\"fr-FR\",\"potentialAction\":[{\"@type\":\"ReadAction\",\"target\":[\"https:\/\/ses-creative.com\/fr\/produit\/mosaique-de-diamants\/\"]}]},{\"@type\":\"ImageObject\",\"inLanguage\":\"fr-FR\",\"@id\":\"https:\/\/ses-creative.com\/fr\/produit\/mosaique-de-diamants\/#primaryimage\",\"url\":\"https:\/\/ses-creative.com\/wp-content\/uploads\/2026\/01\/141191.jpg\",\"contentUrl\":\"https:\/\/ses-creative.com\/wp-content\/uploads\/2026\/01\/141191.jpg\",\"width\":1000,\"height\":1000},{\"@type\":\"BreadcrumbList\",\"@id\":\"https:\/\/ses-creative.com\/fr\/produit\/mosaique-de-diamants\/#breadcrumb\",\"itemListElement\":[{\"@type\":\"ListItem\",\"position\":1,\"name\":\"Boutique\",\"item\":\"https:\/\/ses-creative.com\/fr\/boutique\/\"},{\"@type\":\"ListItem\",\"position\":2,\"name\":\"Loisirs cr\u00e9atifs\",\"item\":\"https:\/\/ses-creative.com\/fr\/product-categorie\/loisirs-creatifs\/\"},{\"@type\":\"ListItem\",\"position\":3,\"name\":\"Mosa\u00efque de Diamants\"}]},{\"@type\":\"WebSite\",\"@id\":\"https:\/\/ses-creative.com\/#website\",\"url\":\"https:\/\/ses-creative.com\/\",\"name\":\"SES Creative\",\"description\":\"\",\"publisher\":{\"@id\":\"https:\/\/ses-creative.com\/#organization\"},\"potentialAction\":[{\"@type\":\"SearchAction\",\"target\":{\"@type\":\"EntryPoint\",\"urlTemplate\":\"https:\/\/ses-creative.com\/?s={search_term_string}\"},\"query-input\":{\"@type\":\"PropertyValueSpecification\",\"valueRequired\":true,\"valueName\":\"search_term_string\"}}],\"inLanguage\":\"fr-FR\"},{\"@type\":\"Organization\",\"@id\":\"https:\/\/ses-creative.com\/#organization\",\"name\":\"SES Creative\",\"url\":\"https:\/\/ses-creative.com\/\",\"logo\":{\"@type\":\"ImageObject\",\"inLanguage\":\"fr-FR\",\"@id\":\"https:\/\/ses-creative.com\/#\/schema\/logo\/image\/\",\"url\":\"https:\/\/ses-creative.com\/wp-content\/uploads\/2025\/10\/ses-creative-logo.jpg\",\"contentUrl\":\"https:\/\/ses-creative.com\/wp-content\/uploads\/2025\/10\/ses-creative-logo.jpg\",\"width\":2037,\"height\":2037,\"caption\":\"SES Creative\"},\"image\":{\"@id\":\"https:\/\/ses-creative.com\/#\/schema\/logo\/image\/\"}}]}<\/script>\n<!-- \/ Yoast SEO plugin. -->","yoast_head_json":{"title":"Mosa\u00efque de Diamants - SES Creative","robots":{"index":"index","follow":"follow","max-snippet":"max-snippet:-1","max-image-preview":"max-image-preview:large","max-video-preview":"max-video-preview:-1"},"canonical":"https:\/\/ses-creative.com\/fr\/produit\/mosaique-de-diamants\/","og_locale":"fr_FR","og_type":"article","og_title":"Mosa\u00efque de Diamants - SES Creative","og_description":"Le kit Mosa\u00efque de Diamants de SES Creative permet aux enfants d\u00e8s 3 ans de r\u00e9aliser des cr\u00e9ations brillantes et color\u00e9es. Avec 1080 strass autocollants r\u00e9partis en 6 couleurs et 8 cartes illustr\u00e9es, les enfants d\u00e9corent facilement chaque carte en suivant des motifs ludiques. Ce loisir cr\u00e9atif d\u00e9veloppe la coordination \u0153il-main, la motricit\u00e9 fine, la [&hellip;]","og_url":"https:\/\/ses-creative.com\/fr\/produit\/mosaique-de-diamants\/","og_site_name":"SES Creative","article_modified_time":"2026-02-12T10:22:52+00:00","twitter_card":"summary_large_image","twitter_misc":{"Dur\u00e9e de lecture estim\u00e9e":"1 minute"},"schema":{"@context":"https:\/\/schema.org","@graph":[{"@type":"WebPage","@id":"https:\/\/ses-creative.com\/fr\/produit\/mosaique-de-diamants\/","url":"https:\/\/ses-creative.com\/fr\/produit\/mosaique-de-diamants\/","name":"Mosa\u00efque de Diamants - SES Creative","isPartOf":{"@id":"https:\/\/ses-creative.com\/#website"},"primaryImageOfPage":{"@id":"https:\/\/ses-creative.com\/fr\/produit\/mosaique-de-diamants\/#primaryimage"},"image":{"@id":"https:\/\/ses-creative.com\/fr\/produit\/mosaique-de-diamants\/#primaryimage"},"thumbnailUrl":"https:\/\/ses-creative.com\/wp-content\/uploads\/2026\/01\/141191.jpg","datePublished":"2026-02-12T10:09:16+00:00","dateModified":"2026-02-12T10:22:52+00:00","breadcrumb":{"@id":"https:\/\/ses-creative.com\/fr\/produit\/mosaique-de-diamants\/#breadcrumb"},"inLanguage":"fr-FR","potentialAction":[{"@type":"ReadAction","target":["https:\/\/ses-creative.com\/fr\/produit\/mosaique-de-diamants\/"]}]},{"@type":"ImageObject","inLanguage":"fr-FR","@id":"https:\/\/ses-creative.com\/fr\/produit\/mosaique-de-diamants\/#primaryimage","url":"https:\/\/ses-creative.com\/wp-content\/uploads\/2026\/01\/141191.jpg","contentUrl":"https:\/\/ses-creative.com\/wp-content\/uploads\/2026\/01\/141191.jpg","width":1000,"height":1000},{"@type":"BreadcrumbList","@id":"https:\/\/ses-creative.com\/fr\/produit\/mosaique-de-diamants\/#breadcrumb","itemListElement":[{"@type":"ListItem","position":1,"name":"Boutique","item":"https:\/\/ses-creative.com\/fr\/boutique\/"},{"@type":"ListItem","position":2,"name":"Loisirs cr\u00e9atifs","item":"https:\/\/ses-creative.com\/fr\/product-categorie\/loisirs-creatifs\/"},{"@type":"ListItem","position":3,"name":"Mosa\u00efque de Diamants"}]},{"@type":"WebSite","@id":"https:\/\/ses-creative.com\/#website","url":"https:\/\/ses-creative.com\/","name":"SES Creative","description":"","publisher":{"@id":"https:\/\/ses-creative.com\/#organization"},"potentialAction":[{"@type":"SearchAction","target":{"@type":"EntryPoint","urlTemplate":"https:\/\/ses-creative.com\/?s={search_term_string}"},"query-input":{"@type":"PropertyValueSpecification","valueRequired":true,"valueName":"search_term_string"}}],"inLanguage":"fr-FR"},{"@type":"Organization","@id":"https:\/\/ses-creative.com\/#organization","name":"SES Creative","url":"https:\/\/ses-creative.com\/","logo":{"@type":"ImageObject","inLanguage":"fr-FR","@id":"https:\/\/ses-creative.com\/#\/schema\/logo\/image\/","url":"https:\/\/ses-creative.com\/wp-content\/uploads\/2025\/10\/ses-creative-logo.jpg","contentUrl":"https:\/\/ses-creative.com\/wp-content\/uploads\/2025\/10\/ses-creative-logo.jpg","width":2037,"height":2037,"caption":"SES Creative"},"image":{"@id":"https:\/\/ses-creative.com\/#\/schema\/logo\/image\/"}}]}},"_links":{"self":[{"href":"https:\/\/ses-creative.com\/fr\/wp-json\/wp\/v2\/product\/118287","targetHints":{"allow":["GET"]}}],"collection":[{"href":"https:\/\/ses-creative.com\/fr\/wp-json\/wp\/v2\/product"}],"about":[{"href":"https:\/\/ses-creative.com\/fr\/wp-json\/wp\/v2\/types\/product"}],"replies":[{"embeddable":true,"href":"https:\/\/ses-creative.com\/fr\/wp-json\/wp\/v2\/comments?post=118287"}],"wp:featuredmedia":[{"embeddable":true,"href":"https:\/\/ses-creative.com\/fr\/wp-json\/wp\/v2\/media\/102096"}],"wp:attachment":[{"href":"https:\/\/ses-creative.com\/fr\/wp-json\/wp\/v2\/media?parent=118287"}],"wp:term":[{"taxonomy":"product_brand","embeddable":true,"href":"https:\/\/ses-creative.com\/fr\/wp-json\/wp\/v2\/product_brand?post=118287"},{"taxonomy":"product_cat","embeddable":true,"href":"https:\/\/ses-creative.com\/fr\/wp-json\/wp\/v2\/product_cat?post=118287"},{"taxonomy":"product_tag","embeddable":true,"href":"https:\/\/ses-creative.com\/fr\/wp-json\/wp\/v2\/product_tag?post=118287"}],"curies":[{"name":"wp","href":"https:\/\/api.w.org\/{rel}","templated":true}]}}