











{"id":118284,"date":"2026-02-12T10:09:16","date_gmt":"2026-02-12T10:09:16","guid":{"rendered":"https:\/\/ses-creative.com\/?post_type=product&#038;p=118284"},"modified":"2026-02-12T10:22:52","modified_gmt":"2026-02-12T10:22:52","slug":"bluey-peinture-pierre","status":"publish","type":"product","link":"https:\/\/ses-creative.com\/fr\/produit\/bluey-peinture-pierre\/","title":{"rendered":"Bluey &#8211; Peinture pierre"},"content":{"rendered":"<p>\u00ab D\u00e9core de magnifiques pierres avec Bluey !<br \/>\nAvec ce set, vous pouvez peindre les pierres blanches dans vos couleurs pr\u00e9f\u00e9r\u00e9es et les d\u00e9corer avec les autocollants Bluey fournis. Les autocollants sont faciles \u00e0 appliquer, parfaits pour les enfants qui aiment le bricolage et Bluey !<br \/>\nCe qui rend ce set g\u00e9nial<br \/>\n&#8211;    Bricoler avec Bluey et ses amis<br \/>\n&#8211;    Un r\u00e9sultat final magnifique et facile \u00e0 r\u00e9aliser gr\u00e2ce aux diff\u00e9rents autocollants Bluey<br \/>\n&#8211;    Des pierres blanches pr\u00eates \u00e0 \u00eatre d\u00e9cor\u00e9es<br \/>\n&#8211;    Stimule le d\u00e9veloppement de la cr\u00e9ativit\u00e9 et de la motricit\u00e9 fine<br \/>\n&#8211;    Parfait pour les enfants \u00e0 partir de 3 ans<br \/>\nR\u00e9alisez des cr\u00e9ations amusantes et cr\u00e9atives<br \/>\nChoisissez une jolie pierre et prenez le pinceau. Vous pouvez maintenant commencer \u00e0 peindre et \u00e0 d\u00e9corer ! Chaque pierre a une forme unique, ce qui vous permet de toujours cr\u00e9er quelque chose d&rsquo;original. Vous avez fini de peindre ? Laissez s\u00e9cher la pierre, puis embellissez-la en la d\u00e9corant avec de joyeux autocollants Bluey.<br \/>\nContenu du set<br \/>\n&#8211;    6 couleurs de peinture<br \/>\n&#8211;    Autocollants Bluey<br \/>\n&#8211;    5 pierres blanches<br \/>\n&#8211;    Pinceau<br \/>\n&#8211;    Instructions<br \/>\nPourquoi choisir SES Creative ?<br \/>\nChez SES Creative, nous accordons une grande importance \u00e0 la s\u00e9curit\u00e9. C&rsquo;est pourquoi nos produits sont fabriqu\u00e9s et test\u00e9s dans notre usine aux Pays-Bas, conform\u00e9ment aux normes de s\u00e9curit\u00e9 europ\u00e9ennes les plus strictes. Les jouets SES Creative sont source de plaisir et permettent aux enfants d&rsquo;\u00eatre fiers de leur travail, ce qui stimule leur cr\u00e9ativit\u00e9 et leur d\u00e9veloppement.<br \/>\nPartez \u00e0 l&rsquo;aventure avec Bluey et d\u00e9corez les plus jolies pierres<br \/>\nQu&rsquo;attendez-vous ? Prenez les pierres et commencez d\u00e8s aujourd&rsquo;hui \u00e0 d\u00e9corer vos aventures Bluey !<\/p>\n","protected":false},"excerpt":{"rendered":"<p>\u00ab D\u00e9core de magnifiques pierres avec Bluey ! Avec ce set, vous pouvez peindre les pierres blanches dans vos couleurs pr\u00e9f\u00e9r\u00e9es et les d\u00e9corer avec les autocollants Bluey fournis. Les autocollants sont faciles \u00e0 appliquer, parfaits pour les enfants qui aiment le bricolage et Bluey ! Ce qui rend ce set g\u00e9nial &#8211; Bricoler avec [&hellip;]<\/p>\n","protected":false},"featured_media":102036,"comment_status":"closed","ping_status":"closed","template":"","meta":{"_acf_changed":false},"product_brand":[],"product_cat":[122],"product_tag":[],"class_list":{"0":"post-118284","1":"product","2":"type-product","3":"status-publish","4":"has-post-thumbnail","6":"product_cat-loisirs-creatifs","7":"pa_leeftijd-filter-3-4-ans","8":"pa_meest-populair-bij-garcons-filles","10":"first","11":"instock","12":"shipping-taxable","13":"product-type-simple"},"acf":[],"yoast_head":"<!-- This site is optimized with the Yoast SEO plugin v27.2 - https:\/\/yoast.com\/product\/yoast-seo-wordpress\/ -->\n<title>Bluey - Peinture pierre - SES Creative<\/title>\n<meta name=\"robots\" content=\"index, follow, max-snippet:-1, max-image-preview:large, max-video-preview:-1\" \/>\n<link rel=\"canonical\" href=\"https:\/\/ses-creative.com\/fr\/produit\/bluey-peinture-pierre\/\" \/>\n<meta property=\"og:locale\" content=\"fr_FR\" \/>\n<meta property=\"og:type\" content=\"article\" \/>\n<meta property=\"og:title\" content=\"Bluey - Peinture pierre - SES Creative\" \/>\n<meta property=\"og:description\" content=\"\u00ab D\u00e9core de magnifiques pierres avec Bluey ! Avec ce set, vous pouvez peindre les pierres blanches dans vos couleurs pr\u00e9f\u00e9r\u00e9es et les d\u00e9corer avec les autocollants Bluey fournis. Les autocollants sont faciles \u00e0 appliquer, parfaits pour les enfants qui aiment le bricolage et Bluey ! Ce qui rend ce set g\u00e9nial &#8211; Bricoler avec [&hellip;]\" \/>\n<meta property=\"og:url\" content=\"https:\/\/ses-creative.com\/fr\/produit\/bluey-peinture-pierre\/\" \/>\n<meta property=\"og:site_name\" content=\"SES Creative\" \/>\n<meta property=\"article:modified_time\" content=\"2026-02-12T10:22:52+00:00\" \/>\n<meta name=\"twitter:card\" content=\"summary_large_image\" \/>\n<meta name=\"twitter:label1\" content=\"Dur\u00e9e de lecture estim\u00e9e\" \/>\n\t<meta name=\"twitter:data1\" content=\"1 minute\" \/>\n<script type=\"application\/ld+json\" class=\"yoast-schema-graph\">{\"@context\":\"https:\/\/schema.org\",\"@graph\":[{\"@type\":\"WebPage\",\"@id\":\"https:\/\/ses-creative.com\/fr\/produit\/bluey-peinture-pierre\/\",\"url\":\"https:\/\/ses-creative.com\/fr\/produit\/bluey-peinture-pierre\/\",\"name\":\"Bluey - Peinture pierre - SES Creative\",\"isPartOf\":{\"@id\":\"https:\/\/ses-creative.com\/#website\"},\"primaryImageOfPage\":{\"@id\":\"https:\/\/ses-creative.com\/fr\/produit\/bluey-peinture-pierre\/#primaryimage\"},\"image\":{\"@id\":\"https:\/\/ses-creative.com\/fr\/produit\/bluey-peinture-pierre\/#primaryimage\"},\"thumbnailUrl\":\"https:\/\/ses-creative.com\/wp-content\/uploads\/2026\/01\/140951.jpg\",\"datePublished\":\"2026-02-12T10:09:16+00:00\",\"dateModified\":\"2026-02-12T10:22:52+00:00\",\"breadcrumb\":{\"@id\":\"https:\/\/ses-creative.com\/fr\/produit\/bluey-peinture-pierre\/#breadcrumb\"},\"inLanguage\":\"fr-FR\",\"potentialAction\":[{\"@type\":\"ReadAction\",\"target\":[\"https:\/\/ses-creative.com\/fr\/produit\/bluey-peinture-pierre\/\"]}]},{\"@type\":\"ImageObject\",\"inLanguage\":\"fr-FR\",\"@id\":\"https:\/\/ses-creative.com\/fr\/produit\/bluey-peinture-pierre\/#primaryimage\",\"url\":\"https:\/\/ses-creative.com\/wp-content\/uploads\/2026\/01\/140951.jpg\",\"contentUrl\":\"https:\/\/ses-creative.com\/wp-content\/uploads\/2026\/01\/140951.jpg\",\"width\":1000,\"height\":1000},{\"@type\":\"BreadcrumbList\",\"@id\":\"https:\/\/ses-creative.com\/fr\/produit\/bluey-peinture-pierre\/#breadcrumb\",\"itemListElement\":[{\"@type\":\"ListItem\",\"position\":1,\"name\":\"Boutique\",\"item\":\"https:\/\/ses-creative.com\/fr\/boutique\/\"},{\"@type\":\"ListItem\",\"position\":2,\"name\":\"Loisirs cr\u00e9atifs\",\"item\":\"https:\/\/ses-creative.com\/fr\/product-categorie\/loisirs-creatifs\/\"},{\"@type\":\"ListItem\",\"position\":3,\"name\":\"Bluey &#8211; Peinture pierre\"}]},{\"@type\":\"WebSite\",\"@id\":\"https:\/\/ses-creative.com\/#website\",\"url\":\"https:\/\/ses-creative.com\/\",\"name\":\"SES Creative\",\"description\":\"\",\"publisher\":{\"@id\":\"https:\/\/ses-creative.com\/#organization\"},\"potentialAction\":[{\"@type\":\"SearchAction\",\"target\":{\"@type\":\"EntryPoint\",\"urlTemplate\":\"https:\/\/ses-creative.com\/?s={search_term_string}\"},\"query-input\":{\"@type\":\"PropertyValueSpecification\",\"valueRequired\":true,\"valueName\":\"search_term_string\"}}],\"inLanguage\":\"fr-FR\"},{\"@type\":\"Organization\",\"@id\":\"https:\/\/ses-creative.com\/#organization\",\"name\":\"SES Creative\",\"url\":\"https:\/\/ses-creative.com\/\",\"logo\":{\"@type\":\"ImageObject\",\"inLanguage\":\"fr-FR\",\"@id\":\"https:\/\/ses-creative.com\/#\/schema\/logo\/image\/\",\"url\":\"https:\/\/ses-creative.com\/wp-content\/uploads\/2025\/10\/ses-creative-logo.jpg\",\"contentUrl\":\"https:\/\/ses-creative.com\/wp-content\/uploads\/2025\/10\/ses-creative-logo.jpg\",\"width\":2037,\"height\":2037,\"caption\":\"SES Creative\"},\"image\":{\"@id\":\"https:\/\/ses-creative.com\/#\/schema\/logo\/image\/\"}}]}<\/script>\n<!-- \/ Yoast SEO plugin. -->","yoast_head_json":{"title":"Bluey - Peinture pierre - SES Creative","robots":{"index":"index","follow":"follow","max-snippet":"max-snippet:-1","max-image-preview":"max-image-preview:large","max-video-preview":"max-video-preview:-1"},"canonical":"https:\/\/ses-creative.com\/fr\/produit\/bluey-peinture-pierre\/","og_locale":"fr_FR","og_type":"article","og_title":"Bluey - Peinture pierre - SES Creative","og_description":"\u00ab D\u00e9core de magnifiques pierres avec Bluey ! Avec ce set, vous pouvez peindre les pierres blanches dans vos couleurs pr\u00e9f\u00e9r\u00e9es et les d\u00e9corer avec les autocollants Bluey fournis. Les autocollants sont faciles \u00e0 appliquer, parfaits pour les enfants qui aiment le bricolage et Bluey ! Ce qui rend ce set g\u00e9nial &#8211; Bricoler avec [&hellip;]","og_url":"https:\/\/ses-creative.com\/fr\/produit\/bluey-peinture-pierre\/","og_site_name":"SES Creative","article_modified_time":"2026-02-12T10:22:52+00:00","twitter_card":"summary_large_image","twitter_misc":{"Dur\u00e9e de lecture estim\u00e9e":"1 minute"},"schema":{"@context":"https:\/\/schema.org","@graph":[{"@type":"WebPage","@id":"https:\/\/ses-creative.com\/fr\/produit\/bluey-peinture-pierre\/","url":"https:\/\/ses-creative.com\/fr\/produit\/bluey-peinture-pierre\/","name":"Bluey - Peinture pierre - SES Creative","isPartOf":{"@id":"https:\/\/ses-creative.com\/#website"},"primaryImageOfPage":{"@id":"https:\/\/ses-creative.com\/fr\/produit\/bluey-peinture-pierre\/#primaryimage"},"image":{"@id":"https:\/\/ses-creative.com\/fr\/produit\/bluey-peinture-pierre\/#primaryimage"},"thumbnailUrl":"https:\/\/ses-creative.com\/wp-content\/uploads\/2026\/01\/140951.jpg","datePublished":"2026-02-12T10:09:16+00:00","dateModified":"2026-02-12T10:22:52+00:00","breadcrumb":{"@id":"https:\/\/ses-creative.com\/fr\/produit\/bluey-peinture-pierre\/#breadcrumb"},"inLanguage":"fr-FR","potentialAction":[{"@type":"ReadAction","target":["https:\/\/ses-creative.com\/fr\/produit\/bluey-peinture-pierre\/"]}]},{"@type":"ImageObject","inLanguage":"fr-FR","@id":"https:\/\/ses-creative.com\/fr\/produit\/bluey-peinture-pierre\/#primaryimage","url":"https:\/\/ses-creative.com\/wp-content\/uploads\/2026\/01\/140951.jpg","contentUrl":"https:\/\/ses-creative.com\/wp-content\/uploads\/2026\/01\/140951.jpg","width":1000,"height":1000},{"@type":"BreadcrumbList","@id":"https:\/\/ses-creative.com\/fr\/produit\/bluey-peinture-pierre\/#breadcrumb","itemListElement":[{"@type":"ListItem","position":1,"name":"Boutique","item":"https:\/\/ses-creative.com\/fr\/boutique\/"},{"@type":"ListItem","position":2,"name":"Loisirs cr\u00e9atifs","item":"https:\/\/ses-creative.com\/fr\/product-categorie\/loisirs-creatifs\/"},{"@type":"ListItem","position":3,"name":"Bluey &#8211; Peinture pierre"}]},{"@type":"WebSite","@id":"https:\/\/ses-creative.com\/#website","url":"https:\/\/ses-creative.com\/","name":"SES Creative","description":"","publisher":{"@id":"https:\/\/ses-creative.com\/#organization"},"potentialAction":[{"@type":"SearchAction","target":{"@type":"EntryPoint","urlTemplate":"https:\/\/ses-creative.com\/?s={search_term_string}"},"query-input":{"@type":"PropertyValueSpecification","valueRequired":true,"valueName":"search_term_string"}}],"inLanguage":"fr-FR"},{"@type":"Organization","@id":"https:\/\/ses-creative.com\/#organization","name":"SES Creative","url":"https:\/\/ses-creative.com\/","logo":{"@type":"ImageObject","inLanguage":"fr-FR","@id":"https:\/\/ses-creative.com\/#\/schema\/logo\/image\/","url":"https:\/\/ses-creative.com\/wp-content\/uploads\/2025\/10\/ses-creative-logo.jpg","contentUrl":"https:\/\/ses-creative.com\/wp-content\/uploads\/2025\/10\/ses-creative-logo.jpg","width":2037,"height":2037,"caption":"SES Creative"},"image":{"@id":"https:\/\/ses-creative.com\/#\/schema\/logo\/image\/"}}]}},"_links":{"self":[{"href":"https:\/\/ses-creative.com\/fr\/wp-json\/wp\/v2\/product\/118284","targetHints":{"allow":["GET"]}}],"collection":[{"href":"https:\/\/ses-creative.com\/fr\/wp-json\/wp\/v2\/product"}],"about":[{"href":"https:\/\/ses-creative.com\/fr\/wp-json\/wp\/v2\/types\/product"}],"replies":[{"embeddable":true,"href":"https:\/\/ses-creative.com\/fr\/wp-json\/wp\/v2\/comments?post=118284"}],"wp:featuredmedia":[{"embeddable":true,"href":"https:\/\/ses-creative.com\/fr\/wp-json\/wp\/v2\/media\/102036"}],"wp:attachment":[{"href":"https:\/\/ses-creative.com\/fr\/wp-json\/wp\/v2\/media?parent=118284"}],"wp:term":[{"taxonomy":"product_brand","embeddable":true,"href":"https:\/\/ses-creative.com\/fr\/wp-json\/wp\/v2\/product_brand?post=118284"},{"taxonomy":"product_cat","embeddable":true,"href":"https:\/\/ses-creative.com\/fr\/wp-json\/wp\/v2\/product_cat?post=118284"},{"taxonomy":"product_tag","embeddable":true,"href":"https:\/\/ses-creative.com\/fr\/wp-json\/wp\/v2\/product_tag?post=118284"}],"curies":[{"name":"wp","href":"https:\/\/api.w.org\/{rel}","templated":true}]}}