











{"id":118283,"date":"2026-02-12T10:09:16","date_gmt":"2026-02-12T10:09:16","guid":{"rendered":"https:\/\/ses-creative.com\/?post_type=product&#038;p=118283"},"modified":"2026-02-12T10:22:52","modified_gmt":"2026-02-12T10:22:52","slug":"bluey-jeu-de-tap-tap","status":"publish","type":"product","link":"https:\/\/ses-creative.com\/fr\/produit\/bluey-jeu-de-tap-tap\/","title":{"rendered":"Bluey &#8211; Jeu de tap tap"},"content":{"rendered":"<p>Jeu de tap tap avec Bluey<br \/>\nPartez \u00e0 l&rsquo;aventure avec Bluey et ses amis avec Marteau Tap. Soyez cr\u00e9atif et apprenez \u00e0 marteler avec le coffret Marteau Tap de SES Creative, inspir\u00e9 de la c\u00e9l\u00e8bre s\u00e9rie pour enfants Bluey. Avec ses formes et couleurs joyeuses et ses figurines sp\u00e9ciales, r\u00e9alisez de superbes cr\u00e9ations.<br \/>\nLes atouts de ce coffret<br \/>\n&#8211; Des formes joliment d\u00e9cor\u00e9es et des exemples amusants \u00e0 reproduire sur le th\u00e8me Bluey. Des heures de jeu<br \/>\n&#8211; Stimule la motricit\u00e9 fine et la coordination \u0153il-main en martelant les formes au bon endroit<br \/>\n&#8211; Stimule la cr\u00e9ativit\u00e9 et les premi\u00e8res comp\u00e9tences de construction<br \/>\n&#8211; Comprend un v\u00e9ritable marteau et des pi\u00e8ces en bois pour une exp\u00e9rience de jeu authentique<br \/>\n&#8211; Convient aux enfants \u00e0 partir de 3 ans<br \/>\nMarteau Tap<br \/>\nAvec ce classique, les enfants d\u00e9veloppent leur motricit\u00e9 fine en disposant les formes et en les tapotant. Avec Marteau Tap, les enfants apprennent \u00e0 tenir un marteau et \u00e0 s&rsquo;en servir. C&rsquo;est non seulement amusant, mais aussi \u00e9ducatif gr\u00e2ce au d\u00e9veloppement de la motricit\u00e9 et \u00e0 la d\u00e9couverte des formes et des couleurs. Contenu du coffret<br \/>\n&#8211; 27 formes en bois + 4 figurines Bluey sp\u00e9ciales<br \/>\n&#8211; Tapis en li\u00e8ge<br \/>\n&#8211; Clous<br \/>\n&#8211; Marteau en bois FSC<br \/>\n&#8211; Instructions<br \/>\nPourquoi choisir SES Creative\u00a0?<br \/>\nChez SES Creative, la s\u00e9curit\u00e9 est primordiale. C&rsquo;est pourquoi les produits sont fabriqu\u00e9s et test\u00e9s dans notre usine aux Pays-Bas, conform\u00e9ment aux normes de s\u00e9curit\u00e9 europ\u00e9ennes les plus strictes. Les jouets SES Creative sont amusants et visent \u00e0 rendre les enfants fiers de leur travail, stimulant ainsi leur cr\u00e9ativit\u00e9 et leur d\u00e9veloppement.<br \/>\nCommencez d\u00e8s aujourd&rsquo;hui avec Bluey Hammer Tap<br \/>\nPartez \u00e0 l&rsquo;aventure avec Bluey, Bingo et leurs amis et tapotez\u00a0! Avec ces formes amusantes, cr\u00e9ez de jolies figurines et d\u00e9veloppez vos comp\u00e9tences manuelles.<\/p>\n","protected":false},"excerpt":{"rendered":"<p>Jeu de tap tap avec Bluey Partez \u00e0 l&rsquo;aventure avec Bluey et ses amis avec Marteau Tap. Soyez cr\u00e9atif et apprenez \u00e0 marteler avec le coffret Marteau Tap de SES Creative, inspir\u00e9 de la c\u00e9l\u00e8bre s\u00e9rie pour enfants Bluey. Avec ses formes et couleurs joyeuses et ses figurines sp\u00e9ciales, r\u00e9alisez de superbes cr\u00e9ations. Les atouts [&hellip;]<\/p>\n","protected":false},"featured_media":102016,"comment_status":"closed","ping_status":"closed","template":"","meta":{"_acf_changed":false},"product_brand":[],"product_cat":[122],"product_tag":[],"class_list":{"0":"post-118283","1":"product","2":"type-product","3":"status-publish","4":"has-post-thumbnail","6":"product_cat-loisirs-creatifs","7":"pa_collecties-bluey","8":"pa_leeftijd-filter-3-4-ans","9":"pa_meest-populair-bij-garcons-filles","11":"first","12":"instock","13":"shipping-taxable","14":"product-type-simple"},"acf":[],"yoast_head":"<!-- This site is optimized with the Yoast SEO plugin v27.2 - https:\/\/yoast.com\/product\/yoast-seo-wordpress\/ -->\n<title>Bluey - Jeu de tap tap - SES Creative<\/title>\n<meta name=\"robots\" content=\"index, follow, max-snippet:-1, max-image-preview:large, max-video-preview:-1\" \/>\n<link rel=\"canonical\" href=\"https:\/\/ses-creative.com\/fr\/produit\/bluey-jeu-de-tap-tap\/\" \/>\n<meta property=\"og:locale\" content=\"fr_FR\" \/>\n<meta property=\"og:type\" content=\"article\" \/>\n<meta property=\"og:title\" content=\"Bluey - Jeu de tap tap - SES Creative\" \/>\n<meta property=\"og:description\" content=\"Jeu de tap tap avec Bluey Partez \u00e0 l&rsquo;aventure avec Bluey et ses amis avec Marteau Tap. Soyez cr\u00e9atif et apprenez \u00e0 marteler avec le coffret Marteau Tap de SES Creative, inspir\u00e9 de la c\u00e9l\u00e8bre s\u00e9rie pour enfants Bluey. Avec ses formes et couleurs joyeuses et ses figurines sp\u00e9ciales, r\u00e9alisez de superbes cr\u00e9ations. Les atouts [&hellip;]\" \/>\n<meta property=\"og:url\" content=\"https:\/\/ses-creative.com\/fr\/produit\/bluey-jeu-de-tap-tap\/\" \/>\n<meta property=\"og:site_name\" content=\"SES Creative\" \/>\n<meta property=\"article:modified_time\" content=\"2026-02-12T10:22:52+00:00\" \/>\n<meta name=\"twitter:card\" content=\"summary_large_image\" \/>\n<meta name=\"twitter:label1\" content=\"Dur\u00e9e de lecture estim\u00e9e\" \/>\n\t<meta name=\"twitter:data1\" content=\"2 minutes\" \/>\n<script type=\"application\/ld+json\" class=\"yoast-schema-graph\">{\"@context\":\"https:\/\/schema.org\",\"@graph\":[{\"@type\":\"WebPage\",\"@id\":\"https:\/\/ses-creative.com\/fr\/produit\/bluey-jeu-de-tap-tap\/\",\"url\":\"https:\/\/ses-creative.com\/fr\/produit\/bluey-jeu-de-tap-tap\/\",\"name\":\"Bluey - Jeu de tap tap - SES Creative\",\"isPartOf\":{\"@id\":\"https:\/\/ses-creative.com\/#website\"},\"primaryImageOfPage\":{\"@id\":\"https:\/\/ses-creative.com\/fr\/produit\/bluey-jeu-de-tap-tap\/#primaryimage\"},\"image\":{\"@id\":\"https:\/\/ses-creative.com\/fr\/produit\/bluey-jeu-de-tap-tap\/#primaryimage\"},\"thumbnailUrl\":\"https:\/\/ses-creative.com\/wp-content\/uploads\/2026\/01\/140941.jpg\",\"datePublished\":\"2026-02-12T10:09:16+00:00\",\"dateModified\":\"2026-02-12T10:22:52+00:00\",\"breadcrumb\":{\"@id\":\"https:\/\/ses-creative.com\/fr\/produit\/bluey-jeu-de-tap-tap\/#breadcrumb\"},\"inLanguage\":\"fr-FR\",\"potentialAction\":[{\"@type\":\"ReadAction\",\"target\":[\"https:\/\/ses-creative.com\/fr\/produit\/bluey-jeu-de-tap-tap\/\"]}]},{\"@type\":\"ImageObject\",\"inLanguage\":\"fr-FR\",\"@id\":\"https:\/\/ses-creative.com\/fr\/produit\/bluey-jeu-de-tap-tap\/#primaryimage\",\"url\":\"https:\/\/ses-creative.com\/wp-content\/uploads\/2026\/01\/140941.jpg\",\"contentUrl\":\"https:\/\/ses-creative.com\/wp-content\/uploads\/2026\/01\/140941.jpg\",\"width\":1000,\"height\":1000},{\"@type\":\"BreadcrumbList\",\"@id\":\"https:\/\/ses-creative.com\/fr\/produit\/bluey-jeu-de-tap-tap\/#breadcrumb\",\"itemListElement\":[{\"@type\":\"ListItem\",\"position\":1,\"name\":\"Boutique\",\"item\":\"https:\/\/ses-creative.com\/fr\/boutique\/\"},{\"@type\":\"ListItem\",\"position\":2,\"name\":\"Loisirs cr\u00e9atifs\",\"item\":\"https:\/\/ses-creative.com\/fr\/product-categorie\/loisirs-creatifs\/\"},{\"@type\":\"ListItem\",\"position\":3,\"name\":\"Bluey &#8211; Jeu de tap tap\"}]},{\"@type\":\"WebSite\",\"@id\":\"https:\/\/ses-creative.com\/#website\",\"url\":\"https:\/\/ses-creative.com\/\",\"name\":\"SES Creative\",\"description\":\"\",\"publisher\":{\"@id\":\"https:\/\/ses-creative.com\/#organization\"},\"potentialAction\":[{\"@type\":\"SearchAction\",\"target\":{\"@type\":\"EntryPoint\",\"urlTemplate\":\"https:\/\/ses-creative.com\/?s={search_term_string}\"},\"query-input\":{\"@type\":\"PropertyValueSpecification\",\"valueRequired\":true,\"valueName\":\"search_term_string\"}}],\"inLanguage\":\"fr-FR\"},{\"@type\":\"Organization\",\"@id\":\"https:\/\/ses-creative.com\/#organization\",\"name\":\"SES Creative\",\"url\":\"https:\/\/ses-creative.com\/\",\"logo\":{\"@type\":\"ImageObject\",\"inLanguage\":\"fr-FR\",\"@id\":\"https:\/\/ses-creative.com\/#\/schema\/logo\/image\/\",\"url\":\"https:\/\/ses-creative.com\/wp-content\/uploads\/2025\/10\/ses-creative-logo.jpg\",\"contentUrl\":\"https:\/\/ses-creative.com\/wp-content\/uploads\/2025\/10\/ses-creative-logo.jpg\",\"width\":2037,\"height\":2037,\"caption\":\"SES Creative\"},\"image\":{\"@id\":\"https:\/\/ses-creative.com\/#\/schema\/logo\/image\/\"}}]}<\/script>\n<!-- \/ Yoast SEO plugin. -->","yoast_head_json":{"title":"Bluey - Jeu de tap tap - SES Creative","robots":{"index":"index","follow":"follow","max-snippet":"max-snippet:-1","max-image-preview":"max-image-preview:large","max-video-preview":"max-video-preview:-1"},"canonical":"https:\/\/ses-creative.com\/fr\/produit\/bluey-jeu-de-tap-tap\/","og_locale":"fr_FR","og_type":"article","og_title":"Bluey - Jeu de tap tap - SES Creative","og_description":"Jeu de tap tap avec Bluey Partez \u00e0 l&rsquo;aventure avec Bluey et ses amis avec Marteau Tap. Soyez cr\u00e9atif et apprenez \u00e0 marteler avec le coffret Marteau Tap de SES Creative, inspir\u00e9 de la c\u00e9l\u00e8bre s\u00e9rie pour enfants Bluey. Avec ses formes et couleurs joyeuses et ses figurines sp\u00e9ciales, r\u00e9alisez de superbes cr\u00e9ations. Les atouts [&hellip;]","og_url":"https:\/\/ses-creative.com\/fr\/produit\/bluey-jeu-de-tap-tap\/","og_site_name":"SES Creative","article_modified_time":"2026-02-12T10:22:52+00:00","twitter_card":"summary_large_image","twitter_misc":{"Dur\u00e9e de lecture estim\u00e9e":"2 minutes"},"schema":{"@context":"https:\/\/schema.org","@graph":[{"@type":"WebPage","@id":"https:\/\/ses-creative.com\/fr\/produit\/bluey-jeu-de-tap-tap\/","url":"https:\/\/ses-creative.com\/fr\/produit\/bluey-jeu-de-tap-tap\/","name":"Bluey - Jeu de tap tap - SES Creative","isPartOf":{"@id":"https:\/\/ses-creative.com\/#website"},"primaryImageOfPage":{"@id":"https:\/\/ses-creative.com\/fr\/produit\/bluey-jeu-de-tap-tap\/#primaryimage"},"image":{"@id":"https:\/\/ses-creative.com\/fr\/produit\/bluey-jeu-de-tap-tap\/#primaryimage"},"thumbnailUrl":"https:\/\/ses-creative.com\/wp-content\/uploads\/2026\/01\/140941.jpg","datePublished":"2026-02-12T10:09:16+00:00","dateModified":"2026-02-12T10:22:52+00:00","breadcrumb":{"@id":"https:\/\/ses-creative.com\/fr\/produit\/bluey-jeu-de-tap-tap\/#breadcrumb"},"inLanguage":"fr-FR","potentialAction":[{"@type":"ReadAction","target":["https:\/\/ses-creative.com\/fr\/produit\/bluey-jeu-de-tap-tap\/"]}]},{"@type":"ImageObject","inLanguage":"fr-FR","@id":"https:\/\/ses-creative.com\/fr\/produit\/bluey-jeu-de-tap-tap\/#primaryimage","url":"https:\/\/ses-creative.com\/wp-content\/uploads\/2026\/01\/140941.jpg","contentUrl":"https:\/\/ses-creative.com\/wp-content\/uploads\/2026\/01\/140941.jpg","width":1000,"height":1000},{"@type":"BreadcrumbList","@id":"https:\/\/ses-creative.com\/fr\/produit\/bluey-jeu-de-tap-tap\/#breadcrumb","itemListElement":[{"@type":"ListItem","position":1,"name":"Boutique","item":"https:\/\/ses-creative.com\/fr\/boutique\/"},{"@type":"ListItem","position":2,"name":"Loisirs cr\u00e9atifs","item":"https:\/\/ses-creative.com\/fr\/product-categorie\/loisirs-creatifs\/"},{"@type":"ListItem","position":3,"name":"Bluey &#8211; Jeu de tap tap"}]},{"@type":"WebSite","@id":"https:\/\/ses-creative.com\/#website","url":"https:\/\/ses-creative.com\/","name":"SES Creative","description":"","publisher":{"@id":"https:\/\/ses-creative.com\/#organization"},"potentialAction":[{"@type":"SearchAction","target":{"@type":"EntryPoint","urlTemplate":"https:\/\/ses-creative.com\/?s={search_term_string}"},"query-input":{"@type":"PropertyValueSpecification","valueRequired":true,"valueName":"search_term_string"}}],"inLanguage":"fr-FR"},{"@type":"Organization","@id":"https:\/\/ses-creative.com\/#organization","name":"SES Creative","url":"https:\/\/ses-creative.com\/","logo":{"@type":"ImageObject","inLanguage":"fr-FR","@id":"https:\/\/ses-creative.com\/#\/schema\/logo\/image\/","url":"https:\/\/ses-creative.com\/wp-content\/uploads\/2025\/10\/ses-creative-logo.jpg","contentUrl":"https:\/\/ses-creative.com\/wp-content\/uploads\/2025\/10\/ses-creative-logo.jpg","width":2037,"height":2037,"caption":"SES Creative"},"image":{"@id":"https:\/\/ses-creative.com\/#\/schema\/logo\/image\/"}}]}},"_links":{"self":[{"href":"https:\/\/ses-creative.com\/fr\/wp-json\/wp\/v2\/product\/118283","targetHints":{"allow":["GET"]}}],"collection":[{"href":"https:\/\/ses-creative.com\/fr\/wp-json\/wp\/v2\/product"}],"about":[{"href":"https:\/\/ses-creative.com\/fr\/wp-json\/wp\/v2\/types\/product"}],"replies":[{"embeddable":true,"href":"https:\/\/ses-creative.com\/fr\/wp-json\/wp\/v2\/comments?post=118283"}],"wp:featuredmedia":[{"embeddable":true,"href":"https:\/\/ses-creative.com\/fr\/wp-json\/wp\/v2\/media\/102016"}],"wp:attachment":[{"href":"https:\/\/ses-creative.com\/fr\/wp-json\/wp\/v2\/media?parent=118283"}],"wp:term":[{"taxonomy":"product_brand","embeddable":true,"href":"https:\/\/ses-creative.com\/fr\/wp-json\/wp\/v2\/product_brand?post=118283"},{"taxonomy":"product_cat","embeddable":true,"href":"https:\/\/ses-creative.com\/fr\/wp-json\/wp\/v2\/product_cat?post=118283"},{"taxonomy":"product_tag","embeddable":true,"href":"https:\/\/ses-creative.com\/fr\/wp-json\/wp\/v2\/product_tag?post=118283"}],"curies":[{"name":"wp","href":"https:\/\/api.w.org\/{rel}","templated":true}]}}