











{"id":118282,"date":"2026-02-12T10:09:16","date_gmt":"2026-02-12T10:09:16","guid":{"rendered":"https:\/\/ses-creative.com\/?post_type=product&#038;p=118282"},"modified":"2026-02-12T10:22:52","modified_gmt":"2026-02-12T10:22:52","slug":"bluey-coller-des-formes","status":"publish","type":"product","link":"https:\/\/ses-creative.com\/fr\/produit\/bluey-coller-des-formes\/","title":{"rendered":"Bluey &#8211; Coller des formes"},"content":{"rendered":"<p>D\u00e9couvrez le monde des formes en collant avec Bluey\u00a0!<br \/>\nAvec ce coffret ludique et \u00e9ducatif, les plus petits apprendront \u00e0 reconna\u00eetre et \u00e0 coller des formes de mani\u00e8re ludique, \u00e0 la mani\u00e8re de Bluey. Collez les figurines autocollantes sur les cartes Bluey avec de la colle \u00e0 doigts sans danger. Id\u00e9al pour les enfants qui d\u00e9butent leurs activit\u00e9s manuelles.<br \/>\nLes atouts de ce coffret\u00a0:<br \/>\n&#8211; Jouet \u00e9ducatif. Stimule la reconnaissance des formes et des couleurs.<br \/>\n&#8211; Convient aux enfants \u00e0 partir de 2\u00a0ans.<br \/>\n&#8211; Activit\u00e9 ludique pour d\u00e9velopper la motricit\u00e9 fine en collant les formes aux bons endroits.<br \/>\n&#8211; Mat\u00e9riaux s\u00fbrs et adapt\u00e9s aux enfants.<br \/>\n&#8211; Loisirs cr\u00e9atifs faciles et amusants avec Bluey.<\/p>\n<p>Coller et apprendre avec les formes.<br \/>\nCe coffret est id\u00e9al pour les parents qui souhaitent initier leurs enfants au monde des formes et des couleurs. Il offre une fa\u00e7on s\u00fbre et ludique d&rsquo;apprendre et de jouer, permettant aux enfants de se d\u00e9velopper par le jeu. Les cartes Bluey et les figurines autocollantes permettent de s&rsquo;entra\u00eener de mani\u00e8re ludique avec des formes et des couleurs reconnaissables. La colle \u00e0 doigts facilite le collage des figurines. Une excellente fa\u00e7on de d\u00e9velopper la motricit\u00e9 fine et les comp\u00e9tences cognitives des jeunes enfants.<\/p>\n<p>Contenu du coffret<br \/>\n&#8211; 6 cartes Bluey ludiques<br \/>\n&#8211; Formes adh\u00e9sives<br \/>\n&#8211; Colle \u00e0 doigts sans danger<br \/>\nPourquoi choisir SES Creative\u00a0?<br \/>\nChez SES Creative, la s\u00e9curit\u00e9 est primordiale. C&rsquo;est pourquoi les produits sont fabriqu\u00e9s et test\u00e9s dans notre usine aux Pays-Bas, conform\u00e9ment aux normes de s\u00e9curit\u00e9 europ\u00e9ennes les plus strictes. Les jouets SES Creative sont amusants et con\u00e7us pour rendre les enfants fiers de leur travail, stimulant ainsi leur cr\u00e9ativit\u00e9 et leur d\u00e9veloppement.<br \/>\nCommencez \u00e0 coller des formes d\u00e8s aujourd&rsquo;hui<br \/>\nD\u00e9couvrez \u00e0 quel point il peut \u00eatre amusant et \u00e9ducatif de coller des formes et de cr\u00e9er de magnifiques \u0153uvres d&rsquo;art avec votre enfant. Id\u00e9al pour des heures de plaisir et d&rsquo;apprentissage\u00a0!<\/p>\n","protected":false},"excerpt":{"rendered":"<p>D\u00e9couvrez le monde des formes en collant avec Bluey\u00a0! Avec ce coffret ludique et \u00e9ducatif, les plus petits apprendront \u00e0 reconna\u00eetre et \u00e0 coller des formes de mani\u00e8re ludique, \u00e0 la mani\u00e8re de Bluey. Collez les figurines autocollantes sur les cartes Bluey avec de la colle \u00e0 doigts sans danger. Id\u00e9al pour les enfants qui [&hellip;]<\/p>\n","protected":false},"featured_media":101976,"comment_status":"closed","ping_status":"closed","template":"","meta":{"_acf_changed":false},"product_brand":[],"product_cat":[123],"product_tag":[],"class_list":{"0":"post-118282","1":"product","2":"type-product","3":"status-publish","4":"has-post-thumbnail","6":"product_cat-bebe-tout-petit","7":"pa_collecties-bluey","8":"pa_leeftijd-filter-0-2-ans","9":"pa_meest-populair-bij-garcons-filles","11":"first","12":"instock","13":"shipping-taxable","14":"product-type-simple"},"acf":[],"yoast_head":"<!-- This site is optimized with the Yoast SEO plugin v27.2 - https:\/\/yoast.com\/product\/yoast-seo-wordpress\/ -->\n<title>Bluey - Coller des formes - SES Creative<\/title>\n<meta name=\"robots\" content=\"index, follow, max-snippet:-1, max-image-preview:large, max-video-preview:-1\" \/>\n<link rel=\"canonical\" href=\"https:\/\/ses-creative.com\/fr\/produit\/bluey-coller-des-formes\/\" \/>\n<meta property=\"og:locale\" content=\"fr_FR\" \/>\n<meta property=\"og:type\" content=\"article\" \/>\n<meta property=\"og:title\" content=\"Bluey - Coller des formes - SES Creative\" \/>\n<meta property=\"og:description\" content=\"D\u00e9couvrez le monde des formes en collant avec Bluey\u00a0! Avec ce coffret ludique et \u00e9ducatif, les plus petits apprendront \u00e0 reconna\u00eetre et \u00e0 coller des formes de mani\u00e8re ludique, \u00e0 la mani\u00e8re de Bluey. Collez les figurines autocollantes sur les cartes Bluey avec de la colle \u00e0 doigts sans danger. Id\u00e9al pour les enfants qui [&hellip;]\" \/>\n<meta property=\"og:url\" content=\"https:\/\/ses-creative.com\/fr\/produit\/bluey-coller-des-formes\/\" \/>\n<meta property=\"og:site_name\" content=\"SES Creative\" \/>\n<meta property=\"article:modified_time\" content=\"2026-02-12T10:22:52+00:00\" \/>\n<meta name=\"twitter:card\" content=\"summary_large_image\" \/>\n<meta name=\"twitter:label1\" content=\"Dur\u00e9e de lecture estim\u00e9e\" \/>\n\t<meta name=\"twitter:data1\" content=\"2 minutes\" \/>\n<script type=\"application\/ld+json\" class=\"yoast-schema-graph\">{\"@context\":\"https:\/\/schema.org\",\"@graph\":[{\"@type\":\"WebPage\",\"@id\":\"https:\/\/ses-creative.com\/fr\/produit\/bluey-coller-des-formes\/\",\"url\":\"https:\/\/ses-creative.com\/fr\/produit\/bluey-coller-des-formes\/\",\"name\":\"Bluey - Coller des formes - SES Creative\",\"isPartOf\":{\"@id\":\"https:\/\/ses-creative.com\/#website\"},\"primaryImageOfPage\":{\"@id\":\"https:\/\/ses-creative.com\/fr\/produit\/bluey-coller-des-formes\/#primaryimage\"},\"image\":{\"@id\":\"https:\/\/ses-creative.com\/fr\/produit\/bluey-coller-des-formes\/#primaryimage\"},\"thumbnailUrl\":\"https:\/\/ses-creative.com\/wp-content\/uploads\/2026\/01\/140931.jpg\",\"datePublished\":\"2026-02-12T10:09:16+00:00\",\"dateModified\":\"2026-02-12T10:22:52+00:00\",\"breadcrumb\":{\"@id\":\"https:\/\/ses-creative.com\/fr\/produit\/bluey-coller-des-formes\/#breadcrumb\"},\"inLanguage\":\"fr-FR\",\"potentialAction\":[{\"@type\":\"ReadAction\",\"target\":[\"https:\/\/ses-creative.com\/fr\/produit\/bluey-coller-des-formes\/\"]}]},{\"@type\":\"ImageObject\",\"inLanguage\":\"fr-FR\",\"@id\":\"https:\/\/ses-creative.com\/fr\/produit\/bluey-coller-des-formes\/#primaryimage\",\"url\":\"https:\/\/ses-creative.com\/wp-content\/uploads\/2026\/01\/140931.jpg\",\"contentUrl\":\"https:\/\/ses-creative.com\/wp-content\/uploads\/2026\/01\/140931.jpg\",\"width\":1000,\"height\":1000},{\"@type\":\"BreadcrumbList\",\"@id\":\"https:\/\/ses-creative.com\/fr\/produit\/bluey-coller-des-formes\/#breadcrumb\",\"itemListElement\":[{\"@type\":\"ListItem\",\"position\":1,\"name\":\"Boutique\",\"item\":\"https:\/\/ses-creative.com\/fr\/boutique\/\"},{\"@type\":\"ListItem\",\"position\":2,\"name\":\"B\u00e9b\u00e9 &amp; Tout-petit\",\"item\":\"https:\/\/ses-creative.com\/fr\/product-categorie\/bebe-tout-petit\/\"},{\"@type\":\"ListItem\",\"position\":3,\"name\":\"Bluey &#8211; Coller des formes\"}]},{\"@type\":\"WebSite\",\"@id\":\"https:\/\/ses-creative.com\/#website\",\"url\":\"https:\/\/ses-creative.com\/\",\"name\":\"SES Creative\",\"description\":\"\",\"publisher\":{\"@id\":\"https:\/\/ses-creative.com\/#organization\"},\"potentialAction\":[{\"@type\":\"SearchAction\",\"target\":{\"@type\":\"EntryPoint\",\"urlTemplate\":\"https:\/\/ses-creative.com\/?s={search_term_string}\"},\"query-input\":{\"@type\":\"PropertyValueSpecification\",\"valueRequired\":true,\"valueName\":\"search_term_string\"}}],\"inLanguage\":\"fr-FR\"},{\"@type\":\"Organization\",\"@id\":\"https:\/\/ses-creative.com\/#organization\",\"name\":\"SES Creative\",\"url\":\"https:\/\/ses-creative.com\/\",\"logo\":{\"@type\":\"ImageObject\",\"inLanguage\":\"fr-FR\",\"@id\":\"https:\/\/ses-creative.com\/#\/schema\/logo\/image\/\",\"url\":\"https:\/\/ses-creative.com\/wp-content\/uploads\/2025\/10\/ses-creative-logo.jpg\",\"contentUrl\":\"https:\/\/ses-creative.com\/wp-content\/uploads\/2025\/10\/ses-creative-logo.jpg\",\"width\":2037,\"height\":2037,\"caption\":\"SES Creative\"},\"image\":{\"@id\":\"https:\/\/ses-creative.com\/#\/schema\/logo\/image\/\"}}]}<\/script>\n<!-- \/ Yoast SEO plugin. -->","yoast_head_json":{"title":"Bluey - Coller des formes - SES Creative","robots":{"index":"index","follow":"follow","max-snippet":"max-snippet:-1","max-image-preview":"max-image-preview:large","max-video-preview":"max-video-preview:-1"},"canonical":"https:\/\/ses-creative.com\/fr\/produit\/bluey-coller-des-formes\/","og_locale":"fr_FR","og_type":"article","og_title":"Bluey - Coller des formes - SES Creative","og_description":"D\u00e9couvrez le monde des formes en collant avec Bluey\u00a0! Avec ce coffret ludique et \u00e9ducatif, les plus petits apprendront \u00e0 reconna\u00eetre et \u00e0 coller des formes de mani\u00e8re ludique, \u00e0 la mani\u00e8re de Bluey. Collez les figurines autocollantes sur les cartes Bluey avec de la colle \u00e0 doigts sans danger. Id\u00e9al pour les enfants qui [&hellip;]","og_url":"https:\/\/ses-creative.com\/fr\/produit\/bluey-coller-des-formes\/","og_site_name":"SES Creative","article_modified_time":"2026-02-12T10:22:52+00:00","twitter_card":"summary_large_image","twitter_misc":{"Dur\u00e9e de lecture estim\u00e9e":"2 minutes"},"schema":{"@context":"https:\/\/schema.org","@graph":[{"@type":"WebPage","@id":"https:\/\/ses-creative.com\/fr\/produit\/bluey-coller-des-formes\/","url":"https:\/\/ses-creative.com\/fr\/produit\/bluey-coller-des-formes\/","name":"Bluey - Coller des formes - SES Creative","isPartOf":{"@id":"https:\/\/ses-creative.com\/#website"},"primaryImageOfPage":{"@id":"https:\/\/ses-creative.com\/fr\/produit\/bluey-coller-des-formes\/#primaryimage"},"image":{"@id":"https:\/\/ses-creative.com\/fr\/produit\/bluey-coller-des-formes\/#primaryimage"},"thumbnailUrl":"https:\/\/ses-creative.com\/wp-content\/uploads\/2026\/01\/140931.jpg","datePublished":"2026-02-12T10:09:16+00:00","dateModified":"2026-02-12T10:22:52+00:00","breadcrumb":{"@id":"https:\/\/ses-creative.com\/fr\/produit\/bluey-coller-des-formes\/#breadcrumb"},"inLanguage":"fr-FR","potentialAction":[{"@type":"ReadAction","target":["https:\/\/ses-creative.com\/fr\/produit\/bluey-coller-des-formes\/"]}]},{"@type":"ImageObject","inLanguage":"fr-FR","@id":"https:\/\/ses-creative.com\/fr\/produit\/bluey-coller-des-formes\/#primaryimage","url":"https:\/\/ses-creative.com\/wp-content\/uploads\/2026\/01\/140931.jpg","contentUrl":"https:\/\/ses-creative.com\/wp-content\/uploads\/2026\/01\/140931.jpg","width":1000,"height":1000},{"@type":"BreadcrumbList","@id":"https:\/\/ses-creative.com\/fr\/produit\/bluey-coller-des-formes\/#breadcrumb","itemListElement":[{"@type":"ListItem","position":1,"name":"Boutique","item":"https:\/\/ses-creative.com\/fr\/boutique\/"},{"@type":"ListItem","position":2,"name":"B\u00e9b\u00e9 &amp; Tout-petit","item":"https:\/\/ses-creative.com\/fr\/product-categorie\/bebe-tout-petit\/"},{"@type":"ListItem","position":3,"name":"Bluey &#8211; Coller des formes"}]},{"@type":"WebSite","@id":"https:\/\/ses-creative.com\/#website","url":"https:\/\/ses-creative.com\/","name":"SES Creative","description":"","publisher":{"@id":"https:\/\/ses-creative.com\/#organization"},"potentialAction":[{"@type":"SearchAction","target":{"@type":"EntryPoint","urlTemplate":"https:\/\/ses-creative.com\/?s={search_term_string}"},"query-input":{"@type":"PropertyValueSpecification","valueRequired":true,"valueName":"search_term_string"}}],"inLanguage":"fr-FR"},{"@type":"Organization","@id":"https:\/\/ses-creative.com\/#organization","name":"SES Creative","url":"https:\/\/ses-creative.com\/","logo":{"@type":"ImageObject","inLanguage":"fr-FR","@id":"https:\/\/ses-creative.com\/#\/schema\/logo\/image\/","url":"https:\/\/ses-creative.com\/wp-content\/uploads\/2025\/10\/ses-creative-logo.jpg","contentUrl":"https:\/\/ses-creative.com\/wp-content\/uploads\/2025\/10\/ses-creative-logo.jpg","width":2037,"height":2037,"caption":"SES Creative"},"image":{"@id":"https:\/\/ses-creative.com\/#\/schema\/logo\/image\/"}}]}},"_links":{"self":[{"href":"https:\/\/ses-creative.com\/fr\/wp-json\/wp\/v2\/product\/118282","targetHints":{"allow":["GET"]}}],"collection":[{"href":"https:\/\/ses-creative.com\/fr\/wp-json\/wp\/v2\/product"}],"about":[{"href":"https:\/\/ses-creative.com\/fr\/wp-json\/wp\/v2\/types\/product"}],"replies":[{"embeddable":true,"href":"https:\/\/ses-creative.com\/fr\/wp-json\/wp\/v2\/comments?post=118282"}],"wp:featuredmedia":[{"embeddable":true,"href":"https:\/\/ses-creative.com\/fr\/wp-json\/wp\/v2\/media\/101976"}],"wp:attachment":[{"href":"https:\/\/ses-creative.com\/fr\/wp-json\/wp\/v2\/media?parent=118282"}],"wp:term":[{"taxonomy":"product_brand","embeddable":true,"href":"https:\/\/ses-creative.com\/fr\/wp-json\/wp\/v2\/product_brand?post=118282"},{"taxonomy":"product_cat","embeddable":true,"href":"https:\/\/ses-creative.com\/fr\/wp-json\/wp\/v2\/product_cat?post=118282"},{"taxonomy":"product_tag","embeddable":true,"href":"https:\/\/ses-creative.com\/fr\/wp-json\/wp\/v2\/product_tag?post=118282"}],"curies":[{"name":"wp","href":"https:\/\/api.w.org\/{rel}","templated":true}]}}