











{"id":118281,"date":"2026-02-12T10:09:15","date_gmt":"2026-02-12T10:09:15","guid":{"rendered":"https:\/\/ses-creative.com\/?post_type=product&#038;p=118281"},"modified":"2026-02-12T10:22:51","modified_gmt":"2026-02-12T10:22:51","slug":"bluey-mega-set-de-creations-de-peinture-au-doigt","status":"publish","type":"product","link":"https:\/\/ses-creative.com\/fr\/produit\/bluey-mega-set-de-creations-de-peinture-au-doigt\/","title":{"rendered":"Bluey &#8211; M\u00e9ga set de cr\u00e9ations de peinture au doigt"},"content":{"rendered":"<p>Peignez avec vos doigts avec vos personnages Bluey pr\u00e9f\u00e9r\u00e9s\u00a0!<br \/>\nOffrez \u00e0 votre enfant une premi\u00e8re exp\u00e9rience magique \u00e0 l&rsquo;art et \u00e0 la cr\u00e9ativit\u00e9 avec les personnages Bluey\u00a0! Avec le Mega Set Bluey Fingerpaint Creations, votre enfant peut exp\u00e9rimenter en toute s\u00e9curit\u00e9 avec les couleurs, les formes et les textures \u00e0 la mani\u00e8re de Bluey. Peignez avec les doigts avec les cartes de peinture \u00e0 l&rsquo;effigie des personnages Bluey, seul ou avec les pinceaux\u00a0! Tout est possible\u00a0!<br \/>\nLes atouts de ce set<br \/>\n&#8211; Laissez libre cours \u00e0 votre cr\u00e9ativit\u00e9 avec Bluey gr\u00e2ce \u00e0 ce m\u00e9ga set de peinture \u00e0 l&rsquo;effigie de Bluey.<br \/>\n&#8211; Stimule l&rsquo;imagination et l&rsquo;expression personnelle.<br \/>\n&#8211; Set complet comprenant peinture \u00e0 l&rsquo;effigie de Bluey, papier, cartes Bluey, pinceaux et tablier de peinture.<br \/>\n&#8211; D\u00e9veloppez la motricit\u00e9 fine et la coordination \u0153il-main par le jeu.<br \/>\n&#8211; La peinture \u00e0 l&rsquo;effigie de Bluey est s\u00fbre, sans gluten et lavable, aussi bien sur les v\u00eatements que sur la peau.<br \/>\nUn set complet pour des heures de plaisir.<br \/>\nCe set contient tout le n\u00e9cessaire pour des heures de plaisir artistique. Votre enfant peut se plonger dans les six couleurs vibrantes de peinture \u00e0 l&rsquo;effigie des personnages Bluey, exp\u00e9rimenter avec les taches, les rayures et les points pour cr\u00e9er des chefs-d&rsquo;\u0153uvre joyeux et uniques. Pour un r\u00e9sultat impeccable, le coffret comprend \u00e9galement un tablier de peinture confortable, permettant \u00e0 votre enfant de se concentrer sur sa cr\u00e9ation tout en restant propre et heureux. Ce coffret d\u00e9veloppe la motricit\u00e9 fine et offre une initiation \u00e0 la peinture amusante et en toute s\u00e9curit\u00e9.<br \/>\nContenu du coffret<br \/>\n&#8211; 15 cartes \u00e0 colorier Bluey (dont Bluey et Bingo)<br \/>\n&#8211; Peinture au doigt\u00a0: violet, rose, rouge, jaune, orange et bleu clair<br \/>\n&#8211; 3 pinceaux \u00e9pais et s\u00fbrs<br \/>\n&#8211; Tablier de peinture<br \/>\n&#8211; Rouleau de papier de 2\u00a0m\u00e8tres<br \/>\nPourquoi choisir SES Creative\u00a0?<br \/>\nChez SES Creative, la s\u00e9curit\u00e9 est notre priorit\u00e9. C\u2019est pourquoi nos produits sont fabriqu\u00e9s et test\u00e9s dans notre usine aux Pays-Bas, conform\u00e9ment aux normes de s\u00e9curit\u00e9 europ\u00e9ennes les plus strictes. Les jouets SES Creative sont amusants et con\u00e7us pour rendre les enfants fiers de leur travail, stimulant ainsi leur cr\u00e9ativit\u00e9 et leur d\u00e9veloppement.<br \/>\nLaissez votre enfant d\u00e9couvrir la magie de l\u2019art avec Bluey\u00a0!<br \/>\nCr\u00e9ez de magnifiques \u0153uvres d\u2019art avec le coffret Bluey Finger Paint Creations Mega. Une fa\u00e7on ludique et s\u00fbre de laisser libre cours \u00e0 l\u2019imagination de votre enfant. Commandez d\u00e8s aujourd\u2019hui et laissez libre cours \u00e0 votre cr\u00e9ativit\u00e9\u00a0!<\/p>\n","protected":false},"excerpt":{"rendered":"<p>Peignez avec vos doigts avec vos personnages Bluey pr\u00e9f\u00e9r\u00e9s\u00a0! Offrez \u00e0 votre enfant une premi\u00e8re exp\u00e9rience magique \u00e0 l&rsquo;art et \u00e0 la cr\u00e9ativit\u00e9 avec les personnages Bluey\u00a0! Avec le Mega Set Bluey Fingerpaint Creations, votre enfant peut exp\u00e9rimenter en toute s\u00e9curit\u00e9 avec les couleurs, les formes et les textures \u00e0 la mani\u00e8re de Bluey. Peignez [&hellip;]<\/p>\n","protected":false},"featured_media":101956,"comment_status":"closed","ping_status":"closed","template":"","meta":{"_acf_changed":false},"product_brand":[],"product_cat":[123],"product_tag":[],"class_list":{"0":"post-118281","1":"product","2":"type-product","3":"status-publish","4":"has-post-thumbnail","6":"product_cat-bebe-tout-petit","7":"pa_collecties-bluey","8":"pa_leeftijd-filter-0-2-ans","9":"pa_meest-populair-bij-garcons-filles","11":"first","12":"instock","13":"shipping-taxable","14":"product-type-simple"},"acf":[],"yoast_head":"<!-- This site is optimized with the Yoast SEO plugin v27.2 - https:\/\/yoast.com\/product\/yoast-seo-wordpress\/ -->\n<title>Bluey - M\u00e9ga set de cr\u00e9ations de peinture au doigt - SES Creative<\/title>\n<meta name=\"robots\" content=\"index, follow, max-snippet:-1, max-image-preview:large, max-video-preview:-1\" \/>\n<link rel=\"canonical\" href=\"https:\/\/ses-creative.com\/fr\/produit\/bluey-mega-set-de-creations-de-peinture-au-doigt\/\" \/>\n<meta property=\"og:locale\" content=\"fr_FR\" \/>\n<meta property=\"og:type\" content=\"article\" \/>\n<meta property=\"og:title\" content=\"Bluey - M\u00e9ga set de cr\u00e9ations de peinture au doigt - SES Creative\" \/>\n<meta property=\"og:description\" content=\"Peignez avec vos doigts avec vos personnages Bluey pr\u00e9f\u00e9r\u00e9s\u00a0! Offrez \u00e0 votre enfant une premi\u00e8re exp\u00e9rience magique \u00e0 l&rsquo;art et \u00e0 la cr\u00e9ativit\u00e9 avec les personnages Bluey\u00a0! Avec le Mega Set Bluey Fingerpaint Creations, votre enfant peut exp\u00e9rimenter en toute s\u00e9curit\u00e9 avec les couleurs, les formes et les textures \u00e0 la mani\u00e8re de Bluey. Peignez [&hellip;]\" \/>\n<meta property=\"og:url\" content=\"https:\/\/ses-creative.com\/fr\/produit\/bluey-mega-set-de-creations-de-peinture-au-doigt\/\" \/>\n<meta property=\"og:site_name\" content=\"SES Creative\" \/>\n<meta property=\"article:modified_time\" content=\"2026-02-12T10:22:51+00:00\" \/>\n<meta name=\"twitter:card\" content=\"summary_large_image\" \/>\n<meta name=\"twitter:label1\" content=\"Dur\u00e9e de lecture estim\u00e9e\" \/>\n\t<meta name=\"twitter:data1\" content=\"2 minutes\" \/>\n<script type=\"application\/ld+json\" class=\"yoast-schema-graph\">{\"@context\":\"https:\/\/schema.org\",\"@graph\":[{\"@type\":\"WebPage\",\"@id\":\"https:\/\/ses-creative.com\/fr\/produit\/bluey-mega-set-de-creations-de-peinture-au-doigt\/\",\"url\":\"https:\/\/ses-creative.com\/fr\/produit\/bluey-mega-set-de-creations-de-peinture-au-doigt\/\",\"name\":\"Bluey - M\u00e9ga set de cr\u00e9ations de peinture au doigt - SES Creative\",\"isPartOf\":{\"@id\":\"https:\/\/ses-creative.com\/#website\"},\"primaryImageOfPage\":{\"@id\":\"https:\/\/ses-creative.com\/fr\/produit\/bluey-mega-set-de-creations-de-peinture-au-doigt\/#primaryimage\"},\"image\":{\"@id\":\"https:\/\/ses-creative.com\/fr\/produit\/bluey-mega-set-de-creations-de-peinture-au-doigt\/#primaryimage\"},\"thumbnailUrl\":\"https:\/\/ses-creative.com\/wp-content\/uploads\/2026\/01\/140921.jpg\",\"datePublished\":\"2026-02-12T10:09:15+00:00\",\"dateModified\":\"2026-02-12T10:22:51+00:00\",\"breadcrumb\":{\"@id\":\"https:\/\/ses-creative.com\/fr\/produit\/bluey-mega-set-de-creations-de-peinture-au-doigt\/#breadcrumb\"},\"inLanguage\":\"fr-FR\",\"potentialAction\":[{\"@type\":\"ReadAction\",\"target\":[\"https:\/\/ses-creative.com\/fr\/produit\/bluey-mega-set-de-creations-de-peinture-au-doigt\/\"]}]},{\"@type\":\"ImageObject\",\"inLanguage\":\"fr-FR\",\"@id\":\"https:\/\/ses-creative.com\/fr\/produit\/bluey-mega-set-de-creations-de-peinture-au-doigt\/#primaryimage\",\"url\":\"https:\/\/ses-creative.com\/wp-content\/uploads\/2026\/01\/140921.jpg\",\"contentUrl\":\"https:\/\/ses-creative.com\/wp-content\/uploads\/2026\/01\/140921.jpg\",\"width\":1000,\"height\":1000},{\"@type\":\"BreadcrumbList\",\"@id\":\"https:\/\/ses-creative.com\/fr\/produit\/bluey-mega-set-de-creations-de-peinture-au-doigt\/#breadcrumb\",\"itemListElement\":[{\"@type\":\"ListItem\",\"position\":1,\"name\":\"Boutique\",\"item\":\"https:\/\/ses-creative.com\/fr\/boutique\/\"},{\"@type\":\"ListItem\",\"position\":2,\"name\":\"B\u00e9b\u00e9 &amp; Tout-petit\",\"item\":\"https:\/\/ses-creative.com\/fr\/product-categorie\/bebe-tout-petit\/\"},{\"@type\":\"ListItem\",\"position\":3,\"name\":\"Bluey &#8211; M\u00e9ga set de cr\u00e9ations de peinture au doigt\"}]},{\"@type\":\"WebSite\",\"@id\":\"https:\/\/ses-creative.com\/#website\",\"url\":\"https:\/\/ses-creative.com\/\",\"name\":\"SES Creative\",\"description\":\"\",\"publisher\":{\"@id\":\"https:\/\/ses-creative.com\/#organization\"},\"potentialAction\":[{\"@type\":\"SearchAction\",\"target\":{\"@type\":\"EntryPoint\",\"urlTemplate\":\"https:\/\/ses-creative.com\/?s={search_term_string}\"},\"query-input\":{\"@type\":\"PropertyValueSpecification\",\"valueRequired\":true,\"valueName\":\"search_term_string\"}}],\"inLanguage\":\"fr-FR\"},{\"@type\":\"Organization\",\"@id\":\"https:\/\/ses-creative.com\/#organization\",\"name\":\"SES Creative\",\"url\":\"https:\/\/ses-creative.com\/\",\"logo\":{\"@type\":\"ImageObject\",\"inLanguage\":\"fr-FR\",\"@id\":\"https:\/\/ses-creative.com\/#\/schema\/logo\/image\/\",\"url\":\"https:\/\/ses-creative.com\/wp-content\/uploads\/2025\/10\/ses-creative-logo.jpg\",\"contentUrl\":\"https:\/\/ses-creative.com\/wp-content\/uploads\/2025\/10\/ses-creative-logo.jpg\",\"width\":2037,\"height\":2037,\"caption\":\"SES Creative\"},\"image\":{\"@id\":\"https:\/\/ses-creative.com\/#\/schema\/logo\/image\/\"}}]}<\/script>\n<!-- \/ Yoast SEO plugin. -->","yoast_head_json":{"title":"Bluey - M\u00e9ga set de cr\u00e9ations de peinture au doigt - SES Creative","robots":{"index":"index","follow":"follow","max-snippet":"max-snippet:-1","max-image-preview":"max-image-preview:large","max-video-preview":"max-video-preview:-1"},"canonical":"https:\/\/ses-creative.com\/fr\/produit\/bluey-mega-set-de-creations-de-peinture-au-doigt\/","og_locale":"fr_FR","og_type":"article","og_title":"Bluey - M\u00e9ga set de cr\u00e9ations de peinture au doigt - SES Creative","og_description":"Peignez avec vos doigts avec vos personnages Bluey pr\u00e9f\u00e9r\u00e9s\u00a0! Offrez \u00e0 votre enfant une premi\u00e8re exp\u00e9rience magique \u00e0 l&rsquo;art et \u00e0 la cr\u00e9ativit\u00e9 avec les personnages Bluey\u00a0! Avec le Mega Set Bluey Fingerpaint Creations, votre enfant peut exp\u00e9rimenter en toute s\u00e9curit\u00e9 avec les couleurs, les formes et les textures \u00e0 la mani\u00e8re de Bluey. Peignez [&hellip;]","og_url":"https:\/\/ses-creative.com\/fr\/produit\/bluey-mega-set-de-creations-de-peinture-au-doigt\/","og_site_name":"SES Creative","article_modified_time":"2026-02-12T10:22:51+00:00","twitter_card":"summary_large_image","twitter_misc":{"Dur\u00e9e de lecture estim\u00e9e":"2 minutes"},"schema":{"@context":"https:\/\/schema.org","@graph":[{"@type":"WebPage","@id":"https:\/\/ses-creative.com\/fr\/produit\/bluey-mega-set-de-creations-de-peinture-au-doigt\/","url":"https:\/\/ses-creative.com\/fr\/produit\/bluey-mega-set-de-creations-de-peinture-au-doigt\/","name":"Bluey - M\u00e9ga set de cr\u00e9ations de peinture au doigt - SES Creative","isPartOf":{"@id":"https:\/\/ses-creative.com\/#website"},"primaryImageOfPage":{"@id":"https:\/\/ses-creative.com\/fr\/produit\/bluey-mega-set-de-creations-de-peinture-au-doigt\/#primaryimage"},"image":{"@id":"https:\/\/ses-creative.com\/fr\/produit\/bluey-mega-set-de-creations-de-peinture-au-doigt\/#primaryimage"},"thumbnailUrl":"https:\/\/ses-creative.com\/wp-content\/uploads\/2026\/01\/140921.jpg","datePublished":"2026-02-12T10:09:15+00:00","dateModified":"2026-02-12T10:22:51+00:00","breadcrumb":{"@id":"https:\/\/ses-creative.com\/fr\/produit\/bluey-mega-set-de-creations-de-peinture-au-doigt\/#breadcrumb"},"inLanguage":"fr-FR","potentialAction":[{"@type":"ReadAction","target":["https:\/\/ses-creative.com\/fr\/produit\/bluey-mega-set-de-creations-de-peinture-au-doigt\/"]}]},{"@type":"ImageObject","inLanguage":"fr-FR","@id":"https:\/\/ses-creative.com\/fr\/produit\/bluey-mega-set-de-creations-de-peinture-au-doigt\/#primaryimage","url":"https:\/\/ses-creative.com\/wp-content\/uploads\/2026\/01\/140921.jpg","contentUrl":"https:\/\/ses-creative.com\/wp-content\/uploads\/2026\/01\/140921.jpg","width":1000,"height":1000},{"@type":"BreadcrumbList","@id":"https:\/\/ses-creative.com\/fr\/produit\/bluey-mega-set-de-creations-de-peinture-au-doigt\/#breadcrumb","itemListElement":[{"@type":"ListItem","position":1,"name":"Boutique","item":"https:\/\/ses-creative.com\/fr\/boutique\/"},{"@type":"ListItem","position":2,"name":"B\u00e9b\u00e9 &amp; Tout-petit","item":"https:\/\/ses-creative.com\/fr\/product-categorie\/bebe-tout-petit\/"},{"@type":"ListItem","position":3,"name":"Bluey &#8211; M\u00e9ga set de cr\u00e9ations de peinture au doigt"}]},{"@type":"WebSite","@id":"https:\/\/ses-creative.com\/#website","url":"https:\/\/ses-creative.com\/","name":"SES Creative","description":"","publisher":{"@id":"https:\/\/ses-creative.com\/#organization"},"potentialAction":[{"@type":"SearchAction","target":{"@type":"EntryPoint","urlTemplate":"https:\/\/ses-creative.com\/?s={search_term_string}"},"query-input":{"@type":"PropertyValueSpecification","valueRequired":true,"valueName":"search_term_string"}}],"inLanguage":"fr-FR"},{"@type":"Organization","@id":"https:\/\/ses-creative.com\/#organization","name":"SES Creative","url":"https:\/\/ses-creative.com\/","logo":{"@type":"ImageObject","inLanguage":"fr-FR","@id":"https:\/\/ses-creative.com\/#\/schema\/logo\/image\/","url":"https:\/\/ses-creative.com\/wp-content\/uploads\/2025\/10\/ses-creative-logo.jpg","contentUrl":"https:\/\/ses-creative.com\/wp-content\/uploads\/2025\/10\/ses-creative-logo.jpg","width":2037,"height":2037,"caption":"SES Creative"},"image":{"@id":"https:\/\/ses-creative.com\/#\/schema\/logo\/image\/"}}]}},"_links":{"self":[{"href":"https:\/\/ses-creative.com\/fr\/wp-json\/wp\/v2\/product\/118281","targetHints":{"allow":["GET"]}}],"collection":[{"href":"https:\/\/ses-creative.com\/fr\/wp-json\/wp\/v2\/product"}],"about":[{"href":"https:\/\/ses-creative.com\/fr\/wp-json\/wp\/v2\/types\/product"}],"replies":[{"embeddable":true,"href":"https:\/\/ses-creative.com\/fr\/wp-json\/wp\/v2\/comments?post=118281"}],"wp:featuredmedia":[{"embeddable":true,"href":"https:\/\/ses-creative.com\/fr\/wp-json\/wp\/v2\/media\/101956"}],"wp:attachment":[{"href":"https:\/\/ses-creative.com\/fr\/wp-json\/wp\/v2\/media?parent=118281"}],"wp:term":[{"taxonomy":"product_brand","embeddable":true,"href":"https:\/\/ses-creative.com\/fr\/wp-json\/wp\/v2\/product_brand?post=118281"},{"taxonomy":"product_cat","embeddable":true,"href":"https:\/\/ses-creative.com\/fr\/wp-json\/wp\/v2\/product_cat?post=118281"},{"taxonomy":"product_tag","embeddable":true,"href":"https:\/\/ses-creative.com\/fr\/wp-json\/wp\/v2\/product_tag?post=118281"}],"curies":[{"name":"wp","href":"https:\/\/api.w.org\/{rel}","templated":true}]}}