











{"id":118280,"date":"2026-02-12T10:09:15","date_gmt":"2026-02-12T10:09:15","guid":{"rendered":"https:\/\/ses-creative.com\/?post_type=product&#038;p=118280"},"modified":"2026-02-12T10:22:51","modified_gmt":"2026-02-12T10:22:51","slug":"bluey-peinture-au-doigt","status":"publish","type":"product","link":"https:\/\/ses-creative.com\/fr\/produit\/bluey-peinture-au-doigt\/","title":{"rendered":"Bluey &#8211; Peinture au doigt"},"content":{"rendered":"<p>Cr\u00e9ez vos propres \u0153uvres de peinture au doigt avec Bluey et ses amis\u00a0!<br \/>\nAvec le coffret de peinture \u00e0 empreintes digitales Bluey de SES Creative, les enfants peuvent explorer leur cr\u00e9ativit\u00e9 et d\u00e9velopper leur motricit\u00e9 fine avec les personnages de leur s\u00e9rie pr\u00e9f\u00e9r\u00e9e. D\u00e9corer les joyeuses cartes Bluey avec de la peinture au doigt est une fa\u00e7on s\u00fbre et amusante de jouer avec la peinture et de cr\u00e9er des \u0153uvres.<br \/>\nLes atouts de ce coffret<br \/>\n&#8211; 10 coloriages Bluey, dont Bluey et Bingo, c\u00e9l\u00e8bres \u00e0 la t\u00e9l\u00e9vision, pour des heures de bricolage.<br \/>\n&#8211; La peinture au doigt est s\u00fbre et sans gluten, adapt\u00e9e aux enfants \u00e0 partir de 2\u00a0ans.<br \/>\n&#8211; La peinture au doigt est facile \u00e0 laver, aussi bien sur les v\u00eatements que sur la peau.<br \/>\n&#8211; Stimule le d\u00e9veloppement de la motricit\u00e9 et de la cr\u00e9ativit\u00e9.<br \/>\n&#8211; Id\u00e9al pour d\u00e9couvrir et bricoler avec les parents. Les joyeuses cartes donnent toujours un beau r\u00e9sultat dont votre enfant sera fier.<br \/>\nPourquoi ce coffret est parfait pour vous\u00a0?<br \/>\nCe coffret de peinture au doigt offre aux jeunes enfants une introduction id\u00e9ale aux loisirs cr\u00e9atifs. Gr\u00e2ce \u00e0 cette peinture au doigt s\u00fbre et sans gluten, les enfants peuvent jouer et exp\u00e9rimenter librement tout en d\u00e9veloppant leur motricit\u00e9 fine. Les joyeuses cartes Bluey rendent l&rsquo;apprentissage facile et reconnaissable, et garantissent que chaque enfant sera fier de ses cr\u00e9ations.<br \/>\nQue vous cr\u00e9iez avec votre enfant ou que vous le laissiez d\u00e9couvrir seul, ce coffret offre tout le n\u00e9cessaire pour des heures de jeu cr\u00e9atif. C&rsquo;est le moyen id\u00e9al d&rsquo;initier les enfants au monde des couleurs et de l&rsquo;art de mani\u00e8re s\u00fbre et ludique avec les personnages de leur s\u00e9rie pr\u00e9f\u00e9r\u00e9e.<br \/>\nContenu du coffret<br \/>\n&#8211; 10 coloriages Bluey \u00e0 la peinture au doigt (dont Bluey et Bingo)<br \/>\n&#8211; Peinture au doigt dans les couleurs suivantes\u00a0: jaune, orange et bleu clair<br \/>\nPourquoi choisir SES Creative\u00a0?<br \/>\nChez SES Creative, la s\u00e9curit\u00e9 est notre priorit\u00e9. C&rsquo;est pourquoi nos produits sont fabriqu\u00e9s et test\u00e9s dans notre usine aux Pays-Bas, conform\u00e9ment aux normes de s\u00e9curit\u00e9 europ\u00e9ennes les plus strictes. Les jouets SES Creative sont amusants et visent \u00e0 rendre les enfants fiers de leur travail, ce qui stimule la cr\u00e9ativit\u00e9 et le d\u00e9veloppement.<br \/>\nLancez votre propre cr\u00e9ation Bluey d\u00e8s aujourd&rsquo;hui\u00a0! Peignez avec les couleurs vives et vos personnages pr\u00e9f\u00e9r\u00e9s et d\u00e9couvrez \u00e0 quel point l&rsquo;univers de l&rsquo;art et des activit\u00e9s cr\u00e9atives peut \u00eatre amusant\u00a0!<\/p>\n","protected":false},"excerpt":{"rendered":"<p>Cr\u00e9ez vos propres \u0153uvres de peinture au doigt avec Bluey et ses amis\u00a0! Avec le coffret de peinture \u00e0 empreintes digitales Bluey de SES Creative, les enfants peuvent explorer leur cr\u00e9ativit\u00e9 et d\u00e9velopper leur motricit\u00e9 fine avec les personnages de leur s\u00e9rie pr\u00e9f\u00e9r\u00e9e. D\u00e9corer les joyeuses cartes Bluey avec de la peinture au doigt est [&hellip;]<\/p>\n","protected":false},"featured_media":101936,"comment_status":"closed","ping_status":"closed","template":"","meta":{"_acf_changed":false},"product_brand":[],"product_cat":[123],"product_tag":[],"class_list":{"0":"post-118280","1":"product","2":"type-product","3":"status-publish","4":"has-post-thumbnail","6":"product_cat-bebe-tout-petit","7":"pa_collecties-bluey","8":"pa_leeftijd-filter-0-2-ans","9":"pa_meest-populair-bij-garcons-filles","11":"first","12":"instock","13":"shipping-taxable","14":"product-type-simple"},"acf":[],"yoast_head":"<!-- This site is optimized with the Yoast SEO plugin v27.2 - https:\/\/yoast.com\/product\/yoast-seo-wordpress\/ -->\n<title>Bluey - Peinture au doigt - SES Creative<\/title>\n<meta name=\"robots\" content=\"index, follow, max-snippet:-1, max-image-preview:large, max-video-preview:-1\" \/>\n<link rel=\"canonical\" href=\"https:\/\/ses-creative.com\/fr\/produit\/bluey-peinture-au-doigt\/\" \/>\n<meta property=\"og:locale\" content=\"fr_FR\" \/>\n<meta property=\"og:type\" content=\"article\" \/>\n<meta property=\"og:title\" content=\"Bluey - Peinture au doigt - SES Creative\" \/>\n<meta property=\"og:description\" content=\"Cr\u00e9ez vos propres \u0153uvres de peinture au doigt avec Bluey et ses amis\u00a0! Avec le coffret de peinture \u00e0 empreintes digitales Bluey de SES Creative, les enfants peuvent explorer leur cr\u00e9ativit\u00e9 et d\u00e9velopper leur motricit\u00e9 fine avec les personnages de leur s\u00e9rie pr\u00e9f\u00e9r\u00e9e. D\u00e9corer les joyeuses cartes Bluey avec de la peinture au doigt est [&hellip;]\" \/>\n<meta property=\"og:url\" content=\"https:\/\/ses-creative.com\/fr\/produit\/bluey-peinture-au-doigt\/\" \/>\n<meta property=\"og:site_name\" content=\"SES Creative\" \/>\n<meta property=\"article:modified_time\" content=\"2026-02-12T10:22:51+00:00\" \/>\n<meta name=\"twitter:card\" content=\"summary_large_image\" \/>\n<meta name=\"twitter:label1\" content=\"Dur\u00e9e de lecture estim\u00e9e\" \/>\n\t<meta name=\"twitter:data1\" content=\"2 minutes\" \/>\n<script type=\"application\/ld+json\" class=\"yoast-schema-graph\">{\"@context\":\"https:\/\/schema.org\",\"@graph\":[{\"@type\":\"WebPage\",\"@id\":\"https:\/\/ses-creative.com\/fr\/produit\/bluey-peinture-au-doigt\/\",\"url\":\"https:\/\/ses-creative.com\/fr\/produit\/bluey-peinture-au-doigt\/\",\"name\":\"Bluey - Peinture au doigt - SES Creative\",\"isPartOf\":{\"@id\":\"https:\/\/ses-creative.com\/#website\"},\"primaryImageOfPage\":{\"@id\":\"https:\/\/ses-creative.com\/fr\/produit\/bluey-peinture-au-doigt\/#primaryimage\"},\"image\":{\"@id\":\"https:\/\/ses-creative.com\/fr\/produit\/bluey-peinture-au-doigt\/#primaryimage\"},\"thumbnailUrl\":\"https:\/\/ses-creative.com\/wp-content\/uploads\/2026\/01\/140911.jpg\",\"datePublished\":\"2026-02-12T10:09:15+00:00\",\"dateModified\":\"2026-02-12T10:22:51+00:00\",\"breadcrumb\":{\"@id\":\"https:\/\/ses-creative.com\/fr\/produit\/bluey-peinture-au-doigt\/#breadcrumb\"},\"inLanguage\":\"fr-FR\",\"potentialAction\":[{\"@type\":\"ReadAction\",\"target\":[\"https:\/\/ses-creative.com\/fr\/produit\/bluey-peinture-au-doigt\/\"]}]},{\"@type\":\"ImageObject\",\"inLanguage\":\"fr-FR\",\"@id\":\"https:\/\/ses-creative.com\/fr\/produit\/bluey-peinture-au-doigt\/#primaryimage\",\"url\":\"https:\/\/ses-creative.com\/wp-content\/uploads\/2026\/01\/140911.jpg\",\"contentUrl\":\"https:\/\/ses-creative.com\/wp-content\/uploads\/2026\/01\/140911.jpg\",\"width\":1000,\"height\":1000},{\"@type\":\"BreadcrumbList\",\"@id\":\"https:\/\/ses-creative.com\/fr\/produit\/bluey-peinture-au-doigt\/#breadcrumb\",\"itemListElement\":[{\"@type\":\"ListItem\",\"position\":1,\"name\":\"Boutique\",\"item\":\"https:\/\/ses-creative.com\/fr\/boutique\/\"},{\"@type\":\"ListItem\",\"position\":2,\"name\":\"B\u00e9b\u00e9 &amp; Tout-petit\",\"item\":\"https:\/\/ses-creative.com\/fr\/product-categorie\/bebe-tout-petit\/\"},{\"@type\":\"ListItem\",\"position\":3,\"name\":\"Bluey &#8211; Peinture au doigt\"}]},{\"@type\":\"WebSite\",\"@id\":\"https:\/\/ses-creative.com\/#website\",\"url\":\"https:\/\/ses-creative.com\/\",\"name\":\"SES Creative\",\"description\":\"\",\"publisher\":{\"@id\":\"https:\/\/ses-creative.com\/#organization\"},\"potentialAction\":[{\"@type\":\"SearchAction\",\"target\":{\"@type\":\"EntryPoint\",\"urlTemplate\":\"https:\/\/ses-creative.com\/?s={search_term_string}\"},\"query-input\":{\"@type\":\"PropertyValueSpecification\",\"valueRequired\":true,\"valueName\":\"search_term_string\"}}],\"inLanguage\":\"fr-FR\"},{\"@type\":\"Organization\",\"@id\":\"https:\/\/ses-creative.com\/#organization\",\"name\":\"SES Creative\",\"url\":\"https:\/\/ses-creative.com\/\",\"logo\":{\"@type\":\"ImageObject\",\"inLanguage\":\"fr-FR\",\"@id\":\"https:\/\/ses-creative.com\/#\/schema\/logo\/image\/\",\"url\":\"https:\/\/ses-creative.com\/wp-content\/uploads\/2025\/10\/ses-creative-logo.jpg\",\"contentUrl\":\"https:\/\/ses-creative.com\/wp-content\/uploads\/2025\/10\/ses-creative-logo.jpg\",\"width\":2037,\"height\":2037,\"caption\":\"SES Creative\"},\"image\":{\"@id\":\"https:\/\/ses-creative.com\/#\/schema\/logo\/image\/\"}}]}<\/script>\n<!-- \/ Yoast SEO plugin. -->","yoast_head_json":{"title":"Bluey - Peinture au doigt - SES Creative","robots":{"index":"index","follow":"follow","max-snippet":"max-snippet:-1","max-image-preview":"max-image-preview:large","max-video-preview":"max-video-preview:-1"},"canonical":"https:\/\/ses-creative.com\/fr\/produit\/bluey-peinture-au-doigt\/","og_locale":"fr_FR","og_type":"article","og_title":"Bluey - Peinture au doigt - SES Creative","og_description":"Cr\u00e9ez vos propres \u0153uvres de peinture au doigt avec Bluey et ses amis\u00a0! Avec le coffret de peinture \u00e0 empreintes digitales Bluey de SES Creative, les enfants peuvent explorer leur cr\u00e9ativit\u00e9 et d\u00e9velopper leur motricit\u00e9 fine avec les personnages de leur s\u00e9rie pr\u00e9f\u00e9r\u00e9e. D\u00e9corer les joyeuses cartes Bluey avec de la peinture au doigt est [&hellip;]","og_url":"https:\/\/ses-creative.com\/fr\/produit\/bluey-peinture-au-doigt\/","og_site_name":"SES Creative","article_modified_time":"2026-02-12T10:22:51+00:00","twitter_card":"summary_large_image","twitter_misc":{"Dur\u00e9e de lecture estim\u00e9e":"2 minutes"},"schema":{"@context":"https:\/\/schema.org","@graph":[{"@type":"WebPage","@id":"https:\/\/ses-creative.com\/fr\/produit\/bluey-peinture-au-doigt\/","url":"https:\/\/ses-creative.com\/fr\/produit\/bluey-peinture-au-doigt\/","name":"Bluey - Peinture au doigt - SES Creative","isPartOf":{"@id":"https:\/\/ses-creative.com\/#website"},"primaryImageOfPage":{"@id":"https:\/\/ses-creative.com\/fr\/produit\/bluey-peinture-au-doigt\/#primaryimage"},"image":{"@id":"https:\/\/ses-creative.com\/fr\/produit\/bluey-peinture-au-doigt\/#primaryimage"},"thumbnailUrl":"https:\/\/ses-creative.com\/wp-content\/uploads\/2026\/01\/140911.jpg","datePublished":"2026-02-12T10:09:15+00:00","dateModified":"2026-02-12T10:22:51+00:00","breadcrumb":{"@id":"https:\/\/ses-creative.com\/fr\/produit\/bluey-peinture-au-doigt\/#breadcrumb"},"inLanguage":"fr-FR","potentialAction":[{"@type":"ReadAction","target":["https:\/\/ses-creative.com\/fr\/produit\/bluey-peinture-au-doigt\/"]}]},{"@type":"ImageObject","inLanguage":"fr-FR","@id":"https:\/\/ses-creative.com\/fr\/produit\/bluey-peinture-au-doigt\/#primaryimage","url":"https:\/\/ses-creative.com\/wp-content\/uploads\/2026\/01\/140911.jpg","contentUrl":"https:\/\/ses-creative.com\/wp-content\/uploads\/2026\/01\/140911.jpg","width":1000,"height":1000},{"@type":"BreadcrumbList","@id":"https:\/\/ses-creative.com\/fr\/produit\/bluey-peinture-au-doigt\/#breadcrumb","itemListElement":[{"@type":"ListItem","position":1,"name":"Boutique","item":"https:\/\/ses-creative.com\/fr\/boutique\/"},{"@type":"ListItem","position":2,"name":"B\u00e9b\u00e9 &amp; Tout-petit","item":"https:\/\/ses-creative.com\/fr\/product-categorie\/bebe-tout-petit\/"},{"@type":"ListItem","position":3,"name":"Bluey &#8211; Peinture au doigt"}]},{"@type":"WebSite","@id":"https:\/\/ses-creative.com\/#website","url":"https:\/\/ses-creative.com\/","name":"SES Creative","description":"","publisher":{"@id":"https:\/\/ses-creative.com\/#organization"},"potentialAction":[{"@type":"SearchAction","target":{"@type":"EntryPoint","urlTemplate":"https:\/\/ses-creative.com\/?s={search_term_string}"},"query-input":{"@type":"PropertyValueSpecification","valueRequired":true,"valueName":"search_term_string"}}],"inLanguage":"fr-FR"},{"@type":"Organization","@id":"https:\/\/ses-creative.com\/#organization","name":"SES Creative","url":"https:\/\/ses-creative.com\/","logo":{"@type":"ImageObject","inLanguage":"fr-FR","@id":"https:\/\/ses-creative.com\/#\/schema\/logo\/image\/","url":"https:\/\/ses-creative.com\/wp-content\/uploads\/2025\/10\/ses-creative-logo.jpg","contentUrl":"https:\/\/ses-creative.com\/wp-content\/uploads\/2025\/10\/ses-creative-logo.jpg","width":2037,"height":2037,"caption":"SES Creative"},"image":{"@id":"https:\/\/ses-creative.com\/#\/schema\/logo\/image\/"}}]}},"_links":{"self":[{"href":"https:\/\/ses-creative.com\/fr\/wp-json\/wp\/v2\/product\/118280","targetHints":{"allow":["GET"]}}],"collection":[{"href":"https:\/\/ses-creative.com\/fr\/wp-json\/wp\/v2\/product"}],"about":[{"href":"https:\/\/ses-creative.com\/fr\/wp-json\/wp\/v2\/types\/product"}],"replies":[{"embeddable":true,"href":"https:\/\/ses-creative.com\/fr\/wp-json\/wp\/v2\/comments?post=118280"}],"wp:featuredmedia":[{"embeddable":true,"href":"https:\/\/ses-creative.com\/fr\/wp-json\/wp\/v2\/media\/101936"}],"wp:attachment":[{"href":"https:\/\/ses-creative.com\/fr\/wp-json\/wp\/v2\/media?parent=118280"}],"wp:term":[{"taxonomy":"product_brand","embeddable":true,"href":"https:\/\/ses-creative.com\/fr\/wp-json\/wp\/v2\/product_brand?post=118280"},{"taxonomy":"product_cat","embeddable":true,"href":"https:\/\/ses-creative.com\/fr\/wp-json\/wp\/v2\/product_cat?post=118280"},{"taxonomy":"product_tag","embeddable":true,"href":"https:\/\/ses-creative.com\/fr\/wp-json\/wp\/v2\/product_tag?post=118280"}],"curies":[{"name":"wp","href":"https:\/\/api.w.org\/{rel}","templated":true}]}}