











{"id":118271,"date":"2026-02-12T10:09:14","date_gmt":"2026-02-12T10:09:14","guid":{"rendered":"https:\/\/ses-creative.com\/?post_type=product&#038;p=118271"},"modified":"2026-02-12T10:22:50","modified_gmt":"2026-02-12T10:22:50","slug":"montessori-creer-des-formes-danimaux-en-bois","status":"publish","type":"product","link":"https:\/\/ses-creative.com\/fr\/produit\/montessori-creer-des-formes-danimaux-en-bois\/","title":{"rendered":"Montessori &#8211; Cr\u00e9er des formes d&rsquo;animaux en bois"},"content":{"rendered":"<p>Construisez d&rsquo;adorables animaux et des figures ludiques avec les formes d&rsquo;animaux \u00e0 assembler. Suivez les cartes de mission ou cr\u00e9ez librement : ainsi, la perception spatiale, la concentration et la cr\u00e9ativit\u00e9 se d\u00e9veloppent main dans la main.<\/p>\n<p>Ce qui rend ce set g\u00e9nial<br \/>\n 7 t\u00eates d&rsquo;animaux + 30 formes en bois pour des combinaisons infinies<\/p>\n<p> 18 cartes de mission : de simples \u00e0 plus difficiles<\/p>\n<p>D\u00e9veloppe la perception spatiale, la reconnaissance des formes et des couleurs<br \/>\n Favorise la motricit\u00e9 fine et la concentration<\/p>\n<p> Jeu libre ou imitation : les deux donnent des r\u00e9sultats rapides et visibles<\/p>\n<p>Empiler, assembler et cr\u00e9er<br \/>\nLes enfants d\u00e9couvrent comment les formes s&rsquo;assemblent pour cr\u00e9er de nouvelles figures. Les succ\u00e8s s&rsquo;encha\u00eenent rapidement, ce qui les motive \u00e0 continuer \u00e0 construire.<\/p>\n<p>Contenu du set<br \/>\n7 t\u00eates d&rsquo;animaux en bois<\/p>\n<p>30 formes color\u00e9es en bois<\/p>\n<p>18 cartes de mission\/jeu<\/p>\n<p>Pourquoi choisir SES Creative<br \/>\nChez SES Creative, nous d\u00e9veloppons des jouets qui aident les enfants \u00e0 grandir. Nos produits stimulent la cr\u00e9ativit\u00e9, la confiance en soi et le d\u00e9veloppement, tout en \u00e9tant toujours s\u00fbrs, responsables et amusants. Depuis plus de 50 ans, nous fabriquons des jouets durables, con\u00e7us et produits avec fiert\u00e9 aux Pays-Bas.<\/p>\n<p>C&rsquo;est parti !<br \/>\nCommandez d\u00e8s maintenant le jeu Montessori \u00ab Reproduire les formes des animaux \u00bb et laissez les enfants construire, d\u00e9couvrir et pr\u00e9senter fi\u00e8rement leurs cr\u00e9ations !<\/p>\n","protected":false},"excerpt":{"rendered":"<p>Construisez d&rsquo;adorables animaux et des figures ludiques avec les formes d&rsquo;animaux \u00e0 assembler. Suivez les cartes de mission ou cr\u00e9ez librement : ainsi, la perception spatiale, la concentration et la cr\u00e9ativit\u00e9 se d\u00e9veloppent main dans la main. Ce qui rend ce set g\u00e9nial 7 t\u00eates d&rsquo;animaux + 30 formes en bois pour des combinaisons infinies [&hellip;]<\/p>\n","protected":false},"featured_media":101748,"comment_status":"closed","ping_status":"closed","template":"","meta":{"_acf_changed":false},"product_brand":[],"product_cat":[122],"product_tag":[],"class_list":{"0":"post-118271","1":"product","2":"type-product","3":"status-publish","4":"has-post-thumbnail","6":"product_cat-loisirs-creatifs","7":"pa_collecties-montessori","8":"pa_leeftijd-filter-3-4-ans","9":"pa_meest-populair-bij-garcons-filles","11":"first","12":"instock","13":"shipping-taxable","14":"product-type-simple"},"acf":[],"yoast_head":"<!-- This site is optimized with the Yoast SEO plugin v27.2 - https:\/\/yoast.com\/product\/yoast-seo-wordpress\/ -->\n<title>Montessori - Cr\u00e9er des formes d&#039;animaux en bois - SES Creative<\/title>\n<meta name=\"robots\" content=\"index, follow, max-snippet:-1, max-image-preview:large, max-video-preview:-1\" \/>\n<link rel=\"canonical\" href=\"https:\/\/ses-creative.com\/fr\/produit\/montessori-creer-des-formes-danimaux-en-bois\/\" \/>\n<meta property=\"og:locale\" content=\"fr_FR\" \/>\n<meta property=\"og:type\" content=\"article\" \/>\n<meta property=\"og:title\" content=\"Montessori - Cr\u00e9er des formes d&#039;animaux en bois - SES Creative\" \/>\n<meta property=\"og:description\" content=\"Construisez d&rsquo;adorables animaux et des figures ludiques avec les formes d&rsquo;animaux \u00e0 assembler. Suivez les cartes de mission ou cr\u00e9ez librement : ainsi, la perception spatiale, la concentration et la cr\u00e9ativit\u00e9 se d\u00e9veloppent main dans la main. Ce qui rend ce set g\u00e9nial 7 t\u00eates d&rsquo;animaux + 30 formes en bois pour des combinaisons infinies [&hellip;]\" \/>\n<meta property=\"og:url\" content=\"https:\/\/ses-creative.com\/fr\/produit\/montessori-creer-des-formes-danimaux-en-bois\/\" \/>\n<meta property=\"og:site_name\" content=\"SES Creative\" \/>\n<meta property=\"article:modified_time\" content=\"2026-02-12T10:22:50+00:00\" \/>\n<meta name=\"twitter:card\" content=\"summary_large_image\" \/>\n<meta name=\"twitter:label1\" content=\"Dur\u00e9e de lecture estim\u00e9e\" \/>\n\t<meta name=\"twitter:data1\" content=\"1 minute\" \/>\n<script type=\"application\/ld+json\" class=\"yoast-schema-graph\">{\"@context\":\"https:\/\/schema.org\",\"@graph\":[{\"@type\":\"WebPage\",\"@id\":\"https:\/\/ses-creative.com\/fr\/produit\/montessori-creer-des-formes-danimaux-en-bois\/\",\"url\":\"https:\/\/ses-creative.com\/fr\/produit\/montessori-creer-des-formes-danimaux-en-bois\/\",\"name\":\"Montessori - Cr\u00e9er des formes d'animaux en bois - SES Creative\",\"isPartOf\":{\"@id\":\"https:\/\/ses-creative.com\/#website\"},\"primaryImageOfPage\":{\"@id\":\"https:\/\/ses-creative.com\/fr\/produit\/montessori-creer-des-formes-danimaux-en-bois\/#primaryimage\"},\"image\":{\"@id\":\"https:\/\/ses-creative.com\/fr\/produit\/montessori-creer-des-formes-danimaux-en-bois\/#primaryimage\"},\"thumbnailUrl\":\"https:\/\/ses-creative.com\/wp-content\/uploads\/2026\/01\/140631.jpg\",\"datePublished\":\"2026-02-12T10:09:14+00:00\",\"dateModified\":\"2026-02-12T10:22:50+00:00\",\"breadcrumb\":{\"@id\":\"https:\/\/ses-creative.com\/fr\/produit\/montessori-creer-des-formes-danimaux-en-bois\/#breadcrumb\"},\"inLanguage\":\"fr-FR\",\"potentialAction\":[{\"@type\":\"ReadAction\",\"target\":[\"https:\/\/ses-creative.com\/fr\/produit\/montessori-creer-des-formes-danimaux-en-bois\/\"]}]},{\"@type\":\"ImageObject\",\"inLanguage\":\"fr-FR\",\"@id\":\"https:\/\/ses-creative.com\/fr\/produit\/montessori-creer-des-formes-danimaux-en-bois\/#primaryimage\",\"url\":\"https:\/\/ses-creative.com\/wp-content\/uploads\/2026\/01\/140631.jpg\",\"contentUrl\":\"https:\/\/ses-creative.com\/wp-content\/uploads\/2026\/01\/140631.jpg\",\"width\":1000,\"height\":1000},{\"@type\":\"BreadcrumbList\",\"@id\":\"https:\/\/ses-creative.com\/fr\/produit\/montessori-creer-des-formes-danimaux-en-bois\/#breadcrumb\",\"itemListElement\":[{\"@type\":\"ListItem\",\"position\":1,\"name\":\"Boutique\",\"item\":\"https:\/\/ses-creative.com\/fr\/boutique\/\"},{\"@type\":\"ListItem\",\"position\":2,\"name\":\"Loisirs cr\u00e9atifs\",\"item\":\"https:\/\/ses-creative.com\/fr\/product-categorie\/loisirs-creatifs\/\"},{\"@type\":\"ListItem\",\"position\":3,\"name\":\"Montessori &#8211; Cr\u00e9er des formes d&#8217;animaux en bois\"}]},{\"@type\":\"WebSite\",\"@id\":\"https:\/\/ses-creative.com\/#website\",\"url\":\"https:\/\/ses-creative.com\/\",\"name\":\"SES Creative\",\"description\":\"\",\"publisher\":{\"@id\":\"https:\/\/ses-creative.com\/#organization\"},\"potentialAction\":[{\"@type\":\"SearchAction\",\"target\":{\"@type\":\"EntryPoint\",\"urlTemplate\":\"https:\/\/ses-creative.com\/?s={search_term_string}\"},\"query-input\":{\"@type\":\"PropertyValueSpecification\",\"valueRequired\":true,\"valueName\":\"search_term_string\"}}],\"inLanguage\":\"fr-FR\"},{\"@type\":\"Organization\",\"@id\":\"https:\/\/ses-creative.com\/#organization\",\"name\":\"SES Creative\",\"url\":\"https:\/\/ses-creative.com\/\",\"logo\":{\"@type\":\"ImageObject\",\"inLanguage\":\"fr-FR\",\"@id\":\"https:\/\/ses-creative.com\/#\/schema\/logo\/image\/\",\"url\":\"https:\/\/ses-creative.com\/wp-content\/uploads\/2025\/10\/ses-creative-logo.jpg\",\"contentUrl\":\"https:\/\/ses-creative.com\/wp-content\/uploads\/2025\/10\/ses-creative-logo.jpg\",\"width\":2037,\"height\":2037,\"caption\":\"SES Creative\"},\"image\":{\"@id\":\"https:\/\/ses-creative.com\/#\/schema\/logo\/image\/\"}}]}<\/script>\n<!-- \/ Yoast SEO plugin. -->","yoast_head_json":{"title":"Montessori - Cr\u00e9er des formes d'animaux en bois - SES Creative","robots":{"index":"index","follow":"follow","max-snippet":"max-snippet:-1","max-image-preview":"max-image-preview:large","max-video-preview":"max-video-preview:-1"},"canonical":"https:\/\/ses-creative.com\/fr\/produit\/montessori-creer-des-formes-danimaux-en-bois\/","og_locale":"fr_FR","og_type":"article","og_title":"Montessori - Cr\u00e9er des formes d'animaux en bois - SES Creative","og_description":"Construisez d&rsquo;adorables animaux et des figures ludiques avec les formes d&rsquo;animaux \u00e0 assembler. Suivez les cartes de mission ou cr\u00e9ez librement : ainsi, la perception spatiale, la concentration et la cr\u00e9ativit\u00e9 se d\u00e9veloppent main dans la main. Ce qui rend ce set g\u00e9nial 7 t\u00eates d&rsquo;animaux + 30 formes en bois pour des combinaisons infinies [&hellip;]","og_url":"https:\/\/ses-creative.com\/fr\/produit\/montessori-creer-des-formes-danimaux-en-bois\/","og_site_name":"SES Creative","article_modified_time":"2026-02-12T10:22:50+00:00","twitter_card":"summary_large_image","twitter_misc":{"Dur\u00e9e de lecture estim\u00e9e":"1 minute"},"schema":{"@context":"https:\/\/schema.org","@graph":[{"@type":"WebPage","@id":"https:\/\/ses-creative.com\/fr\/produit\/montessori-creer-des-formes-danimaux-en-bois\/","url":"https:\/\/ses-creative.com\/fr\/produit\/montessori-creer-des-formes-danimaux-en-bois\/","name":"Montessori - Cr\u00e9er des formes d'animaux en bois - SES Creative","isPartOf":{"@id":"https:\/\/ses-creative.com\/#website"},"primaryImageOfPage":{"@id":"https:\/\/ses-creative.com\/fr\/produit\/montessori-creer-des-formes-danimaux-en-bois\/#primaryimage"},"image":{"@id":"https:\/\/ses-creative.com\/fr\/produit\/montessori-creer-des-formes-danimaux-en-bois\/#primaryimage"},"thumbnailUrl":"https:\/\/ses-creative.com\/wp-content\/uploads\/2026\/01\/140631.jpg","datePublished":"2026-02-12T10:09:14+00:00","dateModified":"2026-02-12T10:22:50+00:00","breadcrumb":{"@id":"https:\/\/ses-creative.com\/fr\/produit\/montessori-creer-des-formes-danimaux-en-bois\/#breadcrumb"},"inLanguage":"fr-FR","potentialAction":[{"@type":"ReadAction","target":["https:\/\/ses-creative.com\/fr\/produit\/montessori-creer-des-formes-danimaux-en-bois\/"]}]},{"@type":"ImageObject","inLanguage":"fr-FR","@id":"https:\/\/ses-creative.com\/fr\/produit\/montessori-creer-des-formes-danimaux-en-bois\/#primaryimage","url":"https:\/\/ses-creative.com\/wp-content\/uploads\/2026\/01\/140631.jpg","contentUrl":"https:\/\/ses-creative.com\/wp-content\/uploads\/2026\/01\/140631.jpg","width":1000,"height":1000},{"@type":"BreadcrumbList","@id":"https:\/\/ses-creative.com\/fr\/produit\/montessori-creer-des-formes-danimaux-en-bois\/#breadcrumb","itemListElement":[{"@type":"ListItem","position":1,"name":"Boutique","item":"https:\/\/ses-creative.com\/fr\/boutique\/"},{"@type":"ListItem","position":2,"name":"Loisirs cr\u00e9atifs","item":"https:\/\/ses-creative.com\/fr\/product-categorie\/loisirs-creatifs\/"},{"@type":"ListItem","position":3,"name":"Montessori &#8211; Cr\u00e9er des formes d&#8217;animaux en bois"}]},{"@type":"WebSite","@id":"https:\/\/ses-creative.com\/#website","url":"https:\/\/ses-creative.com\/","name":"SES Creative","description":"","publisher":{"@id":"https:\/\/ses-creative.com\/#organization"},"potentialAction":[{"@type":"SearchAction","target":{"@type":"EntryPoint","urlTemplate":"https:\/\/ses-creative.com\/?s={search_term_string}"},"query-input":{"@type":"PropertyValueSpecification","valueRequired":true,"valueName":"search_term_string"}}],"inLanguage":"fr-FR"},{"@type":"Organization","@id":"https:\/\/ses-creative.com\/#organization","name":"SES Creative","url":"https:\/\/ses-creative.com\/","logo":{"@type":"ImageObject","inLanguage":"fr-FR","@id":"https:\/\/ses-creative.com\/#\/schema\/logo\/image\/","url":"https:\/\/ses-creative.com\/wp-content\/uploads\/2025\/10\/ses-creative-logo.jpg","contentUrl":"https:\/\/ses-creative.com\/wp-content\/uploads\/2025\/10\/ses-creative-logo.jpg","width":2037,"height":2037,"caption":"SES Creative"},"image":{"@id":"https:\/\/ses-creative.com\/#\/schema\/logo\/image\/"}}]}},"_links":{"self":[{"href":"https:\/\/ses-creative.com\/fr\/wp-json\/wp\/v2\/product\/118271","targetHints":{"allow":["GET"]}}],"collection":[{"href":"https:\/\/ses-creative.com\/fr\/wp-json\/wp\/v2\/product"}],"about":[{"href":"https:\/\/ses-creative.com\/fr\/wp-json\/wp\/v2\/types\/product"}],"replies":[{"embeddable":true,"href":"https:\/\/ses-creative.com\/fr\/wp-json\/wp\/v2\/comments?post=118271"}],"wp:featuredmedia":[{"embeddable":true,"href":"https:\/\/ses-creative.com\/fr\/wp-json\/wp\/v2\/media\/101748"}],"wp:attachment":[{"href":"https:\/\/ses-creative.com\/fr\/wp-json\/wp\/v2\/media?parent=118271"}],"wp:term":[{"taxonomy":"product_brand","embeddable":true,"href":"https:\/\/ses-creative.com\/fr\/wp-json\/wp\/v2\/product_brand?post=118271"},{"taxonomy":"product_cat","embeddable":true,"href":"https:\/\/ses-creative.com\/fr\/wp-json\/wp\/v2\/product_cat?post=118271"},{"taxonomy":"product_tag","embeddable":true,"href":"https:\/\/ses-creative.com\/fr\/wp-json\/wp\/v2\/product_tag?post=118271"}],"curies":[{"name":"wp","href":"https:\/\/api.w.org\/{rel}","templated":true}]}}