











{"id":118270,"date":"2025-12-18T10:15:33","date_gmt":"2025-12-18T10:15:33","guid":{"rendered":"https:\/\/ses-creative.com\/?post_type=product&#038;p=118270"},"modified":"2026-02-12T10:22:50","modified_gmt":"2026-02-12T10:22:50","slug":"montessori-trier-les-couleurs-et-les-matieres","status":"publish","type":"product","link":"https:\/\/ses-creative.com\/fr\/produit\/montessori-trier-les-couleurs-et-les-matieres\/","title":{"rendered":"Montessori &#8211; Trier les couleurs et les mati\u00e8res"},"content":{"rendered":"<p>Stimulez les sens et la cr\u00e9ativit\u00e9 avec Trier les couleurs et les mat\u00e9riaux. Les enfants d\u00e9couvrent les textures, associent les couleurs et cr\u00e9ent leurs propres \u0153uvres d&rsquo;art gr\u00e2ce \u00e0 un riche m\u00e9lange de mat\u00e9riaux.<\/p>\n<p>Ce qui rend ce set formidable<br \/>\nApprendre \u00e0 trier et \u00e0 associer par couleur et par forme<\/p>\n<p> D\u00e9couverte tactile : feutre doux, mousse structur\u00e9e, plumes et papier<\/p>\n<p> Stimule la conscience sensorielle, la reconnaissance des motifs et la concentration<\/p>\n<p> Colle au doigt pour un collage facile et contr\u00f4l\u00e9<\/p>\n<p> Cartes adh\u00e9sives solides : parfaites pour les jeunes cr\u00e9ateurs<\/p>\n<p>Toucher = comprendre<br \/>\nDoux, rugueux, l\u00e9ger, joyeux \u2014 en touchant et en comparant, les enfants apprennent de mani\u00e8re ludique \u00e0 reconna\u00eetre les diff\u00e9rences et \u00e0 cr\u00e9er leurs propres compositions.<\/p>\n<p>Contenu du set<br \/>\n4 cartes adh\u00e9sives solides<\/p>\n<p>20 pompons<\/p>\n<p>12 plumes<\/p>\n<p>16 formes en mousse (mousse structur\u00e9e)<\/p>\n<p>16 formes en feutre<\/p>\n<p>48 formes en papier<\/p>\n<p>45 ml de colle au doigt<\/p>\n<p>Pourquoi choisir SES Creative<br \/>\nChez SES Creative, nous d\u00e9veloppons des jouets qui aident les enfants \u00e0 grandir. Nos produits stimulent la cr\u00e9ativit\u00e9, la confiance en soi et le d\u00e9veloppement, tout en \u00e9tant toujours s\u00fbrs, responsables et amusants. Depuis plus de 50 ans, nous fabriquons des jouets durables, con\u00e7us et produits avec fiert\u00e9 aux Pays-Bas.<\/p>\n<p>C&rsquo;est parti !<br \/>\nCommandez d\u00e8s maintenant Montessori Couleurs &amp; Tri des mat\u00e9riaux et laissez les enfants d\u00e9couvrir les couleurs et les textures !<\/p>\n","protected":false},"excerpt":{"rendered":"<p>Stimulez les sens et la cr\u00e9ativit\u00e9 avec Trier les couleurs et les mat\u00e9riaux. Les enfants d\u00e9couvrent les textures, associent les couleurs et cr\u00e9ent leurs propres \u0153uvres d&rsquo;art gr\u00e2ce \u00e0 un riche m\u00e9lange de mat\u00e9riaux. Ce qui rend ce set formidable Apprendre \u00e0 trier et \u00e0 associer par couleur et par forme D\u00e9couverte tactile : feutre [&hellip;]<\/p>\n","protected":false},"featured_media":101730,"comment_status":"open","ping_status":"closed","template":"","meta":{"_acf_changed":false},"product_brand":[],"product_cat":[122],"product_tag":[],"class_list":{"0":"post-118270","1":"product","2":"type-product","3":"status-publish","4":"has-post-thumbnail","6":"product_cat-loisirs-creatifs","7":"pa_collecties-montessori","8":"pa_leeftijd-filter-3-4-ans","9":"pa_meest-populair-bij-garcons-filles","11":"first","12":"instock","13":"shipping-taxable","14":"product-type-simple"},"acf":[],"yoast_head":"<!-- This site is optimized with the Yoast SEO plugin v27.2 - https:\/\/yoast.com\/product\/yoast-seo-wordpress\/ -->\n<title>Montessori - Trier les couleurs et les mati\u00e8res - SES Creative<\/title>\n<meta name=\"robots\" content=\"index, follow, max-snippet:-1, max-image-preview:large, max-video-preview:-1\" \/>\n<link rel=\"canonical\" href=\"https:\/\/ses-creative.com\/fr\/produit\/montessori-trier-les-couleurs-et-les-matieres\/\" \/>\n<meta property=\"og:locale\" content=\"fr_FR\" \/>\n<meta property=\"og:type\" content=\"article\" \/>\n<meta property=\"og:title\" content=\"Montessori - Trier les couleurs et les mati\u00e8res - SES Creative\" \/>\n<meta property=\"og:description\" content=\"Stimulez les sens et la cr\u00e9ativit\u00e9 avec Trier les couleurs et les mat\u00e9riaux. Les enfants d\u00e9couvrent les textures, associent les couleurs et cr\u00e9ent leurs propres \u0153uvres d&rsquo;art gr\u00e2ce \u00e0 un riche m\u00e9lange de mat\u00e9riaux. Ce qui rend ce set formidable Apprendre \u00e0 trier et \u00e0 associer par couleur et par forme D\u00e9couverte tactile : feutre [&hellip;]\" \/>\n<meta property=\"og:url\" content=\"https:\/\/ses-creative.com\/fr\/produit\/montessori-trier-les-couleurs-et-les-matieres\/\" \/>\n<meta property=\"og:site_name\" content=\"SES Creative\" \/>\n<meta property=\"article:modified_time\" content=\"2026-02-12T10:22:50+00:00\" \/>\n<meta property=\"og:image\" content=\"https:\/\/ses-creative.com\/wp-content\/uploads\/2026\/01\/140621.jpg\" \/>\n\t<meta property=\"og:image:width\" content=\"1000\" \/>\n\t<meta property=\"og:image:height\" content=\"1000\" \/>\n\t<meta property=\"og:image:type\" content=\"image\/jpeg\" \/>\n<meta name=\"twitter:card\" content=\"summary_large_image\" \/>\n<meta name=\"twitter:label1\" content=\"Dur\u00e9e de lecture estim\u00e9e\" \/>\n\t<meta name=\"twitter:data1\" content=\"1 minute\" \/>\n<script type=\"application\/ld+json\" class=\"yoast-schema-graph\">{\"@context\":\"https:\/\/schema.org\",\"@graph\":[{\"@type\":\"WebPage\",\"@id\":\"https:\/\/ses-creative.com\/fr\/produit\/montessori-trier-les-couleurs-et-les-matieres\/\",\"url\":\"https:\/\/ses-creative.com\/fr\/produit\/montessori-trier-les-couleurs-et-les-matieres\/\",\"name\":\"Montessori - Trier les couleurs et les mati\u00e8res - SES Creative\",\"isPartOf\":{\"@id\":\"https:\/\/ses-creative.com\/#website\"},\"primaryImageOfPage\":{\"@id\":\"https:\/\/ses-creative.com\/fr\/produit\/montessori-trier-les-couleurs-et-les-matieres\/#primaryimage\"},\"image\":{\"@id\":\"https:\/\/ses-creative.com\/fr\/produit\/montessori-trier-les-couleurs-et-les-matieres\/#primaryimage\"},\"thumbnailUrl\":\"https:\/\/ses-creative.com\/wp-content\/uploads\/2026\/01\/140621.jpg\",\"datePublished\":\"2025-12-18T10:15:33+00:00\",\"dateModified\":\"2026-02-12T10:22:50+00:00\",\"breadcrumb\":{\"@id\":\"https:\/\/ses-creative.com\/fr\/produit\/montessori-trier-les-couleurs-et-les-matieres\/#breadcrumb\"},\"inLanguage\":\"fr-FR\",\"potentialAction\":[{\"@type\":\"ReadAction\",\"target\":[\"https:\/\/ses-creative.com\/fr\/produit\/montessori-trier-les-couleurs-et-les-matieres\/\"]}]},{\"@type\":\"ImageObject\",\"inLanguage\":\"fr-FR\",\"@id\":\"https:\/\/ses-creative.com\/fr\/produit\/montessori-trier-les-couleurs-et-les-matieres\/#primaryimage\",\"url\":\"https:\/\/ses-creative.com\/wp-content\/uploads\/2026\/01\/140621.jpg\",\"contentUrl\":\"https:\/\/ses-creative.com\/wp-content\/uploads\/2026\/01\/140621.jpg\",\"width\":1000,\"height\":1000},{\"@type\":\"BreadcrumbList\",\"@id\":\"https:\/\/ses-creative.com\/fr\/produit\/montessori-trier-les-couleurs-et-les-matieres\/#breadcrumb\",\"itemListElement\":[{\"@type\":\"ListItem\",\"position\":1,\"name\":\"Boutique\",\"item\":\"https:\/\/ses-creative.com\/fr\/boutique\/\"},{\"@type\":\"ListItem\",\"position\":2,\"name\":\"Loisirs cr\u00e9atifs\",\"item\":\"https:\/\/ses-creative.com\/fr\/product-categorie\/loisirs-creatifs\/\"},{\"@type\":\"ListItem\",\"position\":3,\"name\":\"Montessori &#8211; Trier les couleurs et les mati\u00e8res\"}]},{\"@type\":\"WebSite\",\"@id\":\"https:\/\/ses-creative.com\/#website\",\"url\":\"https:\/\/ses-creative.com\/\",\"name\":\"SES Creative\",\"description\":\"\",\"publisher\":{\"@id\":\"https:\/\/ses-creative.com\/#organization\"},\"potentialAction\":[{\"@type\":\"SearchAction\",\"target\":{\"@type\":\"EntryPoint\",\"urlTemplate\":\"https:\/\/ses-creative.com\/?s={search_term_string}\"},\"query-input\":{\"@type\":\"PropertyValueSpecification\",\"valueRequired\":true,\"valueName\":\"search_term_string\"}}],\"inLanguage\":\"fr-FR\"},{\"@type\":\"Organization\",\"@id\":\"https:\/\/ses-creative.com\/#organization\",\"name\":\"SES Creative\",\"url\":\"https:\/\/ses-creative.com\/\",\"logo\":{\"@type\":\"ImageObject\",\"inLanguage\":\"fr-FR\",\"@id\":\"https:\/\/ses-creative.com\/#\/schema\/logo\/image\/\",\"url\":\"https:\/\/ses-creative.com\/wp-content\/uploads\/2025\/10\/ses-creative-logo.jpg\",\"contentUrl\":\"https:\/\/ses-creative.com\/wp-content\/uploads\/2025\/10\/ses-creative-logo.jpg\",\"width\":2037,\"height\":2037,\"caption\":\"SES Creative\"},\"image\":{\"@id\":\"https:\/\/ses-creative.com\/#\/schema\/logo\/image\/\"}}]}<\/script>\n<!-- \/ Yoast SEO plugin. -->","yoast_head_json":{"title":"Montessori - Trier les couleurs et les mati\u00e8res - SES Creative","robots":{"index":"index","follow":"follow","max-snippet":"max-snippet:-1","max-image-preview":"max-image-preview:large","max-video-preview":"max-video-preview:-1"},"canonical":"https:\/\/ses-creative.com\/fr\/produit\/montessori-trier-les-couleurs-et-les-matieres\/","og_locale":"fr_FR","og_type":"article","og_title":"Montessori - Trier les couleurs et les mati\u00e8res - SES Creative","og_description":"Stimulez les sens et la cr\u00e9ativit\u00e9 avec Trier les couleurs et les mat\u00e9riaux. Les enfants d\u00e9couvrent les textures, associent les couleurs et cr\u00e9ent leurs propres \u0153uvres d&rsquo;art gr\u00e2ce \u00e0 un riche m\u00e9lange de mat\u00e9riaux. Ce qui rend ce set formidable Apprendre \u00e0 trier et \u00e0 associer par couleur et par forme D\u00e9couverte tactile : feutre [&hellip;]","og_url":"https:\/\/ses-creative.com\/fr\/produit\/montessori-trier-les-couleurs-et-les-matieres\/","og_site_name":"SES Creative","article_modified_time":"2026-02-12T10:22:50+00:00","og_image":[{"width":1000,"height":1000,"url":"https:\/\/ses-creative.com\/wp-content\/uploads\/2026\/01\/140621.jpg","type":"image\/jpeg"}],"twitter_card":"summary_large_image","twitter_misc":{"Dur\u00e9e de lecture estim\u00e9e":"1 minute"},"schema":{"@context":"https:\/\/schema.org","@graph":[{"@type":"WebPage","@id":"https:\/\/ses-creative.com\/fr\/produit\/montessori-trier-les-couleurs-et-les-matieres\/","url":"https:\/\/ses-creative.com\/fr\/produit\/montessori-trier-les-couleurs-et-les-matieres\/","name":"Montessori - Trier les couleurs et les mati\u00e8res - SES Creative","isPartOf":{"@id":"https:\/\/ses-creative.com\/#website"},"primaryImageOfPage":{"@id":"https:\/\/ses-creative.com\/fr\/produit\/montessori-trier-les-couleurs-et-les-matieres\/#primaryimage"},"image":{"@id":"https:\/\/ses-creative.com\/fr\/produit\/montessori-trier-les-couleurs-et-les-matieres\/#primaryimage"},"thumbnailUrl":"https:\/\/ses-creative.com\/wp-content\/uploads\/2026\/01\/140621.jpg","datePublished":"2025-12-18T10:15:33+00:00","dateModified":"2026-02-12T10:22:50+00:00","breadcrumb":{"@id":"https:\/\/ses-creative.com\/fr\/produit\/montessori-trier-les-couleurs-et-les-matieres\/#breadcrumb"},"inLanguage":"fr-FR","potentialAction":[{"@type":"ReadAction","target":["https:\/\/ses-creative.com\/fr\/produit\/montessori-trier-les-couleurs-et-les-matieres\/"]}]},{"@type":"ImageObject","inLanguage":"fr-FR","@id":"https:\/\/ses-creative.com\/fr\/produit\/montessori-trier-les-couleurs-et-les-matieres\/#primaryimage","url":"https:\/\/ses-creative.com\/wp-content\/uploads\/2026\/01\/140621.jpg","contentUrl":"https:\/\/ses-creative.com\/wp-content\/uploads\/2026\/01\/140621.jpg","width":1000,"height":1000},{"@type":"BreadcrumbList","@id":"https:\/\/ses-creative.com\/fr\/produit\/montessori-trier-les-couleurs-et-les-matieres\/#breadcrumb","itemListElement":[{"@type":"ListItem","position":1,"name":"Boutique","item":"https:\/\/ses-creative.com\/fr\/boutique\/"},{"@type":"ListItem","position":2,"name":"Loisirs cr\u00e9atifs","item":"https:\/\/ses-creative.com\/fr\/product-categorie\/loisirs-creatifs\/"},{"@type":"ListItem","position":3,"name":"Montessori &#8211; Trier les couleurs et les mati\u00e8res"}]},{"@type":"WebSite","@id":"https:\/\/ses-creative.com\/#website","url":"https:\/\/ses-creative.com\/","name":"SES Creative","description":"","publisher":{"@id":"https:\/\/ses-creative.com\/#organization"},"potentialAction":[{"@type":"SearchAction","target":{"@type":"EntryPoint","urlTemplate":"https:\/\/ses-creative.com\/?s={search_term_string}"},"query-input":{"@type":"PropertyValueSpecification","valueRequired":true,"valueName":"search_term_string"}}],"inLanguage":"fr-FR"},{"@type":"Organization","@id":"https:\/\/ses-creative.com\/#organization","name":"SES Creative","url":"https:\/\/ses-creative.com\/","logo":{"@type":"ImageObject","inLanguage":"fr-FR","@id":"https:\/\/ses-creative.com\/#\/schema\/logo\/image\/","url":"https:\/\/ses-creative.com\/wp-content\/uploads\/2025\/10\/ses-creative-logo.jpg","contentUrl":"https:\/\/ses-creative.com\/wp-content\/uploads\/2025\/10\/ses-creative-logo.jpg","width":2037,"height":2037,"caption":"SES Creative"},"image":{"@id":"https:\/\/ses-creative.com\/#\/schema\/logo\/image\/"}}]}},"_links":{"self":[{"href":"https:\/\/ses-creative.com\/fr\/wp-json\/wp\/v2\/product\/118270","targetHints":{"allow":["GET"]}}],"collection":[{"href":"https:\/\/ses-creative.com\/fr\/wp-json\/wp\/v2\/product"}],"about":[{"href":"https:\/\/ses-creative.com\/fr\/wp-json\/wp\/v2\/types\/product"}],"replies":[{"embeddable":true,"href":"https:\/\/ses-creative.com\/fr\/wp-json\/wp\/v2\/comments?post=118270"}],"wp:featuredmedia":[{"embeddable":true,"href":"https:\/\/ses-creative.com\/fr\/wp-json\/wp\/v2\/media\/101730"}],"wp:attachment":[{"href":"https:\/\/ses-creative.com\/fr\/wp-json\/wp\/v2\/media?parent=118270"}],"wp:term":[{"taxonomy":"product_brand","embeddable":true,"href":"https:\/\/ses-creative.com\/fr\/wp-json\/wp\/v2\/product_brand?post=118270"},{"taxonomy":"product_cat","embeddable":true,"href":"https:\/\/ses-creative.com\/fr\/wp-json\/wp\/v2\/product_cat?post=118270"},{"taxonomy":"product_tag","embeddable":true,"href":"https:\/\/ses-creative.com\/fr\/wp-json\/wp\/v2\/product_tag?post=118270"}],"curies":[{"name":"wp","href":"https:\/\/api.w.org\/{rel}","templated":true}]}}