











{"id":118269,"date":"2026-02-12T10:09:13","date_gmt":"2026-02-12T10:09:13","guid":{"rendered":"https:\/\/ses-creative.com\/?post_type=product&#038;p=118269"},"modified":"2026-02-12T10:22:50","modified_gmt":"2026-02-12T10:22:50","slug":"montessori-formes-a-decouper","status":"publish","type":"product","link":"https:\/\/ses-creative.com\/fr\/produit\/montessori-formes-a-decouper\/","title":{"rendered":"Montessori &#8211; Formes \u00e0 d\u00e9couper"},"content":{"rendered":"<p>Apprenez \u00e0 d\u00e9couper en toute s\u00e9curit\u00e9 avec Montessori D\u00e9coupage de formes. Les enfants s&rsquo;entra\u00eenent \u00e0 effectuer des mouvements de base, d\u00e9coupent des formes simples et en font des collages color\u00e9s, avec des mat\u00e9riaux adapt\u00e9s aux enfants qui leur donnent confiance.<\/p>\n<p>Ce qui rend ce kit formidable<br \/>\n Ciseaux ergonomiques et s\u00e9curis\u00e9s pour les petites mains<\/p>\n<p> Apprentissage \u00e9tape par \u00e9tape avec 2 cartes de d\u00e9coupe (formes de base)<\/p>\n<p> 6 cartes \u00e0 coller pour cr\u00e9er ses propres \u0153uvres d&rsquo;art<\/p>\n<p> Colle au doigt (45 ml) : facile \u00e0 appliquer et \u00e0 nettoyer<\/p>\n<p> D\u00e9veloppe la motricit\u00e9 fine, la coordination \u0153il-main et la concentration<\/p>\n<p>D\u00e9couper = savoir faire<br \/>\nDu premier d\u00e9coupage au collage dont ils sont fiers : les enfants voient imm\u00e9diatement le r\u00e9sultat, prennent confiance en eux et d\u00e9couvrent \u00e0 quel point apprendre peut \u00eatre amusant.<\/p>\n<p>Contenu du kit<br \/>\n6 cartes \u00e0 coller<\/p>\n<p>2 cartes \u00e0 d\u00e9couper (formes de base)<\/p>\n<p>Ciseaux pour enfants s\u00e9curis\u00e9s<\/p>\n<p>45 ml de colle \u00e0 doigts<\/p>\n<p>Pourquoi choisir SES Creative<br \/>\nChez SES Creative, nous d\u00e9veloppons des jouets qui aident les enfants \u00e0 grandir. Nos produits stimulent la cr\u00e9ativit\u00e9, la confiance en soi et le d\u00e9veloppement, tout en \u00e9tant toujours s\u00fbrs, responsables et amusants. Depuis plus de 50 ans, nous fabriquons des jouets durables, con\u00e7us et produits avec fiert\u00e9 aux Pays-Bas.<\/p>\n<p>C&rsquo;est parti !<br \/>\nCommandez d\u00e8s maintenant le kit Montessori \u00ab D\u00e9couper des formes \u00bb et offrez aux enfants un initiation ludique et s\u00e9curis\u00e9e au d\u00e9coupage et au collage !<\/p>\n","protected":false},"excerpt":{"rendered":"<p>Apprenez \u00e0 d\u00e9couper en toute s\u00e9curit\u00e9 avec Montessori D\u00e9coupage de formes. Les enfants s&rsquo;entra\u00eenent \u00e0 effectuer des mouvements de base, d\u00e9coupent des formes simples et en font des collages color\u00e9s, avec des mat\u00e9riaux adapt\u00e9s aux enfants qui leur donnent confiance. Ce qui rend ce kit formidable Ciseaux ergonomiques et s\u00e9curis\u00e9s pour les petites mains Apprentissage [&hellip;]<\/p>\n","protected":false},"featured_media":101708,"comment_status":"closed","ping_status":"closed","template":"","meta":{"_acf_changed":false},"product_brand":[],"product_cat":[122],"product_tag":[],"class_list":{"0":"post-118269","1":"product","2":"type-product","3":"status-publish","4":"has-post-thumbnail","6":"product_cat-loisirs-creatifs","7":"pa_collecties-montessori","8":"pa_leeftijd-filter-3-4-ans","9":"pa_meest-populair-bij-garcons-filles","11":"first","12":"instock","13":"shipping-taxable","14":"product-type-simple"},"acf":[],"yoast_head":"<!-- This site is optimized with the Yoast SEO plugin v27.2 - https:\/\/yoast.com\/product\/yoast-seo-wordpress\/ -->\n<title>Montessori - Formes \u00e0 d\u00e9couper - SES Creative<\/title>\n<meta name=\"robots\" content=\"index, follow, max-snippet:-1, max-image-preview:large, max-video-preview:-1\" \/>\n<link rel=\"canonical\" href=\"https:\/\/ses-creative.com\/fr\/produit\/montessori-formes-a-decouper\/\" \/>\n<meta property=\"og:locale\" content=\"fr_FR\" \/>\n<meta property=\"og:type\" content=\"article\" \/>\n<meta property=\"og:title\" content=\"Montessori - Formes \u00e0 d\u00e9couper - SES Creative\" \/>\n<meta property=\"og:description\" content=\"Apprenez \u00e0 d\u00e9couper en toute s\u00e9curit\u00e9 avec Montessori D\u00e9coupage de formes. Les enfants s&rsquo;entra\u00eenent \u00e0 effectuer des mouvements de base, d\u00e9coupent des formes simples et en font des collages color\u00e9s, avec des mat\u00e9riaux adapt\u00e9s aux enfants qui leur donnent confiance. Ce qui rend ce kit formidable Ciseaux ergonomiques et s\u00e9curis\u00e9s pour les petites mains Apprentissage [&hellip;]\" \/>\n<meta property=\"og:url\" content=\"https:\/\/ses-creative.com\/fr\/produit\/montessori-formes-a-decouper\/\" \/>\n<meta property=\"og:site_name\" content=\"SES Creative\" \/>\n<meta property=\"article:modified_time\" content=\"2026-02-12T10:22:50+00:00\" \/>\n<meta name=\"twitter:card\" content=\"summary_large_image\" \/>\n<meta name=\"twitter:label1\" content=\"Dur\u00e9e de lecture estim\u00e9e\" \/>\n\t<meta name=\"twitter:data1\" content=\"1 minute\" \/>\n<script type=\"application\/ld+json\" class=\"yoast-schema-graph\">{\"@context\":\"https:\/\/schema.org\",\"@graph\":[{\"@type\":\"WebPage\",\"@id\":\"https:\/\/ses-creative.com\/fr\/produit\/montessori-formes-a-decouper\/\",\"url\":\"https:\/\/ses-creative.com\/fr\/produit\/montessori-formes-a-decouper\/\",\"name\":\"Montessori - Formes \u00e0 d\u00e9couper - SES Creative\",\"isPartOf\":{\"@id\":\"https:\/\/ses-creative.com\/#website\"},\"primaryImageOfPage\":{\"@id\":\"https:\/\/ses-creative.com\/fr\/produit\/montessori-formes-a-decouper\/#primaryimage\"},\"image\":{\"@id\":\"https:\/\/ses-creative.com\/fr\/produit\/montessori-formes-a-decouper\/#primaryimage\"},\"thumbnailUrl\":\"https:\/\/ses-creative.com\/wp-content\/uploads\/2026\/01\/140611.jpg\",\"datePublished\":\"2026-02-12T10:09:13+00:00\",\"dateModified\":\"2026-02-12T10:22:50+00:00\",\"breadcrumb\":{\"@id\":\"https:\/\/ses-creative.com\/fr\/produit\/montessori-formes-a-decouper\/#breadcrumb\"},\"inLanguage\":\"fr-FR\",\"potentialAction\":[{\"@type\":\"ReadAction\",\"target\":[\"https:\/\/ses-creative.com\/fr\/produit\/montessori-formes-a-decouper\/\"]}]},{\"@type\":\"ImageObject\",\"inLanguage\":\"fr-FR\",\"@id\":\"https:\/\/ses-creative.com\/fr\/produit\/montessori-formes-a-decouper\/#primaryimage\",\"url\":\"https:\/\/ses-creative.com\/wp-content\/uploads\/2026\/01\/140611.jpg\",\"contentUrl\":\"https:\/\/ses-creative.com\/wp-content\/uploads\/2026\/01\/140611.jpg\",\"width\":1000,\"height\":1000},{\"@type\":\"BreadcrumbList\",\"@id\":\"https:\/\/ses-creative.com\/fr\/produit\/montessori-formes-a-decouper\/#breadcrumb\",\"itemListElement\":[{\"@type\":\"ListItem\",\"position\":1,\"name\":\"Boutique\",\"item\":\"https:\/\/ses-creative.com\/fr\/boutique\/\"},{\"@type\":\"ListItem\",\"position\":2,\"name\":\"Loisirs cr\u00e9atifs\",\"item\":\"https:\/\/ses-creative.com\/fr\/product-categorie\/loisirs-creatifs\/\"},{\"@type\":\"ListItem\",\"position\":3,\"name\":\"Montessori &#8211; Formes \u00e0 d\u00e9couper\"}]},{\"@type\":\"WebSite\",\"@id\":\"https:\/\/ses-creative.com\/#website\",\"url\":\"https:\/\/ses-creative.com\/\",\"name\":\"SES Creative\",\"description\":\"\",\"publisher\":{\"@id\":\"https:\/\/ses-creative.com\/#organization\"},\"potentialAction\":[{\"@type\":\"SearchAction\",\"target\":{\"@type\":\"EntryPoint\",\"urlTemplate\":\"https:\/\/ses-creative.com\/?s={search_term_string}\"},\"query-input\":{\"@type\":\"PropertyValueSpecification\",\"valueRequired\":true,\"valueName\":\"search_term_string\"}}],\"inLanguage\":\"fr-FR\"},{\"@type\":\"Organization\",\"@id\":\"https:\/\/ses-creative.com\/#organization\",\"name\":\"SES Creative\",\"url\":\"https:\/\/ses-creative.com\/\",\"logo\":{\"@type\":\"ImageObject\",\"inLanguage\":\"fr-FR\",\"@id\":\"https:\/\/ses-creative.com\/#\/schema\/logo\/image\/\",\"url\":\"https:\/\/ses-creative.com\/wp-content\/uploads\/2025\/10\/ses-creative-logo.jpg\",\"contentUrl\":\"https:\/\/ses-creative.com\/wp-content\/uploads\/2025\/10\/ses-creative-logo.jpg\",\"width\":2037,\"height\":2037,\"caption\":\"SES Creative\"},\"image\":{\"@id\":\"https:\/\/ses-creative.com\/#\/schema\/logo\/image\/\"}}]}<\/script>\n<!-- \/ Yoast SEO plugin. -->","yoast_head_json":{"title":"Montessori - Formes \u00e0 d\u00e9couper - SES Creative","robots":{"index":"index","follow":"follow","max-snippet":"max-snippet:-1","max-image-preview":"max-image-preview:large","max-video-preview":"max-video-preview:-1"},"canonical":"https:\/\/ses-creative.com\/fr\/produit\/montessori-formes-a-decouper\/","og_locale":"fr_FR","og_type":"article","og_title":"Montessori - Formes \u00e0 d\u00e9couper - SES Creative","og_description":"Apprenez \u00e0 d\u00e9couper en toute s\u00e9curit\u00e9 avec Montessori D\u00e9coupage de formes. Les enfants s&rsquo;entra\u00eenent \u00e0 effectuer des mouvements de base, d\u00e9coupent des formes simples et en font des collages color\u00e9s, avec des mat\u00e9riaux adapt\u00e9s aux enfants qui leur donnent confiance. Ce qui rend ce kit formidable Ciseaux ergonomiques et s\u00e9curis\u00e9s pour les petites mains Apprentissage [&hellip;]","og_url":"https:\/\/ses-creative.com\/fr\/produit\/montessori-formes-a-decouper\/","og_site_name":"SES Creative","article_modified_time":"2026-02-12T10:22:50+00:00","twitter_card":"summary_large_image","twitter_misc":{"Dur\u00e9e de lecture estim\u00e9e":"1 minute"},"schema":{"@context":"https:\/\/schema.org","@graph":[{"@type":"WebPage","@id":"https:\/\/ses-creative.com\/fr\/produit\/montessori-formes-a-decouper\/","url":"https:\/\/ses-creative.com\/fr\/produit\/montessori-formes-a-decouper\/","name":"Montessori - Formes \u00e0 d\u00e9couper - SES Creative","isPartOf":{"@id":"https:\/\/ses-creative.com\/#website"},"primaryImageOfPage":{"@id":"https:\/\/ses-creative.com\/fr\/produit\/montessori-formes-a-decouper\/#primaryimage"},"image":{"@id":"https:\/\/ses-creative.com\/fr\/produit\/montessori-formes-a-decouper\/#primaryimage"},"thumbnailUrl":"https:\/\/ses-creative.com\/wp-content\/uploads\/2026\/01\/140611.jpg","datePublished":"2026-02-12T10:09:13+00:00","dateModified":"2026-02-12T10:22:50+00:00","breadcrumb":{"@id":"https:\/\/ses-creative.com\/fr\/produit\/montessori-formes-a-decouper\/#breadcrumb"},"inLanguage":"fr-FR","potentialAction":[{"@type":"ReadAction","target":["https:\/\/ses-creative.com\/fr\/produit\/montessori-formes-a-decouper\/"]}]},{"@type":"ImageObject","inLanguage":"fr-FR","@id":"https:\/\/ses-creative.com\/fr\/produit\/montessori-formes-a-decouper\/#primaryimage","url":"https:\/\/ses-creative.com\/wp-content\/uploads\/2026\/01\/140611.jpg","contentUrl":"https:\/\/ses-creative.com\/wp-content\/uploads\/2026\/01\/140611.jpg","width":1000,"height":1000},{"@type":"BreadcrumbList","@id":"https:\/\/ses-creative.com\/fr\/produit\/montessori-formes-a-decouper\/#breadcrumb","itemListElement":[{"@type":"ListItem","position":1,"name":"Boutique","item":"https:\/\/ses-creative.com\/fr\/boutique\/"},{"@type":"ListItem","position":2,"name":"Loisirs cr\u00e9atifs","item":"https:\/\/ses-creative.com\/fr\/product-categorie\/loisirs-creatifs\/"},{"@type":"ListItem","position":3,"name":"Montessori &#8211; Formes \u00e0 d\u00e9couper"}]},{"@type":"WebSite","@id":"https:\/\/ses-creative.com\/#website","url":"https:\/\/ses-creative.com\/","name":"SES Creative","description":"","publisher":{"@id":"https:\/\/ses-creative.com\/#organization"},"potentialAction":[{"@type":"SearchAction","target":{"@type":"EntryPoint","urlTemplate":"https:\/\/ses-creative.com\/?s={search_term_string}"},"query-input":{"@type":"PropertyValueSpecification","valueRequired":true,"valueName":"search_term_string"}}],"inLanguage":"fr-FR"},{"@type":"Organization","@id":"https:\/\/ses-creative.com\/#organization","name":"SES Creative","url":"https:\/\/ses-creative.com\/","logo":{"@type":"ImageObject","inLanguage":"fr-FR","@id":"https:\/\/ses-creative.com\/#\/schema\/logo\/image\/","url":"https:\/\/ses-creative.com\/wp-content\/uploads\/2025\/10\/ses-creative-logo.jpg","contentUrl":"https:\/\/ses-creative.com\/wp-content\/uploads\/2025\/10\/ses-creative-logo.jpg","width":2037,"height":2037,"caption":"SES Creative"},"image":{"@id":"https:\/\/ses-creative.com\/#\/schema\/logo\/image\/"}}]}},"_links":{"self":[{"href":"https:\/\/ses-creative.com\/fr\/wp-json\/wp\/v2\/product\/118269","targetHints":{"allow":["GET"]}}],"collection":[{"href":"https:\/\/ses-creative.com\/fr\/wp-json\/wp\/v2\/product"}],"about":[{"href":"https:\/\/ses-creative.com\/fr\/wp-json\/wp\/v2\/types\/product"}],"replies":[{"embeddable":true,"href":"https:\/\/ses-creative.com\/fr\/wp-json\/wp\/v2\/comments?post=118269"}],"wp:featuredmedia":[{"embeddable":true,"href":"https:\/\/ses-creative.com\/fr\/wp-json\/wp\/v2\/media\/101708"}],"wp:attachment":[{"href":"https:\/\/ses-creative.com\/fr\/wp-json\/wp\/v2\/media?parent=118269"}],"wp:term":[{"taxonomy":"product_brand","embeddable":true,"href":"https:\/\/ses-creative.com\/fr\/wp-json\/wp\/v2\/product_brand?post=118269"},{"taxonomy":"product_cat","embeddable":true,"href":"https:\/\/ses-creative.com\/fr\/wp-json\/wp\/v2\/product_cat?post=118269"},{"taxonomy":"product_tag","embeddable":true,"href":"https:\/\/ses-creative.com\/fr\/wp-json\/wp\/v2\/product_tag?post=118269"}],"curies":[{"name":"wp","href":"https:\/\/api.w.org\/{rel}","templated":true}]}}