











{"id":118265,"date":"2026-02-12T10:09:12","date_gmt":"2026-02-12T10:09:12","guid":{"rendered":"https:\/\/ses-creative.com\/?post_type=product&#038;p=118265"},"modified":"2026-02-12T10:22:49","modified_gmt":"2026-02-12T10:22:49","slug":"maillons-a-relier","status":"publish","type":"product","link":"https:\/\/ses-creative.com\/fr\/produit\/maillons-a-relier\/","title":{"rendered":"Maillons \u00e0 relier"},"content":{"rendered":"<p>Laissez les petits cr\u00e9ateurs s&rsquo;exprimer avec les charms \u00e0 assembler ! 300 charms color\u00e9s de diff\u00e9rentes formes s&rsquo;assemblent facilement. Vous pouvez ainsi cr\u00e9er des bracelets et des colliers en un clin d&rsquo;\u0153il, puis les d\u00e9monter tout aussi facilement pour cr\u00e9er un nouveau look.<\/p>\n<p>Ce qui rend ce set g\u00e9nial<br \/>\n 300 maillons en forme d&rsquo;\u00e9toiles, de c\u0153urs et de cercles<\/p>\n<p> Cliquez et c&rsquo;est pr\u00eat : sans outils ni fil<\/p>\n<p> Combinaisons infinies de couleurs et de formes<\/p>\n<p> Stimule la cr\u00e9ativit\u00e9, la motricit\u00e9 fine et l&rsquo;expression personnelle<\/p>\n<p>Id\u00e9al pour les rendez-vous ludiques et les f\u00eates (cr\u00e9er ensemble = encore plus amusant)<\/p>\n<p>M\u00e9langez, assortissez, personnalisez<br \/>\nColor\u00e9 et ludique aujourd&rsquo;hui, minimaliste demain : les enfants changent de style en un clin d&rsquo;\u0153il et cr\u00e9ent des bijoux dont ils sont fiers (et qu&rsquo;ils aiment partager avec leurs amis).<\/p>\n<p>Contenu du set<br \/>\n300 breloques de diff\u00e9rentes couleurs (\u00e9toiles, c\u0153urs, cercles)<\/p>\n<p>Pourquoi choisir SES Creative<br \/>\nChez SES Creative, nous d\u00e9veloppons des jouets qui aident les enfants \u00e0 grandir. Nos produits stimulent la cr\u00e9ativit\u00e9, la confiance en soi et le d\u00e9veloppement, tout en \u00e9tant toujours s\u00fbrs, responsables et amusants. Depuis plus de 50 ans, nous fabriquons des jouets durables, con\u00e7us et produits avec fiert\u00e9 aux Pays-Bas.<\/p>\n<p>C&rsquo;est parti !<br \/>\nCommandez d\u00e8s maintenant le set de breloques \u00e0 assembler et cr\u00e9ez sans cesse de nouveaux bracelets et colliers !<\/p>\n","protected":false},"excerpt":{"rendered":"<p>Laissez les petits cr\u00e9ateurs s&rsquo;exprimer avec les charms \u00e0 assembler ! 300 charms color\u00e9s de diff\u00e9rentes formes s&rsquo;assemblent facilement. Vous pouvez ainsi cr\u00e9er des bracelets et des colliers en un clin d&rsquo;\u0153il, puis les d\u00e9monter tout aussi facilement pour cr\u00e9er un nouveau look. Ce qui rend ce set g\u00e9nial 300 maillons en forme d&rsquo;\u00e9toiles, de [&hellip;]<\/p>\n","protected":false},"featured_media":101628,"comment_status":"closed","ping_status":"closed","template":"","meta":{"_acf_changed":false},"product_brand":[],"product_cat":[122],"product_tag":[],"class_list":{"0":"post-118265","1":"product","2":"type-product","3":"status-publish","4":"has-post-thumbnail","6":"product_cat-loisirs-creatifs","7":"pa_leeftijd-filter-3-4-ans","8":"pa_meest-populair-bij-garcons-filles","10":"first","11":"instock","12":"shipping-taxable","13":"product-type-simple"},"acf":[],"yoast_head":"<!-- This site is optimized with the Yoast SEO plugin v27.2 - https:\/\/yoast.com\/product\/yoast-seo-wordpress\/ -->\n<title>Maillons \u00e0 relier - SES Creative<\/title>\n<meta name=\"robots\" content=\"index, follow, max-snippet:-1, max-image-preview:large, max-video-preview:-1\" \/>\n<link rel=\"canonical\" href=\"https:\/\/ses-creative.com\/fr\/produit\/maillons-a-relier\/\" \/>\n<meta property=\"og:locale\" content=\"fr_FR\" \/>\n<meta property=\"og:type\" content=\"article\" \/>\n<meta property=\"og:title\" content=\"Maillons \u00e0 relier - SES Creative\" \/>\n<meta property=\"og:description\" content=\"Laissez les petits cr\u00e9ateurs s&rsquo;exprimer avec les charms \u00e0 assembler ! 300 charms color\u00e9s de diff\u00e9rentes formes s&rsquo;assemblent facilement. Vous pouvez ainsi cr\u00e9er des bracelets et des colliers en un clin d&rsquo;\u0153il, puis les d\u00e9monter tout aussi facilement pour cr\u00e9er un nouveau look. Ce qui rend ce set g\u00e9nial 300 maillons en forme d&rsquo;\u00e9toiles, de [&hellip;]\" \/>\n<meta property=\"og:url\" content=\"https:\/\/ses-creative.com\/fr\/produit\/maillons-a-relier\/\" \/>\n<meta property=\"og:site_name\" content=\"SES Creative\" \/>\n<meta property=\"article:modified_time\" content=\"2026-02-12T10:22:49+00:00\" \/>\n<meta name=\"twitter:card\" content=\"summary_large_image\" \/>\n<meta name=\"twitter:label1\" content=\"Dur\u00e9e de lecture estim\u00e9e\" \/>\n\t<meta name=\"twitter:data1\" content=\"1 minute\" \/>\n<script type=\"application\/ld+json\" class=\"yoast-schema-graph\">{\"@context\":\"https:\/\/schema.org\",\"@graph\":[{\"@type\":\"WebPage\",\"@id\":\"https:\/\/ses-creative.com\/fr\/produit\/maillons-a-relier\/\",\"url\":\"https:\/\/ses-creative.com\/fr\/produit\/maillons-a-relier\/\",\"name\":\"Maillons \u00e0 relier - SES Creative\",\"isPartOf\":{\"@id\":\"https:\/\/ses-creative.com\/#website\"},\"primaryImageOfPage\":{\"@id\":\"https:\/\/ses-creative.com\/fr\/produit\/maillons-a-relier\/#primaryimage\"},\"image\":{\"@id\":\"https:\/\/ses-creative.com\/fr\/produit\/maillons-a-relier\/#primaryimage\"},\"thumbnailUrl\":\"https:\/\/ses-creative.com\/wp-content\/uploads\/2026\/01\/140521.jpg\",\"datePublished\":\"2026-02-12T10:09:12+00:00\",\"dateModified\":\"2026-02-12T10:22:49+00:00\",\"breadcrumb\":{\"@id\":\"https:\/\/ses-creative.com\/fr\/produit\/maillons-a-relier\/#breadcrumb\"},\"inLanguage\":\"fr-FR\",\"potentialAction\":[{\"@type\":\"ReadAction\",\"target\":[\"https:\/\/ses-creative.com\/fr\/produit\/maillons-a-relier\/\"]}]},{\"@type\":\"ImageObject\",\"inLanguage\":\"fr-FR\",\"@id\":\"https:\/\/ses-creative.com\/fr\/produit\/maillons-a-relier\/#primaryimage\",\"url\":\"https:\/\/ses-creative.com\/wp-content\/uploads\/2026\/01\/140521.jpg\",\"contentUrl\":\"https:\/\/ses-creative.com\/wp-content\/uploads\/2026\/01\/140521.jpg\",\"width\":1000,\"height\":1000},{\"@type\":\"BreadcrumbList\",\"@id\":\"https:\/\/ses-creative.com\/fr\/produit\/maillons-a-relier\/#breadcrumb\",\"itemListElement\":[{\"@type\":\"ListItem\",\"position\":1,\"name\":\"Boutique\",\"item\":\"https:\/\/ses-creative.com\/fr\/boutique\/\"},{\"@type\":\"ListItem\",\"position\":2,\"name\":\"Loisirs cr\u00e9atifs\",\"item\":\"https:\/\/ses-creative.com\/fr\/product-categorie\/loisirs-creatifs\/\"},{\"@type\":\"ListItem\",\"position\":3,\"name\":\"Maillons \u00e0 relier\"}]},{\"@type\":\"WebSite\",\"@id\":\"https:\/\/ses-creative.com\/#website\",\"url\":\"https:\/\/ses-creative.com\/\",\"name\":\"SES Creative\",\"description\":\"\",\"publisher\":{\"@id\":\"https:\/\/ses-creative.com\/#organization\"},\"potentialAction\":[{\"@type\":\"SearchAction\",\"target\":{\"@type\":\"EntryPoint\",\"urlTemplate\":\"https:\/\/ses-creative.com\/?s={search_term_string}\"},\"query-input\":{\"@type\":\"PropertyValueSpecification\",\"valueRequired\":true,\"valueName\":\"search_term_string\"}}],\"inLanguage\":\"fr-FR\"},{\"@type\":\"Organization\",\"@id\":\"https:\/\/ses-creative.com\/#organization\",\"name\":\"SES Creative\",\"url\":\"https:\/\/ses-creative.com\/\",\"logo\":{\"@type\":\"ImageObject\",\"inLanguage\":\"fr-FR\",\"@id\":\"https:\/\/ses-creative.com\/#\/schema\/logo\/image\/\",\"url\":\"https:\/\/ses-creative.com\/wp-content\/uploads\/2025\/10\/ses-creative-logo.jpg\",\"contentUrl\":\"https:\/\/ses-creative.com\/wp-content\/uploads\/2025\/10\/ses-creative-logo.jpg\",\"width\":2037,\"height\":2037,\"caption\":\"SES Creative\"},\"image\":{\"@id\":\"https:\/\/ses-creative.com\/#\/schema\/logo\/image\/\"}}]}<\/script>\n<!-- \/ Yoast SEO plugin. -->","yoast_head_json":{"title":"Maillons \u00e0 relier - SES Creative","robots":{"index":"index","follow":"follow","max-snippet":"max-snippet:-1","max-image-preview":"max-image-preview:large","max-video-preview":"max-video-preview:-1"},"canonical":"https:\/\/ses-creative.com\/fr\/produit\/maillons-a-relier\/","og_locale":"fr_FR","og_type":"article","og_title":"Maillons \u00e0 relier - SES Creative","og_description":"Laissez les petits cr\u00e9ateurs s&rsquo;exprimer avec les charms \u00e0 assembler ! 300 charms color\u00e9s de diff\u00e9rentes formes s&rsquo;assemblent facilement. Vous pouvez ainsi cr\u00e9er des bracelets et des colliers en un clin d&rsquo;\u0153il, puis les d\u00e9monter tout aussi facilement pour cr\u00e9er un nouveau look. Ce qui rend ce set g\u00e9nial 300 maillons en forme d&rsquo;\u00e9toiles, de [&hellip;]","og_url":"https:\/\/ses-creative.com\/fr\/produit\/maillons-a-relier\/","og_site_name":"SES Creative","article_modified_time":"2026-02-12T10:22:49+00:00","twitter_card":"summary_large_image","twitter_misc":{"Dur\u00e9e de lecture estim\u00e9e":"1 minute"},"schema":{"@context":"https:\/\/schema.org","@graph":[{"@type":"WebPage","@id":"https:\/\/ses-creative.com\/fr\/produit\/maillons-a-relier\/","url":"https:\/\/ses-creative.com\/fr\/produit\/maillons-a-relier\/","name":"Maillons \u00e0 relier - SES Creative","isPartOf":{"@id":"https:\/\/ses-creative.com\/#website"},"primaryImageOfPage":{"@id":"https:\/\/ses-creative.com\/fr\/produit\/maillons-a-relier\/#primaryimage"},"image":{"@id":"https:\/\/ses-creative.com\/fr\/produit\/maillons-a-relier\/#primaryimage"},"thumbnailUrl":"https:\/\/ses-creative.com\/wp-content\/uploads\/2026\/01\/140521.jpg","datePublished":"2026-02-12T10:09:12+00:00","dateModified":"2026-02-12T10:22:49+00:00","breadcrumb":{"@id":"https:\/\/ses-creative.com\/fr\/produit\/maillons-a-relier\/#breadcrumb"},"inLanguage":"fr-FR","potentialAction":[{"@type":"ReadAction","target":["https:\/\/ses-creative.com\/fr\/produit\/maillons-a-relier\/"]}]},{"@type":"ImageObject","inLanguage":"fr-FR","@id":"https:\/\/ses-creative.com\/fr\/produit\/maillons-a-relier\/#primaryimage","url":"https:\/\/ses-creative.com\/wp-content\/uploads\/2026\/01\/140521.jpg","contentUrl":"https:\/\/ses-creative.com\/wp-content\/uploads\/2026\/01\/140521.jpg","width":1000,"height":1000},{"@type":"BreadcrumbList","@id":"https:\/\/ses-creative.com\/fr\/produit\/maillons-a-relier\/#breadcrumb","itemListElement":[{"@type":"ListItem","position":1,"name":"Boutique","item":"https:\/\/ses-creative.com\/fr\/boutique\/"},{"@type":"ListItem","position":2,"name":"Loisirs cr\u00e9atifs","item":"https:\/\/ses-creative.com\/fr\/product-categorie\/loisirs-creatifs\/"},{"@type":"ListItem","position":3,"name":"Maillons \u00e0 relier"}]},{"@type":"WebSite","@id":"https:\/\/ses-creative.com\/#website","url":"https:\/\/ses-creative.com\/","name":"SES Creative","description":"","publisher":{"@id":"https:\/\/ses-creative.com\/#organization"},"potentialAction":[{"@type":"SearchAction","target":{"@type":"EntryPoint","urlTemplate":"https:\/\/ses-creative.com\/?s={search_term_string}"},"query-input":{"@type":"PropertyValueSpecification","valueRequired":true,"valueName":"search_term_string"}}],"inLanguage":"fr-FR"},{"@type":"Organization","@id":"https:\/\/ses-creative.com\/#organization","name":"SES Creative","url":"https:\/\/ses-creative.com\/","logo":{"@type":"ImageObject","inLanguage":"fr-FR","@id":"https:\/\/ses-creative.com\/#\/schema\/logo\/image\/","url":"https:\/\/ses-creative.com\/wp-content\/uploads\/2025\/10\/ses-creative-logo.jpg","contentUrl":"https:\/\/ses-creative.com\/wp-content\/uploads\/2025\/10\/ses-creative-logo.jpg","width":2037,"height":2037,"caption":"SES Creative"},"image":{"@id":"https:\/\/ses-creative.com\/#\/schema\/logo\/image\/"}}]}},"_links":{"self":[{"href":"https:\/\/ses-creative.com\/fr\/wp-json\/wp\/v2\/product\/118265","targetHints":{"allow":["GET"]}}],"collection":[{"href":"https:\/\/ses-creative.com\/fr\/wp-json\/wp\/v2\/product"}],"about":[{"href":"https:\/\/ses-creative.com\/fr\/wp-json\/wp\/v2\/types\/product"}],"replies":[{"embeddable":true,"href":"https:\/\/ses-creative.com\/fr\/wp-json\/wp\/v2\/comments?post=118265"}],"wp:featuredmedia":[{"embeddable":true,"href":"https:\/\/ses-creative.com\/fr\/wp-json\/wp\/v2\/media\/101628"}],"wp:attachment":[{"href":"https:\/\/ses-creative.com\/fr\/wp-json\/wp\/v2\/media?parent=118265"}],"wp:term":[{"taxonomy":"product_brand","embeddable":true,"href":"https:\/\/ses-creative.com\/fr\/wp-json\/wp\/v2\/product_brand?post=118265"},{"taxonomy":"product_cat","embeddable":true,"href":"https:\/\/ses-creative.com\/fr\/wp-json\/wp\/v2\/product_cat?post=118265"},{"taxonomy":"product_tag","embeddable":true,"href":"https:\/\/ses-creative.com\/fr\/wp-json\/wp\/v2\/product_tag?post=118265"}],"curies":[{"name":"wp","href":"https:\/\/api.w.org\/{rel}","templated":true}]}}