











{"id":118264,"date":"2026-02-12T10:09:12","date_gmt":"2026-02-12T10:09:12","guid":{"rendered":"https:\/\/ses-creative.com\/?post_type=product&#038;p=118264"},"modified":"2026-02-12T10:22:49","modified_gmt":"2026-02-12T10:22:49","slug":"cartes-de-couleurs-magiques","status":"publish","type":"product","link":"https:\/\/ses-creative.com\/fr\/produit\/cartes-de-couleurs-magiques\/","title":{"rendered":"Cartes de couleurs magiques"},"content":{"rendered":"<p>D\u00e9couvrez la magie des cartes \u00e0 gratter ! Grattez la couche noire et faites appara\u00eetre des couleurs \u00e9clatantes. Avec 6 cartes joyeuses et 8 crayons de couleur, vous pouvez rendre chaque cr\u00e9ation unique \u2014 id\u00e9al pour s&rsquo;amuser tranquillement, sans \u00e9cran.<\/p>\n<p>Ce qui rend ce set g\u00e9nial<br \/>\n Effet magique : chaque grattage r\u00e9v\u00e8le des motifs color\u00e9s cach\u00e9s<\/p>\n<p> Combinez et d\u00e9corez avec 8 crayons de couleur pour ajouter des d\u00e9tails suppl\u00e9mentaires<\/p>\n<p> Accessible aux jeunes enfants : simple, apaisant et amusant<\/p>\n<p> Stimule la cr\u00e9ativit\u00e9, la motricit\u00e9 fine et la concentration<\/p>\n<p> Pr\u00eat \u00e0 l&#8217;emploi : tout est inclus dans le kit<\/p>\n<p>Grattez et souriez<br \/>\nGrattez, d\u00e9couvrez et souriez \u00e0 chaque nouvelle touche de couleur. Ce kit invite \u00e0 la d\u00e9tente et \u00e0 la fiert\u00e9 \u2014 parfait pour les apr\u00e8s-midis pluvieux ou pour un moment de calme apr\u00e8s l&rsquo;\u00e9cole.<\/p>\n<p>Contenu du kit<br \/>\n6 cartes \u00e0 gratter magiques (scratch art)<\/p>\n<p>8 crayons de couleur<\/p>\n<p>Pourquoi choisir SES Creative<br \/>\nChez SES Creative, nous d\u00e9veloppons des jouets qui aident les enfants \u00e0 grandir. Nos produits stimulent la cr\u00e9ativit\u00e9, la confiance en soi et le d\u00e9veloppement, tout en \u00e9tant toujours s\u00fbrs, responsables et amusants. Depuis plus de 50 ans, nous fabriquons des jouets durables, con\u00e7us et produits avec fiert\u00e9 aux Pays-Bas.<\/p>\n<p>C&rsquo;est parti !<br \/>\nCommandez d\u00e8s maintenant les cartes \u00e0 gratter magiques et laissez les enfants gratter \u00e9tape par \u00e9tape pour faire appara\u00eetre leurs propres \u0153uvres d&rsquo;art magiques !<\/p>\n","protected":false},"excerpt":{"rendered":"<p>D\u00e9couvrez la magie des cartes \u00e0 gratter ! Grattez la couche noire et faites appara\u00eetre des couleurs \u00e9clatantes. Avec 6 cartes joyeuses et 8 crayons de couleur, vous pouvez rendre chaque cr\u00e9ation unique \u2014 id\u00e9al pour s&rsquo;amuser tranquillement, sans \u00e9cran. Ce qui rend ce set g\u00e9nial Effet magique : chaque grattage r\u00e9v\u00e8le des motifs color\u00e9s [&hellip;]<\/p>\n","protected":false},"featured_media":101608,"comment_status":"closed","ping_status":"closed","template":"","meta":{"_acf_changed":false},"product_brand":[],"product_cat":[122],"product_tag":[],"class_list":{"0":"post-118264","1":"product","2":"type-product","3":"status-publish","4":"has-post-thumbnail","6":"product_cat-loisirs-creatifs","7":"pa_leeftijd-filter-3-4-ans","8":"pa_meest-populair-bij-garcons-filles","10":"first","11":"instock","12":"shipping-taxable","13":"product-type-simple"},"acf":[],"yoast_head":"<!-- This site is optimized with the Yoast SEO plugin v27.2 - https:\/\/yoast.com\/product\/yoast-seo-wordpress\/ -->\n<title>Cartes de couleurs magiques - SES Creative<\/title>\n<meta name=\"robots\" content=\"index, follow, max-snippet:-1, max-image-preview:large, max-video-preview:-1\" \/>\n<link rel=\"canonical\" href=\"https:\/\/ses-creative.com\/fr\/produit\/cartes-de-couleurs-magiques\/\" \/>\n<meta property=\"og:locale\" content=\"fr_FR\" \/>\n<meta property=\"og:type\" content=\"article\" \/>\n<meta property=\"og:title\" content=\"Cartes de couleurs magiques - SES Creative\" \/>\n<meta property=\"og:description\" content=\"D\u00e9couvrez la magie des cartes \u00e0 gratter ! Grattez la couche noire et faites appara\u00eetre des couleurs \u00e9clatantes. Avec 6 cartes joyeuses et 8 crayons de couleur, vous pouvez rendre chaque cr\u00e9ation unique \u2014 id\u00e9al pour s&rsquo;amuser tranquillement, sans \u00e9cran. Ce qui rend ce set g\u00e9nial Effet magique : chaque grattage r\u00e9v\u00e8le des motifs color\u00e9s [&hellip;]\" \/>\n<meta property=\"og:url\" content=\"https:\/\/ses-creative.com\/fr\/produit\/cartes-de-couleurs-magiques\/\" \/>\n<meta property=\"og:site_name\" content=\"SES Creative\" \/>\n<meta property=\"article:modified_time\" content=\"2026-02-12T10:22:49+00:00\" \/>\n<meta name=\"twitter:card\" content=\"summary_large_image\" \/>\n<meta name=\"twitter:label1\" content=\"Dur\u00e9e de lecture estim\u00e9e\" \/>\n\t<meta name=\"twitter:data1\" content=\"1 minute\" \/>\n<script type=\"application\/ld+json\" class=\"yoast-schema-graph\">{\"@context\":\"https:\/\/schema.org\",\"@graph\":[{\"@type\":\"WebPage\",\"@id\":\"https:\/\/ses-creative.com\/fr\/produit\/cartes-de-couleurs-magiques\/\",\"url\":\"https:\/\/ses-creative.com\/fr\/produit\/cartes-de-couleurs-magiques\/\",\"name\":\"Cartes de couleurs magiques - SES Creative\",\"isPartOf\":{\"@id\":\"https:\/\/ses-creative.com\/#website\"},\"primaryImageOfPage\":{\"@id\":\"https:\/\/ses-creative.com\/fr\/produit\/cartes-de-couleurs-magiques\/#primaryimage\"},\"image\":{\"@id\":\"https:\/\/ses-creative.com\/fr\/produit\/cartes-de-couleurs-magiques\/#primaryimage\"},\"thumbnailUrl\":\"https:\/\/ses-creative.com\/wp-content\/uploads\/2026\/01\/140511.jpg\",\"datePublished\":\"2026-02-12T10:09:12+00:00\",\"dateModified\":\"2026-02-12T10:22:49+00:00\",\"breadcrumb\":{\"@id\":\"https:\/\/ses-creative.com\/fr\/produit\/cartes-de-couleurs-magiques\/#breadcrumb\"},\"inLanguage\":\"fr-FR\",\"potentialAction\":[{\"@type\":\"ReadAction\",\"target\":[\"https:\/\/ses-creative.com\/fr\/produit\/cartes-de-couleurs-magiques\/\"]}]},{\"@type\":\"ImageObject\",\"inLanguage\":\"fr-FR\",\"@id\":\"https:\/\/ses-creative.com\/fr\/produit\/cartes-de-couleurs-magiques\/#primaryimage\",\"url\":\"https:\/\/ses-creative.com\/wp-content\/uploads\/2026\/01\/140511.jpg\",\"contentUrl\":\"https:\/\/ses-creative.com\/wp-content\/uploads\/2026\/01\/140511.jpg\",\"width\":1000,\"height\":1000},{\"@type\":\"BreadcrumbList\",\"@id\":\"https:\/\/ses-creative.com\/fr\/produit\/cartes-de-couleurs-magiques\/#breadcrumb\",\"itemListElement\":[{\"@type\":\"ListItem\",\"position\":1,\"name\":\"Boutique\",\"item\":\"https:\/\/ses-creative.com\/fr\/boutique\/\"},{\"@type\":\"ListItem\",\"position\":2,\"name\":\"Loisirs cr\u00e9atifs\",\"item\":\"https:\/\/ses-creative.com\/fr\/product-categorie\/loisirs-creatifs\/\"},{\"@type\":\"ListItem\",\"position\":3,\"name\":\"Cartes de couleurs magiques\"}]},{\"@type\":\"WebSite\",\"@id\":\"https:\/\/ses-creative.com\/#website\",\"url\":\"https:\/\/ses-creative.com\/\",\"name\":\"SES Creative\",\"description\":\"\",\"publisher\":{\"@id\":\"https:\/\/ses-creative.com\/#organization\"},\"potentialAction\":[{\"@type\":\"SearchAction\",\"target\":{\"@type\":\"EntryPoint\",\"urlTemplate\":\"https:\/\/ses-creative.com\/?s={search_term_string}\"},\"query-input\":{\"@type\":\"PropertyValueSpecification\",\"valueRequired\":true,\"valueName\":\"search_term_string\"}}],\"inLanguage\":\"fr-FR\"},{\"@type\":\"Organization\",\"@id\":\"https:\/\/ses-creative.com\/#organization\",\"name\":\"SES Creative\",\"url\":\"https:\/\/ses-creative.com\/\",\"logo\":{\"@type\":\"ImageObject\",\"inLanguage\":\"fr-FR\",\"@id\":\"https:\/\/ses-creative.com\/#\/schema\/logo\/image\/\",\"url\":\"https:\/\/ses-creative.com\/wp-content\/uploads\/2025\/10\/ses-creative-logo.jpg\",\"contentUrl\":\"https:\/\/ses-creative.com\/wp-content\/uploads\/2025\/10\/ses-creative-logo.jpg\",\"width\":2037,\"height\":2037,\"caption\":\"SES Creative\"},\"image\":{\"@id\":\"https:\/\/ses-creative.com\/#\/schema\/logo\/image\/\"}}]}<\/script>\n<!-- \/ Yoast SEO plugin. -->","yoast_head_json":{"title":"Cartes de couleurs magiques - SES Creative","robots":{"index":"index","follow":"follow","max-snippet":"max-snippet:-1","max-image-preview":"max-image-preview:large","max-video-preview":"max-video-preview:-1"},"canonical":"https:\/\/ses-creative.com\/fr\/produit\/cartes-de-couleurs-magiques\/","og_locale":"fr_FR","og_type":"article","og_title":"Cartes de couleurs magiques - SES Creative","og_description":"D\u00e9couvrez la magie des cartes \u00e0 gratter ! Grattez la couche noire et faites appara\u00eetre des couleurs \u00e9clatantes. Avec 6 cartes joyeuses et 8 crayons de couleur, vous pouvez rendre chaque cr\u00e9ation unique \u2014 id\u00e9al pour s&rsquo;amuser tranquillement, sans \u00e9cran. Ce qui rend ce set g\u00e9nial Effet magique : chaque grattage r\u00e9v\u00e8le des motifs color\u00e9s [&hellip;]","og_url":"https:\/\/ses-creative.com\/fr\/produit\/cartes-de-couleurs-magiques\/","og_site_name":"SES Creative","article_modified_time":"2026-02-12T10:22:49+00:00","twitter_card":"summary_large_image","twitter_misc":{"Dur\u00e9e de lecture estim\u00e9e":"1 minute"},"schema":{"@context":"https:\/\/schema.org","@graph":[{"@type":"WebPage","@id":"https:\/\/ses-creative.com\/fr\/produit\/cartes-de-couleurs-magiques\/","url":"https:\/\/ses-creative.com\/fr\/produit\/cartes-de-couleurs-magiques\/","name":"Cartes de couleurs magiques - SES Creative","isPartOf":{"@id":"https:\/\/ses-creative.com\/#website"},"primaryImageOfPage":{"@id":"https:\/\/ses-creative.com\/fr\/produit\/cartes-de-couleurs-magiques\/#primaryimage"},"image":{"@id":"https:\/\/ses-creative.com\/fr\/produit\/cartes-de-couleurs-magiques\/#primaryimage"},"thumbnailUrl":"https:\/\/ses-creative.com\/wp-content\/uploads\/2026\/01\/140511.jpg","datePublished":"2026-02-12T10:09:12+00:00","dateModified":"2026-02-12T10:22:49+00:00","breadcrumb":{"@id":"https:\/\/ses-creative.com\/fr\/produit\/cartes-de-couleurs-magiques\/#breadcrumb"},"inLanguage":"fr-FR","potentialAction":[{"@type":"ReadAction","target":["https:\/\/ses-creative.com\/fr\/produit\/cartes-de-couleurs-magiques\/"]}]},{"@type":"ImageObject","inLanguage":"fr-FR","@id":"https:\/\/ses-creative.com\/fr\/produit\/cartes-de-couleurs-magiques\/#primaryimage","url":"https:\/\/ses-creative.com\/wp-content\/uploads\/2026\/01\/140511.jpg","contentUrl":"https:\/\/ses-creative.com\/wp-content\/uploads\/2026\/01\/140511.jpg","width":1000,"height":1000},{"@type":"BreadcrumbList","@id":"https:\/\/ses-creative.com\/fr\/produit\/cartes-de-couleurs-magiques\/#breadcrumb","itemListElement":[{"@type":"ListItem","position":1,"name":"Boutique","item":"https:\/\/ses-creative.com\/fr\/boutique\/"},{"@type":"ListItem","position":2,"name":"Loisirs cr\u00e9atifs","item":"https:\/\/ses-creative.com\/fr\/product-categorie\/loisirs-creatifs\/"},{"@type":"ListItem","position":3,"name":"Cartes de couleurs magiques"}]},{"@type":"WebSite","@id":"https:\/\/ses-creative.com\/#website","url":"https:\/\/ses-creative.com\/","name":"SES Creative","description":"","publisher":{"@id":"https:\/\/ses-creative.com\/#organization"},"potentialAction":[{"@type":"SearchAction","target":{"@type":"EntryPoint","urlTemplate":"https:\/\/ses-creative.com\/?s={search_term_string}"},"query-input":{"@type":"PropertyValueSpecification","valueRequired":true,"valueName":"search_term_string"}}],"inLanguage":"fr-FR"},{"@type":"Organization","@id":"https:\/\/ses-creative.com\/#organization","name":"SES Creative","url":"https:\/\/ses-creative.com\/","logo":{"@type":"ImageObject","inLanguage":"fr-FR","@id":"https:\/\/ses-creative.com\/#\/schema\/logo\/image\/","url":"https:\/\/ses-creative.com\/wp-content\/uploads\/2025\/10\/ses-creative-logo.jpg","contentUrl":"https:\/\/ses-creative.com\/wp-content\/uploads\/2025\/10\/ses-creative-logo.jpg","width":2037,"height":2037,"caption":"SES Creative"},"image":{"@id":"https:\/\/ses-creative.com\/#\/schema\/logo\/image\/"}}]}},"_links":{"self":[{"href":"https:\/\/ses-creative.com\/fr\/wp-json\/wp\/v2\/product\/118264","targetHints":{"allow":["GET"]}}],"collection":[{"href":"https:\/\/ses-creative.com\/fr\/wp-json\/wp\/v2\/product"}],"about":[{"href":"https:\/\/ses-creative.com\/fr\/wp-json\/wp\/v2\/types\/product"}],"replies":[{"embeddable":true,"href":"https:\/\/ses-creative.com\/fr\/wp-json\/wp\/v2\/comments?post=118264"}],"wp:featuredmedia":[{"embeddable":true,"href":"https:\/\/ses-creative.com\/fr\/wp-json\/wp\/v2\/media\/101608"}],"wp:attachment":[{"href":"https:\/\/ses-creative.com\/fr\/wp-json\/wp\/v2\/media?parent=118264"}],"wp:term":[{"taxonomy":"product_brand","embeddable":true,"href":"https:\/\/ses-creative.com\/fr\/wp-json\/wp\/v2\/product_brand?post=118264"},{"taxonomy":"product_cat","embeddable":true,"href":"https:\/\/ses-creative.com\/fr\/wp-json\/wp\/v2\/product_cat?post=118264"},{"taxonomy":"product_tag","embeddable":true,"href":"https:\/\/ses-creative.com\/fr\/wp-json\/wp\/v2\/product_tag?post=118264"}],"curies":[{"name":"wp","href":"https:\/\/api.w.org\/{rel}","templated":true}]}}