











{"id":118263,"date":"2026-02-12T10:09:12","date_gmt":"2026-02-12T10:09:12","guid":{"rendered":"https:\/\/ses-creative.com\/?post_type=product&#038;p=118263"},"modified":"2026-02-12T10:22:49","modified_gmt":"2026-02-12T10:22:49","slug":"boucles-doreilles-autocollants","status":"publish","type":"product","link":"https:\/\/ses-creative.com\/fr\/produit\/boucles-doreilles-autocollants\/","title":{"rendered":"Boucles d&rsquo;oreilles autocollants"},"content":{"rendered":"<p>Ajoutez une touche de paillettes et de fantaisie avec les boucles d&rsquo;oreilles autocollantes de SES Creative ! Ce set contient 80 autocollants color\u00e9s pour boucles d&rsquo;oreilles aux motifs joyeux tels que des c\u0153urs, des \u00e9toiles, des fleurs et bien d&rsquo;autres encore. Parfait pour les enfants qui veulent exp\u00e9rimenter leur style, sans per\u00e7age et sans tracas.<\/p>\n<p>Pourquoi ce set est g\u00e9nial :<br \/>\n 80 boucles d&rsquo;oreilles autocollantes aux motifs vari\u00e9s<\/p>\n<p> S\u00fbrs et doux pour la peau \u2014 aucun piercing n\u00e9cessaire<\/p>\n<p> Id\u00e9al pour les d\u00e9guisements, les f\u00eates et le plaisir quotidien<\/p>\n<p> Stimule la cr\u00e9ativit\u00e9 et l&rsquo;expression personnelle<br \/>\n Parfait pour les enfants \u00e0 partir de 3 ans<br \/>\nComment \u00e7a marche ?<br \/>\nChoisissez votre motif pr\u00e9f\u00e9r\u00e9, collez la boucle d&rsquo;oreille sur votre oreille et combinez-la \u00e0 votre guise avec votre tenue. C&rsquo;est pr\u00eat ? Retirez-la d\u00e9licatement pour pouvoir choisir un nouveau look le lendemain !<\/p>\n<p>Avec ces boucles d&rsquo;oreilles autocollantes, chaque enfant peut se sentir comme une princesse, une pop star ou un mannequin de d\u00e9fil\u00e9 de mode. Un accessoire color\u00e9 pour un plaisir de jeu sans fin !<\/p>\n","protected":false},"excerpt":{"rendered":"<p>Ajoutez une touche de paillettes et de fantaisie avec les boucles d&rsquo;oreilles autocollantes de SES Creative ! Ce set contient 80 autocollants color\u00e9s pour boucles d&rsquo;oreilles aux motifs joyeux tels que des c\u0153urs, des \u00e9toiles, des fleurs et bien d&rsquo;autres encore. Parfait pour les enfants qui veulent exp\u00e9rimenter leur style, sans per\u00e7age et sans tracas. [&hellip;]<\/p>\n","protected":false},"featured_media":101588,"comment_status":"closed","ping_status":"closed","template":"","meta":{"_acf_changed":false},"product_brand":[],"product_cat":[122],"product_tag":[],"class_list":{"0":"post-118263","1":"product","2":"type-product","3":"status-publish","4":"has-post-thumbnail","6":"product_cat-loisirs-creatifs","7":"pa_leeftijd-filter-3-4-ans","8":"pa_meest-populair-bij-garcons-filles","10":"first","11":"instock","12":"shipping-taxable","13":"product-type-simple"},"acf":[],"yoast_head":"<!-- This site is optimized with the Yoast SEO plugin v27.2 - https:\/\/yoast.com\/product\/yoast-seo-wordpress\/ -->\n<title>Boucles d&#039;oreilles autocollants - SES Creative<\/title>\n<meta name=\"robots\" content=\"index, follow, max-snippet:-1, max-image-preview:large, max-video-preview:-1\" \/>\n<link rel=\"canonical\" href=\"https:\/\/ses-creative.com\/fr\/produit\/boucles-doreilles-autocollants\/\" \/>\n<meta property=\"og:locale\" content=\"fr_FR\" \/>\n<meta property=\"og:type\" content=\"article\" \/>\n<meta property=\"og:title\" content=\"Boucles d&#039;oreilles autocollants - SES Creative\" \/>\n<meta property=\"og:description\" content=\"Ajoutez une touche de paillettes et de fantaisie avec les boucles d&rsquo;oreilles autocollantes de SES Creative ! Ce set contient 80 autocollants color\u00e9s pour boucles d&rsquo;oreilles aux motifs joyeux tels que des c\u0153urs, des \u00e9toiles, des fleurs et bien d&rsquo;autres encore. Parfait pour les enfants qui veulent exp\u00e9rimenter leur style, sans per\u00e7age et sans tracas. [&hellip;]\" \/>\n<meta property=\"og:url\" content=\"https:\/\/ses-creative.com\/fr\/produit\/boucles-doreilles-autocollants\/\" \/>\n<meta property=\"og:site_name\" content=\"SES Creative\" \/>\n<meta property=\"article:modified_time\" content=\"2026-02-12T10:22:49+00:00\" \/>\n<meta name=\"twitter:card\" content=\"summary_large_image\" \/>\n<meta name=\"twitter:label1\" content=\"Dur\u00e9e de lecture estim\u00e9e\" \/>\n\t<meta name=\"twitter:data1\" content=\"1 minute\" \/>\n<script type=\"application\/ld+json\" class=\"yoast-schema-graph\">{\"@context\":\"https:\/\/schema.org\",\"@graph\":[{\"@type\":\"WebPage\",\"@id\":\"https:\/\/ses-creative.com\/fr\/produit\/boucles-doreilles-autocollants\/\",\"url\":\"https:\/\/ses-creative.com\/fr\/produit\/boucles-doreilles-autocollants\/\",\"name\":\"Boucles d'oreilles autocollants - SES Creative\",\"isPartOf\":{\"@id\":\"https:\/\/ses-creative.com\/#website\"},\"primaryImageOfPage\":{\"@id\":\"https:\/\/ses-creative.com\/fr\/produit\/boucles-doreilles-autocollants\/#primaryimage\"},\"image\":{\"@id\":\"https:\/\/ses-creative.com\/fr\/produit\/boucles-doreilles-autocollants\/#primaryimage\"},\"thumbnailUrl\":\"https:\/\/ses-creative.com\/wp-content\/uploads\/2026\/01\/140491.jpg\",\"datePublished\":\"2026-02-12T10:09:12+00:00\",\"dateModified\":\"2026-02-12T10:22:49+00:00\",\"breadcrumb\":{\"@id\":\"https:\/\/ses-creative.com\/fr\/produit\/boucles-doreilles-autocollants\/#breadcrumb\"},\"inLanguage\":\"fr-FR\",\"potentialAction\":[{\"@type\":\"ReadAction\",\"target\":[\"https:\/\/ses-creative.com\/fr\/produit\/boucles-doreilles-autocollants\/\"]}]},{\"@type\":\"ImageObject\",\"inLanguage\":\"fr-FR\",\"@id\":\"https:\/\/ses-creative.com\/fr\/produit\/boucles-doreilles-autocollants\/#primaryimage\",\"url\":\"https:\/\/ses-creative.com\/wp-content\/uploads\/2026\/01\/140491.jpg\",\"contentUrl\":\"https:\/\/ses-creative.com\/wp-content\/uploads\/2026\/01\/140491.jpg\",\"width\":1000,\"height\":1000},{\"@type\":\"BreadcrumbList\",\"@id\":\"https:\/\/ses-creative.com\/fr\/produit\/boucles-doreilles-autocollants\/#breadcrumb\",\"itemListElement\":[{\"@type\":\"ListItem\",\"position\":1,\"name\":\"Boutique\",\"item\":\"https:\/\/ses-creative.com\/fr\/boutique\/\"},{\"@type\":\"ListItem\",\"position\":2,\"name\":\"Loisirs cr\u00e9atifs\",\"item\":\"https:\/\/ses-creative.com\/fr\/product-categorie\/loisirs-creatifs\/\"},{\"@type\":\"ListItem\",\"position\":3,\"name\":\"Boucles d&#8217;oreilles autocollants\"}]},{\"@type\":\"WebSite\",\"@id\":\"https:\/\/ses-creative.com\/#website\",\"url\":\"https:\/\/ses-creative.com\/\",\"name\":\"SES Creative\",\"description\":\"\",\"publisher\":{\"@id\":\"https:\/\/ses-creative.com\/#organization\"},\"potentialAction\":[{\"@type\":\"SearchAction\",\"target\":{\"@type\":\"EntryPoint\",\"urlTemplate\":\"https:\/\/ses-creative.com\/?s={search_term_string}\"},\"query-input\":{\"@type\":\"PropertyValueSpecification\",\"valueRequired\":true,\"valueName\":\"search_term_string\"}}],\"inLanguage\":\"fr-FR\"},{\"@type\":\"Organization\",\"@id\":\"https:\/\/ses-creative.com\/#organization\",\"name\":\"SES Creative\",\"url\":\"https:\/\/ses-creative.com\/\",\"logo\":{\"@type\":\"ImageObject\",\"inLanguage\":\"fr-FR\",\"@id\":\"https:\/\/ses-creative.com\/#\/schema\/logo\/image\/\",\"url\":\"https:\/\/ses-creative.com\/wp-content\/uploads\/2025\/10\/ses-creative-logo.jpg\",\"contentUrl\":\"https:\/\/ses-creative.com\/wp-content\/uploads\/2025\/10\/ses-creative-logo.jpg\",\"width\":2037,\"height\":2037,\"caption\":\"SES Creative\"},\"image\":{\"@id\":\"https:\/\/ses-creative.com\/#\/schema\/logo\/image\/\"}}]}<\/script>\n<!-- \/ Yoast SEO plugin. -->","yoast_head_json":{"title":"Boucles d'oreilles autocollants - SES Creative","robots":{"index":"index","follow":"follow","max-snippet":"max-snippet:-1","max-image-preview":"max-image-preview:large","max-video-preview":"max-video-preview:-1"},"canonical":"https:\/\/ses-creative.com\/fr\/produit\/boucles-doreilles-autocollants\/","og_locale":"fr_FR","og_type":"article","og_title":"Boucles d'oreilles autocollants - SES Creative","og_description":"Ajoutez une touche de paillettes et de fantaisie avec les boucles d&rsquo;oreilles autocollantes de SES Creative ! Ce set contient 80 autocollants color\u00e9s pour boucles d&rsquo;oreilles aux motifs joyeux tels que des c\u0153urs, des \u00e9toiles, des fleurs et bien d&rsquo;autres encore. Parfait pour les enfants qui veulent exp\u00e9rimenter leur style, sans per\u00e7age et sans tracas. [&hellip;]","og_url":"https:\/\/ses-creative.com\/fr\/produit\/boucles-doreilles-autocollants\/","og_site_name":"SES Creative","article_modified_time":"2026-02-12T10:22:49+00:00","twitter_card":"summary_large_image","twitter_misc":{"Dur\u00e9e de lecture estim\u00e9e":"1 minute"},"schema":{"@context":"https:\/\/schema.org","@graph":[{"@type":"WebPage","@id":"https:\/\/ses-creative.com\/fr\/produit\/boucles-doreilles-autocollants\/","url":"https:\/\/ses-creative.com\/fr\/produit\/boucles-doreilles-autocollants\/","name":"Boucles d'oreilles autocollants - SES Creative","isPartOf":{"@id":"https:\/\/ses-creative.com\/#website"},"primaryImageOfPage":{"@id":"https:\/\/ses-creative.com\/fr\/produit\/boucles-doreilles-autocollants\/#primaryimage"},"image":{"@id":"https:\/\/ses-creative.com\/fr\/produit\/boucles-doreilles-autocollants\/#primaryimage"},"thumbnailUrl":"https:\/\/ses-creative.com\/wp-content\/uploads\/2026\/01\/140491.jpg","datePublished":"2026-02-12T10:09:12+00:00","dateModified":"2026-02-12T10:22:49+00:00","breadcrumb":{"@id":"https:\/\/ses-creative.com\/fr\/produit\/boucles-doreilles-autocollants\/#breadcrumb"},"inLanguage":"fr-FR","potentialAction":[{"@type":"ReadAction","target":["https:\/\/ses-creative.com\/fr\/produit\/boucles-doreilles-autocollants\/"]}]},{"@type":"ImageObject","inLanguage":"fr-FR","@id":"https:\/\/ses-creative.com\/fr\/produit\/boucles-doreilles-autocollants\/#primaryimage","url":"https:\/\/ses-creative.com\/wp-content\/uploads\/2026\/01\/140491.jpg","contentUrl":"https:\/\/ses-creative.com\/wp-content\/uploads\/2026\/01\/140491.jpg","width":1000,"height":1000},{"@type":"BreadcrumbList","@id":"https:\/\/ses-creative.com\/fr\/produit\/boucles-doreilles-autocollants\/#breadcrumb","itemListElement":[{"@type":"ListItem","position":1,"name":"Boutique","item":"https:\/\/ses-creative.com\/fr\/boutique\/"},{"@type":"ListItem","position":2,"name":"Loisirs cr\u00e9atifs","item":"https:\/\/ses-creative.com\/fr\/product-categorie\/loisirs-creatifs\/"},{"@type":"ListItem","position":3,"name":"Boucles d&#8217;oreilles autocollants"}]},{"@type":"WebSite","@id":"https:\/\/ses-creative.com\/#website","url":"https:\/\/ses-creative.com\/","name":"SES Creative","description":"","publisher":{"@id":"https:\/\/ses-creative.com\/#organization"},"potentialAction":[{"@type":"SearchAction","target":{"@type":"EntryPoint","urlTemplate":"https:\/\/ses-creative.com\/?s={search_term_string}"},"query-input":{"@type":"PropertyValueSpecification","valueRequired":true,"valueName":"search_term_string"}}],"inLanguage":"fr-FR"},{"@type":"Organization","@id":"https:\/\/ses-creative.com\/#organization","name":"SES Creative","url":"https:\/\/ses-creative.com\/","logo":{"@type":"ImageObject","inLanguage":"fr-FR","@id":"https:\/\/ses-creative.com\/#\/schema\/logo\/image\/","url":"https:\/\/ses-creative.com\/wp-content\/uploads\/2025\/10\/ses-creative-logo.jpg","contentUrl":"https:\/\/ses-creative.com\/wp-content\/uploads\/2025\/10\/ses-creative-logo.jpg","width":2037,"height":2037,"caption":"SES Creative"},"image":{"@id":"https:\/\/ses-creative.com\/#\/schema\/logo\/image\/"}}]}},"_links":{"self":[{"href":"https:\/\/ses-creative.com\/fr\/wp-json\/wp\/v2\/product\/118263","targetHints":{"allow":["GET"]}}],"collection":[{"href":"https:\/\/ses-creative.com\/fr\/wp-json\/wp\/v2\/product"}],"about":[{"href":"https:\/\/ses-creative.com\/fr\/wp-json\/wp\/v2\/types\/product"}],"replies":[{"embeddable":true,"href":"https:\/\/ses-creative.com\/fr\/wp-json\/wp\/v2\/comments?post=118263"}],"wp:featuredmedia":[{"embeddable":true,"href":"https:\/\/ses-creative.com\/fr\/wp-json\/wp\/v2\/media\/101588"}],"wp:attachment":[{"href":"https:\/\/ses-creative.com\/fr\/wp-json\/wp\/v2\/media?parent=118263"}],"wp:term":[{"taxonomy":"product_brand","embeddable":true,"href":"https:\/\/ses-creative.com\/fr\/wp-json\/wp\/v2\/product_brand?post=118263"},{"taxonomy":"product_cat","embeddable":true,"href":"https:\/\/ses-creative.com\/fr\/wp-json\/wp\/v2\/product_cat?post=118263"},{"taxonomy":"product_tag","embeddable":true,"href":"https:\/\/ses-creative.com\/fr\/wp-json\/wp\/v2\/product_tag?post=118263"}],"curies":[{"name":"wp","href":"https:\/\/api.w.org\/{rel}","templated":true}]}}