











{"id":118261,"date":"2026-02-12T10:09:12","date_gmt":"2026-02-12T10:09:12","guid":{"rendered":"https:\/\/ses-creative.com\/?post_type=product&#038;p=118261"},"modified":"2026-02-12T10:22:49","modified_gmt":"2026-02-12T10:22:49","slug":"bracelets-de-perles","status":"publish","type":"product","link":"https:\/\/ses-creative.com\/fr\/produit\/bracelets-de-perles\/","title":{"rendered":"Bracelets de perles"},"content":{"rendered":"<p>Ce coffret cr\u00e9atif SES Creative permet aux enfants de 3 \u00e0 6 ans de r\u00e9aliser facilement leurs propres bracelets. Il comprend 3 lacets color\u00e9s, 3 fermetures coulissantes, des perles vari\u00e9es (rondes, c\u0153urs, \u00e9toiles) et des autocollants \u00e0 paillettes. Chaque enfant peut assembler et ajuster ses cr\u00e9ations sans colle ni aide ext\u00e9rieure, d\u00e9veloppant ainsi autonomie et fiert\u00e9. Cette activit\u00e9 calme stimule la motricit\u00e9 fine, la coordination \u0153il-main et l\u2019imagination. Les mat\u00e9riaux sont adapt\u00e9s aux petites mains et garantissent une manipulation sans risque. Fabriqu\u00e9 \u00e0 Enschede, ce coffret est 100 % CO\u2082 neutre et conforme aux engagements de qualit\u00e9 SES Creative.<\/p>\n","protected":false},"excerpt":{"rendered":"<p>Ce coffret cr\u00e9atif SES Creative permet aux enfants de 3 \u00e0 6 ans de r\u00e9aliser facilement leurs propres bracelets. Il comprend 3 lacets color\u00e9s, 3 fermetures coulissantes, des perles vari\u00e9es (rondes, c\u0153urs, \u00e9toiles) et des autocollants \u00e0 paillettes. Chaque enfant peut assembler et ajuster ses cr\u00e9ations sans colle ni aide ext\u00e9rieure, d\u00e9veloppant ainsi autonomie et [&hellip;]<\/p>\n","protected":false},"featured_media":101548,"comment_status":"closed","ping_status":"closed","template":"","meta":{"_acf_changed":false},"product_brand":[],"product_cat":[122],"product_tag":[],"class_list":{"0":"post-118261","1":"product","2":"type-product","3":"status-publish","4":"has-post-thumbnail","6":"product_cat-loisirs-creatifs","7":"pa_leeftijd-filter-3-4-ans","8":"pa_meest-populair-bij-garcons-filles","10":"first","11":"instock","12":"shipping-taxable","13":"product-type-simple"},"acf":[],"yoast_head":"<!-- This site is optimized with the Yoast SEO plugin v27.2 - https:\/\/yoast.com\/product\/yoast-seo-wordpress\/ -->\n<title>Bracelets de perles - SES Creative<\/title>\n<meta name=\"robots\" content=\"index, follow, max-snippet:-1, max-image-preview:large, max-video-preview:-1\" \/>\n<link rel=\"canonical\" href=\"https:\/\/ses-creative.com\/fr\/produit\/bracelets-de-perles\/\" \/>\n<meta property=\"og:locale\" content=\"fr_FR\" \/>\n<meta property=\"og:type\" content=\"article\" \/>\n<meta property=\"og:title\" content=\"Bracelets de perles - SES Creative\" \/>\n<meta property=\"og:description\" content=\"Ce coffret cr\u00e9atif SES Creative permet aux enfants de 3 \u00e0 6 ans de r\u00e9aliser facilement leurs propres bracelets. Il comprend 3 lacets color\u00e9s, 3 fermetures coulissantes, des perles vari\u00e9es (rondes, c\u0153urs, \u00e9toiles) et des autocollants \u00e0 paillettes. Chaque enfant peut assembler et ajuster ses cr\u00e9ations sans colle ni aide ext\u00e9rieure, d\u00e9veloppant ainsi autonomie et [&hellip;]\" \/>\n<meta property=\"og:url\" content=\"https:\/\/ses-creative.com\/fr\/produit\/bracelets-de-perles\/\" \/>\n<meta property=\"og:site_name\" content=\"SES Creative\" \/>\n<meta property=\"article:modified_time\" content=\"2026-02-12T10:22:49+00:00\" \/>\n<meta name=\"twitter:card\" content=\"summary_large_image\" \/>\n<meta name=\"twitter:label1\" content=\"Dur\u00e9e de lecture estim\u00e9e\" \/>\n\t<meta name=\"twitter:data1\" content=\"1 minute\" \/>\n<script type=\"application\/ld+json\" class=\"yoast-schema-graph\">{\"@context\":\"https:\/\/schema.org\",\"@graph\":[{\"@type\":\"WebPage\",\"@id\":\"https:\/\/ses-creative.com\/fr\/produit\/bracelets-de-perles\/\",\"url\":\"https:\/\/ses-creative.com\/fr\/produit\/bracelets-de-perles\/\",\"name\":\"Bracelets de perles - SES Creative\",\"isPartOf\":{\"@id\":\"https:\/\/ses-creative.com\/#website\"},\"primaryImageOfPage\":{\"@id\":\"https:\/\/ses-creative.com\/fr\/produit\/bracelets-de-perles\/#primaryimage\"},\"image\":{\"@id\":\"https:\/\/ses-creative.com\/fr\/produit\/bracelets-de-perles\/#primaryimage\"},\"thumbnailUrl\":\"https:\/\/ses-creative.com\/wp-content\/uploads\/2026\/01\/140471.jpg\",\"datePublished\":\"2026-02-12T10:09:12+00:00\",\"dateModified\":\"2026-02-12T10:22:49+00:00\",\"breadcrumb\":{\"@id\":\"https:\/\/ses-creative.com\/fr\/produit\/bracelets-de-perles\/#breadcrumb\"},\"inLanguage\":\"fr-FR\",\"potentialAction\":[{\"@type\":\"ReadAction\",\"target\":[\"https:\/\/ses-creative.com\/fr\/produit\/bracelets-de-perles\/\"]}]},{\"@type\":\"ImageObject\",\"inLanguage\":\"fr-FR\",\"@id\":\"https:\/\/ses-creative.com\/fr\/produit\/bracelets-de-perles\/#primaryimage\",\"url\":\"https:\/\/ses-creative.com\/wp-content\/uploads\/2026\/01\/140471.jpg\",\"contentUrl\":\"https:\/\/ses-creative.com\/wp-content\/uploads\/2026\/01\/140471.jpg\",\"width\":1000,\"height\":1000},{\"@type\":\"BreadcrumbList\",\"@id\":\"https:\/\/ses-creative.com\/fr\/produit\/bracelets-de-perles\/#breadcrumb\",\"itemListElement\":[{\"@type\":\"ListItem\",\"position\":1,\"name\":\"Boutique\",\"item\":\"https:\/\/ses-creative.com\/fr\/boutique\/\"},{\"@type\":\"ListItem\",\"position\":2,\"name\":\"Loisirs cr\u00e9atifs\",\"item\":\"https:\/\/ses-creative.com\/fr\/product-categorie\/loisirs-creatifs\/\"},{\"@type\":\"ListItem\",\"position\":3,\"name\":\"Bracelets de perles\"}]},{\"@type\":\"WebSite\",\"@id\":\"https:\/\/ses-creative.com\/#website\",\"url\":\"https:\/\/ses-creative.com\/\",\"name\":\"SES Creative\",\"description\":\"\",\"publisher\":{\"@id\":\"https:\/\/ses-creative.com\/#organization\"},\"potentialAction\":[{\"@type\":\"SearchAction\",\"target\":{\"@type\":\"EntryPoint\",\"urlTemplate\":\"https:\/\/ses-creative.com\/?s={search_term_string}\"},\"query-input\":{\"@type\":\"PropertyValueSpecification\",\"valueRequired\":true,\"valueName\":\"search_term_string\"}}],\"inLanguage\":\"fr-FR\"},{\"@type\":\"Organization\",\"@id\":\"https:\/\/ses-creative.com\/#organization\",\"name\":\"SES Creative\",\"url\":\"https:\/\/ses-creative.com\/\",\"logo\":{\"@type\":\"ImageObject\",\"inLanguage\":\"fr-FR\",\"@id\":\"https:\/\/ses-creative.com\/#\/schema\/logo\/image\/\",\"url\":\"https:\/\/ses-creative.com\/wp-content\/uploads\/2025\/10\/ses-creative-logo.jpg\",\"contentUrl\":\"https:\/\/ses-creative.com\/wp-content\/uploads\/2025\/10\/ses-creative-logo.jpg\",\"width\":2037,\"height\":2037,\"caption\":\"SES Creative\"},\"image\":{\"@id\":\"https:\/\/ses-creative.com\/#\/schema\/logo\/image\/\"}}]}<\/script>\n<!-- \/ Yoast SEO plugin. -->","yoast_head_json":{"title":"Bracelets de perles - SES Creative","robots":{"index":"index","follow":"follow","max-snippet":"max-snippet:-1","max-image-preview":"max-image-preview:large","max-video-preview":"max-video-preview:-1"},"canonical":"https:\/\/ses-creative.com\/fr\/produit\/bracelets-de-perles\/","og_locale":"fr_FR","og_type":"article","og_title":"Bracelets de perles - SES Creative","og_description":"Ce coffret cr\u00e9atif SES Creative permet aux enfants de 3 \u00e0 6 ans de r\u00e9aliser facilement leurs propres bracelets. Il comprend 3 lacets color\u00e9s, 3 fermetures coulissantes, des perles vari\u00e9es (rondes, c\u0153urs, \u00e9toiles) et des autocollants \u00e0 paillettes. Chaque enfant peut assembler et ajuster ses cr\u00e9ations sans colle ni aide ext\u00e9rieure, d\u00e9veloppant ainsi autonomie et [&hellip;]","og_url":"https:\/\/ses-creative.com\/fr\/produit\/bracelets-de-perles\/","og_site_name":"SES Creative","article_modified_time":"2026-02-12T10:22:49+00:00","twitter_card":"summary_large_image","twitter_misc":{"Dur\u00e9e de lecture estim\u00e9e":"1 minute"},"schema":{"@context":"https:\/\/schema.org","@graph":[{"@type":"WebPage","@id":"https:\/\/ses-creative.com\/fr\/produit\/bracelets-de-perles\/","url":"https:\/\/ses-creative.com\/fr\/produit\/bracelets-de-perles\/","name":"Bracelets de perles - SES Creative","isPartOf":{"@id":"https:\/\/ses-creative.com\/#website"},"primaryImageOfPage":{"@id":"https:\/\/ses-creative.com\/fr\/produit\/bracelets-de-perles\/#primaryimage"},"image":{"@id":"https:\/\/ses-creative.com\/fr\/produit\/bracelets-de-perles\/#primaryimage"},"thumbnailUrl":"https:\/\/ses-creative.com\/wp-content\/uploads\/2026\/01\/140471.jpg","datePublished":"2026-02-12T10:09:12+00:00","dateModified":"2026-02-12T10:22:49+00:00","breadcrumb":{"@id":"https:\/\/ses-creative.com\/fr\/produit\/bracelets-de-perles\/#breadcrumb"},"inLanguage":"fr-FR","potentialAction":[{"@type":"ReadAction","target":["https:\/\/ses-creative.com\/fr\/produit\/bracelets-de-perles\/"]}]},{"@type":"ImageObject","inLanguage":"fr-FR","@id":"https:\/\/ses-creative.com\/fr\/produit\/bracelets-de-perles\/#primaryimage","url":"https:\/\/ses-creative.com\/wp-content\/uploads\/2026\/01\/140471.jpg","contentUrl":"https:\/\/ses-creative.com\/wp-content\/uploads\/2026\/01\/140471.jpg","width":1000,"height":1000},{"@type":"BreadcrumbList","@id":"https:\/\/ses-creative.com\/fr\/produit\/bracelets-de-perles\/#breadcrumb","itemListElement":[{"@type":"ListItem","position":1,"name":"Boutique","item":"https:\/\/ses-creative.com\/fr\/boutique\/"},{"@type":"ListItem","position":2,"name":"Loisirs cr\u00e9atifs","item":"https:\/\/ses-creative.com\/fr\/product-categorie\/loisirs-creatifs\/"},{"@type":"ListItem","position":3,"name":"Bracelets de perles"}]},{"@type":"WebSite","@id":"https:\/\/ses-creative.com\/#website","url":"https:\/\/ses-creative.com\/","name":"SES Creative","description":"","publisher":{"@id":"https:\/\/ses-creative.com\/#organization"},"potentialAction":[{"@type":"SearchAction","target":{"@type":"EntryPoint","urlTemplate":"https:\/\/ses-creative.com\/?s={search_term_string}"},"query-input":{"@type":"PropertyValueSpecification","valueRequired":true,"valueName":"search_term_string"}}],"inLanguage":"fr-FR"},{"@type":"Organization","@id":"https:\/\/ses-creative.com\/#organization","name":"SES Creative","url":"https:\/\/ses-creative.com\/","logo":{"@type":"ImageObject","inLanguage":"fr-FR","@id":"https:\/\/ses-creative.com\/#\/schema\/logo\/image\/","url":"https:\/\/ses-creative.com\/wp-content\/uploads\/2025\/10\/ses-creative-logo.jpg","contentUrl":"https:\/\/ses-creative.com\/wp-content\/uploads\/2025\/10\/ses-creative-logo.jpg","width":2037,"height":2037,"caption":"SES Creative"},"image":{"@id":"https:\/\/ses-creative.com\/#\/schema\/logo\/image\/"}}]}},"_links":{"self":[{"href":"https:\/\/ses-creative.com\/fr\/wp-json\/wp\/v2\/product\/118261","targetHints":{"allow":["GET"]}}],"collection":[{"href":"https:\/\/ses-creative.com\/fr\/wp-json\/wp\/v2\/product"}],"about":[{"href":"https:\/\/ses-creative.com\/fr\/wp-json\/wp\/v2\/types\/product"}],"replies":[{"embeddable":true,"href":"https:\/\/ses-creative.com\/fr\/wp-json\/wp\/v2\/comments?post=118261"}],"wp:featuredmedia":[{"embeddable":true,"href":"https:\/\/ses-creative.com\/fr\/wp-json\/wp\/v2\/media\/101548"}],"wp:attachment":[{"href":"https:\/\/ses-creative.com\/fr\/wp-json\/wp\/v2\/media?parent=118261"}],"wp:term":[{"taxonomy":"product_brand","embeddable":true,"href":"https:\/\/ses-creative.com\/fr\/wp-json\/wp\/v2\/product_brand?post=118261"},{"taxonomy":"product_cat","embeddable":true,"href":"https:\/\/ses-creative.com\/fr\/wp-json\/wp\/v2\/product_cat?post=118261"},{"taxonomy":"product_tag","embeddable":true,"href":"https:\/\/ses-creative.com\/fr\/wp-json\/wp\/v2\/product_tag?post=118261"}],"curies":[{"name":"wp","href":"https:\/\/api.w.org\/{rel}","templated":true}]}}