











{"id":118260,"date":"2026-02-12T10:09:12","date_gmt":"2026-02-12T10:09:12","guid":{"rendered":"https:\/\/ses-creative.com\/?post_type=product&#038;p=118260"},"modified":"2026-02-12T10:22:49","modified_gmt":"2026-02-12T10:22:49","slug":"tableau-mosaique-compact","status":"publish","type":"product","link":"https:\/\/ses-creative.com\/fr\/produit\/tableau-mosaique-compact\/","title":{"rendered":"Tableau mosa\u00efque compact"},"content":{"rendered":"<p>Le tableau mosa\u00efque compact SES Creative permet aux enfants de 3 \u00e0 6 ans de d\u00e9velopper leur cr\u00e9ativit\u00e9 et leur motricit\u00e9 fine. Le coffret comprend un socle perfor\u00e9 et plus de 100 broches color\u00e9es (rouge, bleu, jaune, vert) \u00e0 ins\u00e9rer librement pour composer d\u2019innombrables motifs. Les broches peuvent \u00eatre retir\u00e9es et replac\u00e9es \u00e0 volont\u00e9, favorisant l\u2019auto-correction, l\u2019autonomie et l\u2019exp\u00e9rimentation. Ce jeu sans colle ni papier offre une activit\u00e9 propre, s\u00fbre et stimulante, adapt\u00e9e aux petites mains et \u00e0 l\u2019usage domestique ou scolaire. Il aide \u00e0 d\u00e9velopper la coordination \u0153il-main, la reconnaissance des couleurs et la logique spatiale. Fabriqu\u00e9 \u00e0 Enschede, aux Pays-Bas, ce coffret est neutre en CO\u2082 et respecte les standards de qualit\u00e9 SES Creative, sp\u00e9cialiste du jouet \u00e9ducatif depuis 1972.<\/p>\n","protected":false},"excerpt":{"rendered":"<p>Le tableau mosa\u00efque compact SES Creative permet aux enfants de 3 \u00e0 6 ans de d\u00e9velopper leur cr\u00e9ativit\u00e9 et leur motricit\u00e9 fine. Le coffret comprend un socle perfor\u00e9 et plus de 100 broches color\u00e9es (rouge, bleu, jaune, vert) \u00e0 ins\u00e9rer librement pour composer d\u2019innombrables motifs. Les broches peuvent \u00eatre retir\u00e9es et replac\u00e9es \u00e0 volont\u00e9, favorisant [&hellip;]<\/p>\n","protected":false},"featured_media":101528,"comment_status":"closed","ping_status":"closed","template":"","meta":{"_acf_changed":false},"product_brand":[],"product_cat":[122],"product_tag":[],"class_list":{"0":"post-118260","1":"product","2":"type-product","3":"status-publish","4":"has-post-thumbnail","6":"product_cat-loisirs-creatifs","7":"pa_collecties-montessori","8":"pa_leeftijd-filter-3-4-ans","9":"pa_meest-populair-bij-garcons-filles","11":"first","12":"instock","13":"shipping-taxable","14":"product-type-simple"},"acf":[],"yoast_head":"<!-- This site is optimized with the Yoast SEO plugin v27.4 - https:\/\/yoast.com\/product\/yoast-seo-wordpress\/ -->\n<title>Tableau mosa\u00efque compact - SES Creative<\/title>\n<meta name=\"robots\" content=\"index, follow, max-snippet:-1, max-image-preview:large, max-video-preview:-1\" \/>\n<link rel=\"canonical\" href=\"https:\/\/ses-creative.com\/fr\/produit\/tableau-mosaique-compact\/\" \/>\n<meta property=\"og:locale\" content=\"fr_FR\" \/>\n<meta property=\"og:type\" content=\"article\" \/>\n<meta property=\"og:title\" content=\"Tableau mosa\u00efque compact - SES Creative\" \/>\n<meta property=\"og:description\" content=\"Le tableau mosa\u00efque compact SES Creative permet aux enfants de 3 \u00e0 6 ans de d\u00e9velopper leur cr\u00e9ativit\u00e9 et leur motricit\u00e9 fine. Le coffret comprend un socle perfor\u00e9 et plus de 100 broches color\u00e9es (rouge, bleu, jaune, vert) \u00e0 ins\u00e9rer librement pour composer d\u2019innombrables motifs. Les broches peuvent \u00eatre retir\u00e9es et replac\u00e9es \u00e0 volont\u00e9, favorisant [&hellip;]\" \/>\n<meta property=\"og:url\" content=\"https:\/\/ses-creative.com\/fr\/produit\/tableau-mosaique-compact\/\" \/>\n<meta property=\"og:site_name\" content=\"SES Creative\" \/>\n<meta property=\"article:modified_time\" content=\"2026-02-12T10:22:49+00:00\" \/>\n<meta name=\"twitter:card\" content=\"summary_large_image\" \/>\n<meta name=\"twitter:label1\" content=\"Dur\u00e9e de lecture estim\u00e9e\" \/>\n\t<meta name=\"twitter:data1\" content=\"1 minute\" \/>\n<script type=\"application\/ld+json\" class=\"yoast-schema-graph\">{\"@context\":\"https:\\\/\\\/schema.org\",\"@graph\":[{\"@type\":\"WebPage\",\"@id\":\"https:\\\/\\\/ses-creative.com\\\/fr\\\/produit\\\/tableau-mosaique-compact\\\/\",\"url\":\"https:\\\/\\\/ses-creative.com\\\/fr\\\/produit\\\/tableau-mosaique-compact\\\/\",\"name\":\"Tableau mosa\u00efque compact - SES Creative\",\"isPartOf\":{\"@id\":\"https:\\\/\\\/ses-creative.com\\\/#website\"},\"primaryImageOfPage\":{\"@id\":\"https:\\\/\\\/ses-creative.com\\\/fr\\\/produit\\\/tableau-mosaique-compact\\\/#primaryimage\"},\"image\":{\"@id\":\"https:\\\/\\\/ses-creative.com\\\/fr\\\/produit\\\/tableau-mosaique-compact\\\/#primaryimage\"},\"thumbnailUrl\":\"https:\\\/\\\/ses-creative.com\\\/wp-content\\\/uploads\\\/2026\\\/01\\\/140461.jpg\",\"datePublished\":\"2026-02-12T10:09:12+00:00\",\"dateModified\":\"2026-02-12T10:22:49+00:00\",\"breadcrumb\":{\"@id\":\"https:\\\/\\\/ses-creative.com\\\/fr\\\/produit\\\/tableau-mosaique-compact\\\/#breadcrumb\"},\"inLanguage\":\"fr-FR\",\"potentialAction\":[{\"@type\":\"ReadAction\",\"target\":[\"https:\\\/\\\/ses-creative.com\\\/fr\\\/produit\\\/tableau-mosaique-compact\\\/\"]}]},{\"@type\":\"ImageObject\",\"inLanguage\":\"fr-FR\",\"@id\":\"https:\\\/\\\/ses-creative.com\\\/fr\\\/produit\\\/tableau-mosaique-compact\\\/#primaryimage\",\"url\":\"https:\\\/\\\/ses-creative.com\\\/wp-content\\\/uploads\\\/2026\\\/01\\\/140461.jpg\",\"contentUrl\":\"https:\\\/\\\/ses-creative.com\\\/wp-content\\\/uploads\\\/2026\\\/01\\\/140461.jpg\",\"width\":1000,\"height\":1000},{\"@type\":\"BreadcrumbList\",\"@id\":\"https:\\\/\\\/ses-creative.com\\\/fr\\\/produit\\\/tableau-mosaique-compact\\\/#breadcrumb\",\"itemListElement\":[{\"@type\":\"ListItem\",\"position\":1,\"name\":\"Boutique\",\"item\":\"https:\\\/\\\/ses-creative.com\\\/fr\\\/boutique\\\/\"},{\"@type\":\"ListItem\",\"position\":2,\"name\":\"Loisirs cr\u00e9atifs\",\"item\":\"https:\\\/\\\/ses-creative.com\\\/fr\\\/product-categorie\\\/loisirs-creatifs\\\/\"},{\"@type\":\"ListItem\",\"position\":3,\"name\":\"Tableau mosa\u00efque compact\"}]},{\"@type\":\"WebSite\",\"@id\":\"https:\\\/\\\/ses-creative.com\\\/#website\",\"url\":\"https:\\\/\\\/ses-creative.com\\\/\",\"name\":\"SES Creative\",\"description\":\"\",\"publisher\":{\"@id\":\"https:\\\/\\\/ses-creative.com\\\/#organization\"},\"potentialAction\":[{\"@type\":\"SearchAction\",\"target\":{\"@type\":\"EntryPoint\",\"urlTemplate\":\"https:\\\/\\\/ses-creative.com\\\/?s={search_term_string}\"},\"query-input\":{\"@type\":\"PropertyValueSpecification\",\"valueRequired\":true,\"valueName\":\"search_term_string\"}}],\"inLanguage\":\"fr-FR\"},{\"@type\":\"Organization\",\"@id\":\"https:\\\/\\\/ses-creative.com\\\/#organization\",\"name\":\"SES Creative\",\"url\":\"https:\\\/\\\/ses-creative.com\\\/\",\"logo\":{\"@type\":\"ImageObject\",\"inLanguage\":\"fr-FR\",\"@id\":\"https:\\\/\\\/ses-creative.com\\\/#\\\/schema\\\/logo\\\/image\\\/\",\"url\":\"https:\\\/\\\/ses-creative.com\\\/wp-content\\\/uploads\\\/2025\\\/10\\\/ses-creative-logo.jpg\",\"contentUrl\":\"https:\\\/\\\/ses-creative.com\\\/wp-content\\\/uploads\\\/2025\\\/10\\\/ses-creative-logo.jpg\",\"width\":2037,\"height\":2037,\"caption\":\"SES Creative\"},\"image\":{\"@id\":\"https:\\\/\\\/ses-creative.com\\\/#\\\/schema\\\/logo\\\/image\\\/\"}}]}<\/script>\n<!-- \/ Yoast SEO plugin. -->","yoast_head_json":{"title":"Tableau mosa\u00efque compact - SES Creative","robots":{"index":"index","follow":"follow","max-snippet":"max-snippet:-1","max-image-preview":"max-image-preview:large","max-video-preview":"max-video-preview:-1"},"canonical":"https:\/\/ses-creative.com\/fr\/produit\/tableau-mosaique-compact\/","og_locale":"fr_FR","og_type":"article","og_title":"Tableau mosa\u00efque compact - SES Creative","og_description":"Le tableau mosa\u00efque compact SES Creative permet aux enfants de 3 \u00e0 6 ans de d\u00e9velopper leur cr\u00e9ativit\u00e9 et leur motricit\u00e9 fine. Le coffret comprend un socle perfor\u00e9 et plus de 100 broches color\u00e9es (rouge, bleu, jaune, vert) \u00e0 ins\u00e9rer librement pour composer d\u2019innombrables motifs. Les broches peuvent \u00eatre retir\u00e9es et replac\u00e9es \u00e0 volont\u00e9, favorisant [&hellip;]","og_url":"https:\/\/ses-creative.com\/fr\/produit\/tableau-mosaique-compact\/","og_site_name":"SES Creative","article_modified_time":"2026-02-12T10:22:49+00:00","twitter_card":"summary_large_image","twitter_misc":{"Dur\u00e9e de lecture estim\u00e9e":"1 minute"},"schema":{"@context":"https:\/\/schema.org","@graph":[{"@type":"WebPage","@id":"https:\/\/ses-creative.com\/fr\/produit\/tableau-mosaique-compact\/","url":"https:\/\/ses-creative.com\/fr\/produit\/tableau-mosaique-compact\/","name":"Tableau mosa\u00efque compact - SES Creative","isPartOf":{"@id":"https:\/\/ses-creative.com\/#website"},"primaryImageOfPage":{"@id":"https:\/\/ses-creative.com\/fr\/produit\/tableau-mosaique-compact\/#primaryimage"},"image":{"@id":"https:\/\/ses-creative.com\/fr\/produit\/tableau-mosaique-compact\/#primaryimage"},"thumbnailUrl":"https:\/\/ses-creative.com\/wp-content\/uploads\/2026\/01\/140461.jpg","datePublished":"2026-02-12T10:09:12+00:00","dateModified":"2026-02-12T10:22:49+00:00","breadcrumb":{"@id":"https:\/\/ses-creative.com\/fr\/produit\/tableau-mosaique-compact\/#breadcrumb"},"inLanguage":"fr-FR","potentialAction":[{"@type":"ReadAction","target":["https:\/\/ses-creative.com\/fr\/produit\/tableau-mosaique-compact\/"]}]},{"@type":"ImageObject","inLanguage":"fr-FR","@id":"https:\/\/ses-creative.com\/fr\/produit\/tableau-mosaique-compact\/#primaryimage","url":"https:\/\/ses-creative.com\/wp-content\/uploads\/2026\/01\/140461.jpg","contentUrl":"https:\/\/ses-creative.com\/wp-content\/uploads\/2026\/01\/140461.jpg","width":1000,"height":1000},{"@type":"BreadcrumbList","@id":"https:\/\/ses-creative.com\/fr\/produit\/tableau-mosaique-compact\/#breadcrumb","itemListElement":[{"@type":"ListItem","position":1,"name":"Boutique","item":"https:\/\/ses-creative.com\/fr\/boutique\/"},{"@type":"ListItem","position":2,"name":"Loisirs cr\u00e9atifs","item":"https:\/\/ses-creative.com\/fr\/product-categorie\/loisirs-creatifs\/"},{"@type":"ListItem","position":3,"name":"Tableau mosa\u00efque compact"}]},{"@type":"WebSite","@id":"https:\/\/ses-creative.com\/#website","url":"https:\/\/ses-creative.com\/","name":"SES Creative","description":"","publisher":{"@id":"https:\/\/ses-creative.com\/#organization"},"potentialAction":[{"@type":"SearchAction","target":{"@type":"EntryPoint","urlTemplate":"https:\/\/ses-creative.com\/?s={search_term_string}"},"query-input":{"@type":"PropertyValueSpecification","valueRequired":true,"valueName":"search_term_string"}}],"inLanguage":"fr-FR"},{"@type":"Organization","@id":"https:\/\/ses-creative.com\/#organization","name":"SES Creative","url":"https:\/\/ses-creative.com\/","logo":{"@type":"ImageObject","inLanguage":"fr-FR","@id":"https:\/\/ses-creative.com\/#\/schema\/logo\/image\/","url":"https:\/\/ses-creative.com\/wp-content\/uploads\/2025\/10\/ses-creative-logo.jpg","contentUrl":"https:\/\/ses-creative.com\/wp-content\/uploads\/2025\/10\/ses-creative-logo.jpg","width":2037,"height":2037,"caption":"SES Creative"},"image":{"@id":"https:\/\/ses-creative.com\/#\/schema\/logo\/image\/"}}]}},"_links":{"self":[{"href":"https:\/\/ses-creative.com\/fr\/wp-json\/wp\/v2\/product\/118260","targetHints":{"allow":["GET"]}}],"collection":[{"href":"https:\/\/ses-creative.com\/fr\/wp-json\/wp\/v2\/product"}],"about":[{"href":"https:\/\/ses-creative.com\/fr\/wp-json\/wp\/v2\/types\/product"}],"replies":[{"embeddable":true,"href":"https:\/\/ses-creative.com\/fr\/wp-json\/wp\/v2\/comments?post=118260"}],"wp:featuredmedia":[{"embeddable":true,"href":"https:\/\/ses-creative.com\/fr\/wp-json\/wp\/v2\/media\/101528"}],"wp:attachment":[{"href":"https:\/\/ses-creative.com\/fr\/wp-json\/wp\/v2\/media?parent=118260"}],"wp:term":[{"taxonomy":"product_brand","embeddable":true,"href":"https:\/\/ses-creative.com\/fr\/wp-json\/wp\/v2\/product_brand?post=118260"},{"taxonomy":"product_cat","embeddable":true,"href":"https:\/\/ses-creative.com\/fr\/wp-json\/wp\/v2\/product_cat?post=118260"},{"taxonomy":"product_tag","embeddable":true,"href":"https:\/\/ses-creative.com\/fr\/wp-json\/wp\/v2\/product_tag?post=118260"}],"curies":[{"name":"wp","href":"https:\/\/api.w.org\/{rel}","templated":true}]}}