











{"id":118259,"date":"2026-02-12T10:09:11","date_gmt":"2026-02-12T10:09:11","guid":{"rendered":"https:\/\/ses-creative.com\/?post_type=product&#038;p=118259"},"modified":"2026-02-12T10:22:49","modified_gmt":"2026-02-12T10:22:49","slug":"jeunes-ingenieurs-dinosaures","status":"publish","type":"product","link":"https:\/\/ses-creative.com\/fr\/produit\/jeunes-ingenieurs-dinosaures\/","title":{"rendered":"Jeunes ing\u00e9nieurs &#8211; Dinosaures"},"content":{"rendered":"<p>Construisez, coloriez et d\u00e9couvrez avec le set Jeunes ing\u00e9nieurs Dinos de SES Creative ! Avec ce set de construction en papier, les enfants peuvent cr\u00e9er leurs propres dinosaures et engins de chantier mobiles. Une combinaison id\u00e9ale entre bricolage, construction et jeu \u2013 parfaite pour les jeunes constructeurs dot\u00e9s d&rsquo;une grande imagination.<\/p>\n<p>Qu&rsquo;est-ce qui rend ce kit si amusant ?<br \/>\n Construisez vous-m\u00eame 4 dinosaures mobiles, avec des pi\u00e8ces en papier.<\/p>\n<p> 6 feutres inclus : coloriez vous-m\u00eame vos cr\u00e9ations<\/p>\n<p> Pi\u00e8ces articul\u00e9es : donnez vie \u00e0 vos dinosaures<\/p>\n<p> Stimule la motricit\u00e9 fine et la r\u00e9solution de probl\u00e8mes<\/p>\n<p> Convient aux enfants \u00e0 partir de 3 ans<\/p>\n<p>Construisez et coloriez vos propres dinosaures<br \/>\nGr\u00e2ce au mode d&#8217;emploi clair, vous assemblez les pi\u00e8ces en papier \u00e9tape par \u00e9tape. Vous donnez ensuite un look unique \u00e0 vos dinosaures \u00e0 l&rsquo;aide des feutres fournis. Gr\u00e2ce aux \u00e9l\u00e9ments mobiles, vous pouvez imm\u00e9diatement jouer avec.<\/p>\n<p>Contenu du set :<br \/>\nColoriages en papier et pi\u00e8ces de construction<\/p>\n<p>6 feutres<\/p>\n<p>Mode d&#8217;emploi<\/p>\n<p>Pourquoi choisir SES Creative ?<br \/>\nSES Creative est synonyme de jouets s\u00fbrs, \u00e9ducatifs et cr\u00e9atifs. Ce set offre aux enfants une activit\u00e9 stimulante qui d\u00e9veloppe \u00e0 la fois leurs comp\u00e9tences en construction et leur cr\u00e9ativit\u00e9.<\/p>\n<p>Pr\u00eat \u00e0 construire ?<br \/>\nCommandez d\u00e8s maintenant le kit Jeunes ing\u00e9nieurs Dino de SES Creative et donnez vie \u00e0 votre propre monde pr\u00e9historique !<\/p>\n","protected":false},"excerpt":{"rendered":"<p>Construisez, coloriez et d\u00e9couvrez avec le set Jeunes ing\u00e9nieurs Dinos de SES Creative ! Avec ce set de construction en papier, les enfants peuvent cr\u00e9er leurs propres dinosaures et engins de chantier mobiles. Une combinaison id\u00e9ale entre bricolage, construction et jeu \u2013 parfaite pour les jeunes constructeurs dot\u00e9s d&rsquo;une grande imagination. Qu&rsquo;est-ce qui rend ce [&hellip;]<\/p>\n","protected":false},"featured_media":101508,"comment_status":"closed","ping_status":"closed","template":"","meta":{"_acf_changed":false},"product_brand":[],"product_cat":[122],"product_tag":[],"class_list":{"0":"post-118259","1":"product","2":"type-product","3":"status-publish","4":"has-post-thumbnail","6":"product_cat-loisirs-creatifs","7":"pa_leeftijd-filter-3-4-ans","8":"pa_meest-populair-bij-garcons-filles","10":"first","11":"instock","12":"shipping-taxable","13":"product-type-simple"},"acf":[],"yoast_head":"<!-- This site is optimized with the Yoast SEO plugin v27.2 - https:\/\/yoast.com\/product\/yoast-seo-wordpress\/ -->\n<title>Jeunes ing\u00e9nieurs - Dinosaures - SES Creative<\/title>\n<meta name=\"robots\" content=\"index, follow, max-snippet:-1, max-image-preview:large, max-video-preview:-1\" \/>\n<link rel=\"canonical\" href=\"https:\/\/ses-creative.com\/fr\/produit\/jeunes-ingenieurs-dinosaures\/\" \/>\n<meta property=\"og:locale\" content=\"fr_FR\" \/>\n<meta property=\"og:type\" content=\"article\" \/>\n<meta property=\"og:title\" content=\"Jeunes ing\u00e9nieurs - Dinosaures - SES Creative\" \/>\n<meta property=\"og:description\" content=\"Construisez, coloriez et d\u00e9couvrez avec le set Jeunes ing\u00e9nieurs Dinos de SES Creative ! Avec ce set de construction en papier, les enfants peuvent cr\u00e9er leurs propres dinosaures et engins de chantier mobiles. Une combinaison id\u00e9ale entre bricolage, construction et jeu \u2013 parfaite pour les jeunes constructeurs dot\u00e9s d&rsquo;une grande imagination. Qu&rsquo;est-ce qui rend ce [&hellip;]\" \/>\n<meta property=\"og:url\" content=\"https:\/\/ses-creative.com\/fr\/produit\/jeunes-ingenieurs-dinosaures\/\" \/>\n<meta property=\"og:site_name\" content=\"SES Creative\" \/>\n<meta property=\"article:modified_time\" content=\"2026-02-12T10:22:49+00:00\" \/>\n<meta name=\"twitter:card\" content=\"summary_large_image\" \/>\n<meta name=\"twitter:label1\" content=\"Dur\u00e9e de lecture estim\u00e9e\" \/>\n\t<meta name=\"twitter:data1\" content=\"1 minute\" \/>\n<script type=\"application\/ld+json\" class=\"yoast-schema-graph\">{\"@context\":\"https:\/\/schema.org\",\"@graph\":[{\"@type\":\"WebPage\",\"@id\":\"https:\/\/ses-creative.com\/fr\/produit\/jeunes-ingenieurs-dinosaures\/\",\"url\":\"https:\/\/ses-creative.com\/fr\/produit\/jeunes-ingenieurs-dinosaures\/\",\"name\":\"Jeunes ing\u00e9nieurs - Dinosaures - SES Creative\",\"isPartOf\":{\"@id\":\"https:\/\/ses-creative.com\/#website\"},\"primaryImageOfPage\":{\"@id\":\"https:\/\/ses-creative.com\/fr\/produit\/jeunes-ingenieurs-dinosaures\/#primaryimage\"},\"image\":{\"@id\":\"https:\/\/ses-creative.com\/fr\/produit\/jeunes-ingenieurs-dinosaures\/#primaryimage\"},\"thumbnailUrl\":\"https:\/\/ses-creative.com\/wp-content\/uploads\/2026\/01\/140451.jpg\",\"datePublished\":\"2026-02-12T10:09:11+00:00\",\"dateModified\":\"2026-02-12T10:22:49+00:00\",\"breadcrumb\":{\"@id\":\"https:\/\/ses-creative.com\/fr\/produit\/jeunes-ingenieurs-dinosaures\/#breadcrumb\"},\"inLanguage\":\"fr-FR\",\"potentialAction\":[{\"@type\":\"ReadAction\",\"target\":[\"https:\/\/ses-creative.com\/fr\/produit\/jeunes-ingenieurs-dinosaures\/\"]}]},{\"@type\":\"ImageObject\",\"inLanguage\":\"fr-FR\",\"@id\":\"https:\/\/ses-creative.com\/fr\/produit\/jeunes-ingenieurs-dinosaures\/#primaryimage\",\"url\":\"https:\/\/ses-creative.com\/wp-content\/uploads\/2026\/01\/140451.jpg\",\"contentUrl\":\"https:\/\/ses-creative.com\/wp-content\/uploads\/2026\/01\/140451.jpg\",\"width\":1000,\"height\":1000},{\"@type\":\"BreadcrumbList\",\"@id\":\"https:\/\/ses-creative.com\/fr\/produit\/jeunes-ingenieurs-dinosaures\/#breadcrumb\",\"itemListElement\":[{\"@type\":\"ListItem\",\"position\":1,\"name\":\"Boutique\",\"item\":\"https:\/\/ses-creative.com\/fr\/boutique\/\"},{\"@type\":\"ListItem\",\"position\":2,\"name\":\"Loisirs cr\u00e9atifs\",\"item\":\"https:\/\/ses-creative.com\/fr\/product-categorie\/loisirs-creatifs\/\"},{\"@type\":\"ListItem\",\"position\":3,\"name\":\"Jeunes ing\u00e9nieurs &#8211; Dinosaures\"}]},{\"@type\":\"WebSite\",\"@id\":\"https:\/\/ses-creative.com\/#website\",\"url\":\"https:\/\/ses-creative.com\/\",\"name\":\"SES Creative\",\"description\":\"\",\"publisher\":{\"@id\":\"https:\/\/ses-creative.com\/#organization\"},\"potentialAction\":[{\"@type\":\"SearchAction\",\"target\":{\"@type\":\"EntryPoint\",\"urlTemplate\":\"https:\/\/ses-creative.com\/?s={search_term_string}\"},\"query-input\":{\"@type\":\"PropertyValueSpecification\",\"valueRequired\":true,\"valueName\":\"search_term_string\"}}],\"inLanguage\":\"fr-FR\"},{\"@type\":\"Organization\",\"@id\":\"https:\/\/ses-creative.com\/#organization\",\"name\":\"SES Creative\",\"url\":\"https:\/\/ses-creative.com\/\",\"logo\":{\"@type\":\"ImageObject\",\"inLanguage\":\"fr-FR\",\"@id\":\"https:\/\/ses-creative.com\/#\/schema\/logo\/image\/\",\"url\":\"https:\/\/ses-creative.com\/wp-content\/uploads\/2025\/10\/ses-creative-logo.jpg\",\"contentUrl\":\"https:\/\/ses-creative.com\/wp-content\/uploads\/2025\/10\/ses-creative-logo.jpg\",\"width\":2037,\"height\":2037,\"caption\":\"SES Creative\"},\"image\":{\"@id\":\"https:\/\/ses-creative.com\/#\/schema\/logo\/image\/\"}}]}<\/script>\n<!-- \/ Yoast SEO plugin. -->","yoast_head_json":{"title":"Jeunes ing\u00e9nieurs - Dinosaures - SES Creative","robots":{"index":"index","follow":"follow","max-snippet":"max-snippet:-1","max-image-preview":"max-image-preview:large","max-video-preview":"max-video-preview:-1"},"canonical":"https:\/\/ses-creative.com\/fr\/produit\/jeunes-ingenieurs-dinosaures\/","og_locale":"fr_FR","og_type":"article","og_title":"Jeunes ing\u00e9nieurs - Dinosaures - SES Creative","og_description":"Construisez, coloriez et d\u00e9couvrez avec le set Jeunes ing\u00e9nieurs Dinos de SES Creative ! Avec ce set de construction en papier, les enfants peuvent cr\u00e9er leurs propres dinosaures et engins de chantier mobiles. Une combinaison id\u00e9ale entre bricolage, construction et jeu \u2013 parfaite pour les jeunes constructeurs dot\u00e9s d&rsquo;une grande imagination. Qu&rsquo;est-ce qui rend ce [&hellip;]","og_url":"https:\/\/ses-creative.com\/fr\/produit\/jeunes-ingenieurs-dinosaures\/","og_site_name":"SES Creative","article_modified_time":"2026-02-12T10:22:49+00:00","twitter_card":"summary_large_image","twitter_misc":{"Dur\u00e9e de lecture estim\u00e9e":"1 minute"},"schema":{"@context":"https:\/\/schema.org","@graph":[{"@type":"WebPage","@id":"https:\/\/ses-creative.com\/fr\/produit\/jeunes-ingenieurs-dinosaures\/","url":"https:\/\/ses-creative.com\/fr\/produit\/jeunes-ingenieurs-dinosaures\/","name":"Jeunes ing\u00e9nieurs - Dinosaures - SES Creative","isPartOf":{"@id":"https:\/\/ses-creative.com\/#website"},"primaryImageOfPage":{"@id":"https:\/\/ses-creative.com\/fr\/produit\/jeunes-ingenieurs-dinosaures\/#primaryimage"},"image":{"@id":"https:\/\/ses-creative.com\/fr\/produit\/jeunes-ingenieurs-dinosaures\/#primaryimage"},"thumbnailUrl":"https:\/\/ses-creative.com\/wp-content\/uploads\/2026\/01\/140451.jpg","datePublished":"2026-02-12T10:09:11+00:00","dateModified":"2026-02-12T10:22:49+00:00","breadcrumb":{"@id":"https:\/\/ses-creative.com\/fr\/produit\/jeunes-ingenieurs-dinosaures\/#breadcrumb"},"inLanguage":"fr-FR","potentialAction":[{"@type":"ReadAction","target":["https:\/\/ses-creative.com\/fr\/produit\/jeunes-ingenieurs-dinosaures\/"]}]},{"@type":"ImageObject","inLanguage":"fr-FR","@id":"https:\/\/ses-creative.com\/fr\/produit\/jeunes-ingenieurs-dinosaures\/#primaryimage","url":"https:\/\/ses-creative.com\/wp-content\/uploads\/2026\/01\/140451.jpg","contentUrl":"https:\/\/ses-creative.com\/wp-content\/uploads\/2026\/01\/140451.jpg","width":1000,"height":1000},{"@type":"BreadcrumbList","@id":"https:\/\/ses-creative.com\/fr\/produit\/jeunes-ingenieurs-dinosaures\/#breadcrumb","itemListElement":[{"@type":"ListItem","position":1,"name":"Boutique","item":"https:\/\/ses-creative.com\/fr\/boutique\/"},{"@type":"ListItem","position":2,"name":"Loisirs cr\u00e9atifs","item":"https:\/\/ses-creative.com\/fr\/product-categorie\/loisirs-creatifs\/"},{"@type":"ListItem","position":3,"name":"Jeunes ing\u00e9nieurs &#8211; Dinosaures"}]},{"@type":"WebSite","@id":"https:\/\/ses-creative.com\/#website","url":"https:\/\/ses-creative.com\/","name":"SES Creative","description":"","publisher":{"@id":"https:\/\/ses-creative.com\/#organization"},"potentialAction":[{"@type":"SearchAction","target":{"@type":"EntryPoint","urlTemplate":"https:\/\/ses-creative.com\/?s={search_term_string}"},"query-input":{"@type":"PropertyValueSpecification","valueRequired":true,"valueName":"search_term_string"}}],"inLanguage":"fr-FR"},{"@type":"Organization","@id":"https:\/\/ses-creative.com\/#organization","name":"SES Creative","url":"https:\/\/ses-creative.com\/","logo":{"@type":"ImageObject","inLanguage":"fr-FR","@id":"https:\/\/ses-creative.com\/#\/schema\/logo\/image\/","url":"https:\/\/ses-creative.com\/wp-content\/uploads\/2025\/10\/ses-creative-logo.jpg","contentUrl":"https:\/\/ses-creative.com\/wp-content\/uploads\/2025\/10\/ses-creative-logo.jpg","width":2037,"height":2037,"caption":"SES Creative"},"image":{"@id":"https:\/\/ses-creative.com\/#\/schema\/logo\/image\/"}}]}},"_links":{"self":[{"href":"https:\/\/ses-creative.com\/fr\/wp-json\/wp\/v2\/product\/118259","targetHints":{"allow":["GET"]}}],"collection":[{"href":"https:\/\/ses-creative.com\/fr\/wp-json\/wp\/v2\/product"}],"about":[{"href":"https:\/\/ses-creative.com\/fr\/wp-json\/wp\/v2\/types\/product"}],"replies":[{"embeddable":true,"href":"https:\/\/ses-creative.com\/fr\/wp-json\/wp\/v2\/comments?post=118259"}],"wp:featuredmedia":[{"embeddable":true,"href":"https:\/\/ses-creative.com\/fr\/wp-json\/wp\/v2\/media\/101508"}],"wp:attachment":[{"href":"https:\/\/ses-creative.com\/fr\/wp-json\/wp\/v2\/media?parent=118259"}],"wp:term":[{"taxonomy":"product_brand","embeddable":true,"href":"https:\/\/ses-creative.com\/fr\/wp-json\/wp\/v2\/product_brand?post=118259"},{"taxonomy":"product_cat","embeddable":true,"href":"https:\/\/ses-creative.com\/fr\/wp-json\/wp\/v2\/product_cat?post=118259"},{"taxonomy":"product_tag","embeddable":true,"href":"https:\/\/ses-creative.com\/fr\/wp-json\/wp\/v2\/product_tag?post=118259"}],"curies":[{"name":"wp","href":"https:\/\/api.w.org\/{rel}","templated":true}]}}