











{"id":118258,"date":"2026-02-12T10:09:11","date_gmt":"2026-02-12T10:09:11","guid":{"rendered":"https:\/\/ses-creative.com\/?post_type=product&#038;p=118258"},"modified":"2026-02-12T10:22:49","modified_gmt":"2026-02-12T10:22:49","slug":"autocollants-dongles","status":"publish","type":"product","link":"https:\/\/ses-creative.com\/fr\/produit\/autocollants-dongles\/","title":{"rendered":"Autocollants d&rsquo;ongles"},"content":{"rendered":"<p>Faites briller vos ongles avec les autocollants pour ongles de SES Creative ! Ces transferts pour ongles joyeux et color\u00e9s sont sp\u00e9cialement con\u00e7us pour les petites mains des enfants et offrent un moyen s\u00fbr et ludique de d\u00e9corer vos ongles. Id\u00e9al pour les enfants qui aiment la mode, les couleurs et la cr\u00e9ativit\u00e9.<\/p>\n<p>Qu&rsquo;est-ce qui rend ce set si amusant ?<br \/>\n198 autocollants pour les ongles \u2013 r\u00e9partis sur 2 feuilles<\/p>\n<p> Motifs amusants et color\u00e9s \u2013 pour tous les styles<\/p>\n<p> Facile \u00e0 appliquer avec de l&rsquo;eau \u2013 pas besoin de colle<\/p>\n<p> Facile \u00e0 retirer \u2013 id\u00e9al pour les jeunes enfants<\/p>\n<p> Convient aux enfants \u00e0 partir de 3 ans<\/p>\n<p>Cr\u00e9ez vos propres ongles styl\u00e9s<br \/>\nAvec ces autocollants pour ongles, les enfants peuvent varier \u00e0 l&rsquo;infini les motifs et les couleurs. Choisissez un autocollant, appliquez-le avec un peu d&rsquo;eau et admirez imm\u00e9diatement le r\u00e9sultat. Et si vous voulez essayer quelque chose de nouveau ? Il suffit de les retirer !<\/p>\n<p>Contenu du set :<br \/>\n198 transferts pour ongles (2 feuilles)<\/p>\n<p>Pourquoi choisir SES Creative ?<br \/>\nSES Creative est r\u00e9put\u00e9 pour ses jouets cr\u00e9atifs de haute qualit\u00e9 et s\u00fbrs, fabriqu\u00e9s aux Pays-Bas. Ce kit stimule de mani\u00e8re ludique la cr\u00e9ativit\u00e9, l&rsquo;expression personnelle et la motricit\u00e9 fine.<\/p>\n<p>Faites briller vos ongles<br \/>\nCommandez d\u00e8s maintenant les autocollants pour ongles de SES Creative et offrez \u00e0 chaque ongle une joyeuse m\u00e9tamorphose. Plaisir cr\u00e9atif garanti !<\/p>\n","protected":false},"excerpt":{"rendered":"<p>Faites briller vos ongles avec les autocollants pour ongles de SES Creative ! Ces transferts pour ongles joyeux et color\u00e9s sont sp\u00e9cialement con\u00e7us pour les petites mains des enfants et offrent un moyen s\u00fbr et ludique de d\u00e9corer vos ongles. Id\u00e9al pour les enfants qui aiment la mode, les couleurs et la cr\u00e9ativit\u00e9. Qu&rsquo;est-ce qui [&hellip;]<\/p>\n","protected":false},"featured_media":101488,"comment_status":"closed","ping_status":"closed","template":"","meta":{"_acf_changed":false},"product_brand":[],"product_cat":[122],"product_tag":[],"class_list":{"0":"post-118258","1":"product","2":"type-product","3":"status-publish","4":"has-post-thumbnail","6":"product_cat-loisirs-creatifs","7":"pa_leeftijd-filter-3-4-ans","8":"pa_meest-populair-bij-garcons-filles","10":"first","11":"instock","12":"shipping-taxable","13":"product-type-simple"},"acf":[],"yoast_head":"<!-- This site is optimized with the Yoast SEO plugin v27.2 - https:\/\/yoast.com\/product\/yoast-seo-wordpress\/ -->\n<title>Autocollants d&#039;ongles - SES Creative<\/title>\n<meta name=\"robots\" content=\"index, follow, max-snippet:-1, max-image-preview:large, max-video-preview:-1\" \/>\n<link rel=\"canonical\" href=\"https:\/\/ses-creative.com\/fr\/produit\/autocollants-dongles\/\" \/>\n<meta property=\"og:locale\" content=\"fr_FR\" \/>\n<meta property=\"og:type\" content=\"article\" \/>\n<meta property=\"og:title\" content=\"Autocollants d&#039;ongles - SES Creative\" \/>\n<meta property=\"og:description\" content=\"Faites briller vos ongles avec les autocollants pour ongles de SES Creative ! Ces transferts pour ongles joyeux et color\u00e9s sont sp\u00e9cialement con\u00e7us pour les petites mains des enfants et offrent un moyen s\u00fbr et ludique de d\u00e9corer vos ongles. Id\u00e9al pour les enfants qui aiment la mode, les couleurs et la cr\u00e9ativit\u00e9. Qu&rsquo;est-ce qui [&hellip;]\" \/>\n<meta property=\"og:url\" content=\"https:\/\/ses-creative.com\/fr\/produit\/autocollants-dongles\/\" \/>\n<meta property=\"og:site_name\" content=\"SES Creative\" \/>\n<meta property=\"article:modified_time\" content=\"2026-02-12T10:22:49+00:00\" \/>\n<meta name=\"twitter:card\" content=\"summary_large_image\" \/>\n<meta name=\"twitter:label1\" content=\"Dur\u00e9e de lecture estim\u00e9e\" \/>\n\t<meta name=\"twitter:data1\" content=\"1 minute\" \/>\n<script type=\"application\/ld+json\" class=\"yoast-schema-graph\">{\"@context\":\"https:\/\/schema.org\",\"@graph\":[{\"@type\":\"WebPage\",\"@id\":\"https:\/\/ses-creative.com\/fr\/produit\/autocollants-dongles\/\",\"url\":\"https:\/\/ses-creative.com\/fr\/produit\/autocollants-dongles\/\",\"name\":\"Autocollants d'ongles - SES Creative\",\"isPartOf\":{\"@id\":\"https:\/\/ses-creative.com\/#website\"},\"primaryImageOfPage\":{\"@id\":\"https:\/\/ses-creative.com\/fr\/produit\/autocollants-dongles\/#primaryimage\"},\"image\":{\"@id\":\"https:\/\/ses-creative.com\/fr\/produit\/autocollants-dongles\/#primaryimage\"},\"thumbnailUrl\":\"https:\/\/ses-creative.com\/wp-content\/uploads\/2026\/01\/140441.jpg\",\"datePublished\":\"2026-02-12T10:09:11+00:00\",\"dateModified\":\"2026-02-12T10:22:49+00:00\",\"breadcrumb\":{\"@id\":\"https:\/\/ses-creative.com\/fr\/produit\/autocollants-dongles\/#breadcrumb\"},\"inLanguage\":\"fr-FR\",\"potentialAction\":[{\"@type\":\"ReadAction\",\"target\":[\"https:\/\/ses-creative.com\/fr\/produit\/autocollants-dongles\/\"]}]},{\"@type\":\"ImageObject\",\"inLanguage\":\"fr-FR\",\"@id\":\"https:\/\/ses-creative.com\/fr\/produit\/autocollants-dongles\/#primaryimage\",\"url\":\"https:\/\/ses-creative.com\/wp-content\/uploads\/2026\/01\/140441.jpg\",\"contentUrl\":\"https:\/\/ses-creative.com\/wp-content\/uploads\/2026\/01\/140441.jpg\",\"width\":1000,\"height\":1000},{\"@type\":\"BreadcrumbList\",\"@id\":\"https:\/\/ses-creative.com\/fr\/produit\/autocollants-dongles\/#breadcrumb\",\"itemListElement\":[{\"@type\":\"ListItem\",\"position\":1,\"name\":\"Boutique\",\"item\":\"https:\/\/ses-creative.com\/fr\/boutique\/\"},{\"@type\":\"ListItem\",\"position\":2,\"name\":\"Loisirs cr\u00e9atifs\",\"item\":\"https:\/\/ses-creative.com\/fr\/product-categorie\/loisirs-creatifs\/\"},{\"@type\":\"ListItem\",\"position\":3,\"name\":\"Autocollants d&#8217;ongles\"}]},{\"@type\":\"WebSite\",\"@id\":\"https:\/\/ses-creative.com\/#website\",\"url\":\"https:\/\/ses-creative.com\/\",\"name\":\"SES Creative\",\"description\":\"\",\"publisher\":{\"@id\":\"https:\/\/ses-creative.com\/#organization\"},\"potentialAction\":[{\"@type\":\"SearchAction\",\"target\":{\"@type\":\"EntryPoint\",\"urlTemplate\":\"https:\/\/ses-creative.com\/?s={search_term_string}\"},\"query-input\":{\"@type\":\"PropertyValueSpecification\",\"valueRequired\":true,\"valueName\":\"search_term_string\"}}],\"inLanguage\":\"fr-FR\"},{\"@type\":\"Organization\",\"@id\":\"https:\/\/ses-creative.com\/#organization\",\"name\":\"SES Creative\",\"url\":\"https:\/\/ses-creative.com\/\",\"logo\":{\"@type\":\"ImageObject\",\"inLanguage\":\"fr-FR\",\"@id\":\"https:\/\/ses-creative.com\/#\/schema\/logo\/image\/\",\"url\":\"https:\/\/ses-creative.com\/wp-content\/uploads\/2025\/10\/ses-creative-logo.jpg\",\"contentUrl\":\"https:\/\/ses-creative.com\/wp-content\/uploads\/2025\/10\/ses-creative-logo.jpg\",\"width\":2037,\"height\":2037,\"caption\":\"SES Creative\"},\"image\":{\"@id\":\"https:\/\/ses-creative.com\/#\/schema\/logo\/image\/\"}}]}<\/script>\n<!-- \/ Yoast SEO plugin. -->","yoast_head_json":{"title":"Autocollants d'ongles - SES Creative","robots":{"index":"index","follow":"follow","max-snippet":"max-snippet:-1","max-image-preview":"max-image-preview:large","max-video-preview":"max-video-preview:-1"},"canonical":"https:\/\/ses-creative.com\/fr\/produit\/autocollants-dongles\/","og_locale":"fr_FR","og_type":"article","og_title":"Autocollants d'ongles - SES Creative","og_description":"Faites briller vos ongles avec les autocollants pour ongles de SES Creative ! Ces transferts pour ongles joyeux et color\u00e9s sont sp\u00e9cialement con\u00e7us pour les petites mains des enfants et offrent un moyen s\u00fbr et ludique de d\u00e9corer vos ongles. Id\u00e9al pour les enfants qui aiment la mode, les couleurs et la cr\u00e9ativit\u00e9. Qu&rsquo;est-ce qui [&hellip;]","og_url":"https:\/\/ses-creative.com\/fr\/produit\/autocollants-dongles\/","og_site_name":"SES Creative","article_modified_time":"2026-02-12T10:22:49+00:00","twitter_card":"summary_large_image","twitter_misc":{"Dur\u00e9e de lecture estim\u00e9e":"1 minute"},"schema":{"@context":"https:\/\/schema.org","@graph":[{"@type":"WebPage","@id":"https:\/\/ses-creative.com\/fr\/produit\/autocollants-dongles\/","url":"https:\/\/ses-creative.com\/fr\/produit\/autocollants-dongles\/","name":"Autocollants d'ongles - SES Creative","isPartOf":{"@id":"https:\/\/ses-creative.com\/#website"},"primaryImageOfPage":{"@id":"https:\/\/ses-creative.com\/fr\/produit\/autocollants-dongles\/#primaryimage"},"image":{"@id":"https:\/\/ses-creative.com\/fr\/produit\/autocollants-dongles\/#primaryimage"},"thumbnailUrl":"https:\/\/ses-creative.com\/wp-content\/uploads\/2026\/01\/140441.jpg","datePublished":"2026-02-12T10:09:11+00:00","dateModified":"2026-02-12T10:22:49+00:00","breadcrumb":{"@id":"https:\/\/ses-creative.com\/fr\/produit\/autocollants-dongles\/#breadcrumb"},"inLanguage":"fr-FR","potentialAction":[{"@type":"ReadAction","target":["https:\/\/ses-creative.com\/fr\/produit\/autocollants-dongles\/"]}]},{"@type":"ImageObject","inLanguage":"fr-FR","@id":"https:\/\/ses-creative.com\/fr\/produit\/autocollants-dongles\/#primaryimage","url":"https:\/\/ses-creative.com\/wp-content\/uploads\/2026\/01\/140441.jpg","contentUrl":"https:\/\/ses-creative.com\/wp-content\/uploads\/2026\/01\/140441.jpg","width":1000,"height":1000},{"@type":"BreadcrumbList","@id":"https:\/\/ses-creative.com\/fr\/produit\/autocollants-dongles\/#breadcrumb","itemListElement":[{"@type":"ListItem","position":1,"name":"Boutique","item":"https:\/\/ses-creative.com\/fr\/boutique\/"},{"@type":"ListItem","position":2,"name":"Loisirs cr\u00e9atifs","item":"https:\/\/ses-creative.com\/fr\/product-categorie\/loisirs-creatifs\/"},{"@type":"ListItem","position":3,"name":"Autocollants d&#8217;ongles"}]},{"@type":"WebSite","@id":"https:\/\/ses-creative.com\/#website","url":"https:\/\/ses-creative.com\/","name":"SES Creative","description":"","publisher":{"@id":"https:\/\/ses-creative.com\/#organization"},"potentialAction":[{"@type":"SearchAction","target":{"@type":"EntryPoint","urlTemplate":"https:\/\/ses-creative.com\/?s={search_term_string}"},"query-input":{"@type":"PropertyValueSpecification","valueRequired":true,"valueName":"search_term_string"}}],"inLanguage":"fr-FR"},{"@type":"Organization","@id":"https:\/\/ses-creative.com\/#organization","name":"SES Creative","url":"https:\/\/ses-creative.com\/","logo":{"@type":"ImageObject","inLanguage":"fr-FR","@id":"https:\/\/ses-creative.com\/#\/schema\/logo\/image\/","url":"https:\/\/ses-creative.com\/wp-content\/uploads\/2025\/10\/ses-creative-logo.jpg","contentUrl":"https:\/\/ses-creative.com\/wp-content\/uploads\/2025\/10\/ses-creative-logo.jpg","width":2037,"height":2037,"caption":"SES Creative"},"image":{"@id":"https:\/\/ses-creative.com\/#\/schema\/logo\/image\/"}}]}},"_links":{"self":[{"href":"https:\/\/ses-creative.com\/fr\/wp-json\/wp\/v2\/product\/118258","targetHints":{"allow":["GET"]}}],"collection":[{"href":"https:\/\/ses-creative.com\/fr\/wp-json\/wp\/v2\/product"}],"about":[{"href":"https:\/\/ses-creative.com\/fr\/wp-json\/wp\/v2\/types\/product"}],"replies":[{"embeddable":true,"href":"https:\/\/ses-creative.com\/fr\/wp-json\/wp\/v2\/comments?post=118258"}],"wp:featuredmedia":[{"embeddable":true,"href":"https:\/\/ses-creative.com\/fr\/wp-json\/wp\/v2\/media\/101488"}],"wp:attachment":[{"href":"https:\/\/ses-creative.com\/fr\/wp-json\/wp\/v2\/media?parent=118258"}],"wp:term":[{"taxonomy":"product_brand","embeddable":true,"href":"https:\/\/ses-creative.com\/fr\/wp-json\/wp\/v2\/product_brand?post=118258"},{"taxonomy":"product_cat","embeddable":true,"href":"https:\/\/ses-creative.com\/fr\/wp-json\/wp\/v2\/product_cat?post=118258"},{"taxonomy":"product_tag","embeddable":true,"href":"https:\/\/ses-creative.com\/fr\/wp-json\/wp\/v2\/product_tag?post=118258"}],"curies":[{"name":"wp","href":"https:\/\/api.w.org\/{rel}","templated":true}]}}