











{"id":118257,"date":"2026-02-12T10:09:11","date_gmt":"2026-02-12T10:09:11","guid":{"rendered":"https:\/\/ses-creative.com\/?post_type=product&#038;p=118257"},"modified":"2026-02-12T10:22:49","modified_gmt":"2026-02-12T10:22:49","slug":"broderie-danimaux-en-fil-moelleux-douceur","status":"publish","type":"product","link":"https:\/\/ses-creative.com\/fr\/produit\/broderie-danimaux-en-fil-moelleux-douceur\/","title":{"rendered":"Broderie d?animaux en fil moelleux douceur"},"content":{"rendered":"<p>Le Kit Broderie Animaux avec Fil doux est une activit\u00e9 manuelle con\u00e7ue pour les enfants d\u00e8s 5 ans, leur permettant de r\u00e9aliser des broderies color\u00e9es et douces repr\u00e9sentant diff\u00e9rents animaux. Le coffret contient 6 cartes solides \u00e0 broder, des fils de soie douce de couleurs vari\u00e9es (jaune, blanche, violette, rouge) et une aiguille en plastique \u00e0 gros chas, assurant une utilisation s\u00fbre et adapt\u00e9e aux petites mains.\u200b<br \/>\nAmazon<\/p>\n<p>Cette activit\u00e9 stimule la cr\u00e9ativit\u00e9 des enfants tout en d\u00e9veloppant leur motricit\u00e9 fine, leur concentration et leur patience. En suivant les motifs de broderie, ils apprennent \u00e0 coordonner leurs gestes et \u00e0 exprimer leur sens artistique. Le kit est id\u00e9al pour des moments de d\u00e9tente \u00e0 la maison ou pour des ateliers cr\u00e9atifs \u00e0 l&rsquo;\u00e9cole.\u200b<\/p>\n<p>Fabriqu\u00e9 par SES Creative, une marque reconnue pour ses produits \u00e9ducatifs de qualit\u00e9, ce kit de broderie est conforme aux normes de s\u00e9curit\u00e9 europ\u00e9ennes, garantissant une exp\u00e9rience ludique et s\u00e9curis\u00e9e pour les enfants.\u200b<\/p>\n","protected":false},"excerpt":{"rendered":"<p>Le Kit Broderie Animaux avec Fil doux est une activit\u00e9 manuelle con\u00e7ue pour les enfants d\u00e8s 5 ans, leur permettant de r\u00e9aliser des broderies color\u00e9es et douces repr\u00e9sentant diff\u00e9rents animaux. Le coffret contient 6 cartes solides \u00e0 broder, des fils de soie douce de couleurs vari\u00e9es (jaune, blanche, violette, rouge) et une aiguille en plastique [&hellip;]<\/p>\n","protected":false},"featured_media":101468,"comment_status":"closed","ping_status":"closed","template":"","meta":{"_acf_changed":false},"product_brand":[],"product_cat":[122],"product_tag":[],"class_list":{"0":"post-118257","1":"product","2":"type-product","3":"status-publish","4":"has-post-thumbnail","6":"product_cat-loisirs-creatifs","7":"pa_leeftijd-filter-3-4-ans","8":"pa_meest-populair-bij-garcons-filles","10":"first","11":"instock","12":"shipping-taxable","13":"product-type-simple"},"acf":[],"yoast_head":"<!-- This site is optimized with the Yoast SEO plugin v27.2 - https:\/\/yoast.com\/product\/yoast-seo-wordpress\/ -->\n<title>Broderie d?animaux en fil moelleux douceur - SES Creative<\/title>\n<meta name=\"robots\" content=\"index, follow, max-snippet:-1, max-image-preview:large, max-video-preview:-1\" \/>\n<link rel=\"canonical\" href=\"https:\/\/ses-creative.com\/fr\/produit\/broderie-danimaux-en-fil-moelleux-douceur\/\" \/>\n<meta property=\"og:locale\" content=\"fr_FR\" \/>\n<meta property=\"og:type\" content=\"article\" \/>\n<meta property=\"og:title\" content=\"Broderie d?animaux en fil moelleux douceur - SES Creative\" \/>\n<meta property=\"og:description\" content=\"Le Kit Broderie Animaux avec Fil doux est une activit\u00e9 manuelle con\u00e7ue pour les enfants d\u00e8s 5 ans, leur permettant de r\u00e9aliser des broderies color\u00e9es et douces repr\u00e9sentant diff\u00e9rents animaux. Le coffret contient 6 cartes solides \u00e0 broder, des fils de soie douce de couleurs vari\u00e9es (jaune, blanche, violette, rouge) et une aiguille en plastique [&hellip;]\" \/>\n<meta property=\"og:url\" content=\"https:\/\/ses-creative.com\/fr\/produit\/broderie-danimaux-en-fil-moelleux-douceur\/\" \/>\n<meta property=\"og:site_name\" content=\"SES Creative\" \/>\n<meta property=\"article:modified_time\" content=\"2026-02-12T10:22:49+00:00\" \/>\n<meta name=\"twitter:card\" content=\"summary_large_image\" \/>\n<meta name=\"twitter:label1\" content=\"Dur\u00e9e de lecture estim\u00e9e\" \/>\n\t<meta name=\"twitter:data1\" content=\"1 minute\" \/>\n<script type=\"application\/ld+json\" class=\"yoast-schema-graph\">{\"@context\":\"https:\/\/schema.org\",\"@graph\":[{\"@type\":\"WebPage\",\"@id\":\"https:\/\/ses-creative.com\/fr\/produit\/broderie-danimaux-en-fil-moelleux-douceur\/\",\"url\":\"https:\/\/ses-creative.com\/fr\/produit\/broderie-danimaux-en-fil-moelleux-douceur\/\",\"name\":\"Broderie d?animaux en fil moelleux douceur - SES Creative\",\"isPartOf\":{\"@id\":\"https:\/\/ses-creative.com\/#website\"},\"primaryImageOfPage\":{\"@id\":\"https:\/\/ses-creative.com\/fr\/produit\/broderie-danimaux-en-fil-moelleux-douceur\/#primaryimage\"},\"image\":{\"@id\":\"https:\/\/ses-creative.com\/fr\/produit\/broderie-danimaux-en-fil-moelleux-douceur\/#primaryimage\"},\"thumbnailUrl\":\"https:\/\/ses-creative.com\/wp-content\/uploads\/2026\/01\/140431.jpg\",\"datePublished\":\"2026-02-12T10:09:11+00:00\",\"dateModified\":\"2026-02-12T10:22:49+00:00\",\"breadcrumb\":{\"@id\":\"https:\/\/ses-creative.com\/fr\/produit\/broderie-danimaux-en-fil-moelleux-douceur\/#breadcrumb\"},\"inLanguage\":\"fr-FR\",\"potentialAction\":[{\"@type\":\"ReadAction\",\"target\":[\"https:\/\/ses-creative.com\/fr\/produit\/broderie-danimaux-en-fil-moelleux-douceur\/\"]}]},{\"@type\":\"ImageObject\",\"inLanguage\":\"fr-FR\",\"@id\":\"https:\/\/ses-creative.com\/fr\/produit\/broderie-danimaux-en-fil-moelleux-douceur\/#primaryimage\",\"url\":\"https:\/\/ses-creative.com\/wp-content\/uploads\/2026\/01\/140431.jpg\",\"contentUrl\":\"https:\/\/ses-creative.com\/wp-content\/uploads\/2026\/01\/140431.jpg\",\"width\":1000,\"height\":1000},{\"@type\":\"BreadcrumbList\",\"@id\":\"https:\/\/ses-creative.com\/fr\/produit\/broderie-danimaux-en-fil-moelleux-douceur\/#breadcrumb\",\"itemListElement\":[{\"@type\":\"ListItem\",\"position\":1,\"name\":\"Boutique\",\"item\":\"https:\/\/ses-creative.com\/fr\/boutique\/\"},{\"@type\":\"ListItem\",\"position\":2,\"name\":\"Loisirs cr\u00e9atifs\",\"item\":\"https:\/\/ses-creative.com\/fr\/product-categorie\/loisirs-creatifs\/\"},{\"@type\":\"ListItem\",\"position\":3,\"name\":\"Broderie d?animaux en fil moelleux douceur\"}]},{\"@type\":\"WebSite\",\"@id\":\"https:\/\/ses-creative.com\/#website\",\"url\":\"https:\/\/ses-creative.com\/\",\"name\":\"SES Creative\",\"description\":\"\",\"publisher\":{\"@id\":\"https:\/\/ses-creative.com\/#organization\"},\"potentialAction\":[{\"@type\":\"SearchAction\",\"target\":{\"@type\":\"EntryPoint\",\"urlTemplate\":\"https:\/\/ses-creative.com\/?s={search_term_string}\"},\"query-input\":{\"@type\":\"PropertyValueSpecification\",\"valueRequired\":true,\"valueName\":\"search_term_string\"}}],\"inLanguage\":\"fr-FR\"},{\"@type\":\"Organization\",\"@id\":\"https:\/\/ses-creative.com\/#organization\",\"name\":\"SES Creative\",\"url\":\"https:\/\/ses-creative.com\/\",\"logo\":{\"@type\":\"ImageObject\",\"inLanguage\":\"fr-FR\",\"@id\":\"https:\/\/ses-creative.com\/#\/schema\/logo\/image\/\",\"url\":\"https:\/\/ses-creative.com\/wp-content\/uploads\/2025\/10\/ses-creative-logo.jpg\",\"contentUrl\":\"https:\/\/ses-creative.com\/wp-content\/uploads\/2025\/10\/ses-creative-logo.jpg\",\"width\":2037,\"height\":2037,\"caption\":\"SES Creative\"},\"image\":{\"@id\":\"https:\/\/ses-creative.com\/#\/schema\/logo\/image\/\"}}]}<\/script>\n<!-- \/ Yoast SEO plugin. -->","yoast_head_json":{"title":"Broderie d?animaux en fil moelleux douceur - SES Creative","robots":{"index":"index","follow":"follow","max-snippet":"max-snippet:-1","max-image-preview":"max-image-preview:large","max-video-preview":"max-video-preview:-1"},"canonical":"https:\/\/ses-creative.com\/fr\/produit\/broderie-danimaux-en-fil-moelleux-douceur\/","og_locale":"fr_FR","og_type":"article","og_title":"Broderie d?animaux en fil moelleux douceur - SES Creative","og_description":"Le Kit Broderie Animaux avec Fil doux est une activit\u00e9 manuelle con\u00e7ue pour les enfants d\u00e8s 5 ans, leur permettant de r\u00e9aliser des broderies color\u00e9es et douces repr\u00e9sentant diff\u00e9rents animaux. Le coffret contient 6 cartes solides \u00e0 broder, des fils de soie douce de couleurs vari\u00e9es (jaune, blanche, violette, rouge) et une aiguille en plastique [&hellip;]","og_url":"https:\/\/ses-creative.com\/fr\/produit\/broderie-danimaux-en-fil-moelleux-douceur\/","og_site_name":"SES Creative","article_modified_time":"2026-02-12T10:22:49+00:00","twitter_card":"summary_large_image","twitter_misc":{"Dur\u00e9e de lecture estim\u00e9e":"1 minute"},"schema":{"@context":"https:\/\/schema.org","@graph":[{"@type":"WebPage","@id":"https:\/\/ses-creative.com\/fr\/produit\/broderie-danimaux-en-fil-moelleux-douceur\/","url":"https:\/\/ses-creative.com\/fr\/produit\/broderie-danimaux-en-fil-moelleux-douceur\/","name":"Broderie d?animaux en fil moelleux douceur - SES Creative","isPartOf":{"@id":"https:\/\/ses-creative.com\/#website"},"primaryImageOfPage":{"@id":"https:\/\/ses-creative.com\/fr\/produit\/broderie-danimaux-en-fil-moelleux-douceur\/#primaryimage"},"image":{"@id":"https:\/\/ses-creative.com\/fr\/produit\/broderie-danimaux-en-fil-moelleux-douceur\/#primaryimage"},"thumbnailUrl":"https:\/\/ses-creative.com\/wp-content\/uploads\/2026\/01\/140431.jpg","datePublished":"2026-02-12T10:09:11+00:00","dateModified":"2026-02-12T10:22:49+00:00","breadcrumb":{"@id":"https:\/\/ses-creative.com\/fr\/produit\/broderie-danimaux-en-fil-moelleux-douceur\/#breadcrumb"},"inLanguage":"fr-FR","potentialAction":[{"@type":"ReadAction","target":["https:\/\/ses-creative.com\/fr\/produit\/broderie-danimaux-en-fil-moelleux-douceur\/"]}]},{"@type":"ImageObject","inLanguage":"fr-FR","@id":"https:\/\/ses-creative.com\/fr\/produit\/broderie-danimaux-en-fil-moelleux-douceur\/#primaryimage","url":"https:\/\/ses-creative.com\/wp-content\/uploads\/2026\/01\/140431.jpg","contentUrl":"https:\/\/ses-creative.com\/wp-content\/uploads\/2026\/01\/140431.jpg","width":1000,"height":1000},{"@type":"BreadcrumbList","@id":"https:\/\/ses-creative.com\/fr\/produit\/broderie-danimaux-en-fil-moelleux-douceur\/#breadcrumb","itemListElement":[{"@type":"ListItem","position":1,"name":"Boutique","item":"https:\/\/ses-creative.com\/fr\/boutique\/"},{"@type":"ListItem","position":2,"name":"Loisirs cr\u00e9atifs","item":"https:\/\/ses-creative.com\/fr\/product-categorie\/loisirs-creatifs\/"},{"@type":"ListItem","position":3,"name":"Broderie d?animaux en fil moelleux douceur"}]},{"@type":"WebSite","@id":"https:\/\/ses-creative.com\/#website","url":"https:\/\/ses-creative.com\/","name":"SES Creative","description":"","publisher":{"@id":"https:\/\/ses-creative.com\/#organization"},"potentialAction":[{"@type":"SearchAction","target":{"@type":"EntryPoint","urlTemplate":"https:\/\/ses-creative.com\/?s={search_term_string}"},"query-input":{"@type":"PropertyValueSpecification","valueRequired":true,"valueName":"search_term_string"}}],"inLanguage":"fr-FR"},{"@type":"Organization","@id":"https:\/\/ses-creative.com\/#organization","name":"SES Creative","url":"https:\/\/ses-creative.com\/","logo":{"@type":"ImageObject","inLanguage":"fr-FR","@id":"https:\/\/ses-creative.com\/#\/schema\/logo\/image\/","url":"https:\/\/ses-creative.com\/wp-content\/uploads\/2025\/10\/ses-creative-logo.jpg","contentUrl":"https:\/\/ses-creative.com\/wp-content\/uploads\/2025\/10\/ses-creative-logo.jpg","width":2037,"height":2037,"caption":"SES Creative"},"image":{"@id":"https:\/\/ses-creative.com\/#\/schema\/logo\/image\/"}}]}},"_links":{"self":[{"href":"https:\/\/ses-creative.com\/fr\/wp-json\/wp\/v2\/product\/118257","targetHints":{"allow":["GET"]}}],"collection":[{"href":"https:\/\/ses-creative.com\/fr\/wp-json\/wp\/v2\/product"}],"about":[{"href":"https:\/\/ses-creative.com\/fr\/wp-json\/wp\/v2\/types\/product"}],"replies":[{"embeddable":true,"href":"https:\/\/ses-creative.com\/fr\/wp-json\/wp\/v2\/comments?post=118257"}],"wp:featuredmedia":[{"embeddable":true,"href":"https:\/\/ses-creative.com\/fr\/wp-json\/wp\/v2\/media\/101468"}],"wp:attachment":[{"href":"https:\/\/ses-creative.com\/fr\/wp-json\/wp\/v2\/media?parent=118257"}],"wp:term":[{"taxonomy":"product_brand","embeddable":true,"href":"https:\/\/ses-creative.com\/fr\/wp-json\/wp\/v2\/product_brand?post=118257"},{"taxonomy":"product_cat","embeddable":true,"href":"https:\/\/ses-creative.com\/fr\/wp-json\/wp\/v2\/product_cat?post=118257"},{"taxonomy":"product_tag","embeddable":true,"href":"https:\/\/ses-creative.com\/fr\/wp-json\/wp\/v2\/product_tag?post=118257"}],"curies":[{"name":"wp","href":"https:\/\/api.w.org\/{rel}","templated":true}]}}