











{"id":118256,"date":"2026-02-12T10:09:11","date_gmt":"2026-02-12T10:09:11","guid":{"rendered":"https:\/\/ses-creative.com\/?post_type=product&#038;p=118256"},"modified":"2026-02-12T10:22:49","modified_gmt":"2026-02-12T10:22:49","slug":"japprends-a-couper-et-coller","status":"publish","type":"product","link":"https:\/\/ses-creative.com\/fr\/produit\/japprends-a-couper-et-coller\/","title":{"rendered":"J&rsquo;apprends \u00e0 couper et coller"},"content":{"rendered":"<p>D\u00e9couvrez le monde du bricolage de mani\u00e8re ludique avec le kit J&rsquo;apprends \u00e0 d\u00e9couper et \u00e0 coller de SES Creative ! Ce kit complet pour d\u00e9butants aide les enfants \u00e0 apprendre \u00e0 d\u00e9couper et \u00e0 coller en toute s\u00e9curit\u00e9, tout en d\u00e9veloppant leur cr\u00e9ativit\u00e9 et leur motricit\u00e9 fine.<\/p>\n<p>Qu&rsquo;est-ce qui rend ce kit si amusant ?<br \/>\n 4 cartes \u00e0 d\u00e9couper color\u00e9es &#8211; pour apprendre \u00e0 d\u00e9couper des formes<\/p>\n<p> 4 cartes \u00e0 coller color\u00e9es \u2013 pour les premiers projets de collage<\/p>\n<p> Ciseaux pour enfants s\u00e9curis\u00e9s \u2013 sp\u00e9cialement con\u00e7us pour les petites mains<\/p>\n<p> Stimule la cr\u00e9ativit\u00e9 et la motricit\u00e9<\/p>\n<p> Convient aux enfants \u00e0 partir de 3 ans<\/p>\n<p>D\u00e9coupage et collage pour d\u00e9butants<br \/>\nLes cartes de ce set sont con\u00e7ues pour apprendre \u00e0 d\u00e9couper \u00e9tape par \u00e9tape. Les enfants s&rsquo;entra\u00eenent d&rsquo;abord avec des formes droites et simples, puis fixent leurs cr\u00e9ations sur les cartes \u00e0 coller. Chaque exercice devient ainsi une petite \u0153uvre d&rsquo;art.<\/p>\n<p>Contenu du set :<br \/>\n4 cartes \u00e0 d\u00e9couper imprim\u00e9es<\/p>\n<p>4 cartes \u00e0 coller imprim\u00e9es<\/p>\n<p>Ciseaux pour enfants s\u00e9curis\u00e9s<\/p>\n<p>Colle pour les doigts<\/p>\n<p>Pourquoi choisir SES Creative ?<br \/>\nAvec les jouets SES Creative, les enfants d\u00e9couvrent leurs talents cr\u00e9atifs de mani\u00e8re s\u00fbre et ludique. Tous les produits sont fabriqu\u00e9s de mani\u00e8re durable et responsable aux Pays-Bas, afin que les parents aient l&rsquo;assurance de leur qualit\u00e9 et de leur s\u00e9curit\u00e9.<\/p>\n<p>Le plaisir du bricolage d\u00e8s les premiers coups de ciseaux<br \/>\nCommandez d\u00e8s maintenant le kit \u00ab J&rsquo;apprends \u00e0 d\u00e9couper et \u00e0 coller \u00bb et offrez \u00e0 vos enfants un d\u00e9part id\u00e9al dans le monde du bricolage. Apprendre en s&rsquo;amusant, voil\u00e0 l&rsquo;objectif de ce kit !<\/p>\n","protected":false},"excerpt":{"rendered":"<p>D\u00e9couvrez le monde du bricolage de mani\u00e8re ludique avec le kit J&rsquo;apprends \u00e0 d\u00e9couper et \u00e0 coller de SES Creative ! Ce kit complet pour d\u00e9butants aide les enfants \u00e0 apprendre \u00e0 d\u00e9couper et \u00e0 coller en toute s\u00e9curit\u00e9, tout en d\u00e9veloppant leur cr\u00e9ativit\u00e9 et leur motricit\u00e9 fine. Qu&rsquo;est-ce qui rend ce kit si amusant [&hellip;]<\/p>\n","protected":false},"featured_media":101448,"comment_status":"closed","ping_status":"closed","template":"","meta":{"_acf_changed":false},"product_brand":[],"product_cat":[122],"product_tag":[],"class_list":{"0":"post-118256","1":"product","2":"type-product","3":"status-publish","4":"has-post-thumbnail","6":"product_cat-loisirs-creatifs","7":"pa_leeftijd-filter-3-4-ans","8":"pa_meest-populair-bij-garcons-filles","10":"first","11":"instock","12":"shipping-taxable","13":"product-type-simple"},"acf":[],"yoast_head":"<!-- This site is optimized with the Yoast SEO plugin v27.2 - https:\/\/yoast.com\/product\/yoast-seo-wordpress\/ -->\n<title>J&#039;apprends \u00e0 couper et coller - SES Creative<\/title>\n<meta name=\"robots\" content=\"index, follow, max-snippet:-1, max-image-preview:large, max-video-preview:-1\" \/>\n<link rel=\"canonical\" href=\"https:\/\/ses-creative.com\/fr\/produit\/japprends-a-couper-et-coller\/\" \/>\n<meta property=\"og:locale\" content=\"fr_FR\" \/>\n<meta property=\"og:type\" content=\"article\" \/>\n<meta property=\"og:title\" content=\"J&#039;apprends \u00e0 couper et coller - SES Creative\" \/>\n<meta property=\"og:description\" content=\"D\u00e9couvrez le monde du bricolage de mani\u00e8re ludique avec le kit J&rsquo;apprends \u00e0 d\u00e9couper et \u00e0 coller de SES Creative ! Ce kit complet pour d\u00e9butants aide les enfants \u00e0 apprendre \u00e0 d\u00e9couper et \u00e0 coller en toute s\u00e9curit\u00e9, tout en d\u00e9veloppant leur cr\u00e9ativit\u00e9 et leur motricit\u00e9 fine. Qu&rsquo;est-ce qui rend ce kit si amusant [&hellip;]\" \/>\n<meta property=\"og:url\" content=\"https:\/\/ses-creative.com\/fr\/produit\/japprends-a-couper-et-coller\/\" \/>\n<meta property=\"og:site_name\" content=\"SES Creative\" \/>\n<meta property=\"article:modified_time\" content=\"2026-02-12T10:22:49+00:00\" \/>\n<meta name=\"twitter:card\" content=\"summary_large_image\" \/>\n<meta name=\"twitter:label1\" content=\"Dur\u00e9e de lecture estim\u00e9e\" \/>\n\t<meta name=\"twitter:data1\" content=\"1 minute\" \/>\n<script type=\"application\/ld+json\" class=\"yoast-schema-graph\">{\"@context\":\"https:\/\/schema.org\",\"@graph\":[{\"@type\":\"WebPage\",\"@id\":\"https:\/\/ses-creative.com\/fr\/produit\/japprends-a-couper-et-coller\/\",\"url\":\"https:\/\/ses-creative.com\/fr\/produit\/japprends-a-couper-et-coller\/\",\"name\":\"J'apprends \u00e0 couper et coller - SES Creative\",\"isPartOf\":{\"@id\":\"https:\/\/ses-creative.com\/#website\"},\"primaryImageOfPage\":{\"@id\":\"https:\/\/ses-creative.com\/fr\/produit\/japprends-a-couper-et-coller\/#primaryimage\"},\"image\":{\"@id\":\"https:\/\/ses-creative.com\/fr\/produit\/japprends-a-couper-et-coller\/#primaryimage\"},\"thumbnailUrl\":\"https:\/\/ses-creative.com\/wp-content\/uploads\/2026\/01\/140421.jpg\",\"datePublished\":\"2026-02-12T10:09:11+00:00\",\"dateModified\":\"2026-02-12T10:22:49+00:00\",\"breadcrumb\":{\"@id\":\"https:\/\/ses-creative.com\/fr\/produit\/japprends-a-couper-et-coller\/#breadcrumb\"},\"inLanguage\":\"fr-FR\",\"potentialAction\":[{\"@type\":\"ReadAction\",\"target\":[\"https:\/\/ses-creative.com\/fr\/produit\/japprends-a-couper-et-coller\/\"]}]},{\"@type\":\"ImageObject\",\"inLanguage\":\"fr-FR\",\"@id\":\"https:\/\/ses-creative.com\/fr\/produit\/japprends-a-couper-et-coller\/#primaryimage\",\"url\":\"https:\/\/ses-creative.com\/wp-content\/uploads\/2026\/01\/140421.jpg\",\"contentUrl\":\"https:\/\/ses-creative.com\/wp-content\/uploads\/2026\/01\/140421.jpg\",\"width\":1000,\"height\":1000},{\"@type\":\"BreadcrumbList\",\"@id\":\"https:\/\/ses-creative.com\/fr\/produit\/japprends-a-couper-et-coller\/#breadcrumb\",\"itemListElement\":[{\"@type\":\"ListItem\",\"position\":1,\"name\":\"Boutique\",\"item\":\"https:\/\/ses-creative.com\/fr\/boutique\/\"},{\"@type\":\"ListItem\",\"position\":2,\"name\":\"Loisirs cr\u00e9atifs\",\"item\":\"https:\/\/ses-creative.com\/fr\/product-categorie\/loisirs-creatifs\/\"},{\"@type\":\"ListItem\",\"position\":3,\"name\":\"J&#8217;apprends \u00e0 couper et coller\"}]},{\"@type\":\"WebSite\",\"@id\":\"https:\/\/ses-creative.com\/#website\",\"url\":\"https:\/\/ses-creative.com\/\",\"name\":\"SES Creative\",\"description\":\"\",\"publisher\":{\"@id\":\"https:\/\/ses-creative.com\/#organization\"},\"potentialAction\":[{\"@type\":\"SearchAction\",\"target\":{\"@type\":\"EntryPoint\",\"urlTemplate\":\"https:\/\/ses-creative.com\/?s={search_term_string}\"},\"query-input\":{\"@type\":\"PropertyValueSpecification\",\"valueRequired\":true,\"valueName\":\"search_term_string\"}}],\"inLanguage\":\"fr-FR\"},{\"@type\":\"Organization\",\"@id\":\"https:\/\/ses-creative.com\/#organization\",\"name\":\"SES Creative\",\"url\":\"https:\/\/ses-creative.com\/\",\"logo\":{\"@type\":\"ImageObject\",\"inLanguage\":\"fr-FR\",\"@id\":\"https:\/\/ses-creative.com\/#\/schema\/logo\/image\/\",\"url\":\"https:\/\/ses-creative.com\/wp-content\/uploads\/2025\/10\/ses-creative-logo.jpg\",\"contentUrl\":\"https:\/\/ses-creative.com\/wp-content\/uploads\/2025\/10\/ses-creative-logo.jpg\",\"width\":2037,\"height\":2037,\"caption\":\"SES Creative\"},\"image\":{\"@id\":\"https:\/\/ses-creative.com\/#\/schema\/logo\/image\/\"}}]}<\/script>\n<!-- \/ Yoast SEO plugin. -->","yoast_head_json":{"title":"J'apprends \u00e0 couper et coller - SES Creative","robots":{"index":"index","follow":"follow","max-snippet":"max-snippet:-1","max-image-preview":"max-image-preview:large","max-video-preview":"max-video-preview:-1"},"canonical":"https:\/\/ses-creative.com\/fr\/produit\/japprends-a-couper-et-coller\/","og_locale":"fr_FR","og_type":"article","og_title":"J'apprends \u00e0 couper et coller - SES Creative","og_description":"D\u00e9couvrez le monde du bricolage de mani\u00e8re ludique avec le kit J&rsquo;apprends \u00e0 d\u00e9couper et \u00e0 coller de SES Creative ! Ce kit complet pour d\u00e9butants aide les enfants \u00e0 apprendre \u00e0 d\u00e9couper et \u00e0 coller en toute s\u00e9curit\u00e9, tout en d\u00e9veloppant leur cr\u00e9ativit\u00e9 et leur motricit\u00e9 fine. Qu&rsquo;est-ce qui rend ce kit si amusant [&hellip;]","og_url":"https:\/\/ses-creative.com\/fr\/produit\/japprends-a-couper-et-coller\/","og_site_name":"SES Creative","article_modified_time":"2026-02-12T10:22:49+00:00","twitter_card":"summary_large_image","twitter_misc":{"Dur\u00e9e de lecture estim\u00e9e":"1 minute"},"schema":{"@context":"https:\/\/schema.org","@graph":[{"@type":"WebPage","@id":"https:\/\/ses-creative.com\/fr\/produit\/japprends-a-couper-et-coller\/","url":"https:\/\/ses-creative.com\/fr\/produit\/japprends-a-couper-et-coller\/","name":"J'apprends \u00e0 couper et coller - SES Creative","isPartOf":{"@id":"https:\/\/ses-creative.com\/#website"},"primaryImageOfPage":{"@id":"https:\/\/ses-creative.com\/fr\/produit\/japprends-a-couper-et-coller\/#primaryimage"},"image":{"@id":"https:\/\/ses-creative.com\/fr\/produit\/japprends-a-couper-et-coller\/#primaryimage"},"thumbnailUrl":"https:\/\/ses-creative.com\/wp-content\/uploads\/2026\/01\/140421.jpg","datePublished":"2026-02-12T10:09:11+00:00","dateModified":"2026-02-12T10:22:49+00:00","breadcrumb":{"@id":"https:\/\/ses-creative.com\/fr\/produit\/japprends-a-couper-et-coller\/#breadcrumb"},"inLanguage":"fr-FR","potentialAction":[{"@type":"ReadAction","target":["https:\/\/ses-creative.com\/fr\/produit\/japprends-a-couper-et-coller\/"]}]},{"@type":"ImageObject","inLanguage":"fr-FR","@id":"https:\/\/ses-creative.com\/fr\/produit\/japprends-a-couper-et-coller\/#primaryimage","url":"https:\/\/ses-creative.com\/wp-content\/uploads\/2026\/01\/140421.jpg","contentUrl":"https:\/\/ses-creative.com\/wp-content\/uploads\/2026\/01\/140421.jpg","width":1000,"height":1000},{"@type":"BreadcrumbList","@id":"https:\/\/ses-creative.com\/fr\/produit\/japprends-a-couper-et-coller\/#breadcrumb","itemListElement":[{"@type":"ListItem","position":1,"name":"Boutique","item":"https:\/\/ses-creative.com\/fr\/boutique\/"},{"@type":"ListItem","position":2,"name":"Loisirs cr\u00e9atifs","item":"https:\/\/ses-creative.com\/fr\/product-categorie\/loisirs-creatifs\/"},{"@type":"ListItem","position":3,"name":"J&#8217;apprends \u00e0 couper et coller"}]},{"@type":"WebSite","@id":"https:\/\/ses-creative.com\/#website","url":"https:\/\/ses-creative.com\/","name":"SES Creative","description":"","publisher":{"@id":"https:\/\/ses-creative.com\/#organization"},"potentialAction":[{"@type":"SearchAction","target":{"@type":"EntryPoint","urlTemplate":"https:\/\/ses-creative.com\/?s={search_term_string}"},"query-input":{"@type":"PropertyValueSpecification","valueRequired":true,"valueName":"search_term_string"}}],"inLanguage":"fr-FR"},{"@type":"Organization","@id":"https:\/\/ses-creative.com\/#organization","name":"SES Creative","url":"https:\/\/ses-creative.com\/","logo":{"@type":"ImageObject","inLanguage":"fr-FR","@id":"https:\/\/ses-creative.com\/#\/schema\/logo\/image\/","url":"https:\/\/ses-creative.com\/wp-content\/uploads\/2025\/10\/ses-creative-logo.jpg","contentUrl":"https:\/\/ses-creative.com\/wp-content\/uploads\/2025\/10\/ses-creative-logo.jpg","width":2037,"height":2037,"caption":"SES Creative"},"image":{"@id":"https:\/\/ses-creative.com\/#\/schema\/logo\/image\/"}}]}},"_links":{"self":[{"href":"https:\/\/ses-creative.com\/fr\/wp-json\/wp\/v2\/product\/118256","targetHints":{"allow":["GET"]}}],"collection":[{"href":"https:\/\/ses-creative.com\/fr\/wp-json\/wp\/v2\/product"}],"about":[{"href":"https:\/\/ses-creative.com\/fr\/wp-json\/wp\/v2\/types\/product"}],"replies":[{"embeddable":true,"href":"https:\/\/ses-creative.com\/fr\/wp-json\/wp\/v2\/comments?post=118256"}],"wp:featuredmedia":[{"embeddable":true,"href":"https:\/\/ses-creative.com\/fr\/wp-json\/wp\/v2\/media\/101448"}],"wp:attachment":[{"href":"https:\/\/ses-creative.com\/fr\/wp-json\/wp\/v2\/media?parent=118256"}],"wp:term":[{"taxonomy":"product_brand","embeddable":true,"href":"https:\/\/ses-creative.com\/fr\/wp-json\/wp\/v2\/product_brand?post=118256"},{"taxonomy":"product_cat","embeddable":true,"href":"https:\/\/ses-creative.com\/fr\/wp-json\/wp\/v2\/product_cat?post=118256"},{"taxonomy":"product_tag","embeddable":true,"href":"https:\/\/ses-creative.com\/fr\/wp-json\/wp\/v2\/product_tag?post=118256"}],"curies":[{"name":"wp","href":"https:\/\/api.w.org\/{rel}","templated":true}]}}