











{"id":118255,"date":"2026-02-12T10:09:11","date_gmt":"2026-02-12T10:09:11","guid":{"rendered":"https:\/\/ses-creative.com\/?post_type=product&#038;p=118255"},"modified":"2026-02-12T10:22:48","modified_gmt":"2026-02-12T10:22:48","slug":"guirlande-lumineuse-inspired-by-nature","status":"publish","type":"product","link":"https:\/\/ses-creative.com\/fr\/produit\/guirlande-lumineuse-inspired-by-nature\/","title":{"rendered":"Guirlande lumineuse &#8211; Inspired by nature"},"content":{"rendered":"<p>Donnez vie \u00e0 la nature avec votre propre guirlande lumineuse magique !<\/p>\n<p>Avec la guirlande lumineuse SES Creative, rendez votre chambre encore plus agr\u00e9able avec une guirlande lumineuse faite maison remplie de papillons et de fleurs. Ce kit cr\u00e9atif, inspir\u00e9 par la nature, combine le plaisir du bricolage et une d\u00e9coration envo\u00fbtante. Parfait pour les enfants \u00e0 partir de 6 ans qui souhaitent d\u00e9corer leur chambre avec quelque chose d&rsquo;unique et de fait maison.<\/p>\n<p>Contenu de l&#8217;emballage<\/p>\n<p>8 formes en bois (papillons et fleurs)<\/p>\n<p>Guirlande lumineuse LED avec 8 ampoules color\u00e9es<\/p>\n<p>6 couleurs de peinture<\/p>\n<p>Pinceau et colle<\/p>\n<p>Colle paillet\u00e9e argent\u00e9e scintillante<\/p>\n<p>180 autocollants diamant\u00e9s aux couleurs vives<\/p>\n<p>Caract\u00e9ristiques uniques<\/p>\n<p>Inspir\u00e9 par la nature, avec des papillons et des fleurs<\/p>\n<p>Combine le bricolage cr\u00e9atif avec une guirlande lumineuse atmosph\u00e9rique<\/p>\n<p>Comprend tout ce dont vous avez besoin pour vous lancer imm\u00e9diatement<\/p>\n<p>Stimule la cr\u00e9ativit\u00e9 et la motricit\u00e9 fine<\/p>\n<p>Parfait comme d\u00e9coration ou cadeau original<\/p>\n<p>Comment \u00e7a marche ?<\/p>\n<p>D\u00e9corez les fleurs et les papillons en bois avec de la peinture, de la colle paillet\u00e9e et des autocollants diamant. Laissez bien s\u00e9cher, puis fixez-les \u00e0 la guirlande lumineuse LED. Le r\u00e9sultat ? Une magnifique d\u00e9coration faite maison qui donnera \u00e0 chaque pi\u00e8ce un aspect magique et chaleureux.<\/p>\n<p>Pourquoi ce produit est-il parfait pour vous ?<\/p>\n<p>Ce kit est id\u00e9al pour les enfants qui aiment bricoler et d\u00e9corer. Il s&rsquo;agit non seulement d&rsquo;une activit\u00e9 cr\u00e9ative, mais aussi d&rsquo;un r\u00e9sultat tangible dont vous pouvez \u00eatre fier et que vous pouvez appr\u00e9cier au quotidien.<\/p>\n<p>Commencez d\u00e8s aujourd&rsquo;hui \u00e0 cr\u00e9er votre propre guirlande lumineuse !<\/p>\n<p>D\u00e9corez, cr\u00e9ez et illuminez votre chambre avec la guirlande lumineuse SES Creative. Parfaite pour des soir\u00e9es magiques et des apr\u00e8s-midis cr\u00e9atifs pleins de plaisir !<\/p>\n","protected":false},"excerpt":{"rendered":"<p>Donnez vie \u00e0 la nature avec votre propre guirlande lumineuse magique ! Avec la guirlande lumineuse SES Creative, rendez votre chambre encore plus agr\u00e9able avec une guirlande lumineuse faite maison remplie de papillons et de fleurs. Ce kit cr\u00e9atif, inspir\u00e9 par la nature, combine le plaisir du bricolage et une d\u00e9coration envo\u00fbtante. Parfait pour les [&hellip;]<\/p>\n","protected":false},"featured_media":101428,"comment_status":"closed","ping_status":"closed","template":"","meta":{"_acf_changed":false},"product_brand":[],"product_cat":[122],"product_tag":[],"class_list":{"0":"post-118255","1":"product","2":"type-product","3":"status-publish","4":"has-post-thumbnail","6":"product_cat-loisirs-creatifs","7":"pa_leeftijd-filter-4-6-ans","8":"pa_meest-populair-bij-garcons-filles","10":"first","11":"instock","12":"shipping-taxable","13":"product-type-simple"},"acf":[],"yoast_head":"<!-- This site is optimized with the Yoast SEO plugin v27.2 - https:\/\/yoast.com\/product\/yoast-seo-wordpress\/ -->\n<title>Guirlande lumineuse - Inspired by nature - SES Creative<\/title>\n<meta name=\"robots\" content=\"index, follow, max-snippet:-1, max-image-preview:large, max-video-preview:-1\" \/>\n<link rel=\"canonical\" href=\"https:\/\/ses-creative.com\/fr\/produit\/guirlande-lumineuse-inspired-by-nature\/\" \/>\n<meta property=\"og:locale\" content=\"fr_FR\" \/>\n<meta property=\"og:type\" content=\"article\" \/>\n<meta property=\"og:title\" content=\"Guirlande lumineuse - Inspired by nature - SES Creative\" \/>\n<meta property=\"og:description\" content=\"Donnez vie \u00e0 la nature avec votre propre guirlande lumineuse magique ! Avec la guirlande lumineuse SES Creative, rendez votre chambre encore plus agr\u00e9able avec une guirlande lumineuse faite maison remplie de papillons et de fleurs. Ce kit cr\u00e9atif, inspir\u00e9 par la nature, combine le plaisir du bricolage et une d\u00e9coration envo\u00fbtante. Parfait pour les [&hellip;]\" \/>\n<meta property=\"og:url\" content=\"https:\/\/ses-creative.com\/fr\/produit\/guirlande-lumineuse-inspired-by-nature\/\" \/>\n<meta property=\"og:site_name\" content=\"SES Creative\" \/>\n<meta property=\"article:modified_time\" content=\"2026-02-12T10:22:48+00:00\" \/>\n<meta name=\"twitter:card\" content=\"summary_large_image\" \/>\n<meta name=\"twitter:label1\" content=\"Dur\u00e9e de lecture estim\u00e9e\" \/>\n\t<meta name=\"twitter:data1\" content=\"2 minutes\" \/>\n<script type=\"application\/ld+json\" class=\"yoast-schema-graph\">{\"@context\":\"https:\/\/schema.org\",\"@graph\":[{\"@type\":\"WebPage\",\"@id\":\"https:\/\/ses-creative.com\/fr\/produit\/guirlande-lumineuse-inspired-by-nature\/\",\"url\":\"https:\/\/ses-creative.com\/fr\/produit\/guirlande-lumineuse-inspired-by-nature\/\",\"name\":\"Guirlande lumineuse - Inspired by nature - SES Creative\",\"isPartOf\":{\"@id\":\"https:\/\/ses-creative.com\/#website\"},\"primaryImageOfPage\":{\"@id\":\"https:\/\/ses-creative.com\/fr\/produit\/guirlande-lumineuse-inspired-by-nature\/#primaryimage\"},\"image\":{\"@id\":\"https:\/\/ses-creative.com\/fr\/produit\/guirlande-lumineuse-inspired-by-nature\/#primaryimage\"},\"thumbnailUrl\":\"https:\/\/ses-creative.com\/wp-content\/uploads\/2026\/01\/140391.jpg\",\"datePublished\":\"2026-02-12T10:09:11+00:00\",\"dateModified\":\"2026-02-12T10:22:48+00:00\",\"breadcrumb\":{\"@id\":\"https:\/\/ses-creative.com\/fr\/produit\/guirlande-lumineuse-inspired-by-nature\/#breadcrumb\"},\"inLanguage\":\"fr-FR\",\"potentialAction\":[{\"@type\":\"ReadAction\",\"target\":[\"https:\/\/ses-creative.com\/fr\/produit\/guirlande-lumineuse-inspired-by-nature\/\"]}]},{\"@type\":\"ImageObject\",\"inLanguage\":\"fr-FR\",\"@id\":\"https:\/\/ses-creative.com\/fr\/produit\/guirlande-lumineuse-inspired-by-nature\/#primaryimage\",\"url\":\"https:\/\/ses-creative.com\/wp-content\/uploads\/2026\/01\/140391.jpg\",\"contentUrl\":\"https:\/\/ses-creative.com\/wp-content\/uploads\/2026\/01\/140391.jpg\",\"width\":1000,\"height\":1000},{\"@type\":\"BreadcrumbList\",\"@id\":\"https:\/\/ses-creative.com\/fr\/produit\/guirlande-lumineuse-inspired-by-nature\/#breadcrumb\",\"itemListElement\":[{\"@type\":\"ListItem\",\"position\":1,\"name\":\"Boutique\",\"item\":\"https:\/\/ses-creative.com\/fr\/boutique\/\"},{\"@type\":\"ListItem\",\"position\":2,\"name\":\"Loisirs cr\u00e9atifs\",\"item\":\"https:\/\/ses-creative.com\/fr\/product-categorie\/loisirs-creatifs\/\"},{\"@type\":\"ListItem\",\"position\":3,\"name\":\"Guirlande lumineuse &#8211; Inspired by nature\"}]},{\"@type\":\"WebSite\",\"@id\":\"https:\/\/ses-creative.com\/#website\",\"url\":\"https:\/\/ses-creative.com\/\",\"name\":\"SES Creative\",\"description\":\"\",\"publisher\":{\"@id\":\"https:\/\/ses-creative.com\/#organization\"},\"potentialAction\":[{\"@type\":\"SearchAction\",\"target\":{\"@type\":\"EntryPoint\",\"urlTemplate\":\"https:\/\/ses-creative.com\/?s={search_term_string}\"},\"query-input\":{\"@type\":\"PropertyValueSpecification\",\"valueRequired\":true,\"valueName\":\"search_term_string\"}}],\"inLanguage\":\"fr-FR\"},{\"@type\":\"Organization\",\"@id\":\"https:\/\/ses-creative.com\/#organization\",\"name\":\"SES Creative\",\"url\":\"https:\/\/ses-creative.com\/\",\"logo\":{\"@type\":\"ImageObject\",\"inLanguage\":\"fr-FR\",\"@id\":\"https:\/\/ses-creative.com\/#\/schema\/logo\/image\/\",\"url\":\"https:\/\/ses-creative.com\/wp-content\/uploads\/2025\/10\/ses-creative-logo.jpg\",\"contentUrl\":\"https:\/\/ses-creative.com\/wp-content\/uploads\/2025\/10\/ses-creative-logo.jpg\",\"width\":2037,\"height\":2037,\"caption\":\"SES Creative\"},\"image\":{\"@id\":\"https:\/\/ses-creative.com\/#\/schema\/logo\/image\/\"}}]}<\/script>\n<!-- \/ Yoast SEO plugin. -->","yoast_head_json":{"title":"Guirlande lumineuse - Inspired by nature - SES Creative","robots":{"index":"index","follow":"follow","max-snippet":"max-snippet:-1","max-image-preview":"max-image-preview:large","max-video-preview":"max-video-preview:-1"},"canonical":"https:\/\/ses-creative.com\/fr\/produit\/guirlande-lumineuse-inspired-by-nature\/","og_locale":"fr_FR","og_type":"article","og_title":"Guirlande lumineuse - Inspired by nature - SES Creative","og_description":"Donnez vie \u00e0 la nature avec votre propre guirlande lumineuse magique ! Avec la guirlande lumineuse SES Creative, rendez votre chambre encore plus agr\u00e9able avec une guirlande lumineuse faite maison remplie de papillons et de fleurs. Ce kit cr\u00e9atif, inspir\u00e9 par la nature, combine le plaisir du bricolage et une d\u00e9coration envo\u00fbtante. Parfait pour les [&hellip;]","og_url":"https:\/\/ses-creative.com\/fr\/produit\/guirlande-lumineuse-inspired-by-nature\/","og_site_name":"SES Creative","article_modified_time":"2026-02-12T10:22:48+00:00","twitter_card":"summary_large_image","twitter_misc":{"Dur\u00e9e de lecture estim\u00e9e":"2 minutes"},"schema":{"@context":"https:\/\/schema.org","@graph":[{"@type":"WebPage","@id":"https:\/\/ses-creative.com\/fr\/produit\/guirlande-lumineuse-inspired-by-nature\/","url":"https:\/\/ses-creative.com\/fr\/produit\/guirlande-lumineuse-inspired-by-nature\/","name":"Guirlande lumineuse - Inspired by nature - SES Creative","isPartOf":{"@id":"https:\/\/ses-creative.com\/#website"},"primaryImageOfPage":{"@id":"https:\/\/ses-creative.com\/fr\/produit\/guirlande-lumineuse-inspired-by-nature\/#primaryimage"},"image":{"@id":"https:\/\/ses-creative.com\/fr\/produit\/guirlande-lumineuse-inspired-by-nature\/#primaryimage"},"thumbnailUrl":"https:\/\/ses-creative.com\/wp-content\/uploads\/2026\/01\/140391.jpg","datePublished":"2026-02-12T10:09:11+00:00","dateModified":"2026-02-12T10:22:48+00:00","breadcrumb":{"@id":"https:\/\/ses-creative.com\/fr\/produit\/guirlande-lumineuse-inspired-by-nature\/#breadcrumb"},"inLanguage":"fr-FR","potentialAction":[{"@type":"ReadAction","target":["https:\/\/ses-creative.com\/fr\/produit\/guirlande-lumineuse-inspired-by-nature\/"]}]},{"@type":"ImageObject","inLanguage":"fr-FR","@id":"https:\/\/ses-creative.com\/fr\/produit\/guirlande-lumineuse-inspired-by-nature\/#primaryimage","url":"https:\/\/ses-creative.com\/wp-content\/uploads\/2026\/01\/140391.jpg","contentUrl":"https:\/\/ses-creative.com\/wp-content\/uploads\/2026\/01\/140391.jpg","width":1000,"height":1000},{"@type":"BreadcrumbList","@id":"https:\/\/ses-creative.com\/fr\/produit\/guirlande-lumineuse-inspired-by-nature\/#breadcrumb","itemListElement":[{"@type":"ListItem","position":1,"name":"Boutique","item":"https:\/\/ses-creative.com\/fr\/boutique\/"},{"@type":"ListItem","position":2,"name":"Loisirs cr\u00e9atifs","item":"https:\/\/ses-creative.com\/fr\/product-categorie\/loisirs-creatifs\/"},{"@type":"ListItem","position":3,"name":"Guirlande lumineuse &#8211; Inspired by nature"}]},{"@type":"WebSite","@id":"https:\/\/ses-creative.com\/#website","url":"https:\/\/ses-creative.com\/","name":"SES Creative","description":"","publisher":{"@id":"https:\/\/ses-creative.com\/#organization"},"potentialAction":[{"@type":"SearchAction","target":{"@type":"EntryPoint","urlTemplate":"https:\/\/ses-creative.com\/?s={search_term_string}"},"query-input":{"@type":"PropertyValueSpecification","valueRequired":true,"valueName":"search_term_string"}}],"inLanguage":"fr-FR"},{"@type":"Organization","@id":"https:\/\/ses-creative.com\/#organization","name":"SES Creative","url":"https:\/\/ses-creative.com\/","logo":{"@type":"ImageObject","inLanguage":"fr-FR","@id":"https:\/\/ses-creative.com\/#\/schema\/logo\/image\/","url":"https:\/\/ses-creative.com\/wp-content\/uploads\/2025\/10\/ses-creative-logo.jpg","contentUrl":"https:\/\/ses-creative.com\/wp-content\/uploads\/2025\/10\/ses-creative-logo.jpg","width":2037,"height":2037,"caption":"SES Creative"},"image":{"@id":"https:\/\/ses-creative.com\/#\/schema\/logo\/image\/"}}]}},"_links":{"self":[{"href":"https:\/\/ses-creative.com\/fr\/wp-json\/wp\/v2\/product\/118255","targetHints":{"allow":["GET"]}}],"collection":[{"href":"https:\/\/ses-creative.com\/fr\/wp-json\/wp\/v2\/product"}],"about":[{"href":"https:\/\/ses-creative.com\/fr\/wp-json\/wp\/v2\/types\/product"}],"replies":[{"embeddable":true,"href":"https:\/\/ses-creative.com\/fr\/wp-json\/wp\/v2\/comments?post=118255"}],"wp:featuredmedia":[{"embeddable":true,"href":"https:\/\/ses-creative.com\/fr\/wp-json\/wp\/v2\/media\/101428"}],"wp:attachment":[{"href":"https:\/\/ses-creative.com\/fr\/wp-json\/wp\/v2\/media?parent=118255"}],"wp:term":[{"taxonomy":"product_brand","embeddable":true,"href":"https:\/\/ses-creative.com\/fr\/wp-json\/wp\/v2\/product_brand?post=118255"},{"taxonomy":"product_cat","embeddable":true,"href":"https:\/\/ses-creative.com\/fr\/wp-json\/wp\/v2\/product_cat?post=118255"},{"taxonomy":"product_tag","embeddable":true,"href":"https:\/\/ses-creative.com\/fr\/wp-json\/wp\/v2\/product_tag?post=118255"}],"curies":[{"name":"wp","href":"https:\/\/api.w.org\/{rel}","templated":true}]}}