











{"id":118254,"date":"2026-02-12T10:09:10","date_gmt":"2026-02-12T10:09:10","guid":{"rendered":"https:\/\/ses-creative.com\/?post_type=product&#038;p=118254"},"modified":"2026-02-12T10:22:48","modified_gmt":"2026-02-12T10:22:48","slug":"petite-porte-feerique-inspired-by-nature","status":"publish","type":"product","link":"https:\/\/ses-creative.com\/fr\/produit\/petite-porte-feerique-inspired-by-nature\/","title":{"rendered":"Petite porte f\u00e9erique &#8211; Inspired by nature"},"content":{"rendered":"<p>Entrez dans un monde magique avec le kit de bricolage F\u00e9e qui ouvre la porte !<\/p>\n<p>Avec le kit SES Creative Porte des f\u00e9es, vous pouvez cr\u00e9er votre propre porte enchant\u00e9e, avec des \u00e9l\u00e9ments en bois et des d\u00e9corations f\u00e9\u00e9riques. Ce kit cr\u00e9atif s&rsquo;inspire de la nature et emm\u00e8ne les enfants dans un monde plein de magie, de fantaisie et d&rsquo;histoires. Parfait pour les petits artistes et r\u00eaveurs \u00e0 partir de 5 ans.<\/p>\n<p>Contenu de l&#8217;emballage<\/p>\n<p>Mini-porte en bois et accessoires<\/p>\n<p>Colle<\/p>\n<p>8 crayons de couleur<\/p>\n<p>Feuille d&rsquo;autocollants avec des d\u00e9tails f\u00e9\u00e9riques<\/p>\n<p>Instructions claires \u00e9tape par \u00e9tape<\/p>\n<p>Caract\u00e9ristiques uniques<\/p>\n<p>Inspir\u00e9 par la nature et les mondes fantastiques des contes de f\u00e9es<\/p>\n<p>Tout le n\u00e9cessaire pour commencer imm\u00e9diatement<\/p>\n<p>Stimule la cr\u00e9ativit\u00e9, la motricit\u00e9 fine et le jeu imaginatif<\/p>\n<p>Convient aux enfants \u00e0 partir de 5 ans<\/p>\n<p>Chaque porte de f\u00e9e devient une \u0153uvre d&rsquo;art unique<\/p>\n<p>Comment \u00e7a marche ?<\/p>\n<p>Assemblez facilement la porte en bois et les accessoires \u00e0 l&rsquo;aide de la colle fournie. D\u00e9corez ensuite votre porte f\u00e9\u00e9rique avec des crayons de couleur et des autocollants. Vous cr\u00e9erez ainsi un portail magique qui invite \u00e0 des histoires et des jeux sans fin.<\/p>\n<p>Pourquoi ce produit est-il parfait pour vous ?<\/p>\n<p>Ce kit est id\u00e9al pour les enfants qui aiment le bricolage et la magie. Il propose une activit\u00e9 cr\u00e9ative \u00e0 la fois relaxante et \u00e9ducative, permettant \u00e0 chaque enfant de cr\u00e9er son propre monde imaginaire unique.<\/p>\n<p>Commencez votre aventure magique d\u00e8s aujourd&rsquo;hui !<\/p>\n<p>Franchissez la porte des f\u00e9es et d\u00e9couvrez un monde plein de cr\u00e9ativit\u00e9, de magie et d&rsquo;imagination. Parfait comme cadeau, d\u00e9coration ou simplement pour des heures de bricolage enchanteur.<\/p>\n","protected":false},"excerpt":{"rendered":"<p>Entrez dans un monde magique avec le kit de bricolage F\u00e9e qui ouvre la porte ! Avec le kit SES Creative Porte des f\u00e9es, vous pouvez cr\u00e9er votre propre porte enchant\u00e9e, avec des \u00e9l\u00e9ments en bois et des d\u00e9corations f\u00e9\u00e9riques. Ce kit cr\u00e9atif s&rsquo;inspire de la nature et emm\u00e8ne les enfants dans un monde plein [&hellip;]<\/p>\n","protected":false},"featured_media":101408,"comment_status":"closed","ping_status":"closed","template":"","meta":{"_acf_changed":false},"product_brand":[],"product_cat":[122],"product_tag":[],"class_list":{"0":"post-118254","1":"product","2":"type-product","3":"status-publish","4":"has-post-thumbnail","6":"product_cat-loisirs-creatifs","7":"pa_leeftijd-filter-4-6-ans","8":"pa_meest-populair-bij-garcons-filles","10":"first","11":"instock","12":"shipping-taxable","13":"product-type-simple"},"acf":[],"yoast_head":"<!-- This site is optimized with the Yoast SEO plugin v27.4 - https:\/\/yoast.com\/product\/yoast-seo-wordpress\/ -->\n<title>Petite porte f\u00e9erique - Inspired by nature - SES Creative<\/title>\n<meta name=\"robots\" content=\"index, follow, max-snippet:-1, max-image-preview:large, max-video-preview:-1\" \/>\n<link rel=\"canonical\" href=\"https:\/\/ses-creative.com\/fr\/produit\/petite-porte-feerique-inspired-by-nature\/\" \/>\n<meta property=\"og:locale\" content=\"fr_FR\" \/>\n<meta property=\"og:type\" content=\"article\" \/>\n<meta property=\"og:title\" content=\"Petite porte f\u00e9erique - Inspired by nature - SES Creative\" \/>\n<meta property=\"og:description\" content=\"Entrez dans un monde magique avec le kit de bricolage F\u00e9e qui ouvre la porte ! Avec le kit SES Creative Porte des f\u00e9es, vous pouvez cr\u00e9er votre propre porte enchant\u00e9e, avec des \u00e9l\u00e9ments en bois et des d\u00e9corations f\u00e9\u00e9riques. Ce kit cr\u00e9atif s&rsquo;inspire de la nature et emm\u00e8ne les enfants dans un monde plein [&hellip;]\" \/>\n<meta property=\"og:url\" content=\"https:\/\/ses-creative.com\/fr\/produit\/petite-porte-feerique-inspired-by-nature\/\" \/>\n<meta property=\"og:site_name\" content=\"SES Creative\" \/>\n<meta property=\"article:modified_time\" content=\"2026-02-12T10:22:48+00:00\" \/>\n<meta name=\"twitter:card\" content=\"summary_large_image\" \/>\n<meta name=\"twitter:label1\" content=\"Dur\u00e9e de lecture estim\u00e9e\" \/>\n\t<meta name=\"twitter:data1\" content=\"1 minute\" \/>\n<script type=\"application\/ld+json\" class=\"yoast-schema-graph\">{\"@context\":\"https:\\\/\\\/schema.org\",\"@graph\":[{\"@type\":\"WebPage\",\"@id\":\"https:\\\/\\\/ses-creative.com\\\/fr\\\/produit\\\/petite-porte-feerique-inspired-by-nature\\\/\",\"url\":\"https:\\\/\\\/ses-creative.com\\\/fr\\\/produit\\\/petite-porte-feerique-inspired-by-nature\\\/\",\"name\":\"Petite porte f\u00e9erique - Inspired by nature - SES Creative\",\"isPartOf\":{\"@id\":\"https:\\\/\\\/ses-creative.com\\\/#website\"},\"primaryImageOfPage\":{\"@id\":\"https:\\\/\\\/ses-creative.com\\\/fr\\\/produit\\\/petite-porte-feerique-inspired-by-nature\\\/#primaryimage\"},\"image\":{\"@id\":\"https:\\\/\\\/ses-creative.com\\\/fr\\\/produit\\\/petite-porte-feerique-inspired-by-nature\\\/#primaryimage\"},\"thumbnailUrl\":\"https:\\\/\\\/ses-creative.com\\\/wp-content\\\/uploads\\\/2026\\\/01\\\/140381.jpg\",\"datePublished\":\"2026-02-12T10:09:10+00:00\",\"dateModified\":\"2026-02-12T10:22:48+00:00\",\"breadcrumb\":{\"@id\":\"https:\\\/\\\/ses-creative.com\\\/fr\\\/produit\\\/petite-porte-feerique-inspired-by-nature\\\/#breadcrumb\"},\"inLanguage\":\"fr-FR\",\"potentialAction\":[{\"@type\":\"ReadAction\",\"target\":[\"https:\\\/\\\/ses-creative.com\\\/fr\\\/produit\\\/petite-porte-feerique-inspired-by-nature\\\/\"]}]},{\"@type\":\"ImageObject\",\"inLanguage\":\"fr-FR\",\"@id\":\"https:\\\/\\\/ses-creative.com\\\/fr\\\/produit\\\/petite-porte-feerique-inspired-by-nature\\\/#primaryimage\",\"url\":\"https:\\\/\\\/ses-creative.com\\\/wp-content\\\/uploads\\\/2026\\\/01\\\/140381.jpg\",\"contentUrl\":\"https:\\\/\\\/ses-creative.com\\\/wp-content\\\/uploads\\\/2026\\\/01\\\/140381.jpg\",\"width\":1000,\"height\":1000},{\"@type\":\"BreadcrumbList\",\"@id\":\"https:\\\/\\\/ses-creative.com\\\/fr\\\/produit\\\/petite-porte-feerique-inspired-by-nature\\\/#breadcrumb\",\"itemListElement\":[{\"@type\":\"ListItem\",\"position\":1,\"name\":\"Boutique\",\"item\":\"https:\\\/\\\/ses-creative.com\\\/fr\\\/boutique\\\/\"},{\"@type\":\"ListItem\",\"position\":2,\"name\":\"Loisirs cr\u00e9atifs\",\"item\":\"https:\\\/\\\/ses-creative.com\\\/fr\\\/product-categorie\\\/loisirs-creatifs\\\/\"},{\"@type\":\"ListItem\",\"position\":3,\"name\":\"Petite porte f\u00e9erique &#8211; Inspired by nature\"}]},{\"@type\":\"WebSite\",\"@id\":\"https:\\\/\\\/ses-creative.com\\\/#website\",\"url\":\"https:\\\/\\\/ses-creative.com\\\/\",\"name\":\"SES Creative\",\"description\":\"\",\"publisher\":{\"@id\":\"https:\\\/\\\/ses-creative.com\\\/#organization\"},\"potentialAction\":[{\"@type\":\"SearchAction\",\"target\":{\"@type\":\"EntryPoint\",\"urlTemplate\":\"https:\\\/\\\/ses-creative.com\\\/?s={search_term_string}\"},\"query-input\":{\"@type\":\"PropertyValueSpecification\",\"valueRequired\":true,\"valueName\":\"search_term_string\"}}],\"inLanguage\":\"fr-FR\"},{\"@type\":\"Organization\",\"@id\":\"https:\\\/\\\/ses-creative.com\\\/#organization\",\"name\":\"SES Creative\",\"url\":\"https:\\\/\\\/ses-creative.com\\\/\",\"logo\":{\"@type\":\"ImageObject\",\"inLanguage\":\"fr-FR\",\"@id\":\"https:\\\/\\\/ses-creative.com\\\/#\\\/schema\\\/logo\\\/image\\\/\",\"url\":\"https:\\\/\\\/ses-creative.com\\\/wp-content\\\/uploads\\\/2025\\\/10\\\/ses-creative-logo.jpg\",\"contentUrl\":\"https:\\\/\\\/ses-creative.com\\\/wp-content\\\/uploads\\\/2025\\\/10\\\/ses-creative-logo.jpg\",\"width\":2037,\"height\":2037,\"caption\":\"SES Creative\"},\"image\":{\"@id\":\"https:\\\/\\\/ses-creative.com\\\/#\\\/schema\\\/logo\\\/image\\\/\"}}]}<\/script>\n<!-- \/ Yoast SEO plugin. -->","yoast_head_json":{"title":"Petite porte f\u00e9erique - Inspired by nature - SES Creative","robots":{"index":"index","follow":"follow","max-snippet":"max-snippet:-1","max-image-preview":"max-image-preview:large","max-video-preview":"max-video-preview:-1"},"canonical":"https:\/\/ses-creative.com\/fr\/produit\/petite-porte-feerique-inspired-by-nature\/","og_locale":"fr_FR","og_type":"article","og_title":"Petite porte f\u00e9erique - Inspired by nature - SES Creative","og_description":"Entrez dans un monde magique avec le kit de bricolage F\u00e9e qui ouvre la porte ! Avec le kit SES Creative Porte des f\u00e9es, vous pouvez cr\u00e9er votre propre porte enchant\u00e9e, avec des \u00e9l\u00e9ments en bois et des d\u00e9corations f\u00e9\u00e9riques. Ce kit cr\u00e9atif s&rsquo;inspire de la nature et emm\u00e8ne les enfants dans un monde plein [&hellip;]","og_url":"https:\/\/ses-creative.com\/fr\/produit\/petite-porte-feerique-inspired-by-nature\/","og_site_name":"SES Creative","article_modified_time":"2026-02-12T10:22:48+00:00","twitter_card":"summary_large_image","twitter_misc":{"Dur\u00e9e de lecture estim\u00e9e":"1 minute"},"schema":{"@context":"https:\/\/schema.org","@graph":[{"@type":"WebPage","@id":"https:\/\/ses-creative.com\/fr\/produit\/petite-porte-feerique-inspired-by-nature\/","url":"https:\/\/ses-creative.com\/fr\/produit\/petite-porte-feerique-inspired-by-nature\/","name":"Petite porte f\u00e9erique - Inspired by nature - SES Creative","isPartOf":{"@id":"https:\/\/ses-creative.com\/#website"},"primaryImageOfPage":{"@id":"https:\/\/ses-creative.com\/fr\/produit\/petite-porte-feerique-inspired-by-nature\/#primaryimage"},"image":{"@id":"https:\/\/ses-creative.com\/fr\/produit\/petite-porte-feerique-inspired-by-nature\/#primaryimage"},"thumbnailUrl":"https:\/\/ses-creative.com\/wp-content\/uploads\/2026\/01\/140381.jpg","datePublished":"2026-02-12T10:09:10+00:00","dateModified":"2026-02-12T10:22:48+00:00","breadcrumb":{"@id":"https:\/\/ses-creative.com\/fr\/produit\/petite-porte-feerique-inspired-by-nature\/#breadcrumb"},"inLanguage":"fr-FR","potentialAction":[{"@type":"ReadAction","target":["https:\/\/ses-creative.com\/fr\/produit\/petite-porte-feerique-inspired-by-nature\/"]}]},{"@type":"ImageObject","inLanguage":"fr-FR","@id":"https:\/\/ses-creative.com\/fr\/produit\/petite-porte-feerique-inspired-by-nature\/#primaryimage","url":"https:\/\/ses-creative.com\/wp-content\/uploads\/2026\/01\/140381.jpg","contentUrl":"https:\/\/ses-creative.com\/wp-content\/uploads\/2026\/01\/140381.jpg","width":1000,"height":1000},{"@type":"BreadcrumbList","@id":"https:\/\/ses-creative.com\/fr\/produit\/petite-porte-feerique-inspired-by-nature\/#breadcrumb","itemListElement":[{"@type":"ListItem","position":1,"name":"Boutique","item":"https:\/\/ses-creative.com\/fr\/boutique\/"},{"@type":"ListItem","position":2,"name":"Loisirs cr\u00e9atifs","item":"https:\/\/ses-creative.com\/fr\/product-categorie\/loisirs-creatifs\/"},{"@type":"ListItem","position":3,"name":"Petite porte f\u00e9erique &#8211; Inspired by nature"}]},{"@type":"WebSite","@id":"https:\/\/ses-creative.com\/#website","url":"https:\/\/ses-creative.com\/","name":"SES Creative","description":"","publisher":{"@id":"https:\/\/ses-creative.com\/#organization"},"potentialAction":[{"@type":"SearchAction","target":{"@type":"EntryPoint","urlTemplate":"https:\/\/ses-creative.com\/?s={search_term_string}"},"query-input":{"@type":"PropertyValueSpecification","valueRequired":true,"valueName":"search_term_string"}}],"inLanguage":"fr-FR"},{"@type":"Organization","@id":"https:\/\/ses-creative.com\/#organization","name":"SES Creative","url":"https:\/\/ses-creative.com\/","logo":{"@type":"ImageObject","inLanguage":"fr-FR","@id":"https:\/\/ses-creative.com\/#\/schema\/logo\/image\/","url":"https:\/\/ses-creative.com\/wp-content\/uploads\/2025\/10\/ses-creative-logo.jpg","contentUrl":"https:\/\/ses-creative.com\/wp-content\/uploads\/2025\/10\/ses-creative-logo.jpg","width":2037,"height":2037,"caption":"SES Creative"},"image":{"@id":"https:\/\/ses-creative.com\/#\/schema\/logo\/image\/"}}]}},"_links":{"self":[{"href":"https:\/\/ses-creative.com\/fr\/wp-json\/wp\/v2\/product\/118254","targetHints":{"allow":["GET"]}}],"collection":[{"href":"https:\/\/ses-creative.com\/fr\/wp-json\/wp\/v2\/product"}],"about":[{"href":"https:\/\/ses-creative.com\/fr\/wp-json\/wp\/v2\/types\/product"}],"replies":[{"embeddable":true,"href":"https:\/\/ses-creative.com\/fr\/wp-json\/wp\/v2\/comments?post=118254"}],"wp:featuredmedia":[{"embeddable":true,"href":"https:\/\/ses-creative.com\/fr\/wp-json\/wp\/v2\/media\/101408"}],"wp:attachment":[{"href":"https:\/\/ses-creative.com\/fr\/wp-json\/wp\/v2\/media?parent=118254"}],"wp:term":[{"taxonomy":"product_brand","embeddable":true,"href":"https:\/\/ses-creative.com\/fr\/wp-json\/wp\/v2\/product_brand?post=118254"},{"taxonomy":"product_cat","embeddable":true,"href":"https:\/\/ses-creative.com\/fr\/wp-json\/wp\/v2\/product_cat?post=118254"},{"taxonomy":"product_tag","embeddable":true,"href":"https:\/\/ses-creative.com\/fr\/wp-json\/wp\/v2\/product_tag?post=118254"}],"curies":[{"name":"wp","href":"https:\/\/api.w.org\/{rel}","templated":true}]}}