











{"id":118253,"date":"2025-12-18T10:15:26","date_gmt":"2025-12-18T10:15:26","guid":{"rendered":"https:\/\/ses-creative.com\/?post_type=product&#038;p=118253"},"modified":"2026-02-12T10:22:48","modified_gmt":"2026-02-12T10:22:48","slug":"sand-art-colore-et-facile-inspired-by-nature","status":"publish","type":"product","link":"https:\/\/ses-creative.com\/fr\/produit\/sand-art-colore-et-facile-inspired-by-nature\/","title":{"rendered":"Sand art color\u00e9 et facile &#8211; Inspired by nature"},"content":{"rendered":"<p>D\u00e9couvrez la beaut\u00e9 de la nature avec l&rsquo;art du sable color\u00e9 !<\/p>\n<p>Avec le kit SES Creative Art du sable, vous pouvez cr\u00e9er les plus belles \u0153uvres d&rsquo;art inspir\u00e9es par la nature. Saupoudrez du sable color\u00e9 sur des cartes autocollantes et voyez comment les fleurs, les paysages et les formes naturelles prennent vie. Parfait pour les petits artistes \u00e0 partir de 3 ans qui aiment les couleurs, les formes et les activit\u00e9s cr\u00e9atives.<\/p>\n<p>Contenu de l&#8217;emballage<\/p>\n<p>4 cartes autocollantes avec des motifs naturels<\/p>\n<p>5 couleurs de sable (jaune, bleu clair, vert clair, rose et violet)<\/p>\n<p>Distributeurs de sable pratiques pour bricoler sans salir<\/p>\n<p>Instructions \u00e9tape par \u00e9tape<\/p>\n<p>Caract\u00e9ristiques uniques<\/p>\n<p>Inspir\u00e9 par la nature : des designs color\u00e9s et apaisants<\/p>\n<p>Avec des distributeurs pratiques pour un travail propre et facile<\/p>\n<p>Stimule la cr\u00e9ativit\u00e9, la concentration et la motricit\u00e9 fine<\/p>\n<p>Parfait pour les enfants \u00e0 partir de 3 ans<\/p>\n<p>Un plaisir sans fin avec des r\u00e9sultats color\u00e9s<\/p>\n<p>Comment \u00e7a marche ?<\/p>\n<p>Il suffit de d\u00e9coller un morceau de la carte autocollante, de saupoudrer le sable dessus et de laisser votre cr\u00e9ation prendre vie. Les couleurs vives et les jolis motifs font de chaque \u0153uvre d&rsquo;art un petit chef-d&rsquo;\u0153uvre.<\/p>\n<p>Pourquoi ce produit est-il parfait pour vous ?<\/p>\n<p>Ce kit est id\u00e9al pour les enfants cr\u00e9atifs qui aiment exp\u00e9rimenter avec les couleurs et les motifs. C&rsquo;est une activit\u00e9 relaxante qui aide \u00e9galement \u00e0 d\u00e9velopper la motricit\u00e9 fine et la concentration, tout en cr\u00e9ant de magnifiques \u0153uvres d&rsquo;art.<\/p>\n<p>Commencez d\u00e8s aujourd&rsquo;hui avec Zandkunst !<\/p>\n<p>Laissez-vous inspirer par la nature et d\u00e9couvrez \u00e0 quel point il est amusant et facile de bricoler avec du sable. Parfait pour un apr\u00e8s-midi pluvieux, comme cadeau ou simplement pour un moment cr\u00e9atif ensemble !<\/p>\n","protected":false},"excerpt":{"rendered":"<p>D\u00e9couvrez la beaut\u00e9 de la nature avec l&rsquo;art du sable color\u00e9 ! Avec le kit SES Creative Art du sable, vous pouvez cr\u00e9er les plus belles \u0153uvres d&rsquo;art inspir\u00e9es par la nature. Saupoudrez du sable color\u00e9 sur des cartes autocollantes et voyez comment les fleurs, les paysages et les formes naturelles prennent vie. Parfait pour [&hellip;]<\/p>\n","protected":false},"featured_media":101390,"comment_status":"open","ping_status":"closed","template":"","meta":{"_acf_changed":false},"product_brand":[],"product_cat":[122],"product_tag":[],"class_list":{"0":"post-118253","1":"product","2":"type-product","3":"status-publish","4":"has-post-thumbnail","6":"product_cat-loisirs-creatifs","7":"pa_leeftijd-filter-3-4-ans","8":"pa_meest-populair-bij-garcons-filles","10":"first","11":"instock","12":"shipping-taxable","13":"product-type-simple"},"acf":[],"yoast_head":"<!-- This site is optimized with the Yoast SEO plugin v27.2 - https:\/\/yoast.com\/product\/yoast-seo-wordpress\/ -->\n<title>Sand art color\u00e9 et facile - Inspired by nature - SES Creative<\/title>\n<meta name=\"robots\" content=\"index, follow, max-snippet:-1, max-image-preview:large, max-video-preview:-1\" \/>\n<link rel=\"canonical\" href=\"https:\/\/ses-creative.com\/fr\/produit\/sand-art-colore-et-facile-inspired-by-nature\/\" \/>\n<meta property=\"og:locale\" content=\"fr_FR\" \/>\n<meta property=\"og:type\" content=\"article\" \/>\n<meta property=\"og:title\" content=\"Sand art color\u00e9 et facile - Inspired by nature - SES Creative\" \/>\n<meta property=\"og:description\" content=\"D\u00e9couvrez la beaut\u00e9 de la nature avec l&rsquo;art du sable color\u00e9 ! Avec le kit SES Creative Art du sable, vous pouvez cr\u00e9er les plus belles \u0153uvres d&rsquo;art inspir\u00e9es par la nature. Saupoudrez du sable color\u00e9 sur des cartes autocollantes et voyez comment les fleurs, les paysages et les formes naturelles prennent vie. Parfait pour [&hellip;]\" \/>\n<meta property=\"og:url\" content=\"https:\/\/ses-creative.com\/fr\/produit\/sand-art-colore-et-facile-inspired-by-nature\/\" \/>\n<meta property=\"og:site_name\" content=\"SES Creative\" \/>\n<meta property=\"article:modified_time\" content=\"2026-02-12T10:22:48+00:00\" \/>\n<meta name=\"twitter:card\" content=\"summary_large_image\" \/>\n<meta name=\"twitter:label1\" content=\"Dur\u00e9e de lecture estim\u00e9e\" \/>\n\t<meta name=\"twitter:data1\" content=\"1 minute\" \/>\n<script type=\"application\/ld+json\" class=\"yoast-schema-graph\">{\"@context\":\"https:\/\/schema.org\",\"@graph\":[{\"@type\":\"WebPage\",\"@id\":\"https:\/\/ses-creative.com\/fr\/produit\/sand-art-colore-et-facile-inspired-by-nature\/\",\"url\":\"https:\/\/ses-creative.com\/fr\/produit\/sand-art-colore-et-facile-inspired-by-nature\/\",\"name\":\"Sand art color\u00e9 et facile - Inspired by nature - SES Creative\",\"isPartOf\":{\"@id\":\"https:\/\/ses-creative.com\/#website\"},\"primaryImageOfPage\":{\"@id\":\"https:\/\/ses-creative.com\/fr\/produit\/sand-art-colore-et-facile-inspired-by-nature\/#primaryimage\"},\"image\":{\"@id\":\"https:\/\/ses-creative.com\/fr\/produit\/sand-art-colore-et-facile-inspired-by-nature\/#primaryimage\"},\"thumbnailUrl\":\"https:\/\/ses-creative.com\/wp-content\/uploads\/2026\/01\/140371.jpg\",\"datePublished\":\"2025-12-18T10:15:26+00:00\",\"dateModified\":\"2026-02-12T10:22:48+00:00\",\"breadcrumb\":{\"@id\":\"https:\/\/ses-creative.com\/fr\/produit\/sand-art-colore-et-facile-inspired-by-nature\/#breadcrumb\"},\"inLanguage\":\"fr-FR\",\"potentialAction\":[{\"@type\":\"ReadAction\",\"target\":[\"https:\/\/ses-creative.com\/fr\/produit\/sand-art-colore-et-facile-inspired-by-nature\/\"]}]},{\"@type\":\"ImageObject\",\"inLanguage\":\"fr-FR\",\"@id\":\"https:\/\/ses-creative.com\/fr\/produit\/sand-art-colore-et-facile-inspired-by-nature\/#primaryimage\",\"url\":\"https:\/\/ses-creative.com\/wp-content\/uploads\/2026\/01\/140371.jpg\",\"contentUrl\":\"https:\/\/ses-creative.com\/wp-content\/uploads\/2026\/01\/140371.jpg\",\"width\":1000,\"height\":1000},{\"@type\":\"BreadcrumbList\",\"@id\":\"https:\/\/ses-creative.com\/fr\/produit\/sand-art-colore-et-facile-inspired-by-nature\/#breadcrumb\",\"itemListElement\":[{\"@type\":\"ListItem\",\"position\":1,\"name\":\"Boutique\",\"item\":\"https:\/\/ses-creative.com\/fr\/boutique\/\"},{\"@type\":\"ListItem\",\"position\":2,\"name\":\"Loisirs cr\u00e9atifs\",\"item\":\"https:\/\/ses-creative.com\/fr\/product-categorie\/loisirs-creatifs\/\"},{\"@type\":\"ListItem\",\"position\":3,\"name\":\"Sand art color\u00e9 et facile &#8211; Inspired by nature\"}]},{\"@type\":\"WebSite\",\"@id\":\"https:\/\/ses-creative.com\/#website\",\"url\":\"https:\/\/ses-creative.com\/\",\"name\":\"SES Creative\",\"description\":\"\",\"publisher\":{\"@id\":\"https:\/\/ses-creative.com\/#organization\"},\"potentialAction\":[{\"@type\":\"SearchAction\",\"target\":{\"@type\":\"EntryPoint\",\"urlTemplate\":\"https:\/\/ses-creative.com\/?s={search_term_string}\"},\"query-input\":{\"@type\":\"PropertyValueSpecification\",\"valueRequired\":true,\"valueName\":\"search_term_string\"}}],\"inLanguage\":\"fr-FR\"},{\"@type\":\"Organization\",\"@id\":\"https:\/\/ses-creative.com\/#organization\",\"name\":\"SES Creative\",\"url\":\"https:\/\/ses-creative.com\/\",\"logo\":{\"@type\":\"ImageObject\",\"inLanguage\":\"fr-FR\",\"@id\":\"https:\/\/ses-creative.com\/#\/schema\/logo\/image\/\",\"url\":\"https:\/\/ses-creative.com\/wp-content\/uploads\/2025\/10\/ses-creative-logo.jpg\",\"contentUrl\":\"https:\/\/ses-creative.com\/wp-content\/uploads\/2025\/10\/ses-creative-logo.jpg\",\"width\":2037,\"height\":2037,\"caption\":\"SES Creative\"},\"image\":{\"@id\":\"https:\/\/ses-creative.com\/#\/schema\/logo\/image\/\"}}]}<\/script>\n<!-- \/ Yoast SEO plugin. -->","yoast_head_json":{"title":"Sand art color\u00e9 et facile - Inspired by nature - SES Creative","robots":{"index":"index","follow":"follow","max-snippet":"max-snippet:-1","max-image-preview":"max-image-preview:large","max-video-preview":"max-video-preview:-1"},"canonical":"https:\/\/ses-creative.com\/fr\/produit\/sand-art-colore-et-facile-inspired-by-nature\/","og_locale":"fr_FR","og_type":"article","og_title":"Sand art color\u00e9 et facile - Inspired by nature - SES Creative","og_description":"D\u00e9couvrez la beaut\u00e9 de la nature avec l&rsquo;art du sable color\u00e9 ! Avec le kit SES Creative Art du sable, vous pouvez cr\u00e9er les plus belles \u0153uvres d&rsquo;art inspir\u00e9es par la nature. Saupoudrez du sable color\u00e9 sur des cartes autocollantes et voyez comment les fleurs, les paysages et les formes naturelles prennent vie. Parfait pour [&hellip;]","og_url":"https:\/\/ses-creative.com\/fr\/produit\/sand-art-colore-et-facile-inspired-by-nature\/","og_site_name":"SES Creative","article_modified_time":"2026-02-12T10:22:48+00:00","twitter_card":"summary_large_image","twitter_misc":{"Dur\u00e9e de lecture estim\u00e9e":"1 minute"},"schema":{"@context":"https:\/\/schema.org","@graph":[{"@type":"WebPage","@id":"https:\/\/ses-creative.com\/fr\/produit\/sand-art-colore-et-facile-inspired-by-nature\/","url":"https:\/\/ses-creative.com\/fr\/produit\/sand-art-colore-et-facile-inspired-by-nature\/","name":"Sand art color\u00e9 et facile - Inspired by nature - SES Creative","isPartOf":{"@id":"https:\/\/ses-creative.com\/#website"},"primaryImageOfPage":{"@id":"https:\/\/ses-creative.com\/fr\/produit\/sand-art-colore-et-facile-inspired-by-nature\/#primaryimage"},"image":{"@id":"https:\/\/ses-creative.com\/fr\/produit\/sand-art-colore-et-facile-inspired-by-nature\/#primaryimage"},"thumbnailUrl":"https:\/\/ses-creative.com\/wp-content\/uploads\/2026\/01\/140371.jpg","datePublished":"2025-12-18T10:15:26+00:00","dateModified":"2026-02-12T10:22:48+00:00","breadcrumb":{"@id":"https:\/\/ses-creative.com\/fr\/produit\/sand-art-colore-et-facile-inspired-by-nature\/#breadcrumb"},"inLanguage":"fr-FR","potentialAction":[{"@type":"ReadAction","target":["https:\/\/ses-creative.com\/fr\/produit\/sand-art-colore-et-facile-inspired-by-nature\/"]}]},{"@type":"ImageObject","inLanguage":"fr-FR","@id":"https:\/\/ses-creative.com\/fr\/produit\/sand-art-colore-et-facile-inspired-by-nature\/#primaryimage","url":"https:\/\/ses-creative.com\/wp-content\/uploads\/2026\/01\/140371.jpg","contentUrl":"https:\/\/ses-creative.com\/wp-content\/uploads\/2026\/01\/140371.jpg","width":1000,"height":1000},{"@type":"BreadcrumbList","@id":"https:\/\/ses-creative.com\/fr\/produit\/sand-art-colore-et-facile-inspired-by-nature\/#breadcrumb","itemListElement":[{"@type":"ListItem","position":1,"name":"Boutique","item":"https:\/\/ses-creative.com\/fr\/boutique\/"},{"@type":"ListItem","position":2,"name":"Loisirs cr\u00e9atifs","item":"https:\/\/ses-creative.com\/fr\/product-categorie\/loisirs-creatifs\/"},{"@type":"ListItem","position":3,"name":"Sand art color\u00e9 et facile &#8211; Inspired by nature"}]},{"@type":"WebSite","@id":"https:\/\/ses-creative.com\/#website","url":"https:\/\/ses-creative.com\/","name":"SES Creative","description":"","publisher":{"@id":"https:\/\/ses-creative.com\/#organization"},"potentialAction":[{"@type":"SearchAction","target":{"@type":"EntryPoint","urlTemplate":"https:\/\/ses-creative.com\/?s={search_term_string}"},"query-input":{"@type":"PropertyValueSpecification","valueRequired":true,"valueName":"search_term_string"}}],"inLanguage":"fr-FR"},{"@type":"Organization","@id":"https:\/\/ses-creative.com\/#organization","name":"SES Creative","url":"https:\/\/ses-creative.com\/","logo":{"@type":"ImageObject","inLanguage":"fr-FR","@id":"https:\/\/ses-creative.com\/#\/schema\/logo\/image\/","url":"https:\/\/ses-creative.com\/wp-content\/uploads\/2025\/10\/ses-creative-logo.jpg","contentUrl":"https:\/\/ses-creative.com\/wp-content\/uploads\/2025\/10\/ses-creative-logo.jpg","width":2037,"height":2037,"caption":"SES Creative"},"image":{"@id":"https:\/\/ses-creative.com\/#\/schema\/logo\/image\/"}}]}},"_links":{"self":[{"href":"https:\/\/ses-creative.com\/fr\/wp-json\/wp\/v2\/product\/118253","targetHints":{"allow":["GET"]}}],"collection":[{"href":"https:\/\/ses-creative.com\/fr\/wp-json\/wp\/v2\/product"}],"about":[{"href":"https:\/\/ses-creative.com\/fr\/wp-json\/wp\/v2\/types\/product"}],"replies":[{"embeddable":true,"href":"https:\/\/ses-creative.com\/fr\/wp-json\/wp\/v2\/comments?post=118253"}],"wp:featuredmedia":[{"embeddable":true,"href":"https:\/\/ses-creative.com\/fr\/wp-json\/wp\/v2\/media\/101390"}],"wp:attachment":[{"href":"https:\/\/ses-creative.com\/fr\/wp-json\/wp\/v2\/media?parent=118253"}],"wp:term":[{"taxonomy":"product_brand","embeddable":true,"href":"https:\/\/ses-creative.com\/fr\/wp-json\/wp\/v2\/product_brand?post=118253"},{"taxonomy":"product_cat","embeddable":true,"href":"https:\/\/ses-creative.com\/fr\/wp-json\/wp\/v2\/product_cat?post=118253"},{"taxonomy":"product_tag","embeddable":true,"href":"https:\/\/ses-creative.com\/fr\/wp-json\/wp\/v2\/product_tag?post=118253"}],"curies":[{"name":"wp","href":"https:\/\/api.w.org\/{rel}","templated":true}]}}