











{"id":118252,"date":"2026-02-12T10:09:10","date_gmt":"2026-02-12T10:09:10","guid":{"rendered":"https:\/\/ses-creative.com\/?post_type=product&#038;p=118252"},"modified":"2026-02-12T10:22:48","modified_gmt":"2026-02-12T10:22:48","slug":"moulage-et-peinture-en-relief-theme-botanique-inspired-by","status":"publish","type":"product","link":"https:\/\/ses-creative.com\/fr\/produit\/moulage-et-peinture-en-relief-theme-botanique-inspired-by\/","title":{"rendered":"Moulage et peinture en relief th\u00e8me botanique &#8211; Inspired by"},"content":{"rendered":"<p>Cr\u00e9ez vos propres \u0153uvres d&rsquo;art botaniques, inspir\u00e9es par Van Gogh !<\/p>\n<p>Avec le kit SES Creative Moulage et peinture de pl\u00e2tre botanique en relief, vous pouvez cr\u00e9er vous-m\u00eame de magnifiques carreaux de pl\u00e2tre avec des motifs naturels. Utilisez les figurines en bois pour cr\u00e9er votre propre moule, versez-y le pl\u00e2tre et peignez votre \u0153uvre d&rsquo;art avec la peinture fournie. Inspir\u00e9 par l&rsquo;art de Van Gogh, c&rsquo;est le moyen id\u00e9al pour initier les enfants \u00e0 l&rsquo;art, \u00e0 la nature et \u00e0 la cr\u00e9ativit\u00e9.<\/p>\n<p>Contenu de l&#8217;emballage :<\/p>\n<p>Figurines naturelles en bois<\/p>\n<p>2 pots d&rsquo;argile lilas (2 x 90 g)<\/p>\n<p>Pl\u00e2tre<\/p>\n<p>6 couleurs de peinture<\/p>\n<p>Caract\u00e9ristiques uniques :<\/p>\n<p>Cr\u00e9ez votre propre moule en pl\u00e2tre et d\u00e9terminez la forme de vos cr\u00e9ations<\/p>\n<p>Inspir\u00e9 par Van Gogh et l&rsquo;art botanique<\/p>\n<p>Stimule la cr\u00e9ativit\u00e9 et la motricit\u00e9 fine<\/p>\n<p>Pl\u00e2tre \u00e0 s\u00e9chage rapide pour un r\u00e9sultat rapide<\/p>\n<p>Convient aux enfants \u00e0 partir de 5 ans<\/p>\n<p>Pourquoi ce produit est-il parfait ?<br \/>\nCe kit permet aux enfants d&rsquo;exp\u00e9rimenter diff\u00e9rentes techniques : moulage, modelage et peinture. Ils d\u00e9veloppent ainsi non seulement leurs comp\u00e9tences artistiques, mais cr\u00e9ent \u00e9galement des \u0153uvres d&rsquo;art uniques qu&rsquo;ils peuvent conserver avec fiert\u00e9 ou offrir en cadeau.<\/p>\n<p>Commencez d\u00e8s aujourd&rsquo;hui \u00e0 cr\u00e9er votre propre art botanique et laissez-vous inspirer par la nature et l&rsquo;art de Van Gogh !<\/p>\n","protected":false},"excerpt":{"rendered":"<p>Cr\u00e9ez vos propres \u0153uvres d&rsquo;art botaniques, inspir\u00e9es par Van Gogh ! Avec le kit SES Creative Moulage et peinture de pl\u00e2tre botanique en relief, vous pouvez cr\u00e9er vous-m\u00eame de magnifiques carreaux de pl\u00e2tre avec des motifs naturels. Utilisez les figurines en bois pour cr\u00e9er votre propre moule, versez-y le pl\u00e2tre et peignez votre \u0153uvre d&rsquo;art [&hellip;]<\/p>\n","protected":false},"featured_media":95196,"comment_status":"closed","ping_status":"closed","template":"","meta":{"_acf_changed":false},"product_brand":[],"product_cat":[122],"product_tag":[],"class_list":{"0":"post-118252","1":"product","2":"type-product","3":"status-publish","4":"has-post-thumbnail","6":"product_cat-loisirs-creatifs","7":"pa_leeftijd-filter-4-6-ans","8":"pa_meest-populair-bij-garcons-filles","10":"first","11":"instock","12":"shipping-taxable","13":"product-type-simple"},"acf":[],"yoast_head":"<!-- This site is optimized with the Yoast SEO plugin v27.4 - https:\/\/yoast.com\/product\/yoast-seo-wordpress\/ -->\n<title>Moulage et peinture en relief th\u00e8me botanique - Inspired by - SES Creative<\/title>\n<meta name=\"robots\" content=\"index, follow, max-snippet:-1, max-image-preview:large, max-video-preview:-1\" \/>\n<link rel=\"canonical\" href=\"https:\/\/ses-creative.com\/fr\/produit\/moulage-et-peinture-en-relief-theme-botanique-inspired-by\/\" \/>\n<meta property=\"og:locale\" content=\"fr_FR\" \/>\n<meta property=\"og:type\" content=\"article\" \/>\n<meta property=\"og:title\" content=\"Moulage et peinture en relief th\u00e8me botanique - Inspired by - SES Creative\" \/>\n<meta property=\"og:description\" content=\"Cr\u00e9ez vos propres \u0153uvres d&rsquo;art botaniques, inspir\u00e9es par Van Gogh ! Avec le kit SES Creative Moulage et peinture de pl\u00e2tre botanique en relief, vous pouvez cr\u00e9er vous-m\u00eame de magnifiques carreaux de pl\u00e2tre avec des motifs naturels. Utilisez les figurines en bois pour cr\u00e9er votre propre moule, versez-y le pl\u00e2tre et peignez votre \u0153uvre d&rsquo;art [&hellip;]\" \/>\n<meta property=\"og:url\" content=\"https:\/\/ses-creative.com\/fr\/produit\/moulage-et-peinture-en-relief-theme-botanique-inspired-by\/\" \/>\n<meta property=\"og:site_name\" content=\"SES Creative\" \/>\n<meta property=\"article:modified_time\" content=\"2026-02-12T10:22:48+00:00\" \/>\n<meta name=\"twitter:card\" content=\"summary_large_image\" \/>\n<meta name=\"twitter:label1\" content=\"Dur\u00e9e de lecture estim\u00e9e\" \/>\n\t<meta name=\"twitter:data1\" content=\"1 minute\" \/>\n<script type=\"application\/ld+json\" class=\"yoast-schema-graph\">{\"@context\":\"https:\\\/\\\/schema.org\",\"@graph\":[{\"@type\":\"WebPage\",\"@id\":\"https:\\\/\\\/ses-creative.com\\\/fr\\\/produit\\\/moulage-et-peinture-en-relief-theme-botanique-inspired-by\\\/\",\"url\":\"https:\\\/\\\/ses-creative.com\\\/fr\\\/produit\\\/moulage-et-peinture-en-relief-theme-botanique-inspired-by\\\/\",\"name\":\"Moulage et peinture en relief th\u00e8me botanique - Inspired by - SES Creative\",\"isPartOf\":{\"@id\":\"https:\\\/\\\/ses-creative.com\\\/#website\"},\"primaryImageOfPage\":{\"@id\":\"https:\\\/\\\/ses-creative.com\\\/fr\\\/produit\\\/moulage-et-peinture-en-relief-theme-botanique-inspired-by\\\/#primaryimage\"},\"image\":{\"@id\":\"https:\\\/\\\/ses-creative.com\\\/fr\\\/produit\\\/moulage-et-peinture-en-relief-theme-botanique-inspired-by\\\/#primaryimage\"},\"thumbnailUrl\":\"https:\\\/\\\/ses-creative.com\\\/wp-content\\\/uploads\\\/2026\\\/01\\\/140361.jpg\",\"datePublished\":\"2026-02-12T10:09:10+00:00\",\"dateModified\":\"2026-02-12T10:22:48+00:00\",\"breadcrumb\":{\"@id\":\"https:\\\/\\\/ses-creative.com\\\/fr\\\/produit\\\/moulage-et-peinture-en-relief-theme-botanique-inspired-by\\\/#breadcrumb\"},\"inLanguage\":\"fr-FR\",\"potentialAction\":[{\"@type\":\"ReadAction\",\"target\":[\"https:\\\/\\\/ses-creative.com\\\/fr\\\/produit\\\/moulage-et-peinture-en-relief-theme-botanique-inspired-by\\\/\"]}]},{\"@type\":\"ImageObject\",\"inLanguage\":\"fr-FR\",\"@id\":\"https:\\\/\\\/ses-creative.com\\\/fr\\\/produit\\\/moulage-et-peinture-en-relief-theme-botanique-inspired-by\\\/#primaryimage\",\"url\":\"https:\\\/\\\/ses-creative.com\\\/wp-content\\\/uploads\\\/2026\\\/01\\\/140361.jpg\",\"contentUrl\":\"https:\\\/\\\/ses-creative.com\\\/wp-content\\\/uploads\\\/2026\\\/01\\\/140361.jpg\",\"width\":1000,\"height\":1000},{\"@type\":\"BreadcrumbList\",\"@id\":\"https:\\\/\\\/ses-creative.com\\\/fr\\\/produit\\\/moulage-et-peinture-en-relief-theme-botanique-inspired-by\\\/#breadcrumb\",\"itemListElement\":[{\"@type\":\"ListItem\",\"position\":1,\"name\":\"Boutique\",\"item\":\"https:\\\/\\\/ses-creative.com\\\/fr\\\/boutique\\\/\"},{\"@type\":\"ListItem\",\"position\":2,\"name\":\"Loisirs cr\u00e9atifs\",\"item\":\"https:\\\/\\\/ses-creative.com\\\/fr\\\/product-categorie\\\/loisirs-creatifs\\\/\"},{\"@type\":\"ListItem\",\"position\":3,\"name\":\"Moulage et peinture en relief th\u00e8me botanique &#8211; Inspired by\"}]},{\"@type\":\"WebSite\",\"@id\":\"https:\\\/\\\/ses-creative.com\\\/#website\",\"url\":\"https:\\\/\\\/ses-creative.com\\\/\",\"name\":\"SES Creative\",\"description\":\"\",\"publisher\":{\"@id\":\"https:\\\/\\\/ses-creative.com\\\/#organization\"},\"potentialAction\":[{\"@type\":\"SearchAction\",\"target\":{\"@type\":\"EntryPoint\",\"urlTemplate\":\"https:\\\/\\\/ses-creative.com\\\/?s={search_term_string}\"},\"query-input\":{\"@type\":\"PropertyValueSpecification\",\"valueRequired\":true,\"valueName\":\"search_term_string\"}}],\"inLanguage\":\"fr-FR\"},{\"@type\":\"Organization\",\"@id\":\"https:\\\/\\\/ses-creative.com\\\/#organization\",\"name\":\"SES Creative\",\"url\":\"https:\\\/\\\/ses-creative.com\\\/\",\"logo\":{\"@type\":\"ImageObject\",\"inLanguage\":\"fr-FR\",\"@id\":\"https:\\\/\\\/ses-creative.com\\\/#\\\/schema\\\/logo\\\/image\\\/\",\"url\":\"https:\\\/\\\/ses-creative.com\\\/wp-content\\\/uploads\\\/2025\\\/10\\\/ses-creative-logo.jpg\",\"contentUrl\":\"https:\\\/\\\/ses-creative.com\\\/wp-content\\\/uploads\\\/2025\\\/10\\\/ses-creative-logo.jpg\",\"width\":2037,\"height\":2037,\"caption\":\"SES Creative\"},\"image\":{\"@id\":\"https:\\\/\\\/ses-creative.com\\\/#\\\/schema\\\/logo\\\/image\\\/\"}}]}<\/script>\n<!-- \/ Yoast SEO plugin. -->","yoast_head_json":{"title":"Moulage et peinture en relief th\u00e8me botanique - Inspired by - SES Creative","robots":{"index":"index","follow":"follow","max-snippet":"max-snippet:-1","max-image-preview":"max-image-preview:large","max-video-preview":"max-video-preview:-1"},"canonical":"https:\/\/ses-creative.com\/fr\/produit\/moulage-et-peinture-en-relief-theme-botanique-inspired-by\/","og_locale":"fr_FR","og_type":"article","og_title":"Moulage et peinture en relief th\u00e8me botanique - Inspired by - SES Creative","og_description":"Cr\u00e9ez vos propres \u0153uvres d&rsquo;art botaniques, inspir\u00e9es par Van Gogh ! Avec le kit SES Creative Moulage et peinture de pl\u00e2tre botanique en relief, vous pouvez cr\u00e9er vous-m\u00eame de magnifiques carreaux de pl\u00e2tre avec des motifs naturels. Utilisez les figurines en bois pour cr\u00e9er votre propre moule, versez-y le pl\u00e2tre et peignez votre \u0153uvre d&rsquo;art [&hellip;]","og_url":"https:\/\/ses-creative.com\/fr\/produit\/moulage-et-peinture-en-relief-theme-botanique-inspired-by\/","og_site_name":"SES Creative","article_modified_time":"2026-02-12T10:22:48+00:00","twitter_card":"summary_large_image","twitter_misc":{"Dur\u00e9e de lecture estim\u00e9e":"1 minute"},"schema":{"@context":"https:\/\/schema.org","@graph":[{"@type":"WebPage","@id":"https:\/\/ses-creative.com\/fr\/produit\/moulage-et-peinture-en-relief-theme-botanique-inspired-by\/","url":"https:\/\/ses-creative.com\/fr\/produit\/moulage-et-peinture-en-relief-theme-botanique-inspired-by\/","name":"Moulage et peinture en relief th\u00e8me botanique - Inspired by - SES Creative","isPartOf":{"@id":"https:\/\/ses-creative.com\/#website"},"primaryImageOfPage":{"@id":"https:\/\/ses-creative.com\/fr\/produit\/moulage-et-peinture-en-relief-theme-botanique-inspired-by\/#primaryimage"},"image":{"@id":"https:\/\/ses-creative.com\/fr\/produit\/moulage-et-peinture-en-relief-theme-botanique-inspired-by\/#primaryimage"},"thumbnailUrl":"https:\/\/ses-creative.com\/wp-content\/uploads\/2026\/01\/140361.jpg","datePublished":"2026-02-12T10:09:10+00:00","dateModified":"2026-02-12T10:22:48+00:00","breadcrumb":{"@id":"https:\/\/ses-creative.com\/fr\/produit\/moulage-et-peinture-en-relief-theme-botanique-inspired-by\/#breadcrumb"},"inLanguage":"fr-FR","potentialAction":[{"@type":"ReadAction","target":["https:\/\/ses-creative.com\/fr\/produit\/moulage-et-peinture-en-relief-theme-botanique-inspired-by\/"]}]},{"@type":"ImageObject","inLanguage":"fr-FR","@id":"https:\/\/ses-creative.com\/fr\/produit\/moulage-et-peinture-en-relief-theme-botanique-inspired-by\/#primaryimage","url":"https:\/\/ses-creative.com\/wp-content\/uploads\/2026\/01\/140361.jpg","contentUrl":"https:\/\/ses-creative.com\/wp-content\/uploads\/2026\/01\/140361.jpg","width":1000,"height":1000},{"@type":"BreadcrumbList","@id":"https:\/\/ses-creative.com\/fr\/produit\/moulage-et-peinture-en-relief-theme-botanique-inspired-by\/#breadcrumb","itemListElement":[{"@type":"ListItem","position":1,"name":"Boutique","item":"https:\/\/ses-creative.com\/fr\/boutique\/"},{"@type":"ListItem","position":2,"name":"Loisirs cr\u00e9atifs","item":"https:\/\/ses-creative.com\/fr\/product-categorie\/loisirs-creatifs\/"},{"@type":"ListItem","position":3,"name":"Moulage et peinture en relief th\u00e8me botanique &#8211; Inspired by"}]},{"@type":"WebSite","@id":"https:\/\/ses-creative.com\/#website","url":"https:\/\/ses-creative.com\/","name":"SES Creative","description":"","publisher":{"@id":"https:\/\/ses-creative.com\/#organization"},"potentialAction":[{"@type":"SearchAction","target":{"@type":"EntryPoint","urlTemplate":"https:\/\/ses-creative.com\/?s={search_term_string}"},"query-input":{"@type":"PropertyValueSpecification","valueRequired":true,"valueName":"search_term_string"}}],"inLanguage":"fr-FR"},{"@type":"Organization","@id":"https:\/\/ses-creative.com\/#organization","name":"SES Creative","url":"https:\/\/ses-creative.com\/","logo":{"@type":"ImageObject","inLanguage":"fr-FR","@id":"https:\/\/ses-creative.com\/#\/schema\/logo\/image\/","url":"https:\/\/ses-creative.com\/wp-content\/uploads\/2025\/10\/ses-creative-logo.jpg","contentUrl":"https:\/\/ses-creative.com\/wp-content\/uploads\/2025\/10\/ses-creative-logo.jpg","width":2037,"height":2037,"caption":"SES Creative"},"image":{"@id":"https:\/\/ses-creative.com\/#\/schema\/logo\/image\/"}}]}},"_links":{"self":[{"href":"https:\/\/ses-creative.com\/fr\/wp-json\/wp\/v2\/product\/118252","targetHints":{"allow":["GET"]}}],"collection":[{"href":"https:\/\/ses-creative.com\/fr\/wp-json\/wp\/v2\/product"}],"about":[{"href":"https:\/\/ses-creative.com\/fr\/wp-json\/wp\/v2\/types\/product"}],"replies":[{"embeddable":true,"href":"https:\/\/ses-creative.com\/fr\/wp-json\/wp\/v2\/comments?post=118252"}],"wp:featuredmedia":[{"embeddable":true,"href":"https:\/\/ses-creative.com\/fr\/wp-json\/wp\/v2\/media\/95196"}],"wp:attachment":[{"href":"https:\/\/ses-creative.com\/fr\/wp-json\/wp\/v2\/media?parent=118252"}],"wp:term":[{"taxonomy":"product_brand","embeddable":true,"href":"https:\/\/ses-creative.com\/fr\/wp-json\/wp\/v2\/product_brand?post=118252"},{"taxonomy":"product_cat","embeddable":true,"href":"https:\/\/ses-creative.com\/fr\/wp-json\/wp\/v2\/product_cat?post=118252"},{"taxonomy":"product_tag","embeddable":true,"href":"https:\/\/ses-creative.com\/fr\/wp-json\/wp\/v2\/product_tag?post=118252"}],"curies":[{"name":"wp","href":"https:\/\/api.w.org\/{rel}","templated":true}]}}