











{"id":118250,"date":"2026-02-12T10:09:10","date_gmt":"2026-02-12T10:09:10","guid":{"rendered":"https:\/\/ses-creative.com\/?post_type=product&#038;p=118250"},"modified":"2026-02-12T10:22:48","modified_gmt":"2026-02-12T10:22:48","slug":"bougies-coquillages-inspired-by-nature","status":"publish","type":"product","link":"https:\/\/ses-creative.com\/fr\/produit\/bougies-coquillages-inspired-by-nature\/","title":{"rendered":"Bougies coquillages &#8211; Inspired by nature"},"content":{"rendered":"<p>Cr\u00e9ez vos propres bougies coquillage avec des mat\u00e9riaux naturels !<\/p>\n<p>Avec le kit SES Creative Fabrication de bougies coquillage, vous pouvez cr\u00e9er les plus belles bougies dans des coquillages. Ce kit de bricolage, inspir\u00e9 par la nature, vous permet de couler vous-m\u00eame des bougies dans de vrais coquillages. Le r\u00e9sultat est unique, apaisant et constitue un magnifique ajout \u00e0 votre pi\u00e8ce. Parfait pour les enfants cr\u00e9atifs \u00e0 partir de 6 ans et les adultes qui aiment les projets artisanaux.<\/p>\n<p>Contenu de l&#8217;emballage :<\/p>\n<p>3 couleurs de cire \u00e0 bougie<\/p>\n<p>M\u00e8ches<\/p>\n<p>Coquillages<\/p>\n<p>Moule<\/p>\n<p>Pourquoi ce kit est g\u00e9nial :<\/p>\n<p>Inspir\u00e9 par la nature : travailler avec de v\u00e9ritables coquillages et des mat\u00e9riaux naturels<\/p>\n<p>Fabriquez vos propres bougies avec de la cire et des m\u00e8ches<\/p>\n<p>Chaque bougie est unique et d\u00e9corative<\/p>\n<p>Projet cr\u00e9atif amusant et instructif \u00e0 partir de 6 ans<\/p>\n<p>Cr\u00e9ez une atmosph\u00e8re apaisante avec vos propres bougies faites \u00e0 la main<\/p>\n<p>Comment \u00e7a marche ?<br \/>\nFaites fondre la cire color\u00e9e, versez-la dans les coquillages et ajoutez la m\u00e8che. Laissez les bougies refroidir et durcir, et voil\u00e0 : vos bougies coquillages uniques sont pr\u00eates \u00e0 \u00eatre admir\u00e9es ou offertes en cadeau !<\/p>\n<p>Commencez d\u00e8s aujourd&rsquo;hui \u00e0 fabriquer des bougies coquillage !<br \/>\nProcurez-vous le kit SES Creative pour fabriquer des bougies coquillage et d\u00e9couvrez \u00e0 quel point il est amusant et facile de fabriquer soi-m\u00eame des bougies. Laissez-vous inspirer par la nature et cr\u00e9ez quelque chose d&rsquo;exceptionnel dont vous pourrez \u00eatre fier !<\/p>\n","protected":false},"excerpt":{"rendered":"<p>Cr\u00e9ez vos propres bougies coquillage avec des mat\u00e9riaux naturels ! Avec le kit SES Creative Fabrication de bougies coquillage, vous pouvez cr\u00e9er les plus belles bougies dans des coquillages. Ce kit de bricolage, inspir\u00e9 par la nature, vous permet de couler vous-m\u00eame des bougies dans de vrais coquillages. Le r\u00e9sultat est unique, apaisant et constitue [&hellip;]<\/p>\n","protected":false},"featured_media":0,"comment_status":"closed","ping_status":"closed","template":"","meta":{"_acf_changed":false},"product_brand":[],"product_cat":[108],"product_tag":[],"class_list":{"0":"post-118250","1":"product","2":"type-product","3":"status-publish","5":"product_cat-knutselen","6":"pa_leeftijd-filter-4-6-ans","7":"pa_meest-populair-bij-garcons-filles","9":"first","10":"instock","11":"shipping-taxable","12":"product-type-simple"},"acf":[],"yoast_head":"<!-- This site is optimized with the Yoast SEO plugin v27.2 - https:\/\/yoast.com\/product\/yoast-seo-wordpress\/ -->\n<title>Bougies coquillages - Inspired by nature - SES Creative<\/title>\n<meta name=\"robots\" content=\"index, follow, max-snippet:-1, max-image-preview:large, max-video-preview:-1\" \/>\n<link rel=\"canonical\" href=\"https:\/\/ses-creative.com\/fr\/produit\/bougies-coquillages-inspired-by-nature\/\" \/>\n<meta property=\"og:locale\" content=\"fr_FR\" \/>\n<meta property=\"og:type\" content=\"article\" \/>\n<meta property=\"og:title\" content=\"Bougies coquillages - Inspired by nature - SES Creative\" \/>\n<meta property=\"og:description\" content=\"Cr\u00e9ez vos propres bougies coquillage avec des mat\u00e9riaux naturels ! Avec le kit SES Creative Fabrication de bougies coquillage, vous pouvez cr\u00e9er les plus belles bougies dans des coquillages. Ce kit de bricolage, inspir\u00e9 par la nature, vous permet de couler vous-m\u00eame des bougies dans de vrais coquillages. Le r\u00e9sultat est unique, apaisant et constitue [&hellip;]\" \/>\n<meta property=\"og:url\" content=\"https:\/\/ses-creative.com\/fr\/produit\/bougies-coquillages-inspired-by-nature\/\" \/>\n<meta property=\"og:site_name\" content=\"SES Creative\" \/>\n<meta property=\"article:modified_time\" content=\"2026-02-12T10:22:48+00:00\" \/>\n<meta name=\"twitter:card\" content=\"summary_large_image\" \/>\n<meta name=\"twitter:label1\" content=\"Dur\u00e9e de lecture estim\u00e9e\" \/>\n\t<meta name=\"twitter:data1\" content=\"1 minute\" \/>\n<script type=\"application\/ld+json\" class=\"yoast-schema-graph\">{\"@context\":\"https:\/\/schema.org\",\"@graph\":[{\"@type\":\"WebPage\",\"@id\":\"https:\/\/ses-creative.com\/fr\/produit\/bougies-coquillages-inspired-by-nature\/\",\"url\":\"https:\/\/ses-creative.com\/fr\/produit\/bougies-coquillages-inspired-by-nature\/\",\"name\":\"Bougies coquillages - Inspired by nature - SES Creative\",\"isPartOf\":{\"@id\":\"https:\/\/ses-creative.com\/#website\"},\"datePublished\":\"2026-02-12T10:09:10+00:00\",\"dateModified\":\"2026-02-12T10:22:48+00:00\",\"breadcrumb\":{\"@id\":\"https:\/\/ses-creative.com\/fr\/produit\/bougies-coquillages-inspired-by-nature\/#breadcrumb\"},\"inLanguage\":\"fr-FR\",\"potentialAction\":[{\"@type\":\"ReadAction\",\"target\":[\"https:\/\/ses-creative.com\/fr\/produit\/bougies-coquillages-inspired-by-nature\/\"]}]},{\"@type\":\"BreadcrumbList\",\"@id\":\"https:\/\/ses-creative.com\/fr\/produit\/bougies-coquillages-inspired-by-nature\/#breadcrumb\",\"itemListElement\":[{\"@type\":\"ListItem\",\"position\":1,\"name\":\"Boutique\",\"item\":\"https:\/\/ses-creative.com\/fr\/boutique\/\"},{\"@type\":\"ListItem\",\"position\":2,\"name\":\"Knutselen\",\"item\":\"https:\/\/ses-creative.com\/product-categorie\/knutselen\/\"},{\"@type\":\"ListItem\",\"position\":3,\"name\":\"Bougies coquillages &#8211; Inspired by nature\"}]},{\"@type\":\"WebSite\",\"@id\":\"https:\/\/ses-creative.com\/#website\",\"url\":\"https:\/\/ses-creative.com\/\",\"name\":\"SES Creative\",\"description\":\"\",\"publisher\":{\"@id\":\"https:\/\/ses-creative.com\/#organization\"},\"potentialAction\":[{\"@type\":\"SearchAction\",\"target\":{\"@type\":\"EntryPoint\",\"urlTemplate\":\"https:\/\/ses-creative.com\/?s={search_term_string}\"},\"query-input\":{\"@type\":\"PropertyValueSpecification\",\"valueRequired\":true,\"valueName\":\"search_term_string\"}}],\"inLanguage\":\"fr-FR\"},{\"@type\":\"Organization\",\"@id\":\"https:\/\/ses-creative.com\/#organization\",\"name\":\"SES Creative\",\"url\":\"https:\/\/ses-creative.com\/\",\"logo\":{\"@type\":\"ImageObject\",\"inLanguage\":\"fr-FR\",\"@id\":\"https:\/\/ses-creative.com\/#\/schema\/logo\/image\/\",\"url\":\"https:\/\/ses-creative.com\/wp-content\/uploads\/2025\/10\/ses-creative-logo.jpg\",\"contentUrl\":\"https:\/\/ses-creative.com\/wp-content\/uploads\/2025\/10\/ses-creative-logo.jpg\",\"width\":2037,\"height\":2037,\"caption\":\"SES Creative\"},\"image\":{\"@id\":\"https:\/\/ses-creative.com\/#\/schema\/logo\/image\/\"}}]}<\/script>\n<!-- \/ Yoast SEO plugin. -->","yoast_head_json":{"title":"Bougies coquillages - Inspired by nature - SES Creative","robots":{"index":"index","follow":"follow","max-snippet":"max-snippet:-1","max-image-preview":"max-image-preview:large","max-video-preview":"max-video-preview:-1"},"canonical":"https:\/\/ses-creative.com\/fr\/produit\/bougies-coquillages-inspired-by-nature\/","og_locale":"fr_FR","og_type":"article","og_title":"Bougies coquillages - Inspired by nature - SES Creative","og_description":"Cr\u00e9ez vos propres bougies coquillage avec des mat\u00e9riaux naturels ! Avec le kit SES Creative Fabrication de bougies coquillage, vous pouvez cr\u00e9er les plus belles bougies dans des coquillages. Ce kit de bricolage, inspir\u00e9 par la nature, vous permet de couler vous-m\u00eame des bougies dans de vrais coquillages. Le r\u00e9sultat est unique, apaisant et constitue [&hellip;]","og_url":"https:\/\/ses-creative.com\/fr\/produit\/bougies-coquillages-inspired-by-nature\/","og_site_name":"SES Creative","article_modified_time":"2026-02-12T10:22:48+00:00","twitter_card":"summary_large_image","twitter_misc":{"Dur\u00e9e de lecture estim\u00e9e":"1 minute"},"schema":{"@context":"https:\/\/schema.org","@graph":[{"@type":"WebPage","@id":"https:\/\/ses-creative.com\/fr\/produit\/bougies-coquillages-inspired-by-nature\/","url":"https:\/\/ses-creative.com\/fr\/produit\/bougies-coquillages-inspired-by-nature\/","name":"Bougies coquillages - Inspired by nature - SES Creative","isPartOf":{"@id":"https:\/\/ses-creative.com\/#website"},"datePublished":"2026-02-12T10:09:10+00:00","dateModified":"2026-02-12T10:22:48+00:00","breadcrumb":{"@id":"https:\/\/ses-creative.com\/fr\/produit\/bougies-coquillages-inspired-by-nature\/#breadcrumb"},"inLanguage":"fr-FR","potentialAction":[{"@type":"ReadAction","target":["https:\/\/ses-creative.com\/fr\/produit\/bougies-coquillages-inspired-by-nature\/"]}]},{"@type":"BreadcrumbList","@id":"https:\/\/ses-creative.com\/fr\/produit\/bougies-coquillages-inspired-by-nature\/#breadcrumb","itemListElement":[{"@type":"ListItem","position":1,"name":"Boutique","item":"https:\/\/ses-creative.com\/fr\/boutique\/"},{"@type":"ListItem","position":2,"name":"Knutselen","item":"https:\/\/ses-creative.com\/product-categorie\/knutselen\/"},{"@type":"ListItem","position":3,"name":"Bougies coquillages &#8211; Inspired by nature"}]},{"@type":"WebSite","@id":"https:\/\/ses-creative.com\/#website","url":"https:\/\/ses-creative.com\/","name":"SES Creative","description":"","publisher":{"@id":"https:\/\/ses-creative.com\/#organization"},"potentialAction":[{"@type":"SearchAction","target":{"@type":"EntryPoint","urlTemplate":"https:\/\/ses-creative.com\/?s={search_term_string}"},"query-input":{"@type":"PropertyValueSpecification","valueRequired":true,"valueName":"search_term_string"}}],"inLanguage":"fr-FR"},{"@type":"Organization","@id":"https:\/\/ses-creative.com\/#organization","name":"SES Creative","url":"https:\/\/ses-creative.com\/","logo":{"@type":"ImageObject","inLanguage":"fr-FR","@id":"https:\/\/ses-creative.com\/#\/schema\/logo\/image\/","url":"https:\/\/ses-creative.com\/wp-content\/uploads\/2025\/10\/ses-creative-logo.jpg","contentUrl":"https:\/\/ses-creative.com\/wp-content\/uploads\/2025\/10\/ses-creative-logo.jpg","width":2037,"height":2037,"caption":"SES Creative"},"image":{"@id":"https:\/\/ses-creative.com\/#\/schema\/logo\/image\/"}}]}},"_links":{"self":[{"href":"https:\/\/ses-creative.com\/fr\/wp-json\/wp\/v2\/product\/118250","targetHints":{"allow":["GET"]}}],"collection":[{"href":"https:\/\/ses-creative.com\/fr\/wp-json\/wp\/v2\/product"}],"about":[{"href":"https:\/\/ses-creative.com\/fr\/wp-json\/wp\/v2\/types\/product"}],"replies":[{"embeddable":true,"href":"https:\/\/ses-creative.com\/fr\/wp-json\/wp\/v2\/comments?post=118250"}],"wp:attachment":[{"href":"https:\/\/ses-creative.com\/fr\/wp-json\/wp\/v2\/media?parent=118250"}],"wp:term":[{"taxonomy":"product_brand","embeddable":true,"href":"https:\/\/ses-creative.com\/fr\/wp-json\/wp\/v2\/product_brand?post=118250"},{"taxonomy":"product_cat","embeddable":true,"href":"https:\/\/ses-creative.com\/fr\/wp-json\/wp\/v2\/product_cat?post=118250"},{"taxonomy":"product_tag","embeddable":true,"href":"https:\/\/ses-creative.com\/fr\/wp-json\/wp\/v2\/product_tag?post=118250"}],"curies":[{"name":"wp","href":"https:\/\/api.w.org\/{rel}","templated":true}]}}