











{"id":118249,"date":"2026-02-12T10:09:08","date_gmt":"2026-02-12T10:09:08","guid":{"rendered":"https:\/\/ses-creative.com\/?post_type=product&#038;p=118249"},"modified":"2026-02-12T10:22:47","modified_gmt":"2026-02-12T10:22:47","slug":"decoration-de-pierres-et-de-bois-flotte-inspired-by-nature","status":"publish","type":"product","link":"https:\/\/ses-creative.com\/fr\/produit\/decoration-de-pierres-et-de-bois-flotte-inspired-by-nature\/","title":{"rendered":"D\u00e9coration de pierres et de bois flott\u00e9 &#8211; Inspired by nature"},"content":{"rendered":"<p>D\u00e9corer des pierres et du bois flott\u00e9 : cr\u00e9ez vos propres \u0153uvres d&rsquo;art naturelles !<\/p>\n<p>Avec le kit D\u00e9coration de pierres et de bois flott\u00e9 de SES Creative, vous pouvez transformer des pierres et du bois flott\u00e9 en magnifiques \u0153uvres d&rsquo;art. Ce kit, inspir\u00e9 par la nature, contient tout ce dont vous avez besoin pour d\u00e9corer de vraies pierres et du bois flott\u00e9 avec de la peinture. Parfait pour les enfants cr\u00e9atifs \u00e0 partir de 5 ans qui aiment bricoler avec des mat\u00e9riaux naturels !<\/p>\n<p>Contenu de l&#8217;emballage<\/p>\n<p>3 pierres blanches<\/p>\n<p>M\u00e9lange de bois flott\u00e9<\/p>\n<p>6 couleurs de peinture<\/p>\n<p>Pinceau<\/p>\n<p>Autocollants \u00e0 frotter<\/p>\n<p>Pourquoi ce kit est g\u00e9nial<\/p>\n<p>Allie cr\u00e9ativit\u00e9 et mat\u00e9riaux naturels<\/p>\n<p>Peinture couvrante pour des r\u00e9sultats color\u00e9s et durables<\/p>\n<p>Stimule l&rsquo;imagination, la motricit\u00e9 et le sens artistique<\/p>\n<p>Comprend des pierres et du bois flott\u00e9 pour des projets vari\u00e9s<\/p>\n<p>Les autocollants \u00e0 frotter rendent la d\u00e9coration encore plus facile et plus amusante<\/p>\n<p>Comment \u00e7a marche ?<br \/>\nChoisissez une pierre ou un morceau de bois flott\u00e9, peignez-le avec la peinture fournie et ajoutez des d\u00e9tails avec les autocollants. Laissez s\u00e9cher votre cr\u00e9ation et admirez votre \u0153uvre d&rsquo;art inspir\u00e9e de la nature. Chaque pi\u00e8ce est unique et refl\u00e8te votre style personnel.<\/p>\n<p>Pr\u00eat \u00e0 cr\u00e9er de l&rsquo;art naturel ?<br \/>\nProcurez-vous le kit de d\u00e9coration de pierres et de bois flott\u00e9 de SES Creative et commencez d\u00e8s aujourd&rsquo;hui \u00e0 cr\u00e9er vos propres \u0153uvres d&rsquo;art naturelles. Qu&rsquo;attendez-vous ? D\u00e9couvrez la beaut\u00e9 des pierres et du bois et cr\u00e9ez quelque chose dont vous pouvez \u00eatre fier !<\/p>\n","protected":false},"excerpt":{"rendered":"<p>D\u00e9corer des pierres et du bois flott\u00e9 : cr\u00e9ez vos propres \u0153uvres d&rsquo;art naturelles ! Avec le kit D\u00e9coration de pierres et de bois flott\u00e9 de SES Creative, vous pouvez transformer des pierres et du bois flott\u00e9 en magnifiques \u0153uvres d&rsquo;art. Ce kit, inspir\u00e9 par la nature, contient tout ce dont vous avez besoin pour [&hellip;]<\/p>\n","protected":false},"featured_media":95156,"comment_status":"closed","ping_status":"closed","template":"","meta":{"_acf_changed":false},"product_brand":[],"product_cat":[122],"product_tag":[],"class_list":{"0":"post-118249","1":"product","2":"type-product","3":"status-publish","4":"has-post-thumbnail","6":"product_cat-loisirs-creatifs","7":"pa_leeftijd-filter-4-6-ans","8":"pa_meest-populair-bij-garcons-filles","10":"first","11":"instock","12":"shipping-taxable","13":"product-type-simple"},"acf":[],"yoast_head":"<!-- This site is optimized with the Yoast SEO plugin v27.4 - https:\/\/yoast.com\/product\/yoast-seo-wordpress\/ -->\n<title>D\u00e9coration de pierres et de bois flott\u00e9 - Inspired by nature - SES Creative<\/title>\n<meta name=\"robots\" content=\"index, follow, max-snippet:-1, max-image-preview:large, max-video-preview:-1\" \/>\n<link rel=\"canonical\" href=\"https:\/\/ses-creative.com\/fr\/produit\/decoration-de-pierres-et-de-bois-flotte-inspired-by-nature\/\" \/>\n<meta property=\"og:locale\" content=\"fr_FR\" \/>\n<meta property=\"og:type\" content=\"article\" \/>\n<meta property=\"og:title\" content=\"D\u00e9coration de pierres et de bois flott\u00e9 - Inspired by nature - SES Creative\" \/>\n<meta property=\"og:description\" content=\"D\u00e9corer des pierres et du bois flott\u00e9 : cr\u00e9ez vos propres \u0153uvres d&rsquo;art naturelles ! Avec le kit D\u00e9coration de pierres et de bois flott\u00e9 de SES Creative, vous pouvez transformer des pierres et du bois flott\u00e9 en magnifiques \u0153uvres d&rsquo;art. Ce kit, inspir\u00e9 par la nature, contient tout ce dont vous avez besoin pour [&hellip;]\" \/>\n<meta property=\"og:url\" content=\"https:\/\/ses-creative.com\/fr\/produit\/decoration-de-pierres-et-de-bois-flotte-inspired-by-nature\/\" \/>\n<meta property=\"og:site_name\" content=\"SES Creative\" \/>\n<meta property=\"article:modified_time\" content=\"2026-02-12T10:22:47+00:00\" \/>\n<meta name=\"twitter:card\" content=\"summary_large_image\" \/>\n<meta name=\"twitter:label1\" content=\"Dur\u00e9e de lecture estim\u00e9e\" \/>\n\t<meta name=\"twitter:data1\" content=\"1 minute\" \/>\n<script type=\"application\/ld+json\" class=\"yoast-schema-graph\">{\"@context\":\"https:\\\/\\\/schema.org\",\"@graph\":[{\"@type\":\"WebPage\",\"@id\":\"https:\\\/\\\/ses-creative.com\\\/fr\\\/produit\\\/decoration-de-pierres-et-de-bois-flotte-inspired-by-nature\\\/\",\"url\":\"https:\\\/\\\/ses-creative.com\\\/fr\\\/produit\\\/decoration-de-pierres-et-de-bois-flotte-inspired-by-nature\\\/\",\"name\":\"D\u00e9coration de pierres et de bois flott\u00e9 - Inspired by nature - SES Creative\",\"isPartOf\":{\"@id\":\"https:\\\/\\\/ses-creative.com\\\/#website\"},\"primaryImageOfPage\":{\"@id\":\"https:\\\/\\\/ses-creative.com\\\/fr\\\/produit\\\/decoration-de-pierres-et-de-bois-flotte-inspired-by-nature\\\/#primaryimage\"},\"image\":{\"@id\":\"https:\\\/\\\/ses-creative.com\\\/fr\\\/produit\\\/decoration-de-pierres-et-de-bois-flotte-inspired-by-nature\\\/#primaryimage\"},\"thumbnailUrl\":\"https:\\\/\\\/ses-creative.com\\\/wp-content\\\/uploads\\\/2026\\\/01\\\/140321.jpg\",\"datePublished\":\"2026-02-12T10:09:08+00:00\",\"dateModified\":\"2026-02-12T10:22:47+00:00\",\"breadcrumb\":{\"@id\":\"https:\\\/\\\/ses-creative.com\\\/fr\\\/produit\\\/decoration-de-pierres-et-de-bois-flotte-inspired-by-nature\\\/#breadcrumb\"},\"inLanguage\":\"fr-FR\",\"potentialAction\":[{\"@type\":\"ReadAction\",\"target\":[\"https:\\\/\\\/ses-creative.com\\\/fr\\\/produit\\\/decoration-de-pierres-et-de-bois-flotte-inspired-by-nature\\\/\"]}]},{\"@type\":\"ImageObject\",\"inLanguage\":\"fr-FR\",\"@id\":\"https:\\\/\\\/ses-creative.com\\\/fr\\\/produit\\\/decoration-de-pierres-et-de-bois-flotte-inspired-by-nature\\\/#primaryimage\",\"url\":\"https:\\\/\\\/ses-creative.com\\\/wp-content\\\/uploads\\\/2026\\\/01\\\/140321.jpg\",\"contentUrl\":\"https:\\\/\\\/ses-creative.com\\\/wp-content\\\/uploads\\\/2026\\\/01\\\/140321.jpg\",\"width\":1000,\"height\":1000},{\"@type\":\"BreadcrumbList\",\"@id\":\"https:\\\/\\\/ses-creative.com\\\/fr\\\/produit\\\/decoration-de-pierres-et-de-bois-flotte-inspired-by-nature\\\/#breadcrumb\",\"itemListElement\":[{\"@type\":\"ListItem\",\"position\":1,\"name\":\"Boutique\",\"item\":\"https:\\\/\\\/ses-creative.com\\\/fr\\\/boutique\\\/\"},{\"@type\":\"ListItem\",\"position\":2,\"name\":\"Loisirs cr\u00e9atifs\",\"item\":\"https:\\\/\\\/ses-creative.com\\\/fr\\\/product-categorie\\\/loisirs-creatifs\\\/\"},{\"@type\":\"ListItem\",\"position\":3,\"name\":\"D\u00e9coration de pierres et de bois flott\u00e9 &#8211; Inspired by nature\"}]},{\"@type\":\"WebSite\",\"@id\":\"https:\\\/\\\/ses-creative.com\\\/#website\",\"url\":\"https:\\\/\\\/ses-creative.com\\\/\",\"name\":\"SES Creative\",\"description\":\"\",\"publisher\":{\"@id\":\"https:\\\/\\\/ses-creative.com\\\/#organization\"},\"potentialAction\":[{\"@type\":\"SearchAction\",\"target\":{\"@type\":\"EntryPoint\",\"urlTemplate\":\"https:\\\/\\\/ses-creative.com\\\/?s={search_term_string}\"},\"query-input\":{\"@type\":\"PropertyValueSpecification\",\"valueRequired\":true,\"valueName\":\"search_term_string\"}}],\"inLanguage\":\"fr-FR\"},{\"@type\":\"Organization\",\"@id\":\"https:\\\/\\\/ses-creative.com\\\/#organization\",\"name\":\"SES Creative\",\"url\":\"https:\\\/\\\/ses-creative.com\\\/\",\"logo\":{\"@type\":\"ImageObject\",\"inLanguage\":\"fr-FR\",\"@id\":\"https:\\\/\\\/ses-creative.com\\\/#\\\/schema\\\/logo\\\/image\\\/\",\"url\":\"https:\\\/\\\/ses-creative.com\\\/wp-content\\\/uploads\\\/2025\\\/10\\\/ses-creative-logo.jpg\",\"contentUrl\":\"https:\\\/\\\/ses-creative.com\\\/wp-content\\\/uploads\\\/2025\\\/10\\\/ses-creative-logo.jpg\",\"width\":2037,\"height\":2037,\"caption\":\"SES Creative\"},\"image\":{\"@id\":\"https:\\\/\\\/ses-creative.com\\\/#\\\/schema\\\/logo\\\/image\\\/\"}}]}<\/script>\n<!-- \/ Yoast SEO plugin. -->","yoast_head_json":{"title":"D\u00e9coration de pierres et de bois flott\u00e9 - Inspired by nature - SES Creative","robots":{"index":"index","follow":"follow","max-snippet":"max-snippet:-1","max-image-preview":"max-image-preview:large","max-video-preview":"max-video-preview:-1"},"canonical":"https:\/\/ses-creative.com\/fr\/produit\/decoration-de-pierres-et-de-bois-flotte-inspired-by-nature\/","og_locale":"fr_FR","og_type":"article","og_title":"D\u00e9coration de pierres et de bois flott\u00e9 - Inspired by nature - SES Creative","og_description":"D\u00e9corer des pierres et du bois flott\u00e9 : cr\u00e9ez vos propres \u0153uvres d&rsquo;art naturelles ! Avec le kit D\u00e9coration de pierres et de bois flott\u00e9 de SES Creative, vous pouvez transformer des pierres et du bois flott\u00e9 en magnifiques \u0153uvres d&rsquo;art. Ce kit, inspir\u00e9 par la nature, contient tout ce dont vous avez besoin pour [&hellip;]","og_url":"https:\/\/ses-creative.com\/fr\/produit\/decoration-de-pierres-et-de-bois-flotte-inspired-by-nature\/","og_site_name":"SES Creative","article_modified_time":"2026-02-12T10:22:47+00:00","twitter_card":"summary_large_image","twitter_misc":{"Dur\u00e9e de lecture estim\u00e9e":"1 minute"},"schema":{"@context":"https:\/\/schema.org","@graph":[{"@type":"WebPage","@id":"https:\/\/ses-creative.com\/fr\/produit\/decoration-de-pierres-et-de-bois-flotte-inspired-by-nature\/","url":"https:\/\/ses-creative.com\/fr\/produit\/decoration-de-pierres-et-de-bois-flotte-inspired-by-nature\/","name":"D\u00e9coration de pierres et de bois flott\u00e9 - Inspired by nature - SES Creative","isPartOf":{"@id":"https:\/\/ses-creative.com\/#website"},"primaryImageOfPage":{"@id":"https:\/\/ses-creative.com\/fr\/produit\/decoration-de-pierres-et-de-bois-flotte-inspired-by-nature\/#primaryimage"},"image":{"@id":"https:\/\/ses-creative.com\/fr\/produit\/decoration-de-pierres-et-de-bois-flotte-inspired-by-nature\/#primaryimage"},"thumbnailUrl":"https:\/\/ses-creative.com\/wp-content\/uploads\/2026\/01\/140321.jpg","datePublished":"2026-02-12T10:09:08+00:00","dateModified":"2026-02-12T10:22:47+00:00","breadcrumb":{"@id":"https:\/\/ses-creative.com\/fr\/produit\/decoration-de-pierres-et-de-bois-flotte-inspired-by-nature\/#breadcrumb"},"inLanguage":"fr-FR","potentialAction":[{"@type":"ReadAction","target":["https:\/\/ses-creative.com\/fr\/produit\/decoration-de-pierres-et-de-bois-flotte-inspired-by-nature\/"]}]},{"@type":"ImageObject","inLanguage":"fr-FR","@id":"https:\/\/ses-creative.com\/fr\/produit\/decoration-de-pierres-et-de-bois-flotte-inspired-by-nature\/#primaryimage","url":"https:\/\/ses-creative.com\/wp-content\/uploads\/2026\/01\/140321.jpg","contentUrl":"https:\/\/ses-creative.com\/wp-content\/uploads\/2026\/01\/140321.jpg","width":1000,"height":1000},{"@type":"BreadcrumbList","@id":"https:\/\/ses-creative.com\/fr\/produit\/decoration-de-pierres-et-de-bois-flotte-inspired-by-nature\/#breadcrumb","itemListElement":[{"@type":"ListItem","position":1,"name":"Boutique","item":"https:\/\/ses-creative.com\/fr\/boutique\/"},{"@type":"ListItem","position":2,"name":"Loisirs cr\u00e9atifs","item":"https:\/\/ses-creative.com\/fr\/product-categorie\/loisirs-creatifs\/"},{"@type":"ListItem","position":3,"name":"D\u00e9coration de pierres et de bois flott\u00e9 &#8211; Inspired by nature"}]},{"@type":"WebSite","@id":"https:\/\/ses-creative.com\/#website","url":"https:\/\/ses-creative.com\/","name":"SES Creative","description":"","publisher":{"@id":"https:\/\/ses-creative.com\/#organization"},"potentialAction":[{"@type":"SearchAction","target":{"@type":"EntryPoint","urlTemplate":"https:\/\/ses-creative.com\/?s={search_term_string}"},"query-input":{"@type":"PropertyValueSpecification","valueRequired":true,"valueName":"search_term_string"}}],"inLanguage":"fr-FR"},{"@type":"Organization","@id":"https:\/\/ses-creative.com\/#organization","name":"SES Creative","url":"https:\/\/ses-creative.com\/","logo":{"@type":"ImageObject","inLanguage":"fr-FR","@id":"https:\/\/ses-creative.com\/#\/schema\/logo\/image\/","url":"https:\/\/ses-creative.com\/wp-content\/uploads\/2025\/10\/ses-creative-logo.jpg","contentUrl":"https:\/\/ses-creative.com\/wp-content\/uploads\/2025\/10\/ses-creative-logo.jpg","width":2037,"height":2037,"caption":"SES Creative"},"image":{"@id":"https:\/\/ses-creative.com\/#\/schema\/logo\/image\/"}}]}},"_links":{"self":[{"href":"https:\/\/ses-creative.com\/fr\/wp-json\/wp\/v2\/product\/118249","targetHints":{"allow":["GET"]}}],"collection":[{"href":"https:\/\/ses-creative.com\/fr\/wp-json\/wp\/v2\/product"}],"about":[{"href":"https:\/\/ses-creative.com\/fr\/wp-json\/wp\/v2\/types\/product"}],"replies":[{"embeddable":true,"href":"https:\/\/ses-creative.com\/fr\/wp-json\/wp\/v2\/comments?post=118249"}],"wp:featuredmedia":[{"embeddable":true,"href":"https:\/\/ses-creative.com\/fr\/wp-json\/wp\/v2\/media\/95156"}],"wp:attachment":[{"href":"https:\/\/ses-creative.com\/fr\/wp-json\/wp\/v2\/media?parent=118249"}],"wp:term":[{"taxonomy":"product_brand","embeddable":true,"href":"https:\/\/ses-creative.com\/fr\/wp-json\/wp\/v2\/product_brand?post=118249"},{"taxonomy":"product_cat","embeddable":true,"href":"https:\/\/ses-creative.com\/fr\/wp-json\/wp\/v2\/product_cat?post=118249"},{"taxonomy":"product_tag","embeddable":true,"href":"https:\/\/ses-creative.com\/fr\/wp-json\/wp\/v2\/product_tag?post=118249"}],"curies":[{"name":"wp","href":"https:\/\/api.w.org\/{rel}","templated":true}]}}