











{"id":118248,"date":"2026-02-12T10:09:08","date_gmt":"2026-02-12T10:09:08","guid":{"rendered":"https:\/\/ses-creative.com\/?post_type=product&#038;p=118248"},"modified":"2026-02-12T10:22:47","modified_gmt":"2026-02-12T10:22:47","slug":"bagues-et-bracelets-a-paillettes-faciles","status":"publish","type":"product","link":"https:\/\/ses-creative.com\/fr\/produit\/bagues-et-bracelets-a-paillettes-faciles\/","title":{"rendered":"Bagues et bracelets \u00e0 paillettes faciles"},"content":{"rendered":"<p>Cr\u00e9ez et portez vos propres bijoux scintillants avec le kit Easy Glitter Bagues et Bracelets de SES Creative ! Ce kit cr\u00e9atif contient tout ce dont vous avez besoin pour cr\u00e9er des bracelets et des bagues color\u00e9s, les d\u00e9corer et les porter avec fiert\u00e9. Parfait pour les jeunes cr\u00e9ateurs \u00e0 partir de 3 ans qui aiment les paillettes et la cr\u00e9ativit\u00e9.<\/p>\n<p>Ce qui rend ce kit sp\u00e9cial :<br \/>\n 3 couleurs de bracelets en mousse paillet\u00e9e &#8211; doux, confortables et \u00e9l\u00e9gants<\/p>\n<p>5 bagues en plastique rose \u2013 id\u00e9ales \u00e0 d\u00e9corer soi-m\u00eame<\/p>\n<p> Des breloques en bois et des autocollants paillet\u00e9s pour un effet scintillant<\/p>\n<p> Stimule la cr\u00e9ativit\u00e9 et la motricit\u00e9 fine<\/p>\n<p>S\u00fbr et adapt\u00e9 aux enfants \u00e0 partir de 3 ans<\/p>\n<p>Cr\u00e9ez votre propre collection scintillante<br \/>\nLes enfants choisissent eux-m\u00eames comment d\u00e9corer leurs bijoux : avec des paillettes, des breloques ou une combinaison des deux. La mousse est douce au toucher, ce qui rend les bracelets tr\u00e8s confortables \u00e0 porter. Gr\u00e2ce aux paillettes et aux d\u00e9tails color\u00e9s, chaque cr\u00e9ation a un look unique et festif.<\/p>\n<p>Contenu du set :<br \/>\n3 bracelets en mousse paillet\u00e9e de diff\u00e9rentes couleurs<\/p>\n<p>5 anneaux en plastique rose<\/p>\n<p>Autocollants paillet\u00e9s et breloques en bois<\/p>\n<p>Pourquoi choisir SES Creative ?<br \/>\nLes jouets SES Creative permettent aux enfants de d\u00e9velopper leur cr\u00e9ativit\u00e9, leur motricit\u00e9 fine et leur confiance en eux. Tous les produits sont con\u00e7us et fabriqu\u00e9s aux Pays-Bas dans le respect des normes de s\u00e9curit\u00e9 et de durabilit\u00e9, afin que les enfants puissent bricoler de mani\u00e8re responsable et ludique.<\/p>\n<p>Laissez libre cours \u00e0 votre cr\u00e9ativit\u00e9 !<br \/>\nCommandez d\u00e8s maintenant le set Easy Glitter Rings and Bracelets et d\u00e9couvrez \u00e0 quel point il est amusant de cr\u00e9er et de porter vos propres bijoux. Cr\u00e9ez, d\u00e9corez et brillez chaque jour !<\/p>\n","protected":false},"excerpt":{"rendered":"<p>Cr\u00e9ez et portez vos propres bijoux scintillants avec le kit Easy Glitter Bagues et Bracelets de SES Creative ! Ce kit cr\u00e9atif contient tout ce dont vous avez besoin pour cr\u00e9er des bracelets et des bagues color\u00e9s, les d\u00e9corer et les porter avec fiert\u00e9. Parfait pour les jeunes cr\u00e9ateurs \u00e0 partir de 3 ans qui [&hellip;]<\/p>\n","protected":false},"featured_media":101348,"comment_status":"closed","ping_status":"closed","template":"","meta":{"_acf_changed":false},"product_brand":[],"product_cat":[122],"product_tag":[],"class_list":{"0":"post-118248","1":"product","2":"type-product","3":"status-publish","4":"has-post-thumbnail","6":"product_cat-loisirs-creatifs","7":"pa_leeftijd-filter-3-4-ans","8":"pa_meest-populair-bij-garcons-filles","10":"first","11":"instock","12":"shipping-taxable","13":"product-type-simple"},"acf":[],"yoast_head":"<!-- This site is optimized with the Yoast SEO plugin v27.2 - https:\/\/yoast.com\/product\/yoast-seo-wordpress\/ -->\n<title>Bagues et bracelets \u00e0 paillettes faciles - SES Creative<\/title>\n<meta name=\"robots\" content=\"index, follow, max-snippet:-1, max-image-preview:large, max-video-preview:-1\" \/>\n<link rel=\"canonical\" href=\"https:\/\/ses-creative.com\/fr\/produit\/bagues-et-bracelets-a-paillettes-faciles\/\" \/>\n<meta property=\"og:locale\" content=\"fr_FR\" \/>\n<meta property=\"og:type\" content=\"article\" \/>\n<meta property=\"og:title\" content=\"Bagues et bracelets \u00e0 paillettes faciles - SES Creative\" \/>\n<meta property=\"og:description\" content=\"Cr\u00e9ez et portez vos propres bijoux scintillants avec le kit Easy Glitter Bagues et Bracelets de SES Creative ! Ce kit cr\u00e9atif contient tout ce dont vous avez besoin pour cr\u00e9er des bracelets et des bagues color\u00e9s, les d\u00e9corer et les porter avec fiert\u00e9. Parfait pour les jeunes cr\u00e9ateurs \u00e0 partir de 3 ans qui [&hellip;]\" \/>\n<meta property=\"og:url\" content=\"https:\/\/ses-creative.com\/fr\/produit\/bagues-et-bracelets-a-paillettes-faciles\/\" \/>\n<meta property=\"og:site_name\" content=\"SES Creative\" \/>\n<meta property=\"article:modified_time\" content=\"2026-02-12T10:22:47+00:00\" \/>\n<meta name=\"twitter:card\" content=\"summary_large_image\" \/>\n<meta name=\"twitter:label1\" content=\"Dur\u00e9e de lecture estim\u00e9e\" \/>\n\t<meta name=\"twitter:data1\" content=\"2 minutes\" \/>\n<script type=\"application\/ld+json\" class=\"yoast-schema-graph\">{\"@context\":\"https:\/\/schema.org\",\"@graph\":[{\"@type\":\"WebPage\",\"@id\":\"https:\/\/ses-creative.com\/fr\/produit\/bagues-et-bracelets-a-paillettes-faciles\/\",\"url\":\"https:\/\/ses-creative.com\/fr\/produit\/bagues-et-bracelets-a-paillettes-faciles\/\",\"name\":\"Bagues et bracelets \u00e0 paillettes faciles - SES Creative\",\"isPartOf\":{\"@id\":\"https:\/\/ses-creative.com\/#website\"},\"primaryImageOfPage\":{\"@id\":\"https:\/\/ses-creative.com\/fr\/produit\/bagues-et-bracelets-a-paillettes-faciles\/#primaryimage\"},\"image\":{\"@id\":\"https:\/\/ses-creative.com\/fr\/produit\/bagues-et-bracelets-a-paillettes-faciles\/#primaryimage\"},\"thumbnailUrl\":\"https:\/\/ses-creative.com\/wp-content\/uploads\/2026\/01\/140281.jpg\",\"datePublished\":\"2026-02-12T10:09:08+00:00\",\"dateModified\":\"2026-02-12T10:22:47+00:00\",\"breadcrumb\":{\"@id\":\"https:\/\/ses-creative.com\/fr\/produit\/bagues-et-bracelets-a-paillettes-faciles\/#breadcrumb\"},\"inLanguage\":\"fr-FR\",\"potentialAction\":[{\"@type\":\"ReadAction\",\"target\":[\"https:\/\/ses-creative.com\/fr\/produit\/bagues-et-bracelets-a-paillettes-faciles\/\"]}]},{\"@type\":\"ImageObject\",\"inLanguage\":\"fr-FR\",\"@id\":\"https:\/\/ses-creative.com\/fr\/produit\/bagues-et-bracelets-a-paillettes-faciles\/#primaryimage\",\"url\":\"https:\/\/ses-creative.com\/wp-content\/uploads\/2026\/01\/140281.jpg\",\"contentUrl\":\"https:\/\/ses-creative.com\/wp-content\/uploads\/2026\/01\/140281.jpg\",\"width\":1000,\"height\":1000},{\"@type\":\"BreadcrumbList\",\"@id\":\"https:\/\/ses-creative.com\/fr\/produit\/bagues-et-bracelets-a-paillettes-faciles\/#breadcrumb\",\"itemListElement\":[{\"@type\":\"ListItem\",\"position\":1,\"name\":\"Boutique\",\"item\":\"https:\/\/ses-creative.com\/fr\/boutique\/\"},{\"@type\":\"ListItem\",\"position\":2,\"name\":\"Loisirs cr\u00e9atifs\",\"item\":\"https:\/\/ses-creative.com\/fr\/product-categorie\/loisirs-creatifs\/\"},{\"@type\":\"ListItem\",\"position\":3,\"name\":\"Bagues et bracelets \u00e0 paillettes faciles\"}]},{\"@type\":\"WebSite\",\"@id\":\"https:\/\/ses-creative.com\/#website\",\"url\":\"https:\/\/ses-creative.com\/\",\"name\":\"SES Creative\",\"description\":\"\",\"publisher\":{\"@id\":\"https:\/\/ses-creative.com\/#organization\"},\"potentialAction\":[{\"@type\":\"SearchAction\",\"target\":{\"@type\":\"EntryPoint\",\"urlTemplate\":\"https:\/\/ses-creative.com\/?s={search_term_string}\"},\"query-input\":{\"@type\":\"PropertyValueSpecification\",\"valueRequired\":true,\"valueName\":\"search_term_string\"}}],\"inLanguage\":\"fr-FR\"},{\"@type\":\"Organization\",\"@id\":\"https:\/\/ses-creative.com\/#organization\",\"name\":\"SES Creative\",\"url\":\"https:\/\/ses-creative.com\/\",\"logo\":{\"@type\":\"ImageObject\",\"inLanguage\":\"fr-FR\",\"@id\":\"https:\/\/ses-creative.com\/#\/schema\/logo\/image\/\",\"url\":\"https:\/\/ses-creative.com\/wp-content\/uploads\/2025\/10\/ses-creative-logo.jpg\",\"contentUrl\":\"https:\/\/ses-creative.com\/wp-content\/uploads\/2025\/10\/ses-creative-logo.jpg\",\"width\":2037,\"height\":2037,\"caption\":\"SES Creative\"},\"image\":{\"@id\":\"https:\/\/ses-creative.com\/#\/schema\/logo\/image\/\"}}]}<\/script>\n<!-- \/ Yoast SEO plugin. -->","yoast_head_json":{"title":"Bagues et bracelets \u00e0 paillettes faciles - SES Creative","robots":{"index":"index","follow":"follow","max-snippet":"max-snippet:-1","max-image-preview":"max-image-preview:large","max-video-preview":"max-video-preview:-1"},"canonical":"https:\/\/ses-creative.com\/fr\/produit\/bagues-et-bracelets-a-paillettes-faciles\/","og_locale":"fr_FR","og_type":"article","og_title":"Bagues et bracelets \u00e0 paillettes faciles - SES Creative","og_description":"Cr\u00e9ez et portez vos propres bijoux scintillants avec le kit Easy Glitter Bagues et Bracelets de SES Creative ! Ce kit cr\u00e9atif contient tout ce dont vous avez besoin pour cr\u00e9er des bracelets et des bagues color\u00e9s, les d\u00e9corer et les porter avec fiert\u00e9. Parfait pour les jeunes cr\u00e9ateurs \u00e0 partir de 3 ans qui [&hellip;]","og_url":"https:\/\/ses-creative.com\/fr\/produit\/bagues-et-bracelets-a-paillettes-faciles\/","og_site_name":"SES Creative","article_modified_time":"2026-02-12T10:22:47+00:00","twitter_card":"summary_large_image","twitter_misc":{"Dur\u00e9e de lecture estim\u00e9e":"2 minutes"},"schema":{"@context":"https:\/\/schema.org","@graph":[{"@type":"WebPage","@id":"https:\/\/ses-creative.com\/fr\/produit\/bagues-et-bracelets-a-paillettes-faciles\/","url":"https:\/\/ses-creative.com\/fr\/produit\/bagues-et-bracelets-a-paillettes-faciles\/","name":"Bagues et bracelets \u00e0 paillettes faciles - SES Creative","isPartOf":{"@id":"https:\/\/ses-creative.com\/#website"},"primaryImageOfPage":{"@id":"https:\/\/ses-creative.com\/fr\/produit\/bagues-et-bracelets-a-paillettes-faciles\/#primaryimage"},"image":{"@id":"https:\/\/ses-creative.com\/fr\/produit\/bagues-et-bracelets-a-paillettes-faciles\/#primaryimage"},"thumbnailUrl":"https:\/\/ses-creative.com\/wp-content\/uploads\/2026\/01\/140281.jpg","datePublished":"2026-02-12T10:09:08+00:00","dateModified":"2026-02-12T10:22:47+00:00","breadcrumb":{"@id":"https:\/\/ses-creative.com\/fr\/produit\/bagues-et-bracelets-a-paillettes-faciles\/#breadcrumb"},"inLanguage":"fr-FR","potentialAction":[{"@type":"ReadAction","target":["https:\/\/ses-creative.com\/fr\/produit\/bagues-et-bracelets-a-paillettes-faciles\/"]}]},{"@type":"ImageObject","inLanguage":"fr-FR","@id":"https:\/\/ses-creative.com\/fr\/produit\/bagues-et-bracelets-a-paillettes-faciles\/#primaryimage","url":"https:\/\/ses-creative.com\/wp-content\/uploads\/2026\/01\/140281.jpg","contentUrl":"https:\/\/ses-creative.com\/wp-content\/uploads\/2026\/01\/140281.jpg","width":1000,"height":1000},{"@type":"BreadcrumbList","@id":"https:\/\/ses-creative.com\/fr\/produit\/bagues-et-bracelets-a-paillettes-faciles\/#breadcrumb","itemListElement":[{"@type":"ListItem","position":1,"name":"Boutique","item":"https:\/\/ses-creative.com\/fr\/boutique\/"},{"@type":"ListItem","position":2,"name":"Loisirs cr\u00e9atifs","item":"https:\/\/ses-creative.com\/fr\/product-categorie\/loisirs-creatifs\/"},{"@type":"ListItem","position":3,"name":"Bagues et bracelets \u00e0 paillettes faciles"}]},{"@type":"WebSite","@id":"https:\/\/ses-creative.com\/#website","url":"https:\/\/ses-creative.com\/","name":"SES Creative","description":"","publisher":{"@id":"https:\/\/ses-creative.com\/#organization"},"potentialAction":[{"@type":"SearchAction","target":{"@type":"EntryPoint","urlTemplate":"https:\/\/ses-creative.com\/?s={search_term_string}"},"query-input":{"@type":"PropertyValueSpecification","valueRequired":true,"valueName":"search_term_string"}}],"inLanguage":"fr-FR"},{"@type":"Organization","@id":"https:\/\/ses-creative.com\/#organization","name":"SES Creative","url":"https:\/\/ses-creative.com\/","logo":{"@type":"ImageObject","inLanguage":"fr-FR","@id":"https:\/\/ses-creative.com\/#\/schema\/logo\/image\/","url":"https:\/\/ses-creative.com\/wp-content\/uploads\/2025\/10\/ses-creative-logo.jpg","contentUrl":"https:\/\/ses-creative.com\/wp-content\/uploads\/2025\/10\/ses-creative-logo.jpg","width":2037,"height":2037,"caption":"SES Creative"},"image":{"@id":"https:\/\/ses-creative.com\/#\/schema\/logo\/image\/"}}]}},"_links":{"self":[{"href":"https:\/\/ses-creative.com\/fr\/wp-json\/wp\/v2\/product\/118248","targetHints":{"allow":["GET"]}}],"collection":[{"href":"https:\/\/ses-creative.com\/fr\/wp-json\/wp\/v2\/product"}],"about":[{"href":"https:\/\/ses-creative.com\/fr\/wp-json\/wp\/v2\/types\/product"}],"replies":[{"embeddable":true,"href":"https:\/\/ses-creative.com\/fr\/wp-json\/wp\/v2\/comments?post=118248"}],"wp:featuredmedia":[{"embeddable":true,"href":"https:\/\/ses-creative.com\/fr\/wp-json\/wp\/v2\/media\/101348"}],"wp:attachment":[{"href":"https:\/\/ses-creative.com\/fr\/wp-json\/wp\/v2\/media?parent=118248"}],"wp:term":[{"taxonomy":"product_brand","embeddable":true,"href":"https:\/\/ses-creative.com\/fr\/wp-json\/wp\/v2\/product_brand?post=118248"},{"taxonomy":"product_cat","embeddable":true,"href":"https:\/\/ses-creative.com\/fr\/wp-json\/wp\/v2\/product_cat?post=118248"},{"taxonomy":"product_tag","embeddable":true,"href":"https:\/\/ses-creative.com\/fr\/wp-json\/wp\/v2\/product_tag?post=118248"}],"curies":[{"name":"wp","href":"https:\/\/api.w.org\/{rel}","templated":true}]}}